{"id":10402,"date":"2020-06-10T13:14:31","date_gmt":"2020-06-10T13:14:31","guid":{"rendered":"https:\/\/pornmate.com\/?page_id=10402"},"modified":"2022-11-24T12:38:24","modified_gmt":"2022-11-24T11:38:24","slug":"publicagent","status":"publish","type":"page","link":"https:\/\/pornmate.com\/de\/publicagent","title":{"rendered":"PublicAgent"},"content":{"rendered":"<p>PublicAgent.com bietet einen einzigartigen Ansatz f\u00fcr die Pornoproduktion. Wie viele andere Premium-Websites f\u00fcr Freundinnen bietet sie einige der hei\u00dfesten und sexiesten M\u00e4dchen der Branche. Wie der Name schon sagt, zeigen ihre Videos jedoch immer Agenten, die auf der Suche nach promiskuitiven Sch\u00f6nheiten durch die Stra\u00dfen streifen, die bereit sind, sich f\u00fcr Geld schmutzig zu machen. Es f\u00fcgt eine Ebene von Realismus hinzu, um es \u00fcberzeugender zu machen. Von zierlichen Asiatinnen bis hin zu blassen Rothaarigen beginnen viele M\u00e4dchen zun\u00e4chst sch\u00fcchtern und ver\u00e4chtlich, geben aber schnell nach und fallen auf die Knie, wenn viel Geld hineingeworfen wird. Von schlampigen Blowjobs bis hin zu kraftvollem Eierpacken, diese Babes bei PublicAgent.com verwandeln sich in Minuten in geile Schlampen. Die Seite selbst sieht elegant und modern aus. Der ganze Fokus liegt auf dem Inhalt. Die Zielseite ist voll von auff\u00e4lligen Miniaturansichten, \u00fcber die Sie den Mauszeiger bewegen k\u00f6nnen, um einen Blick auf das Video zu werfen. Wenn Ihnen gef\u00e4llt, was Sie sehen, k\u00f6nnen Sie alles zwei Tage lang f\u00fcr nur 1,00 $ ausprobieren. Dar\u00fcber hinaus ist PublicAgent.com Teil eines gr\u00f6\u00dferen Netzwerks, das Ihnen Zugriff auf FakeTaxi, FakeHoster, FakeDrivingSchool und mehr bietet.<\/p>\n","protected":false},"excerpt":{"rendered":"<p>PublicAgent.com bietet einen einzigartigen Ansatz f\u00fcr die Pornoproduktion. Wie viele andere Premium-Websites f\u00fcr Freundinnen bietet sie einige der hei\u00dfesten und sexiesten M\u00e4dchen der Branche. Wie der Name schon sagt, zeigen ihre Videos jedoch immer Agenten, die auf der Suche nach promiskuitiven Sch\u00f6nheiten durch die Stra\u00dfen streifen, die bereit sind, sich f\u00fcr Geld schmutzig zu machen. [&hellip;]<\/p>\n","protected":false},"author":1,"featured_media":0,"parent":0,"menu_order":0,"comment_status":"closed","ping_status":"closed","template":"page-star-stil.php","meta":{"footnotes":""},"class_list":["post-10402","page","type-page","status-publish","hentry"],"yoast_head":"<!-- This site is optimized with the Yoast SEO plugin v27.2 - https:\/\/yoast.com\/product\/yoast-seo-wordpress\/ -->\n<title>PublicAgent und Liste der besten Pornoseiten | PornMate<\/title>\n<meta name=\"description\" content=\"PublicAgent.com is a premium porn site offering the most beautiful babes going down and dirty, usually in public. Innocent ladies get all hot and horny after being offered cash, so they end up giving blowjobs and being dicked down.\" \/>\n<meta name=\"robots\" content=\"index, follow, max-snippet:-1, max-image-preview:large, max-video-preview:-1\" \/>\n<link rel=\"canonical\" href=\"https:\/\/pornmate.com\/de\/publicagent\" \/>\n<meta property=\"og:locale\" content=\"de_DE\" \/>\n<meta property=\"og:type\" content=\"article\" \/>\n<meta property=\"og:title\" content=\"PublicAgent und Liste der besten Pornoseiten | PornMate\" \/>\n<meta property=\"og:description\" content=\"PublicAgent.com is a premium porn site offering the most beautiful babes going down and dirty, usually in public. Innocent ladies get all hot and horny after being offered cash, so they end up giving blowjobs and being dicked down.\" \/>\n<meta property=\"og:url\" content=\"https:\/\/pornmate.com\/de\/publicagent\" \/>\n<meta property=\"og:site_name\" content=\"Besten Pornoseiten - Kostenlose Deutsche Pornos | PornMate.com\" \/>\n<meta property=\"article:modified_time\" content=\"2022-11-24T11:38:24+00:00\" \/>\n<meta name=\"twitter:card\" content=\"summary_large_image\" \/>\n<meta name=\"twitter:label1\" content=\"Gesch\u00e4tzte Lesezeit\" \/>\n\t<meta name=\"twitter:data1\" content=\"2\u00a0Minuten\" \/>\n<script type=\"application\/ld+json\" class=\"yoast-schema-graph\">{\"@context\":\"https:\/\/schema.org\",\"@graph\":[{\"@type\":\"WebPage\",\"@id\":\"https:\/\/pornmate.com\/de\/publicagent\",\"url\":\"https:\/\/pornmate.com\/de\/publicagent\",\"name\":\"PublicAgent und Liste der besten Pornoseiten | PornMate\",\"isPartOf\":{\"@id\":\"https:\/\/pornmate.com\/de\/#website\"},\"datePublished\":\"2020-06-10T13:14:31+00:00\",\"dateModified\":\"2022-11-24T11:38:24+00:00\",\"description\":\"PublicAgent.com is a premium porn site offering the most beautiful babes going down and dirty, usually in public. Innocent ladies get all hot and horny after being offered cash, so they end up giving blowjobs and being dicked down.\",\"breadcrumb\":{\"@id\":\"https:\/\/pornmate.com\/de\/publicagent#breadcrumb\"},\"inLanguage\":\"de\",\"potentialAction\":[{\"@type\":\"ReadAction\",\"target\":[\"https:\/\/pornmate.com\/de\/publicagent\"]}]},{\"@type\":\"BreadcrumbList\",\"@id\":\"https:\/\/pornmate.com\/de\/publicagent#breadcrumb\",\"itemListElement\":[{\"@type\":\"ListItem\",\"position\":1,\"name\":\"Startseite\",\"item\":\"https:\/\/pornmate.com\/de\"},{\"@type\":\"ListItem\",\"position\":2,\"name\":\"PublicAgent\"}]},{\"@type\":\"WebSite\",\"@id\":\"https:\/\/pornmate.com\/de\/#website\",\"url\":\"https:\/\/pornmate.com\/de\/\",\"name\":\"Besten Pornoseiten - Kostenlose Deutsche Pornos | PornMate.com\",\"description\":\"Kostenlose Pornos, ist Ihr Combo-Verzeichnis der besten gratis Pornoseiten, die Sie finden k\u00f6nnen, und das fantastische Seitenbewertungen, Kostenlose Deutsche sex Biografien von Pornostars und ihre xxx Freie Porno videos unter einem Dach pr\u00e4sentiert.\",\"publisher\":{\"@id\":\"https:\/\/pornmate.com\/de\/#organization\"},\"potentialAction\":[{\"@type\":\"SearchAction\",\"target\":{\"@type\":\"EntryPoint\",\"urlTemplate\":\"https:\/\/pornmate.com\/de\/?s={search_term_string}\"},\"query-input\":{\"@type\":\"PropertyValueSpecification\",\"valueRequired\":true,\"valueName\":\"search_term_string\"}}],\"inLanguage\":\"de\"},{\"@type\":\"Organization\",\"@id\":\"https:\/\/pornmate.com\/de\/#organization\",\"name\":\"Besten Pornoseiten - Kostenlose Deutsche Pornos | PornMate.com\",\"url\":\"https:\/\/pornmate.com\/de\/\",\"logo\":{\"@type\":\"ImageObject\",\"inLanguage\":\"de\",\"@id\":\"https:\/\/pornmate.com\/de\/#\/schema\/logo\/image\/\",\"url\":\"https:\/\/pornmate.com\/de\/wp-content\/uploads\/2022\/11\/pornmate-1.png\",\"contentUrl\":\"https:\/\/pornmate.com\/de\/wp-content\/uploads\/2022\/11\/pornmate-1.png\",\"width\":203,\"height\":200,\"caption\":\"Besten Pornoseiten - Kostenlose Deutsche Pornos | PornMate.com\"},\"image\":{\"@id\":\"https:\/\/pornmate.com\/de\/#\/schema\/logo\/image\/\"}}]}<\/script>\n<!-- \/ Yoast SEO plugin. -->","yoast_head_json":{"title":"PublicAgent und Liste der besten Pornoseiten | PornMate","description":"PublicAgent.com is a premium porn site offering the most beautiful babes going down and dirty, usually in public. Innocent ladies get all hot and horny after being offered cash, so they end up giving blowjobs and being dicked down.","robots":{"index":"index","follow":"follow","max-snippet":"max-snippet:-1","max-image-preview":"max-image-preview:large","max-video-preview":"max-video-preview:-1"},"canonical":"https:\/\/pornmate.com\/de\/publicagent","og_locale":"de_DE","og_type":"article","og_title":"PublicAgent und Liste der besten Pornoseiten | PornMate","og_description":"PublicAgent.com is a premium porn site offering the most beautiful babes going down and dirty, usually in public. Innocent ladies get all hot and horny after being offered cash, so they end up giving blowjobs and being dicked down.","og_url":"https:\/\/pornmate.com\/de\/publicagent","og_site_name":"Besten Pornoseiten - Kostenlose Deutsche Pornos | PornMate.com","article_modified_time":"2022-11-24T11:38:24+00:00","twitter_card":"summary_large_image","twitter_misc":{"Gesch\u00e4tzte Lesezeit":"2\u00a0Minuten"},"schema":{"@context":"https:\/\/schema.org","@graph":[{"@type":"WebPage","@id":"https:\/\/pornmate.com\/de\/publicagent","url":"https:\/\/pornmate.com\/de\/publicagent","name":"PublicAgent und Liste der besten Pornoseiten | PornMate","isPartOf":{"@id":"https:\/\/pornmate.com\/de\/#website"},"datePublished":"2020-06-10T13:14:31+00:00","dateModified":"2022-11-24T11:38:24+00:00","description":"PublicAgent.com is a premium porn site offering the most beautiful babes going down and dirty, usually in public. Innocent ladies get all hot and horny after being offered cash, so they end up giving blowjobs and being dicked down.","breadcrumb":{"@id":"https:\/\/pornmate.com\/de\/publicagent#breadcrumb"},"inLanguage":"de","potentialAction":[{"@type":"ReadAction","target":["https:\/\/pornmate.com\/de\/publicagent"]}]},{"@type":"BreadcrumbList","@id":"https:\/\/pornmate.com\/de\/publicagent#breadcrumb","itemListElement":[{"@type":"ListItem","position":1,"name":"Startseite","item":"https:\/\/pornmate.com\/de"},{"@type":"ListItem","position":2,"name":"PublicAgent"}]},{"@type":"WebSite","@id":"https:\/\/pornmate.com\/de\/#website","url":"https:\/\/pornmate.com\/de\/","name":"Besten Pornoseiten - Kostenlose Deutsche Pornos | PornMate.com","description":"Kostenlose Pornos, ist Ihr Combo-Verzeichnis der besten gratis Pornoseiten, die Sie finden k\u00f6nnen, und das fantastische Seitenbewertungen, Kostenlose Deutsche sex Biografien von Pornostars und ihre xxx Freie Porno videos unter einem Dach pr\u00e4sentiert.","publisher":{"@id":"https:\/\/pornmate.com\/de\/#organization"},"potentialAction":[{"@type":"SearchAction","target":{"@type":"EntryPoint","urlTemplate":"https:\/\/pornmate.com\/de\/?s={search_term_string}"},"query-input":{"@type":"PropertyValueSpecification","valueRequired":true,"valueName":"search_term_string"}}],"inLanguage":"de"},{"@type":"Organization","@id":"https:\/\/pornmate.com\/de\/#organization","name":"Besten Pornoseiten - Kostenlose Deutsche Pornos | PornMate.com","url":"https:\/\/pornmate.com\/de\/","logo":{"@type":"ImageObject","inLanguage":"de","@id":"https:\/\/pornmate.com\/de\/#\/schema\/logo\/image\/","url":"https:\/\/pornmate.com\/de\/wp-content\/uploads\/2022\/11\/pornmate-1.png","contentUrl":"https:\/\/pornmate.com\/de\/wp-content\/uploads\/2022\/11\/pornmate-1.png","width":203,"height":200,"caption":"Besten Pornoseiten - Kostenlose Deutsche Pornos | PornMate.com"},"image":{"@id":"https:\/\/pornmate.com\/de\/#\/schema\/logo\/image\/"}}]}},"_links":{"self":[{"href":"https:\/\/pornmate.com\/de\/wp-json\/wp\/v2\/pages\/10402","targetHints":{"allow":["GET"]}}],"collection":[{"href":"https:\/\/pornmate.com\/de\/wp-json\/wp\/v2\/pages"}],"about":[{"href":"https:\/\/pornmate.com\/de\/wp-json\/wp\/v2\/types\/page"}],"author":[{"embeddable":true,"href":"https:\/\/pornmate.com\/de\/wp-json\/wp\/v2\/users\/1"}],"replies":[{"embeddable":true,"href":"https:\/\/pornmate.com\/de\/wp-json\/wp\/v2\/comments?post=10402"}],"version-history":[{"count":0,"href":"https:\/\/pornmate.com\/de\/wp-json\/wp\/v2\/pages\/10402\/revisions"}],"wp:attachment":[{"href":"https:\/\/pornmate.com\/de\/wp-json\/wp\/v2\/media?parent=10402"}],"curies":[{"name":"wp","href":"https:\/\/api.w.org\/{rel}","templated":true}]}}