{"id":10406,"date":"2020-06-10T13:21:13","date_gmt":"2020-06-10T13:21:13","guid":{"rendered":"https:\/\/pornmate.com\/?page_id=10406"},"modified":"2022-11-24T12:39:39","modified_gmt":"2022-11-24T11:39:39","slug":"fakeagent","status":"publish","type":"page","link":"https:\/\/pornmate.com\/de\/fakeagent","title":{"rendered":"FakeAgent"},"content":{"rendered":"<p>FakeAgent.com zielt darauf ab, den Eintritt von M\u00e4dchen in die Pornoindustrie darzustellen. Und es erkl\u00e4rt es ganz sch\u00f6n. Unschuldig und jung gehen sie zum Vorstellungsgespr\u00e4ch, ohne zu ahnen, was passieren wird. Die Dinge beginnen langsam, da sich die M\u00e4dchen mit der Zeit wohler f\u00fchlen, bevor sie sich f\u00fcr die Kamera ausziehen und \u00c4rger mit dem Agenten bekommen, der sie interviewt. Die Pr\u00e4misse ist extrem hei\u00df, sodass jedes Video auf FakeAgent.com angenehm anzusehen ist. Kombinieren Sie das mit der Tatsache, dass die meisten dieser M\u00e4dchen Anf\u00e4ngerinnen sind, also sehen Sie, wie sie von sch\u00fcchternen Lieblingen zu schwanzhungrigen Huren werden, und Sie haben eine Gewinnkombination. Auf der Seite, die erscheint, wenn Sie die Website \u00f6ffnen, gibt es Miniaturansichten, die diese wunderbaren Gesichter zeigen, und wenn Sie die Maus bewegen, k\u00f6nnen Sie die Vorschau des Videos sehen. In einigen alten Clips ist m\u00f6glicherweise Ihr Lieblingspornostar zu sehen, damit Sie sich ihre ersten Schritte ansehen k\u00f6nnen, um die Sch\u00f6nheit zu werden, die sie heute ist. Dar\u00fcber hinaus geh\u00f6rt es zu einem Netzwerk von Websites, die f\u00fcr jedermann zug\u00e4nglich sind, wie FakeAgent.com, PublicAgent, FakeTaxi, FakeHoster und mehr.<\/p>\n","protected":false},"excerpt":{"rendered":"<p>FakeAgent.com zielt darauf ab, den Eintritt von M\u00e4dchen in die Pornoindustrie darzustellen. Und es erkl\u00e4rt es ganz sch\u00f6n. Unschuldig und jung gehen sie zum Vorstellungsgespr\u00e4ch, ohne zu ahnen, was passieren wird. Die Dinge beginnen langsam, da sich die M\u00e4dchen mit der Zeit wohler f\u00fchlen, bevor sie sich f\u00fcr die Kamera ausziehen und \u00c4rger mit dem [&hellip;]<\/p>\n","protected":false},"author":1,"featured_media":0,"parent":0,"menu_order":0,"comment_status":"closed","ping_status":"closed","template":"page-star-stil.php","meta":{"footnotes":""},"class_list":["post-10406","page","type-page","status-publish","hentry"],"yoast_head":"<!-- This site is optimized with the Yoast SEO plugin v27.2 - https:\/\/yoast.com\/product\/yoast-seo-wordpress\/ -->\n<title>FakeAgent und Liste der besten Pornoseiten | PornMate<\/title>\n<meta name=\"description\" content=\"FakeAgent.com zielt darauf ab, den Eintritt von M\u00e4dchen in die Pornoindustrie darzustellen. Und es erkl\u00e4rt es ganz sch\u00f6n. Unschuldig und jung gehen sie zum Vorstellungsgespr\u00e4ch, ohne zu ahnen, was passieren wird. Die Dinge beginnen langsam, da sich die M\u00e4dchen mit der Zeit wohler f\u00fchlen, bevor sie sich f\u00fcr die Kamera ausziehen und \u00c4rger mit dem Agenten bekommen, der sie interviewt.\" \/>\n<meta name=\"robots\" content=\"index, follow, max-snippet:-1, max-image-preview:large, max-video-preview:-1\" \/>\n<link rel=\"canonical\" href=\"https:\/\/pornmate.com\/de\/fakeagent\" \/>\n<meta property=\"og:locale\" content=\"de_DE\" \/>\n<meta property=\"og:type\" content=\"article\" \/>\n<meta property=\"og:title\" content=\"FakeAgent und Liste der besten Pornoseiten | PornMate\" \/>\n<meta property=\"og:description\" content=\"FakeAgent.com zielt darauf ab, den Eintritt von M\u00e4dchen in die Pornoindustrie darzustellen. Und es erkl\u00e4rt es ganz sch\u00f6n. Unschuldig und jung gehen sie zum Vorstellungsgespr\u00e4ch, ohne zu ahnen, was passieren wird. Die Dinge beginnen langsam, da sich die M\u00e4dchen mit der Zeit wohler f\u00fchlen, bevor sie sich f\u00fcr die Kamera ausziehen und \u00c4rger mit dem Agenten bekommen, der sie interviewt.\" \/>\n<meta property=\"og:url\" content=\"https:\/\/pornmate.com\/de\/fakeagent\" \/>\n<meta property=\"og:site_name\" content=\"Besten Pornoseiten - Kostenlose Deutsche Pornos | PornMate.com\" \/>\n<meta property=\"article:modified_time\" content=\"2022-11-24T11:39:39+00:00\" \/>\n<meta name=\"twitter:card\" content=\"summary_large_image\" \/>\n<meta name=\"twitter:label1\" content=\"Gesch\u00e4tzte Lesezeit\" \/>\n\t<meta name=\"twitter:data1\" content=\"2\u00a0Minuten\" \/>\n<script type=\"application\/ld+json\" class=\"yoast-schema-graph\">{\"@context\":\"https:\/\/schema.org\",\"@graph\":[{\"@type\":\"WebPage\",\"@id\":\"https:\/\/pornmate.com\/de\/fakeagent\",\"url\":\"https:\/\/pornmate.com\/de\/fakeagent\",\"name\":\"FakeAgent und Liste der besten Pornoseiten | PornMate\",\"isPartOf\":{\"@id\":\"https:\/\/pornmate.com\/de\/#website\"},\"datePublished\":\"2020-06-10T13:21:13+00:00\",\"dateModified\":\"2022-11-24T11:39:39+00:00\",\"description\":\"FakeAgent.com zielt darauf ab, den Eintritt von M\u00e4dchen in die Pornoindustrie darzustellen. Und es erkl\u00e4rt es ganz sch\u00f6n. Unschuldig und jung gehen sie zum Vorstellungsgespr\u00e4ch, ohne zu ahnen, was passieren wird. Die Dinge beginnen langsam, da sich die M\u00e4dchen mit der Zeit wohler f\u00fchlen, bevor sie sich f\u00fcr die Kamera ausziehen und \u00c4rger mit dem Agenten bekommen, der sie interviewt.\",\"breadcrumb\":{\"@id\":\"https:\/\/pornmate.com\/de\/fakeagent#breadcrumb\"},\"inLanguage\":\"de\",\"potentialAction\":[{\"@type\":\"ReadAction\",\"target\":[\"https:\/\/pornmate.com\/de\/fakeagent\"]}]},{\"@type\":\"BreadcrumbList\",\"@id\":\"https:\/\/pornmate.com\/de\/fakeagent#breadcrumb\",\"itemListElement\":[{\"@type\":\"ListItem\",\"position\":1,\"name\":\"Startseite\",\"item\":\"https:\/\/pornmate.com\/de\"},{\"@type\":\"ListItem\",\"position\":2,\"name\":\"FakeAgent\"}]},{\"@type\":\"WebSite\",\"@id\":\"https:\/\/pornmate.com\/de\/#website\",\"url\":\"https:\/\/pornmate.com\/de\/\",\"name\":\"Besten Pornoseiten - Kostenlose Deutsche Pornos | PornMate.com\",\"description\":\"Kostenlose Pornos, ist Ihr Combo-Verzeichnis der besten gratis Pornoseiten, die Sie finden k\u00f6nnen, und das fantastische Seitenbewertungen, Kostenlose Deutsche sex Biografien von Pornostars und ihre xxx Freie Porno videos unter einem Dach pr\u00e4sentiert.\",\"publisher\":{\"@id\":\"https:\/\/pornmate.com\/de\/#organization\"},\"potentialAction\":[{\"@type\":\"SearchAction\",\"target\":{\"@type\":\"EntryPoint\",\"urlTemplate\":\"https:\/\/pornmate.com\/de\/?s={search_term_string}\"},\"query-input\":{\"@type\":\"PropertyValueSpecification\",\"valueRequired\":true,\"valueName\":\"search_term_string\"}}],\"inLanguage\":\"de\"},{\"@type\":\"Organization\",\"@id\":\"https:\/\/pornmate.com\/de\/#organization\",\"name\":\"Besten Pornoseiten - Kostenlose Deutsche Pornos | PornMate.com\",\"url\":\"https:\/\/pornmate.com\/de\/\",\"logo\":{\"@type\":\"ImageObject\",\"inLanguage\":\"de\",\"@id\":\"https:\/\/pornmate.com\/de\/#\/schema\/logo\/image\/\",\"url\":\"https:\/\/pornmate.com\/de\/wp-content\/uploads\/2022\/11\/pornmate-1.png\",\"contentUrl\":\"https:\/\/pornmate.com\/de\/wp-content\/uploads\/2022\/11\/pornmate-1.png\",\"width\":203,\"height\":200,\"caption\":\"Besten Pornoseiten - Kostenlose Deutsche Pornos | PornMate.com\"},\"image\":{\"@id\":\"https:\/\/pornmate.com\/de\/#\/schema\/logo\/image\/\"}}]}<\/script>\n<!-- \/ Yoast SEO plugin. -->","yoast_head_json":{"title":"FakeAgent und Liste der besten Pornoseiten | PornMate","description":"FakeAgent.com zielt darauf ab, den Eintritt von M\u00e4dchen in die Pornoindustrie darzustellen. Und es erkl\u00e4rt es ganz sch\u00f6n. Unschuldig und jung gehen sie zum Vorstellungsgespr\u00e4ch, ohne zu ahnen, was passieren wird. Die Dinge beginnen langsam, da sich die M\u00e4dchen mit der Zeit wohler f\u00fchlen, bevor sie sich f\u00fcr die Kamera ausziehen und \u00c4rger mit dem Agenten bekommen, der sie interviewt.","robots":{"index":"index","follow":"follow","max-snippet":"max-snippet:-1","max-image-preview":"max-image-preview:large","max-video-preview":"max-video-preview:-1"},"canonical":"https:\/\/pornmate.com\/de\/fakeagent","og_locale":"de_DE","og_type":"article","og_title":"FakeAgent und Liste der besten Pornoseiten | PornMate","og_description":"FakeAgent.com zielt darauf ab, den Eintritt von M\u00e4dchen in die Pornoindustrie darzustellen. Und es erkl\u00e4rt es ganz sch\u00f6n. Unschuldig und jung gehen sie zum Vorstellungsgespr\u00e4ch, ohne zu ahnen, was passieren wird. Die Dinge beginnen langsam, da sich die M\u00e4dchen mit der Zeit wohler f\u00fchlen, bevor sie sich f\u00fcr die Kamera ausziehen und \u00c4rger mit dem Agenten bekommen, der sie interviewt.","og_url":"https:\/\/pornmate.com\/de\/fakeagent","og_site_name":"Besten Pornoseiten - Kostenlose Deutsche Pornos | PornMate.com","article_modified_time":"2022-11-24T11:39:39+00:00","twitter_card":"summary_large_image","twitter_misc":{"Gesch\u00e4tzte Lesezeit":"2\u00a0Minuten"},"schema":{"@context":"https:\/\/schema.org","@graph":[{"@type":"WebPage","@id":"https:\/\/pornmate.com\/de\/fakeagent","url":"https:\/\/pornmate.com\/de\/fakeagent","name":"FakeAgent und Liste der besten Pornoseiten | PornMate","isPartOf":{"@id":"https:\/\/pornmate.com\/de\/#website"},"datePublished":"2020-06-10T13:21:13+00:00","dateModified":"2022-11-24T11:39:39+00:00","description":"FakeAgent.com zielt darauf ab, den Eintritt von M\u00e4dchen in die Pornoindustrie darzustellen. Und es erkl\u00e4rt es ganz sch\u00f6n. Unschuldig und jung gehen sie zum Vorstellungsgespr\u00e4ch, ohne zu ahnen, was passieren wird. Die Dinge beginnen langsam, da sich die M\u00e4dchen mit der Zeit wohler f\u00fchlen, bevor sie sich f\u00fcr die Kamera ausziehen und \u00c4rger mit dem Agenten bekommen, der sie interviewt.","breadcrumb":{"@id":"https:\/\/pornmate.com\/de\/fakeagent#breadcrumb"},"inLanguage":"de","potentialAction":[{"@type":"ReadAction","target":["https:\/\/pornmate.com\/de\/fakeagent"]}]},{"@type":"BreadcrumbList","@id":"https:\/\/pornmate.com\/de\/fakeagent#breadcrumb","itemListElement":[{"@type":"ListItem","position":1,"name":"Startseite","item":"https:\/\/pornmate.com\/de"},{"@type":"ListItem","position":2,"name":"FakeAgent"}]},{"@type":"WebSite","@id":"https:\/\/pornmate.com\/de\/#website","url":"https:\/\/pornmate.com\/de\/","name":"Besten Pornoseiten - Kostenlose Deutsche Pornos | PornMate.com","description":"Kostenlose Pornos, ist Ihr Combo-Verzeichnis der besten gratis Pornoseiten, die Sie finden k\u00f6nnen, und das fantastische Seitenbewertungen, Kostenlose Deutsche sex Biografien von Pornostars und ihre xxx Freie Porno videos unter einem Dach pr\u00e4sentiert.","publisher":{"@id":"https:\/\/pornmate.com\/de\/#organization"},"potentialAction":[{"@type":"SearchAction","target":{"@type":"EntryPoint","urlTemplate":"https:\/\/pornmate.com\/de\/?s={search_term_string}"},"query-input":{"@type":"PropertyValueSpecification","valueRequired":true,"valueName":"search_term_string"}}],"inLanguage":"de"},{"@type":"Organization","@id":"https:\/\/pornmate.com\/de\/#organization","name":"Besten Pornoseiten - Kostenlose Deutsche Pornos | PornMate.com","url":"https:\/\/pornmate.com\/de\/","logo":{"@type":"ImageObject","inLanguage":"de","@id":"https:\/\/pornmate.com\/de\/#\/schema\/logo\/image\/","url":"https:\/\/pornmate.com\/de\/wp-content\/uploads\/2022\/11\/pornmate-1.png","contentUrl":"https:\/\/pornmate.com\/de\/wp-content\/uploads\/2022\/11\/pornmate-1.png","width":203,"height":200,"caption":"Besten Pornoseiten - Kostenlose Deutsche Pornos | PornMate.com"},"image":{"@id":"https:\/\/pornmate.com\/de\/#\/schema\/logo\/image\/"}}]}},"_links":{"self":[{"href":"https:\/\/pornmate.com\/de\/wp-json\/wp\/v2\/pages\/10406","targetHints":{"allow":["GET"]}}],"collection":[{"href":"https:\/\/pornmate.com\/de\/wp-json\/wp\/v2\/pages"}],"about":[{"href":"https:\/\/pornmate.com\/de\/wp-json\/wp\/v2\/types\/page"}],"author":[{"embeddable":true,"href":"https:\/\/pornmate.com\/de\/wp-json\/wp\/v2\/users\/1"}],"replies":[{"embeddable":true,"href":"https:\/\/pornmate.com\/de\/wp-json\/wp\/v2\/comments?post=10406"}],"version-history":[{"count":0,"href":"https:\/\/pornmate.com\/de\/wp-json\/wp\/v2\/pages\/10406\/revisions"}],"wp:attachment":[{"href":"https:\/\/pornmate.com\/de\/wp-json\/wp\/v2\/media?parent=10406"}],"curies":[{"name":"wp","href":"https:\/\/api.w.org\/{rel}","templated":true}]}}