{"id":10409,"date":"2020-06-10T13:23:04","date_gmt":"2020-06-10T13:23:04","guid":{"rendered":"https:\/\/pornmate.com\/?page_id=10409"},"modified":"2022-11-24T12:40:53","modified_gmt":"2022-11-24T11:40:53","slug":"faketaxi","status":"publish","type":"page","link":"https:\/\/pornmate.com\/de\/faketaxi","title":{"rendered":"FakeTaxi"},"content":{"rendered":"<p>FakeTaxi.com ist mit verschiedenen Inhalten in die Pornoindustrie eingestiegen und hat in kurzer Zeit Ber\u00fchmtheit erlangt. Diese charmante Premium-Pornoseite hat eine ebenso einfache wie hei\u00dfe Pr\u00e4misse. H\u00fcbsche M\u00e4dchen nehmen ein Taxi und wissen, dass sie mit ihren engen kleinen L\u00f6chern den Fahrpreis nicht bezahlen k\u00f6nnen. Der Fahrer hinter dem Steuer von FakeTaxi.com verf\u00fchrt langsam seine sexy Passagiere auf dem R\u00fccksitz und es dauert nicht lange, bis sie anfangen, mit ihren riesigen Schw\u00e4nzen in der Kehle zu ficken. Von schlauen Rothaarigen \u00fcber vollbusige Blondinen und zierliche Teenager bis hin zu femininen MILFs, es gibt keine Grenzen, wen sie in diesem Auto vermasseln k\u00f6nnen. Einige K\u00fcken brauchen mehr \u00dcberzeugungsarbeit und andere sind bereit zu gehen, sobald die Fahrt beginnt. Es gibt eine hochkar\u00e4tige Produktion, und obwohl alles im Auto gedreht wird, ergibt sich Videomaterial von ziemlich guter Qualit\u00e4t. In Anbetracht der Tatsache, dass FakeTaxi.com eine Premium-Pornoseite ist, erfordert ihre Mitgliedschaft ein bezahltes monatliches Abonnement. Der g\u00fcnstigste Tarif kostet Sie jedoch nur 9,16 USD pro Monat. Dar\u00fcber hinaus haben Sie Zugriff auf ein gro\u00dfes Netzwerk \u00e4hnlicher Websites. Sie k\u00f6nnen FakehubOriginals, PublicAgent, FakeHostel und viele weitere Websites mit einer einzigen Zahlung nahtlos betreten.<\/p>\n","protected":false},"excerpt":{"rendered":"<p>FakeTaxi.com ist mit verschiedenen Inhalten in die Pornoindustrie eingestiegen und hat in kurzer Zeit Ber\u00fchmtheit erlangt. Diese charmante Premium-Pornoseite hat eine ebenso einfache wie hei\u00dfe Pr\u00e4misse. H\u00fcbsche M\u00e4dchen nehmen ein Taxi und wissen, dass sie mit ihren engen kleinen L\u00f6chern den Fahrpreis nicht bezahlen k\u00f6nnen. Der Fahrer hinter dem Steuer von FakeTaxi.com verf\u00fchrt langsam seine [&hellip;]<\/p>\n","protected":false},"author":1,"featured_media":0,"parent":0,"menu_order":0,"comment_status":"closed","ping_status":"closed","template":"page-star-stil.php","meta":{"footnotes":""},"class_list":["post-10409","page","type-page","status-publish","hentry"],"yoast_head":"<!-- This site is optimized with the Yoast SEO plugin v27.4 - https:\/\/yoast.com\/product\/yoast-seo-wordpress\/ -->\n<title>FakeTaxi und Liste der besten Pornoseiten | PornMate<\/title>\n<meta name=\"description\" content=\"FakeTaxi.com ist mit verschiedenen Inhalten in die Pornoindustrie eingestiegen und hat in kurzer Zeit Ber\u00fchmtheit erlangt. Diese charmante Premium-Pornoseite hat eine ebenso einfache wie hei\u00dfe Pr\u00e4misse.\" \/>\n<meta name=\"robots\" content=\"index, follow, max-snippet:-1, max-image-preview:large, max-video-preview:-1\" \/>\n<link rel=\"canonical\" href=\"https:\/\/pornmate.com\/de\/faketaxi\" \/>\n<meta property=\"og:locale\" content=\"de_DE\" \/>\n<meta property=\"og:type\" content=\"article\" \/>\n<meta property=\"og:title\" content=\"FakeTaxi und Liste der besten Pornoseiten | PornMate\" \/>\n<meta property=\"og:description\" content=\"FakeTaxi.com ist mit verschiedenen Inhalten in die Pornoindustrie eingestiegen und hat in kurzer Zeit Ber\u00fchmtheit erlangt. Diese charmante Premium-Pornoseite hat eine ebenso einfache wie hei\u00dfe Pr\u00e4misse.\" \/>\n<meta property=\"og:url\" content=\"https:\/\/pornmate.com\/de\/faketaxi\" \/>\n<meta property=\"og:site_name\" content=\"Besten Pornoseiten - Kostenlose Deutsche Pornos | PornMate.com\" \/>\n<meta property=\"article:modified_time\" content=\"2022-11-24T11:40:53+00:00\" \/>\n<meta name=\"twitter:card\" content=\"summary_large_image\" \/>\n<meta name=\"twitter:label1\" content=\"Gesch\u00e4tzte Lesezeit\" \/>\n\t<meta name=\"twitter:data1\" content=\"2\u00a0Minuten\" \/>\n<script type=\"application\/ld+json\" class=\"yoast-schema-graph\">{\"@context\":\"https:\\\/\\\/schema.org\",\"@graph\":[{\"@type\":\"WebPage\",\"@id\":\"https:\\\/\\\/pornmate.com\\\/de\\\/faketaxi\",\"url\":\"https:\\\/\\\/pornmate.com\\\/de\\\/faketaxi\",\"name\":\"FakeTaxi und Liste der besten Pornoseiten | PornMate\",\"isPartOf\":{\"@id\":\"https:\\\/\\\/pornmate.com\\\/de\\\/#website\"},\"datePublished\":\"2020-06-10T13:23:04+00:00\",\"dateModified\":\"2022-11-24T11:40:53+00:00\",\"description\":\"FakeTaxi.com ist mit verschiedenen Inhalten in die Pornoindustrie eingestiegen und hat in kurzer Zeit Ber\u00fchmtheit erlangt. Diese charmante Premium-Pornoseite hat eine ebenso einfache wie hei\u00dfe Pr\u00e4misse.\",\"breadcrumb\":{\"@id\":\"https:\\\/\\\/pornmate.com\\\/de\\\/faketaxi#breadcrumb\"},\"inLanguage\":\"de\",\"potentialAction\":[{\"@type\":\"ReadAction\",\"target\":[\"https:\\\/\\\/pornmate.com\\\/de\\\/faketaxi\"]}]},{\"@type\":\"BreadcrumbList\",\"@id\":\"https:\\\/\\\/pornmate.com\\\/de\\\/faketaxi#breadcrumb\",\"itemListElement\":[{\"@type\":\"ListItem\",\"position\":1,\"name\":\"Startseite\",\"item\":\"https:\\\/\\\/pornmate.com\\\/de\"},{\"@type\":\"ListItem\",\"position\":2,\"name\":\"FakeTaxi\"}]},{\"@type\":\"WebSite\",\"@id\":\"https:\\\/\\\/pornmate.com\\\/de\\\/#website\",\"url\":\"https:\\\/\\\/pornmate.com\\\/de\\\/\",\"name\":\"Besten Pornoseiten - Kostenlose Deutsche Pornos | PornMate.com\",\"description\":\"Kostenlose Pornos, ist Ihr Combo-Verzeichnis der besten gratis Pornoseiten, die Sie finden k\u00f6nnen, und das fantastische Seitenbewertungen, Kostenlose Deutsche sex Biografien von Pornostars und ihre xxx Freie Porno videos unter einem Dach pr\u00e4sentiert.\",\"publisher\":{\"@id\":\"https:\\\/\\\/pornmate.com\\\/de\\\/#organization\"},\"potentialAction\":[{\"@type\":\"SearchAction\",\"target\":{\"@type\":\"EntryPoint\",\"urlTemplate\":\"https:\\\/\\\/pornmate.com\\\/de\\\/?s={search_term_string}\"},\"query-input\":{\"@type\":\"PropertyValueSpecification\",\"valueRequired\":true,\"valueName\":\"search_term_string\"}}],\"inLanguage\":\"de\"},{\"@type\":\"Organization\",\"@id\":\"https:\\\/\\\/pornmate.com\\\/de\\\/#organization\",\"name\":\"Besten Pornoseiten - Kostenlose Deutsche Pornos | PornMate.com\",\"url\":\"https:\\\/\\\/pornmate.com\\\/de\\\/\",\"logo\":{\"@type\":\"ImageObject\",\"inLanguage\":\"de\",\"@id\":\"https:\\\/\\\/pornmate.com\\\/de\\\/#\\\/schema\\\/logo\\\/image\\\/\",\"url\":\"https:\\\/\\\/pornmate.com\\\/de\\\/wp-content\\\/uploads\\\/2022\\\/11\\\/pornmate-1.png\",\"contentUrl\":\"https:\\\/\\\/pornmate.com\\\/de\\\/wp-content\\\/uploads\\\/2022\\\/11\\\/pornmate-1.png\",\"width\":203,\"height\":200,\"caption\":\"Besten Pornoseiten - Kostenlose Deutsche Pornos | PornMate.com\"},\"image\":{\"@id\":\"https:\\\/\\\/pornmate.com\\\/de\\\/#\\\/schema\\\/logo\\\/image\\\/\"}}]}<\/script>\n<!-- \/ Yoast SEO plugin. -->","yoast_head_json":{"title":"FakeTaxi und Liste der besten Pornoseiten | PornMate","description":"FakeTaxi.com ist mit verschiedenen Inhalten in die Pornoindustrie eingestiegen und hat in kurzer Zeit Ber\u00fchmtheit erlangt. Diese charmante Premium-Pornoseite hat eine ebenso einfache wie hei\u00dfe Pr\u00e4misse.","robots":{"index":"index","follow":"follow","max-snippet":"max-snippet:-1","max-image-preview":"max-image-preview:large","max-video-preview":"max-video-preview:-1"},"canonical":"https:\/\/pornmate.com\/de\/faketaxi","og_locale":"de_DE","og_type":"article","og_title":"FakeTaxi und Liste der besten Pornoseiten | PornMate","og_description":"FakeTaxi.com ist mit verschiedenen Inhalten in die Pornoindustrie eingestiegen und hat in kurzer Zeit Ber\u00fchmtheit erlangt. Diese charmante Premium-Pornoseite hat eine ebenso einfache wie hei\u00dfe Pr\u00e4misse.","og_url":"https:\/\/pornmate.com\/de\/faketaxi","og_site_name":"Besten Pornoseiten - Kostenlose Deutsche Pornos | PornMate.com","article_modified_time":"2022-11-24T11:40:53+00:00","twitter_card":"summary_large_image","twitter_misc":{"Gesch\u00e4tzte Lesezeit":"2\u00a0Minuten"},"schema":{"@context":"https:\/\/schema.org","@graph":[{"@type":"WebPage","@id":"https:\/\/pornmate.com\/de\/faketaxi","url":"https:\/\/pornmate.com\/de\/faketaxi","name":"FakeTaxi und Liste der besten Pornoseiten | PornMate","isPartOf":{"@id":"https:\/\/pornmate.com\/de\/#website"},"datePublished":"2020-06-10T13:23:04+00:00","dateModified":"2022-11-24T11:40:53+00:00","description":"FakeTaxi.com ist mit verschiedenen Inhalten in die Pornoindustrie eingestiegen und hat in kurzer Zeit Ber\u00fchmtheit erlangt. Diese charmante Premium-Pornoseite hat eine ebenso einfache wie hei\u00dfe Pr\u00e4misse.","breadcrumb":{"@id":"https:\/\/pornmate.com\/de\/faketaxi#breadcrumb"},"inLanguage":"de","potentialAction":[{"@type":"ReadAction","target":["https:\/\/pornmate.com\/de\/faketaxi"]}]},{"@type":"BreadcrumbList","@id":"https:\/\/pornmate.com\/de\/faketaxi#breadcrumb","itemListElement":[{"@type":"ListItem","position":1,"name":"Startseite","item":"https:\/\/pornmate.com\/de"},{"@type":"ListItem","position":2,"name":"FakeTaxi"}]},{"@type":"WebSite","@id":"https:\/\/pornmate.com\/de\/#website","url":"https:\/\/pornmate.com\/de\/","name":"Besten Pornoseiten - Kostenlose Deutsche Pornos | PornMate.com","description":"Kostenlose Pornos, ist Ihr Combo-Verzeichnis der besten gratis Pornoseiten, die Sie finden k\u00f6nnen, und das fantastische Seitenbewertungen, Kostenlose Deutsche sex Biografien von Pornostars und ihre xxx Freie Porno videos unter einem Dach pr\u00e4sentiert.","publisher":{"@id":"https:\/\/pornmate.com\/de\/#organization"},"potentialAction":[{"@type":"SearchAction","target":{"@type":"EntryPoint","urlTemplate":"https:\/\/pornmate.com\/de\/?s={search_term_string}"},"query-input":{"@type":"PropertyValueSpecification","valueRequired":true,"valueName":"search_term_string"}}],"inLanguage":"de"},{"@type":"Organization","@id":"https:\/\/pornmate.com\/de\/#organization","name":"Besten Pornoseiten - Kostenlose Deutsche Pornos | PornMate.com","url":"https:\/\/pornmate.com\/de\/","logo":{"@type":"ImageObject","inLanguage":"de","@id":"https:\/\/pornmate.com\/de\/#\/schema\/logo\/image\/","url":"https:\/\/pornmate.com\/de\/wp-content\/uploads\/2022\/11\/pornmate-1.png","contentUrl":"https:\/\/pornmate.com\/de\/wp-content\/uploads\/2022\/11\/pornmate-1.png","width":203,"height":200,"caption":"Besten Pornoseiten - Kostenlose Deutsche Pornos | PornMate.com"},"image":{"@id":"https:\/\/pornmate.com\/de\/#\/schema\/logo\/image\/"}}]}},"_links":{"self":[{"href":"https:\/\/pornmate.com\/de\/wp-json\/wp\/v2\/pages\/10409","targetHints":{"allow":["GET"]}}],"collection":[{"href":"https:\/\/pornmate.com\/de\/wp-json\/wp\/v2\/pages"}],"about":[{"href":"https:\/\/pornmate.com\/de\/wp-json\/wp\/v2\/types\/page"}],"author":[{"embeddable":true,"href":"https:\/\/pornmate.com\/de\/wp-json\/wp\/v2\/users\/1"}],"replies":[{"embeddable":true,"href":"https:\/\/pornmate.com\/de\/wp-json\/wp\/v2\/comments?post=10409"}],"version-history":[{"count":0,"href":"https:\/\/pornmate.com\/de\/wp-json\/wp\/v2\/pages\/10409\/revisions"}],"wp:attachment":[{"href":"https:\/\/pornmate.com\/de\/wp-json\/wp\/v2\/media?parent=10409"}],"curies":[{"name":"wp","href":"https:\/\/api.w.org\/{rel}","templated":true}]}}