{"id":10411,"date":"2020-06-10T13:25:48","date_gmt":"2020-06-10T13:25:48","guid":{"rendered":"https:\/\/pornmate.com\/?page_id=10411"},"modified":"2022-11-24T12:42:33","modified_gmt":"2022-11-24T11:42:33","slug":"fakehostel","status":"publish","type":"page","link":"https:\/\/pornmate.com\/de\/fakehostel","title":{"rendered":"FakeHostel"},"content":{"rendered":"<p>FakeHostel.com ist eine Premium-Porno-Anzeigeseite, die realistischer und fesselnder ist. Die Pr\u00e4misse ist einfach: Atemberaubende Sch\u00f6nheiten verbringen eine Nacht in einem Hostelzimmer, enden aber am Ende auf die schelmischste Weise niedergeschlagen und schmutzig. W\u00e4hrend die Umgebung immer ziemlich \u00e4hnlich ist und die meisten Szenen vermutlich im selben Raum gedreht wurden, sind alle Videos in Bezug auf Story und Action ziemlich unterschiedlich. Einzelvideos von heterosexuellen und lesbischen Paaren in allen m\u00f6glichen Dreier-, Strapon-, Anal- und weiteren Stellungen bei FakeHostel.com. Manchmal betrog ein M\u00e4dchen ihren Freund mit einem anderen Mann oder sogar einem K\u00fcken, und manchmal zog der Besitzer mit ungehorsamen und ungezogenen Besuchern weiter. Die schauspielerische Leistung ist erstklassig und macht viel Freude beim Zuschauen. Vor allem erhalten Sie hochwertige Filmaufnahmen in atemberaubender Aufl\u00f6sung. Gro\u00dfe, fesselnde Thumbnails auf der Zielseite von FakeHostel.com bieten Ihnen eine kurze Vorschau auf jedes Video, auch wenn Sie kein Mitglied sind. Die Testphase dauert zwei Tage und Sie k\u00f6nnen sie f\u00fcr nur 1,00 $ erwerben. Danach kommen Sie in der 12-monatigen Zahlungsfrist auf jeden Fall auf Ihre Kosten und k\u00f6nnen kostenlos auf anderen hier verlinkten Seiten st\u00f6bern.<\/p>\n","protected":false},"excerpt":{"rendered":"<p>FakeHostel.com ist eine Premium-Porno-Anzeigeseite, die realistischer und fesselnder ist. Die Pr\u00e4misse ist einfach: Atemberaubende Sch\u00f6nheiten verbringen eine Nacht in einem Hostelzimmer, enden aber am Ende auf die schelmischste Weise niedergeschlagen und schmutzig. W\u00e4hrend die Umgebung immer ziemlich \u00e4hnlich ist und die meisten Szenen vermutlich im selben Raum gedreht wurden, sind alle Videos in Bezug auf [&hellip;]<\/p>\n","protected":false},"author":1,"featured_media":0,"parent":0,"menu_order":0,"comment_status":"closed","ping_status":"closed","template":"page-star-stil.php","meta":{"footnotes":""},"class_list":["post-10411","page","type-page","status-publish","hentry"],"yoast_head":"<!-- This site is optimized with the Yoast SEO plugin v27.2 - https:\/\/yoast.com\/product\/yoast-seo-wordpress\/ -->\n<title>FakeHostel und Liste der besten Pornoseiten | PornMate<\/title>\n<meta name=\"description\" content=\"FakeHostel.com ist eine Premium-Porno-Anzeigeseite, die realistischer und fesselnder ist. Die Pr\u00e4misse ist einfach: Atemberaubende Sch\u00f6nheiten verbringen eine Nacht in einem Hostelzimmer, enden aber am Ende auf die schelmischste Weise niedergeschlagen und schmutzig.\" \/>\n<meta name=\"robots\" content=\"index, follow, max-snippet:-1, max-image-preview:large, max-video-preview:-1\" \/>\n<link rel=\"canonical\" href=\"https:\/\/pornmate.com\/de\/fakehostel\" \/>\n<meta property=\"og:locale\" content=\"de_DE\" \/>\n<meta property=\"og:type\" content=\"article\" \/>\n<meta property=\"og:title\" content=\"FakeHostel und Liste der besten Pornoseiten | PornMate\" \/>\n<meta property=\"og:description\" content=\"FakeHostel.com ist eine Premium-Porno-Anzeigeseite, die realistischer und fesselnder ist. Die Pr\u00e4misse ist einfach: Atemberaubende Sch\u00f6nheiten verbringen eine Nacht in einem Hostelzimmer, enden aber am Ende auf die schelmischste Weise niedergeschlagen und schmutzig.\" \/>\n<meta property=\"og:url\" content=\"https:\/\/pornmate.com\/de\/fakehostel\" \/>\n<meta property=\"og:site_name\" content=\"Besten Pornoseiten - Kostenlose Deutsche Pornos | PornMate.com\" \/>\n<meta property=\"article:modified_time\" content=\"2022-11-24T11:42:33+00:00\" \/>\n<meta name=\"twitter:card\" content=\"summary_large_image\" \/>\n<meta name=\"twitter:label1\" content=\"Gesch\u00e4tzte Lesezeit\" \/>\n\t<meta name=\"twitter:data1\" content=\"2\u00a0Minuten\" \/>\n<script type=\"application\/ld+json\" class=\"yoast-schema-graph\">{\"@context\":\"https:\/\/schema.org\",\"@graph\":[{\"@type\":\"WebPage\",\"@id\":\"https:\/\/pornmate.com\/de\/fakehostel\",\"url\":\"https:\/\/pornmate.com\/de\/fakehostel\",\"name\":\"FakeHostel und Liste der besten Pornoseiten | PornMate\",\"isPartOf\":{\"@id\":\"https:\/\/pornmate.com\/de\/#website\"},\"datePublished\":\"2020-06-10T13:25:48+00:00\",\"dateModified\":\"2022-11-24T11:42:33+00:00\",\"description\":\"FakeHostel.com ist eine Premium-Porno-Anzeigeseite, die realistischer und fesselnder ist. Die Pr\u00e4misse ist einfach: Atemberaubende Sch\u00f6nheiten verbringen eine Nacht in einem Hostelzimmer, enden aber am Ende auf die schelmischste Weise niedergeschlagen und schmutzig.\",\"breadcrumb\":{\"@id\":\"https:\/\/pornmate.com\/de\/fakehostel#breadcrumb\"},\"inLanguage\":\"de\",\"potentialAction\":[{\"@type\":\"ReadAction\",\"target\":[\"https:\/\/pornmate.com\/de\/fakehostel\"]}]},{\"@type\":\"BreadcrumbList\",\"@id\":\"https:\/\/pornmate.com\/de\/fakehostel#breadcrumb\",\"itemListElement\":[{\"@type\":\"ListItem\",\"position\":1,\"name\":\"Startseite\",\"item\":\"https:\/\/pornmate.com\/de\"},{\"@type\":\"ListItem\",\"position\":2,\"name\":\"FakeHostel\"}]},{\"@type\":\"WebSite\",\"@id\":\"https:\/\/pornmate.com\/de\/#website\",\"url\":\"https:\/\/pornmate.com\/de\/\",\"name\":\"Besten Pornoseiten - Kostenlose Deutsche Pornos | PornMate.com\",\"description\":\"Kostenlose Pornos, ist Ihr Combo-Verzeichnis der besten gratis Pornoseiten, die Sie finden k\u00f6nnen, und das fantastische Seitenbewertungen, Kostenlose Deutsche sex Biografien von Pornostars und ihre xxx Freie Porno videos unter einem Dach pr\u00e4sentiert.\",\"publisher\":{\"@id\":\"https:\/\/pornmate.com\/de\/#organization\"},\"potentialAction\":[{\"@type\":\"SearchAction\",\"target\":{\"@type\":\"EntryPoint\",\"urlTemplate\":\"https:\/\/pornmate.com\/de\/?s={search_term_string}\"},\"query-input\":{\"@type\":\"PropertyValueSpecification\",\"valueRequired\":true,\"valueName\":\"search_term_string\"}}],\"inLanguage\":\"de\"},{\"@type\":\"Organization\",\"@id\":\"https:\/\/pornmate.com\/de\/#organization\",\"name\":\"Besten Pornoseiten - Kostenlose Deutsche Pornos | PornMate.com\",\"url\":\"https:\/\/pornmate.com\/de\/\",\"logo\":{\"@type\":\"ImageObject\",\"inLanguage\":\"de\",\"@id\":\"https:\/\/pornmate.com\/de\/#\/schema\/logo\/image\/\",\"url\":\"https:\/\/pornmate.com\/de\/wp-content\/uploads\/2022\/11\/pornmate-1.png\",\"contentUrl\":\"https:\/\/pornmate.com\/de\/wp-content\/uploads\/2022\/11\/pornmate-1.png\",\"width\":203,\"height\":200,\"caption\":\"Besten Pornoseiten - Kostenlose Deutsche Pornos | PornMate.com\"},\"image\":{\"@id\":\"https:\/\/pornmate.com\/de\/#\/schema\/logo\/image\/\"}}]}<\/script>\n<!-- \/ Yoast SEO plugin. -->","yoast_head_json":{"title":"FakeHostel und Liste der besten Pornoseiten | PornMate","description":"FakeHostel.com ist eine Premium-Porno-Anzeigeseite, die realistischer und fesselnder ist. Die Pr\u00e4misse ist einfach: Atemberaubende Sch\u00f6nheiten verbringen eine Nacht in einem Hostelzimmer, enden aber am Ende auf die schelmischste Weise niedergeschlagen und schmutzig.","robots":{"index":"index","follow":"follow","max-snippet":"max-snippet:-1","max-image-preview":"max-image-preview:large","max-video-preview":"max-video-preview:-1"},"canonical":"https:\/\/pornmate.com\/de\/fakehostel","og_locale":"de_DE","og_type":"article","og_title":"FakeHostel und Liste der besten Pornoseiten | PornMate","og_description":"FakeHostel.com ist eine Premium-Porno-Anzeigeseite, die realistischer und fesselnder ist. Die Pr\u00e4misse ist einfach: Atemberaubende Sch\u00f6nheiten verbringen eine Nacht in einem Hostelzimmer, enden aber am Ende auf die schelmischste Weise niedergeschlagen und schmutzig.","og_url":"https:\/\/pornmate.com\/de\/fakehostel","og_site_name":"Besten Pornoseiten - Kostenlose Deutsche Pornos | PornMate.com","article_modified_time":"2022-11-24T11:42:33+00:00","twitter_card":"summary_large_image","twitter_misc":{"Gesch\u00e4tzte Lesezeit":"2\u00a0Minuten"},"schema":{"@context":"https:\/\/schema.org","@graph":[{"@type":"WebPage","@id":"https:\/\/pornmate.com\/de\/fakehostel","url":"https:\/\/pornmate.com\/de\/fakehostel","name":"FakeHostel und Liste der besten Pornoseiten | PornMate","isPartOf":{"@id":"https:\/\/pornmate.com\/de\/#website"},"datePublished":"2020-06-10T13:25:48+00:00","dateModified":"2022-11-24T11:42:33+00:00","description":"FakeHostel.com ist eine Premium-Porno-Anzeigeseite, die realistischer und fesselnder ist. Die Pr\u00e4misse ist einfach: Atemberaubende Sch\u00f6nheiten verbringen eine Nacht in einem Hostelzimmer, enden aber am Ende auf die schelmischste Weise niedergeschlagen und schmutzig.","breadcrumb":{"@id":"https:\/\/pornmate.com\/de\/fakehostel#breadcrumb"},"inLanguage":"de","potentialAction":[{"@type":"ReadAction","target":["https:\/\/pornmate.com\/de\/fakehostel"]}]},{"@type":"BreadcrumbList","@id":"https:\/\/pornmate.com\/de\/fakehostel#breadcrumb","itemListElement":[{"@type":"ListItem","position":1,"name":"Startseite","item":"https:\/\/pornmate.com\/de"},{"@type":"ListItem","position":2,"name":"FakeHostel"}]},{"@type":"WebSite","@id":"https:\/\/pornmate.com\/de\/#website","url":"https:\/\/pornmate.com\/de\/","name":"Besten Pornoseiten - Kostenlose Deutsche Pornos | PornMate.com","description":"Kostenlose Pornos, ist Ihr Combo-Verzeichnis der besten gratis Pornoseiten, die Sie finden k\u00f6nnen, und das fantastische Seitenbewertungen, Kostenlose Deutsche sex Biografien von Pornostars und ihre xxx Freie Porno videos unter einem Dach pr\u00e4sentiert.","publisher":{"@id":"https:\/\/pornmate.com\/de\/#organization"},"potentialAction":[{"@type":"SearchAction","target":{"@type":"EntryPoint","urlTemplate":"https:\/\/pornmate.com\/de\/?s={search_term_string}"},"query-input":{"@type":"PropertyValueSpecification","valueRequired":true,"valueName":"search_term_string"}}],"inLanguage":"de"},{"@type":"Organization","@id":"https:\/\/pornmate.com\/de\/#organization","name":"Besten Pornoseiten - Kostenlose Deutsche Pornos | PornMate.com","url":"https:\/\/pornmate.com\/de\/","logo":{"@type":"ImageObject","inLanguage":"de","@id":"https:\/\/pornmate.com\/de\/#\/schema\/logo\/image\/","url":"https:\/\/pornmate.com\/de\/wp-content\/uploads\/2022\/11\/pornmate-1.png","contentUrl":"https:\/\/pornmate.com\/de\/wp-content\/uploads\/2022\/11\/pornmate-1.png","width":203,"height":200,"caption":"Besten Pornoseiten - Kostenlose Deutsche Pornos | PornMate.com"},"image":{"@id":"https:\/\/pornmate.com\/de\/#\/schema\/logo\/image\/"}}]}},"_links":{"self":[{"href":"https:\/\/pornmate.com\/de\/wp-json\/wp\/v2\/pages\/10411","targetHints":{"allow":["GET"]}}],"collection":[{"href":"https:\/\/pornmate.com\/de\/wp-json\/wp\/v2\/pages"}],"about":[{"href":"https:\/\/pornmate.com\/de\/wp-json\/wp\/v2\/types\/page"}],"author":[{"embeddable":true,"href":"https:\/\/pornmate.com\/de\/wp-json\/wp\/v2\/users\/1"}],"replies":[{"embeddable":true,"href":"https:\/\/pornmate.com\/de\/wp-json\/wp\/v2\/comments?post=10411"}],"version-history":[{"count":0,"href":"https:\/\/pornmate.com\/de\/wp-json\/wp\/v2\/pages\/10411\/revisions"}],"wp:attachment":[{"href":"https:\/\/pornmate.com\/de\/wp-json\/wp\/v2\/media?parent=10411"}],"curies":[{"name":"wp","href":"https:\/\/api.w.org\/{rel}","templated":true}]}}