{"id":10413,"date":"2020-06-10T13:28:20","date_gmt":"2020-06-10T13:28:20","guid":{"rendered":"https:\/\/pornmate.com\/?page_id=10413"},"modified":"2022-11-23T17:05:23","modified_gmt":"2022-11-23T16:05:23","slug":"propertysex","status":"publish","type":"page","link":"https:\/\/pornmate.com\/de\/propertysex","title":{"rendered":"PropertySex"},"content":{"rendered":"<p>PropertySex.com bietet fesselnde Pornoinhalte, die sich um Immobilienmakler, ungezogene Vermieter, schelmische Mieter und mehr drehen. Eine enorme Portion Realismus hebt diese Premium-Pornoseite aus dem Meer anderer hervor. Jeder Pornostar in diesen Videos ist hei\u00dfer als der andere und sie sind alle unglaubliche Schauspielerinnen. Aus diesem Grund werden sie Sie leicht davon \u00fcberzeugen, dass Sie sich das echte Gesch\u00e4ft anstatt eines Pornofilms ansehen, was das ganze Erlebnis viel eindringlicher und daher hei\u00dfer macht. Auf PropertySex.com gibt es mehrere versaute Variationen in Bezug auf die Geschichte. Geile Agentenk\u00fcken nehmen gerne einen Hardcore-Bums in Kauf, um den Deal abzuschlie\u00dfen, da sie jetzt wissen, dass ein Typ nur f\u00fcr ihre Muschi da ist. Andererseits zahlen M\u00e4dchen, die mit ihrer Miete im R\u00fcckstand sind, mit diesen engen, kleinen L\u00f6chern. All diese Action bietet erstklassiges Filmemachen und die Videoqualit\u00e4t ist erstaunlich. Au\u00dferdem werden alle Clips in POV gefilmt, sodass der ganze Fokus auf einem schneidigen Babe und ihren F\u00e4higkeiten liegt, Blowjobs zu geben und Schw\u00e4nze zu reiten. Eine andere Sache, die Sie davon \u00fcberzeugt, Mitglied zu werden, ist die Tatsache, dass diese Seite zu einem Netzwerk geh\u00f6rt. Daher erhalten Sie mit einer Mitgliedschaft Zugriff auf zahlreiche Websites.<\/p>\n","protected":false},"excerpt":{"rendered":"<p>PropertySex.com bietet fesselnde Pornoinhalte, die sich um Immobilienmakler, ungezogene Vermieter, schelmische Mieter und mehr drehen. Eine enorme Portion Realismus hebt diese Premium-Pornoseite aus dem Meer anderer hervor. Jeder Pornostar in diesen Videos ist hei\u00dfer als der andere und sie sind alle unglaubliche Schauspielerinnen. Aus diesem Grund werden sie Sie leicht davon \u00fcberzeugen, dass Sie sich [&hellip;]<\/p>\n","protected":false},"author":1,"featured_media":0,"parent":0,"menu_order":0,"comment_status":"closed","ping_status":"closed","template":"page-star-stil.php","meta":{"footnotes":""},"class_list":["post-10413","page","type-page","status-publish","hentry"],"yoast_head":"<!-- This site is optimized with the Yoast SEO plugin v27.2 - https:\/\/yoast.com\/product\/yoast-seo-wordpress\/ -->\n<title>PropertySex und Liste der besten Pornoseiten | PornMate<\/title>\n<meta name=\"description\" content=\"PropertySex.com What better way for a hot real estate agent to sell a house than to hop on the buyer&#039;s hardon and ride him to cumming? PropertySex.com is full of such hotties and lusty tenants paying the rent with their bodies.\" \/>\n<meta name=\"robots\" content=\"index, follow, max-snippet:-1, max-image-preview:large, max-video-preview:-1\" \/>\n<link rel=\"canonical\" href=\"https:\/\/pornmate.com\/de\/propertysex\" \/>\n<meta property=\"og:locale\" content=\"de_DE\" \/>\n<meta property=\"og:type\" content=\"article\" \/>\n<meta property=\"og:title\" content=\"PropertySex und Liste der besten Pornoseiten | PornMate\" \/>\n<meta property=\"og:description\" content=\"PropertySex.com What better way for a hot real estate agent to sell a house than to hop on the buyer&#039;s hardon and ride him to cumming? PropertySex.com is full of such hotties and lusty tenants paying the rent with their bodies.\" \/>\n<meta property=\"og:url\" content=\"https:\/\/pornmate.com\/de\/propertysex\" \/>\n<meta property=\"og:site_name\" content=\"Besten Pornoseiten - Kostenlose Deutsche Pornos | PornMate.com\" \/>\n<meta property=\"article:modified_time\" content=\"2022-11-23T16:05:23+00:00\" \/>\n<meta name=\"twitter:card\" content=\"summary_large_image\" \/>\n<meta name=\"twitter:label1\" content=\"Gesch\u00e4tzte Lesezeit\" \/>\n\t<meta name=\"twitter:data1\" content=\"2\u00a0Minuten\" \/>\n<script type=\"application\/ld+json\" class=\"yoast-schema-graph\">{\"@context\":\"https:\/\/schema.org\",\"@graph\":[{\"@type\":\"WebPage\",\"@id\":\"https:\/\/pornmate.com\/de\/propertysex\",\"url\":\"https:\/\/pornmate.com\/de\/propertysex\",\"name\":\"PropertySex und Liste der besten Pornoseiten | PornMate\",\"isPartOf\":{\"@id\":\"https:\/\/pornmate.com\/de\/#website\"},\"datePublished\":\"2020-06-10T13:28:20+00:00\",\"dateModified\":\"2022-11-23T16:05:23+00:00\",\"description\":\"PropertySex.com What better way for a hot real estate agent to sell a house than to hop on the buyer's hardon and ride him to cumming? PropertySex.com is full of such hotties and lusty tenants paying the rent with their bodies.\",\"breadcrumb\":{\"@id\":\"https:\/\/pornmate.com\/de\/propertysex#breadcrumb\"},\"inLanguage\":\"de\",\"potentialAction\":[{\"@type\":\"ReadAction\",\"target\":[\"https:\/\/pornmate.com\/de\/propertysex\"]}]},{\"@type\":\"BreadcrumbList\",\"@id\":\"https:\/\/pornmate.com\/de\/propertysex#breadcrumb\",\"itemListElement\":[{\"@type\":\"ListItem\",\"position\":1,\"name\":\"Startseite\",\"item\":\"https:\/\/pornmate.com\/de\"},{\"@type\":\"ListItem\",\"position\":2,\"name\":\"PropertySex\"}]},{\"@type\":\"WebSite\",\"@id\":\"https:\/\/pornmate.com\/de\/#website\",\"url\":\"https:\/\/pornmate.com\/de\/\",\"name\":\"Besten Pornoseiten - Kostenlose Deutsche Pornos | PornMate.com\",\"description\":\"Kostenlose Pornos, ist Ihr Combo-Verzeichnis der besten gratis Pornoseiten, die Sie finden k\u00f6nnen, und das fantastische Seitenbewertungen, Kostenlose Deutsche sex Biografien von Pornostars und ihre xxx Freie Porno videos unter einem Dach pr\u00e4sentiert.\",\"publisher\":{\"@id\":\"https:\/\/pornmate.com\/de\/#organization\"},\"potentialAction\":[{\"@type\":\"SearchAction\",\"target\":{\"@type\":\"EntryPoint\",\"urlTemplate\":\"https:\/\/pornmate.com\/de\/?s={search_term_string}\"},\"query-input\":{\"@type\":\"PropertyValueSpecification\",\"valueRequired\":true,\"valueName\":\"search_term_string\"}}],\"inLanguage\":\"de\"},{\"@type\":\"Organization\",\"@id\":\"https:\/\/pornmate.com\/de\/#organization\",\"name\":\"Besten Pornoseiten - Kostenlose Deutsche Pornos | PornMate.com\",\"url\":\"https:\/\/pornmate.com\/de\/\",\"logo\":{\"@type\":\"ImageObject\",\"inLanguage\":\"de\",\"@id\":\"https:\/\/pornmate.com\/de\/#\/schema\/logo\/image\/\",\"url\":\"https:\/\/pornmate.com\/de\/wp-content\/uploads\/2022\/11\/pornmate-1.png\",\"contentUrl\":\"https:\/\/pornmate.com\/de\/wp-content\/uploads\/2022\/11\/pornmate-1.png\",\"width\":203,\"height\":200,\"caption\":\"Besten Pornoseiten - Kostenlose Deutsche Pornos | PornMate.com\"},\"image\":{\"@id\":\"https:\/\/pornmate.com\/de\/#\/schema\/logo\/image\/\"}}]}<\/script>\n<!-- \/ Yoast SEO plugin. -->","yoast_head_json":{"title":"PropertySex und Liste der besten Pornoseiten | PornMate","description":"PropertySex.com What better way for a hot real estate agent to sell a house than to hop on the buyer's hardon and ride him to cumming? PropertySex.com is full of such hotties and lusty tenants paying the rent with their bodies.","robots":{"index":"index","follow":"follow","max-snippet":"max-snippet:-1","max-image-preview":"max-image-preview:large","max-video-preview":"max-video-preview:-1"},"canonical":"https:\/\/pornmate.com\/de\/propertysex","og_locale":"de_DE","og_type":"article","og_title":"PropertySex und Liste der besten Pornoseiten | PornMate","og_description":"PropertySex.com What better way for a hot real estate agent to sell a house than to hop on the buyer's hardon and ride him to cumming? PropertySex.com is full of such hotties and lusty tenants paying the rent with their bodies.","og_url":"https:\/\/pornmate.com\/de\/propertysex","og_site_name":"Besten Pornoseiten - Kostenlose Deutsche Pornos | PornMate.com","article_modified_time":"2022-11-23T16:05:23+00:00","twitter_card":"summary_large_image","twitter_misc":{"Gesch\u00e4tzte Lesezeit":"2\u00a0Minuten"},"schema":{"@context":"https:\/\/schema.org","@graph":[{"@type":"WebPage","@id":"https:\/\/pornmate.com\/de\/propertysex","url":"https:\/\/pornmate.com\/de\/propertysex","name":"PropertySex und Liste der besten Pornoseiten | PornMate","isPartOf":{"@id":"https:\/\/pornmate.com\/de\/#website"},"datePublished":"2020-06-10T13:28:20+00:00","dateModified":"2022-11-23T16:05:23+00:00","description":"PropertySex.com What better way for a hot real estate agent to sell a house than to hop on the buyer's hardon and ride him to cumming? PropertySex.com is full of such hotties and lusty tenants paying the rent with their bodies.","breadcrumb":{"@id":"https:\/\/pornmate.com\/de\/propertysex#breadcrumb"},"inLanguage":"de","potentialAction":[{"@type":"ReadAction","target":["https:\/\/pornmate.com\/de\/propertysex"]}]},{"@type":"BreadcrumbList","@id":"https:\/\/pornmate.com\/de\/propertysex#breadcrumb","itemListElement":[{"@type":"ListItem","position":1,"name":"Startseite","item":"https:\/\/pornmate.com\/de"},{"@type":"ListItem","position":2,"name":"PropertySex"}]},{"@type":"WebSite","@id":"https:\/\/pornmate.com\/de\/#website","url":"https:\/\/pornmate.com\/de\/","name":"Besten Pornoseiten - Kostenlose Deutsche Pornos | PornMate.com","description":"Kostenlose Pornos, ist Ihr Combo-Verzeichnis der besten gratis Pornoseiten, die Sie finden k\u00f6nnen, und das fantastische Seitenbewertungen, Kostenlose Deutsche sex Biografien von Pornostars und ihre xxx Freie Porno videos unter einem Dach pr\u00e4sentiert.","publisher":{"@id":"https:\/\/pornmate.com\/de\/#organization"},"potentialAction":[{"@type":"SearchAction","target":{"@type":"EntryPoint","urlTemplate":"https:\/\/pornmate.com\/de\/?s={search_term_string}"},"query-input":{"@type":"PropertyValueSpecification","valueRequired":true,"valueName":"search_term_string"}}],"inLanguage":"de"},{"@type":"Organization","@id":"https:\/\/pornmate.com\/de\/#organization","name":"Besten Pornoseiten - Kostenlose Deutsche Pornos | PornMate.com","url":"https:\/\/pornmate.com\/de\/","logo":{"@type":"ImageObject","inLanguage":"de","@id":"https:\/\/pornmate.com\/de\/#\/schema\/logo\/image\/","url":"https:\/\/pornmate.com\/de\/wp-content\/uploads\/2022\/11\/pornmate-1.png","contentUrl":"https:\/\/pornmate.com\/de\/wp-content\/uploads\/2022\/11\/pornmate-1.png","width":203,"height":200,"caption":"Besten Pornoseiten - Kostenlose Deutsche Pornos | PornMate.com"},"image":{"@id":"https:\/\/pornmate.com\/de\/#\/schema\/logo\/image\/"}}]}},"_links":{"self":[{"href":"https:\/\/pornmate.com\/de\/wp-json\/wp\/v2\/pages\/10413","targetHints":{"allow":["GET"]}}],"collection":[{"href":"https:\/\/pornmate.com\/de\/wp-json\/wp\/v2\/pages"}],"about":[{"href":"https:\/\/pornmate.com\/de\/wp-json\/wp\/v2\/types\/page"}],"author":[{"embeddable":true,"href":"https:\/\/pornmate.com\/de\/wp-json\/wp\/v2\/users\/1"}],"replies":[{"embeddable":true,"href":"https:\/\/pornmate.com\/de\/wp-json\/wp\/v2\/comments?post=10413"}],"version-history":[{"count":0,"href":"https:\/\/pornmate.com\/de\/wp-json\/wp\/v2\/pages\/10413\/revisions"}],"wp:attachment":[{"href":"https:\/\/pornmate.com\/de\/wp-json\/wp\/v2\/media?parent=10413"}],"curies":[{"name":"wp","href":"https:\/\/api.w.org\/{rel}","templated":true}]}}