{"id":10415,"date":"2020-06-10T13:31:21","date_gmt":"2020-06-10T13:31:21","guid":{"rendered":"https:\/\/pornmate.com\/?page_id=10415"},"modified":"2022-11-24T12:43:30","modified_gmt":"2022-11-24T11:43:30","slug":"danejones","status":"publish","type":"page","link":"https:\/\/pornmate.com\/de\/danejones","title":{"rendered":"DaneJones"},"content":{"rendered":"<p>DaneJones.com hat daf\u00fcr eine Menge umwerfender Inhalte. Diese Premium-Website bietet einige der hei\u00dfesten und erotischsten Videos in der Online-Erotikbranche. Sie stellen weiterhin neue und frische Babys auf der B\u00fchne vor und versichern, dass sie sich auf neue Videos freuen werden. Videos werden regelm\u00e4\u00dfig hochgeladen, sodass Sie nie mit alten Inhalten h\u00e4ngen bleiben. Kombinieren Sie nun all dies mit erstklassiger Qualit\u00e4t, Produktion und Filmproduktion und f\u00fcgen Sie einige der sch\u00f6nsten M\u00e4dchen hinzu, die Sie je gesehen haben, und Sie werden verstehen, warum DaneJones.com eine erotische Website ist, die Sie nicht wollen. Vermissen. Die Website bietet Qualit\u00e4t und stilvolles Design sowie die angebotenen Inhalte. Gro\u00dfe, klare, hochwertige und fesselnde Thumbnails f\u00fcllen die Zielseite und Sie k\u00f6nnen eine kurze Vorschau auf jedes Video erhalten, indem Sie einfach mit der Maus dar\u00fcber fahren. Pornostar-Namen wie Rebecca Volpetti, Lovita Fate oder Veronica Leal geben dir eine gute Vorstellung davon, wie gut die Action ist. Und als ob das nicht genug w\u00e4re, geh\u00f6rt DaneJones.com zu einem riesigen Netzwerk, auf das Sie mit einer einzigen Mitgliedschaft vollen Zugriff erhalten. Obsz\u00f6ne Websites wie Lesbea, MassageRooms, MomXXX und viele mehr sind nur einen Klick entfernt. Sie werden viel Spa\u00df auf dieser Seite haben.<\/p>\n","protected":false},"excerpt":{"rendered":"<p>DaneJones.com hat daf\u00fcr eine Menge umwerfender Inhalte. Diese Premium-Website bietet einige der hei\u00dfesten und erotischsten Videos in der Online-Erotikbranche. Sie stellen weiterhin neue und frische Babys auf der B\u00fchne vor und versichern, dass sie sich auf neue Videos freuen werden. Videos werden regelm\u00e4\u00dfig hochgeladen, sodass Sie nie mit alten Inhalten h\u00e4ngen bleiben. Kombinieren Sie nun [&hellip;]<\/p>\n","protected":false},"author":1,"featured_media":0,"parent":0,"menu_order":0,"comment_status":"closed","ping_status":"closed","template":"page-star-stil.php","meta":{"footnotes":""},"class_list":["post-10415","page","type-page","status-publish","hentry"],"yoast_head":"<!-- This site is optimized with the Yoast SEO plugin v27.2 - https:\/\/yoast.com\/product\/yoast-seo-wordpress\/ -->\n<title>DaneJones und Liste der besten Pornoseiten | PornMate<\/title>\n<meta name=\"description\" content=\"DaneJones.com hat daf\u00fcr eine Menge umwerfender Inhalte. Diese Premium-Website bietet einige der hei\u00dfesten und erotischsten Videos in der Online-Erotikbranche. Sie stellen weiterhin neue und frische Babys auf der B\u00fchne vor und versichern, dass sie sich auf neue Videos freuen werden.\" \/>\n<meta name=\"robots\" content=\"index, follow, max-snippet:-1, max-image-preview:large, max-video-preview:-1\" \/>\n<link rel=\"canonical\" href=\"https:\/\/pornmate.com\/de\/danejones\" \/>\n<meta property=\"og:locale\" content=\"de_DE\" \/>\n<meta property=\"og:type\" content=\"article\" \/>\n<meta property=\"og:title\" content=\"DaneJones und Liste der besten Pornoseiten | PornMate\" \/>\n<meta property=\"og:description\" content=\"DaneJones.com hat daf\u00fcr eine Menge umwerfender Inhalte. Diese Premium-Website bietet einige der hei\u00dfesten und erotischsten Videos in der Online-Erotikbranche. Sie stellen weiterhin neue und frische Babys auf der B\u00fchne vor und versichern, dass sie sich auf neue Videos freuen werden.\" \/>\n<meta property=\"og:url\" content=\"https:\/\/pornmate.com\/de\/danejones\" \/>\n<meta property=\"og:site_name\" content=\"Besten Pornoseiten - Kostenlose Deutsche Pornos | PornMate.com\" \/>\n<meta property=\"article:modified_time\" content=\"2022-11-24T11:43:30+00:00\" \/>\n<meta name=\"twitter:card\" content=\"summary_large_image\" \/>\n<meta name=\"twitter:label1\" content=\"Gesch\u00e4tzte Lesezeit\" \/>\n\t<meta name=\"twitter:data1\" content=\"2\u00a0Minuten\" \/>\n<script type=\"application\/ld+json\" class=\"yoast-schema-graph\">{\"@context\":\"https:\/\/schema.org\",\"@graph\":[{\"@type\":\"WebPage\",\"@id\":\"https:\/\/pornmate.com\/de\/danejones\",\"url\":\"https:\/\/pornmate.com\/de\/danejones\",\"name\":\"DaneJones und Liste der besten Pornoseiten | PornMate\",\"isPartOf\":{\"@id\":\"https:\/\/pornmate.com\/de\/#website\"},\"datePublished\":\"2020-06-10T13:31:21+00:00\",\"dateModified\":\"2022-11-24T11:43:30+00:00\",\"description\":\"DaneJones.com hat daf\u00fcr eine Menge umwerfender Inhalte. Diese Premium-Website bietet einige der hei\u00dfesten und erotischsten Videos in der Online-Erotikbranche. Sie stellen weiterhin neue und frische Babys auf der B\u00fchne vor und versichern, dass sie sich auf neue Videos freuen werden.\",\"breadcrumb\":{\"@id\":\"https:\/\/pornmate.com\/de\/danejones#breadcrumb\"},\"inLanguage\":\"de\",\"potentialAction\":[{\"@type\":\"ReadAction\",\"target\":[\"https:\/\/pornmate.com\/de\/danejones\"]}]},{\"@type\":\"BreadcrumbList\",\"@id\":\"https:\/\/pornmate.com\/de\/danejones#breadcrumb\",\"itemListElement\":[{\"@type\":\"ListItem\",\"position\":1,\"name\":\"Startseite\",\"item\":\"https:\/\/pornmate.com\/de\"},{\"@type\":\"ListItem\",\"position\":2,\"name\":\"DaneJones\"}]},{\"@type\":\"WebSite\",\"@id\":\"https:\/\/pornmate.com\/de\/#website\",\"url\":\"https:\/\/pornmate.com\/de\/\",\"name\":\"Besten Pornoseiten - Kostenlose Deutsche Pornos | PornMate.com\",\"description\":\"Kostenlose Pornos, ist Ihr Combo-Verzeichnis der besten gratis Pornoseiten, die Sie finden k\u00f6nnen, und das fantastische Seitenbewertungen, Kostenlose Deutsche sex Biografien von Pornostars und ihre xxx Freie Porno videos unter einem Dach pr\u00e4sentiert.\",\"publisher\":{\"@id\":\"https:\/\/pornmate.com\/de\/#organization\"},\"potentialAction\":[{\"@type\":\"SearchAction\",\"target\":{\"@type\":\"EntryPoint\",\"urlTemplate\":\"https:\/\/pornmate.com\/de\/?s={search_term_string}\"},\"query-input\":{\"@type\":\"PropertyValueSpecification\",\"valueRequired\":true,\"valueName\":\"search_term_string\"}}],\"inLanguage\":\"de\"},{\"@type\":\"Organization\",\"@id\":\"https:\/\/pornmate.com\/de\/#organization\",\"name\":\"Besten Pornoseiten - Kostenlose Deutsche Pornos | PornMate.com\",\"url\":\"https:\/\/pornmate.com\/de\/\",\"logo\":{\"@type\":\"ImageObject\",\"inLanguage\":\"de\",\"@id\":\"https:\/\/pornmate.com\/de\/#\/schema\/logo\/image\/\",\"url\":\"https:\/\/pornmate.com\/de\/wp-content\/uploads\/2022\/11\/pornmate-1.png\",\"contentUrl\":\"https:\/\/pornmate.com\/de\/wp-content\/uploads\/2022\/11\/pornmate-1.png\",\"width\":203,\"height\":200,\"caption\":\"Besten Pornoseiten - Kostenlose Deutsche Pornos | PornMate.com\"},\"image\":{\"@id\":\"https:\/\/pornmate.com\/de\/#\/schema\/logo\/image\/\"}}]}<\/script>\n<!-- \/ Yoast SEO plugin. -->","yoast_head_json":{"title":"DaneJones und Liste der besten Pornoseiten | PornMate","description":"DaneJones.com hat daf\u00fcr eine Menge umwerfender Inhalte. Diese Premium-Website bietet einige der hei\u00dfesten und erotischsten Videos in der Online-Erotikbranche. Sie stellen weiterhin neue und frische Babys auf der B\u00fchne vor und versichern, dass sie sich auf neue Videos freuen werden.","robots":{"index":"index","follow":"follow","max-snippet":"max-snippet:-1","max-image-preview":"max-image-preview:large","max-video-preview":"max-video-preview:-1"},"canonical":"https:\/\/pornmate.com\/de\/danejones","og_locale":"de_DE","og_type":"article","og_title":"DaneJones und Liste der besten Pornoseiten | PornMate","og_description":"DaneJones.com hat daf\u00fcr eine Menge umwerfender Inhalte. Diese Premium-Website bietet einige der hei\u00dfesten und erotischsten Videos in der Online-Erotikbranche. Sie stellen weiterhin neue und frische Babys auf der B\u00fchne vor und versichern, dass sie sich auf neue Videos freuen werden.","og_url":"https:\/\/pornmate.com\/de\/danejones","og_site_name":"Besten Pornoseiten - Kostenlose Deutsche Pornos | PornMate.com","article_modified_time":"2022-11-24T11:43:30+00:00","twitter_card":"summary_large_image","twitter_misc":{"Gesch\u00e4tzte Lesezeit":"2\u00a0Minuten"},"schema":{"@context":"https:\/\/schema.org","@graph":[{"@type":"WebPage","@id":"https:\/\/pornmate.com\/de\/danejones","url":"https:\/\/pornmate.com\/de\/danejones","name":"DaneJones und Liste der besten Pornoseiten | PornMate","isPartOf":{"@id":"https:\/\/pornmate.com\/de\/#website"},"datePublished":"2020-06-10T13:31:21+00:00","dateModified":"2022-11-24T11:43:30+00:00","description":"DaneJones.com hat daf\u00fcr eine Menge umwerfender Inhalte. Diese Premium-Website bietet einige der hei\u00dfesten und erotischsten Videos in der Online-Erotikbranche. Sie stellen weiterhin neue und frische Babys auf der B\u00fchne vor und versichern, dass sie sich auf neue Videos freuen werden.","breadcrumb":{"@id":"https:\/\/pornmate.com\/de\/danejones#breadcrumb"},"inLanguage":"de","potentialAction":[{"@type":"ReadAction","target":["https:\/\/pornmate.com\/de\/danejones"]}]},{"@type":"BreadcrumbList","@id":"https:\/\/pornmate.com\/de\/danejones#breadcrumb","itemListElement":[{"@type":"ListItem","position":1,"name":"Startseite","item":"https:\/\/pornmate.com\/de"},{"@type":"ListItem","position":2,"name":"DaneJones"}]},{"@type":"WebSite","@id":"https:\/\/pornmate.com\/de\/#website","url":"https:\/\/pornmate.com\/de\/","name":"Besten Pornoseiten - Kostenlose Deutsche Pornos | PornMate.com","description":"Kostenlose Pornos, ist Ihr Combo-Verzeichnis der besten gratis Pornoseiten, die Sie finden k\u00f6nnen, und das fantastische Seitenbewertungen, Kostenlose Deutsche sex Biografien von Pornostars und ihre xxx Freie Porno videos unter einem Dach pr\u00e4sentiert.","publisher":{"@id":"https:\/\/pornmate.com\/de\/#organization"},"potentialAction":[{"@type":"SearchAction","target":{"@type":"EntryPoint","urlTemplate":"https:\/\/pornmate.com\/de\/?s={search_term_string}"},"query-input":{"@type":"PropertyValueSpecification","valueRequired":true,"valueName":"search_term_string"}}],"inLanguage":"de"},{"@type":"Organization","@id":"https:\/\/pornmate.com\/de\/#organization","name":"Besten Pornoseiten - Kostenlose Deutsche Pornos | PornMate.com","url":"https:\/\/pornmate.com\/de\/","logo":{"@type":"ImageObject","inLanguage":"de","@id":"https:\/\/pornmate.com\/de\/#\/schema\/logo\/image\/","url":"https:\/\/pornmate.com\/de\/wp-content\/uploads\/2022\/11\/pornmate-1.png","contentUrl":"https:\/\/pornmate.com\/de\/wp-content\/uploads\/2022\/11\/pornmate-1.png","width":203,"height":200,"caption":"Besten Pornoseiten - Kostenlose Deutsche Pornos | PornMate.com"},"image":{"@id":"https:\/\/pornmate.com\/de\/#\/schema\/logo\/image\/"}}]}},"_links":{"self":[{"href":"https:\/\/pornmate.com\/de\/wp-json\/wp\/v2\/pages\/10415","targetHints":{"allow":["GET"]}}],"collection":[{"href":"https:\/\/pornmate.com\/de\/wp-json\/wp\/v2\/pages"}],"about":[{"href":"https:\/\/pornmate.com\/de\/wp-json\/wp\/v2\/types\/page"}],"author":[{"embeddable":true,"href":"https:\/\/pornmate.com\/de\/wp-json\/wp\/v2\/users\/1"}],"replies":[{"embeddable":true,"href":"https:\/\/pornmate.com\/de\/wp-json\/wp\/v2\/comments?post=10415"}],"version-history":[{"count":0,"href":"https:\/\/pornmate.com\/de\/wp-json\/wp\/v2\/pages\/10415\/revisions"}],"wp:attachment":[{"href":"https:\/\/pornmate.com\/de\/wp-json\/wp\/v2\/media?parent=10415"}],"curies":[{"name":"wp","href":"https:\/\/api.w.org\/{rel}","templated":true}]}}