{"id":10418,"date":"2020-06-10T13:33:30","date_gmt":"2020-06-10T13:33:30","guid":{"rendered":"https:\/\/pornmate.com\/?page_id=10418"},"modified":"2022-11-24T12:44:43","modified_gmt":"2022-11-24T11:44:43","slug":"lesbea","status":"publish","type":"page","link":"https:\/\/pornmate.com\/de\/lesbea","title":{"rendered":"Lesbea"},"content":{"rendered":"<p>Lesbea.com tut eine Sache, wie der Name schon sagt, aber es ist au\u00dfergew\u00f6hnlich gut.<br \/>\nDiese Premium-Pornoseite konzentriert sich auf die erogenere und hexenhaftere lesbische Erfahrung, die die Pornoindustrie erweitern muss. Von wundersch\u00f6nen Landschaften \u00fcber wundersch\u00f6ne Lehrstellen bis hin zu hei\u00df, jedes Video ist hei\u00dfer als das Kommen von etwas Neuem. Namen wie Nancy A, Lovita Fate oder Zazie reichen aus, um einen Hinweis darauf zu geben, wie g\u00f6ttlich diese lesbischen Pornostars sind. Jeder Clip auf Lesbea.com kombiniert leidenschaftliche Action mit unvorstellbarer und ph\u00e4nomenaler Kinematografie. In der Tat sind die Miniaturansichten auf der Zielseite angenehm anzusehen. Mit einem einfachen Wischen \u00fcber die Quallen k\u00f6nnen Sie sich jeden Clip in der Vorschau ansehen, auch wenn Sie kein Mitglied sind. Mit fast 300 Models in ihren Videos ist f\u00fcr reichlich Abwechslung gesorgt. Sie k\u00f6nnen in einer der vielen Kategorien nach einem pers\u00f6nlichen Modell suchen oder nach Aufgaben, Ansichten, Zw\u00e4ngen in Ihnen st\u00f6bern und filtern. Das i-T\u00fcpfelchen bei Lesbea.com ist, dass es Teil eines gro\u00dfen Netzwerks ist. Ihre Mitgliedschaft gibt Ihnen auch vollen Zugriff auf MomXXX und viele andere gro\u00dfartige Websites.<\/p>\n","protected":false},"excerpt":{"rendered":"<p>Lesbea.com tut eine Sache, wie der Name schon sagt, aber es ist au\u00dfergew\u00f6hnlich gut. Diese Premium-Pornoseite konzentriert sich auf die erogenere und hexenhaftere lesbische Erfahrung, die die Pornoindustrie erweitern muss. Von wundersch\u00f6nen Landschaften \u00fcber wundersch\u00f6ne Lehrstellen bis hin zu hei\u00df, jedes Video ist hei\u00dfer als das Kommen von etwas Neuem. Namen wie Nancy A, Lovita [&hellip;]<\/p>\n","protected":false},"author":1,"featured_media":0,"parent":0,"menu_order":0,"comment_status":"closed","ping_status":"closed","template":"page-star-stil.php","meta":{"footnotes":""},"class_list":["post-10418","page","type-page","status-publish","hentry"],"yoast_head":"<!-- This site is optimized with the Yoast SEO plugin v27.2 - https:\/\/yoast.com\/product\/yoast-seo-wordpress\/ -->\n<title>Lesbea und Liste der besten Pornoseiten | PornMate<\/title>\n<meta name=\"description\" content=\"Lesbea.com tut eine Sache, wie der Name schon sagt, aber es ist au\u00dfergew\u00f6hnlich gut.Diese Premium-Pornoseite konzentriert sich auf die erogenere und hexenhaftere lesbische Erfahrung, die die Pornoindustrie erweitern muss.\" \/>\n<meta name=\"robots\" content=\"index, follow, max-snippet:-1, max-image-preview:large, max-video-preview:-1\" \/>\n<link rel=\"canonical\" href=\"https:\/\/pornmate.com\/de\/lesbea\" \/>\n<meta property=\"og:locale\" content=\"de_DE\" \/>\n<meta property=\"og:type\" content=\"article\" \/>\n<meta property=\"og:title\" content=\"Lesbea und Liste der besten Pornoseiten | PornMate\" \/>\n<meta property=\"og:description\" content=\"Lesbea.com tut eine Sache, wie der Name schon sagt, aber es ist au\u00dfergew\u00f6hnlich gut.Diese Premium-Pornoseite konzentriert sich auf die erogenere und hexenhaftere lesbische Erfahrung, die die Pornoindustrie erweitern muss.\" \/>\n<meta property=\"og:url\" content=\"https:\/\/pornmate.com\/de\/lesbea\" \/>\n<meta property=\"og:site_name\" content=\"Besten Pornoseiten - Kostenlose Deutsche Pornos | PornMate.com\" \/>\n<meta property=\"article:modified_time\" content=\"2022-11-24T11:44:43+00:00\" \/>\n<meta name=\"twitter:card\" content=\"summary_large_image\" \/>\n<meta name=\"twitter:label1\" content=\"Gesch\u00e4tzte Lesezeit\" \/>\n\t<meta name=\"twitter:data1\" content=\"1\u00a0Minute\" \/>\n<script type=\"application\/ld+json\" class=\"yoast-schema-graph\">{\"@context\":\"https:\/\/schema.org\",\"@graph\":[{\"@type\":\"WebPage\",\"@id\":\"https:\/\/pornmate.com\/de\/lesbea\",\"url\":\"https:\/\/pornmate.com\/de\/lesbea\",\"name\":\"Lesbea und Liste der besten Pornoseiten | PornMate\",\"isPartOf\":{\"@id\":\"https:\/\/pornmate.com\/de\/#website\"},\"datePublished\":\"2020-06-10T13:33:30+00:00\",\"dateModified\":\"2022-11-24T11:44:43+00:00\",\"description\":\"Lesbea.com tut eine Sache, wie der Name schon sagt, aber es ist au\u00dfergew\u00f6hnlich gut.Diese Premium-Pornoseite konzentriert sich auf die erogenere und hexenhaftere lesbische Erfahrung, die die Pornoindustrie erweitern muss.\",\"breadcrumb\":{\"@id\":\"https:\/\/pornmate.com\/de\/lesbea#breadcrumb\"},\"inLanguage\":\"de\",\"potentialAction\":[{\"@type\":\"ReadAction\",\"target\":[\"https:\/\/pornmate.com\/de\/lesbea\"]}]},{\"@type\":\"BreadcrumbList\",\"@id\":\"https:\/\/pornmate.com\/de\/lesbea#breadcrumb\",\"itemListElement\":[{\"@type\":\"ListItem\",\"position\":1,\"name\":\"Startseite\",\"item\":\"https:\/\/pornmate.com\/de\"},{\"@type\":\"ListItem\",\"position\":2,\"name\":\"Lesbea\"}]},{\"@type\":\"WebSite\",\"@id\":\"https:\/\/pornmate.com\/de\/#website\",\"url\":\"https:\/\/pornmate.com\/de\/\",\"name\":\"Besten Pornoseiten - Kostenlose Deutsche Pornos | PornMate.com\",\"description\":\"Kostenlose Pornos, ist Ihr Combo-Verzeichnis der besten gratis Pornoseiten, die Sie finden k\u00f6nnen, und das fantastische Seitenbewertungen, Kostenlose Deutsche sex Biografien von Pornostars und ihre xxx Freie Porno videos unter einem Dach pr\u00e4sentiert.\",\"publisher\":{\"@id\":\"https:\/\/pornmate.com\/de\/#organization\"},\"potentialAction\":[{\"@type\":\"SearchAction\",\"target\":{\"@type\":\"EntryPoint\",\"urlTemplate\":\"https:\/\/pornmate.com\/de\/?s={search_term_string}\"},\"query-input\":{\"@type\":\"PropertyValueSpecification\",\"valueRequired\":true,\"valueName\":\"search_term_string\"}}],\"inLanguage\":\"de\"},{\"@type\":\"Organization\",\"@id\":\"https:\/\/pornmate.com\/de\/#organization\",\"name\":\"Besten Pornoseiten - Kostenlose Deutsche Pornos | PornMate.com\",\"url\":\"https:\/\/pornmate.com\/de\/\",\"logo\":{\"@type\":\"ImageObject\",\"inLanguage\":\"de\",\"@id\":\"https:\/\/pornmate.com\/de\/#\/schema\/logo\/image\/\",\"url\":\"https:\/\/pornmate.com\/de\/wp-content\/uploads\/2022\/11\/pornmate-1.png\",\"contentUrl\":\"https:\/\/pornmate.com\/de\/wp-content\/uploads\/2022\/11\/pornmate-1.png\",\"width\":203,\"height\":200,\"caption\":\"Besten Pornoseiten - Kostenlose Deutsche Pornos | PornMate.com\"},\"image\":{\"@id\":\"https:\/\/pornmate.com\/de\/#\/schema\/logo\/image\/\"}}]}<\/script>\n<!-- \/ Yoast SEO plugin. -->","yoast_head_json":{"title":"Lesbea und Liste der besten Pornoseiten | PornMate","description":"Lesbea.com tut eine Sache, wie der Name schon sagt, aber es ist au\u00dfergew\u00f6hnlich gut.Diese Premium-Pornoseite konzentriert sich auf die erogenere und hexenhaftere lesbische Erfahrung, die die Pornoindustrie erweitern muss.","robots":{"index":"index","follow":"follow","max-snippet":"max-snippet:-1","max-image-preview":"max-image-preview:large","max-video-preview":"max-video-preview:-1"},"canonical":"https:\/\/pornmate.com\/de\/lesbea","og_locale":"de_DE","og_type":"article","og_title":"Lesbea und Liste der besten Pornoseiten | PornMate","og_description":"Lesbea.com tut eine Sache, wie der Name schon sagt, aber es ist au\u00dfergew\u00f6hnlich gut.Diese Premium-Pornoseite konzentriert sich auf die erogenere und hexenhaftere lesbische Erfahrung, die die Pornoindustrie erweitern muss.","og_url":"https:\/\/pornmate.com\/de\/lesbea","og_site_name":"Besten Pornoseiten - Kostenlose Deutsche Pornos | PornMate.com","article_modified_time":"2022-11-24T11:44:43+00:00","twitter_card":"summary_large_image","twitter_misc":{"Gesch\u00e4tzte Lesezeit":"1\u00a0Minute"},"schema":{"@context":"https:\/\/schema.org","@graph":[{"@type":"WebPage","@id":"https:\/\/pornmate.com\/de\/lesbea","url":"https:\/\/pornmate.com\/de\/lesbea","name":"Lesbea und Liste der besten Pornoseiten | PornMate","isPartOf":{"@id":"https:\/\/pornmate.com\/de\/#website"},"datePublished":"2020-06-10T13:33:30+00:00","dateModified":"2022-11-24T11:44:43+00:00","description":"Lesbea.com tut eine Sache, wie der Name schon sagt, aber es ist au\u00dfergew\u00f6hnlich gut.Diese Premium-Pornoseite konzentriert sich auf die erogenere und hexenhaftere lesbische Erfahrung, die die Pornoindustrie erweitern muss.","breadcrumb":{"@id":"https:\/\/pornmate.com\/de\/lesbea#breadcrumb"},"inLanguage":"de","potentialAction":[{"@type":"ReadAction","target":["https:\/\/pornmate.com\/de\/lesbea"]}]},{"@type":"BreadcrumbList","@id":"https:\/\/pornmate.com\/de\/lesbea#breadcrumb","itemListElement":[{"@type":"ListItem","position":1,"name":"Startseite","item":"https:\/\/pornmate.com\/de"},{"@type":"ListItem","position":2,"name":"Lesbea"}]},{"@type":"WebSite","@id":"https:\/\/pornmate.com\/de\/#website","url":"https:\/\/pornmate.com\/de\/","name":"Besten Pornoseiten - Kostenlose Deutsche Pornos | PornMate.com","description":"Kostenlose Pornos, ist Ihr Combo-Verzeichnis der besten gratis Pornoseiten, die Sie finden k\u00f6nnen, und das fantastische Seitenbewertungen, Kostenlose Deutsche sex Biografien von Pornostars und ihre xxx Freie Porno videos unter einem Dach pr\u00e4sentiert.","publisher":{"@id":"https:\/\/pornmate.com\/de\/#organization"},"potentialAction":[{"@type":"SearchAction","target":{"@type":"EntryPoint","urlTemplate":"https:\/\/pornmate.com\/de\/?s={search_term_string}"},"query-input":{"@type":"PropertyValueSpecification","valueRequired":true,"valueName":"search_term_string"}}],"inLanguage":"de"},{"@type":"Organization","@id":"https:\/\/pornmate.com\/de\/#organization","name":"Besten Pornoseiten - Kostenlose Deutsche Pornos | PornMate.com","url":"https:\/\/pornmate.com\/de\/","logo":{"@type":"ImageObject","inLanguage":"de","@id":"https:\/\/pornmate.com\/de\/#\/schema\/logo\/image\/","url":"https:\/\/pornmate.com\/de\/wp-content\/uploads\/2022\/11\/pornmate-1.png","contentUrl":"https:\/\/pornmate.com\/de\/wp-content\/uploads\/2022\/11\/pornmate-1.png","width":203,"height":200,"caption":"Besten Pornoseiten - Kostenlose Deutsche Pornos | PornMate.com"},"image":{"@id":"https:\/\/pornmate.com\/de\/#\/schema\/logo\/image\/"}}]}},"_links":{"self":[{"href":"https:\/\/pornmate.com\/de\/wp-json\/wp\/v2\/pages\/10418","targetHints":{"allow":["GET"]}}],"collection":[{"href":"https:\/\/pornmate.com\/de\/wp-json\/wp\/v2\/pages"}],"about":[{"href":"https:\/\/pornmate.com\/de\/wp-json\/wp\/v2\/types\/page"}],"author":[{"embeddable":true,"href":"https:\/\/pornmate.com\/de\/wp-json\/wp\/v2\/users\/1"}],"replies":[{"embeddable":true,"href":"https:\/\/pornmate.com\/de\/wp-json\/wp\/v2\/comments?post=10418"}],"version-history":[{"count":0,"href":"https:\/\/pornmate.com\/de\/wp-json\/wp\/v2\/pages\/10418\/revisions"}],"wp:attachment":[{"href":"https:\/\/pornmate.com\/de\/wp-json\/wp\/v2\/media?parent=10418"}],"curies":[{"name":"wp","href":"https:\/\/api.w.org\/{rel}","templated":true}]}}