{"id":10420,"date":"2020-06-10T13:35:52","date_gmt":"2020-06-10T13:35:52","guid":{"rendered":"https:\/\/pornmate.com\/?page_id=10420"},"modified":"2022-11-24T12:47:30","modified_gmt":"2022-11-24T11:47:30","slug":"massagerooms","status":"publish","type":"page","link":"https:\/\/pornmate.com\/de\/massagerooms","title":{"rendered":"MassageRooms"},"content":{"rendered":"<p>MassageRooms.com ist aufregend und arbeitet darauf hin, ein Pionier in der Branche zu sein. Sie wei\u00df, dass Massagen immer zu den hei\u00dfesten und hei\u00dfesten Themen f\u00fchren. Sie haben eine Pornoseite in Premium-Qualit\u00e4t eingerichtet, die die hei\u00dfesten Inhalte zu diesem Thema bietet. Also, egal wonach du suchst, wenn es um leidenschaftliche Fickmassagen geht, haben sie es. Es gibt wundersch\u00f6ne hei\u00dfe Babes da drau\u00dfen, die \u00d6l verwenden, um ihren m\u00e4nnlichen oder weiblichen Kunden zu gefallen, bevor sie auf ihre Schw\u00e4nze springen oder mehrere intensive Orgasmen in ihren Fotzen haben. Auf der anderen Seite nutzen m\u00e4nnliche Masseure ihr Fachwissen und ihre F\u00e4higkeiten, um umwerfende Sch\u00f6nheiten zu verf\u00fchren und sie in hungrige Prostituierte zu verwandeln. MassageRooms.com bietet eine unglaubliche Vielfalt an \u00dcberraschungen in den Szenen, wenn man bedenkt, dass alle ihre Szenen auf die gleiche Weise beginnen. Alles von Hand- und Oralsex \u00fcber Lesben, harten Analsex bis hin zu Interracial-Sex liegt in Ihren H\u00e4nden. Die Szene ist immer lebendig, sauber und minimalistisch. Somit liegt Ihr ganzer Fokus auf den K\u00fcnstlern und ihrer Freude aneinander und ihrer Praxis. Jedes M\u00e4dchen ist hei\u00dfer als das andere. Das Filmemachen ist erstklassig und die Videoqualit\u00e4t ist tadellos. Es gibt noch etwas zu beachten, wenn Sie eine Premium-Mitgliedschaft bei MassageRooms.com erwerben m\u00f6chten. Es ist so, dass Sie eine Reihe anderer Websites im Netzwerk kostenlos\u00a0erhalten.<\/p>\n","protected":false},"excerpt":{"rendered":"<p>MassageRooms.com ist aufregend und arbeitet darauf hin, ein Pionier in der Branche zu sein. Sie wei\u00df, dass Massagen immer zu den hei\u00dfesten und hei\u00dfesten Themen f\u00fchren. Sie haben eine Pornoseite in Premium-Qualit\u00e4t eingerichtet, die die hei\u00dfesten Inhalte zu diesem Thema bietet. Also, egal wonach du suchst, wenn es um leidenschaftliche Fickmassagen geht, haben sie es. [&hellip;]<\/p>\n","protected":false},"author":1,"featured_media":0,"parent":0,"menu_order":0,"comment_status":"closed","ping_status":"closed","template":"page-star-stil.php","meta":{"footnotes":""},"class_list":["post-10420","page","type-page","status-publish","hentry"],"yoast_head":"<!-- This site is optimized with the Yoast SEO plugin v27.2 - https:\/\/yoast.com\/product\/yoast-seo-wordpress\/ -->\n<title>MassageRooms und Liste der besten Pornoseiten | PornMate<\/title>\n<meta name=\"description\" content=\"MassageRooms.com ist aufregend und arbeitet darauf hin, ein Pionier in der Branche zu sein. Sie wei\u00df, dass Massagen immer zu den hei\u00dfesten und hei\u00dfesten Themen f\u00fchren. Sie haben eine Pornoseite in Premium-Qualit\u00e4t eingerichtet, die die hei\u00dfesten Inhalte zu diesem Thema bietet. Also, egal wonach du suchst, wenn es um leidenschaftliche Fickmassagen geht, haben sie es.\" \/>\n<meta name=\"robots\" content=\"index, follow, max-snippet:-1, max-image-preview:large, max-video-preview:-1\" \/>\n<link rel=\"canonical\" href=\"https:\/\/pornmate.com\/de\/massagerooms\" \/>\n<meta property=\"og:locale\" content=\"de_DE\" \/>\n<meta property=\"og:type\" content=\"article\" \/>\n<meta property=\"og:title\" content=\"MassageRooms und Liste der besten Pornoseiten | PornMate\" \/>\n<meta property=\"og:description\" content=\"MassageRooms.com ist aufregend und arbeitet darauf hin, ein Pionier in der Branche zu sein. Sie wei\u00df, dass Massagen immer zu den hei\u00dfesten und hei\u00dfesten Themen f\u00fchren. Sie haben eine Pornoseite in Premium-Qualit\u00e4t eingerichtet, die die hei\u00dfesten Inhalte zu diesem Thema bietet. Also, egal wonach du suchst, wenn es um leidenschaftliche Fickmassagen geht, haben sie es.\" \/>\n<meta property=\"og:url\" content=\"https:\/\/pornmate.com\/de\/massagerooms\" \/>\n<meta property=\"og:site_name\" content=\"Besten Pornoseiten - Kostenlose Deutsche Pornos | PornMate.com\" \/>\n<meta property=\"article:modified_time\" content=\"2022-11-24T11:47:30+00:00\" \/>\n<meta name=\"twitter:card\" content=\"summary_large_image\" \/>\n<meta name=\"twitter:label1\" content=\"Gesch\u00e4tzte Lesezeit\" \/>\n\t<meta name=\"twitter:data1\" content=\"2\u00a0Minuten\" \/>\n<script type=\"application\/ld+json\" class=\"yoast-schema-graph\">{\"@context\":\"https:\/\/schema.org\",\"@graph\":[{\"@type\":\"WebPage\",\"@id\":\"https:\/\/pornmate.com\/de\/massagerooms\",\"url\":\"https:\/\/pornmate.com\/de\/massagerooms\",\"name\":\"MassageRooms und Liste der besten Pornoseiten | PornMate\",\"isPartOf\":{\"@id\":\"https:\/\/pornmate.com\/de\/#website\"},\"datePublished\":\"2020-06-10T13:35:52+00:00\",\"dateModified\":\"2022-11-24T11:47:30+00:00\",\"description\":\"MassageRooms.com ist aufregend und arbeitet darauf hin, ein Pionier in der Branche zu sein. Sie wei\u00df, dass Massagen immer zu den hei\u00dfesten und hei\u00dfesten Themen f\u00fchren. Sie haben eine Pornoseite in Premium-Qualit\u00e4t eingerichtet, die die hei\u00dfesten Inhalte zu diesem Thema bietet. Also, egal wonach du suchst, wenn es um leidenschaftliche Fickmassagen geht, haben sie es.\",\"breadcrumb\":{\"@id\":\"https:\/\/pornmate.com\/de\/massagerooms#breadcrumb\"},\"inLanguage\":\"de\",\"potentialAction\":[{\"@type\":\"ReadAction\",\"target\":[\"https:\/\/pornmate.com\/de\/massagerooms\"]}]},{\"@type\":\"BreadcrumbList\",\"@id\":\"https:\/\/pornmate.com\/de\/massagerooms#breadcrumb\",\"itemListElement\":[{\"@type\":\"ListItem\",\"position\":1,\"name\":\"Startseite\",\"item\":\"https:\/\/pornmate.com\/de\"},{\"@type\":\"ListItem\",\"position\":2,\"name\":\"MassageRooms\"}]},{\"@type\":\"WebSite\",\"@id\":\"https:\/\/pornmate.com\/de\/#website\",\"url\":\"https:\/\/pornmate.com\/de\/\",\"name\":\"Besten Pornoseiten - Kostenlose Deutsche Pornos | PornMate.com\",\"description\":\"Kostenlose Pornos, ist Ihr Combo-Verzeichnis der besten gratis Pornoseiten, die Sie finden k\u00f6nnen, und das fantastische Seitenbewertungen, Kostenlose Deutsche sex Biografien von Pornostars und ihre xxx Freie Porno videos unter einem Dach pr\u00e4sentiert.\",\"publisher\":{\"@id\":\"https:\/\/pornmate.com\/de\/#organization\"},\"potentialAction\":[{\"@type\":\"SearchAction\",\"target\":{\"@type\":\"EntryPoint\",\"urlTemplate\":\"https:\/\/pornmate.com\/de\/?s={search_term_string}\"},\"query-input\":{\"@type\":\"PropertyValueSpecification\",\"valueRequired\":true,\"valueName\":\"search_term_string\"}}],\"inLanguage\":\"de\"},{\"@type\":\"Organization\",\"@id\":\"https:\/\/pornmate.com\/de\/#organization\",\"name\":\"Besten Pornoseiten - Kostenlose Deutsche Pornos | PornMate.com\",\"url\":\"https:\/\/pornmate.com\/de\/\",\"logo\":{\"@type\":\"ImageObject\",\"inLanguage\":\"de\",\"@id\":\"https:\/\/pornmate.com\/de\/#\/schema\/logo\/image\/\",\"url\":\"https:\/\/pornmate.com\/de\/wp-content\/uploads\/2022\/11\/pornmate-1.png\",\"contentUrl\":\"https:\/\/pornmate.com\/de\/wp-content\/uploads\/2022\/11\/pornmate-1.png\",\"width\":203,\"height\":200,\"caption\":\"Besten Pornoseiten - Kostenlose Deutsche Pornos | PornMate.com\"},\"image\":{\"@id\":\"https:\/\/pornmate.com\/de\/#\/schema\/logo\/image\/\"}}]}<\/script>\n<!-- \/ Yoast SEO plugin. -->","yoast_head_json":{"title":"MassageRooms und Liste der besten Pornoseiten | PornMate","description":"MassageRooms.com ist aufregend und arbeitet darauf hin, ein Pionier in der Branche zu sein. Sie wei\u00df, dass Massagen immer zu den hei\u00dfesten und hei\u00dfesten Themen f\u00fchren. Sie haben eine Pornoseite in Premium-Qualit\u00e4t eingerichtet, die die hei\u00dfesten Inhalte zu diesem Thema bietet. Also, egal wonach du suchst, wenn es um leidenschaftliche Fickmassagen geht, haben sie es.","robots":{"index":"index","follow":"follow","max-snippet":"max-snippet:-1","max-image-preview":"max-image-preview:large","max-video-preview":"max-video-preview:-1"},"canonical":"https:\/\/pornmate.com\/de\/massagerooms","og_locale":"de_DE","og_type":"article","og_title":"MassageRooms und Liste der besten Pornoseiten | PornMate","og_description":"MassageRooms.com ist aufregend und arbeitet darauf hin, ein Pionier in der Branche zu sein. Sie wei\u00df, dass Massagen immer zu den hei\u00dfesten und hei\u00dfesten Themen f\u00fchren. Sie haben eine Pornoseite in Premium-Qualit\u00e4t eingerichtet, die die hei\u00dfesten Inhalte zu diesem Thema bietet. Also, egal wonach du suchst, wenn es um leidenschaftliche Fickmassagen geht, haben sie es.","og_url":"https:\/\/pornmate.com\/de\/massagerooms","og_site_name":"Besten Pornoseiten - Kostenlose Deutsche Pornos | PornMate.com","article_modified_time":"2022-11-24T11:47:30+00:00","twitter_card":"summary_large_image","twitter_misc":{"Gesch\u00e4tzte Lesezeit":"2\u00a0Minuten"},"schema":{"@context":"https:\/\/schema.org","@graph":[{"@type":"WebPage","@id":"https:\/\/pornmate.com\/de\/massagerooms","url":"https:\/\/pornmate.com\/de\/massagerooms","name":"MassageRooms und Liste der besten Pornoseiten | PornMate","isPartOf":{"@id":"https:\/\/pornmate.com\/de\/#website"},"datePublished":"2020-06-10T13:35:52+00:00","dateModified":"2022-11-24T11:47:30+00:00","description":"MassageRooms.com ist aufregend und arbeitet darauf hin, ein Pionier in der Branche zu sein. Sie wei\u00df, dass Massagen immer zu den hei\u00dfesten und hei\u00dfesten Themen f\u00fchren. Sie haben eine Pornoseite in Premium-Qualit\u00e4t eingerichtet, die die hei\u00dfesten Inhalte zu diesem Thema bietet. Also, egal wonach du suchst, wenn es um leidenschaftliche Fickmassagen geht, haben sie es.","breadcrumb":{"@id":"https:\/\/pornmate.com\/de\/massagerooms#breadcrumb"},"inLanguage":"de","potentialAction":[{"@type":"ReadAction","target":["https:\/\/pornmate.com\/de\/massagerooms"]}]},{"@type":"BreadcrumbList","@id":"https:\/\/pornmate.com\/de\/massagerooms#breadcrumb","itemListElement":[{"@type":"ListItem","position":1,"name":"Startseite","item":"https:\/\/pornmate.com\/de"},{"@type":"ListItem","position":2,"name":"MassageRooms"}]},{"@type":"WebSite","@id":"https:\/\/pornmate.com\/de\/#website","url":"https:\/\/pornmate.com\/de\/","name":"Besten Pornoseiten - Kostenlose Deutsche Pornos | PornMate.com","description":"Kostenlose Pornos, ist Ihr Combo-Verzeichnis der besten gratis Pornoseiten, die Sie finden k\u00f6nnen, und das fantastische Seitenbewertungen, Kostenlose Deutsche sex Biografien von Pornostars und ihre xxx Freie Porno videos unter einem Dach pr\u00e4sentiert.","publisher":{"@id":"https:\/\/pornmate.com\/de\/#organization"},"potentialAction":[{"@type":"SearchAction","target":{"@type":"EntryPoint","urlTemplate":"https:\/\/pornmate.com\/de\/?s={search_term_string}"},"query-input":{"@type":"PropertyValueSpecification","valueRequired":true,"valueName":"search_term_string"}}],"inLanguage":"de"},{"@type":"Organization","@id":"https:\/\/pornmate.com\/de\/#organization","name":"Besten Pornoseiten - Kostenlose Deutsche Pornos | PornMate.com","url":"https:\/\/pornmate.com\/de\/","logo":{"@type":"ImageObject","inLanguage":"de","@id":"https:\/\/pornmate.com\/de\/#\/schema\/logo\/image\/","url":"https:\/\/pornmate.com\/de\/wp-content\/uploads\/2022\/11\/pornmate-1.png","contentUrl":"https:\/\/pornmate.com\/de\/wp-content\/uploads\/2022\/11\/pornmate-1.png","width":203,"height":200,"caption":"Besten Pornoseiten - Kostenlose Deutsche Pornos | PornMate.com"},"image":{"@id":"https:\/\/pornmate.com\/de\/#\/schema\/logo\/image\/"}}]}},"_links":{"self":[{"href":"https:\/\/pornmate.com\/de\/wp-json\/wp\/v2\/pages\/10420","targetHints":{"allow":["GET"]}}],"collection":[{"href":"https:\/\/pornmate.com\/de\/wp-json\/wp\/v2\/pages"}],"about":[{"href":"https:\/\/pornmate.com\/de\/wp-json\/wp\/v2\/types\/page"}],"author":[{"embeddable":true,"href":"https:\/\/pornmate.com\/de\/wp-json\/wp\/v2\/users\/1"}],"replies":[{"embeddable":true,"href":"https:\/\/pornmate.com\/de\/wp-json\/wp\/v2\/comments?post=10420"}],"version-history":[{"count":0,"href":"https:\/\/pornmate.com\/de\/wp-json\/wp\/v2\/pages\/10420\/revisions"}],"wp:attachment":[{"href":"https:\/\/pornmate.com\/de\/wp-json\/wp\/v2\/media?parent=10420"}],"curies":[{"name":"wp","href":"https:\/\/api.w.org\/{rel}","templated":true}]}}