{"id":10422,"date":"2020-06-10T13:39:37","date_gmt":"2020-06-10T13:39:37","guid":{"rendered":"https:\/\/pornmate.com\/?page_id=10422"},"modified":"2022-11-24T12:48:41","modified_gmt":"2022-11-24T11:48:41","slug":"mom-xxx","status":"publish","type":"page","link":"https:\/\/pornmate.com\/de\/mom-xxx","title":{"rendered":"Mom xxx"},"content":{"rendered":"<p>MomXXX.com bietet Babys in bester Qualit\u00e4t aus den besten Videos, die Sie je gesehen haben. Jeder liebt eine MILF. Sie sind sch\u00f6n, sie haben weibliche K\u00f6rper, ihr Hunger nach Sex ist uners\u00e4ttlich und sie sind Experten darin. Jede MILF in diesen Videos ist umwerfend, von umwerfenden Blondinen bis hin zu bezaubernden Br\u00fcnetten. Namen wie Anissa Kate, Subil Arch, Kathy Anderson oder Georgie Lyall kennst du wahrscheinlich schon, also wei\u00dft du, was dich erwartet. Jedes Video auf MomXXX.com bringt eine einzigartige, neue Abwechslung in die Hardcore-MILF-Action. Einige Szenen werden in Schlafzimmern gedreht, w\u00e4hrend andere in der K\u00fcche, im B\u00fcro oder an aufregenderen Orten wie diesem gedreht werden. Und die Aktion selbst ist sehr variabel. Sinnliche und kurvige M\u00fctter genie\u00dfen es, zierliche Teenager durch diejenigen, die es vorziehen, gro\u00dfe, pochende Schw\u00e4nze in ihre engen Arschl\u00f6cher zu bekommen, in hei\u00dfes lesbisches Liebesspiel zu bringen. Die Homepage ist mit vielen faszinierenden Miniaturansichten gef\u00fcllt, die diese Vielfalt zeigen, und Sie k\u00f6nnen mit der Maus \u00fcber eine davon fahren, um eine Vorschau des Videos zu sehen. Ein MomXXX.com-Mitglied zu werden ist nur einen Klick entfernt und Sie k\u00f6nnen sogar eine 2-t\u00e4gige Testversion f\u00fcr 1,00 $ erhalten. Als Bonus erhalten Sie mit einem Abonnement Zugriff auf das gesamte Netzwerk von Websites.<\/p>\n","protected":false},"excerpt":{"rendered":"<p>MomXXX.com bietet Babys in bester Qualit\u00e4t aus den besten Videos, die Sie je gesehen haben. Jeder liebt eine MILF. Sie sind sch\u00f6n, sie haben weibliche K\u00f6rper, ihr Hunger nach Sex ist uners\u00e4ttlich und sie sind Experten darin. Jede MILF in diesen Videos ist umwerfend, von umwerfenden Blondinen bis hin zu bezaubernden Br\u00fcnetten. Namen wie Anissa [&hellip;]<\/p>\n","protected":false},"author":1,"featured_media":0,"parent":0,"menu_order":0,"comment_status":"closed","ping_status":"closed","template":"page-star-stil.php","meta":{"footnotes":""},"class_list":["post-10422","page","type-page","status-publish","hentry"],"yoast_head":"<!-- This site is optimized with the Yoast SEO plugin v27.4 - https:\/\/yoast.com\/product\/yoast-seo-wordpress\/ -->\n<title>Mom xxx und Liste der besten Pornoseiten | PornMate<\/title>\n<meta name=\"description\" content=\"MomXXX.com bietet Babys in bester Qualit\u00e4t aus den besten Videos, die Sie je gesehen haben. Jeder liebt eine MILF. Sie sind sch\u00f6n, sie haben weibliche K\u00f6rper, ihr Hunger nach Sex ist uners\u00e4ttlich und sie sind Experten darin. Jede MILF in diesen Videos ist umwerfend, von umwerfenden Blondinen bis hin zu bezaubernden Br\u00fcnetten.\" \/>\n<meta name=\"robots\" content=\"index, follow, max-snippet:-1, max-image-preview:large, max-video-preview:-1\" \/>\n<link rel=\"canonical\" href=\"https:\/\/pornmate.com\/de\/mom-xxx\" \/>\n<meta property=\"og:locale\" content=\"de_DE\" \/>\n<meta property=\"og:type\" content=\"article\" \/>\n<meta property=\"og:title\" content=\"Mom xxx und Liste der besten Pornoseiten | PornMate\" \/>\n<meta property=\"og:description\" content=\"MomXXX.com bietet Babys in bester Qualit\u00e4t aus den besten Videos, die Sie je gesehen haben. Jeder liebt eine MILF. Sie sind sch\u00f6n, sie haben weibliche K\u00f6rper, ihr Hunger nach Sex ist uners\u00e4ttlich und sie sind Experten darin. Jede MILF in diesen Videos ist umwerfend, von umwerfenden Blondinen bis hin zu bezaubernden Br\u00fcnetten.\" \/>\n<meta property=\"og:url\" content=\"https:\/\/pornmate.com\/de\/mom-xxx\" \/>\n<meta property=\"og:site_name\" content=\"Besten Pornoseiten - Kostenlose Deutsche Pornos | PornMate.com\" \/>\n<meta property=\"article:modified_time\" content=\"2022-11-24T11:48:41+00:00\" \/>\n<meta name=\"twitter:card\" content=\"summary_large_image\" \/>\n<meta name=\"twitter:label1\" content=\"Gesch\u00e4tzte Lesezeit\" \/>\n\t<meta name=\"twitter:data1\" content=\"2\u00a0Minuten\" \/>\n<script type=\"application\/ld+json\" class=\"yoast-schema-graph\">{\"@context\":\"https:\\\/\\\/schema.org\",\"@graph\":[{\"@type\":\"WebPage\",\"@id\":\"https:\\\/\\\/pornmate.com\\\/de\\\/mom-xxx\",\"url\":\"https:\\\/\\\/pornmate.com\\\/de\\\/mom-xxx\",\"name\":\"Mom xxx und Liste der besten Pornoseiten | PornMate\",\"isPartOf\":{\"@id\":\"https:\\\/\\\/pornmate.com\\\/de\\\/#website\"},\"datePublished\":\"2020-06-10T13:39:37+00:00\",\"dateModified\":\"2022-11-24T11:48:41+00:00\",\"description\":\"MomXXX.com bietet Babys in bester Qualit\u00e4t aus den besten Videos, die Sie je gesehen haben. Jeder liebt eine MILF. Sie sind sch\u00f6n, sie haben weibliche K\u00f6rper, ihr Hunger nach Sex ist uners\u00e4ttlich und sie sind Experten darin. Jede MILF in diesen Videos ist umwerfend, von umwerfenden Blondinen bis hin zu bezaubernden Br\u00fcnetten.\",\"breadcrumb\":{\"@id\":\"https:\\\/\\\/pornmate.com\\\/de\\\/mom-xxx#breadcrumb\"},\"inLanguage\":\"de\",\"potentialAction\":[{\"@type\":\"ReadAction\",\"target\":[\"https:\\\/\\\/pornmate.com\\\/de\\\/mom-xxx\"]}]},{\"@type\":\"BreadcrumbList\",\"@id\":\"https:\\\/\\\/pornmate.com\\\/de\\\/mom-xxx#breadcrumb\",\"itemListElement\":[{\"@type\":\"ListItem\",\"position\":1,\"name\":\"Startseite\",\"item\":\"https:\\\/\\\/pornmate.com\\\/de\"},{\"@type\":\"ListItem\",\"position\":2,\"name\":\"Mom xxx\"}]},{\"@type\":\"WebSite\",\"@id\":\"https:\\\/\\\/pornmate.com\\\/de\\\/#website\",\"url\":\"https:\\\/\\\/pornmate.com\\\/de\\\/\",\"name\":\"Besten Pornoseiten - Kostenlose Deutsche Pornos | PornMate.com\",\"description\":\"Kostenlose Pornos, ist Ihr Combo-Verzeichnis der besten gratis Pornoseiten, die Sie finden k\u00f6nnen, und das fantastische Seitenbewertungen, Kostenlose Deutsche sex Biografien von Pornostars und ihre xxx Freie Porno videos unter einem Dach pr\u00e4sentiert.\",\"publisher\":{\"@id\":\"https:\\\/\\\/pornmate.com\\\/de\\\/#organization\"},\"potentialAction\":[{\"@type\":\"SearchAction\",\"target\":{\"@type\":\"EntryPoint\",\"urlTemplate\":\"https:\\\/\\\/pornmate.com\\\/de\\\/?s={search_term_string}\"},\"query-input\":{\"@type\":\"PropertyValueSpecification\",\"valueRequired\":true,\"valueName\":\"search_term_string\"}}],\"inLanguage\":\"de\"},{\"@type\":\"Organization\",\"@id\":\"https:\\\/\\\/pornmate.com\\\/de\\\/#organization\",\"name\":\"Besten Pornoseiten - Kostenlose Deutsche Pornos | PornMate.com\",\"url\":\"https:\\\/\\\/pornmate.com\\\/de\\\/\",\"logo\":{\"@type\":\"ImageObject\",\"inLanguage\":\"de\",\"@id\":\"https:\\\/\\\/pornmate.com\\\/de\\\/#\\\/schema\\\/logo\\\/image\\\/\",\"url\":\"https:\\\/\\\/pornmate.com\\\/de\\\/wp-content\\\/uploads\\\/2022\\\/11\\\/pornmate-1.png\",\"contentUrl\":\"https:\\\/\\\/pornmate.com\\\/de\\\/wp-content\\\/uploads\\\/2022\\\/11\\\/pornmate-1.png\",\"width\":203,\"height\":200,\"caption\":\"Besten Pornoseiten - Kostenlose Deutsche Pornos | PornMate.com\"},\"image\":{\"@id\":\"https:\\\/\\\/pornmate.com\\\/de\\\/#\\\/schema\\\/logo\\\/image\\\/\"}}]}<\/script>\n<!-- \/ Yoast SEO plugin. -->","yoast_head_json":{"title":"Mom xxx und Liste der besten Pornoseiten | PornMate","description":"MomXXX.com bietet Babys in bester Qualit\u00e4t aus den besten Videos, die Sie je gesehen haben. Jeder liebt eine MILF. Sie sind sch\u00f6n, sie haben weibliche K\u00f6rper, ihr Hunger nach Sex ist uners\u00e4ttlich und sie sind Experten darin. Jede MILF in diesen Videos ist umwerfend, von umwerfenden Blondinen bis hin zu bezaubernden Br\u00fcnetten.","robots":{"index":"index","follow":"follow","max-snippet":"max-snippet:-1","max-image-preview":"max-image-preview:large","max-video-preview":"max-video-preview:-1"},"canonical":"https:\/\/pornmate.com\/de\/mom-xxx","og_locale":"de_DE","og_type":"article","og_title":"Mom xxx und Liste der besten Pornoseiten | PornMate","og_description":"MomXXX.com bietet Babys in bester Qualit\u00e4t aus den besten Videos, die Sie je gesehen haben. Jeder liebt eine MILF. Sie sind sch\u00f6n, sie haben weibliche K\u00f6rper, ihr Hunger nach Sex ist uners\u00e4ttlich und sie sind Experten darin. Jede MILF in diesen Videos ist umwerfend, von umwerfenden Blondinen bis hin zu bezaubernden Br\u00fcnetten.","og_url":"https:\/\/pornmate.com\/de\/mom-xxx","og_site_name":"Besten Pornoseiten - Kostenlose Deutsche Pornos | PornMate.com","article_modified_time":"2022-11-24T11:48:41+00:00","twitter_card":"summary_large_image","twitter_misc":{"Gesch\u00e4tzte Lesezeit":"2\u00a0Minuten"},"schema":{"@context":"https:\/\/schema.org","@graph":[{"@type":"WebPage","@id":"https:\/\/pornmate.com\/de\/mom-xxx","url":"https:\/\/pornmate.com\/de\/mom-xxx","name":"Mom xxx und Liste der besten Pornoseiten | PornMate","isPartOf":{"@id":"https:\/\/pornmate.com\/de\/#website"},"datePublished":"2020-06-10T13:39:37+00:00","dateModified":"2022-11-24T11:48:41+00:00","description":"MomXXX.com bietet Babys in bester Qualit\u00e4t aus den besten Videos, die Sie je gesehen haben. Jeder liebt eine MILF. Sie sind sch\u00f6n, sie haben weibliche K\u00f6rper, ihr Hunger nach Sex ist uners\u00e4ttlich und sie sind Experten darin. Jede MILF in diesen Videos ist umwerfend, von umwerfenden Blondinen bis hin zu bezaubernden Br\u00fcnetten.","breadcrumb":{"@id":"https:\/\/pornmate.com\/de\/mom-xxx#breadcrumb"},"inLanguage":"de","potentialAction":[{"@type":"ReadAction","target":["https:\/\/pornmate.com\/de\/mom-xxx"]}]},{"@type":"BreadcrumbList","@id":"https:\/\/pornmate.com\/de\/mom-xxx#breadcrumb","itemListElement":[{"@type":"ListItem","position":1,"name":"Startseite","item":"https:\/\/pornmate.com\/de"},{"@type":"ListItem","position":2,"name":"Mom xxx"}]},{"@type":"WebSite","@id":"https:\/\/pornmate.com\/de\/#website","url":"https:\/\/pornmate.com\/de\/","name":"Besten Pornoseiten - Kostenlose Deutsche Pornos | PornMate.com","description":"Kostenlose Pornos, ist Ihr Combo-Verzeichnis der besten gratis Pornoseiten, die Sie finden k\u00f6nnen, und das fantastische Seitenbewertungen, Kostenlose Deutsche sex Biografien von Pornostars und ihre xxx Freie Porno videos unter einem Dach pr\u00e4sentiert.","publisher":{"@id":"https:\/\/pornmate.com\/de\/#organization"},"potentialAction":[{"@type":"SearchAction","target":{"@type":"EntryPoint","urlTemplate":"https:\/\/pornmate.com\/de\/?s={search_term_string}"},"query-input":{"@type":"PropertyValueSpecification","valueRequired":true,"valueName":"search_term_string"}}],"inLanguage":"de"},{"@type":"Organization","@id":"https:\/\/pornmate.com\/de\/#organization","name":"Besten Pornoseiten - Kostenlose Deutsche Pornos | PornMate.com","url":"https:\/\/pornmate.com\/de\/","logo":{"@type":"ImageObject","inLanguage":"de","@id":"https:\/\/pornmate.com\/de\/#\/schema\/logo\/image\/","url":"https:\/\/pornmate.com\/de\/wp-content\/uploads\/2022\/11\/pornmate-1.png","contentUrl":"https:\/\/pornmate.com\/de\/wp-content\/uploads\/2022\/11\/pornmate-1.png","width":203,"height":200,"caption":"Besten Pornoseiten - Kostenlose Deutsche Pornos | PornMate.com"},"image":{"@id":"https:\/\/pornmate.com\/de\/#\/schema\/logo\/image\/"}}]}},"_links":{"self":[{"href":"https:\/\/pornmate.com\/de\/wp-json\/wp\/v2\/pages\/10422","targetHints":{"allow":["GET"]}}],"collection":[{"href":"https:\/\/pornmate.com\/de\/wp-json\/wp\/v2\/pages"}],"about":[{"href":"https:\/\/pornmate.com\/de\/wp-json\/wp\/v2\/types\/page"}],"author":[{"embeddable":true,"href":"https:\/\/pornmate.com\/de\/wp-json\/wp\/v2\/users\/1"}],"replies":[{"embeddable":true,"href":"https:\/\/pornmate.com\/de\/wp-json\/wp\/v2\/comments?post=10422"}],"version-history":[{"count":0,"href":"https:\/\/pornmate.com\/de\/wp-json\/wp\/v2\/pages\/10422\/revisions"}],"wp:attachment":[{"href":"https:\/\/pornmate.com\/de\/wp-json\/wp\/v2\/media?parent=10422"}],"curies":[{"name":"wp","href":"https:\/\/api.w.org\/{rel}","templated":true}]}}