{"id":13333,"date":"2021-03-20T11:57:36","date_gmt":"2021-03-20T11:57:36","guid":{"rendered":"https:\/\/pornmate.com\/?page_id=13333"},"modified":"2023-01-02T12:11:03","modified_gmt":"2023-01-02T11:11:03","slug":"euro-girls-escort","status":"publish","type":"page","link":"https:\/\/pornmate.com\/de\/euro-girls-escort","title":{"rendered":"Euro Girls Escort"},"content":{"rendered":"<p>Euro Girls Escort ist eine Website, die haupts\u00e4chlich f\u00fcr die Anstellung europ\u00e4ischer Escorts eingerichtet wurde. Wenn Sie eine bestimmte Rasse haben, die Sie extrahieren m\u00f6chten, werden Sie sie wahrscheinlich hier finden. Keine Aufregung, keine Aufregung! Tausende von M\u00e4dchen, um Sie zu erfreuen, sind nur an Ihren Fingerspitzen. Instagram f\u00fcr Escorts. Nun, f\u00fcr alle, die wissen wollen, wie viel? Nun, versuchen Sie es mit einer Spanne von 50 bis 1000 Euro. Zu vage? Ok, lass uns tiefer graben&#8230; Wenn du die Seite zum ersten Mal betrittst, erh\u00e4ltst du eine Benachrichtigung, um dein Alter zu best\u00e4tigen. Von nun an m\u00fcssen Sie nur noch ohne Ablenkung auf der Website surfen. Du siehst sie immer noch, aber es ist nicht alles in deinem Gesicht. Zuallererst gibt es auf der linken Seite einen Platz, der die M\u00e4dchen nach L\u00e4ndern auflistet. Sie m\u00fcssen sich also keine Gedanken \u00fcber die Suche machen, denn Sie k\u00f6nnen die M\u00e4dchen dort sehen, nachdem Sie auf das gew\u00fcnschte Land geklickt haben. Die Website bietet eine Kategorisierung der auf der Website registrierten Arten von M\u00e4dchen. Von VIPs, Verifizierten, Pornostars oder einfach nur lokalen geilen M\u00e4dchen. Diese Seite hat es so einfach gemacht, dass sogar jemand, der diese Art von Seite zum ersten Mal betritt, sehr leicht auf der Seite navigieren kann. Was passiert also, wenn Sie ein M\u00e4dchen ausw\u00e4hlen, das Sie wirklich m\u00f6gen, und auf ihr Profil klicken? Es wird viele Bilder von dem M\u00e4dchen geben. Etwas weiter unten, alle Informationen, Vorlieben und Abneigungen. Die Preise sind st\u00fcndlich aufgef\u00fchrt. Sogar alles, was er bereit ist zu tun und wenn es extra kostet. EuroGirlsEscort.com ist eine gro\u00dfartige Seite, selbst die Anzahl der registrierten M\u00e4dchen ist riesig. Denken Sie daran, mit Bedacht zu w\u00e4hlen!<\/p>\n","protected":false},"excerpt":{"rendered":"<p>Euro Girls Escort ist eine Website, die haupts\u00e4chlich f\u00fcr die Anstellung europ\u00e4ischer Escorts eingerichtet wurde. Wenn Sie eine bestimmte Rasse haben, die Sie extrahieren m\u00f6chten, werden Sie sie wahrscheinlich hier finden. Keine Aufregung, keine Aufregung! Tausende von M\u00e4dchen, um Sie zu erfreuen, sind nur an Ihren Fingerspitzen. Instagram f\u00fcr Escorts. Nun, f\u00fcr alle, die wissen [&hellip;]<\/p>\n","protected":false},"author":1,"featured_media":0,"parent":0,"menu_order":0,"comment_status":"closed","ping_status":"closed","template":"page-star-stil.php","meta":{"footnotes":""},"class_list":["post-13333","page","type-page","status-publish","hentry"],"yoast_head":"<!-- This site is optimized with the Yoast SEO plugin v27.2 - https:\/\/yoast.com\/product\/yoast-seo-wordpress\/ -->\n<title>Euro Girls Escort Escortseite - PornMate.com<\/title>\n<meta name=\"description\" content=\"Euro Girls Escort ist eine Website, die haupts\u00e4chlich f\u00fcr die Anstellung europ\u00e4ischer Escorts eingerichtet wurde. Wenn Sie eine bestimmte Rasse haben, die Sie extrahieren m\u00f6chten, werden Sie sie wahrscheinlich hier finden. Keine Aufregung, keine Aufregung! Tausende von M\u00e4dchen, um Sie zu erfreuen, sind nur an Ihren Fingerspitzen. Instagram f\u00fcr Escorts.\" \/>\n<meta name=\"robots\" content=\"index, follow, max-snippet:-1, max-image-preview:large, max-video-preview:-1\" \/>\n<link rel=\"canonical\" href=\"https:\/\/pornmate.com\/de\/euro-girls-escort\" \/>\n<meta property=\"og:locale\" content=\"de_DE\" \/>\n<meta property=\"og:type\" content=\"article\" \/>\n<meta property=\"og:title\" content=\"Euro Girls Escort Escortseite - PornMate.com\" \/>\n<meta property=\"og:description\" content=\"Euro Girls Escort ist eine Website, die haupts\u00e4chlich f\u00fcr die Anstellung europ\u00e4ischer Escorts eingerichtet wurde. Wenn Sie eine bestimmte Rasse haben, die Sie extrahieren m\u00f6chten, werden Sie sie wahrscheinlich hier finden. Keine Aufregung, keine Aufregung! Tausende von M\u00e4dchen, um Sie zu erfreuen, sind nur an Ihren Fingerspitzen. Instagram f\u00fcr Escorts.\" \/>\n<meta property=\"og:url\" content=\"https:\/\/pornmate.com\/de\/euro-girls-escort\" \/>\n<meta property=\"og:site_name\" content=\"Besten Pornoseiten - Kostenlose Deutsche Pornos | PornMate.com\" \/>\n<meta property=\"article:modified_time\" content=\"2023-01-02T11:11:03+00:00\" \/>\n<meta name=\"twitter:card\" content=\"summary_large_image\" \/>\n<meta name=\"twitter:label1\" content=\"Gesch\u00e4tzte Lesezeit\" \/>\n\t<meta name=\"twitter:data1\" content=\"3\u00a0Minuten\" \/>\n<script type=\"application\/ld+json\" class=\"yoast-schema-graph\">{\"@context\":\"https:\/\/schema.org\",\"@graph\":[{\"@type\":\"WebPage\",\"@id\":\"https:\/\/pornmate.com\/de\/euro-girls-escort\",\"url\":\"https:\/\/pornmate.com\/de\/euro-girls-escort\",\"name\":\"Euro Girls Escort Escortseite - PornMate.com\",\"isPartOf\":{\"@id\":\"https:\/\/pornmate.com\/de\/#website\"},\"datePublished\":\"2021-03-20T11:57:36+00:00\",\"dateModified\":\"2023-01-02T11:11:03+00:00\",\"description\":\"Euro Girls Escort ist eine Website, die haupts\u00e4chlich f\u00fcr die Anstellung europ\u00e4ischer Escorts eingerichtet wurde. Wenn Sie eine bestimmte Rasse haben, die Sie extrahieren m\u00f6chten, werden Sie sie wahrscheinlich hier finden. Keine Aufregung, keine Aufregung! Tausende von M\u00e4dchen, um Sie zu erfreuen, sind nur an Ihren Fingerspitzen. Instagram f\u00fcr Escorts.\",\"breadcrumb\":{\"@id\":\"https:\/\/pornmate.com\/de\/euro-girls-escort#breadcrumb\"},\"inLanguage\":\"de\",\"potentialAction\":[{\"@type\":\"ReadAction\",\"target\":[\"https:\/\/pornmate.com\/de\/euro-girls-escort\"]}]},{\"@type\":\"BreadcrumbList\",\"@id\":\"https:\/\/pornmate.com\/de\/euro-girls-escort#breadcrumb\",\"itemListElement\":[{\"@type\":\"ListItem\",\"position\":1,\"name\":\"Startseite\",\"item\":\"https:\/\/pornmate.com\/de\"},{\"@type\":\"ListItem\",\"position\":2,\"name\":\"Euro Girls Escort\"}]},{\"@type\":\"WebSite\",\"@id\":\"https:\/\/pornmate.com\/de\/#website\",\"url\":\"https:\/\/pornmate.com\/de\/\",\"name\":\"Besten Pornoseiten - Kostenlose Deutsche Pornos | PornMate.com\",\"description\":\"Kostenlose Pornos, ist Ihr Combo-Verzeichnis der besten gratis Pornoseiten, die Sie finden k\u00f6nnen, und das fantastische Seitenbewertungen, Kostenlose Deutsche sex Biografien von Pornostars und ihre xxx Freie Porno videos unter einem Dach pr\u00e4sentiert.\",\"publisher\":{\"@id\":\"https:\/\/pornmate.com\/de\/#organization\"},\"potentialAction\":[{\"@type\":\"SearchAction\",\"target\":{\"@type\":\"EntryPoint\",\"urlTemplate\":\"https:\/\/pornmate.com\/de\/?s={search_term_string}\"},\"query-input\":{\"@type\":\"PropertyValueSpecification\",\"valueRequired\":true,\"valueName\":\"search_term_string\"}}],\"inLanguage\":\"de\"},{\"@type\":\"Organization\",\"@id\":\"https:\/\/pornmate.com\/de\/#organization\",\"name\":\"Besten Pornoseiten - Kostenlose Deutsche Pornos | PornMate.com\",\"url\":\"https:\/\/pornmate.com\/de\/\",\"logo\":{\"@type\":\"ImageObject\",\"inLanguage\":\"de\",\"@id\":\"https:\/\/pornmate.com\/de\/#\/schema\/logo\/image\/\",\"url\":\"https:\/\/pornmate.com\/de\/wp-content\/uploads\/2022\/11\/pornmate-1.png\",\"contentUrl\":\"https:\/\/pornmate.com\/de\/wp-content\/uploads\/2022\/11\/pornmate-1.png\",\"width\":203,\"height\":200,\"caption\":\"Besten Pornoseiten - Kostenlose Deutsche Pornos | PornMate.com\"},\"image\":{\"@id\":\"https:\/\/pornmate.com\/de\/#\/schema\/logo\/image\/\"}}]}<\/script>\n<!-- \/ Yoast SEO plugin. -->","yoast_head_json":{"title":"Euro Girls Escort Escortseite - PornMate.com","description":"Euro Girls Escort ist eine Website, die haupts\u00e4chlich f\u00fcr die Anstellung europ\u00e4ischer Escorts eingerichtet wurde. Wenn Sie eine bestimmte Rasse haben, die Sie extrahieren m\u00f6chten, werden Sie sie wahrscheinlich hier finden. Keine Aufregung, keine Aufregung! Tausende von M\u00e4dchen, um Sie zu erfreuen, sind nur an Ihren Fingerspitzen. Instagram f\u00fcr Escorts.","robots":{"index":"index","follow":"follow","max-snippet":"max-snippet:-1","max-image-preview":"max-image-preview:large","max-video-preview":"max-video-preview:-1"},"canonical":"https:\/\/pornmate.com\/de\/euro-girls-escort","og_locale":"de_DE","og_type":"article","og_title":"Euro Girls Escort Escortseite - PornMate.com","og_description":"Euro Girls Escort ist eine Website, die haupts\u00e4chlich f\u00fcr die Anstellung europ\u00e4ischer Escorts eingerichtet wurde. Wenn Sie eine bestimmte Rasse haben, die Sie extrahieren m\u00f6chten, werden Sie sie wahrscheinlich hier finden. Keine Aufregung, keine Aufregung! Tausende von M\u00e4dchen, um Sie zu erfreuen, sind nur an Ihren Fingerspitzen. Instagram f\u00fcr Escorts.","og_url":"https:\/\/pornmate.com\/de\/euro-girls-escort","og_site_name":"Besten Pornoseiten - Kostenlose Deutsche Pornos | PornMate.com","article_modified_time":"2023-01-02T11:11:03+00:00","twitter_card":"summary_large_image","twitter_misc":{"Gesch\u00e4tzte Lesezeit":"3\u00a0Minuten"},"schema":{"@context":"https:\/\/schema.org","@graph":[{"@type":"WebPage","@id":"https:\/\/pornmate.com\/de\/euro-girls-escort","url":"https:\/\/pornmate.com\/de\/euro-girls-escort","name":"Euro Girls Escort Escortseite - PornMate.com","isPartOf":{"@id":"https:\/\/pornmate.com\/de\/#website"},"datePublished":"2021-03-20T11:57:36+00:00","dateModified":"2023-01-02T11:11:03+00:00","description":"Euro Girls Escort ist eine Website, die haupts\u00e4chlich f\u00fcr die Anstellung europ\u00e4ischer Escorts eingerichtet wurde. Wenn Sie eine bestimmte Rasse haben, die Sie extrahieren m\u00f6chten, werden Sie sie wahrscheinlich hier finden. Keine Aufregung, keine Aufregung! Tausende von M\u00e4dchen, um Sie zu erfreuen, sind nur an Ihren Fingerspitzen. Instagram f\u00fcr Escorts.","breadcrumb":{"@id":"https:\/\/pornmate.com\/de\/euro-girls-escort#breadcrumb"},"inLanguage":"de","potentialAction":[{"@type":"ReadAction","target":["https:\/\/pornmate.com\/de\/euro-girls-escort"]}]},{"@type":"BreadcrumbList","@id":"https:\/\/pornmate.com\/de\/euro-girls-escort#breadcrumb","itemListElement":[{"@type":"ListItem","position":1,"name":"Startseite","item":"https:\/\/pornmate.com\/de"},{"@type":"ListItem","position":2,"name":"Euro Girls Escort"}]},{"@type":"WebSite","@id":"https:\/\/pornmate.com\/de\/#website","url":"https:\/\/pornmate.com\/de\/","name":"Besten Pornoseiten - Kostenlose Deutsche Pornos | PornMate.com","description":"Kostenlose Pornos, ist Ihr Combo-Verzeichnis der besten gratis Pornoseiten, die Sie finden k\u00f6nnen, und das fantastische Seitenbewertungen, Kostenlose Deutsche sex Biografien von Pornostars und ihre xxx Freie Porno videos unter einem Dach pr\u00e4sentiert.","publisher":{"@id":"https:\/\/pornmate.com\/de\/#organization"},"potentialAction":[{"@type":"SearchAction","target":{"@type":"EntryPoint","urlTemplate":"https:\/\/pornmate.com\/de\/?s={search_term_string}"},"query-input":{"@type":"PropertyValueSpecification","valueRequired":true,"valueName":"search_term_string"}}],"inLanguage":"de"},{"@type":"Organization","@id":"https:\/\/pornmate.com\/de\/#organization","name":"Besten Pornoseiten - Kostenlose Deutsche Pornos | PornMate.com","url":"https:\/\/pornmate.com\/de\/","logo":{"@type":"ImageObject","inLanguage":"de","@id":"https:\/\/pornmate.com\/de\/#\/schema\/logo\/image\/","url":"https:\/\/pornmate.com\/de\/wp-content\/uploads\/2022\/11\/pornmate-1.png","contentUrl":"https:\/\/pornmate.com\/de\/wp-content\/uploads\/2022\/11\/pornmate-1.png","width":203,"height":200,"caption":"Besten Pornoseiten - Kostenlose Deutsche Pornos | PornMate.com"},"image":{"@id":"https:\/\/pornmate.com\/de\/#\/schema\/logo\/image\/"}}]}},"_links":{"self":[{"href":"https:\/\/pornmate.com\/de\/wp-json\/wp\/v2\/pages\/13333","targetHints":{"allow":["GET"]}}],"collection":[{"href":"https:\/\/pornmate.com\/de\/wp-json\/wp\/v2\/pages"}],"about":[{"href":"https:\/\/pornmate.com\/de\/wp-json\/wp\/v2\/types\/page"}],"author":[{"embeddable":true,"href":"https:\/\/pornmate.com\/de\/wp-json\/wp\/v2\/users\/1"}],"replies":[{"embeddable":true,"href":"https:\/\/pornmate.com\/de\/wp-json\/wp\/v2\/comments?post=13333"}],"version-history":[{"count":0,"href":"https:\/\/pornmate.com\/de\/wp-json\/wp\/v2\/pages\/13333\/revisions"}],"wp:attachment":[{"href":"https:\/\/pornmate.com\/de\/wp-json\/wp\/v2\/media?parent=13333"}],"curies":[{"name":"wp","href":"https:\/\/api.w.org\/{rel}","templated":true}]}}