{"id":13351,"date":"2021-03-23T09:21:08","date_gmt":"2021-03-23T09:21:08","guid":{"rendered":"https:\/\/pornmate.com\/?page_id=13351"},"modified":"2022-11-25T11:09:47","modified_gmt":"2022-11-25T10:09:47","slug":"xdir-vip","status":"publish","type":"page","link":"https:\/\/pornmate.com\/de\/xdir-vip","title":{"rendered":"Xdir Vip"},"content":{"rendered":"<p>Xdir.vip ist eine Escort-Site, die darauf abzielt, Ihnen ein VIP-Erlebnis zu bieten. Die Seite sieht ziemlich ordentlich aus und ist eine gro\u00dfartige Plattform, die Ihnen die Wahl l\u00e4sst, genau das zu finden, was Sie brauchen. Die Preise werden auf der Website nicht angezeigt, aber jedes M\u00e4dchen hat seine eigenen Informationen. Sie k\u00f6nnen im Detail sehen, was er mag oder nicht mag. Sogar die angebotenen Dienste sind sichtbar. Vielleicht suchst du etwas Sinnvolles, nicht nur einen One-Night-Stand. Zum Gl\u00fcck hat XDIR.VIP nicht nur Escorts f\u00fcr dich, sondern auch registrierte Sch\u00f6nheiten, bei denen du dich verw\u00f6hnen kannst. Die Seite ist sehr einfach zu navigieren, Sie m\u00fcssen nur Ihr Alter in einem einzigen Popup-Fenster best\u00e4tigen. Von dort aus alles reibungslos. Unterhalb der Suchleiste befinden sich Kategorien. Sie k\u00f6nnen Ihren Standort, Ihre Stadt oder einfach Ihre Vorlieben in der Dropdown-Liste ausw\u00e4hlen und die gew\u00fcnschte Erdnuss finden.<br \/>\nAlle M\u00e4dchen werden in der Mitte der Seite angezeigt, aber die besten sind ganz oben. Alles, was Sie suchen, ist nur einen Klick entfernt. Vielleicht vertrauen Sie personalisierten Anzeigen nicht. Es ist gut, dass XDIR.VIP mehrere Begleitagenturen hat, die Sie kontaktieren und einen Service anfordern k\u00f6nnen. Ob niedrig oder hoch, XDIR.VIP erf\u00fcllt alle Ihre Bed\u00fcrfnisse und W\u00fcnsche. Alles, was Sie tun m\u00fcssen, ist zu st\u00f6bern und Ihre perfekte \u00dcbereinstimmung zu finden. Danach liegt es an Ihnen.<\/p>\n","protected":false},"excerpt":{"rendered":"<p>Xdir.vip ist eine Escort-Site, die darauf abzielt, Ihnen ein VIP-Erlebnis zu bieten. Die Seite sieht ziemlich ordentlich aus und ist eine gro\u00dfartige Plattform, die Ihnen die Wahl l\u00e4sst, genau das zu finden, was Sie brauchen. Die Preise werden auf der Website nicht angezeigt, aber jedes M\u00e4dchen hat seine eigenen Informationen. Sie k\u00f6nnen im Detail sehen, [&hellip;]<\/p>\n","protected":false},"author":1,"featured_media":0,"parent":0,"menu_order":0,"comment_status":"closed","ping_status":"closed","template":"","meta":{"footnotes":""},"class_list":["post-13351","page","type-page","status-publish","hentry"],"yoast_head":"<!-- This site is optimized with the Yoast SEO plugin v27.5 - https:\/\/yoast.com\/product\/yoast-seo-wordpress\/ -->\n<title>Xdir Vip und Liste der besten Pornoseiten | PornMate<\/title>\n<meta name=\"description\" content=\"Xdir.vip ist eine Escort-Site, die darauf abzielt, Ihnen ein VIP-Erlebnis zu bieten. Die Seite sieht ziemlich ordentlich aus und ist eine gro\u00dfartige Plattform, die Ihnen die Wahl l\u00e4sst, genau das zu finden, was Sie brauchen. Die Preise werden auf der Website nicht angezeigt, aber jedes M\u00e4dchen hat seine eigenen Informationen.\" \/>\n<meta name=\"robots\" content=\"index, follow, max-snippet:-1, max-image-preview:large, max-video-preview:-1\" \/>\n<link rel=\"canonical\" href=\"https:\/\/pornmate.com\/de\/xdir-vip\" \/>\n<meta property=\"og:locale\" content=\"de_DE\" \/>\n<meta property=\"og:type\" content=\"article\" \/>\n<meta property=\"og:title\" content=\"Xdir Vip und Liste der besten Pornoseiten | PornMate\" \/>\n<meta property=\"og:description\" content=\"Xdir.vip ist eine Escort-Site, die darauf abzielt, Ihnen ein VIP-Erlebnis zu bieten. Die Seite sieht ziemlich ordentlich aus und ist eine gro\u00dfartige Plattform, die Ihnen die Wahl l\u00e4sst, genau das zu finden, was Sie brauchen. Die Preise werden auf der Website nicht angezeigt, aber jedes M\u00e4dchen hat seine eigenen Informationen.\" \/>\n<meta property=\"og:url\" content=\"https:\/\/pornmate.com\/de\/xdir-vip\" \/>\n<meta property=\"og:site_name\" content=\"Besten Pornoseiten - Kostenlose Deutsche Pornos | PornMate.com\" \/>\n<meta property=\"article:modified_time\" content=\"2022-11-25T10:09:47+00:00\" \/>\n<meta name=\"twitter:card\" content=\"summary_large_image\" \/>\n<meta name=\"twitter:label1\" content=\"Gesch\u00e4tzte Lesezeit\" \/>\n\t<meta name=\"twitter:data1\" content=\"3\u00a0Minuten\" \/>\n<script type=\"application\/ld+json\" class=\"yoast-schema-graph\">{\"@context\":\"https:\\\/\\\/schema.org\",\"@graph\":[{\"@type\":\"WebPage\",\"@id\":\"https:\\\/\\\/pornmate.com\\\/de\\\/xdir-vip\",\"url\":\"https:\\\/\\\/pornmate.com\\\/de\\\/xdir-vip\",\"name\":\"Xdir Vip und Liste der besten Pornoseiten | PornMate\",\"isPartOf\":{\"@id\":\"https:\\\/\\\/pornmate.com\\\/de\\\/#website\"},\"datePublished\":\"2021-03-23T09:21:08+00:00\",\"dateModified\":\"2022-11-25T10:09:47+00:00\",\"description\":\"Xdir.vip ist eine Escort-Site, die darauf abzielt, Ihnen ein VIP-Erlebnis zu bieten. Die Seite sieht ziemlich ordentlich aus und ist eine gro\u00dfartige Plattform, die Ihnen die Wahl l\u00e4sst, genau das zu finden, was Sie brauchen. Die Preise werden auf der Website nicht angezeigt, aber jedes M\u00e4dchen hat seine eigenen Informationen.\",\"breadcrumb\":{\"@id\":\"https:\\\/\\\/pornmate.com\\\/de\\\/xdir-vip#breadcrumb\"},\"inLanguage\":\"de\",\"potentialAction\":[{\"@type\":\"ReadAction\",\"target\":[\"https:\\\/\\\/pornmate.com\\\/de\\\/xdir-vip\"]}]},{\"@type\":\"BreadcrumbList\",\"@id\":\"https:\\\/\\\/pornmate.com\\\/de\\\/xdir-vip#breadcrumb\",\"itemListElement\":[{\"@type\":\"ListItem\",\"position\":1,\"name\":\"Startseite\",\"item\":\"https:\\\/\\\/pornmate.com\\\/de\"},{\"@type\":\"ListItem\",\"position\":2,\"name\":\"Xdir Vip\"}]},{\"@type\":\"WebSite\",\"@id\":\"https:\\\/\\\/pornmate.com\\\/de\\\/#website\",\"url\":\"https:\\\/\\\/pornmate.com\\\/de\\\/\",\"name\":\"Besten Pornoseiten - Kostenlose Deutsche Pornos | PornMate.com\",\"description\":\"Kostenlose Pornos, ist Ihr Combo-Verzeichnis der besten gratis Pornoseiten, die Sie finden k\u00f6nnen, und das fantastische Seitenbewertungen, Kostenlose Deutsche sex Biografien von Pornostars und ihre xxx Freie Porno videos unter einem Dach pr\u00e4sentiert.\",\"publisher\":{\"@id\":\"https:\\\/\\\/pornmate.com\\\/de\\\/#organization\"},\"potentialAction\":[{\"@type\":\"SearchAction\",\"target\":{\"@type\":\"EntryPoint\",\"urlTemplate\":\"https:\\\/\\\/pornmate.com\\\/de\\\/?s={search_term_string}\"},\"query-input\":{\"@type\":\"PropertyValueSpecification\",\"valueRequired\":true,\"valueName\":\"search_term_string\"}}],\"inLanguage\":\"de\"},{\"@type\":\"Organization\",\"@id\":\"https:\\\/\\\/pornmate.com\\\/de\\\/#organization\",\"name\":\"Besten Pornoseiten - Kostenlose Deutsche Pornos | PornMate.com\",\"url\":\"https:\\\/\\\/pornmate.com\\\/de\\\/\",\"logo\":{\"@type\":\"ImageObject\",\"inLanguage\":\"de\",\"@id\":\"https:\\\/\\\/pornmate.com\\\/de\\\/#\\\/schema\\\/logo\\\/image\\\/\",\"url\":\"https:\\\/\\\/pornmate.com\\\/de\\\/wp-content\\\/uploads\\\/2022\\\/11\\\/pornmate-1.png\",\"contentUrl\":\"https:\\\/\\\/pornmate.com\\\/de\\\/wp-content\\\/uploads\\\/2022\\\/11\\\/pornmate-1.png\",\"width\":203,\"height\":200,\"caption\":\"Besten Pornoseiten - Kostenlose Deutsche Pornos | PornMate.com\"},\"image\":{\"@id\":\"https:\\\/\\\/pornmate.com\\\/de\\\/#\\\/schema\\\/logo\\\/image\\\/\"}}]}<\/script>\n<!-- \/ Yoast SEO plugin. -->","yoast_head_json":{"title":"Xdir Vip und Liste der besten Pornoseiten | PornMate","description":"Xdir.vip ist eine Escort-Site, die darauf abzielt, Ihnen ein VIP-Erlebnis zu bieten. Die Seite sieht ziemlich ordentlich aus und ist eine gro\u00dfartige Plattform, die Ihnen die Wahl l\u00e4sst, genau das zu finden, was Sie brauchen. Die Preise werden auf der Website nicht angezeigt, aber jedes M\u00e4dchen hat seine eigenen Informationen.","robots":{"index":"index","follow":"follow","max-snippet":"max-snippet:-1","max-image-preview":"max-image-preview:large","max-video-preview":"max-video-preview:-1"},"canonical":"https:\/\/pornmate.com\/de\/xdir-vip","og_locale":"de_DE","og_type":"article","og_title":"Xdir Vip und Liste der besten Pornoseiten | PornMate","og_description":"Xdir.vip ist eine Escort-Site, die darauf abzielt, Ihnen ein VIP-Erlebnis zu bieten. Die Seite sieht ziemlich ordentlich aus und ist eine gro\u00dfartige Plattform, die Ihnen die Wahl l\u00e4sst, genau das zu finden, was Sie brauchen. Die Preise werden auf der Website nicht angezeigt, aber jedes M\u00e4dchen hat seine eigenen Informationen.","og_url":"https:\/\/pornmate.com\/de\/xdir-vip","og_site_name":"Besten Pornoseiten - Kostenlose Deutsche Pornos | PornMate.com","article_modified_time":"2022-11-25T10:09:47+00:00","twitter_card":"summary_large_image","twitter_misc":{"Gesch\u00e4tzte Lesezeit":"3\u00a0Minuten"},"schema":{"@context":"https:\/\/schema.org","@graph":[{"@type":"WebPage","@id":"https:\/\/pornmate.com\/de\/xdir-vip","url":"https:\/\/pornmate.com\/de\/xdir-vip","name":"Xdir Vip und Liste der besten Pornoseiten | PornMate","isPartOf":{"@id":"https:\/\/pornmate.com\/de\/#website"},"datePublished":"2021-03-23T09:21:08+00:00","dateModified":"2022-11-25T10:09:47+00:00","description":"Xdir.vip ist eine Escort-Site, die darauf abzielt, Ihnen ein VIP-Erlebnis zu bieten. Die Seite sieht ziemlich ordentlich aus und ist eine gro\u00dfartige Plattform, die Ihnen die Wahl l\u00e4sst, genau das zu finden, was Sie brauchen. Die Preise werden auf der Website nicht angezeigt, aber jedes M\u00e4dchen hat seine eigenen Informationen.","breadcrumb":{"@id":"https:\/\/pornmate.com\/de\/xdir-vip#breadcrumb"},"inLanguage":"de","potentialAction":[{"@type":"ReadAction","target":["https:\/\/pornmate.com\/de\/xdir-vip"]}]},{"@type":"BreadcrumbList","@id":"https:\/\/pornmate.com\/de\/xdir-vip#breadcrumb","itemListElement":[{"@type":"ListItem","position":1,"name":"Startseite","item":"https:\/\/pornmate.com\/de"},{"@type":"ListItem","position":2,"name":"Xdir Vip"}]},{"@type":"WebSite","@id":"https:\/\/pornmate.com\/de\/#website","url":"https:\/\/pornmate.com\/de\/","name":"Besten Pornoseiten - Kostenlose Deutsche Pornos | PornMate.com","description":"Kostenlose Pornos, ist Ihr Combo-Verzeichnis der besten gratis Pornoseiten, die Sie finden k\u00f6nnen, und das fantastische Seitenbewertungen, Kostenlose Deutsche sex Biografien von Pornostars und ihre xxx Freie Porno videos unter einem Dach pr\u00e4sentiert.","publisher":{"@id":"https:\/\/pornmate.com\/de\/#organization"},"potentialAction":[{"@type":"SearchAction","target":{"@type":"EntryPoint","urlTemplate":"https:\/\/pornmate.com\/de\/?s={search_term_string}"},"query-input":{"@type":"PropertyValueSpecification","valueRequired":true,"valueName":"search_term_string"}}],"inLanguage":"de"},{"@type":"Organization","@id":"https:\/\/pornmate.com\/de\/#organization","name":"Besten Pornoseiten - Kostenlose Deutsche Pornos | PornMate.com","url":"https:\/\/pornmate.com\/de\/","logo":{"@type":"ImageObject","inLanguage":"de","@id":"https:\/\/pornmate.com\/de\/#\/schema\/logo\/image\/","url":"https:\/\/pornmate.com\/de\/wp-content\/uploads\/2022\/11\/pornmate-1.png","contentUrl":"https:\/\/pornmate.com\/de\/wp-content\/uploads\/2022\/11\/pornmate-1.png","width":203,"height":200,"caption":"Besten Pornoseiten - Kostenlose Deutsche Pornos | PornMate.com"},"image":{"@id":"https:\/\/pornmate.com\/de\/#\/schema\/logo\/image\/"}}]}},"_links":{"self":[{"href":"https:\/\/pornmate.com\/de\/wp-json\/wp\/v2\/pages\/13351","targetHints":{"allow":["GET"]}}],"collection":[{"href":"https:\/\/pornmate.com\/de\/wp-json\/wp\/v2\/pages"}],"about":[{"href":"https:\/\/pornmate.com\/de\/wp-json\/wp\/v2\/types\/page"}],"author":[{"embeddable":true,"href":"https:\/\/pornmate.com\/de\/wp-json\/wp\/v2\/users\/1"}],"replies":[{"embeddable":true,"href":"https:\/\/pornmate.com\/de\/wp-json\/wp\/v2\/comments?post=13351"}],"version-history":[{"count":0,"href":"https:\/\/pornmate.com\/de\/wp-json\/wp\/v2\/pages\/13351\/revisions"}],"wp:attachment":[{"href":"https:\/\/pornmate.com\/de\/wp-json\/wp\/v2\/media?parent=13351"}],"curies":[{"name":"wp","href":"https:\/\/api.w.org\/{rel}","templated":true}]}}