{"id":13374,"date":"2021-03-29T11:07:32","date_gmt":"2021-03-29T11:07:32","guid":{"rendered":"https:\/\/pornmate.com\/?page_id=13374"},"modified":"2021-03-29T11:07:32","modified_gmt":"2021-03-29T11:07:32","slug":"localxlist","status":"publish","type":"page","link":"https:\/\/pornmate.com\/de\/localxlist","title":{"rendered":"localxlist"},"content":{"rendered":"<p>Als Teil vieler qualitativer Analyse-Websites unter Various Inc k\u00f6nnte localxlist.org Girl Escorts glauben, dass es der Sex selbst sein sollte, der lange anhalten und nicht \u00fcberm\u00e4\u00dfig begehrt sein sollte. Es ist eine Dating-App mit Millionen von Mitgliedern aus der ganzen Welt, die behauptet, ihre Mitglieder sexuell freien und gleichgesinnten Menschen vorzustellen. Auf der Website k\u00f6nnen Sie Ihre am besten gesch\u00fctzten Fetische und Fantasien kategorisieren und dank dieser Kategorien leicht entdecken. Es akzeptiert Singles, Paare, lokale Escorts und gelegentliche Flirts, sodass es einfach ist, jemanden anzurufen, der Ihren W\u00fcnschen entspricht. Aber es gab einige Berichte, die die Legitimit\u00e4t der meisten Profile auf der Seite in Frage stellten, da nicht alles Gold ist, was gl\u00e4nzt. gew\u00f6hnliche Benutzer erhalten m\u00f6glicherweise nur eine begrenzte Praktikabilit\u00e4t, und daher k\u00f6nnen hochpreisige Tags f\u00fcr einige Benutzer ein Hit sein, aber localxlist ist ein 100% sicherer und zuverl\u00e4ssiger Ort<\/p>\n","protected":false},"excerpt":{"rendered":"<p>Als Teil vieler qualitativer Analyse-Websites unter Various Inc k\u00f6nnte localxlist.org Girl Escorts glauben, dass es der Sex selbst sein sollte, der lange anhalten und nicht \u00fcberm\u00e4\u00dfig begehrt sein sollte. Es ist eine Dating-App mit Millionen von Mitgliedern aus der ganzen Welt, die behauptet, ihre Mitglieder sexuell freien und gleichgesinnten Menschen vorzustellen. Auf der Website k\u00f6nnen [&hellip;]<\/p>\n","protected":false},"author":1,"featured_media":0,"parent":0,"menu_order":0,"comment_status":"closed","ping_status":"closed","template":"page-star-stil.php","meta":{"footnotes":""},"class_list":["post-13374","page","type-page","status-publish","hentry"],"yoast_head":"<!-- This site is optimized with the Yoast SEO plugin v27.2 - https:\/\/yoast.com\/product\/yoast-seo-wordpress\/ -->\n<title>localxlist und Liste der besten Pornoseiten | PornMate<\/title>\n<meta name=\"description\" content=\"Als Teil vieler qualitativer Analyse-Websites unter Various Inc k\u00f6nnte localxlist.org Girl Escorts glauben, dass es der Sex selbst sein sollte, der lange anhalten und nicht \u00fcberm\u00e4\u00dfig begehrt sein sollte. Es ist eine Dating-App mit Millionen von Mitgliedern aus der ganzen Welt, die behauptet, ihre Mitglieder sexuell freien und gleichgesinnten Menschen vorzustellen.\" \/>\n<meta name=\"robots\" content=\"index, follow, max-snippet:-1, max-image-preview:large, max-video-preview:-1\" \/>\n<link rel=\"canonical\" href=\"https:\/\/pornmate.com\/de\/localxlist\" \/>\n<meta property=\"og:locale\" content=\"de_DE\" \/>\n<meta property=\"og:type\" content=\"article\" \/>\n<meta property=\"og:title\" content=\"localxlist und Liste der besten Pornoseiten | PornMate\" \/>\n<meta property=\"og:description\" content=\"Als Teil vieler qualitativer Analyse-Websites unter Various Inc k\u00f6nnte localxlist.org Girl Escorts glauben, dass es der Sex selbst sein sollte, der lange anhalten und nicht \u00fcberm\u00e4\u00dfig begehrt sein sollte. Es ist eine Dating-App mit Millionen von Mitgliedern aus der ganzen Welt, die behauptet, ihre Mitglieder sexuell freien und gleichgesinnten Menschen vorzustellen.\" \/>\n<meta property=\"og:url\" content=\"https:\/\/pornmate.com\/de\/localxlist\" \/>\n<meta property=\"og:site_name\" content=\"Besten Pornoseiten - Kostenlose Deutsche Pornos | PornMate.com\" \/>\n<meta name=\"twitter:card\" content=\"summary_large_image\" \/>\n<meta name=\"twitter:label1\" content=\"Gesch\u00e4tzte Lesezeit\" \/>\n\t<meta name=\"twitter:data1\" content=\"1\u00a0Minute\" \/>\n<script type=\"application\/ld+json\" class=\"yoast-schema-graph\">{\"@context\":\"https:\/\/schema.org\",\"@graph\":[{\"@type\":\"WebPage\",\"@id\":\"https:\/\/pornmate.com\/de\/localxlist\",\"url\":\"https:\/\/pornmate.com\/de\/localxlist\",\"name\":\"localxlist und Liste der besten Pornoseiten | PornMate\",\"isPartOf\":{\"@id\":\"https:\/\/pornmate.com\/de\/#website\"},\"datePublished\":\"2021-03-29T11:07:32+00:00\",\"description\":\"Als Teil vieler qualitativer Analyse-Websites unter Various Inc k\u00f6nnte localxlist.org Girl Escorts glauben, dass es der Sex selbst sein sollte, der lange anhalten und nicht \u00fcberm\u00e4\u00dfig begehrt sein sollte. Es ist eine Dating-App mit Millionen von Mitgliedern aus der ganzen Welt, die behauptet, ihre Mitglieder sexuell freien und gleichgesinnten Menschen vorzustellen.\",\"breadcrumb\":{\"@id\":\"https:\/\/pornmate.com\/de\/localxlist#breadcrumb\"},\"inLanguage\":\"de\",\"potentialAction\":[{\"@type\":\"ReadAction\",\"target\":[\"https:\/\/pornmate.com\/de\/localxlist\"]}]},{\"@type\":\"BreadcrumbList\",\"@id\":\"https:\/\/pornmate.com\/de\/localxlist#breadcrumb\",\"itemListElement\":[{\"@type\":\"ListItem\",\"position\":1,\"name\":\"Startseite\",\"item\":\"https:\/\/pornmate.com\/de\"},{\"@type\":\"ListItem\",\"position\":2,\"name\":\"localxlist\"}]},{\"@type\":\"WebSite\",\"@id\":\"https:\/\/pornmate.com\/de\/#website\",\"url\":\"https:\/\/pornmate.com\/de\/\",\"name\":\"Besten Pornoseiten - Kostenlose Deutsche Pornos | PornMate.com\",\"description\":\"Kostenlose Pornos, ist Ihr Combo-Verzeichnis der besten gratis Pornoseiten, die Sie finden k\u00f6nnen, und das fantastische Seitenbewertungen, Kostenlose Deutsche sex Biografien von Pornostars und ihre xxx Freie Porno videos unter einem Dach pr\u00e4sentiert.\",\"publisher\":{\"@id\":\"https:\/\/pornmate.com\/de\/#organization\"},\"potentialAction\":[{\"@type\":\"SearchAction\",\"target\":{\"@type\":\"EntryPoint\",\"urlTemplate\":\"https:\/\/pornmate.com\/de\/?s={search_term_string}\"},\"query-input\":{\"@type\":\"PropertyValueSpecification\",\"valueRequired\":true,\"valueName\":\"search_term_string\"}}],\"inLanguage\":\"de\"},{\"@type\":\"Organization\",\"@id\":\"https:\/\/pornmate.com\/de\/#organization\",\"name\":\"Besten Pornoseiten - Kostenlose Deutsche Pornos | PornMate.com\",\"url\":\"https:\/\/pornmate.com\/de\/\",\"logo\":{\"@type\":\"ImageObject\",\"inLanguage\":\"de\",\"@id\":\"https:\/\/pornmate.com\/de\/#\/schema\/logo\/image\/\",\"url\":\"https:\/\/pornmate.com\/de\/wp-content\/uploads\/2022\/11\/pornmate-1.png\",\"contentUrl\":\"https:\/\/pornmate.com\/de\/wp-content\/uploads\/2022\/11\/pornmate-1.png\",\"width\":203,\"height\":200,\"caption\":\"Besten Pornoseiten - Kostenlose Deutsche Pornos | PornMate.com\"},\"image\":{\"@id\":\"https:\/\/pornmate.com\/de\/#\/schema\/logo\/image\/\"}}]}<\/script>\n<!-- \/ Yoast SEO plugin. -->","yoast_head_json":{"title":"localxlist und Liste der besten Pornoseiten | PornMate","description":"Als Teil vieler qualitativer Analyse-Websites unter Various Inc k\u00f6nnte localxlist.org Girl Escorts glauben, dass es der Sex selbst sein sollte, der lange anhalten und nicht \u00fcberm\u00e4\u00dfig begehrt sein sollte. Es ist eine Dating-App mit Millionen von Mitgliedern aus der ganzen Welt, die behauptet, ihre Mitglieder sexuell freien und gleichgesinnten Menschen vorzustellen.","robots":{"index":"index","follow":"follow","max-snippet":"max-snippet:-1","max-image-preview":"max-image-preview:large","max-video-preview":"max-video-preview:-1"},"canonical":"https:\/\/pornmate.com\/de\/localxlist","og_locale":"de_DE","og_type":"article","og_title":"localxlist und Liste der besten Pornoseiten | PornMate","og_description":"Als Teil vieler qualitativer Analyse-Websites unter Various Inc k\u00f6nnte localxlist.org Girl Escorts glauben, dass es der Sex selbst sein sollte, der lange anhalten und nicht \u00fcberm\u00e4\u00dfig begehrt sein sollte. Es ist eine Dating-App mit Millionen von Mitgliedern aus der ganzen Welt, die behauptet, ihre Mitglieder sexuell freien und gleichgesinnten Menschen vorzustellen.","og_url":"https:\/\/pornmate.com\/de\/localxlist","og_site_name":"Besten Pornoseiten - Kostenlose Deutsche Pornos | PornMate.com","twitter_card":"summary_large_image","twitter_misc":{"Gesch\u00e4tzte Lesezeit":"1\u00a0Minute"},"schema":{"@context":"https:\/\/schema.org","@graph":[{"@type":"WebPage","@id":"https:\/\/pornmate.com\/de\/localxlist","url":"https:\/\/pornmate.com\/de\/localxlist","name":"localxlist und Liste der besten Pornoseiten | PornMate","isPartOf":{"@id":"https:\/\/pornmate.com\/de\/#website"},"datePublished":"2021-03-29T11:07:32+00:00","description":"Als Teil vieler qualitativer Analyse-Websites unter Various Inc k\u00f6nnte localxlist.org Girl Escorts glauben, dass es der Sex selbst sein sollte, der lange anhalten und nicht \u00fcberm\u00e4\u00dfig begehrt sein sollte. Es ist eine Dating-App mit Millionen von Mitgliedern aus der ganzen Welt, die behauptet, ihre Mitglieder sexuell freien und gleichgesinnten Menschen vorzustellen.","breadcrumb":{"@id":"https:\/\/pornmate.com\/de\/localxlist#breadcrumb"},"inLanguage":"de","potentialAction":[{"@type":"ReadAction","target":["https:\/\/pornmate.com\/de\/localxlist"]}]},{"@type":"BreadcrumbList","@id":"https:\/\/pornmate.com\/de\/localxlist#breadcrumb","itemListElement":[{"@type":"ListItem","position":1,"name":"Startseite","item":"https:\/\/pornmate.com\/de"},{"@type":"ListItem","position":2,"name":"localxlist"}]},{"@type":"WebSite","@id":"https:\/\/pornmate.com\/de\/#website","url":"https:\/\/pornmate.com\/de\/","name":"Besten Pornoseiten - Kostenlose Deutsche Pornos | PornMate.com","description":"Kostenlose Pornos, ist Ihr Combo-Verzeichnis der besten gratis Pornoseiten, die Sie finden k\u00f6nnen, und das fantastische Seitenbewertungen, Kostenlose Deutsche sex Biografien von Pornostars und ihre xxx Freie Porno videos unter einem Dach pr\u00e4sentiert.","publisher":{"@id":"https:\/\/pornmate.com\/de\/#organization"},"potentialAction":[{"@type":"SearchAction","target":{"@type":"EntryPoint","urlTemplate":"https:\/\/pornmate.com\/de\/?s={search_term_string}"},"query-input":{"@type":"PropertyValueSpecification","valueRequired":true,"valueName":"search_term_string"}}],"inLanguage":"de"},{"@type":"Organization","@id":"https:\/\/pornmate.com\/de\/#organization","name":"Besten Pornoseiten - Kostenlose Deutsche Pornos | PornMate.com","url":"https:\/\/pornmate.com\/de\/","logo":{"@type":"ImageObject","inLanguage":"de","@id":"https:\/\/pornmate.com\/de\/#\/schema\/logo\/image\/","url":"https:\/\/pornmate.com\/de\/wp-content\/uploads\/2022\/11\/pornmate-1.png","contentUrl":"https:\/\/pornmate.com\/de\/wp-content\/uploads\/2022\/11\/pornmate-1.png","width":203,"height":200,"caption":"Besten Pornoseiten - Kostenlose Deutsche Pornos | PornMate.com"},"image":{"@id":"https:\/\/pornmate.com\/de\/#\/schema\/logo\/image\/"}}]}},"_links":{"self":[{"href":"https:\/\/pornmate.com\/de\/wp-json\/wp\/v2\/pages\/13374","targetHints":{"allow":["GET"]}}],"collection":[{"href":"https:\/\/pornmate.com\/de\/wp-json\/wp\/v2\/pages"}],"about":[{"href":"https:\/\/pornmate.com\/de\/wp-json\/wp\/v2\/types\/page"}],"author":[{"embeddable":true,"href":"https:\/\/pornmate.com\/de\/wp-json\/wp\/v2\/users\/1"}],"replies":[{"embeddable":true,"href":"https:\/\/pornmate.com\/de\/wp-json\/wp\/v2\/comments?post=13374"}],"version-history":[{"count":0,"href":"https:\/\/pornmate.com\/de\/wp-json\/wp\/v2\/pages\/13374\/revisions"}],"wp:attachment":[{"href":"https:\/\/pornmate.com\/de\/wp-json\/wp\/v2\/media?parent=13374"}],"curies":[{"name":"wp","href":"https:\/\/api.w.org\/{rel}","templated":true}]}}