{"id":13485,"date":"2021-06-30T11:48:54","date_gmt":"2021-06-30T11:48:54","guid":{"rendered":"https:\/\/pornmate.com\/?page_id=13485"},"modified":"2022-11-25T10:46:48","modified_gmt":"2022-11-25T09:46:48","slug":"escort-news","status":"publish","type":"page","link":"https:\/\/pornmate.com\/de\/escort-news","title":{"rendered":"Escort News"},"content":{"rendered":"<p><a href=\"https:\/\/escortnews.eu\/escort\/MILA-GDE-154664.html\" target=\"_blank\" rel=\"nofollow noopener noreferrer\"><img decoding=\"async\" src=\"https:\/\/img.escortnews.eu\/gallery\/154664\/240_291_67b21ce04c3d79d75f72a900b9da252a.jpg\" alt=\"escort mila\" height=\"238\" border=\"0\" \/><\/a><a href=\"https:\/\/escortnews.eu\/escort\/Sabrina-625900.html\" target=\"_blank\" rel=\"nofollow noopener noreferrer\"><img decoding=\"async\" src=\"https:\/\/img.escortnews.eu\/gallery\/625900\/240_291_1722c3918d7dd41f013af12ac0451d82.jpg\" alt=\"escort sabrina\" height=\"238\" border=\"0\" \/><\/a><a href=\"https:\/\/escortnews.eu\/escort\/Diana-663809.html\" target=\"_blank\" rel=\"nofollow noopener noreferrer\"><img decoding=\"async\" src=\"https:\/\/img.escortnews.eu\/gallery\/663809\/240_291_c4bc4b308202845f9fb93fda1dfc6c1c.jpg\" alt=\"escort diana\" height=\"238\" border=\"0\" \/><\/a><a href=\"https:\/\/escortnews.eu\/escort\/Melina-650806.html\" target=\"_blank\" rel=\"nofollow noopener noreferrer\"><img decoding=\"async\" src=\"https:\/\/img.escortnews.eu\/gallery\/650806\/240_291_d4ae17164104e218085aba0086966a62.jpg\" alt=\"escort melina\" height=\"238\" border=\"0\" \/><\/a><a href=\"https:\/\/escortnews.eu\/escort\/AlisaMalibu-145838.html\" target=\"_blank\" rel=\"nofollow noopener noreferrer\"><img decoding=\"async\" src=\"https:\/\/img.escortnews.eu\/gallery\/145838\/240_291_5c91593bcbfc016245d5832476af34b7.jpg\" alt=\"escort alisa\" height=\"238\" border=\"0\" \/><\/a><a href=\"https:\/\/escortnews.eu\/escort\/KRISS-GDE-600912.html\" target=\"_blank\" rel=\"nofollow noopener noreferrer\"><img decoding=\"async\" src=\"https:\/\/img.escortnews.eu\/gallery\/600912\/240_291_d61e0c124e73503a60667874fc967bb9.jpg\" alt=\"escort kriss\" height=\"238\" border=\"0\" \/><\/a><\/p>\n<p>Escort News ist Ihre perfekte L\u00f6sung, wenn Sie ein sexy und sch\u00f6nes Date brauchen. Wenn Sie den Typ und Gl\u00fcck haben, k\u00f6nnen Sie auf dieser Seite das M\u00e4dchen finden, das Sie suchen. Auf dieser sexy Seite k\u00f6nnen Sie viele M\u00e4dchen, ihre Profile und sexy Bilder durchsuchen. Sie k\u00f6nnen Ihre Suche filtern und eingrenzen, damit Sie das hei\u00dfeste M\u00e4dchen f\u00fcr sich selbst ausw\u00e4hlen k\u00f6nnen, damit Sie lokale M\u00e4dchen in Ihrer N\u00e4he finden k\u00f6nnen, und wenn Sie der Typ sind oder w\u00e4hlerisch sind, dann haben Sie hier die Chance, Ihr perfektes M\u00e4dchen zu finden. Sie k\u00f6nnen bereit sein, Spa\u00df zu haben.Bevor Sie in die Inhalte eintauchen und die Hexen fragen, k\u00f6nnen Sie ein Konto er\u00f6ffnen, indem Sie die kurzen Schritte ausf\u00fchren. Es ist kostenlos, Mitglied bei Escortnews.eu zu werden. Sobald Sie diese Techniken aus dem Weg ger\u00e4umt haben, k\u00f6nnen Sie die Profile der M\u00e4dchen durchsuchen und Ihre perfekte \u00dcbereinstimmung finden. Nur VIP-Models, Pornostars, Dominas etc. Sie k\u00f6nnen w\u00e4hlen, ob Sie sehen m\u00f6chten. Diese Seite gibt Ihnen die volle Kontrolle und Sie werden nicht gezwungen, einen Deal mit einem M\u00e4dchen zu machen, das Sie nicht m\u00f6gen. Sie hat ihre M\u00e4dchenprofile stilvoll und sexy gemacht, Sie k\u00f6nnen diese M\u00e4dchen noch besser kennenlernen, bevor sie ausgehen. Alle sexy und frechen Details sollten unter dem Bild des M\u00e4dchens sein. So wissen Sie, worauf Sie sich einlassen und was Sie von Ihrem sexy Escort Sex erwarten k\u00f6nnen. Wenn Sie nicht wissen, wo Sie anfangen sollen zu suchen, diese Website hat einige Modelle, die in verschiedenen Kategorien auf ihrer Homepage angezeigt werden. Die Website Escortnews.eu ist einfach und leicht zu bedienen und Sie werden das hei\u00dfe M\u00e4dchen der Nacht problemlos finden! Beginnen Sie jetzt mit der Auswahl!<\/p>\n","protected":false},"excerpt":{"rendered":"<p>Escort News ist Ihre perfekte L\u00f6sung, wenn Sie ein sexy und sch\u00f6nes Date brauchen. Wenn Sie den Typ und Gl\u00fcck haben, k\u00f6nnen Sie auf dieser Seite das M\u00e4dchen finden, das Sie suchen. Auf dieser sexy Seite k\u00f6nnen Sie viele M\u00e4dchen, ihre Profile und sexy Bilder durchsuchen. Sie k\u00f6nnen Ihre Suche filtern und eingrenzen, damit Sie [&hellip;]<\/p>\n","protected":false},"author":1,"featured_media":0,"parent":0,"menu_order":0,"comment_status":"closed","ping_status":"closed","template":"page-star-stil.php","meta":{"footnotes":""},"class_list":["post-13485","page","type-page","status-publish","hentry"],"yoast_head":"<!-- This site is optimized with the Yoast SEO plugin v27.2 - https:\/\/yoast.com\/product\/yoast-seo-wordpress\/ -->\n<title>Escort News und Liste der besten Pornoseiten | PornMate<\/title>\n<meta name=\"description\" content=\"Escort News ist Ihre perfekte L\u00f6sung, wenn Sie ein sexy und sch\u00f6nes Date brauchen. Wenn Sie den Typ und Gl\u00fcck haben, k\u00f6nnen Sie auf dieser Seite das M\u00e4dchen finden, das Sie suchen. Auf dieser sexy Seite k\u00f6nnen Sie viele M\u00e4dchen, ihre Profile und sexy Bilder durchsuchen.\" \/>\n<meta name=\"robots\" content=\"index, follow, max-snippet:-1, max-image-preview:large, max-video-preview:-1\" \/>\n<link rel=\"canonical\" href=\"https:\/\/pornmate.com\/de\/escort-news\" \/>\n<meta property=\"og:locale\" content=\"de_DE\" \/>\n<meta property=\"og:type\" content=\"article\" \/>\n<meta property=\"og:title\" content=\"Escort News und Liste der besten Pornoseiten | PornMate\" \/>\n<meta property=\"og:description\" content=\"Escort News ist Ihre perfekte L\u00f6sung, wenn Sie ein sexy und sch\u00f6nes Date brauchen. Wenn Sie den Typ und Gl\u00fcck haben, k\u00f6nnen Sie auf dieser Seite das M\u00e4dchen finden, das Sie suchen. Auf dieser sexy Seite k\u00f6nnen Sie viele M\u00e4dchen, ihre Profile und sexy Bilder durchsuchen.\" \/>\n<meta property=\"og:url\" content=\"https:\/\/pornmate.com\/de\/escort-news\" \/>\n<meta property=\"og:site_name\" content=\"Besten Pornoseiten - Kostenlose Deutsche Pornos | PornMate.com\" \/>\n<meta property=\"article:modified_time\" content=\"2022-11-25T09:46:48+00:00\" \/>\n<meta property=\"og:image\" content=\"https:\/\/img.escortnews.eu\/gallery\/154664\/240_291_67b21ce04c3d79d75f72a900b9da252a.jpg\" \/>\n<meta name=\"twitter:card\" content=\"summary_large_image\" \/>\n<meta name=\"twitter:label1\" content=\"Gesch\u00e4tzte Lesezeit\" \/>\n\t<meta name=\"twitter:data1\" content=\"3\u00a0Minuten\" \/>\n<script type=\"application\/ld+json\" class=\"yoast-schema-graph\">{\"@context\":\"https:\/\/schema.org\",\"@graph\":[{\"@type\":\"WebPage\",\"@id\":\"https:\/\/pornmate.com\/de\/escort-news\",\"url\":\"https:\/\/pornmate.com\/de\/escort-news\",\"name\":\"Escort News und Liste der besten Pornoseiten | PornMate\",\"isPartOf\":{\"@id\":\"https:\/\/pornmate.com\/de\/#website\"},\"primaryImageOfPage\":{\"@id\":\"https:\/\/pornmate.com\/de\/escort-news#primaryimage\"},\"image\":{\"@id\":\"https:\/\/pornmate.com\/de\/escort-news#primaryimage\"},\"thumbnailUrl\":\"https:\/\/img.escortnews.eu\/gallery\/154664\/240_291_67b21ce04c3d79d75f72a900b9da252a.jpg\",\"datePublished\":\"2021-06-30T11:48:54+00:00\",\"dateModified\":\"2022-11-25T09:46:48+00:00\",\"description\":\"Escort News ist Ihre perfekte L\u00f6sung, wenn Sie ein sexy und sch\u00f6nes Date brauchen. Wenn Sie den Typ und Gl\u00fcck haben, k\u00f6nnen Sie auf dieser Seite das M\u00e4dchen finden, das Sie suchen. Auf dieser sexy Seite k\u00f6nnen Sie viele M\u00e4dchen, ihre Profile und sexy Bilder durchsuchen.\",\"breadcrumb\":{\"@id\":\"https:\/\/pornmate.com\/de\/escort-news#breadcrumb\"},\"inLanguage\":\"de\",\"potentialAction\":[{\"@type\":\"ReadAction\",\"target\":[\"https:\/\/pornmate.com\/de\/escort-news\"]}]},{\"@type\":\"ImageObject\",\"inLanguage\":\"de\",\"@id\":\"https:\/\/pornmate.com\/de\/escort-news#primaryimage\",\"url\":\"https:\/\/img.escortnews.eu\/gallery\/154664\/240_291_67b21ce04c3d79d75f72a900b9da252a.jpg\",\"contentUrl\":\"https:\/\/img.escortnews.eu\/gallery\/154664\/240_291_67b21ce04c3d79d75f72a900b9da252a.jpg\"},{\"@type\":\"BreadcrumbList\",\"@id\":\"https:\/\/pornmate.com\/de\/escort-news#breadcrumb\",\"itemListElement\":[{\"@type\":\"ListItem\",\"position\":1,\"name\":\"Startseite\",\"item\":\"https:\/\/pornmate.com\/de\"},{\"@type\":\"ListItem\",\"position\":2,\"name\":\"Escort News\"}]},{\"@type\":\"WebSite\",\"@id\":\"https:\/\/pornmate.com\/de\/#website\",\"url\":\"https:\/\/pornmate.com\/de\/\",\"name\":\"Besten Pornoseiten - Kostenlose Deutsche Pornos | PornMate.com\",\"description\":\"Kostenlose Pornos, ist Ihr Combo-Verzeichnis der besten gratis Pornoseiten, die Sie finden k\u00f6nnen, und das fantastische Seitenbewertungen, Kostenlose Deutsche sex Biografien von Pornostars und ihre xxx Freie Porno videos unter einem Dach pr\u00e4sentiert.\",\"publisher\":{\"@id\":\"https:\/\/pornmate.com\/de\/#organization\"},\"potentialAction\":[{\"@type\":\"SearchAction\",\"target\":{\"@type\":\"EntryPoint\",\"urlTemplate\":\"https:\/\/pornmate.com\/de\/?s={search_term_string}\"},\"query-input\":{\"@type\":\"PropertyValueSpecification\",\"valueRequired\":true,\"valueName\":\"search_term_string\"}}],\"inLanguage\":\"de\"},{\"@type\":\"Organization\",\"@id\":\"https:\/\/pornmate.com\/de\/#organization\",\"name\":\"Besten Pornoseiten - Kostenlose Deutsche Pornos | PornMate.com\",\"url\":\"https:\/\/pornmate.com\/de\/\",\"logo\":{\"@type\":\"ImageObject\",\"inLanguage\":\"de\",\"@id\":\"https:\/\/pornmate.com\/de\/#\/schema\/logo\/image\/\",\"url\":\"https:\/\/pornmate.com\/de\/wp-content\/uploads\/2022\/11\/pornmate-1.png\",\"contentUrl\":\"https:\/\/pornmate.com\/de\/wp-content\/uploads\/2022\/11\/pornmate-1.png\",\"width\":203,\"height\":200,\"caption\":\"Besten Pornoseiten - Kostenlose Deutsche Pornos | PornMate.com\"},\"image\":{\"@id\":\"https:\/\/pornmate.com\/de\/#\/schema\/logo\/image\/\"}}]}<\/script>\n<!-- \/ Yoast SEO plugin. -->","yoast_head_json":{"title":"Escort News und Liste der besten Pornoseiten | PornMate","description":"Escort News ist Ihre perfekte L\u00f6sung, wenn Sie ein sexy und sch\u00f6nes Date brauchen. Wenn Sie den Typ und Gl\u00fcck haben, k\u00f6nnen Sie auf dieser Seite das M\u00e4dchen finden, das Sie suchen. Auf dieser sexy Seite k\u00f6nnen Sie viele M\u00e4dchen, ihre Profile und sexy Bilder durchsuchen.","robots":{"index":"index","follow":"follow","max-snippet":"max-snippet:-1","max-image-preview":"max-image-preview:large","max-video-preview":"max-video-preview:-1"},"canonical":"https:\/\/pornmate.com\/de\/escort-news","og_locale":"de_DE","og_type":"article","og_title":"Escort News und Liste der besten Pornoseiten | PornMate","og_description":"Escort News ist Ihre perfekte L\u00f6sung, wenn Sie ein sexy und sch\u00f6nes Date brauchen. Wenn Sie den Typ und Gl\u00fcck haben, k\u00f6nnen Sie auf dieser Seite das M\u00e4dchen finden, das Sie suchen. Auf dieser sexy Seite k\u00f6nnen Sie viele M\u00e4dchen, ihre Profile und sexy Bilder durchsuchen.","og_url":"https:\/\/pornmate.com\/de\/escort-news","og_site_name":"Besten Pornoseiten - Kostenlose Deutsche Pornos | PornMate.com","article_modified_time":"2022-11-25T09:46:48+00:00","og_image":[{"url":"https:\/\/img.escortnews.eu\/gallery\/154664\/240_291_67b21ce04c3d79d75f72a900b9da252a.jpg","type":"","width":"","height":""}],"twitter_card":"summary_large_image","twitter_misc":{"Gesch\u00e4tzte Lesezeit":"3\u00a0Minuten"},"schema":{"@context":"https:\/\/schema.org","@graph":[{"@type":"WebPage","@id":"https:\/\/pornmate.com\/de\/escort-news","url":"https:\/\/pornmate.com\/de\/escort-news","name":"Escort News und Liste der besten Pornoseiten | PornMate","isPartOf":{"@id":"https:\/\/pornmate.com\/de\/#website"},"primaryImageOfPage":{"@id":"https:\/\/pornmate.com\/de\/escort-news#primaryimage"},"image":{"@id":"https:\/\/pornmate.com\/de\/escort-news#primaryimage"},"thumbnailUrl":"https:\/\/img.escortnews.eu\/gallery\/154664\/240_291_67b21ce04c3d79d75f72a900b9da252a.jpg","datePublished":"2021-06-30T11:48:54+00:00","dateModified":"2022-11-25T09:46:48+00:00","description":"Escort News ist Ihre perfekte L\u00f6sung, wenn Sie ein sexy und sch\u00f6nes Date brauchen. Wenn Sie den Typ und Gl\u00fcck haben, k\u00f6nnen Sie auf dieser Seite das M\u00e4dchen finden, das Sie suchen. Auf dieser sexy Seite k\u00f6nnen Sie viele M\u00e4dchen, ihre Profile und sexy Bilder durchsuchen.","breadcrumb":{"@id":"https:\/\/pornmate.com\/de\/escort-news#breadcrumb"},"inLanguage":"de","potentialAction":[{"@type":"ReadAction","target":["https:\/\/pornmate.com\/de\/escort-news"]}]},{"@type":"ImageObject","inLanguage":"de","@id":"https:\/\/pornmate.com\/de\/escort-news#primaryimage","url":"https:\/\/img.escortnews.eu\/gallery\/154664\/240_291_67b21ce04c3d79d75f72a900b9da252a.jpg","contentUrl":"https:\/\/img.escortnews.eu\/gallery\/154664\/240_291_67b21ce04c3d79d75f72a900b9da252a.jpg"},{"@type":"BreadcrumbList","@id":"https:\/\/pornmate.com\/de\/escort-news#breadcrumb","itemListElement":[{"@type":"ListItem","position":1,"name":"Startseite","item":"https:\/\/pornmate.com\/de"},{"@type":"ListItem","position":2,"name":"Escort News"}]},{"@type":"WebSite","@id":"https:\/\/pornmate.com\/de\/#website","url":"https:\/\/pornmate.com\/de\/","name":"Besten Pornoseiten - Kostenlose Deutsche Pornos | PornMate.com","description":"Kostenlose Pornos, ist Ihr Combo-Verzeichnis der besten gratis Pornoseiten, die Sie finden k\u00f6nnen, und das fantastische Seitenbewertungen, Kostenlose Deutsche sex Biografien von Pornostars und ihre xxx Freie Porno videos unter einem Dach pr\u00e4sentiert.","publisher":{"@id":"https:\/\/pornmate.com\/de\/#organization"},"potentialAction":[{"@type":"SearchAction","target":{"@type":"EntryPoint","urlTemplate":"https:\/\/pornmate.com\/de\/?s={search_term_string}"},"query-input":{"@type":"PropertyValueSpecification","valueRequired":true,"valueName":"search_term_string"}}],"inLanguage":"de"},{"@type":"Organization","@id":"https:\/\/pornmate.com\/de\/#organization","name":"Besten Pornoseiten - Kostenlose Deutsche Pornos | PornMate.com","url":"https:\/\/pornmate.com\/de\/","logo":{"@type":"ImageObject","inLanguage":"de","@id":"https:\/\/pornmate.com\/de\/#\/schema\/logo\/image\/","url":"https:\/\/pornmate.com\/de\/wp-content\/uploads\/2022\/11\/pornmate-1.png","contentUrl":"https:\/\/pornmate.com\/de\/wp-content\/uploads\/2022\/11\/pornmate-1.png","width":203,"height":200,"caption":"Besten Pornoseiten - Kostenlose Deutsche Pornos | PornMate.com"},"image":{"@id":"https:\/\/pornmate.com\/de\/#\/schema\/logo\/image\/"}}]}},"_links":{"self":[{"href":"https:\/\/pornmate.com\/de\/wp-json\/wp\/v2\/pages\/13485","targetHints":{"allow":["GET"]}}],"collection":[{"href":"https:\/\/pornmate.com\/de\/wp-json\/wp\/v2\/pages"}],"about":[{"href":"https:\/\/pornmate.com\/de\/wp-json\/wp\/v2\/types\/page"}],"author":[{"embeddable":true,"href":"https:\/\/pornmate.com\/de\/wp-json\/wp\/v2\/users\/1"}],"replies":[{"embeddable":true,"href":"https:\/\/pornmate.com\/de\/wp-json\/wp\/v2\/comments?post=13485"}],"version-history":[{"count":0,"href":"https:\/\/pornmate.com\/de\/wp-json\/wp\/v2\/pages\/13485\/revisions"}],"wp:attachment":[{"href":"https:\/\/pornmate.com\/de\/wp-json\/wp\/v2\/media?parent=13485"}],"curies":[{"name":"wp","href":"https:\/\/api.w.org\/{rel}","templated":true}]}}