{"id":13493,"date":"2021-06-30T12:24:08","date_gmt":"2021-06-30T12:24:08","guid":{"rendered":"https:\/\/pornmate.com\/?page_id=13493"},"modified":"2022-11-25T10:57:12","modified_gmt":"2022-11-25T09:57:12","slug":"top-escort","status":"publish","type":"page","link":"https:\/\/pornmate.com\/de\/top-escort","title":{"rendered":"Top Escort"},"content":{"rendered":"<p><a href=\"https:\/\/www.topescort.com\/de\/sacha-663720\" target=\"_blank\" rel=\"nofollow noopener noreferrer\"><img decoding=\"async\" src=\"https:\/\/cdn.topescort.com\/dynamic\/gallery\/663720\/cd5577d1ceb023d3e2065d50acafb14e_preview.jpg\" alt=\"escort sacha\" height=\"238\" border=\"0\" \/><\/a><a href=\"https:\/\/www.topescort.com\/de\/ashley-660464\" target=\"_blank\" rel=\"nofollow noopener noreferrer\"><img decoding=\"async\" src=\"https:\/\/cdn.topescort.com\/dynamic\/gallery\/660464\/b93e28e750dadcfdd53e967714ce13f3_preview.jpg\" alt=\"escort ashley\" height=\"238\" border=\"0\" \/><\/a><a href=\"https:\/\/www.topescort.com\/de\/blondie-queen-663416\" target=\"_blank\" rel=\"nofollow noopener noreferrer\"><img decoding=\"async\" src=\"https:\/\/cdn.topescort.com\/dynamic\/gallery\/663416\/9705621d1819787c9b2707fd0502d01b_preview.jpg\" alt=\"escort blondie queen\" height=\"238\" border=\"0\" \/><\/a><a href=\"https:\/\/www.topescort.com\/de\/helenasexy-660721\" target=\"_blank\" rel=\"nofollow noopener noreferrer\"><img decoding=\"async\" src=\"https:\/\/cdn.topescort.com\/dynamic\/gallery\/660721\/4cb8ee788e42544fe24918ac19a30759_preview.jpg\" alt=\"escort helena\" height=\"238\" border=\"0\" \/><\/a><a href=\"https:\/\/www.topescort.com\/de\/axelle-662430\" target=\"_blank\" rel=\"nofollow noopener noreferrer\"><img decoding=\"async\" src=\"https:\/\/cdn.topescort.com\/dynamic\/gallery\/662430\/2f083b61e0d0f91b432bc12d0d4ce7f1_preview.jpg\" alt=\"escort axelle\" height=\"238\" border=\"0\" \/><\/a><a href=\"https:\/\/www.topescort.com\/de\/pamela-661995\" target=\"_blank\" rel=\"nofollow noopener noreferrer\"><img decoding=\"async\" src=\"https:\/\/cdn.topescort.com\/dynamic\/gallery\/661995\/e49740cb839f55e2f716dedf9cf8d939_preview.jpg\" alt=\"escort pamela\" height=\"238\" border=\"0\" \/><\/a><\/p>\n<p>Top Escort ist eine begehrenswerte Seite, mit der Sie hei\u00dfe Dienstm\u00e4dchen in der N\u00e4he Ihres Hauses finden oder Ihnen dabei helfen k\u00f6nnen, nicht identische Arten von Unterk\u00fcnften f\u00fcr Sie, Ihr wagemutiges M\u00e4dchen, zu finden. Dieser Punkt ist einfach. Ich werde mit der Auswahl zufrieden sein. Diese Seite ist frei von Theatern, daher wird es schwei\u00dffrei sein, Ihre Frau zu finden. Wenn Sie auf der Homepage von Topescort.com ankommen, werden Sie von den Kategorien auf der linken Seite begr\u00fc\u00dft. Dies sind verschiedene Arten von Dienstleistungen, die diese Seite anbietet .Bevor Sie anfangen, all diese hei\u00dfen Dienstm\u00e4dchen zu beobachten, vergessen Sie nicht, Ihren Standort einzugeben Homepage, wenn Sie fr\u00fcher ein M\u00e4dchen im Auge haben. Die Dienstm\u00e4dchen haben ihre Profile vervollst\u00e4ndigt, und Sie k\u00f6nnen alle pikanten Details erkennen, die Sie ihr w\u00fcnschen. Wenn Sie Mitglied von Escortnews.eu sind, sind Sie auch Mitglied der T opescort.comdirectory. Es besteht kein Bedarf f\u00fcr ein neues Konto, und die Mitgliedschaft bietet Zugriff auf zahlreiche nicht identische Websites. Auf dieser Website k\u00f6nnen Sie begehrenswerten Dienstm\u00e4dchen bei ihrem Leben zusehen, erogene Massagen buchen und vieles mehr Sie scheinen Ihre Vorlieben zu \u00fcberarbeiten. Sie k\u00f6nnen S\u00f6hne, Shemales oder w\u00e4hlen Sie mit Bedacht aus und haben Sie die stilvolle Zeit bei Topescort.com<\/p>\n","protected":false},"excerpt":{"rendered":"<p>Top Escort ist eine begehrenswerte Seite, mit der Sie hei\u00dfe Dienstm\u00e4dchen in der N\u00e4he Ihres Hauses finden oder Ihnen dabei helfen k\u00f6nnen, nicht identische Arten von Unterk\u00fcnften f\u00fcr Sie, Ihr wagemutiges M\u00e4dchen, zu finden. Dieser Punkt ist einfach. Ich werde mit der Auswahl zufrieden sein. Diese Seite ist frei von Theatern, daher wird es schwei\u00dffrei [&hellip;]<\/p>\n","protected":false},"author":1,"featured_media":0,"parent":0,"menu_order":0,"comment_status":"closed","ping_status":"closed","template":"page-star-stil.php","meta":{"footnotes":""},"class_list":["post-13493","page","type-page","status-publish","hentry"],"yoast_head":"<!-- This site is optimized with the Yoast SEO plugin v27.2 - https:\/\/yoast.com\/product\/yoast-seo-wordpress\/ -->\n<title>Top Escort und Liste der besten Pornoseiten | PornMate<\/title>\n<meta name=\"description\" content=\"Top Escort ist eine begehrenswerte Seite, mit der Sie hei\u00dfe Dienstm\u00e4dchen in der N\u00e4he Ihres Hauses finden oder Ihnen dabei helfen k\u00f6nnen, nicht identische Arten von Unterk\u00fcnften f\u00fcr Sie,\" \/>\n<meta name=\"robots\" content=\"index, follow, max-snippet:-1, max-image-preview:large, max-video-preview:-1\" \/>\n<link rel=\"canonical\" href=\"https:\/\/pornmate.com\/de\/top-escort\" \/>\n<meta property=\"og:locale\" content=\"de_DE\" \/>\n<meta property=\"og:type\" content=\"article\" \/>\n<meta property=\"og:title\" content=\"Top Escort und Liste der besten Pornoseiten | PornMate\" \/>\n<meta property=\"og:description\" content=\"Top Escort ist eine begehrenswerte Seite, mit der Sie hei\u00dfe Dienstm\u00e4dchen in der N\u00e4he Ihres Hauses finden oder Ihnen dabei helfen k\u00f6nnen, nicht identische Arten von Unterk\u00fcnften f\u00fcr Sie,\" \/>\n<meta property=\"og:url\" content=\"https:\/\/pornmate.com\/de\/top-escort\" \/>\n<meta property=\"og:site_name\" content=\"Besten Pornoseiten - Kostenlose Deutsche Pornos | PornMate.com\" \/>\n<meta property=\"article:modified_time\" content=\"2022-11-25T09:57:12+00:00\" \/>\n<meta property=\"og:image\" content=\"https:\/\/cdn.topescort.com\/dynamic\/gallery\/663720\/cd5577d1ceb023d3e2065d50acafb14e_preview.jpg\" \/>\n<meta name=\"twitter:card\" content=\"summary_large_image\" \/>\n<meta name=\"twitter:label1\" content=\"Gesch\u00e4tzte Lesezeit\" \/>\n\t<meta name=\"twitter:data1\" content=\"3\u00a0Minuten\" \/>\n<script type=\"application\/ld+json\" class=\"yoast-schema-graph\">{\"@context\":\"https:\/\/schema.org\",\"@graph\":[{\"@type\":\"WebPage\",\"@id\":\"https:\/\/pornmate.com\/de\/top-escort\",\"url\":\"https:\/\/pornmate.com\/de\/top-escort\",\"name\":\"Top Escort und Liste der besten Pornoseiten | PornMate\",\"isPartOf\":{\"@id\":\"https:\/\/pornmate.com\/de\/#website\"},\"primaryImageOfPage\":{\"@id\":\"https:\/\/pornmate.com\/de\/top-escort#primaryimage\"},\"image\":{\"@id\":\"https:\/\/pornmate.com\/de\/top-escort#primaryimage\"},\"thumbnailUrl\":\"https:\/\/cdn.topescort.com\/dynamic\/gallery\/663720\/cd5577d1ceb023d3e2065d50acafb14e_preview.jpg\",\"datePublished\":\"2021-06-30T12:24:08+00:00\",\"dateModified\":\"2022-11-25T09:57:12+00:00\",\"description\":\"Top Escort ist eine begehrenswerte Seite, mit der Sie hei\u00dfe Dienstm\u00e4dchen in der N\u00e4he Ihres Hauses finden oder Ihnen dabei helfen k\u00f6nnen, nicht identische Arten von Unterk\u00fcnften f\u00fcr Sie,\",\"breadcrumb\":{\"@id\":\"https:\/\/pornmate.com\/de\/top-escort#breadcrumb\"},\"inLanguage\":\"de\",\"potentialAction\":[{\"@type\":\"ReadAction\",\"target\":[\"https:\/\/pornmate.com\/de\/top-escort\"]}]},{\"@type\":\"ImageObject\",\"inLanguage\":\"de\",\"@id\":\"https:\/\/pornmate.com\/de\/top-escort#primaryimage\",\"url\":\"https:\/\/cdn.topescort.com\/dynamic\/gallery\/663720\/cd5577d1ceb023d3e2065d50acafb14e_preview.jpg\",\"contentUrl\":\"https:\/\/cdn.topescort.com\/dynamic\/gallery\/663720\/cd5577d1ceb023d3e2065d50acafb14e_preview.jpg\"},{\"@type\":\"BreadcrumbList\",\"@id\":\"https:\/\/pornmate.com\/de\/top-escort#breadcrumb\",\"itemListElement\":[{\"@type\":\"ListItem\",\"position\":1,\"name\":\"Startseite\",\"item\":\"https:\/\/pornmate.com\/de\"},{\"@type\":\"ListItem\",\"position\":2,\"name\":\"Top Escort\"}]},{\"@type\":\"WebSite\",\"@id\":\"https:\/\/pornmate.com\/de\/#website\",\"url\":\"https:\/\/pornmate.com\/de\/\",\"name\":\"Besten Pornoseiten - Kostenlose Deutsche Pornos | PornMate.com\",\"description\":\"Kostenlose Pornos, ist Ihr Combo-Verzeichnis der besten gratis Pornoseiten, die Sie finden k\u00f6nnen, und das fantastische Seitenbewertungen, Kostenlose Deutsche sex Biografien von Pornostars und ihre xxx Freie Porno videos unter einem Dach pr\u00e4sentiert.\",\"publisher\":{\"@id\":\"https:\/\/pornmate.com\/de\/#organization\"},\"potentialAction\":[{\"@type\":\"SearchAction\",\"target\":{\"@type\":\"EntryPoint\",\"urlTemplate\":\"https:\/\/pornmate.com\/de\/?s={search_term_string}\"},\"query-input\":{\"@type\":\"PropertyValueSpecification\",\"valueRequired\":true,\"valueName\":\"search_term_string\"}}],\"inLanguage\":\"de\"},{\"@type\":\"Organization\",\"@id\":\"https:\/\/pornmate.com\/de\/#organization\",\"name\":\"Besten Pornoseiten - Kostenlose Deutsche Pornos | PornMate.com\",\"url\":\"https:\/\/pornmate.com\/de\/\",\"logo\":{\"@type\":\"ImageObject\",\"inLanguage\":\"de\",\"@id\":\"https:\/\/pornmate.com\/de\/#\/schema\/logo\/image\/\",\"url\":\"https:\/\/pornmate.com\/de\/wp-content\/uploads\/2022\/11\/pornmate-1.png\",\"contentUrl\":\"https:\/\/pornmate.com\/de\/wp-content\/uploads\/2022\/11\/pornmate-1.png\",\"width\":203,\"height\":200,\"caption\":\"Besten Pornoseiten - Kostenlose Deutsche Pornos | PornMate.com\"},\"image\":{\"@id\":\"https:\/\/pornmate.com\/de\/#\/schema\/logo\/image\/\"}}]}<\/script>\n<!-- \/ Yoast SEO plugin. -->","yoast_head_json":{"title":"Top Escort und Liste der besten Pornoseiten | PornMate","description":"Top Escort ist eine begehrenswerte Seite, mit der Sie hei\u00dfe Dienstm\u00e4dchen in der N\u00e4he Ihres Hauses finden oder Ihnen dabei helfen k\u00f6nnen, nicht identische Arten von Unterk\u00fcnften f\u00fcr Sie,","robots":{"index":"index","follow":"follow","max-snippet":"max-snippet:-1","max-image-preview":"max-image-preview:large","max-video-preview":"max-video-preview:-1"},"canonical":"https:\/\/pornmate.com\/de\/top-escort","og_locale":"de_DE","og_type":"article","og_title":"Top Escort und Liste der besten Pornoseiten | PornMate","og_description":"Top Escort ist eine begehrenswerte Seite, mit der Sie hei\u00dfe Dienstm\u00e4dchen in der N\u00e4he Ihres Hauses finden oder Ihnen dabei helfen k\u00f6nnen, nicht identische Arten von Unterk\u00fcnften f\u00fcr Sie,","og_url":"https:\/\/pornmate.com\/de\/top-escort","og_site_name":"Besten Pornoseiten - Kostenlose Deutsche Pornos | PornMate.com","article_modified_time":"2022-11-25T09:57:12+00:00","og_image":[{"url":"https:\/\/cdn.topescort.com\/dynamic\/gallery\/663720\/cd5577d1ceb023d3e2065d50acafb14e_preview.jpg","type":"","width":"","height":""}],"twitter_card":"summary_large_image","twitter_misc":{"Gesch\u00e4tzte Lesezeit":"3\u00a0Minuten"},"schema":{"@context":"https:\/\/schema.org","@graph":[{"@type":"WebPage","@id":"https:\/\/pornmate.com\/de\/top-escort","url":"https:\/\/pornmate.com\/de\/top-escort","name":"Top Escort und Liste der besten Pornoseiten | PornMate","isPartOf":{"@id":"https:\/\/pornmate.com\/de\/#website"},"primaryImageOfPage":{"@id":"https:\/\/pornmate.com\/de\/top-escort#primaryimage"},"image":{"@id":"https:\/\/pornmate.com\/de\/top-escort#primaryimage"},"thumbnailUrl":"https:\/\/cdn.topescort.com\/dynamic\/gallery\/663720\/cd5577d1ceb023d3e2065d50acafb14e_preview.jpg","datePublished":"2021-06-30T12:24:08+00:00","dateModified":"2022-11-25T09:57:12+00:00","description":"Top Escort ist eine begehrenswerte Seite, mit der Sie hei\u00dfe Dienstm\u00e4dchen in der N\u00e4he Ihres Hauses finden oder Ihnen dabei helfen k\u00f6nnen, nicht identische Arten von Unterk\u00fcnften f\u00fcr Sie,","breadcrumb":{"@id":"https:\/\/pornmate.com\/de\/top-escort#breadcrumb"},"inLanguage":"de","potentialAction":[{"@type":"ReadAction","target":["https:\/\/pornmate.com\/de\/top-escort"]}]},{"@type":"ImageObject","inLanguage":"de","@id":"https:\/\/pornmate.com\/de\/top-escort#primaryimage","url":"https:\/\/cdn.topescort.com\/dynamic\/gallery\/663720\/cd5577d1ceb023d3e2065d50acafb14e_preview.jpg","contentUrl":"https:\/\/cdn.topescort.com\/dynamic\/gallery\/663720\/cd5577d1ceb023d3e2065d50acafb14e_preview.jpg"},{"@type":"BreadcrumbList","@id":"https:\/\/pornmate.com\/de\/top-escort#breadcrumb","itemListElement":[{"@type":"ListItem","position":1,"name":"Startseite","item":"https:\/\/pornmate.com\/de"},{"@type":"ListItem","position":2,"name":"Top Escort"}]},{"@type":"WebSite","@id":"https:\/\/pornmate.com\/de\/#website","url":"https:\/\/pornmate.com\/de\/","name":"Besten Pornoseiten - Kostenlose Deutsche Pornos | PornMate.com","description":"Kostenlose Pornos, ist Ihr Combo-Verzeichnis der besten gratis Pornoseiten, die Sie finden k\u00f6nnen, und das fantastische Seitenbewertungen, Kostenlose Deutsche sex Biografien von Pornostars und ihre xxx Freie Porno videos unter einem Dach pr\u00e4sentiert.","publisher":{"@id":"https:\/\/pornmate.com\/de\/#organization"},"potentialAction":[{"@type":"SearchAction","target":{"@type":"EntryPoint","urlTemplate":"https:\/\/pornmate.com\/de\/?s={search_term_string}"},"query-input":{"@type":"PropertyValueSpecification","valueRequired":true,"valueName":"search_term_string"}}],"inLanguage":"de"},{"@type":"Organization","@id":"https:\/\/pornmate.com\/de\/#organization","name":"Besten Pornoseiten - Kostenlose Deutsche Pornos | PornMate.com","url":"https:\/\/pornmate.com\/de\/","logo":{"@type":"ImageObject","inLanguage":"de","@id":"https:\/\/pornmate.com\/de\/#\/schema\/logo\/image\/","url":"https:\/\/pornmate.com\/de\/wp-content\/uploads\/2022\/11\/pornmate-1.png","contentUrl":"https:\/\/pornmate.com\/de\/wp-content\/uploads\/2022\/11\/pornmate-1.png","width":203,"height":200,"caption":"Besten Pornoseiten - Kostenlose Deutsche Pornos | PornMate.com"},"image":{"@id":"https:\/\/pornmate.com\/de\/#\/schema\/logo\/image\/"}}]}},"_links":{"self":[{"href":"https:\/\/pornmate.com\/de\/wp-json\/wp\/v2\/pages\/13493","targetHints":{"allow":["GET"]}}],"collection":[{"href":"https:\/\/pornmate.com\/de\/wp-json\/wp\/v2\/pages"}],"about":[{"href":"https:\/\/pornmate.com\/de\/wp-json\/wp\/v2\/types\/page"}],"author":[{"embeddable":true,"href":"https:\/\/pornmate.com\/de\/wp-json\/wp\/v2\/users\/1"}],"replies":[{"embeddable":true,"href":"https:\/\/pornmate.com\/de\/wp-json\/wp\/v2\/comments?post=13493"}],"version-history":[{"count":0,"href":"https:\/\/pornmate.com\/de\/wp-json\/wp\/v2\/pages\/13493\/revisions"}],"wp:attachment":[{"href":"https:\/\/pornmate.com\/de\/wp-json\/wp\/v2\/media?parent=13493"}],"curies":[{"name":"wp","href":"https:\/\/api.w.org\/{rel}","templated":true}]}}