{"id":13516,"date":"2021-08-02T20:07:56","date_gmt":"2021-08-02T20:07:56","guid":{"rendered":"https:\/\/pornmate.com\/?page_id=13516"},"modified":"2022-11-28T10:17:09","modified_gmt":"2022-11-28T09:17:09","slug":"pornpics","status":"publish","type":"page","link":"https:\/\/pornmate.com\/de\/pornpics","title":{"rendered":"PornPics"},"content":{"rendered":"<p>&nbsp;<\/p>\n<p style=\"text-align: center;\"><a href=\"https:\/\/pornmate.com\/de\/sites\/pornpics\/\" target=\"_blank\" rel=\"noopener\"><img loading=\"lazy\" decoding=\"async\" class=\"aligncenter wp-image-13526 size-full\" src=\"https:\/\/pornmate.com\/de\/wp-content\/uploads\/2021\/08\/porn-pics.com_-1-1.jpg\" alt=\"\" width=\"1043\" height=\"565\" srcset=\"https:\/\/pornmate.com\/de\/wp-content\/uploads\/2021\/08\/porn-pics.com_-1-1.jpg 1043w, https:\/\/pornmate.com\/de\/wp-content\/uploads\/2021\/08\/porn-pics.com_-1-1-300x163.jpg 300w, https:\/\/pornmate.com\/de\/wp-content\/uploads\/2021\/08\/porn-pics.com_-1-1-1024x555.jpg 1024w, https:\/\/pornmate.com\/de\/wp-content\/uploads\/2021\/08\/porn-pics.com_-1-1-768x416.jpg 768w\" sizes=\"auto, (max-width: 1043px) 100vw, 1043px\" \/><\/a><\/p>\n<p>&nbsp;<\/p>\n<p>PornPics Eine \u00dcberpr\u00fcfung der hei\u00dfesten Pornobilder-Site<\/p>\n<p>Derzeit werden Pornovideos immer beliebter.<br \/>\nDies bedeutet jedoch nicht, dass pornografische Bilder an Popularit\u00e4t gewinnen.<br \/>\nAus diesem Grund w\u00e4chst die Popularit\u00e4t von PornPics fl\u00fcchtig.<br \/>\nHast du dich jemals gefragt, wie aufr\u00fchrerisch es sein kann, auf Fotos von Pornostar-Action zu erscheinen?<\/p>\n<p>Nun, bei PornPics findest du diese sexy Bilder deiner Pornostars<br \/>\nPornPics hat sich in der Pornobranche einen Namen gemacht und ist deshalb derzeit eine der meistbesuchten Pornoseiten.<\/p>\n<p>Folglich werden Sie fragen, ob Sie auch ihre spezielle Pussy-Fotobibliothek besuchen sollten<br \/>\nNachdem Sie diese Rezension gelesen haben, werden Sie sehen, wie gut sie sind.<br \/>\nfolglich lassen Sie beginnen.<\/p>\n<p>Die Nachteile von PornPics<\/p>\n<p>Lassen Sie uns zuerst ein Gesicht zu den Nachteilen von PornPics nehmen.<br \/>\nEs gibt folglich zahlreiche gute Dinge, die Sie dazu bringen werden, es zu besuchen;<\/p>\n<p>Hochwertige Pornobilder<\/p>\n<p>Wenn Sie zu PornPics kommen, werden Sie mehrere Fotos auf der Homepage selbst kennen.<br \/>\nDie Homepage ist relativ navigierbar und erkennt die stilvollen Pornokategorien, um Ihre Favoriten anzusehen.<br \/>\nfast alle ihre Fotos sind von hoher Qualit\u00e4t und Sie werden sie m\u00f6gen.<\/p>\n<p>So zahlreiche Kategorien<\/p>\n<p>Eines der stilvollen Dinge bei PornPics sind Kategorien.<br \/>\nEs gibt zahlreiche Kategorien von Pornobildern, aus denen Sie diejenigen nehmen k\u00f6nnen, die Sie wissen m\u00f6chten.<br \/>\nEs gibt eine spezielle Kategorierechnung im Kopfbereich.<br \/>\nM\u00e4nner und Frauen werden sicherlich die Pornokategorie, die sie m\u00f6gen, in der Kategorieliste von PornPics erkennen.<\/p>\n<p>Drucke der stylischen Pornostars<\/p>\n<p>Bei PornPics finden Sie fast alle stylischen Pornostars der Branche.<br \/>\nWenn Sie also einen Pornostar m\u00f6gen und ihren Sex und ihre Akte sehen m\u00f6chten, werden Sie sie sicherlich auf PornPics entdecken.<br \/>\nDiese Seite hat eine erstaunliche Sammlung der Top-Stars der Branche.<\/p>\n<p>Videos sind ebenfalls zug\u00e4nglich<\/p>\n<p>Trotzdem, raten Sie mal, sie haben auch einen Videobereich im Titelbereich, wenn Sie denken, PornPics ist jeder im Filmland.<br \/>\nSobald Sie sich darauf beziehen, gelangen Sie in ihren Videobereich, wo Sie zahlreiche \u00fcberraschende Videos entdecken, die Ihnen viel Spa\u00df machen werden.<br \/>\nEinige kleinere Nachteile von PornPics Es gibt einige kleinere Nachteile, die in dieser Rezension besprochen werden m\u00fcssen.<br \/>\nandernfalls wird die \u00dcberpr\u00fcfung mangelhaft sein;<\/p>\n<p>Fremdlinks Sie werden Fremdlinks entdecken, auf denen gelegentlich ein Fleck l\u00e4stig sein kann.<\/p>\n<p>Suchoption muss verbessert werden Suchoption nicht wirklich gut und Verbesserungen k\u00f6nnen vorgenommen werden.<\/p>\n<p>Anzeigen Die Anzeigenplatzierung kann ein Fleck sein, da einige Anzeigen beim Betrachten von Bildern wirklich nervig sind.<\/p>\n<p>Die Bewertung in markig<\/p>\n<p>Bewertung von PornPics<\/p>\n<p>Vorteile Nachteile<\/p>\n<p>Fertige Bilder zum Sortieren von Anzeigen sind<\/p>\n<p>Top-Pornostars der Branche Suchoptionen k\u00f6nnen besser sein<\/p>\n<p>Hochwertige Videos und Bilder, zahlreiche ausl\u00e4ndische Links<\/p>\n<p>Die endg\u00fcltige Aufl\u00f6sung<\/p>\n<p>Schlie\u00dflich, wenn Sie einen Pornostar auf der stylischen Schnellstra\u00dfe sehen m\u00f6chten, sollten Sie ihre PornPics-Bilder kennen.<br \/>\nIhre Fotosammlung ist \u00fcberraschend.<br \/>\nIn der Tat wird eine alte Frau begehrenswert aussehen und auf der Schnellstra\u00dfe pr\u00e4sentiert sie Pornobilder.<br \/>\nFolglich ist PornPics eine Seite, die Sie besuchen m\u00fcssen, wenn Sie gerne Pornobilder ansehen.<\/p>\n","protected":false},"excerpt":{"rendered":"<p>&nbsp; &nbsp; PornPics Eine \u00dcberpr\u00fcfung der hei\u00dfesten Pornobilder-Site Derzeit werden Pornovideos immer beliebter. Dies bedeutet jedoch nicht, dass pornografische Bilder an Popularit\u00e4t gewinnen. Aus diesem Grund w\u00e4chst die Popularit\u00e4t von PornPics fl\u00fcchtig. Hast du dich jemals gefragt, wie aufr\u00fchrerisch es sein kann, auf Fotos von Pornostar-Action zu erscheinen? Nun, bei PornPics findest du diese sexy [&hellip;]<\/p>\n","protected":false},"author":1,"featured_media":0,"parent":0,"menu_order":0,"comment_status":"closed","ping_status":"closed","template":"","meta":{"footnotes":""},"class_list":["post-13516","page","type-page","status-publish","hentry"],"yoast_head":"<!-- This site is optimized with the Yoast SEO plugin v27.4 - https:\/\/yoast.com\/product\/yoast-seo-wordpress\/ -->\n<title>PornPics und Liste der besten Pornoseiten | PornMate<\/title>\n<meta name=\"description\" content=\"Derzeit werden Pornovideos immer beliebter.Dies bedeutet jedoch nicht, dass pornografische Bilder an Popularit\u00e4t gewinnen.\" \/>\n<meta name=\"robots\" content=\"index, follow, max-snippet:-1, max-image-preview:large, max-video-preview:-1\" \/>\n<link rel=\"canonical\" href=\"https:\/\/pornmate.com\/de\/pornpics\" \/>\n<meta property=\"og:locale\" content=\"de_DE\" \/>\n<meta property=\"og:type\" content=\"article\" \/>\n<meta property=\"og:title\" content=\"PornPics und Liste der besten Pornoseiten | PornMate\" \/>\n<meta property=\"og:description\" content=\"Derzeit werden Pornovideos immer beliebter.Dies bedeutet jedoch nicht, dass pornografische Bilder an Popularit\u00e4t gewinnen.\" \/>\n<meta property=\"og:url\" content=\"https:\/\/pornmate.com\/de\/pornpics\" \/>\n<meta property=\"og:site_name\" content=\"Besten Pornoseiten - Kostenlose Deutsche Pornos | PornMate.com\" \/>\n<meta property=\"article:modified_time\" content=\"2022-11-28T09:17:09+00:00\" \/>\n<meta property=\"og:image\" content=\"https:\/\/pornmate.com\/de\/wp-content\/uploads\/2021\/08\/porn-pics.com_-1-1.jpg\" \/>\n<meta name=\"twitter:card\" content=\"summary_large_image\" \/>\n<meta name=\"twitter:label1\" content=\"Gesch\u00e4tzte Lesezeit\" \/>\n\t<meta name=\"twitter:data1\" content=\"3\u00a0Minuten\" \/>\n<script type=\"application\/ld+json\" class=\"yoast-schema-graph\">{\"@context\":\"https:\\\/\\\/schema.org\",\"@graph\":[{\"@type\":\"WebPage\",\"@id\":\"https:\\\/\\\/pornmate.com\\\/de\\\/pornpics\",\"url\":\"https:\\\/\\\/pornmate.com\\\/de\\\/pornpics\",\"name\":\"PornPics und Liste der besten Pornoseiten | PornMate\",\"isPartOf\":{\"@id\":\"https:\\\/\\\/pornmate.com\\\/de\\\/#website\"},\"primaryImageOfPage\":{\"@id\":\"https:\\\/\\\/pornmate.com\\\/de\\\/pornpics#primaryimage\"},\"image\":{\"@id\":\"https:\\\/\\\/pornmate.com\\\/de\\\/pornpics#primaryimage\"},\"thumbnailUrl\":\"https:\\\/\\\/pornmate.com\\\/de\\\/wp-content\\\/uploads\\\/2021\\\/08\\\/porn-pics.com_-1-1.jpg\",\"datePublished\":\"2021-08-02T20:07:56+00:00\",\"dateModified\":\"2022-11-28T09:17:09+00:00\",\"description\":\"Derzeit werden Pornovideos immer beliebter.Dies bedeutet jedoch nicht, dass pornografische Bilder an Popularit\u00e4t gewinnen.\",\"breadcrumb\":{\"@id\":\"https:\\\/\\\/pornmate.com\\\/de\\\/pornpics#breadcrumb\"},\"inLanguage\":\"de\",\"potentialAction\":[{\"@type\":\"ReadAction\",\"target\":[\"https:\\\/\\\/pornmate.com\\\/de\\\/pornpics\"]}]},{\"@type\":\"ImageObject\",\"inLanguage\":\"de\",\"@id\":\"https:\\\/\\\/pornmate.com\\\/de\\\/pornpics#primaryimage\",\"url\":\"https:\\\/\\\/pornmate.com\\\/de\\\/wp-content\\\/uploads\\\/2021\\\/08\\\/porn-pics.com_-1-1.jpg\",\"contentUrl\":\"https:\\\/\\\/pornmate.com\\\/de\\\/wp-content\\\/uploads\\\/2021\\\/08\\\/porn-pics.com_-1-1.jpg\",\"width\":1043,\"height\":565},{\"@type\":\"BreadcrumbList\",\"@id\":\"https:\\\/\\\/pornmate.com\\\/de\\\/pornpics#breadcrumb\",\"itemListElement\":[{\"@type\":\"ListItem\",\"position\":1,\"name\":\"Startseite\",\"item\":\"https:\\\/\\\/pornmate.com\\\/de\"},{\"@type\":\"ListItem\",\"position\":2,\"name\":\"PornPics\"}]},{\"@type\":\"WebSite\",\"@id\":\"https:\\\/\\\/pornmate.com\\\/de\\\/#website\",\"url\":\"https:\\\/\\\/pornmate.com\\\/de\\\/\",\"name\":\"Besten Pornoseiten - Kostenlose Deutsche Pornos | PornMate.com\",\"description\":\"Kostenlose Pornos, ist Ihr Combo-Verzeichnis der besten gratis Pornoseiten, die Sie finden k\u00f6nnen, und das fantastische Seitenbewertungen, Kostenlose Deutsche sex Biografien von Pornostars und ihre xxx Freie Porno videos unter einem Dach pr\u00e4sentiert.\",\"publisher\":{\"@id\":\"https:\\\/\\\/pornmate.com\\\/de\\\/#organization\"},\"potentialAction\":[{\"@type\":\"SearchAction\",\"target\":{\"@type\":\"EntryPoint\",\"urlTemplate\":\"https:\\\/\\\/pornmate.com\\\/de\\\/?s={search_term_string}\"},\"query-input\":{\"@type\":\"PropertyValueSpecification\",\"valueRequired\":true,\"valueName\":\"search_term_string\"}}],\"inLanguage\":\"de\"},{\"@type\":\"Organization\",\"@id\":\"https:\\\/\\\/pornmate.com\\\/de\\\/#organization\",\"name\":\"Besten Pornoseiten - Kostenlose Deutsche Pornos | PornMate.com\",\"url\":\"https:\\\/\\\/pornmate.com\\\/de\\\/\",\"logo\":{\"@type\":\"ImageObject\",\"inLanguage\":\"de\",\"@id\":\"https:\\\/\\\/pornmate.com\\\/de\\\/#\\\/schema\\\/logo\\\/image\\\/\",\"url\":\"https:\\\/\\\/pornmate.com\\\/de\\\/wp-content\\\/uploads\\\/2022\\\/11\\\/pornmate-1.png\",\"contentUrl\":\"https:\\\/\\\/pornmate.com\\\/de\\\/wp-content\\\/uploads\\\/2022\\\/11\\\/pornmate-1.png\",\"width\":203,\"height\":200,\"caption\":\"Besten Pornoseiten - Kostenlose Deutsche Pornos | PornMate.com\"},\"image\":{\"@id\":\"https:\\\/\\\/pornmate.com\\\/de\\\/#\\\/schema\\\/logo\\\/image\\\/\"}}]}<\/script>\n<!-- \/ Yoast SEO plugin. -->","yoast_head_json":{"title":"PornPics und Liste der besten Pornoseiten | PornMate","description":"Derzeit werden Pornovideos immer beliebter.Dies bedeutet jedoch nicht, dass pornografische Bilder an Popularit\u00e4t gewinnen.","robots":{"index":"index","follow":"follow","max-snippet":"max-snippet:-1","max-image-preview":"max-image-preview:large","max-video-preview":"max-video-preview:-1"},"canonical":"https:\/\/pornmate.com\/de\/pornpics","og_locale":"de_DE","og_type":"article","og_title":"PornPics und Liste der besten Pornoseiten | PornMate","og_description":"Derzeit werden Pornovideos immer beliebter.Dies bedeutet jedoch nicht, dass pornografische Bilder an Popularit\u00e4t gewinnen.","og_url":"https:\/\/pornmate.com\/de\/pornpics","og_site_name":"Besten Pornoseiten - Kostenlose Deutsche Pornos | PornMate.com","article_modified_time":"2022-11-28T09:17:09+00:00","og_image":[{"url":"https:\/\/pornmate.com\/de\/wp-content\/uploads\/2021\/08\/porn-pics.com_-1-1.jpg","type":"","width":"","height":""}],"twitter_card":"summary_large_image","twitter_misc":{"Gesch\u00e4tzte Lesezeit":"3\u00a0Minuten"},"schema":{"@context":"https:\/\/schema.org","@graph":[{"@type":"WebPage","@id":"https:\/\/pornmate.com\/de\/pornpics","url":"https:\/\/pornmate.com\/de\/pornpics","name":"PornPics und Liste der besten Pornoseiten | PornMate","isPartOf":{"@id":"https:\/\/pornmate.com\/de\/#website"},"primaryImageOfPage":{"@id":"https:\/\/pornmate.com\/de\/pornpics#primaryimage"},"image":{"@id":"https:\/\/pornmate.com\/de\/pornpics#primaryimage"},"thumbnailUrl":"https:\/\/pornmate.com\/de\/wp-content\/uploads\/2021\/08\/porn-pics.com_-1-1.jpg","datePublished":"2021-08-02T20:07:56+00:00","dateModified":"2022-11-28T09:17:09+00:00","description":"Derzeit werden Pornovideos immer beliebter.Dies bedeutet jedoch nicht, dass pornografische Bilder an Popularit\u00e4t gewinnen.","breadcrumb":{"@id":"https:\/\/pornmate.com\/de\/pornpics#breadcrumb"},"inLanguage":"de","potentialAction":[{"@type":"ReadAction","target":["https:\/\/pornmate.com\/de\/pornpics"]}]},{"@type":"ImageObject","inLanguage":"de","@id":"https:\/\/pornmate.com\/de\/pornpics#primaryimage","url":"https:\/\/pornmate.com\/de\/wp-content\/uploads\/2021\/08\/porn-pics.com_-1-1.jpg","contentUrl":"https:\/\/pornmate.com\/de\/wp-content\/uploads\/2021\/08\/porn-pics.com_-1-1.jpg","width":1043,"height":565},{"@type":"BreadcrumbList","@id":"https:\/\/pornmate.com\/de\/pornpics#breadcrumb","itemListElement":[{"@type":"ListItem","position":1,"name":"Startseite","item":"https:\/\/pornmate.com\/de"},{"@type":"ListItem","position":2,"name":"PornPics"}]},{"@type":"WebSite","@id":"https:\/\/pornmate.com\/de\/#website","url":"https:\/\/pornmate.com\/de\/","name":"Besten Pornoseiten - Kostenlose Deutsche Pornos | PornMate.com","description":"Kostenlose Pornos, ist Ihr Combo-Verzeichnis der besten gratis Pornoseiten, die Sie finden k\u00f6nnen, und das fantastische Seitenbewertungen, Kostenlose Deutsche sex Biografien von Pornostars und ihre xxx Freie Porno videos unter einem Dach pr\u00e4sentiert.","publisher":{"@id":"https:\/\/pornmate.com\/de\/#organization"},"potentialAction":[{"@type":"SearchAction","target":{"@type":"EntryPoint","urlTemplate":"https:\/\/pornmate.com\/de\/?s={search_term_string}"},"query-input":{"@type":"PropertyValueSpecification","valueRequired":true,"valueName":"search_term_string"}}],"inLanguage":"de"},{"@type":"Organization","@id":"https:\/\/pornmate.com\/de\/#organization","name":"Besten Pornoseiten - Kostenlose Deutsche Pornos | PornMate.com","url":"https:\/\/pornmate.com\/de\/","logo":{"@type":"ImageObject","inLanguage":"de","@id":"https:\/\/pornmate.com\/de\/#\/schema\/logo\/image\/","url":"https:\/\/pornmate.com\/de\/wp-content\/uploads\/2022\/11\/pornmate-1.png","contentUrl":"https:\/\/pornmate.com\/de\/wp-content\/uploads\/2022\/11\/pornmate-1.png","width":203,"height":200,"caption":"Besten Pornoseiten - Kostenlose Deutsche Pornos | PornMate.com"},"image":{"@id":"https:\/\/pornmate.com\/de\/#\/schema\/logo\/image\/"}}]}},"_links":{"self":[{"href":"https:\/\/pornmate.com\/de\/wp-json\/wp\/v2\/pages\/13516","targetHints":{"allow":["GET"]}}],"collection":[{"href":"https:\/\/pornmate.com\/de\/wp-json\/wp\/v2\/pages"}],"about":[{"href":"https:\/\/pornmate.com\/de\/wp-json\/wp\/v2\/types\/page"}],"author":[{"embeddable":true,"href":"https:\/\/pornmate.com\/de\/wp-json\/wp\/v2\/users\/1"}],"replies":[{"embeddable":true,"href":"https:\/\/pornmate.com\/de\/wp-json\/wp\/v2\/comments?post=13516"}],"version-history":[{"count":0,"href":"https:\/\/pornmate.com\/de\/wp-json\/wp\/v2\/pages\/13516\/revisions"}],"wp:attachment":[{"href":"https:\/\/pornmate.com\/de\/wp-json\/wp\/v2\/media?parent=13516"}],"curies":[{"name":"wp","href":"https:\/\/api.w.org\/{rel}","templated":true}]}}