{"id":13547,"date":"2021-08-06T13:31:34","date_gmt":"2021-08-06T13:31:34","guid":{"rendered":"https:\/\/pornmate.com\/?page_id=13547"},"modified":"2021-08-06T13:31:34","modified_gmt":"2021-08-06T13:31:34","slug":"faphouse","status":"publish","type":"page","link":"https:\/\/pornmate.com\/de\/faphouse","title":{"rendered":"FapHouse"},"content":{"rendered":"<p><img loading=\"lazy\" decoding=\"async\" class=\"alignnone wp-image-13548 size-full\" src=\"https:\/\/pornmate.com\/de\/wp-content\/uploads\/2021\/08\/faphose-1-1.png\" alt=\"\" width=\"1145\" height=\"474\" srcset=\"https:\/\/pornmate.com\/de\/wp-content\/uploads\/2021\/08\/faphose-1-1.png 1145w, https:\/\/pornmate.com\/de\/wp-content\/uploads\/2021\/08\/faphose-1-1-300x124.png 300w, https:\/\/pornmate.com\/de\/wp-content\/uploads\/2021\/08\/faphose-1-1-1024x424.png 1024w, https:\/\/pornmate.com\/de\/wp-content\/uploads\/2021\/08\/faphose-1-1-768x318.png 768w\" sizes=\"auto, (max-width: 1145px) 100vw, 1145px\" \/><\/p>\n<p>FapHouse.com ist eine Website, die Tausende von Videos von gro\u00dfen Produzenten und Produzenten von Inhalten sammelt.<\/p>\n<p>FapHouse erm\u00f6glicht es Erstellern, Videos zu monetarisieren. Es ist eine hochmoderne Video-Streaming-Plattform mit Tausenden von Videos von gro\u00dfen Produzenten und Erstellern. Creators erm\u00f6glicht es Benutzern, exklusive Inhalte \u00fcber FanClubs zu abonnieren und anzusehen. Dieses Design bietet ein erstklassiges Abonnement-Erlebnis f\u00fcr Fans, die sich der Raserei anschlie\u00dfen m\u00f6chten.<\/p>\n<p>F\u00fcr Fans bietet ein Abonnement von FapHouse Zugriff auf \u00fcber 200 Videos, die t\u00e4glich hochgeladen werden, und auf insgesamt \u00fcber 200.000 Videos. Abonnenten k\u00f6nnen au\u00dferdem Tausende ihrer Lieblingsvideos herunterladen und dabei die Qualit\u00e4t erhalten, die sie verdienen \u2013 in kristallklarer 4K-Aufl\u00f6sung und FHD-Qualit\u00e4t.<\/p>\n<p>Benutzer k\u00f6nnen auch einen gro\u00dfen Mehrwert erzielen, indem sie FanClubs abonnieren. Mit einem FanClubs-Abonnement erhalten Sie unbegrenzten Zugriff auf Inhalte nur f\u00fcr Fans Ihrer Lieblingssch\u00f6pfer und -studios sowie kostenlosen Zugriff auf die gesamte FapHouse-Clipbibliothek. Auf diese Weise kommen Sie viel auf Ihre Kosten.<\/p>\n<p>Erotikstudios wie Blacked, Pure Taboo, Naughty America, Bang und Team Skeet haben einen festen Platz im FapHouse.<\/p>\n<p>Unz\u00e4hlige Kategorien f\u00fcr Cosplay, MILF, Girl-on-Girl, BDSM und Tausende von direkten Videos sind in einer benutzerfreundlichen Erfahrung leicht zug\u00e4nglich. Mitglieder k\u00f6nnen auch in heterosexuellen, schwulen und trans-Vertikalen rangieren und intime Erlebnisse f\u00fcr jeden Geschmack und jede Vorliebe bieten.<\/p>\n<p>Nutzer k\u00f6nnen die Videos in den Kategorien alphabetisch sortieren und daraus ausw\u00e4hlen. Es kann branchen\u00fcbliche Filterwerkzeuge verwenden, um die Suche zu verfeinern. Du kannst YouTuber und Studios f\u00fcr ihre Premium-Videos direkt \u00fcber g\u00e4ngige Kreditkarten oder Kryptow\u00e4hrungen bezahlen (nur lebenslange Mitgliedschaften).<\/p>\n<p>Wie Sie geh\u00f6rt haben? Nehmen Sie \u00c4nderungen an FapHouse vor und verbessern Sie Ihr Premium-Porno-Erlebnis.<\/p>\n","protected":false},"excerpt":{"rendered":"<p>FapHouse.com ist eine Website, die Tausende von Videos von gro\u00dfen Produzenten und Produzenten von Inhalten sammelt. FapHouse erm\u00f6glicht es Erstellern, Videos zu monetarisieren. Es ist eine hochmoderne Video-Streaming-Plattform mit Tausenden von Videos von gro\u00dfen Produzenten und Erstellern. Creators erm\u00f6glicht es Benutzern, exklusive Inhalte \u00fcber FanClubs zu abonnieren und anzusehen. Dieses Design bietet ein erstklassiges Abonnement-Erlebnis [&hellip;]<\/p>\n","protected":false},"author":1,"featured_media":0,"parent":0,"menu_order":0,"comment_status":"closed","ping_status":"closed","template":"","meta":{"footnotes":""},"class_list":["post-13547","page","type-page","status-publish","hentry"],"yoast_head":"<!-- This site is optimized with the Yoast SEO plugin v27.5 - https:\/\/yoast.com\/product\/yoast-seo-wordpress\/ -->\n<title>FapHouse und Liste der besten Pornoseiten | PornMate<\/title>\n<meta name=\"description\" content=\"FapHouse.com ist eine Website, die Tausende von Videos von gro\u00dfen Produzenten und Produzenten von Inhalten sammelt.FapHouse erm\u00f6glicht es Erstellern, Videos zu monetarisieren. Es ist eine hochmoderne Video-Streaming-Plattform mit Tausenden von Videos von gro\u00dfen Produzenten und Erstellern.\" \/>\n<meta name=\"robots\" content=\"index, follow, max-snippet:-1, max-image-preview:large, max-video-preview:-1\" \/>\n<link rel=\"canonical\" href=\"https:\/\/pornmate.com\/de\/faphouse\" \/>\n<meta property=\"og:locale\" content=\"de_DE\" \/>\n<meta property=\"og:type\" content=\"article\" \/>\n<meta property=\"og:title\" content=\"FapHouse und Liste der besten Pornoseiten | PornMate\" \/>\n<meta property=\"og:description\" content=\"FapHouse.com ist eine Website, die Tausende von Videos von gro\u00dfen Produzenten und Produzenten von Inhalten sammelt.FapHouse erm\u00f6glicht es Erstellern, Videos zu monetarisieren. Es ist eine hochmoderne Video-Streaming-Plattform mit Tausenden von Videos von gro\u00dfen Produzenten und Erstellern.\" \/>\n<meta property=\"og:url\" content=\"https:\/\/pornmate.com\/de\/faphouse\" \/>\n<meta property=\"og:site_name\" content=\"Besten Pornoseiten - Kostenlose Deutsche Pornos | PornMate.com\" \/>\n<meta property=\"og:image\" content=\"https:\/\/bbbx.net\/wp-content\/uploads\/2021\/08\/faphose-1.png\" \/>\n<meta name=\"twitter:card\" content=\"summary_large_image\" \/>\n<meta name=\"twitter:label1\" content=\"Gesch\u00e4tzte Lesezeit\" \/>\n\t<meta name=\"twitter:data1\" content=\"2\u00a0Minuten\" \/>\n<script type=\"application\/ld+json\" class=\"yoast-schema-graph\">{\"@context\":\"https:\\\/\\\/schema.org\",\"@graph\":[{\"@type\":\"WebPage\",\"@id\":\"https:\\\/\\\/pornmate.com\\\/de\\\/faphouse\",\"url\":\"https:\\\/\\\/pornmate.com\\\/de\\\/faphouse\",\"name\":\"FapHouse und Liste der besten Pornoseiten | PornMate\",\"isPartOf\":{\"@id\":\"https:\\\/\\\/pornmate.com\\\/de\\\/#website\"},\"primaryImageOfPage\":{\"@id\":\"https:\\\/\\\/pornmate.com\\\/de\\\/faphouse#primaryimage\"},\"image\":{\"@id\":\"https:\\\/\\\/pornmate.com\\\/de\\\/faphouse#primaryimage\"},\"thumbnailUrl\":\"https:\\\/\\\/pornmate.com\\\/de\\\/wp-content\\\/uploads\\\/2021\\\/08\\\/faphose-1-1.png\",\"datePublished\":\"2021-08-06T13:31:34+00:00\",\"description\":\"FapHouse.com ist eine Website, die Tausende von Videos von gro\u00dfen Produzenten und Produzenten von Inhalten sammelt.FapHouse erm\u00f6glicht es Erstellern, Videos zu monetarisieren. Es ist eine hochmoderne Video-Streaming-Plattform mit Tausenden von Videos von gro\u00dfen Produzenten und Erstellern.\",\"breadcrumb\":{\"@id\":\"https:\\\/\\\/pornmate.com\\\/de\\\/faphouse#breadcrumb\"},\"inLanguage\":\"de\",\"potentialAction\":[{\"@type\":\"ReadAction\",\"target\":[\"https:\\\/\\\/pornmate.com\\\/de\\\/faphouse\"]}]},{\"@type\":\"ImageObject\",\"inLanguage\":\"de\",\"@id\":\"https:\\\/\\\/pornmate.com\\\/de\\\/faphouse#primaryimage\",\"url\":\"https:\\\/\\\/pornmate.com\\\/de\\\/wp-content\\\/uploads\\\/2021\\\/08\\\/faphose-1-1.png\",\"contentUrl\":\"https:\\\/\\\/pornmate.com\\\/de\\\/wp-content\\\/uploads\\\/2021\\\/08\\\/faphose-1-1.png\",\"width\":1145,\"height\":474},{\"@type\":\"BreadcrumbList\",\"@id\":\"https:\\\/\\\/pornmate.com\\\/de\\\/faphouse#breadcrumb\",\"itemListElement\":[{\"@type\":\"ListItem\",\"position\":1,\"name\":\"Startseite\",\"item\":\"https:\\\/\\\/pornmate.com\\\/de\"},{\"@type\":\"ListItem\",\"position\":2,\"name\":\"FapHouse\"}]},{\"@type\":\"WebSite\",\"@id\":\"https:\\\/\\\/pornmate.com\\\/de\\\/#website\",\"url\":\"https:\\\/\\\/pornmate.com\\\/de\\\/\",\"name\":\"Besten Pornoseiten - Kostenlose Deutsche Pornos | PornMate.com\",\"description\":\"Kostenlose Pornos, ist Ihr Combo-Verzeichnis der besten gratis Pornoseiten, die Sie finden k\u00f6nnen, und das fantastische Seitenbewertungen, Kostenlose Deutsche sex Biografien von Pornostars und ihre xxx Freie Porno videos unter einem Dach pr\u00e4sentiert.\",\"publisher\":{\"@id\":\"https:\\\/\\\/pornmate.com\\\/de\\\/#organization\"},\"potentialAction\":[{\"@type\":\"SearchAction\",\"target\":{\"@type\":\"EntryPoint\",\"urlTemplate\":\"https:\\\/\\\/pornmate.com\\\/de\\\/?s={search_term_string}\"},\"query-input\":{\"@type\":\"PropertyValueSpecification\",\"valueRequired\":true,\"valueName\":\"search_term_string\"}}],\"inLanguage\":\"de\"},{\"@type\":\"Organization\",\"@id\":\"https:\\\/\\\/pornmate.com\\\/de\\\/#organization\",\"name\":\"Besten Pornoseiten - Kostenlose Deutsche Pornos | PornMate.com\",\"url\":\"https:\\\/\\\/pornmate.com\\\/de\\\/\",\"logo\":{\"@type\":\"ImageObject\",\"inLanguage\":\"de\",\"@id\":\"https:\\\/\\\/pornmate.com\\\/de\\\/#\\\/schema\\\/logo\\\/image\\\/\",\"url\":\"https:\\\/\\\/pornmate.com\\\/de\\\/wp-content\\\/uploads\\\/2022\\\/11\\\/pornmate-1.png\",\"contentUrl\":\"https:\\\/\\\/pornmate.com\\\/de\\\/wp-content\\\/uploads\\\/2022\\\/11\\\/pornmate-1.png\",\"width\":203,\"height\":200,\"caption\":\"Besten Pornoseiten - Kostenlose Deutsche Pornos | PornMate.com\"},\"image\":{\"@id\":\"https:\\\/\\\/pornmate.com\\\/de\\\/#\\\/schema\\\/logo\\\/image\\\/\"}}]}<\/script>\n<!-- \/ Yoast SEO plugin. -->","yoast_head_json":{"title":"FapHouse und Liste der besten Pornoseiten | PornMate","description":"FapHouse.com ist eine Website, die Tausende von Videos von gro\u00dfen Produzenten und Produzenten von Inhalten sammelt.FapHouse erm\u00f6glicht es Erstellern, Videos zu monetarisieren. Es ist eine hochmoderne Video-Streaming-Plattform mit Tausenden von Videos von gro\u00dfen Produzenten und Erstellern.","robots":{"index":"index","follow":"follow","max-snippet":"max-snippet:-1","max-image-preview":"max-image-preview:large","max-video-preview":"max-video-preview:-1"},"canonical":"https:\/\/pornmate.com\/de\/faphouse","og_locale":"de_DE","og_type":"article","og_title":"FapHouse und Liste der besten Pornoseiten | PornMate","og_description":"FapHouse.com ist eine Website, die Tausende von Videos von gro\u00dfen Produzenten und Produzenten von Inhalten sammelt.FapHouse erm\u00f6glicht es Erstellern, Videos zu monetarisieren. Es ist eine hochmoderne Video-Streaming-Plattform mit Tausenden von Videos von gro\u00dfen Produzenten und Erstellern.","og_url":"https:\/\/pornmate.com\/de\/faphouse","og_site_name":"Besten Pornoseiten - Kostenlose Deutsche Pornos | PornMate.com","og_image":[{"url":"https:\/\/bbbx.net\/wp-content\/uploads\/2021\/08\/faphose-1.png","type":"","width":"","height":""}],"twitter_card":"summary_large_image","twitter_misc":{"Gesch\u00e4tzte Lesezeit":"2\u00a0Minuten"},"schema":{"@context":"https:\/\/schema.org","@graph":[{"@type":"WebPage","@id":"https:\/\/pornmate.com\/de\/faphouse","url":"https:\/\/pornmate.com\/de\/faphouse","name":"FapHouse und Liste der besten Pornoseiten | PornMate","isPartOf":{"@id":"https:\/\/pornmate.com\/de\/#website"},"primaryImageOfPage":{"@id":"https:\/\/pornmate.com\/de\/faphouse#primaryimage"},"image":{"@id":"https:\/\/pornmate.com\/de\/faphouse#primaryimage"},"thumbnailUrl":"https:\/\/pornmate.com\/de\/wp-content\/uploads\/2021\/08\/faphose-1-1.png","datePublished":"2021-08-06T13:31:34+00:00","description":"FapHouse.com ist eine Website, die Tausende von Videos von gro\u00dfen Produzenten und Produzenten von Inhalten sammelt.FapHouse erm\u00f6glicht es Erstellern, Videos zu monetarisieren. Es ist eine hochmoderne Video-Streaming-Plattform mit Tausenden von Videos von gro\u00dfen Produzenten und Erstellern.","breadcrumb":{"@id":"https:\/\/pornmate.com\/de\/faphouse#breadcrumb"},"inLanguage":"de","potentialAction":[{"@type":"ReadAction","target":["https:\/\/pornmate.com\/de\/faphouse"]}]},{"@type":"ImageObject","inLanguage":"de","@id":"https:\/\/pornmate.com\/de\/faphouse#primaryimage","url":"https:\/\/pornmate.com\/de\/wp-content\/uploads\/2021\/08\/faphose-1-1.png","contentUrl":"https:\/\/pornmate.com\/de\/wp-content\/uploads\/2021\/08\/faphose-1-1.png","width":1145,"height":474},{"@type":"BreadcrumbList","@id":"https:\/\/pornmate.com\/de\/faphouse#breadcrumb","itemListElement":[{"@type":"ListItem","position":1,"name":"Startseite","item":"https:\/\/pornmate.com\/de"},{"@type":"ListItem","position":2,"name":"FapHouse"}]},{"@type":"WebSite","@id":"https:\/\/pornmate.com\/de\/#website","url":"https:\/\/pornmate.com\/de\/","name":"Besten Pornoseiten - Kostenlose Deutsche Pornos | PornMate.com","description":"Kostenlose Pornos, ist Ihr Combo-Verzeichnis der besten gratis Pornoseiten, die Sie finden k\u00f6nnen, und das fantastische Seitenbewertungen, Kostenlose Deutsche sex Biografien von Pornostars und ihre xxx Freie Porno videos unter einem Dach pr\u00e4sentiert.","publisher":{"@id":"https:\/\/pornmate.com\/de\/#organization"},"potentialAction":[{"@type":"SearchAction","target":{"@type":"EntryPoint","urlTemplate":"https:\/\/pornmate.com\/de\/?s={search_term_string}"},"query-input":{"@type":"PropertyValueSpecification","valueRequired":true,"valueName":"search_term_string"}}],"inLanguage":"de"},{"@type":"Organization","@id":"https:\/\/pornmate.com\/de\/#organization","name":"Besten Pornoseiten - Kostenlose Deutsche Pornos | PornMate.com","url":"https:\/\/pornmate.com\/de\/","logo":{"@type":"ImageObject","inLanguage":"de","@id":"https:\/\/pornmate.com\/de\/#\/schema\/logo\/image\/","url":"https:\/\/pornmate.com\/de\/wp-content\/uploads\/2022\/11\/pornmate-1.png","contentUrl":"https:\/\/pornmate.com\/de\/wp-content\/uploads\/2022\/11\/pornmate-1.png","width":203,"height":200,"caption":"Besten Pornoseiten - Kostenlose Deutsche Pornos | PornMate.com"},"image":{"@id":"https:\/\/pornmate.com\/de\/#\/schema\/logo\/image\/"}}]}},"_links":{"self":[{"href":"https:\/\/pornmate.com\/de\/wp-json\/wp\/v2\/pages\/13547","targetHints":{"allow":["GET"]}}],"collection":[{"href":"https:\/\/pornmate.com\/de\/wp-json\/wp\/v2\/pages"}],"about":[{"href":"https:\/\/pornmate.com\/de\/wp-json\/wp\/v2\/types\/page"}],"author":[{"embeddable":true,"href":"https:\/\/pornmate.com\/de\/wp-json\/wp\/v2\/users\/1"}],"replies":[{"embeddable":true,"href":"https:\/\/pornmate.com\/de\/wp-json\/wp\/v2\/comments?post=13547"}],"version-history":[{"count":0,"href":"https:\/\/pornmate.com\/de\/wp-json\/wp\/v2\/pages\/13547\/revisions"}],"wp:attachment":[{"href":"https:\/\/pornmate.com\/de\/wp-json\/wp\/v2\/media?parent=13547"}],"curies":[{"name":"wp","href":"https:\/\/api.w.org\/{rel}","templated":true}]}}