{"id":13554,"date":"2021-08-10T10:57:51","date_gmt":"2021-08-10T10:57:51","guid":{"rendered":"https:\/\/pornmate.com\/?page_id=13554"},"modified":"2021-08-10T10:57:51","modified_gmt":"2021-08-10T10:57:51","slug":"no-more-boring-sex-5-adult-toys-that-will-renew-passion","status":"publish","type":"page","link":"https:\/\/pornmate.com\/de\/no-more-boring-sex-5-adult-toys-that-will-renew-passion","title":{"rendered":"No More Boring Sex: 5 Adult Toys That Will Renew Passion"},"content":{"rendered":"<p>Sex macht normalerweise Spa\u00df und ist aufregend, besonders in den fr\u00fchen Stadien einer Beziehung. Aber mit der Zeit wird es<br \/>\nF\u00fcr manche erwachsene Paare kann es langweilig werden. Diese Langeweile kann durch verschiedene Libido verursacht werden.<br \/>\nVorlieben oder Dinge k\u00f6nnen sich \u00e4ndern, nur weil einer oder beide Partner zu besch\u00e4ftigt sind.<br \/>\nAuch die gleiche Art von Sex f\u00fcr eine lange Zeit. Zum Gl\u00fcck gibt es M\u00f6glichkeiten, Sex zu haben<br \/>\nIch freue mich schon wieder darauf. Zuerst m\u00fcssen Sie ein offenes und ehrliches Gespr\u00e4ch mit Ihrem Partner f\u00fchren. frag sie ob alles ok ist<br \/>\nSag ihnen, dass du dar\u00fcber reden willst, was in deinem Schlafzimmer vor sich geht. Abschlie\u00dfend empfehle ich es zu versuchen<br \/>\nEtwas Neues, wie die Verwendung von Sexspielzeug. Willst du besseren Sex erleben? einen besseren Partner finden<br \/>\nWenn Ihr Partner sich jedoch nicht \u00e4ndern m\u00f6chte, sollten Sie sich nach jemand anderem umsehen. Gl\u00fccklich,<br \/>\nEs ist jetzt einfacher, neue Leute mit einer starken Libido kennenzulernen. Mit Hilfe von ausgereiften Dating-Sites, Sie<br \/>\nSie k\u00f6nnen MILFs treffen, die bereit sind, sich auf Sie zu st\u00fcrzen. Durchsuchen Sie einige Profile und treffen Sie die hei\u00dfesten Frauen, die Sie sind<br \/>\nfinden k\u00f6nnen. Der Trick, um eine schnelle Antwort zu erhalten, besteht darin, die Leute online dar\u00fcber zu informieren<br \/>\nMuss auf Dating-Sites aufgef\u00fchrt werden. Wie man mit ihr redet, ist eine andere Sache. Verheiratete Frauen mit viel Liebeserfahrung k\u00f6nnen das<br \/>\n\u00dcberpr\u00fcfen Sie Ihren BS und scheuen Sie sich nicht, anzurufen. Anstatt also schnell einen Anmachspruch zu verschicken, fangen wir an<br \/>\nMit einem einfachen Gru\u00df und herzlichen Komplimenten. Wenn Sie Ideen f\u00fcr Gespr\u00e4chsthemen brauchen, k\u00f6nnen Sie das tun<br \/>\nErz\u00e4hle ihr von einem Buch, das sie gelesen hat, aktuellen Ereignissen oder ihrer Spiritualit\u00e4t.<br \/>\nEs sieht gut aus, aber sei kein Kriecher, es sei denn, du m\u00f6chtest blockiert werden. Aber warum reife Frauen w\u00e4hlen? Sie wissen es, also sind sie gro\u00dfartige Partner f\u00fcr Sex und Romantik<br \/>\nWas sie wollen und keine Angst haben, es laut auszusprechen. Sie belohnen dich auch gerne f\u00fcrs Geben<br \/>\ndiese Freuden. Selbst wenn Sie ein Sex-Anf\u00e4nger sind, werden Sie sich definitiv verbessern, wenn Sie es tun<br \/>\nDate mit einer reifen Frau.<br \/>\n5 Sexspielzeuge, die Ihr Sexleben aufhellen<br \/>\nWenn Ihr Partner zustimmt, etwas Neues mit Ihnen auszuprobieren oder eine reife Frau erfolgreich verf\u00fchrt<br \/>\nMeine Damen, dann m\u00fcssen Sie ein oder zwei Sexspielzeuge finden, die Sie zufrieden stellen und Ihr Date begehrenswert machen.<br \/>\nmehr. Hier sind einige Ideen, die Ihnen dabei helfen!<br \/>\n#1: Vibrationsring<br \/>\nWie der Name schon sagt, vibriert der Vibrationsring, um das Vergn\u00fcgen beider Partner zu steigern.<br \/>\nBefriedigung.<br \/>\nWie es funktioniert: Platzieren Sie den Vibrationsring an der Peniswurzel und passen Sie ihn bequem an. wenn du<br \/>\nWenn er eingeschaltet ist, k\u00f6nnen Sie Ihren vibrierenden Penis verwenden, um Frauen zu necken und sie intensiver zu erfreuen<br \/>\nAktion. #2: We-Vibe Vibrator f\u00fcr Paare<br \/>\nDieser Vibrator ist nicht nur f\u00fcr die Befriedigung von Frauen. Es hilft auch, den H\u00f6hepunkt intensiver zu machen. So funktioniert es: Wenn Ihre Partnerin ihn anlegt, m\u00fcssen Sie den Klitoris-Vibrator gegen ihre Klitoris dr\u00fccken.<br \/>\nDas andere Ende sollte in ihre Vaginal\u00f6ffnung eingef\u00fchrt werden. Sobald ich mich fit und wohl bei ihr f\u00fchle, wechsle ich<br \/>\nW\u00e4hlen Sie eine Intensit\u00e4tseinstellung, die Sie beide bevorzugen. einen Penis in ihre Vagina einzuf\u00fchren<br \/>\nSie sollten auch eine Vibration sp\u00fcren. #3: Analplug-Set<br \/>\nEin Butt Plug Set besteht aus mehreren Butt Plugs unterschiedlicher Gr\u00f6\u00dfe. Dies ist gro\u00dfartig f\u00fcr Erstbenutzer<br \/>\nMenschen, die nicht wissen, welche Gr\u00f6\u00dfe sich wohl f\u00fchlt. Wie es funktioniert: Ihr Partner kann es tags\u00fcber als Teil Ihres Neckens oder Vorspiels tragen. Ihr Partner<br \/>\nSie k\u00f6nnen es auch tragen, um sich beim Sex eng zu f\u00fchlen. Sie k\u00f6nnen es auch tragen, wenn Sie mehr Spa\u00df haben m\u00f6chten.<br \/>\nIhre Prostata. #4: K-Y Warming Groove<br \/>\nDieses Gleitmittel lindert nicht nur Trockenheit und vaginale Beschwerden. Durch die Hitze f\u00fchlt sich das Stechen gut an<br \/>\nSinnlich f\u00fcr Sie und Ihren Partner. Wie es funktioniert: Schmieren Sie den Penis kurz vor dem Geschlechtsverkehr. Sie und Ihr Partner sollten sich f\u00fchlen<br \/>\nEin warmes Gef\u00fchl beim Sto\u00dfen. #5: Masturbationsh\u00fclle<br \/>\nEine Masturbationsh\u00fclle ist ein Oberbegriff f\u00fcr strukturierte Ger\u00e4te f\u00fcr Erwachsene, die zur Einkapselung und Stimulation verwendet werden.<br \/>\ngenital. Die beliebteste Masturbationsh\u00fclle ist die Fleshlight, die eher von M\u00e4nnern verwendet wird. Zu<br \/>\nMeine Damen, es gibt Wasserwichser. Verwendung: Kann f\u00fcr gegenseitige Masturbation, Videosex und sogar Handjobs verwendet werden. benutze deine<br \/>\nFantasie und Sie werden endlose M\u00f6glichkeiten finden.<br \/>\nVerabschieden Sie sich von langweiligem Sex<br \/>\nDas Aufpeppen Ihres Schlafzimmers muss nicht kompliziert sein. Alles, was Sie brauchen, ist eine reife Frau, die dazu bereit ist<br \/>\nEinige Spielzeuge, um Ihr Vergn\u00fcgen zu steigern. Aber wenn du mehr Hilfe oder Inspiration brauchst, kannst du und deine MILF gemeinsam Amateur-Pornoseiten besuchen<br \/>\nFinden Sie etwas, das beides aktivieren kann.<\/p>\n","protected":false},"excerpt":{"rendered":"<p>Sex macht normalerweise Spa\u00df und ist aufregend, besonders in den fr\u00fchen Stadien einer Beziehung. Aber mit der Zeit wird es F\u00fcr manche erwachsene Paare kann es langweilig werden. Diese Langeweile kann durch verschiedene Libido verursacht werden. Vorlieben oder Dinge k\u00f6nnen sich \u00e4ndern, nur weil einer oder beide Partner zu besch\u00e4ftigt sind. Auch die gleiche Art [&hellip;]<\/p>\n","protected":false},"author":1,"featured_media":0,"parent":0,"menu_order":0,"comment_status":"closed","ping_status":"closed","template":"","meta":{"footnotes":""},"class_list":["post-13554","page","type-page","status-publish","hentry"],"yoast_head":"<!-- This site is optimized with the Yoast SEO plugin v27.4 - https:\/\/yoast.com\/product\/yoast-seo-wordpress\/ -->\n<title>No More Boring Sex: 5 Adult Toys That Will Renew Passion und Liste der besten Pornoseiten | PornMate<\/title>\n<meta name=\"robots\" content=\"index, follow, max-snippet:-1, max-image-preview:large, max-video-preview:-1\" \/>\n<link rel=\"canonical\" href=\"https:\/\/pornmate.com\/de\/no-more-boring-sex-5-adult-toys-that-will-renew-passion\" \/>\n<meta property=\"og:locale\" content=\"de_DE\" \/>\n<meta property=\"og:type\" content=\"article\" \/>\n<meta property=\"og:title\" content=\"No More Boring Sex: 5 Adult Toys That Will Renew Passion und Liste der besten Pornoseiten | PornMate\" \/>\n<meta property=\"og:description\" content=\"Sex macht normalerweise Spa\u00df und ist aufregend, besonders in den fr\u00fchen Stadien einer Beziehung. Aber mit der Zeit wird es F\u00fcr manche erwachsene Paare kann es langweilig werden. Diese Langeweile kann durch verschiedene Libido verursacht werden. Vorlieben oder Dinge k\u00f6nnen sich \u00e4ndern, nur weil einer oder beide Partner zu besch\u00e4ftigt sind. Auch die gleiche Art [&hellip;]\" \/>\n<meta property=\"og:url\" content=\"https:\/\/pornmate.com\/de\/no-more-boring-sex-5-adult-toys-that-will-renew-passion\" \/>\n<meta property=\"og:site_name\" content=\"Besten Pornoseiten - Kostenlose Deutsche Pornos | PornMate.com\" \/>\n<meta name=\"twitter:card\" content=\"summary_large_image\" \/>\n<meta name=\"twitter:label1\" content=\"Gesch\u00e4tzte Lesezeit\" \/>\n\t<meta name=\"twitter:data1\" content=\"5\u00a0Minuten\" \/>\n<script type=\"application\/ld+json\" class=\"yoast-schema-graph\">{\"@context\":\"https:\\\/\\\/schema.org\",\"@graph\":[{\"@type\":\"WebPage\",\"@id\":\"https:\\\/\\\/pornmate.com\\\/de\\\/no-more-boring-sex-5-adult-toys-that-will-renew-passion\",\"url\":\"https:\\\/\\\/pornmate.com\\\/de\\\/no-more-boring-sex-5-adult-toys-that-will-renew-passion\",\"name\":\"No More Boring Sex: 5 Adult Toys That Will Renew Passion und Liste der besten Pornoseiten | PornMate\",\"isPartOf\":{\"@id\":\"https:\\\/\\\/pornmate.com\\\/de\\\/#website\"},\"datePublished\":\"2021-08-10T10:57:51+00:00\",\"breadcrumb\":{\"@id\":\"https:\\\/\\\/pornmate.com\\\/de\\\/no-more-boring-sex-5-adult-toys-that-will-renew-passion#breadcrumb\"},\"inLanguage\":\"de\",\"potentialAction\":[{\"@type\":\"ReadAction\",\"target\":[\"https:\\\/\\\/pornmate.com\\\/de\\\/no-more-boring-sex-5-adult-toys-that-will-renew-passion\"]}]},{\"@type\":\"BreadcrumbList\",\"@id\":\"https:\\\/\\\/pornmate.com\\\/de\\\/no-more-boring-sex-5-adult-toys-that-will-renew-passion#breadcrumb\",\"itemListElement\":[{\"@type\":\"ListItem\",\"position\":1,\"name\":\"Startseite\",\"item\":\"https:\\\/\\\/pornmate.com\\\/de\"},{\"@type\":\"ListItem\",\"position\":2,\"name\":\"No More Boring Sex: 5 Adult Toys That Will Renew Passion\"}]},{\"@type\":\"WebSite\",\"@id\":\"https:\\\/\\\/pornmate.com\\\/de\\\/#website\",\"url\":\"https:\\\/\\\/pornmate.com\\\/de\\\/\",\"name\":\"Besten Pornoseiten - Kostenlose Deutsche Pornos | PornMate.com\",\"description\":\"Kostenlose Pornos, ist Ihr Combo-Verzeichnis der besten gratis Pornoseiten, die Sie finden k\u00f6nnen, und das fantastische Seitenbewertungen, Kostenlose Deutsche sex Biografien von Pornostars und ihre xxx Freie Porno videos unter einem Dach pr\u00e4sentiert.\",\"publisher\":{\"@id\":\"https:\\\/\\\/pornmate.com\\\/de\\\/#organization\"},\"potentialAction\":[{\"@type\":\"SearchAction\",\"target\":{\"@type\":\"EntryPoint\",\"urlTemplate\":\"https:\\\/\\\/pornmate.com\\\/de\\\/?s={search_term_string}\"},\"query-input\":{\"@type\":\"PropertyValueSpecification\",\"valueRequired\":true,\"valueName\":\"search_term_string\"}}],\"inLanguage\":\"de\"},{\"@type\":\"Organization\",\"@id\":\"https:\\\/\\\/pornmate.com\\\/de\\\/#organization\",\"name\":\"Besten Pornoseiten - Kostenlose Deutsche Pornos | PornMate.com\",\"url\":\"https:\\\/\\\/pornmate.com\\\/de\\\/\",\"logo\":{\"@type\":\"ImageObject\",\"inLanguage\":\"de\",\"@id\":\"https:\\\/\\\/pornmate.com\\\/de\\\/#\\\/schema\\\/logo\\\/image\\\/\",\"url\":\"https:\\\/\\\/pornmate.com\\\/de\\\/wp-content\\\/uploads\\\/2022\\\/11\\\/pornmate-1.png\",\"contentUrl\":\"https:\\\/\\\/pornmate.com\\\/de\\\/wp-content\\\/uploads\\\/2022\\\/11\\\/pornmate-1.png\",\"width\":203,\"height\":200,\"caption\":\"Besten Pornoseiten - Kostenlose Deutsche Pornos | PornMate.com\"},\"image\":{\"@id\":\"https:\\\/\\\/pornmate.com\\\/de\\\/#\\\/schema\\\/logo\\\/image\\\/\"}}]}<\/script>\n<!-- \/ Yoast SEO plugin. -->","yoast_head_json":{"title":"No More Boring Sex: 5 Adult Toys That Will Renew Passion und Liste der besten Pornoseiten | PornMate","robots":{"index":"index","follow":"follow","max-snippet":"max-snippet:-1","max-image-preview":"max-image-preview:large","max-video-preview":"max-video-preview:-1"},"canonical":"https:\/\/pornmate.com\/de\/no-more-boring-sex-5-adult-toys-that-will-renew-passion","og_locale":"de_DE","og_type":"article","og_title":"No More Boring Sex: 5 Adult Toys That Will Renew Passion und Liste der besten Pornoseiten | PornMate","og_description":"Sex macht normalerweise Spa\u00df und ist aufregend, besonders in den fr\u00fchen Stadien einer Beziehung. Aber mit der Zeit wird es F\u00fcr manche erwachsene Paare kann es langweilig werden. Diese Langeweile kann durch verschiedene Libido verursacht werden. Vorlieben oder Dinge k\u00f6nnen sich \u00e4ndern, nur weil einer oder beide Partner zu besch\u00e4ftigt sind. Auch die gleiche Art [&hellip;]","og_url":"https:\/\/pornmate.com\/de\/no-more-boring-sex-5-adult-toys-that-will-renew-passion","og_site_name":"Besten Pornoseiten - Kostenlose Deutsche Pornos | PornMate.com","twitter_card":"summary_large_image","twitter_misc":{"Gesch\u00e4tzte Lesezeit":"5\u00a0Minuten"},"schema":{"@context":"https:\/\/schema.org","@graph":[{"@type":"WebPage","@id":"https:\/\/pornmate.com\/de\/no-more-boring-sex-5-adult-toys-that-will-renew-passion","url":"https:\/\/pornmate.com\/de\/no-more-boring-sex-5-adult-toys-that-will-renew-passion","name":"No More Boring Sex: 5 Adult Toys That Will Renew Passion und Liste der besten Pornoseiten | PornMate","isPartOf":{"@id":"https:\/\/pornmate.com\/de\/#website"},"datePublished":"2021-08-10T10:57:51+00:00","breadcrumb":{"@id":"https:\/\/pornmate.com\/de\/no-more-boring-sex-5-adult-toys-that-will-renew-passion#breadcrumb"},"inLanguage":"de","potentialAction":[{"@type":"ReadAction","target":["https:\/\/pornmate.com\/de\/no-more-boring-sex-5-adult-toys-that-will-renew-passion"]}]},{"@type":"BreadcrumbList","@id":"https:\/\/pornmate.com\/de\/no-more-boring-sex-5-adult-toys-that-will-renew-passion#breadcrumb","itemListElement":[{"@type":"ListItem","position":1,"name":"Startseite","item":"https:\/\/pornmate.com\/de"},{"@type":"ListItem","position":2,"name":"No More Boring Sex: 5 Adult Toys That Will Renew Passion"}]},{"@type":"WebSite","@id":"https:\/\/pornmate.com\/de\/#website","url":"https:\/\/pornmate.com\/de\/","name":"Besten Pornoseiten - Kostenlose Deutsche Pornos | PornMate.com","description":"Kostenlose Pornos, ist Ihr Combo-Verzeichnis der besten gratis Pornoseiten, die Sie finden k\u00f6nnen, und das fantastische Seitenbewertungen, Kostenlose Deutsche sex Biografien von Pornostars und ihre xxx Freie Porno videos unter einem Dach pr\u00e4sentiert.","publisher":{"@id":"https:\/\/pornmate.com\/de\/#organization"},"potentialAction":[{"@type":"SearchAction","target":{"@type":"EntryPoint","urlTemplate":"https:\/\/pornmate.com\/de\/?s={search_term_string}"},"query-input":{"@type":"PropertyValueSpecification","valueRequired":true,"valueName":"search_term_string"}}],"inLanguage":"de"},{"@type":"Organization","@id":"https:\/\/pornmate.com\/de\/#organization","name":"Besten Pornoseiten - Kostenlose Deutsche Pornos | PornMate.com","url":"https:\/\/pornmate.com\/de\/","logo":{"@type":"ImageObject","inLanguage":"de","@id":"https:\/\/pornmate.com\/de\/#\/schema\/logo\/image\/","url":"https:\/\/pornmate.com\/de\/wp-content\/uploads\/2022\/11\/pornmate-1.png","contentUrl":"https:\/\/pornmate.com\/de\/wp-content\/uploads\/2022\/11\/pornmate-1.png","width":203,"height":200,"caption":"Besten Pornoseiten - Kostenlose Deutsche Pornos | PornMate.com"},"image":{"@id":"https:\/\/pornmate.com\/de\/#\/schema\/logo\/image\/"}}]}},"_links":{"self":[{"href":"https:\/\/pornmate.com\/de\/wp-json\/wp\/v2\/pages\/13554","targetHints":{"allow":["GET"]}}],"collection":[{"href":"https:\/\/pornmate.com\/de\/wp-json\/wp\/v2\/pages"}],"about":[{"href":"https:\/\/pornmate.com\/de\/wp-json\/wp\/v2\/types\/page"}],"author":[{"embeddable":true,"href":"https:\/\/pornmate.com\/de\/wp-json\/wp\/v2\/users\/1"}],"replies":[{"embeddable":true,"href":"https:\/\/pornmate.com\/de\/wp-json\/wp\/v2\/comments?post=13554"}],"version-history":[{"count":0,"href":"https:\/\/pornmate.com\/de\/wp-json\/wp\/v2\/pages\/13554\/revisions"}],"wp:attachment":[{"href":"https:\/\/pornmate.com\/de\/wp-json\/wp\/v2\/media?parent=13554"}],"curies":[{"name":"wp","href":"https:\/\/api.w.org\/{rel}","templated":true}]}}