{"id":13560,"date":"2021-08-12T10:33:04","date_gmt":"2021-08-12T10:33:04","guid":{"rendered":"https:\/\/pornmate.com\/?page_id=13560"},"modified":"2022-11-24T13:59:11","modified_gmt":"2022-11-24T12:59:11","slug":"babestation","status":"publish","type":"page","link":"https:\/\/pornmate.com\/de\/babestation","title":{"rendered":"Babestation"},"content":{"rendered":"<p>Was ist Babystation?<\/p>\n<p>Babestation ist ein hei\u00dfer Babe-Kanal mit den hei\u00dfesten britischen Pornostars, Webcam-Models und Kuriosit\u00e4ten f\u00fcr jeden Geschmack, Fetisch und alle Macken, die alle bereit sind, mit dir zu spielen. Es ist der f\u00fchrende Videosender mit Live-Webcams f\u00fcr Erwachsene mit seinen Moderatoren und interaktiven Live-Babyshows.<\/p>\n<p>Babestation wird seit mehr als 20 Jahren 24 Stunden am Tag, 365 Tage im Jahr programmiert und entwickelt und ist eine st\u00e4ndige Quelle f\u00fcr interaktiven Live-Telefonsex, Pay-per-View-Pornos, Bilder und Videoinhalte. Und auch eine Quelle f\u00fcr nackte Live-Unterhaltung bei Tag und Nacht. Wir bieten nicht nur ein pers\u00f6nliches Porno-Erlebnis am Telefon. Au\u00dferdem k\u00f6nnen Sie mit unserer Pervcam-Option XXX-bewertete Blickwinkel aller unserer hei\u00dfen Babes \u00fcber die strategisch platzierte Webcam erhalten, die zu hei\u00df ist, um jemals im Fernsehen gezeigt zu werden!<\/p>\n<p>Was ist Percam?<\/p>\n<p>Mit Pervcam beobachten Sie Ihr Baby nicht nur aus diesen ungezogenen, unzensierten Blickwinkeln. Sie haben auch die M\u00f6glichkeit, sie f\u00fcr eine spezielle Live-Sex-Cam-Show vom Fernseher abzuholen. Nur du und dieses sexy Baby&#8230;<\/p>\n<p>Wie kann ich mit Babes interagieren?<\/p>\n<p>Melden Sie sich jetzt kostenlos an und kaufen Sie spezielle Credits, um mit der Puppe Ihrer Wahl am Spa\u00df teilzunehmen. Laden Sie zum ersten Mal auf und erhalten Sie 50 % zus\u00e4tzliche Gratis-Credits, und das ist noch nicht alles! Wir planen regelm\u00e4\u00dfig Angebote und Rabatte, um Ihnen zu helfen, Ihr Geld zu maximieren und jede Menge zus\u00e4tzliche kostenlose Credits zu erhalten, die Sie f\u00fcr Trinkgelder verwenden k\u00f6nnen. Wir senden f\u00fcr Sie auch \u00fcber das Lovense-Vibratoy einen Buzz an die Puppe Ihrer Wahl, um interaktives Live-Vergn\u00fcgen in Echtzeit zu erm\u00f6glichen.<\/p>\n<p>Und das ist nicht alles\u2026<\/p>\n<p>Werden Sie jetzt VIP-Mitglied und greifen Sie auf alle archivierten Bild- und Videoinhalte von Babestation der letzten 20 Jahre zu. Sie erhalten au\u00dferdem Zugang zu regelm\u00e4\u00dfig aktualisierten brandneuen Inhalten exklusiv f\u00fcr VIP-Mitglieder.<\/p>\n","protected":false},"excerpt":{"rendered":"<p>Was ist Babystation? Babestation ist ein hei\u00dfer Babe-Kanal mit den hei\u00dfesten britischen Pornostars, Webcam-Models und Kuriosit\u00e4ten f\u00fcr jeden Geschmack, Fetisch und alle Macken, die alle bereit sind, mit dir zu spielen. Es ist der f\u00fchrende Videosender mit Live-Webcams f\u00fcr Erwachsene mit seinen Moderatoren und interaktiven Live-Babyshows. Babestation wird seit mehr als 20 Jahren 24 Stunden [&hellip;]<\/p>\n","protected":false},"author":1,"featured_media":13613,"parent":0,"menu_order":0,"comment_status":"closed","ping_status":"closed","template":"page-star-stil.php","meta":{"footnotes":""},"class_list":["post-13560","page","type-page","status-publish","has-post-thumbnail","hentry"],"yoast_head":"<!-- This site is optimized with the Yoast SEO plugin v27.2 - https:\/\/yoast.com\/product\/yoast-seo-wordpress\/ -->\n<title>Babestation und Liste der besten Pornoseiten | PornMate<\/title>\n<meta name=\"description\" content=\"Was ist Babystation?Babestation ist ein hei\u00dfer Babe-Kanal mit den hei\u00dfesten britischen Pornostars, Webcam-Models und Kuriosit\u00e4ten f\u00fcr jeden Geschmack, Fetisch und alle Macken, die alle bereit sind, mit dir zu spielen. Es ist der f\u00fchrende Videosender mit Live-Webcams f\u00fcr Erwachsene mit seinen Moderatoren und interaktiven Live-Babyshows.\" \/>\n<meta name=\"robots\" content=\"index, follow, max-snippet:-1, max-image-preview:large, max-video-preview:-1\" \/>\n<link rel=\"canonical\" href=\"https:\/\/pornmate.com\/de\/babestation\" \/>\n<meta property=\"og:locale\" content=\"de_DE\" \/>\n<meta property=\"og:type\" content=\"article\" \/>\n<meta property=\"og:title\" content=\"Babestation und Liste der besten Pornoseiten | PornMate\" \/>\n<meta property=\"og:description\" content=\"Was ist Babystation?Babestation ist ein hei\u00dfer Babe-Kanal mit den hei\u00dfesten britischen Pornostars, Webcam-Models und Kuriosit\u00e4ten f\u00fcr jeden Geschmack, Fetisch und alle Macken, die alle bereit sind, mit dir zu spielen. Es ist der f\u00fchrende Videosender mit Live-Webcams f\u00fcr Erwachsene mit seinen Moderatoren und interaktiven Live-Babyshows.\" \/>\n<meta property=\"og:url\" content=\"https:\/\/pornmate.com\/de\/babestation\" \/>\n<meta property=\"og:site_name\" content=\"Besten Pornoseiten - Kostenlose Deutsche Pornos | PornMate.com\" \/>\n<meta property=\"article:modified_time\" content=\"2022-11-24T12:59:11+00:00\" \/>\n<meta property=\"og:image\" content=\"https:\/\/pornmate.com\/de\/wp-content\/uploads\/2018\/08\/babestation-1-1.jpg\" \/>\n\t<meta property=\"og:image:width\" content=\"217\" \/>\n\t<meta property=\"og:image:height\" content=\"162\" \/>\n\t<meta property=\"og:image:type\" content=\"image\/jpeg\" \/>\n<meta name=\"twitter:card\" content=\"summary_large_image\" \/>\n<meta name=\"twitter:label1\" content=\"Gesch\u00e4tzte Lesezeit\" \/>\n\t<meta name=\"twitter:data1\" content=\"2\u00a0Minuten\" \/>\n<script type=\"application\/ld+json\" class=\"yoast-schema-graph\">{\"@context\":\"https:\/\/schema.org\",\"@graph\":[{\"@type\":\"WebPage\",\"@id\":\"https:\/\/pornmate.com\/de\/babestation\",\"url\":\"https:\/\/pornmate.com\/de\/babestation\",\"name\":\"Babestation und Liste der besten Pornoseiten | PornMate\",\"isPartOf\":{\"@id\":\"https:\/\/pornmate.com\/de\/#website\"},\"primaryImageOfPage\":{\"@id\":\"https:\/\/pornmate.com\/de\/babestation#primaryimage\"},\"image\":{\"@id\":\"https:\/\/pornmate.com\/de\/babestation#primaryimage\"},\"thumbnailUrl\":\"https:\/\/pornmate.com\/de\/wp-content\/uploads\/2018\/08\/babestation-1-1.jpg\",\"datePublished\":\"2021-08-12T10:33:04+00:00\",\"dateModified\":\"2022-11-24T12:59:11+00:00\",\"description\":\"Was ist Babystation?Babestation ist ein hei\u00dfer Babe-Kanal mit den hei\u00dfesten britischen Pornostars, Webcam-Models und Kuriosit\u00e4ten f\u00fcr jeden Geschmack, Fetisch und alle Macken, die alle bereit sind, mit dir zu spielen. Es ist der f\u00fchrende Videosender mit Live-Webcams f\u00fcr Erwachsene mit seinen Moderatoren und interaktiven Live-Babyshows.\",\"breadcrumb\":{\"@id\":\"https:\/\/pornmate.com\/de\/babestation#breadcrumb\"},\"inLanguage\":\"de\",\"potentialAction\":[{\"@type\":\"ReadAction\",\"target\":[\"https:\/\/pornmate.com\/de\/babestation\"]}]},{\"@type\":\"ImageObject\",\"inLanguage\":\"de\",\"@id\":\"https:\/\/pornmate.com\/de\/babestation#primaryimage\",\"url\":\"https:\/\/pornmate.com\/de\/wp-content\/uploads\/2018\/08\/babestation-1-1.jpg\",\"contentUrl\":\"https:\/\/pornmate.com\/de\/wp-content\/uploads\/2018\/08\/babestation-1-1.jpg\",\"width\":217,\"height\":162},{\"@type\":\"BreadcrumbList\",\"@id\":\"https:\/\/pornmate.com\/de\/babestation#breadcrumb\",\"itemListElement\":[{\"@type\":\"ListItem\",\"position\":1,\"name\":\"Startseite\",\"item\":\"https:\/\/pornmate.com\/de\"},{\"@type\":\"ListItem\",\"position\":2,\"name\":\"Babestation\"}]},{\"@type\":\"WebSite\",\"@id\":\"https:\/\/pornmate.com\/de\/#website\",\"url\":\"https:\/\/pornmate.com\/de\/\",\"name\":\"Besten Pornoseiten - Kostenlose Deutsche Pornos | PornMate.com\",\"description\":\"Kostenlose Pornos, ist Ihr Combo-Verzeichnis der besten gratis Pornoseiten, die Sie finden k\u00f6nnen, und das fantastische Seitenbewertungen, Kostenlose Deutsche sex Biografien von Pornostars und ihre xxx Freie Porno videos unter einem Dach pr\u00e4sentiert.\",\"publisher\":{\"@id\":\"https:\/\/pornmate.com\/de\/#organization\"},\"potentialAction\":[{\"@type\":\"SearchAction\",\"target\":{\"@type\":\"EntryPoint\",\"urlTemplate\":\"https:\/\/pornmate.com\/de\/?s={search_term_string}\"},\"query-input\":{\"@type\":\"PropertyValueSpecification\",\"valueRequired\":true,\"valueName\":\"search_term_string\"}}],\"inLanguage\":\"de\"},{\"@type\":\"Organization\",\"@id\":\"https:\/\/pornmate.com\/de\/#organization\",\"name\":\"Besten Pornoseiten - Kostenlose Deutsche Pornos | PornMate.com\",\"url\":\"https:\/\/pornmate.com\/de\/\",\"logo\":{\"@type\":\"ImageObject\",\"inLanguage\":\"de\",\"@id\":\"https:\/\/pornmate.com\/de\/#\/schema\/logo\/image\/\",\"url\":\"https:\/\/pornmate.com\/de\/wp-content\/uploads\/2022\/11\/pornmate-1.png\",\"contentUrl\":\"https:\/\/pornmate.com\/de\/wp-content\/uploads\/2022\/11\/pornmate-1.png\",\"width\":203,\"height\":200,\"caption\":\"Besten Pornoseiten - Kostenlose Deutsche Pornos | PornMate.com\"},\"image\":{\"@id\":\"https:\/\/pornmate.com\/de\/#\/schema\/logo\/image\/\"}}]}<\/script>\n<!-- \/ Yoast SEO plugin. -->","yoast_head_json":{"title":"Babestation und Liste der besten Pornoseiten | PornMate","description":"Was ist Babystation?Babestation ist ein hei\u00dfer Babe-Kanal mit den hei\u00dfesten britischen Pornostars, Webcam-Models und Kuriosit\u00e4ten f\u00fcr jeden Geschmack, Fetisch und alle Macken, die alle bereit sind, mit dir zu spielen. Es ist der f\u00fchrende Videosender mit Live-Webcams f\u00fcr Erwachsene mit seinen Moderatoren und interaktiven Live-Babyshows.","robots":{"index":"index","follow":"follow","max-snippet":"max-snippet:-1","max-image-preview":"max-image-preview:large","max-video-preview":"max-video-preview:-1"},"canonical":"https:\/\/pornmate.com\/de\/babestation","og_locale":"de_DE","og_type":"article","og_title":"Babestation und Liste der besten Pornoseiten | PornMate","og_description":"Was ist Babystation?Babestation ist ein hei\u00dfer Babe-Kanal mit den hei\u00dfesten britischen Pornostars, Webcam-Models und Kuriosit\u00e4ten f\u00fcr jeden Geschmack, Fetisch und alle Macken, die alle bereit sind, mit dir zu spielen. Es ist der f\u00fchrende Videosender mit Live-Webcams f\u00fcr Erwachsene mit seinen Moderatoren und interaktiven Live-Babyshows.","og_url":"https:\/\/pornmate.com\/de\/babestation","og_site_name":"Besten Pornoseiten - Kostenlose Deutsche Pornos | PornMate.com","article_modified_time":"2022-11-24T12:59:11+00:00","og_image":[{"width":217,"height":162,"url":"https:\/\/pornmate.com\/de\/wp-content\/uploads\/2018\/08\/babestation-1-1.jpg","type":"image\/jpeg"}],"twitter_card":"summary_large_image","twitter_misc":{"Gesch\u00e4tzte Lesezeit":"2\u00a0Minuten"},"schema":{"@context":"https:\/\/schema.org","@graph":[{"@type":"WebPage","@id":"https:\/\/pornmate.com\/de\/babestation","url":"https:\/\/pornmate.com\/de\/babestation","name":"Babestation und Liste der besten Pornoseiten | PornMate","isPartOf":{"@id":"https:\/\/pornmate.com\/de\/#website"},"primaryImageOfPage":{"@id":"https:\/\/pornmate.com\/de\/babestation#primaryimage"},"image":{"@id":"https:\/\/pornmate.com\/de\/babestation#primaryimage"},"thumbnailUrl":"https:\/\/pornmate.com\/de\/wp-content\/uploads\/2018\/08\/babestation-1-1.jpg","datePublished":"2021-08-12T10:33:04+00:00","dateModified":"2022-11-24T12:59:11+00:00","description":"Was ist Babystation?Babestation ist ein hei\u00dfer Babe-Kanal mit den hei\u00dfesten britischen Pornostars, Webcam-Models und Kuriosit\u00e4ten f\u00fcr jeden Geschmack, Fetisch und alle Macken, die alle bereit sind, mit dir zu spielen. Es ist der f\u00fchrende Videosender mit Live-Webcams f\u00fcr Erwachsene mit seinen Moderatoren und interaktiven Live-Babyshows.","breadcrumb":{"@id":"https:\/\/pornmate.com\/de\/babestation#breadcrumb"},"inLanguage":"de","potentialAction":[{"@type":"ReadAction","target":["https:\/\/pornmate.com\/de\/babestation"]}]},{"@type":"ImageObject","inLanguage":"de","@id":"https:\/\/pornmate.com\/de\/babestation#primaryimage","url":"https:\/\/pornmate.com\/de\/wp-content\/uploads\/2018\/08\/babestation-1-1.jpg","contentUrl":"https:\/\/pornmate.com\/de\/wp-content\/uploads\/2018\/08\/babestation-1-1.jpg","width":217,"height":162},{"@type":"BreadcrumbList","@id":"https:\/\/pornmate.com\/de\/babestation#breadcrumb","itemListElement":[{"@type":"ListItem","position":1,"name":"Startseite","item":"https:\/\/pornmate.com\/de"},{"@type":"ListItem","position":2,"name":"Babestation"}]},{"@type":"WebSite","@id":"https:\/\/pornmate.com\/de\/#website","url":"https:\/\/pornmate.com\/de\/","name":"Besten Pornoseiten - Kostenlose Deutsche Pornos | PornMate.com","description":"Kostenlose Pornos, ist Ihr Combo-Verzeichnis der besten gratis Pornoseiten, die Sie finden k\u00f6nnen, und das fantastische Seitenbewertungen, Kostenlose Deutsche sex Biografien von Pornostars und ihre xxx Freie Porno videos unter einem Dach pr\u00e4sentiert.","publisher":{"@id":"https:\/\/pornmate.com\/de\/#organization"},"potentialAction":[{"@type":"SearchAction","target":{"@type":"EntryPoint","urlTemplate":"https:\/\/pornmate.com\/de\/?s={search_term_string}"},"query-input":{"@type":"PropertyValueSpecification","valueRequired":true,"valueName":"search_term_string"}}],"inLanguage":"de"},{"@type":"Organization","@id":"https:\/\/pornmate.com\/de\/#organization","name":"Besten Pornoseiten - Kostenlose Deutsche Pornos | PornMate.com","url":"https:\/\/pornmate.com\/de\/","logo":{"@type":"ImageObject","inLanguage":"de","@id":"https:\/\/pornmate.com\/de\/#\/schema\/logo\/image\/","url":"https:\/\/pornmate.com\/de\/wp-content\/uploads\/2022\/11\/pornmate-1.png","contentUrl":"https:\/\/pornmate.com\/de\/wp-content\/uploads\/2022\/11\/pornmate-1.png","width":203,"height":200,"caption":"Besten Pornoseiten - Kostenlose Deutsche Pornos | PornMate.com"},"image":{"@id":"https:\/\/pornmate.com\/de\/#\/schema\/logo\/image\/"}}]}},"_links":{"self":[{"href":"https:\/\/pornmate.com\/de\/wp-json\/wp\/v2\/pages\/13560","targetHints":{"allow":["GET"]}}],"collection":[{"href":"https:\/\/pornmate.com\/de\/wp-json\/wp\/v2\/pages"}],"about":[{"href":"https:\/\/pornmate.com\/de\/wp-json\/wp\/v2\/types\/page"}],"author":[{"embeddable":true,"href":"https:\/\/pornmate.com\/de\/wp-json\/wp\/v2\/users\/1"}],"replies":[{"embeddable":true,"href":"https:\/\/pornmate.com\/de\/wp-json\/wp\/v2\/comments?post=13560"}],"version-history":[{"count":0,"href":"https:\/\/pornmate.com\/de\/wp-json\/wp\/v2\/pages\/13560\/revisions"}],"wp:featuredmedia":[{"embeddable":true,"href":"https:\/\/pornmate.com\/de\/wp-json\/wp\/v2\/media\/13613"}],"wp:attachment":[{"href":"https:\/\/pornmate.com\/de\/wp-json\/wp\/v2\/media?parent=13560"}],"curies":[{"name":"wp","href":"https:\/\/api.w.org\/{rel}","templated":true}]}}