{"id":13594,"date":"2021-08-20T13:22:14","date_gmt":"2021-08-20T13:22:14","guid":{"rendered":"https:\/\/pornmate.com\/?page_id=13594"},"modified":"2021-08-20T13:22:14","modified_gmt":"2021-08-20T13:22:14","slug":"vrpornjack","status":"publish","type":"page","link":"https:\/\/pornmate.com\/de\/vrpornjack","title":{"rendered":"VrPornJack"},"content":{"rendered":"<p>VR-Pornofilme sind da und werden auch hier bleiben! Wir haben uns entschieden, VRPornJack hier die besten VR-Pornofirmen wie VRHush, VRBangers, Naughty America VR, Badoink VR und mehr vorzustellen. Es umfasst die hei\u00dfesten und beliebtesten Models von heute sowie Pornostar-Ikonen oder Amateurmodels. Hier bei VRPornJack finden Sie nicht nur hochwertige Trailer in 4k-, 6k- und insbesondere 8k-Aufl\u00f6sung, sondern auch Inhalte mit den besten Pr\u00e4sentationen, die es nur bei uns gibt. Wenn Sie nicht wissen, wie man VR-Pornos anschaut, brauchen Sie unabh\u00e4ngig von der VR-Marke keine Angst zu haben, denn VRPornJack hat eine sehr einfache Schritt-f\u00fcr-Schritt-Anleitung f\u00fcr jeden Benutzer. Eine andere M\u00f6glichkeit, noch tiefer in die Action auf dem Bildschirm einzutauchen, ist Teledildonics. Die Zukunft ist da und die VR-Sexspielzeugtechnologie ist hier, damit Sie sie bequem genie\u00dfen k\u00f6nnen, und VRPornJack hat einen klaren Leitfaden f\u00fcr zwei beliebte VR-Sexspielzeuge vorbereitet \u2013 Kiiro und Lovense. Neuigkeiten und Updates zu diesem Thema in K\u00fcrze! Wir k\u00fcmmern uns um Ihre Fantasien und arbeiten daran. Wir sind sicher, dass einige von Ihnen die neuen Kategorien lieben werden. Deshalb freuen wir uns, Ihnen sieben neue VR-Porno-Trans\/Transen- und Schwulenstudios vorzustellen &#8211; VRBangers Trans, VirtualRealTrans, TranzVR, SLR Trans und VRBangers Gay, SLR Gay und VirtualRealGay. VRPornJack \u00f6ffnet und pr\u00e4sentiert Ihnen die Welt des VR-Pornos, sodass Sie neue Fantasien und M\u00f6glichkeiten entdecken k\u00f6nnen. Entdecken Sie VRPornJack<\/p>\n","protected":false},"excerpt":{"rendered":"<p>VR-Pornofilme sind da und werden auch hier bleiben! Wir haben uns entschieden, VRPornJack hier die besten VR-Pornofirmen wie VRHush, VRBangers, Naughty America VR, Badoink VR und mehr vorzustellen. Es umfasst die hei\u00dfesten und beliebtesten Models von heute sowie Pornostar-Ikonen oder Amateurmodels. Hier bei VRPornJack finden Sie nicht nur hochwertige Trailer in 4k-, 6k- und insbesondere [&hellip;]<\/p>\n","protected":false},"author":1,"featured_media":13596,"parent":0,"menu_order":0,"comment_status":"closed","ping_status":"closed","template":"page-star-stil.php","meta":{"footnotes":""},"class_list":["post-13594","page","type-page","status-publish","has-post-thumbnail","hentry"],"yoast_head":"<!-- This site is optimized with the Yoast SEO plugin v27.2 - https:\/\/yoast.com\/product\/yoast-seo-wordpress\/ -->\n<title>VrPornJack und Liste der besten Pornoseiten | PornMate<\/title>\n<meta name=\"description\" content=\"VR-Pornofilme sind da und werden auch hier bleiben! Wir haben uns entschieden, VRPornJack hier die besten VR-Pornofirmen wie VRHush, VRBangers, Naughty America VR, Badoink VR und mehr vorzustellen.\" \/>\n<meta name=\"robots\" content=\"index, follow, max-snippet:-1, max-image-preview:large, max-video-preview:-1\" \/>\n<link rel=\"canonical\" href=\"https:\/\/pornmate.com\/de\/vrpornjack\" \/>\n<meta property=\"og:locale\" content=\"de_DE\" \/>\n<meta property=\"og:type\" content=\"article\" \/>\n<meta property=\"og:title\" content=\"VrPornJack und Liste der besten Pornoseiten | PornMate\" \/>\n<meta property=\"og:description\" content=\"VR-Pornofilme sind da und werden auch hier bleiben! Wir haben uns entschieden, VRPornJack hier die besten VR-Pornofirmen wie VRHush, VRBangers, Naughty America VR, Badoink VR und mehr vorzustellen.\" \/>\n<meta property=\"og:url\" content=\"https:\/\/pornmate.com\/de\/vrpornjack\" \/>\n<meta property=\"og:site_name\" content=\"Besten Pornoseiten - Kostenlose Deutsche Pornos | PornMate.com\" \/>\n<meta property=\"og:image\" content=\"https:\/\/pornmate.com\/de\/wp-content\/uploads\/2021\/08\/VRPornJack-1-1.png\" \/>\n\t<meta property=\"og:image:width\" content=\"500\" \/>\n\t<meta property=\"og:image:height\" content=\"500\" \/>\n\t<meta property=\"og:image:type\" content=\"image\/png\" \/>\n<meta name=\"twitter:card\" content=\"summary_large_image\" \/>\n<meta name=\"twitter:label1\" content=\"Gesch\u00e4tzte Lesezeit\" \/>\n\t<meta name=\"twitter:data1\" content=\"2\u00a0Minuten\" \/>\n<script type=\"application\/ld+json\" class=\"yoast-schema-graph\">{\"@context\":\"https:\/\/schema.org\",\"@graph\":[{\"@type\":\"WebPage\",\"@id\":\"https:\/\/pornmate.com\/de\/vrpornjack\",\"url\":\"https:\/\/pornmate.com\/de\/vrpornjack\",\"name\":\"VrPornJack und Liste der besten Pornoseiten | PornMate\",\"isPartOf\":{\"@id\":\"https:\/\/pornmate.com\/de\/#website\"},\"primaryImageOfPage\":{\"@id\":\"https:\/\/pornmate.com\/de\/vrpornjack#primaryimage\"},\"image\":{\"@id\":\"https:\/\/pornmate.com\/de\/vrpornjack#primaryimage\"},\"thumbnailUrl\":\"https:\/\/pornmate.com\/de\/wp-content\/uploads\/2021\/08\/VRPornJack-1-1.png\",\"datePublished\":\"2021-08-20T13:22:14+00:00\",\"description\":\"VR-Pornofilme sind da und werden auch hier bleiben! Wir haben uns entschieden, VRPornJack hier die besten VR-Pornofirmen wie VRHush, VRBangers, Naughty America VR, Badoink VR und mehr vorzustellen.\",\"breadcrumb\":{\"@id\":\"https:\/\/pornmate.com\/de\/vrpornjack#breadcrumb\"},\"inLanguage\":\"de\",\"potentialAction\":[{\"@type\":\"ReadAction\",\"target\":[\"https:\/\/pornmate.com\/de\/vrpornjack\"]}]},{\"@type\":\"ImageObject\",\"inLanguage\":\"de\",\"@id\":\"https:\/\/pornmate.com\/de\/vrpornjack#primaryimage\",\"url\":\"https:\/\/pornmate.com\/de\/wp-content\/uploads\/2021\/08\/VRPornJack-1-1.png\",\"contentUrl\":\"https:\/\/pornmate.com\/de\/wp-content\/uploads\/2021\/08\/VRPornJack-1-1.png\",\"width\":500,\"height\":500},{\"@type\":\"BreadcrumbList\",\"@id\":\"https:\/\/pornmate.com\/de\/vrpornjack#breadcrumb\",\"itemListElement\":[{\"@type\":\"ListItem\",\"position\":1,\"name\":\"Startseite\",\"item\":\"https:\/\/pornmate.com\/de\"},{\"@type\":\"ListItem\",\"position\":2,\"name\":\"VrPornJack\"}]},{\"@type\":\"WebSite\",\"@id\":\"https:\/\/pornmate.com\/de\/#website\",\"url\":\"https:\/\/pornmate.com\/de\/\",\"name\":\"Besten Pornoseiten - Kostenlose Deutsche Pornos | PornMate.com\",\"description\":\"Kostenlose Pornos, ist Ihr Combo-Verzeichnis der besten gratis Pornoseiten, die Sie finden k\u00f6nnen, und das fantastische Seitenbewertungen, Kostenlose Deutsche sex Biografien von Pornostars und ihre xxx Freie Porno videos unter einem Dach pr\u00e4sentiert.\",\"publisher\":{\"@id\":\"https:\/\/pornmate.com\/de\/#organization\"},\"potentialAction\":[{\"@type\":\"SearchAction\",\"target\":{\"@type\":\"EntryPoint\",\"urlTemplate\":\"https:\/\/pornmate.com\/de\/?s={search_term_string}\"},\"query-input\":{\"@type\":\"PropertyValueSpecification\",\"valueRequired\":true,\"valueName\":\"search_term_string\"}}],\"inLanguage\":\"de\"},{\"@type\":\"Organization\",\"@id\":\"https:\/\/pornmate.com\/de\/#organization\",\"name\":\"Besten Pornoseiten - Kostenlose Deutsche Pornos | PornMate.com\",\"url\":\"https:\/\/pornmate.com\/de\/\",\"logo\":{\"@type\":\"ImageObject\",\"inLanguage\":\"de\",\"@id\":\"https:\/\/pornmate.com\/de\/#\/schema\/logo\/image\/\",\"url\":\"https:\/\/pornmate.com\/de\/wp-content\/uploads\/2022\/11\/pornmate-1.png\",\"contentUrl\":\"https:\/\/pornmate.com\/de\/wp-content\/uploads\/2022\/11\/pornmate-1.png\",\"width\":203,\"height\":200,\"caption\":\"Besten Pornoseiten - Kostenlose Deutsche Pornos | PornMate.com\"},\"image\":{\"@id\":\"https:\/\/pornmate.com\/de\/#\/schema\/logo\/image\/\"}}]}<\/script>\n<!-- \/ Yoast SEO plugin. -->","yoast_head_json":{"title":"VrPornJack und Liste der besten Pornoseiten | PornMate","description":"VR-Pornofilme sind da und werden auch hier bleiben! Wir haben uns entschieden, VRPornJack hier die besten VR-Pornofirmen wie VRHush, VRBangers, Naughty America VR, Badoink VR und mehr vorzustellen.","robots":{"index":"index","follow":"follow","max-snippet":"max-snippet:-1","max-image-preview":"max-image-preview:large","max-video-preview":"max-video-preview:-1"},"canonical":"https:\/\/pornmate.com\/de\/vrpornjack","og_locale":"de_DE","og_type":"article","og_title":"VrPornJack und Liste der besten Pornoseiten | PornMate","og_description":"VR-Pornofilme sind da und werden auch hier bleiben! Wir haben uns entschieden, VRPornJack hier die besten VR-Pornofirmen wie VRHush, VRBangers, Naughty America VR, Badoink VR und mehr vorzustellen.","og_url":"https:\/\/pornmate.com\/de\/vrpornjack","og_site_name":"Besten Pornoseiten - Kostenlose Deutsche Pornos | PornMate.com","og_image":[{"width":500,"height":500,"url":"https:\/\/pornmate.com\/de\/wp-content\/uploads\/2021\/08\/VRPornJack-1-1.png","type":"image\/png"}],"twitter_card":"summary_large_image","twitter_misc":{"Gesch\u00e4tzte Lesezeit":"2\u00a0Minuten"},"schema":{"@context":"https:\/\/schema.org","@graph":[{"@type":"WebPage","@id":"https:\/\/pornmate.com\/de\/vrpornjack","url":"https:\/\/pornmate.com\/de\/vrpornjack","name":"VrPornJack und Liste der besten Pornoseiten | PornMate","isPartOf":{"@id":"https:\/\/pornmate.com\/de\/#website"},"primaryImageOfPage":{"@id":"https:\/\/pornmate.com\/de\/vrpornjack#primaryimage"},"image":{"@id":"https:\/\/pornmate.com\/de\/vrpornjack#primaryimage"},"thumbnailUrl":"https:\/\/pornmate.com\/de\/wp-content\/uploads\/2021\/08\/VRPornJack-1-1.png","datePublished":"2021-08-20T13:22:14+00:00","description":"VR-Pornofilme sind da und werden auch hier bleiben! Wir haben uns entschieden, VRPornJack hier die besten VR-Pornofirmen wie VRHush, VRBangers, Naughty America VR, Badoink VR und mehr vorzustellen.","breadcrumb":{"@id":"https:\/\/pornmate.com\/de\/vrpornjack#breadcrumb"},"inLanguage":"de","potentialAction":[{"@type":"ReadAction","target":["https:\/\/pornmate.com\/de\/vrpornjack"]}]},{"@type":"ImageObject","inLanguage":"de","@id":"https:\/\/pornmate.com\/de\/vrpornjack#primaryimage","url":"https:\/\/pornmate.com\/de\/wp-content\/uploads\/2021\/08\/VRPornJack-1-1.png","contentUrl":"https:\/\/pornmate.com\/de\/wp-content\/uploads\/2021\/08\/VRPornJack-1-1.png","width":500,"height":500},{"@type":"BreadcrumbList","@id":"https:\/\/pornmate.com\/de\/vrpornjack#breadcrumb","itemListElement":[{"@type":"ListItem","position":1,"name":"Startseite","item":"https:\/\/pornmate.com\/de"},{"@type":"ListItem","position":2,"name":"VrPornJack"}]},{"@type":"WebSite","@id":"https:\/\/pornmate.com\/de\/#website","url":"https:\/\/pornmate.com\/de\/","name":"Besten Pornoseiten - Kostenlose Deutsche Pornos | PornMate.com","description":"Kostenlose Pornos, ist Ihr Combo-Verzeichnis der besten gratis Pornoseiten, die Sie finden k\u00f6nnen, und das fantastische Seitenbewertungen, Kostenlose Deutsche sex Biografien von Pornostars und ihre xxx Freie Porno videos unter einem Dach pr\u00e4sentiert.","publisher":{"@id":"https:\/\/pornmate.com\/de\/#organization"},"potentialAction":[{"@type":"SearchAction","target":{"@type":"EntryPoint","urlTemplate":"https:\/\/pornmate.com\/de\/?s={search_term_string}"},"query-input":{"@type":"PropertyValueSpecification","valueRequired":true,"valueName":"search_term_string"}}],"inLanguage":"de"},{"@type":"Organization","@id":"https:\/\/pornmate.com\/de\/#organization","name":"Besten Pornoseiten - Kostenlose Deutsche Pornos | PornMate.com","url":"https:\/\/pornmate.com\/de\/","logo":{"@type":"ImageObject","inLanguage":"de","@id":"https:\/\/pornmate.com\/de\/#\/schema\/logo\/image\/","url":"https:\/\/pornmate.com\/de\/wp-content\/uploads\/2022\/11\/pornmate-1.png","contentUrl":"https:\/\/pornmate.com\/de\/wp-content\/uploads\/2022\/11\/pornmate-1.png","width":203,"height":200,"caption":"Besten Pornoseiten - Kostenlose Deutsche Pornos | PornMate.com"},"image":{"@id":"https:\/\/pornmate.com\/de\/#\/schema\/logo\/image\/"}}]}},"_links":{"self":[{"href":"https:\/\/pornmate.com\/de\/wp-json\/wp\/v2\/pages\/13594","targetHints":{"allow":["GET"]}}],"collection":[{"href":"https:\/\/pornmate.com\/de\/wp-json\/wp\/v2\/pages"}],"about":[{"href":"https:\/\/pornmate.com\/de\/wp-json\/wp\/v2\/types\/page"}],"author":[{"embeddable":true,"href":"https:\/\/pornmate.com\/de\/wp-json\/wp\/v2\/users\/1"}],"replies":[{"embeddable":true,"href":"https:\/\/pornmate.com\/de\/wp-json\/wp\/v2\/comments?post=13594"}],"version-history":[{"count":0,"href":"https:\/\/pornmate.com\/de\/wp-json\/wp\/v2\/pages\/13594\/revisions"}],"wp:featuredmedia":[{"embeddable":true,"href":"https:\/\/pornmate.com\/de\/wp-json\/wp\/v2\/media\/13596"}],"wp:attachment":[{"href":"https:\/\/pornmate.com\/de\/wp-json\/wp\/v2\/media?parent=13594"}],"curies":[{"name":"wp","href":"https:\/\/api.w.org\/{rel}","templated":true}]}}