{"id":13623,"date":"2021-09-03T13:34:39","date_gmt":"2021-09-03T13:34:39","guid":{"rendered":"https:\/\/pornmate.com\/?page_id=13623"},"modified":"2021-09-03T13:34:39","modified_gmt":"2021-09-03T13:34:39","slug":"swallowbay-brings-out-your-fantasies","status":"publish","type":"page","link":"https:\/\/pornmate.com\/de\/swallowbay-brings-out-your-fantasies","title":{"rendered":"SwallowBay brings out your Fantasies"},"content":{"rendered":"<div><img loading=\"lazy\" decoding=\"async\" class=\"alignnone size-large wp-image-13625\" src=\"https:\/\/pornmate.com\/de\/wp-content\/uploads\/2021\/09\/cat16-1-1-1024x683.jpeg\" alt=\"\" width=\"1024\" height=\"683\" srcset=\"https:\/\/pornmate.com\/de\/wp-content\/uploads\/2021\/09\/cat16-1-1-1024x683.jpeg 1024w, https:\/\/pornmate.com\/de\/wp-content\/uploads\/2021\/09\/cat16-1-1-300x200.jpeg 300w, https:\/\/pornmate.com\/de\/wp-content\/uploads\/2021\/09\/cat16-1-1-768x512.jpeg 768w, https:\/\/pornmate.com\/de\/wp-content\/uploads\/2021\/09\/cat16-1-1-1536x1025.jpeg 1536w, https:\/\/pornmate.com\/de\/wp-content\/uploads\/2021\/09\/cat16-1-1.jpeg 2000w\" sizes=\"auto, (max-width: 1024px) 100vw, 1024px\" \/><\/div>\n<div>\n<div><\/div>\n<p>&nbsp;<\/p>\n<div>\n<p>Es spielt keine Rolle, auf welcher Art von Pornoseite Sie die meiste Zeit verbringen, Sie werden unweigerlich an den Punkt kommen, an dem Ihnen alles, was Sie wissen, langweilig wird.<br \/>\nMan kann das Ding nicht immer wieder herbekommen, ohne dass es irgendwann an Ton verliert.<br \/>\nDu hast vielleicht anfangs eine gute Zeit, aber es wird langweilig und du wirst anfangen, nach einer Position zu suchen, um dich mit Pornos aufzuladen.<br \/>\nWenn Sie auf eine solche Website sto\u00dfen, \u00e4ndert sich im Allgemeinen Ihr Leben.<br \/>\nSobald Sie wissen, wie unidentisch VR-Blowjob-Pornos auf dieser Seite sein k\u00f6nnen, werden Sie schlie\u00dflich sehen, dass Sie sie sich ansehen k\u00f6nnen, wie Sie wollen, ohne jemals m\u00fcde zu werden.<\/p>\n<p><strong>Virtuelle Realit\u00e4t ist ein Game Changer<\/strong><\/p>\n<p>Es kommt alles auf die virtuelle Realit\u00e4t an und wie sie jeden Erwachsenen ver\u00e4ndert.<br \/>\nSie m\u00fcssen Sex nicht genau beobachten<br \/>\nSie beteiligen sich m\u00fchsam daran.<br \/>\nDu bist der Typ, dem alles passiert und der momentan nicht an die Realit\u00e4t herankommt. Alle Videos werden dann um 180 \u02da gedreht, sodass Sie sich umsehen und jeden gew\u00fcnschten Teil des M\u00e4dchens fokussieren k\u00f6nnen.<br \/>\nEs ist, als w\u00fcrde man damit in den Raum gehen und sich einen Moment genau zum Spa\u00df machen.<br \/>\nEs gibt keine bessere Schnellstra\u00dfe, um Ihre zu bekommen, und es ist viel besser, als sich genau hinzusetzen und jemanden in einen Film zu stecken.<br \/>\nAlles, was Sie brauchen, ist ein Paar Kopfh\u00f6rer, und Sie werden in eine v\u00f6llig neue Leistungswelt versetzt, die Sie nirgendwo anders erleben k\u00f6nnen.<br \/>\nFr\u00fcher braucht jeder, um auf die neue Schnellstra\u00dfe zu kommen, Pornos zu beobachten.<\/p>\n<p><strong>Frauen lieben, was sie tun<\/strong><\/p>\n<p>Es scheint, dass es nicht konsequent sein sollte, es ist wahr.<br \/>\nDer gr\u00f6\u00dfte Fall mit den meisten Videos ist das M\u00e4dchen, das da drau\u00dfen h\u00e4ngen soll.<br \/>\nDie meisten Frauen, die Sie in der Regel genau kennen, wollen sich aussetzen und nach Hause gehen<br \/>\nSie m\u00f6gen es nicht, den Sex zu haben, den sie haben, sie setzen Ihre Bed\u00fcrfnisse jetzt voraus. Wenn Sie sich ein Video ansehen und trotzdem Ihre Erfindung aus\u00fcben k\u00f6nnen, um dieses M\u00e4dchen vorzut\u00e4uschen, m\u00fcssen Sie tats\u00e4chlich etwas Neues ausprobieren.<br \/>\nDort kommen dann die Dienstm\u00e4dchen vorbei, die du erkennen kannst.<br \/>\nJeder von ihnen liebt, was er tut.<br \/>\nDies ist die Art von Frauen, f\u00fcr die M\u00e4nner einen Blowjob wollen, und sie sind ausnahmslos weiter, als ihn ihnen zu geben.<br \/>\nSie haben Jahre damit verbracht, ihre vokalen Sexf\u00e4higkeiten zu \u00fcben, und niemand gibt ihnen das Gef\u00fchl, sie k\u00f6nnten damit angeben.<br \/>\nDiese Dienstm\u00e4dchen haben ausnahmslos ein riesiges L\u00e4cheln auf ihren Gesichtern und sie wollen niemanden weiter als Sie die Befriedigung, die Sie sich mit ihnen auf Ihren Knien w\u00fcnschen.<\/p>\n<p><strong>Holen Sie sich alles, was Sie sich vorstellen k\u00f6nnen<\/strong><\/p>\n<p>Wenn Sie Ihre Erfindung nicht aus\u00fcben m\u00fcssen, um dem M\u00e4dchen eine gute Zeit zu bereiten, k\u00f6nnen Sie viel weiter zeichnen.<br \/>\n\u00dcberlegen Sie, wie viel Spa\u00df es machen w\u00fcrde, sich eine sexuelle Vorstellung vorzustellen, und sie m\u00fcssen es f\u00fcr Sie spielen.<br \/>\nDas k\u00f6nnen Sie mit Videos erreichen Wenn Sie es sich vorstellen k\u00f6nnen, bekommen Sie es auch und so einfach ist das.<br \/>\ntrotzdem kann man sie erkennen<br \/>\nWenn Sie jemals daran gedacht haben, von einem bestimmten Frauentyp einen geblasen zu werden. Diese Dienstm\u00e4dchen m\u00f6chten es Ihnen jedoch geben, wenn Sie mehr Vorspiel haben m\u00f6chten, als Sie schaffen k\u00f6nnen.<br \/>\nEs gibt ein Argument, dass sie schlie\u00dflich mit ihren Lutschern beginnen.<br \/>\nDer stilvolle Teil ist, dass Sie nicht wirklich ein M\u00e4dchen auf einmal sind.<br \/>\nSie k\u00f6nnen jederzeit mit zwei Dienstm\u00e4dchen in einen Raum gehen und sie von oben auf Ihren Schwanz vor und zur\u00fcck beobachten, wann immer Sie m\u00f6chten. Das ist, was eine Seite wie diese f\u00fcr Sie hat, und Sie werden sich nie langweilen von all der Aktion, die genau darauf wartet, dass Sie sie entdecken.<\/p>\n<\/div>\n<\/div>\n","protected":false},"excerpt":{"rendered":"<p>&nbsp; Es spielt keine Rolle, auf welcher Art von Pornoseite Sie die meiste Zeit verbringen, Sie werden unweigerlich an den Punkt kommen, an dem Ihnen alles, was Sie wissen, langweilig wird. Man kann das Ding nicht immer wieder herbekommen, ohne dass es irgendwann an Ton verliert. Du hast vielleicht anfangs eine gute Zeit, aber es [&hellip;]<\/p>\n","protected":false},"author":1,"featured_media":0,"parent":0,"menu_order":0,"comment_status":"closed","ping_status":"closed","template":"","meta":{"footnotes":""},"class_list":["post-13623","page","type-page","status-publish","hentry"],"yoast_head":"<!-- This site is optimized with the Yoast SEO plugin v27.4 - https:\/\/yoast.com\/product\/yoast-seo-wordpress\/ -->\n<title>SwallowBay brings out your Fantasies und Liste der besten Pornoseiten | PornMate<\/title>\n<meta name=\"description\" content=\"Es spielt keine Rolle, auf welcher Art von Pornoseite Sie die meiste Zeit verbringen, Sie werden unweigerlich an den Punkt kommen, an dem Ihnen alles, was Sie wissen, langweilig wird.\" \/>\n<meta name=\"robots\" content=\"index, follow, max-snippet:-1, max-image-preview:large, max-video-preview:-1\" \/>\n<link rel=\"canonical\" href=\"https:\/\/pornmate.com\/de\/swallowbay-brings-out-your-fantasies\" \/>\n<meta property=\"og:locale\" content=\"de_DE\" \/>\n<meta property=\"og:type\" content=\"article\" \/>\n<meta property=\"og:title\" content=\"SwallowBay brings out your Fantasies und Liste der besten Pornoseiten | PornMate\" \/>\n<meta property=\"og:description\" content=\"Es spielt keine Rolle, auf welcher Art von Pornoseite Sie die meiste Zeit verbringen, Sie werden unweigerlich an den Punkt kommen, an dem Ihnen alles, was Sie wissen, langweilig wird.\" \/>\n<meta property=\"og:url\" content=\"https:\/\/pornmate.com\/de\/swallowbay-brings-out-your-fantasies\" \/>\n<meta property=\"og:site_name\" content=\"Besten Pornoseiten - Kostenlose Deutsche Pornos | PornMate.com\" \/>\n<meta property=\"og:image\" content=\"https:\/\/bbbx.net\/wp-content\/uploads\/2021\/09\/cat16-1-1024x683.jpeg\" \/>\n<meta name=\"twitter:card\" content=\"summary_large_image\" \/>\n<meta name=\"twitter:label1\" content=\"Gesch\u00e4tzte Lesezeit\" \/>\n\t<meta name=\"twitter:data1\" content=\"4\u00a0Minuten\" \/>\n<script type=\"application\/ld+json\" class=\"yoast-schema-graph\">{\"@context\":\"https:\\\/\\\/schema.org\",\"@graph\":[{\"@type\":\"WebPage\",\"@id\":\"https:\\\/\\\/pornmate.com\\\/de\\\/swallowbay-brings-out-your-fantasies\",\"url\":\"https:\\\/\\\/pornmate.com\\\/de\\\/swallowbay-brings-out-your-fantasies\",\"name\":\"SwallowBay brings out your Fantasies und Liste der besten Pornoseiten | PornMate\",\"isPartOf\":{\"@id\":\"https:\\\/\\\/pornmate.com\\\/de\\\/#website\"},\"primaryImageOfPage\":{\"@id\":\"https:\\\/\\\/pornmate.com\\\/de\\\/swallowbay-brings-out-your-fantasies#primaryimage\"},\"image\":{\"@id\":\"https:\\\/\\\/pornmate.com\\\/de\\\/swallowbay-brings-out-your-fantasies#primaryimage\"},\"thumbnailUrl\":\"https:\\\/\\\/pornmate.com\\\/de\\\/wp-content\\\/uploads\\\/2021\\\/09\\\/cat16-1-1-1024x683.jpeg\",\"datePublished\":\"2021-09-03T13:34:39+00:00\",\"description\":\"Es spielt keine Rolle, auf welcher Art von Pornoseite Sie die meiste Zeit verbringen, Sie werden unweigerlich an den Punkt kommen, an dem Ihnen alles, was Sie wissen, langweilig wird.\",\"breadcrumb\":{\"@id\":\"https:\\\/\\\/pornmate.com\\\/de\\\/swallowbay-brings-out-your-fantasies#breadcrumb\"},\"inLanguage\":\"de\",\"potentialAction\":[{\"@type\":\"ReadAction\",\"target\":[\"https:\\\/\\\/pornmate.com\\\/de\\\/swallowbay-brings-out-your-fantasies\"]}]},{\"@type\":\"ImageObject\",\"inLanguage\":\"de\",\"@id\":\"https:\\\/\\\/pornmate.com\\\/de\\\/swallowbay-brings-out-your-fantasies#primaryimage\",\"url\":\"https:\\\/\\\/pornmate.com\\\/de\\\/wp-content\\\/uploads\\\/2021\\\/09\\\/cat16-1-1-1024x683.jpeg\",\"contentUrl\":\"https:\\\/\\\/pornmate.com\\\/de\\\/wp-content\\\/uploads\\\/2021\\\/09\\\/cat16-1-1-1024x683.jpeg\"},{\"@type\":\"BreadcrumbList\",\"@id\":\"https:\\\/\\\/pornmate.com\\\/de\\\/swallowbay-brings-out-your-fantasies#breadcrumb\",\"itemListElement\":[{\"@type\":\"ListItem\",\"position\":1,\"name\":\"Startseite\",\"item\":\"https:\\\/\\\/pornmate.com\\\/de\"},{\"@type\":\"ListItem\",\"position\":2,\"name\":\"SwallowBay brings out your Fantasies\"}]},{\"@type\":\"WebSite\",\"@id\":\"https:\\\/\\\/pornmate.com\\\/de\\\/#website\",\"url\":\"https:\\\/\\\/pornmate.com\\\/de\\\/\",\"name\":\"Besten Pornoseiten - Kostenlose Deutsche Pornos | PornMate.com\",\"description\":\"Kostenlose Pornos, ist Ihr Combo-Verzeichnis der besten gratis Pornoseiten, die Sie finden k\u00f6nnen, und das fantastische Seitenbewertungen, Kostenlose Deutsche sex Biografien von Pornostars und ihre xxx Freie Porno videos unter einem Dach pr\u00e4sentiert.\",\"publisher\":{\"@id\":\"https:\\\/\\\/pornmate.com\\\/de\\\/#organization\"},\"potentialAction\":[{\"@type\":\"SearchAction\",\"target\":{\"@type\":\"EntryPoint\",\"urlTemplate\":\"https:\\\/\\\/pornmate.com\\\/de\\\/?s={search_term_string}\"},\"query-input\":{\"@type\":\"PropertyValueSpecification\",\"valueRequired\":true,\"valueName\":\"search_term_string\"}}],\"inLanguage\":\"de\"},{\"@type\":\"Organization\",\"@id\":\"https:\\\/\\\/pornmate.com\\\/de\\\/#organization\",\"name\":\"Besten Pornoseiten - Kostenlose Deutsche Pornos | PornMate.com\",\"url\":\"https:\\\/\\\/pornmate.com\\\/de\\\/\",\"logo\":{\"@type\":\"ImageObject\",\"inLanguage\":\"de\",\"@id\":\"https:\\\/\\\/pornmate.com\\\/de\\\/#\\\/schema\\\/logo\\\/image\\\/\",\"url\":\"https:\\\/\\\/pornmate.com\\\/de\\\/wp-content\\\/uploads\\\/2022\\\/11\\\/pornmate-1.png\",\"contentUrl\":\"https:\\\/\\\/pornmate.com\\\/de\\\/wp-content\\\/uploads\\\/2022\\\/11\\\/pornmate-1.png\",\"width\":203,\"height\":200,\"caption\":\"Besten Pornoseiten - Kostenlose Deutsche Pornos | PornMate.com\"},\"image\":{\"@id\":\"https:\\\/\\\/pornmate.com\\\/de\\\/#\\\/schema\\\/logo\\\/image\\\/\"}}]}<\/script>\n<!-- \/ Yoast SEO plugin. -->","yoast_head_json":{"title":"SwallowBay brings out your Fantasies und Liste der besten Pornoseiten | PornMate","description":"Es spielt keine Rolle, auf welcher Art von Pornoseite Sie die meiste Zeit verbringen, Sie werden unweigerlich an den Punkt kommen, an dem Ihnen alles, was Sie wissen, langweilig wird.","robots":{"index":"index","follow":"follow","max-snippet":"max-snippet:-1","max-image-preview":"max-image-preview:large","max-video-preview":"max-video-preview:-1"},"canonical":"https:\/\/pornmate.com\/de\/swallowbay-brings-out-your-fantasies","og_locale":"de_DE","og_type":"article","og_title":"SwallowBay brings out your Fantasies und Liste der besten Pornoseiten | PornMate","og_description":"Es spielt keine Rolle, auf welcher Art von Pornoseite Sie die meiste Zeit verbringen, Sie werden unweigerlich an den Punkt kommen, an dem Ihnen alles, was Sie wissen, langweilig wird.","og_url":"https:\/\/pornmate.com\/de\/swallowbay-brings-out-your-fantasies","og_site_name":"Besten Pornoseiten - Kostenlose Deutsche Pornos | PornMate.com","og_image":[{"url":"https:\/\/bbbx.net\/wp-content\/uploads\/2021\/09\/cat16-1-1024x683.jpeg","type":"","width":"","height":""}],"twitter_card":"summary_large_image","twitter_misc":{"Gesch\u00e4tzte Lesezeit":"4\u00a0Minuten"},"schema":{"@context":"https:\/\/schema.org","@graph":[{"@type":"WebPage","@id":"https:\/\/pornmate.com\/de\/swallowbay-brings-out-your-fantasies","url":"https:\/\/pornmate.com\/de\/swallowbay-brings-out-your-fantasies","name":"SwallowBay brings out your Fantasies und Liste der besten Pornoseiten | PornMate","isPartOf":{"@id":"https:\/\/pornmate.com\/de\/#website"},"primaryImageOfPage":{"@id":"https:\/\/pornmate.com\/de\/swallowbay-brings-out-your-fantasies#primaryimage"},"image":{"@id":"https:\/\/pornmate.com\/de\/swallowbay-brings-out-your-fantasies#primaryimage"},"thumbnailUrl":"https:\/\/pornmate.com\/de\/wp-content\/uploads\/2021\/09\/cat16-1-1-1024x683.jpeg","datePublished":"2021-09-03T13:34:39+00:00","description":"Es spielt keine Rolle, auf welcher Art von Pornoseite Sie die meiste Zeit verbringen, Sie werden unweigerlich an den Punkt kommen, an dem Ihnen alles, was Sie wissen, langweilig wird.","breadcrumb":{"@id":"https:\/\/pornmate.com\/de\/swallowbay-brings-out-your-fantasies#breadcrumb"},"inLanguage":"de","potentialAction":[{"@type":"ReadAction","target":["https:\/\/pornmate.com\/de\/swallowbay-brings-out-your-fantasies"]}]},{"@type":"ImageObject","inLanguage":"de","@id":"https:\/\/pornmate.com\/de\/swallowbay-brings-out-your-fantasies#primaryimage","url":"https:\/\/pornmate.com\/de\/wp-content\/uploads\/2021\/09\/cat16-1-1-1024x683.jpeg","contentUrl":"https:\/\/pornmate.com\/de\/wp-content\/uploads\/2021\/09\/cat16-1-1-1024x683.jpeg"},{"@type":"BreadcrumbList","@id":"https:\/\/pornmate.com\/de\/swallowbay-brings-out-your-fantasies#breadcrumb","itemListElement":[{"@type":"ListItem","position":1,"name":"Startseite","item":"https:\/\/pornmate.com\/de"},{"@type":"ListItem","position":2,"name":"SwallowBay brings out your Fantasies"}]},{"@type":"WebSite","@id":"https:\/\/pornmate.com\/de\/#website","url":"https:\/\/pornmate.com\/de\/","name":"Besten Pornoseiten - Kostenlose Deutsche Pornos | PornMate.com","description":"Kostenlose Pornos, ist Ihr Combo-Verzeichnis der besten gratis Pornoseiten, die Sie finden k\u00f6nnen, und das fantastische Seitenbewertungen, Kostenlose Deutsche sex Biografien von Pornostars und ihre xxx Freie Porno videos unter einem Dach pr\u00e4sentiert.","publisher":{"@id":"https:\/\/pornmate.com\/de\/#organization"},"potentialAction":[{"@type":"SearchAction","target":{"@type":"EntryPoint","urlTemplate":"https:\/\/pornmate.com\/de\/?s={search_term_string}"},"query-input":{"@type":"PropertyValueSpecification","valueRequired":true,"valueName":"search_term_string"}}],"inLanguage":"de"},{"@type":"Organization","@id":"https:\/\/pornmate.com\/de\/#organization","name":"Besten Pornoseiten - Kostenlose Deutsche Pornos | PornMate.com","url":"https:\/\/pornmate.com\/de\/","logo":{"@type":"ImageObject","inLanguage":"de","@id":"https:\/\/pornmate.com\/de\/#\/schema\/logo\/image\/","url":"https:\/\/pornmate.com\/de\/wp-content\/uploads\/2022\/11\/pornmate-1.png","contentUrl":"https:\/\/pornmate.com\/de\/wp-content\/uploads\/2022\/11\/pornmate-1.png","width":203,"height":200,"caption":"Besten Pornoseiten - Kostenlose Deutsche Pornos | PornMate.com"},"image":{"@id":"https:\/\/pornmate.com\/de\/#\/schema\/logo\/image\/"}}]}},"_links":{"self":[{"href":"https:\/\/pornmate.com\/de\/wp-json\/wp\/v2\/pages\/13623","targetHints":{"allow":["GET"]}}],"collection":[{"href":"https:\/\/pornmate.com\/de\/wp-json\/wp\/v2\/pages"}],"about":[{"href":"https:\/\/pornmate.com\/de\/wp-json\/wp\/v2\/types\/page"}],"author":[{"embeddable":true,"href":"https:\/\/pornmate.com\/de\/wp-json\/wp\/v2\/users\/1"}],"replies":[{"embeddable":true,"href":"https:\/\/pornmate.com\/de\/wp-json\/wp\/v2\/comments?post=13623"}],"version-history":[{"count":0,"href":"https:\/\/pornmate.com\/de\/wp-json\/wp\/v2\/pages\/13623\/revisions"}],"wp:attachment":[{"href":"https:\/\/pornmate.com\/de\/wp-json\/wp\/v2\/media?parent=13623"}],"curies":[{"name":"wp","href":"https:\/\/api.w.org\/{rel}","templated":true}]}}