{"id":13848,"date":"2021-12-16T07:28:56","date_gmt":"2021-12-16T07:28:56","guid":{"rendered":"https:\/\/pornmate.com\/?page_id=13848"},"modified":"2021-12-16T07:28:56","modified_gmt":"2021-12-16T07:28:56","slug":"camgirl","status":"publish","type":"page","link":"https:\/\/pornmate.com\/de\/camgirl","title":{"rendered":"CamGirl"},"content":{"rendered":"<p><img decoding=\"async\" class=\"size-full wp-image-13851 aligncenter\" src=\"https:\/\/pornmate.com\/de\/wp-content\/uploads\/2021\/12\/Cam-girls-have-thousands-of-viewers-on-their-webcams-1-1.jpg\" alt=\"\" width=\"1024\" height=\"567\" srcset=\"https:\/\/pornmate.com\/de\/wp-content\/uploads\/2021\/12\/Cam-girls-have-thousands-of-viewers-on-their-webcams-1-1.jpg 1024w, https:\/\/pornmate.com\/de\/wp-content\/uploads\/2021\/12\/Cam-girls-have-thousands-of-viewers-on-their-webcams-1-1-300x166.jpg 300w, https:\/\/pornmate.com\/de\/wp-content\/uploads\/2021\/12\/Cam-girls-have-thousands-of-viewers-on-their-webcams-1-1-768x425.jpg 768w\" sizes=\"(max-width: 1024px) 100vw, 1024px\" \/><\/p>\n<p>Camgirl ist ein Webcam-Model, das sich f\u00fcr Konzentration und Geld mit Pornos besch\u00e4ftigt. Diese Webcam-Models k\u00f6nnen mit ihren Videos handeln und mit ihren erogenen Shows Geld verdienen. Einige Webcam-Modelle stellen auch ihr eigenes Videoband auf. Sie k\u00f6nnen asexuell oder nicht-bin\u00e4r sein, sind aber alle sexuell aktiv. Ein Webcam-Girl ist auf mehreren Seiten zu finden. Die h\u00e4ufigsten oder Gartenseiten sind Livecam und Pexicam.com.<br \/>\nCamgirls sind beliebt bei unreifen M\u00e4nnern, die in der digitalen Welt aufwachsen. Sie schauen sich Pornos an, folgen gen\u00fcgend M\u00e4dels auf Instagram und zahlen daf\u00fcr, Pornos auf Videoseiten anzusehen. viele von ihnen hatten jetzt eine echte Beziehung. Die Abh\u00e4ngigkeit von Camgirls ist real, und diesem mit Dopamin gef\u00fcllten Terrain ist es schwer zu entkommen. Aber mit der Ankunft von Streaming-Cams haben Cam-Maids die Online-Welt im Sturm erobert. Camgirls sollten Ware haben. Sie m\u00fcssen einen Computer haben. F\u00fcr das Streamen von Videob\u00e4ndern ist ein Desktop oder Laptop erforderlich. Ein toter und nicht reagierender Computer ist nicht gut genug. Es ist elegant, ein kostenloses Programm zur Krebsbek\u00e4mpfung zu kaufen, das alle Viren von Ihrem Computer entfernt. Au\u00dferdem zieht ein glatter Computer eine Anh\u00e4ngerschaft weiter an als ein unattraktiver Knochen. Dies sind die wichtigsten Effekte, um den Erfolg Ihres Camgirl-Erlebnisses sicherzustellen.<br \/>\nSo klischeehaft es auch klingen mag, ein Laptop oder Desktop-Computer ist ein Muss f\u00fcr Videografen. W\u00e4hrend ausgefallene Computer gro\u00dfartig aussehen, sind wichtige besser. Langsame Computer sind mit Ansteckungen und Malware infiziert, was dazu f\u00fchren kann, dass Software tr\u00e4ge l\u00e4uft. Der einfachste Weg, dies zu beheben, ist die Verwendung eines kostenlosen Virenreinigers, um alle unerw\u00fcnschte Malware und Viren loszuwerden. Rufen Sie jedoch den Kauf eines ansteckungsfreien Antivirenprogramms und eines kostenlosen Ansteckungsreinigers an, wenn Ihr PC zu sp\u00e4t kommt.<br \/>\nDie meisten Camgirls rufen deinen Namen und reagieren auf deine Anrufe. W\u00e4hrend die meisten Webcam-M\u00e4dels nicht daran interessiert sind, wer Sie sind, haben Webcams nichts dagegen. Das Einzige, worum es ihnen geht, ist Ihr Geld. Es ist die einzige Entfernung, auf der sie Geld verdienen. Als Webcammodel kann man viel Plutokrat machen. Sie werden jedoch auf keinen Fall zus\u00e4tzliches Geld verdienen m\u00fcssen, wenn Sie sehen, wie Sie sich entsprechend bewerben. Zahlreiche Camgirls unterhalten sich auch gerne mit Ausl\u00e4ndern.<br \/>\nCamgirls haben Tausende von Beobachtern auf ihren Webcams. Einige von ihnen haben tats\u00e4chlich .000. Sie sind nicht alle Betr\u00fcgereien. Seien Sie vorsichtig, wen Sie Ihr Video ansehen m\u00fcssen. Es kann jedoch heikel sein, einen vertrauensw\u00fcrdigen Videofilmer zu erkennen, wenn er Sie nicht sieht. In einigen F\u00e4llen k\u00f6nnen sie L\u00fcgner sein. Bitte behandeln Sie daher Ihre pers\u00f6nlichen Daten vertraulich. Sie k\u00f6nnen sie jedoch blockieren, wenn Sie Personen, die Sie auf der Website treffen, nicht vertrauen.<br \/>\nSobald Sie mit der Aufnahme beginnen, k\u00f6nnen Sie von einzelnen Arten von Cam-Sites aufnehmen. Auf einigen Websites k\u00f6nnen Sie Ihre Webcam f\u00fcr Intimit\u00e4t nutzen, w\u00e4hrend Sie auf anderen nur Videos streamen k\u00f6nnen. Das Einkommen eines Camgirls h\u00e4ngt von seinem Gewinn ab. Einige der weiteren popul\u00e4ren Videobandseiten zahlen eine Geb\u00fchr f\u00fcr jedes Videoband, das sie hochladen. Camgirl kann auch von ihren Online-Videos leben.<\/p>\n<p>Eine weitere beliebte Website ist Twitter. Es ist wie ein hochmodernes Twitter mit einer Zeitleiste der letzten Posts. Dieses soziale Netzwerk f\u00fcr Erwachsene hat eine riesige s\u00fcchtige Basis. Die meisten dieser Models haben ihre Videos auf Twitter gepostet. Die Verwendung eines Twitter-Kontos gibt Ihnen nicht nur Zugriff auf Ihre Follower, sondern hilft Ihnen auch dabei, neue Follower zu gewinnen. Wenn Sie eine Twitter-Seite verwenden, um f\u00fcr Ihr Videoband zu werben, k\u00f6nnen Sie mehr Follower gewinnen. Trotzdem m\u00fcssen Sie vorsichtig damit sein, da es flie\u00dfend gehackt werden kann.<br \/>\nEine weitere beliebte Seite ist OnlyFans. OnlyFans hat eine riesige Community von S\u00fcchtigen, die Inhalte f\u00fcr Erwachsene abonnieren k\u00f6nnen. Diese Seite ist die vollst\u00e4ndige Plattform f\u00fcr Pornostars und Models, die mit Online-Videos Geld verdienen m\u00f6chten. Camgirl kann eine Seite erstellen und auf ihrer Website ver\u00f6ffentlichen. Das Camgirl kann auch einen Account auf Twitter haben und Geld verdienen, indem es Leute aufl\u00e4dt, ihre Videos anzusehen. Au\u00dferdem kann sie mit diesem und anderen Social-Networking-Spots Geld verdienen.<\/p>\n","protected":false},"excerpt":{"rendered":"<p>Camgirl ist ein Webcam-Model, das sich f\u00fcr Konzentration und Geld mit Pornos besch\u00e4ftigt. Diese Webcam-Models k\u00f6nnen mit ihren Videos handeln und mit ihren erogenen Shows Geld verdienen. Einige Webcam-Modelle stellen auch ihr eigenes Videoband auf. Sie k\u00f6nnen asexuell oder nicht-bin\u00e4r sein, sind aber alle sexuell aktiv. Ein Webcam-Girl ist auf mehreren Seiten zu finden. Die [&hellip;]<\/p>\n","protected":false},"author":1,"featured_media":0,"parent":0,"menu_order":0,"comment_status":"closed","ping_status":"closed","template":"","meta":{"footnotes":""},"class_list":["post-13848","page","type-page","status-publish","hentry"],"yoast_head":"<!-- This site is optimized with the Yoast SEO plugin v27.2 - https:\/\/yoast.com\/product\/yoast-seo-wordpress\/ -->\n<title>CamGirl und Liste der besten Pornoseiten | PornMate<\/title>\n<meta name=\"description\" content=\"Camgirl ist ein Webcam-Model, das sich f\u00fcr Konzentration und Geld mit Pornos besch\u00e4ftigt. Diese Webcam-Models k\u00f6nnen mit ihren Videos handeln und mit ihren erogenen Shows Geld verdienen. Einige Webcam-Modelle stellen auch ihr eigenes Videoband auf. Sie k\u00f6nnen asexuell oder nicht-bin\u00e4r sein, sind aber alle sexuell aktiv. Ein Webcam-Girl ist auf mehreren Seiten zu finden. Die h\u00e4ufigsten oder Gartenseiten sind Livecam und Pexicam.com.\" \/>\n<meta name=\"robots\" content=\"index, follow, max-snippet:-1, max-image-preview:large, max-video-preview:-1\" \/>\n<link rel=\"canonical\" href=\"https:\/\/pornmate.com\/de\/camgirl\" \/>\n<meta property=\"og:locale\" content=\"de_DE\" \/>\n<meta property=\"og:type\" content=\"article\" \/>\n<meta property=\"og:title\" content=\"CamGirl und Liste der besten Pornoseiten | PornMate\" \/>\n<meta property=\"og:description\" content=\"Camgirl ist ein Webcam-Model, das sich f\u00fcr Konzentration und Geld mit Pornos besch\u00e4ftigt. Diese Webcam-Models k\u00f6nnen mit ihren Videos handeln und mit ihren erogenen Shows Geld verdienen. Einige Webcam-Modelle stellen auch ihr eigenes Videoband auf. Sie k\u00f6nnen asexuell oder nicht-bin\u00e4r sein, sind aber alle sexuell aktiv. Ein Webcam-Girl ist auf mehreren Seiten zu finden. Die h\u00e4ufigsten oder Gartenseiten sind Livecam und Pexicam.com.\" \/>\n<meta property=\"og:url\" content=\"https:\/\/pornmate.com\/de\/camgirl\" \/>\n<meta property=\"og:site_name\" content=\"Besten Pornoseiten - Kostenlose Deutsche Pornos | PornMate.com\" \/>\n<meta property=\"og:image\" content=\"https:\/\/bbbx.net\/wp-content\/uploads\/2021\/12\/Cam-girls-have-thousands-of-viewers-on-their-webcams-1.jpg\" \/>\n<meta name=\"twitter:card\" content=\"summary_large_image\" \/>\n<meta name=\"twitter:label1\" content=\"Gesch\u00e4tzte Lesezeit\" \/>\n\t<meta name=\"twitter:data1\" content=\"4\u00a0Minuten\" \/>\n<script type=\"application\/ld+json\" class=\"yoast-schema-graph\">{\"@context\":\"https:\/\/schema.org\",\"@graph\":[{\"@type\":\"WebPage\",\"@id\":\"https:\/\/pornmate.com\/de\/camgirl\",\"url\":\"https:\/\/pornmate.com\/de\/camgirl\",\"name\":\"CamGirl und Liste der besten Pornoseiten | PornMate\",\"isPartOf\":{\"@id\":\"https:\/\/pornmate.com\/de\/#website\"},\"primaryImageOfPage\":{\"@id\":\"https:\/\/pornmate.com\/de\/camgirl#primaryimage\"},\"image\":{\"@id\":\"https:\/\/pornmate.com\/de\/camgirl#primaryimage\"},\"thumbnailUrl\":\"https:\/\/pornmate.com\/de\/wp-content\/uploads\/2021\/12\/Cam-girls-have-thousands-of-viewers-on-their-webcams-1-1.jpg\",\"datePublished\":\"2021-12-16T07:28:56+00:00\",\"description\":\"Camgirl ist ein Webcam-Model, das sich f\u00fcr Konzentration und Geld mit Pornos besch\u00e4ftigt. Diese Webcam-Models k\u00f6nnen mit ihren Videos handeln und mit ihren erogenen Shows Geld verdienen. Einige Webcam-Modelle stellen auch ihr eigenes Videoband auf. Sie k\u00f6nnen asexuell oder nicht-bin\u00e4r sein, sind aber alle sexuell aktiv. Ein Webcam-Girl ist auf mehreren Seiten zu finden. Die h\u00e4ufigsten oder Gartenseiten sind Livecam und Pexicam.com.\",\"breadcrumb\":{\"@id\":\"https:\/\/pornmate.com\/de\/camgirl#breadcrumb\"},\"inLanguage\":\"de\",\"potentialAction\":[{\"@type\":\"ReadAction\",\"target\":[\"https:\/\/pornmate.com\/de\/camgirl\"]}]},{\"@type\":\"ImageObject\",\"inLanguage\":\"de\",\"@id\":\"https:\/\/pornmate.com\/de\/camgirl#primaryimage\",\"url\":\"https:\/\/pornmate.com\/de\/wp-content\/uploads\/2021\/12\/Cam-girls-have-thousands-of-viewers-on-their-webcams-1-1.jpg\",\"contentUrl\":\"https:\/\/pornmate.com\/de\/wp-content\/uploads\/2021\/12\/Cam-girls-have-thousands-of-viewers-on-their-webcams-1-1.jpg\",\"width\":1024,\"height\":567},{\"@type\":\"BreadcrumbList\",\"@id\":\"https:\/\/pornmate.com\/de\/camgirl#breadcrumb\",\"itemListElement\":[{\"@type\":\"ListItem\",\"position\":1,\"name\":\"Startseite\",\"item\":\"https:\/\/pornmate.com\/de\"},{\"@type\":\"ListItem\",\"position\":2,\"name\":\"CamGirl\"}]},{\"@type\":\"WebSite\",\"@id\":\"https:\/\/pornmate.com\/de\/#website\",\"url\":\"https:\/\/pornmate.com\/de\/\",\"name\":\"Besten Pornoseiten - Kostenlose Deutsche Pornos | PornMate.com\",\"description\":\"Kostenlose Pornos, ist Ihr Combo-Verzeichnis der besten gratis Pornoseiten, die Sie finden k\u00f6nnen, und das fantastische Seitenbewertungen, Kostenlose Deutsche sex Biografien von Pornostars und ihre xxx Freie Porno videos unter einem Dach pr\u00e4sentiert.\",\"publisher\":{\"@id\":\"https:\/\/pornmate.com\/de\/#organization\"},\"potentialAction\":[{\"@type\":\"SearchAction\",\"target\":{\"@type\":\"EntryPoint\",\"urlTemplate\":\"https:\/\/pornmate.com\/de\/?s={search_term_string}\"},\"query-input\":{\"@type\":\"PropertyValueSpecification\",\"valueRequired\":true,\"valueName\":\"search_term_string\"}}],\"inLanguage\":\"de\"},{\"@type\":\"Organization\",\"@id\":\"https:\/\/pornmate.com\/de\/#organization\",\"name\":\"Besten Pornoseiten - Kostenlose Deutsche Pornos | PornMate.com\",\"url\":\"https:\/\/pornmate.com\/de\/\",\"logo\":{\"@type\":\"ImageObject\",\"inLanguage\":\"de\",\"@id\":\"https:\/\/pornmate.com\/de\/#\/schema\/logo\/image\/\",\"url\":\"https:\/\/pornmate.com\/de\/wp-content\/uploads\/2022\/11\/pornmate-1.png\",\"contentUrl\":\"https:\/\/pornmate.com\/de\/wp-content\/uploads\/2022\/11\/pornmate-1.png\",\"width\":203,\"height\":200,\"caption\":\"Besten Pornoseiten - Kostenlose Deutsche Pornos | PornMate.com\"},\"image\":{\"@id\":\"https:\/\/pornmate.com\/de\/#\/schema\/logo\/image\/\"}}]}<\/script>\n<!-- \/ Yoast SEO plugin. -->","yoast_head_json":{"title":"CamGirl und Liste der besten Pornoseiten | PornMate","description":"Camgirl ist ein Webcam-Model, das sich f\u00fcr Konzentration und Geld mit Pornos besch\u00e4ftigt. Diese Webcam-Models k\u00f6nnen mit ihren Videos handeln und mit ihren erogenen Shows Geld verdienen. Einige Webcam-Modelle stellen auch ihr eigenes Videoband auf. Sie k\u00f6nnen asexuell oder nicht-bin\u00e4r sein, sind aber alle sexuell aktiv. Ein Webcam-Girl ist auf mehreren Seiten zu finden. Die h\u00e4ufigsten oder Gartenseiten sind Livecam und Pexicam.com.","robots":{"index":"index","follow":"follow","max-snippet":"max-snippet:-1","max-image-preview":"max-image-preview:large","max-video-preview":"max-video-preview:-1"},"canonical":"https:\/\/pornmate.com\/de\/camgirl","og_locale":"de_DE","og_type":"article","og_title":"CamGirl und Liste der besten Pornoseiten | PornMate","og_description":"Camgirl ist ein Webcam-Model, das sich f\u00fcr Konzentration und Geld mit Pornos besch\u00e4ftigt. Diese Webcam-Models k\u00f6nnen mit ihren Videos handeln und mit ihren erogenen Shows Geld verdienen. Einige Webcam-Modelle stellen auch ihr eigenes Videoband auf. Sie k\u00f6nnen asexuell oder nicht-bin\u00e4r sein, sind aber alle sexuell aktiv. Ein Webcam-Girl ist auf mehreren Seiten zu finden. Die h\u00e4ufigsten oder Gartenseiten sind Livecam und Pexicam.com.","og_url":"https:\/\/pornmate.com\/de\/camgirl","og_site_name":"Besten Pornoseiten - Kostenlose Deutsche Pornos | PornMate.com","og_image":[{"url":"https:\/\/bbbx.net\/wp-content\/uploads\/2021\/12\/Cam-girls-have-thousands-of-viewers-on-their-webcams-1.jpg","type":"","width":"","height":""}],"twitter_card":"summary_large_image","twitter_misc":{"Gesch\u00e4tzte Lesezeit":"4\u00a0Minuten"},"schema":{"@context":"https:\/\/schema.org","@graph":[{"@type":"WebPage","@id":"https:\/\/pornmate.com\/de\/camgirl","url":"https:\/\/pornmate.com\/de\/camgirl","name":"CamGirl und Liste der besten Pornoseiten | PornMate","isPartOf":{"@id":"https:\/\/pornmate.com\/de\/#website"},"primaryImageOfPage":{"@id":"https:\/\/pornmate.com\/de\/camgirl#primaryimage"},"image":{"@id":"https:\/\/pornmate.com\/de\/camgirl#primaryimage"},"thumbnailUrl":"https:\/\/pornmate.com\/de\/wp-content\/uploads\/2021\/12\/Cam-girls-have-thousands-of-viewers-on-their-webcams-1-1.jpg","datePublished":"2021-12-16T07:28:56+00:00","description":"Camgirl ist ein Webcam-Model, das sich f\u00fcr Konzentration und Geld mit Pornos besch\u00e4ftigt. Diese Webcam-Models k\u00f6nnen mit ihren Videos handeln und mit ihren erogenen Shows Geld verdienen. Einige Webcam-Modelle stellen auch ihr eigenes Videoband auf. Sie k\u00f6nnen asexuell oder nicht-bin\u00e4r sein, sind aber alle sexuell aktiv. Ein Webcam-Girl ist auf mehreren Seiten zu finden. Die h\u00e4ufigsten oder Gartenseiten sind Livecam und Pexicam.com.","breadcrumb":{"@id":"https:\/\/pornmate.com\/de\/camgirl#breadcrumb"},"inLanguage":"de","potentialAction":[{"@type":"ReadAction","target":["https:\/\/pornmate.com\/de\/camgirl"]}]},{"@type":"ImageObject","inLanguage":"de","@id":"https:\/\/pornmate.com\/de\/camgirl#primaryimage","url":"https:\/\/pornmate.com\/de\/wp-content\/uploads\/2021\/12\/Cam-girls-have-thousands-of-viewers-on-their-webcams-1-1.jpg","contentUrl":"https:\/\/pornmate.com\/de\/wp-content\/uploads\/2021\/12\/Cam-girls-have-thousands-of-viewers-on-their-webcams-1-1.jpg","width":1024,"height":567},{"@type":"BreadcrumbList","@id":"https:\/\/pornmate.com\/de\/camgirl#breadcrumb","itemListElement":[{"@type":"ListItem","position":1,"name":"Startseite","item":"https:\/\/pornmate.com\/de"},{"@type":"ListItem","position":2,"name":"CamGirl"}]},{"@type":"WebSite","@id":"https:\/\/pornmate.com\/de\/#website","url":"https:\/\/pornmate.com\/de\/","name":"Besten Pornoseiten - Kostenlose Deutsche Pornos | PornMate.com","description":"Kostenlose Pornos, ist Ihr Combo-Verzeichnis der besten gratis Pornoseiten, die Sie finden k\u00f6nnen, und das fantastische Seitenbewertungen, Kostenlose Deutsche sex Biografien von Pornostars und ihre xxx Freie Porno videos unter einem Dach pr\u00e4sentiert.","publisher":{"@id":"https:\/\/pornmate.com\/de\/#organization"},"potentialAction":[{"@type":"SearchAction","target":{"@type":"EntryPoint","urlTemplate":"https:\/\/pornmate.com\/de\/?s={search_term_string}"},"query-input":{"@type":"PropertyValueSpecification","valueRequired":true,"valueName":"search_term_string"}}],"inLanguage":"de"},{"@type":"Organization","@id":"https:\/\/pornmate.com\/de\/#organization","name":"Besten Pornoseiten - Kostenlose Deutsche Pornos | PornMate.com","url":"https:\/\/pornmate.com\/de\/","logo":{"@type":"ImageObject","inLanguage":"de","@id":"https:\/\/pornmate.com\/de\/#\/schema\/logo\/image\/","url":"https:\/\/pornmate.com\/de\/wp-content\/uploads\/2022\/11\/pornmate-1.png","contentUrl":"https:\/\/pornmate.com\/de\/wp-content\/uploads\/2022\/11\/pornmate-1.png","width":203,"height":200,"caption":"Besten Pornoseiten - Kostenlose Deutsche Pornos | PornMate.com"},"image":{"@id":"https:\/\/pornmate.com\/de\/#\/schema\/logo\/image\/"}}]}},"_links":{"self":[{"href":"https:\/\/pornmate.com\/de\/wp-json\/wp\/v2\/pages\/13848","targetHints":{"allow":["GET"]}}],"collection":[{"href":"https:\/\/pornmate.com\/de\/wp-json\/wp\/v2\/pages"}],"about":[{"href":"https:\/\/pornmate.com\/de\/wp-json\/wp\/v2\/types\/page"}],"author":[{"embeddable":true,"href":"https:\/\/pornmate.com\/de\/wp-json\/wp\/v2\/users\/1"}],"replies":[{"embeddable":true,"href":"https:\/\/pornmate.com\/de\/wp-json\/wp\/v2\/comments?post=13848"}],"version-history":[{"count":0,"href":"https:\/\/pornmate.com\/de\/wp-json\/wp\/v2\/pages\/13848\/revisions"}],"wp:attachment":[{"href":"https:\/\/pornmate.com\/de\/wp-json\/wp\/v2\/media?parent=13848"}],"curies":[{"name":"wp","href":"https:\/\/api.w.org\/{rel}","templated":true}]}}