{"id":13915,"date":"2022-01-17T12:02:58","date_gmt":"2022-01-17T12:02:58","guid":{"rendered":"https:\/\/pornmate.com\/?page_id=13915"},"modified":"2022-01-17T12:02:58","modified_gmt":"2022-01-17T12:02:58","slug":"sex-celebrity","status":"publish","type":"page","link":"https:\/\/pornmate.com\/de\/sex-celebrity","title":{"rendered":"Sex Celebrity"},"content":{"rendered":"<p>SexCelebrity &#8211; Alles \u00fcber Deepfake-Pornos und Promi-Nacktheit!<\/p>\n<p>Nackte Promis sind fast \u00fcberall. Die Boulevardzeitungen sind sehr gespannt darauf. Ja, diese Fakten sind nutzlos. Trotzdem k\u00f6nnen sie Sie in k\u00fcrzester Zeit erregen. Warum w\u00e4hlen die Leute sexcelebrity.net? Mal schauen.<br \/>\nErstens gibt es nur durchgesickerte Top-Akte. Vergiss das ehemalige general\u00fcberholte Starlet! Echte Filme, Shows und die hei\u00dfesten unzensierten Sextapes von Popstars werden t\u00e4glich geliefert.<\/p>\n<p><center><span style=\"font-weight: 400;\"><img loading=\"lazy\" decoding=\"async\" class=\"size-full wp-image-13916 aligncenter\" src=\"https:\/\/pornmate.com\/de\/wp-content\/uploads\/2022\/01\/sex-celebrity-1-1.jpg\" alt=\"\" width=\"628\" height=\"413\" srcset=\"https:\/\/pornmate.com\/de\/wp-content\/uploads\/2022\/01\/sex-celebrity-1-1.jpg 628w, https:\/\/pornmate.com\/de\/wp-content\/uploads\/2022\/01\/sex-celebrity-1-1-300x197.jpg 300w\" sizes=\"auto, (max-width: 628px) 100vw, 628px\" \/><\/span><\/center>Ein weiterer Vorteil von Sexcelebrity ist die gro\u00dfe Gruppe lokaler nackter Prominenter. Ihre umfangreiche Sammlung umfasst:<\/p>\n<p>Hollywoodstar;<br \/>\njapanisches Pop-Idol;<br \/>\nIhre f\u00fchrende K-Pop-S\u00e4ngerin;<br \/>\nBollywood-Filmstar.<br \/>\nExotische afrikanische und s\u00fcdasiatische durchgesickerte Akte.<br \/>\nSie sind immer auf der Suche nach Trends und Sie k\u00f6nnen regelm\u00e4\u00dfig neue Diva-Fotos machen lassen!<\/p>\n<p>&nbsp;<\/p>\n<p>Nat\u00fcrlich muss dies nicht immer der Fall sein. Sie werden niemals echte unzensierte hei\u00dfe Nacktfotos von Bollywood-Schauspielern sehen. Die einzigen Ausnahmen sind Beispiele f\u00fcr &#8222;nasse Sari&#8220; oder andere leicht erotische Momente. Pornografie ist in vielen tropischen L\u00e4ndern strengstens verboten. Aber der Wunsch echter Fans h\u00f6rt nicht auf!<\/p>\n<p>Aus diesem Grund bietet diese Website eine Reihe von &#8222;gut gebackenen&#8220; Deepfakes von Prominenten an, die nackt von ihm sind. Deine W\u00fcnsche werden wahr \u2013 und sie werden nicht erzwungen.Auch Westernstars tauschen nur selten Nacktfotos aus. Ein ber\u00fchmter K\u00f6rper ist so viel wert wie ein legend\u00e4res Gesicht. Deshalb sind alle erotischen Szenen mit den Top-Darstellerinnen des Films programmiert. Die Deepfake-Technologie kann Ihnen helfen, alle Ihre verborgenen W\u00fcnsche zu enth\u00fcllen!<\/p>\n<p>Ber\u00fcchtigt ist auch die Unschuld ihres Idols des orientalischen Pop. Diese modernen M\u00e4dchen verwenden immer ein reines Lolita-Image ohne sexuelle Konnotationen, aber sie sind einer der hei\u00dfesten G\u00e4ste in diesen Deepfake-Her-Kategorien. Sie werden die intimsten Posen aller Genres sehen. SexCelebrity hilft Ihnen, all Ihre verbotenen Fetische aufzudecken. &#8222;Easy&#8220;-Pornoseiten bieten ihren Kunden normalerweise ein paar geschnittene Rollen von mittelm\u00e4\u00dfiger Qualit\u00e4t. SexCelebrity hat immer die hochwertigsten Inhalte und keine moralischen und geografischen Einschr\u00e4nkungen. Die hei\u00dfesten Stars k\u00f6nnen hier frei masturbieren!<\/p>\n<p>&nbsp;<\/p>\n","protected":false},"excerpt":{"rendered":"<p>SexCelebrity &#8211; Alles \u00fcber Deepfake-Pornos und Promi-Nacktheit! Nackte Promis sind fast \u00fcberall. Die Boulevardzeitungen sind sehr gespannt darauf. Ja, diese Fakten sind nutzlos. Trotzdem k\u00f6nnen sie Sie in k\u00fcrzester Zeit erregen. Warum w\u00e4hlen die Leute sexcelebrity.net? Mal schauen. Erstens gibt es nur durchgesickerte Top-Akte. Vergiss das ehemalige general\u00fcberholte Starlet! Echte Filme, Shows und die hei\u00dfesten [&hellip;]<\/p>\n","protected":false},"author":1,"featured_media":0,"parent":0,"menu_order":0,"comment_status":"closed","ping_status":"closed","template":"","meta":{"footnotes":""},"class_list":["post-13915","page","type-page","status-publish","hentry"],"yoast_head":"<!-- This site is optimized with the Yoast SEO plugin v27.4 - https:\/\/yoast.com\/product\/yoast-seo-wordpress\/ -->\n<title>Sex Celebrity und Liste der besten Pornoseiten | PornMate<\/title>\n<meta name=\"robots\" content=\"index, follow, max-snippet:-1, max-image-preview:large, max-video-preview:-1\" \/>\n<link rel=\"canonical\" href=\"https:\/\/pornmate.com\/de\/sex-celebrity\" \/>\n<meta property=\"og:locale\" content=\"de_DE\" \/>\n<meta property=\"og:type\" content=\"article\" \/>\n<meta property=\"og:title\" content=\"Sex Celebrity und Liste der besten Pornoseiten | PornMate\" \/>\n<meta property=\"og:description\" content=\"SexCelebrity &#8211; Alles \u00fcber Deepfake-Pornos und Promi-Nacktheit! Nackte Promis sind fast \u00fcberall. Die Boulevardzeitungen sind sehr gespannt darauf. Ja, diese Fakten sind nutzlos. Trotzdem k\u00f6nnen sie Sie in k\u00fcrzester Zeit erregen. Warum w\u00e4hlen die Leute sexcelebrity.net? Mal schauen. Erstens gibt es nur durchgesickerte Top-Akte. Vergiss das ehemalige general\u00fcberholte Starlet! Echte Filme, Shows und die hei\u00dfesten [&hellip;]\" \/>\n<meta property=\"og:url\" content=\"https:\/\/pornmate.com\/de\/sex-celebrity\" \/>\n<meta property=\"og:site_name\" content=\"Besten Pornoseiten - Kostenlose Deutsche Pornos | PornMate.com\" \/>\n<meta property=\"og:image\" content=\"https:\/\/bbbx.net\/wp-content\/uploads\/2022\/01\/sex-celebrity-1.jpg\" \/>\n<meta name=\"twitter:card\" content=\"summary_large_image\" \/>\n<meta name=\"twitter:label1\" content=\"Gesch\u00e4tzte Lesezeit\" \/>\n\t<meta name=\"twitter:data1\" content=\"2\u00a0Minuten\" \/>\n<script type=\"application\/ld+json\" class=\"yoast-schema-graph\">{\"@context\":\"https:\\\/\\\/schema.org\",\"@graph\":[{\"@type\":\"WebPage\",\"@id\":\"https:\\\/\\\/pornmate.com\\\/de\\\/sex-celebrity\",\"url\":\"https:\\\/\\\/pornmate.com\\\/de\\\/sex-celebrity\",\"name\":\"Sex Celebrity und Liste der besten Pornoseiten | PornMate\",\"isPartOf\":{\"@id\":\"https:\\\/\\\/pornmate.com\\\/de\\\/#website\"},\"primaryImageOfPage\":{\"@id\":\"https:\\\/\\\/pornmate.com\\\/de\\\/sex-celebrity#primaryimage\"},\"image\":{\"@id\":\"https:\\\/\\\/pornmate.com\\\/de\\\/sex-celebrity#primaryimage\"},\"thumbnailUrl\":\"https:\\\/\\\/pornmate.com\\\/de\\\/wp-content\\\/uploads\\\/2022\\\/01\\\/sex-celebrity-1-1.jpg\",\"datePublished\":\"2022-01-17T12:02:58+00:00\",\"breadcrumb\":{\"@id\":\"https:\\\/\\\/pornmate.com\\\/de\\\/sex-celebrity#breadcrumb\"},\"inLanguage\":\"de\",\"potentialAction\":[{\"@type\":\"ReadAction\",\"target\":[\"https:\\\/\\\/pornmate.com\\\/de\\\/sex-celebrity\"]}]},{\"@type\":\"ImageObject\",\"inLanguage\":\"de\",\"@id\":\"https:\\\/\\\/pornmate.com\\\/de\\\/sex-celebrity#primaryimage\",\"url\":\"https:\\\/\\\/pornmate.com\\\/de\\\/wp-content\\\/uploads\\\/2022\\\/01\\\/sex-celebrity-1-1.jpg\",\"contentUrl\":\"https:\\\/\\\/pornmate.com\\\/de\\\/wp-content\\\/uploads\\\/2022\\\/01\\\/sex-celebrity-1-1.jpg\",\"width\":628,\"height\":413},{\"@type\":\"BreadcrumbList\",\"@id\":\"https:\\\/\\\/pornmate.com\\\/de\\\/sex-celebrity#breadcrumb\",\"itemListElement\":[{\"@type\":\"ListItem\",\"position\":1,\"name\":\"Startseite\",\"item\":\"https:\\\/\\\/pornmate.com\\\/de\"},{\"@type\":\"ListItem\",\"position\":2,\"name\":\"Sex Celebrity\"}]},{\"@type\":\"WebSite\",\"@id\":\"https:\\\/\\\/pornmate.com\\\/de\\\/#website\",\"url\":\"https:\\\/\\\/pornmate.com\\\/de\\\/\",\"name\":\"Besten Pornoseiten - Kostenlose Deutsche Pornos | PornMate.com\",\"description\":\"Kostenlose Pornos, ist Ihr Combo-Verzeichnis der besten gratis Pornoseiten, die Sie finden k\u00f6nnen, und das fantastische Seitenbewertungen, Kostenlose Deutsche sex Biografien von Pornostars und ihre xxx Freie Porno videos unter einem Dach pr\u00e4sentiert.\",\"publisher\":{\"@id\":\"https:\\\/\\\/pornmate.com\\\/de\\\/#organization\"},\"potentialAction\":[{\"@type\":\"SearchAction\",\"target\":{\"@type\":\"EntryPoint\",\"urlTemplate\":\"https:\\\/\\\/pornmate.com\\\/de\\\/?s={search_term_string}\"},\"query-input\":{\"@type\":\"PropertyValueSpecification\",\"valueRequired\":true,\"valueName\":\"search_term_string\"}}],\"inLanguage\":\"de\"},{\"@type\":\"Organization\",\"@id\":\"https:\\\/\\\/pornmate.com\\\/de\\\/#organization\",\"name\":\"Besten Pornoseiten - Kostenlose Deutsche Pornos | PornMate.com\",\"url\":\"https:\\\/\\\/pornmate.com\\\/de\\\/\",\"logo\":{\"@type\":\"ImageObject\",\"inLanguage\":\"de\",\"@id\":\"https:\\\/\\\/pornmate.com\\\/de\\\/#\\\/schema\\\/logo\\\/image\\\/\",\"url\":\"https:\\\/\\\/pornmate.com\\\/de\\\/wp-content\\\/uploads\\\/2022\\\/11\\\/pornmate-1.png\",\"contentUrl\":\"https:\\\/\\\/pornmate.com\\\/de\\\/wp-content\\\/uploads\\\/2022\\\/11\\\/pornmate-1.png\",\"width\":203,\"height\":200,\"caption\":\"Besten Pornoseiten - Kostenlose Deutsche Pornos | PornMate.com\"},\"image\":{\"@id\":\"https:\\\/\\\/pornmate.com\\\/de\\\/#\\\/schema\\\/logo\\\/image\\\/\"}}]}<\/script>\n<!-- \/ Yoast SEO plugin. -->","yoast_head_json":{"title":"Sex Celebrity und Liste der besten Pornoseiten | PornMate","robots":{"index":"index","follow":"follow","max-snippet":"max-snippet:-1","max-image-preview":"max-image-preview:large","max-video-preview":"max-video-preview:-1"},"canonical":"https:\/\/pornmate.com\/de\/sex-celebrity","og_locale":"de_DE","og_type":"article","og_title":"Sex Celebrity und Liste der besten Pornoseiten | PornMate","og_description":"SexCelebrity &#8211; Alles \u00fcber Deepfake-Pornos und Promi-Nacktheit! Nackte Promis sind fast \u00fcberall. Die Boulevardzeitungen sind sehr gespannt darauf. Ja, diese Fakten sind nutzlos. Trotzdem k\u00f6nnen sie Sie in k\u00fcrzester Zeit erregen. Warum w\u00e4hlen die Leute sexcelebrity.net? Mal schauen. Erstens gibt es nur durchgesickerte Top-Akte. Vergiss das ehemalige general\u00fcberholte Starlet! Echte Filme, Shows und die hei\u00dfesten [&hellip;]","og_url":"https:\/\/pornmate.com\/de\/sex-celebrity","og_site_name":"Besten Pornoseiten - Kostenlose Deutsche Pornos | PornMate.com","og_image":[{"url":"https:\/\/bbbx.net\/wp-content\/uploads\/2022\/01\/sex-celebrity-1.jpg","type":"","width":"","height":""}],"twitter_card":"summary_large_image","twitter_misc":{"Gesch\u00e4tzte Lesezeit":"2\u00a0Minuten"},"schema":{"@context":"https:\/\/schema.org","@graph":[{"@type":"WebPage","@id":"https:\/\/pornmate.com\/de\/sex-celebrity","url":"https:\/\/pornmate.com\/de\/sex-celebrity","name":"Sex Celebrity und Liste der besten Pornoseiten | PornMate","isPartOf":{"@id":"https:\/\/pornmate.com\/de\/#website"},"primaryImageOfPage":{"@id":"https:\/\/pornmate.com\/de\/sex-celebrity#primaryimage"},"image":{"@id":"https:\/\/pornmate.com\/de\/sex-celebrity#primaryimage"},"thumbnailUrl":"https:\/\/pornmate.com\/de\/wp-content\/uploads\/2022\/01\/sex-celebrity-1-1.jpg","datePublished":"2022-01-17T12:02:58+00:00","breadcrumb":{"@id":"https:\/\/pornmate.com\/de\/sex-celebrity#breadcrumb"},"inLanguage":"de","potentialAction":[{"@type":"ReadAction","target":["https:\/\/pornmate.com\/de\/sex-celebrity"]}]},{"@type":"ImageObject","inLanguage":"de","@id":"https:\/\/pornmate.com\/de\/sex-celebrity#primaryimage","url":"https:\/\/pornmate.com\/de\/wp-content\/uploads\/2022\/01\/sex-celebrity-1-1.jpg","contentUrl":"https:\/\/pornmate.com\/de\/wp-content\/uploads\/2022\/01\/sex-celebrity-1-1.jpg","width":628,"height":413},{"@type":"BreadcrumbList","@id":"https:\/\/pornmate.com\/de\/sex-celebrity#breadcrumb","itemListElement":[{"@type":"ListItem","position":1,"name":"Startseite","item":"https:\/\/pornmate.com\/de"},{"@type":"ListItem","position":2,"name":"Sex Celebrity"}]},{"@type":"WebSite","@id":"https:\/\/pornmate.com\/de\/#website","url":"https:\/\/pornmate.com\/de\/","name":"Besten Pornoseiten - Kostenlose Deutsche Pornos | PornMate.com","description":"Kostenlose Pornos, ist Ihr Combo-Verzeichnis der besten gratis Pornoseiten, die Sie finden k\u00f6nnen, und das fantastische Seitenbewertungen, Kostenlose Deutsche sex Biografien von Pornostars und ihre xxx Freie Porno videos unter einem Dach pr\u00e4sentiert.","publisher":{"@id":"https:\/\/pornmate.com\/de\/#organization"},"potentialAction":[{"@type":"SearchAction","target":{"@type":"EntryPoint","urlTemplate":"https:\/\/pornmate.com\/de\/?s={search_term_string}"},"query-input":{"@type":"PropertyValueSpecification","valueRequired":true,"valueName":"search_term_string"}}],"inLanguage":"de"},{"@type":"Organization","@id":"https:\/\/pornmate.com\/de\/#organization","name":"Besten Pornoseiten - Kostenlose Deutsche Pornos | PornMate.com","url":"https:\/\/pornmate.com\/de\/","logo":{"@type":"ImageObject","inLanguage":"de","@id":"https:\/\/pornmate.com\/de\/#\/schema\/logo\/image\/","url":"https:\/\/pornmate.com\/de\/wp-content\/uploads\/2022\/11\/pornmate-1.png","contentUrl":"https:\/\/pornmate.com\/de\/wp-content\/uploads\/2022\/11\/pornmate-1.png","width":203,"height":200,"caption":"Besten Pornoseiten - Kostenlose Deutsche Pornos | PornMate.com"},"image":{"@id":"https:\/\/pornmate.com\/de\/#\/schema\/logo\/image\/"}}]}},"_links":{"self":[{"href":"https:\/\/pornmate.com\/de\/wp-json\/wp\/v2\/pages\/13915","targetHints":{"allow":["GET"]}}],"collection":[{"href":"https:\/\/pornmate.com\/de\/wp-json\/wp\/v2\/pages"}],"about":[{"href":"https:\/\/pornmate.com\/de\/wp-json\/wp\/v2\/types\/page"}],"author":[{"embeddable":true,"href":"https:\/\/pornmate.com\/de\/wp-json\/wp\/v2\/users\/1"}],"replies":[{"embeddable":true,"href":"https:\/\/pornmate.com\/de\/wp-json\/wp\/v2\/comments?post=13915"}],"version-history":[{"count":0,"href":"https:\/\/pornmate.com\/de\/wp-json\/wp\/v2\/pages\/13915\/revisions"}],"wp:attachment":[{"href":"https:\/\/pornmate.com\/de\/wp-json\/wp\/v2\/media?parent=13915"}],"curies":[{"name":"wp","href":"https:\/\/api.w.org\/{rel}","templated":true}]}}