{"id":14142,"date":"2022-09-01T08:40:31","date_gmt":"2022-09-01T06:40:31","guid":{"rendered":"https:\/\/pornmate.com\/?page_id=14142"},"modified":"2022-09-01T08:40:31","modified_gmt":"2022-09-01T06:40:31","slug":"facts-to-have-flashlight-on-sex-movies","status":"publish","type":"page","link":"https:\/\/pornmate.com\/de\/facts-to-have-flashlight-on-sex-movies","title":{"rendered":"Facts to Have Flashlight on Sex Movies"},"content":{"rendered":"<p>&nbsp;<\/p>\n<p><img decoding=\"async\" class=\"alignnone size-full wp-image-14144 aligncenter\" src=\"https:\/\/pornmate.com\/de\/wp-content\/uploads\/2022\/09\/anh-sex-cua-gai-xinh-tu-suong-voi-than-hinh-boc-lua-7-1-1.jpg\" alt=\"\" width=\"480\" height=\"270\" srcset=\"https:\/\/pornmate.com\/de\/wp-content\/uploads\/2022\/09\/anh-sex-cua-gai-xinh-tu-suong-voi-than-hinh-boc-lua-7-1-1.jpg 480w, https:\/\/pornmate.com\/de\/wp-content\/uploads\/2022\/09\/anh-sex-cua-gai-xinh-tu-suong-voi-than-hinh-boc-lua-7-1-1-300x169.jpg 300w\" sizes=\"(max-width: 480px) 100vw, 480px\" \/><\/p>\n<p>F\u00e4lschungen wachsen wie ein Lauffeuer in unserer Gesellschaft, in der Fakten betont werden m\u00fcssen. Phim Sex trung qu\u1ed1c ist da keine Ausnahme. Solche falschen Illusionen gibt es im \u00dcberfluss und die Realit\u00e4t ist weit weg. M\u00f6chten Sie mehr wissen? Lesen Sie den Blog hier, um Informationen dar\u00fcber zu erhalten!<\/p>\n<p><strong>M\u00e4nner sind nicht die einzigen, die Sex wollen<\/strong><\/p>\n<p>M\u00e4nner werden auf der Leinwand oft als mit Sex besch\u00e4ftigt und auf der Suche nach Verbindung dargestellt, wie jemand, der in der W\u00fcste nach Wasser sucht. M\u00e4nner, die nicht immer nach Sex suchen, werden von dieser Darstellung befremdet. Asexuelle M\u00e4nner und Frauen sind heute selten auf der gro\u00dfen Leinwand zu sehen. Gleitmittel beim Sex hinzuf\u00fcgen<br \/>\nEine Flasche Gleitmittel sollte nicht in einem Sexfilm vorkommen. Trotzdem dringt der Penis ohne weitere Komplikationen in die Scheide ein. Im wirklichen Leben k\u00f6nnte es Sie \u00fcberraschen, denn wenn Sie neu in Gleitmittel sind, sollten Sie es verwenden. Es gibt viele M\u00f6glichkeiten, Sex schlecht zu machen. Die Verwendung von Schmiermitteln sollte nicht als Fehler angesehen werden.<\/p>\n<p><strong>Dinge passieren gleichzeitig<\/strong><\/p>\n<p>In Sexfilmen ist es \u00fcblich, dass sexuelle Gedanken auf beiden Seiten gleichzeitig auftauchen. Echtzeit kann gro\u00dfartig sein, aber das kann passieren oder auch nicht. Bei sexueller Aktivit\u00e4t geht es darum, die Gef\u00fchle Ihres Partners zu erforschen und zu zeigen, dass Sie es genie\u00dfen, zusammen zu sein. Wenn Ihr Partner seine Ziele nicht erreicht oder nicht so denkt wie Sie, sollten Sie warten. Es ist wichtig, ihnen Zeit zu geben und sicherzustellen, dass sie verstehen, was sie sagen.<\/p>\n<p><strong>Einzelheiten sprechen<\/strong><\/p>\n<p>Sexfilme zeigen Menschen, die nicht miteinander reden und immer wieder &#8222;Ja&#8220; sagen. Aber echter Sex erfordert Geschw\u00e4tz. Im Schlafzimmer kannst du Smalltalk \u00fcber Sex machen und deine Gedanken dazu teilen. Die Kommunikation beim Sex sollte nicht unangenehm oder einsch\u00fcchternd sein. Wenn etwas nicht stimmt, Ihnen Schmerzen bereitet oder Sie etwas anderes ausprobieren m\u00fcssen, haben Sie keine Angst, es zu sagen. Ihr Partner sollte dies verstehen und entsprechend handeln. um zusammenzufassen<br \/>\nSo haben Sie vielleicht die richtigen Informationen hinter einigen g\u00e4ngigen Mythen \u00fcber Sexfilme. Entscheiden Sie sich jetzt f\u00fcr den richtigen Film und genie\u00dfen Sie weiter.<\/p>\n","protected":false},"excerpt":{"rendered":"<p>&nbsp; F\u00e4lschungen wachsen wie ein Lauffeuer in unserer Gesellschaft, in der Fakten betont werden m\u00fcssen. Phim Sex trung qu\u1ed1c ist da keine Ausnahme. Solche falschen Illusionen gibt es im \u00dcberfluss und die Realit\u00e4t ist weit weg. M\u00f6chten Sie mehr wissen? Lesen Sie den Blog hier, um Informationen dar\u00fcber zu erhalten! M\u00e4nner sind nicht die einzigen, [&hellip;]<\/p>\n","protected":false},"author":1,"featured_media":0,"parent":0,"menu_order":0,"comment_status":"closed","ping_status":"closed","template":"","meta":{"footnotes":""},"class_list":["post-14142","page","type-page","status-publish","hentry"],"yoast_head":"<!-- This site is optimized with the Yoast SEO plugin v27.2 - https:\/\/yoast.com\/product\/yoast-seo-wordpress\/ -->\n<title>Facts to Have Flashlight on Sex Movies und Liste der besten Pornoseiten | PornMate<\/title>\n<meta name=\"robots\" content=\"index, follow, max-snippet:-1, max-image-preview:large, max-video-preview:-1\" \/>\n<link rel=\"canonical\" href=\"https:\/\/pornmate.com\/de\/facts-to-have-flashlight-on-sex-movies\" \/>\n<meta property=\"og:locale\" content=\"de_DE\" \/>\n<meta property=\"og:type\" content=\"article\" \/>\n<meta property=\"og:title\" content=\"Facts to Have Flashlight on Sex Movies und Liste der besten Pornoseiten | PornMate\" \/>\n<meta property=\"og:description\" content=\"&nbsp; F\u00e4lschungen wachsen wie ein Lauffeuer in unserer Gesellschaft, in der Fakten betont werden m\u00fcssen. Phim Sex trung qu\u1ed1c ist da keine Ausnahme. Solche falschen Illusionen gibt es im \u00dcberfluss und die Realit\u00e4t ist weit weg. M\u00f6chten Sie mehr wissen? Lesen Sie den Blog hier, um Informationen dar\u00fcber zu erhalten! M\u00e4nner sind nicht die einzigen, [&hellip;]\" \/>\n<meta property=\"og:url\" content=\"https:\/\/pornmate.com\/de\/facts-to-have-flashlight-on-sex-movies\" \/>\n<meta property=\"og:site_name\" content=\"Besten Pornoseiten - Kostenlose Deutsche Pornos | PornMate.com\" \/>\n<meta property=\"og:image\" content=\"https:\/\/bbbx.net\/wp-content\/uploads\/2022\/09\/anh-sex-cua-gai-xinh-tu-suong-voi-than-hinh-boc-lua-7-1.jpg\" \/>\n<meta name=\"twitter:card\" content=\"summary_large_image\" \/>\n<meta name=\"twitter:label1\" content=\"Gesch\u00e4tzte Lesezeit\" \/>\n\t<meta name=\"twitter:data1\" content=\"3\u00a0Minuten\" \/>\n<script type=\"application\/ld+json\" class=\"yoast-schema-graph\">{\"@context\":\"https:\/\/schema.org\",\"@graph\":[{\"@type\":\"WebPage\",\"@id\":\"https:\/\/pornmate.com\/de\/facts-to-have-flashlight-on-sex-movies\",\"url\":\"https:\/\/pornmate.com\/de\/facts-to-have-flashlight-on-sex-movies\",\"name\":\"Facts to Have Flashlight on Sex Movies und Liste der besten Pornoseiten | PornMate\",\"isPartOf\":{\"@id\":\"https:\/\/pornmate.com\/de\/#website\"},\"primaryImageOfPage\":{\"@id\":\"https:\/\/pornmate.com\/de\/facts-to-have-flashlight-on-sex-movies#primaryimage\"},\"image\":{\"@id\":\"https:\/\/pornmate.com\/de\/facts-to-have-flashlight-on-sex-movies#primaryimage\"},\"thumbnailUrl\":\"https:\/\/pornmate.com\/de\/wp-content\/uploads\/2022\/09\/anh-sex-cua-gai-xinh-tu-suong-voi-than-hinh-boc-lua-7-1-1.jpg\",\"datePublished\":\"2022-09-01T06:40:31+00:00\",\"breadcrumb\":{\"@id\":\"https:\/\/pornmate.com\/de\/facts-to-have-flashlight-on-sex-movies#breadcrumb\"},\"inLanguage\":\"de\",\"potentialAction\":[{\"@type\":\"ReadAction\",\"target\":[\"https:\/\/pornmate.com\/de\/facts-to-have-flashlight-on-sex-movies\"]}]},{\"@type\":\"ImageObject\",\"inLanguage\":\"de\",\"@id\":\"https:\/\/pornmate.com\/de\/facts-to-have-flashlight-on-sex-movies#primaryimage\",\"url\":\"https:\/\/pornmate.com\/de\/wp-content\/uploads\/2022\/09\/anh-sex-cua-gai-xinh-tu-suong-voi-than-hinh-boc-lua-7-1-1.jpg\",\"contentUrl\":\"https:\/\/pornmate.com\/de\/wp-content\/uploads\/2022\/09\/anh-sex-cua-gai-xinh-tu-suong-voi-than-hinh-boc-lua-7-1-1.jpg\",\"width\":480,\"height\":270},{\"@type\":\"BreadcrumbList\",\"@id\":\"https:\/\/pornmate.com\/de\/facts-to-have-flashlight-on-sex-movies#breadcrumb\",\"itemListElement\":[{\"@type\":\"ListItem\",\"position\":1,\"name\":\"Startseite\",\"item\":\"https:\/\/pornmate.com\/de\"},{\"@type\":\"ListItem\",\"position\":2,\"name\":\"Facts to Have Flashlight on Sex Movies\"}]},{\"@type\":\"WebSite\",\"@id\":\"https:\/\/pornmate.com\/de\/#website\",\"url\":\"https:\/\/pornmate.com\/de\/\",\"name\":\"Besten Pornoseiten - Kostenlose Deutsche Pornos | PornMate.com\",\"description\":\"Kostenlose Pornos, ist Ihr Combo-Verzeichnis der besten gratis Pornoseiten, die Sie finden k\u00f6nnen, und das fantastische Seitenbewertungen, Kostenlose Deutsche sex Biografien von Pornostars und ihre xxx Freie Porno videos unter einem Dach pr\u00e4sentiert.\",\"publisher\":{\"@id\":\"https:\/\/pornmate.com\/de\/#organization\"},\"potentialAction\":[{\"@type\":\"SearchAction\",\"target\":{\"@type\":\"EntryPoint\",\"urlTemplate\":\"https:\/\/pornmate.com\/de\/?s={search_term_string}\"},\"query-input\":{\"@type\":\"PropertyValueSpecification\",\"valueRequired\":true,\"valueName\":\"search_term_string\"}}],\"inLanguage\":\"de\"},{\"@type\":\"Organization\",\"@id\":\"https:\/\/pornmate.com\/de\/#organization\",\"name\":\"Besten Pornoseiten - Kostenlose Deutsche Pornos | PornMate.com\",\"url\":\"https:\/\/pornmate.com\/de\/\",\"logo\":{\"@type\":\"ImageObject\",\"inLanguage\":\"de\",\"@id\":\"https:\/\/pornmate.com\/de\/#\/schema\/logo\/image\/\",\"url\":\"https:\/\/pornmate.com\/de\/wp-content\/uploads\/2022\/11\/pornmate-1.png\",\"contentUrl\":\"https:\/\/pornmate.com\/de\/wp-content\/uploads\/2022\/11\/pornmate-1.png\",\"width\":203,\"height\":200,\"caption\":\"Besten Pornoseiten - Kostenlose Deutsche Pornos | PornMate.com\"},\"image\":{\"@id\":\"https:\/\/pornmate.com\/de\/#\/schema\/logo\/image\/\"}}]}<\/script>\n<!-- \/ Yoast SEO plugin. -->","yoast_head_json":{"title":"Facts to Have Flashlight on Sex Movies und Liste der besten Pornoseiten | PornMate","robots":{"index":"index","follow":"follow","max-snippet":"max-snippet:-1","max-image-preview":"max-image-preview:large","max-video-preview":"max-video-preview:-1"},"canonical":"https:\/\/pornmate.com\/de\/facts-to-have-flashlight-on-sex-movies","og_locale":"de_DE","og_type":"article","og_title":"Facts to Have Flashlight on Sex Movies und Liste der besten Pornoseiten | PornMate","og_description":"&nbsp; F\u00e4lschungen wachsen wie ein Lauffeuer in unserer Gesellschaft, in der Fakten betont werden m\u00fcssen. Phim Sex trung qu\u1ed1c ist da keine Ausnahme. Solche falschen Illusionen gibt es im \u00dcberfluss und die Realit\u00e4t ist weit weg. M\u00f6chten Sie mehr wissen? Lesen Sie den Blog hier, um Informationen dar\u00fcber zu erhalten! M\u00e4nner sind nicht die einzigen, [&hellip;]","og_url":"https:\/\/pornmate.com\/de\/facts-to-have-flashlight-on-sex-movies","og_site_name":"Besten Pornoseiten - Kostenlose Deutsche Pornos | PornMate.com","og_image":[{"url":"https:\/\/bbbx.net\/wp-content\/uploads\/2022\/09\/anh-sex-cua-gai-xinh-tu-suong-voi-than-hinh-boc-lua-7-1.jpg","type":"","width":"","height":""}],"twitter_card":"summary_large_image","twitter_misc":{"Gesch\u00e4tzte Lesezeit":"3\u00a0Minuten"},"schema":{"@context":"https:\/\/schema.org","@graph":[{"@type":"WebPage","@id":"https:\/\/pornmate.com\/de\/facts-to-have-flashlight-on-sex-movies","url":"https:\/\/pornmate.com\/de\/facts-to-have-flashlight-on-sex-movies","name":"Facts to Have Flashlight on Sex Movies und Liste der besten Pornoseiten | PornMate","isPartOf":{"@id":"https:\/\/pornmate.com\/de\/#website"},"primaryImageOfPage":{"@id":"https:\/\/pornmate.com\/de\/facts-to-have-flashlight-on-sex-movies#primaryimage"},"image":{"@id":"https:\/\/pornmate.com\/de\/facts-to-have-flashlight-on-sex-movies#primaryimage"},"thumbnailUrl":"https:\/\/pornmate.com\/de\/wp-content\/uploads\/2022\/09\/anh-sex-cua-gai-xinh-tu-suong-voi-than-hinh-boc-lua-7-1-1.jpg","datePublished":"2022-09-01T06:40:31+00:00","breadcrumb":{"@id":"https:\/\/pornmate.com\/de\/facts-to-have-flashlight-on-sex-movies#breadcrumb"},"inLanguage":"de","potentialAction":[{"@type":"ReadAction","target":["https:\/\/pornmate.com\/de\/facts-to-have-flashlight-on-sex-movies"]}]},{"@type":"ImageObject","inLanguage":"de","@id":"https:\/\/pornmate.com\/de\/facts-to-have-flashlight-on-sex-movies#primaryimage","url":"https:\/\/pornmate.com\/de\/wp-content\/uploads\/2022\/09\/anh-sex-cua-gai-xinh-tu-suong-voi-than-hinh-boc-lua-7-1-1.jpg","contentUrl":"https:\/\/pornmate.com\/de\/wp-content\/uploads\/2022\/09\/anh-sex-cua-gai-xinh-tu-suong-voi-than-hinh-boc-lua-7-1-1.jpg","width":480,"height":270},{"@type":"BreadcrumbList","@id":"https:\/\/pornmate.com\/de\/facts-to-have-flashlight-on-sex-movies#breadcrumb","itemListElement":[{"@type":"ListItem","position":1,"name":"Startseite","item":"https:\/\/pornmate.com\/de"},{"@type":"ListItem","position":2,"name":"Facts to Have Flashlight on Sex Movies"}]},{"@type":"WebSite","@id":"https:\/\/pornmate.com\/de\/#website","url":"https:\/\/pornmate.com\/de\/","name":"Besten Pornoseiten - Kostenlose Deutsche Pornos | PornMate.com","description":"Kostenlose Pornos, ist Ihr Combo-Verzeichnis der besten gratis Pornoseiten, die Sie finden k\u00f6nnen, und das fantastische Seitenbewertungen, Kostenlose Deutsche sex Biografien von Pornostars und ihre xxx Freie Porno videos unter einem Dach pr\u00e4sentiert.","publisher":{"@id":"https:\/\/pornmate.com\/de\/#organization"},"potentialAction":[{"@type":"SearchAction","target":{"@type":"EntryPoint","urlTemplate":"https:\/\/pornmate.com\/de\/?s={search_term_string}"},"query-input":{"@type":"PropertyValueSpecification","valueRequired":true,"valueName":"search_term_string"}}],"inLanguage":"de"},{"@type":"Organization","@id":"https:\/\/pornmate.com\/de\/#organization","name":"Besten Pornoseiten - Kostenlose Deutsche Pornos | PornMate.com","url":"https:\/\/pornmate.com\/de\/","logo":{"@type":"ImageObject","inLanguage":"de","@id":"https:\/\/pornmate.com\/de\/#\/schema\/logo\/image\/","url":"https:\/\/pornmate.com\/de\/wp-content\/uploads\/2022\/11\/pornmate-1.png","contentUrl":"https:\/\/pornmate.com\/de\/wp-content\/uploads\/2022\/11\/pornmate-1.png","width":203,"height":200,"caption":"Besten Pornoseiten - Kostenlose Deutsche Pornos | PornMate.com"},"image":{"@id":"https:\/\/pornmate.com\/de\/#\/schema\/logo\/image\/"}}]}},"_links":{"self":[{"href":"https:\/\/pornmate.com\/de\/wp-json\/wp\/v2\/pages\/14142","targetHints":{"allow":["GET"]}}],"collection":[{"href":"https:\/\/pornmate.com\/de\/wp-json\/wp\/v2\/pages"}],"about":[{"href":"https:\/\/pornmate.com\/de\/wp-json\/wp\/v2\/types\/page"}],"author":[{"embeddable":true,"href":"https:\/\/pornmate.com\/de\/wp-json\/wp\/v2\/users\/1"}],"replies":[{"embeddable":true,"href":"https:\/\/pornmate.com\/de\/wp-json\/wp\/v2\/comments?post=14142"}],"version-history":[{"count":0,"href":"https:\/\/pornmate.com\/de\/wp-json\/wp\/v2\/pages\/14142\/revisions"}],"wp:attachment":[{"href":"https:\/\/pornmate.com\/de\/wp-json\/wp\/v2\/media?parent=14142"}],"curies":[{"name":"wp","href":"https:\/\/api.w.org\/{rel}","templated":true}]}}