{"id":14245,"date":"2022-10-12T17:08:00","date_gmt":"2022-10-12T17:08:00","guid":{"rendered":"https:\/\/pornmate.com\/?page_id=14245"},"modified":"2022-10-12T17:08:00","modified_gmt":"2022-10-12T17:08:00","slug":"camsfinder","status":"publish","type":"page","link":"https:\/\/pornmate.com\/de\/camsfinder","title":{"rendered":"CamsFinder"},"content":{"rendered":"<p><img loading=\"lazy\" decoding=\"async\" class=\"aligncenter size-large wp-image-14248\" src=\"https:\/\/pornmate.com\/de\/wp-content\/uploads\/2022\/10\/camsfinder-1-1-1024x493.jpg\" alt=\"\" width=\"1024\" height=\"493\" srcset=\"https:\/\/pornmate.com\/de\/wp-content\/uploads\/2022\/10\/camsfinder-1-1-1024x493.jpg 1024w, https:\/\/pornmate.com\/de\/wp-content\/uploads\/2022\/10\/camsfinder-1-1-300x144.jpg 300w, https:\/\/pornmate.com\/de\/wp-content\/uploads\/2022\/10\/camsfinder-1-1-768x370.jpg 768w, https:\/\/pornmate.com\/de\/wp-content\/uploads\/2022\/10\/camsfinder-1-1.jpg 1383w\" sizes=\"auto, (max-width: 1024px) 100vw, 1024px\" \/><\/p>\n<p>Camsfinder ist eine Plattform, auf der Sie k\u00fcken\u00e4hnlichen K\u00fcken dabei zusehen k\u00f6nnen, wie sie ihre eigene Muschi vor der Kamera fingern. Danach m\u00fcssen Sie nicht st\u00e4ndig Kameraseiten durchsuchen. Denn auf dieser Seite finden Sie, was Sie wollen. Dies ist normalerweise Camsfinder mit den beliebtesten Online-Frauen im Internet. Sie werden alles tun, was Sie wollen. Diese K\u00fcken sind nur hier, um dich zu befriedigen. Und Sie werden derjenige sein, mit dem sie die meiste Zeit bezahlen. Sie erfordern die maximale Menge an Versch\u00f6nerung, wie Sie es tun.<\/p>\n<p>Diese Seite sieht aus wie ein Traum, aber sie ist real. Ein \u00fcber 18-j\u00e4hriges Baby, das wie eine Erdnuss ist, h\u00f6rt dir zu und tut, was du von ihm willst. Die Grenze hier ist nur Ihre Vorstellungskraft. Und nat\u00fcrlich das Guthaben auf Ihrer Bank. Weil Frauen ohne Geld keine Liebe machen. Wenn Sie sexy sind und Ihre Freundin nicht in der N\u00e4he ist oder nicht existiert, bleiben Ihnen nur wenige Alternativen. Ja, Sie werden Erotik sehen. Wir alle neigen jedoch dazu, uns echte Frauen vorzustellen, die echte Orgasmen erleben. Und digitale Kameramodelle geben Ihnen die M\u00f6glichkeit, die ekelhaftesten sexuellen Handlungen live zu erleben.<\/p>\n<p>Sie k\u00f6nnen zu camsfinder.com gehen, um alles zu erfahren, wor\u00fcber wir gesprochen haben. Wenn Sie ein Fan von Associate in Nursing sind, m\u00fcssen wir Ihnen nicht Seiten wie BongaCams, Chaturbate oder LiveJasmin vorstellen. Es gibt viele erotische Camseiten da drau\u00dfen, also bestehen wir auf dir, aber das m\u00fcssen wir nicht. Als Ergebnis haben wir, wo immer wir all die Frauen von diesen Websites entdecken, endlich eine Website, auf der Sie Erfahrungen durchsuchen k\u00f6nnen, die v\u00f6llig anders aussehen, und Sie werden Ihre Zeit nicht auf dieser Website verschwenden. Camsfinder ist hier, um es Ihnen so einfach wie m\u00f6glich zu machen.<\/p>\n<p>Wenn Sie diese Website besuchen, denken Sie vielleicht, dass sie sich nicht von anderen Websites unterscheidet, sie sieht ein bisschen wie jede andere Live-Sex-Streaming-Website aus. Sie werden die Frauen und neuen Kameramodelle zu sch\u00e4tzen wissen, die derzeit online sind. Dies ist normalerweise die Startseite, auf der alles beginnt. W\u00e4hlen Sie die gew\u00fcnschte Linie und sehen Sie sich die Live-\u00dcbertragung an. Aufgrund seines Aussehens ist es jedoch nicht so einfach. Hier bekommt ihr alle Infos zum Model \u2013 verbale Kommunikation, letzte Liveshow, pers\u00f6nliche Daten und Features. Sie sehen auch die Beschreibung und den Zeitplan des M\u00e4dchens.<\/p>\n","protected":false},"excerpt":{"rendered":"<p>Camsfinder ist eine Plattform, auf der Sie k\u00fcken\u00e4hnlichen K\u00fcken dabei zusehen k\u00f6nnen, wie sie ihre eigene Muschi vor der Kamera fingern. Danach m\u00fcssen Sie nicht st\u00e4ndig Kameraseiten durchsuchen. Denn auf dieser Seite finden Sie, was Sie wollen. Dies ist normalerweise Camsfinder mit den beliebtesten Online-Frauen im Internet. Sie werden alles tun, was Sie wollen. Diese [&hellip;]<\/p>\n","protected":false},"author":1,"featured_media":0,"parent":0,"menu_order":0,"comment_status":"closed","ping_status":"closed","template":"","meta":{"footnotes":""},"class_list":["post-14245","page","type-page","status-publish","hentry"],"yoast_head":"<!-- This site is optimized with the Yoast SEO plugin v27.5 - https:\/\/yoast.com\/product\/yoast-seo-wordpress\/ -->\n<title>CamsFinder und Liste der besten Pornoseiten | PornMate<\/title>\n<meta name=\"description\" content=\"Camsfinder ist eine Plattform, auf der Sie k\u00fcken\u00e4hnlichen K\u00fcken dabei zusehen k\u00f6nnen, wie sie ihre eigene Muschi vor der Kamera fingern. Danach m\u00fcssen Sie nicht st\u00e4ndig Kameraseiten durchsuchen. Denn auf dieser Seite finden Sie, was Sie wollen. Dies ist normalerweise Camsfinder mit den beliebtesten Online-Frauen im Internet.\" \/>\n<meta name=\"robots\" content=\"index, follow, max-snippet:-1, max-image-preview:large, max-video-preview:-1\" \/>\n<link rel=\"canonical\" href=\"https:\/\/pornmate.com\/de\/camsfinder\" \/>\n<meta property=\"og:locale\" content=\"de_DE\" \/>\n<meta property=\"og:type\" content=\"article\" \/>\n<meta property=\"og:title\" content=\"CamsFinder und Liste der besten Pornoseiten | PornMate\" \/>\n<meta property=\"og:description\" content=\"Camsfinder ist eine Plattform, auf der Sie k\u00fcken\u00e4hnlichen K\u00fcken dabei zusehen k\u00f6nnen, wie sie ihre eigene Muschi vor der Kamera fingern. Danach m\u00fcssen Sie nicht st\u00e4ndig Kameraseiten durchsuchen. Denn auf dieser Seite finden Sie, was Sie wollen. Dies ist normalerweise Camsfinder mit den beliebtesten Online-Frauen im Internet.\" \/>\n<meta property=\"og:url\" content=\"https:\/\/pornmate.com\/de\/camsfinder\" \/>\n<meta property=\"og:site_name\" content=\"Besten Pornoseiten - Kostenlose Deutsche Pornos | PornMate.com\" \/>\n<meta property=\"og:image\" content=\"https:\/\/bbbx.net\/wp-content\/uploads\/2022\/10\/camsfinder-1-1024x493.jpg\" \/>\n<meta name=\"twitter:card\" content=\"summary_large_image\" \/>\n<meta name=\"twitter:label1\" content=\"Gesch\u00e4tzte Lesezeit\" \/>\n\t<meta name=\"twitter:data1\" content=\"3\u00a0Minuten\" \/>\n<script type=\"application\/ld+json\" class=\"yoast-schema-graph\">{\"@context\":\"https:\\\/\\\/schema.org\",\"@graph\":[{\"@type\":\"WebPage\",\"@id\":\"https:\\\/\\\/pornmate.com\\\/de\\\/camsfinder\",\"url\":\"https:\\\/\\\/pornmate.com\\\/de\\\/camsfinder\",\"name\":\"CamsFinder und Liste der besten Pornoseiten | PornMate\",\"isPartOf\":{\"@id\":\"https:\\\/\\\/pornmate.com\\\/de\\\/#website\"},\"primaryImageOfPage\":{\"@id\":\"https:\\\/\\\/pornmate.com\\\/de\\\/camsfinder#primaryimage\"},\"image\":{\"@id\":\"https:\\\/\\\/pornmate.com\\\/de\\\/camsfinder#primaryimage\"},\"thumbnailUrl\":\"https:\\\/\\\/pornmate.com\\\/de\\\/wp-content\\\/uploads\\\/2022\\\/10\\\/camsfinder-1-1-1024x493.jpg\",\"datePublished\":\"2022-10-12T17:08:00+00:00\",\"description\":\"Camsfinder ist eine Plattform, auf der Sie k\u00fcken\u00e4hnlichen K\u00fcken dabei zusehen k\u00f6nnen, wie sie ihre eigene Muschi vor der Kamera fingern. Danach m\u00fcssen Sie nicht st\u00e4ndig Kameraseiten durchsuchen. Denn auf dieser Seite finden Sie, was Sie wollen. Dies ist normalerweise Camsfinder mit den beliebtesten Online-Frauen im Internet.\",\"breadcrumb\":{\"@id\":\"https:\\\/\\\/pornmate.com\\\/de\\\/camsfinder#breadcrumb\"},\"inLanguage\":\"de\",\"potentialAction\":[{\"@type\":\"ReadAction\",\"target\":[\"https:\\\/\\\/pornmate.com\\\/de\\\/camsfinder\"]}]},{\"@type\":\"ImageObject\",\"inLanguage\":\"de\",\"@id\":\"https:\\\/\\\/pornmate.com\\\/de\\\/camsfinder#primaryimage\",\"url\":\"https:\\\/\\\/pornmate.com\\\/de\\\/wp-content\\\/uploads\\\/2022\\\/10\\\/camsfinder-1-1.jpg\",\"contentUrl\":\"https:\\\/\\\/pornmate.com\\\/de\\\/wp-content\\\/uploads\\\/2022\\\/10\\\/camsfinder-1-1.jpg\",\"width\":1383,\"height\":666},{\"@type\":\"BreadcrumbList\",\"@id\":\"https:\\\/\\\/pornmate.com\\\/de\\\/camsfinder#breadcrumb\",\"itemListElement\":[{\"@type\":\"ListItem\",\"position\":1,\"name\":\"Startseite\",\"item\":\"https:\\\/\\\/pornmate.com\\\/de\"},{\"@type\":\"ListItem\",\"position\":2,\"name\":\"CamsFinder\"}]},{\"@type\":\"WebSite\",\"@id\":\"https:\\\/\\\/pornmate.com\\\/de\\\/#website\",\"url\":\"https:\\\/\\\/pornmate.com\\\/de\\\/\",\"name\":\"Besten Pornoseiten - Kostenlose Deutsche Pornos | PornMate.com\",\"description\":\"Kostenlose Pornos, ist Ihr Combo-Verzeichnis der besten gratis Pornoseiten, die Sie finden k\u00f6nnen, und das fantastische Seitenbewertungen, Kostenlose Deutsche sex Biografien von Pornostars und ihre xxx Freie Porno videos unter einem Dach pr\u00e4sentiert.\",\"publisher\":{\"@id\":\"https:\\\/\\\/pornmate.com\\\/de\\\/#organization\"},\"potentialAction\":[{\"@type\":\"SearchAction\",\"target\":{\"@type\":\"EntryPoint\",\"urlTemplate\":\"https:\\\/\\\/pornmate.com\\\/de\\\/?s={search_term_string}\"},\"query-input\":{\"@type\":\"PropertyValueSpecification\",\"valueRequired\":true,\"valueName\":\"search_term_string\"}}],\"inLanguage\":\"de\"},{\"@type\":\"Organization\",\"@id\":\"https:\\\/\\\/pornmate.com\\\/de\\\/#organization\",\"name\":\"Besten Pornoseiten - Kostenlose Deutsche Pornos | PornMate.com\",\"url\":\"https:\\\/\\\/pornmate.com\\\/de\\\/\",\"logo\":{\"@type\":\"ImageObject\",\"inLanguage\":\"de\",\"@id\":\"https:\\\/\\\/pornmate.com\\\/de\\\/#\\\/schema\\\/logo\\\/image\\\/\",\"url\":\"https:\\\/\\\/pornmate.com\\\/de\\\/wp-content\\\/uploads\\\/2022\\\/11\\\/pornmate-1.png\",\"contentUrl\":\"https:\\\/\\\/pornmate.com\\\/de\\\/wp-content\\\/uploads\\\/2022\\\/11\\\/pornmate-1.png\",\"width\":203,\"height\":200,\"caption\":\"Besten Pornoseiten - Kostenlose Deutsche Pornos | PornMate.com\"},\"image\":{\"@id\":\"https:\\\/\\\/pornmate.com\\\/de\\\/#\\\/schema\\\/logo\\\/image\\\/\"}}]}<\/script>\n<!-- \/ Yoast SEO plugin. -->","yoast_head_json":{"title":"CamsFinder und Liste der besten Pornoseiten | PornMate","description":"Camsfinder ist eine Plattform, auf der Sie k\u00fcken\u00e4hnlichen K\u00fcken dabei zusehen k\u00f6nnen, wie sie ihre eigene Muschi vor der Kamera fingern. Danach m\u00fcssen Sie nicht st\u00e4ndig Kameraseiten durchsuchen. Denn auf dieser Seite finden Sie, was Sie wollen. Dies ist normalerweise Camsfinder mit den beliebtesten Online-Frauen im Internet.","robots":{"index":"index","follow":"follow","max-snippet":"max-snippet:-1","max-image-preview":"max-image-preview:large","max-video-preview":"max-video-preview:-1"},"canonical":"https:\/\/pornmate.com\/de\/camsfinder","og_locale":"de_DE","og_type":"article","og_title":"CamsFinder und Liste der besten Pornoseiten | PornMate","og_description":"Camsfinder ist eine Plattform, auf der Sie k\u00fcken\u00e4hnlichen K\u00fcken dabei zusehen k\u00f6nnen, wie sie ihre eigene Muschi vor der Kamera fingern. Danach m\u00fcssen Sie nicht st\u00e4ndig Kameraseiten durchsuchen. Denn auf dieser Seite finden Sie, was Sie wollen. Dies ist normalerweise Camsfinder mit den beliebtesten Online-Frauen im Internet.","og_url":"https:\/\/pornmate.com\/de\/camsfinder","og_site_name":"Besten Pornoseiten - Kostenlose Deutsche Pornos | PornMate.com","og_image":[{"url":"https:\/\/bbbx.net\/wp-content\/uploads\/2022\/10\/camsfinder-1-1024x493.jpg","type":"","width":"","height":""}],"twitter_card":"summary_large_image","twitter_misc":{"Gesch\u00e4tzte Lesezeit":"3\u00a0Minuten"},"schema":{"@context":"https:\/\/schema.org","@graph":[{"@type":"WebPage","@id":"https:\/\/pornmate.com\/de\/camsfinder","url":"https:\/\/pornmate.com\/de\/camsfinder","name":"CamsFinder und Liste der besten Pornoseiten | PornMate","isPartOf":{"@id":"https:\/\/pornmate.com\/de\/#website"},"primaryImageOfPage":{"@id":"https:\/\/pornmate.com\/de\/camsfinder#primaryimage"},"image":{"@id":"https:\/\/pornmate.com\/de\/camsfinder#primaryimage"},"thumbnailUrl":"https:\/\/pornmate.com\/de\/wp-content\/uploads\/2022\/10\/camsfinder-1-1-1024x493.jpg","datePublished":"2022-10-12T17:08:00+00:00","description":"Camsfinder ist eine Plattform, auf der Sie k\u00fcken\u00e4hnlichen K\u00fcken dabei zusehen k\u00f6nnen, wie sie ihre eigene Muschi vor der Kamera fingern. Danach m\u00fcssen Sie nicht st\u00e4ndig Kameraseiten durchsuchen. Denn auf dieser Seite finden Sie, was Sie wollen. Dies ist normalerweise Camsfinder mit den beliebtesten Online-Frauen im Internet.","breadcrumb":{"@id":"https:\/\/pornmate.com\/de\/camsfinder#breadcrumb"},"inLanguage":"de","potentialAction":[{"@type":"ReadAction","target":["https:\/\/pornmate.com\/de\/camsfinder"]}]},{"@type":"ImageObject","inLanguage":"de","@id":"https:\/\/pornmate.com\/de\/camsfinder#primaryimage","url":"https:\/\/pornmate.com\/de\/wp-content\/uploads\/2022\/10\/camsfinder-1-1.jpg","contentUrl":"https:\/\/pornmate.com\/de\/wp-content\/uploads\/2022\/10\/camsfinder-1-1.jpg","width":1383,"height":666},{"@type":"BreadcrumbList","@id":"https:\/\/pornmate.com\/de\/camsfinder#breadcrumb","itemListElement":[{"@type":"ListItem","position":1,"name":"Startseite","item":"https:\/\/pornmate.com\/de"},{"@type":"ListItem","position":2,"name":"CamsFinder"}]},{"@type":"WebSite","@id":"https:\/\/pornmate.com\/de\/#website","url":"https:\/\/pornmate.com\/de\/","name":"Besten Pornoseiten - Kostenlose Deutsche Pornos | PornMate.com","description":"Kostenlose Pornos, ist Ihr Combo-Verzeichnis der besten gratis Pornoseiten, die Sie finden k\u00f6nnen, und das fantastische Seitenbewertungen, Kostenlose Deutsche sex Biografien von Pornostars und ihre xxx Freie Porno videos unter einem Dach pr\u00e4sentiert.","publisher":{"@id":"https:\/\/pornmate.com\/de\/#organization"},"potentialAction":[{"@type":"SearchAction","target":{"@type":"EntryPoint","urlTemplate":"https:\/\/pornmate.com\/de\/?s={search_term_string}"},"query-input":{"@type":"PropertyValueSpecification","valueRequired":true,"valueName":"search_term_string"}}],"inLanguage":"de"},{"@type":"Organization","@id":"https:\/\/pornmate.com\/de\/#organization","name":"Besten Pornoseiten - Kostenlose Deutsche Pornos | PornMate.com","url":"https:\/\/pornmate.com\/de\/","logo":{"@type":"ImageObject","inLanguage":"de","@id":"https:\/\/pornmate.com\/de\/#\/schema\/logo\/image\/","url":"https:\/\/pornmate.com\/de\/wp-content\/uploads\/2022\/11\/pornmate-1.png","contentUrl":"https:\/\/pornmate.com\/de\/wp-content\/uploads\/2022\/11\/pornmate-1.png","width":203,"height":200,"caption":"Besten Pornoseiten - Kostenlose Deutsche Pornos | PornMate.com"},"image":{"@id":"https:\/\/pornmate.com\/de\/#\/schema\/logo\/image\/"}}]}},"_links":{"self":[{"href":"https:\/\/pornmate.com\/de\/wp-json\/wp\/v2\/pages\/14245","targetHints":{"allow":["GET"]}}],"collection":[{"href":"https:\/\/pornmate.com\/de\/wp-json\/wp\/v2\/pages"}],"about":[{"href":"https:\/\/pornmate.com\/de\/wp-json\/wp\/v2\/types\/page"}],"author":[{"embeddable":true,"href":"https:\/\/pornmate.com\/de\/wp-json\/wp\/v2\/users\/1"}],"replies":[{"embeddable":true,"href":"https:\/\/pornmate.com\/de\/wp-json\/wp\/v2\/comments?post=14245"}],"version-history":[{"count":0,"href":"https:\/\/pornmate.com\/de\/wp-json\/wp\/v2\/pages\/14245\/revisions"}],"wp:attachment":[{"href":"https:\/\/pornmate.com\/de\/wp-json\/wp\/v2\/media?parent=14245"}],"curies":[{"name":"wp","href":"https:\/\/api.w.org\/{rel}","templated":true}]}}