{"id":14246,"date":"2022-10-12T17:15:01","date_gmt":"2022-10-12T17:15:01","guid":{"rendered":"https:\/\/pornmate.com\/?page_id=14246"},"modified":"2022-12-01T15:01:45","modified_gmt":"2022-12-01T14:01:45","slug":"jerkmate","status":"publish","type":"page","link":"https:\/\/pornmate.com\/de\/jerkmate","title":{"rendered":"JerkMate"},"content":{"rendered":"<p><img decoding=\"async\" class=\"aligncenter size-large wp-image-14250\" src=\"https:\/\/pornmate.com\/de\/wp-content\/uploads\/2022\/10\/jerkmate-1-1-1024x559.jpg\" alt=\"\" width=\"1024\" height=\"559\" srcset=\"https:\/\/pornmate.com\/de\/wp-content\/uploads\/2022\/10\/jerkmate-1-1-1024x559.jpg 1024w, https:\/\/pornmate.com\/de\/wp-content\/uploads\/2022\/10\/jerkmate-1-1-300x164.jpg 300w, https:\/\/pornmate.com\/de\/wp-content\/uploads\/2022\/10\/jerkmate-1-1-768x419.jpg 768w, https:\/\/pornmate.com\/de\/wp-content\/uploads\/2022\/10\/jerkmate-1-1-1536x838.jpg 1536w, https:\/\/pornmate.com\/de\/wp-content\/uploads\/2022\/10\/jerkmate-1-1-2048x1118.jpg 2048w\" sizes=\"(max-width: 1024px) 100vw, 1024px\" \/><\/p>\n<p>Jerkmate ist eine 2019 gegr\u00fcndete Plattform, die den Zugriff auf Webcams von weibischen, m\u00e4nnlichen, Trans- und Paarmodels erm\u00f6glicht, um mit ihnen zu interagieren und private \u00f6ffentliche Shows anzusehen.<br \/>\nDie Seite hat mit ihren und ihren Modellen einen hervorragenden Ruf.<br \/>\nDie Website verf\u00fcgt \u00fcber Tausende von Modellen, von denen zahlreiche zu einem bestimmten Zeitpunkt aktiv sind.<br \/>\nModels werden wie auf einer Website f\u00fcr Erwachsene nach farbenfrohen Kriterien wie Geschlecht, Zeit, Aussehen und impliziten Fetischen verteilt.<br \/>\nDie Navigation ist dank der zahlreichen Schl\u00fcsselw\u00f6rter, die Ihre Suche verbessern, einfach.<br \/>\nJerkmate ist vollgestopft mit coolen Features, etwas f\u00fcr jeden Geschmack und Account.<br \/>\nDennoch m\u00fcssen die meisten Dienste unter GOLD, ihrer virtuellen W\u00e4hrung, oder direkt mit bezahlt werden<br \/>\nDie Seite bietet ihren Benutzern freien Zugang zu all ihren Modellen, solange sie sich nicht in einem Gruppen- oder Privatchat befinden.<br \/>\nW\u00e4hrend \u00f6ffentlicher \u00dcbertragungen k\u00f6nnen Sie an Model-Chats teilnehmen. Sie k\u00f6nnen die einzelnen Seiten jedes Modells anzeigen und haben tats\u00e4chlich Zugriff auf einige ihrer Bilder.<br \/>\nAuch wenn es sich nicht nach viel anf\u00fchlt, ist es gut, die Modelle zu sehen, bevor Sie eine Andacht machen<br \/>\nDer Premium-Account bietet zahlreiche M\u00f6glichkeiten.<br \/>\nSie werden in der Lage sein, die Modelle direkt per privater Nachrichten\u00fcbermittlung und gemeinsamem oder Garten-Chat zu kommunizieren.<br \/>\nSie haben Zugriff auf die Funktionen der Privatshow, mit Model oder in der Gruppe.<br \/>\nEinige Models haben Foto- und Videoordner, die f\u00fcr eine begrenzte Zeit auf dem Video-on-Demand-Modell des Models entkorkt werden k\u00f6nnen.<br \/>\nDas Fanclub-Abonnement erweitert das Erlebnis mit Inhalten und Stammdaten Ihres Lieblingsmodells gegen eine Geb\u00fchr<\/p>\n<p><a href=\"https:\/\/jerkmate.com\/\">JERKMATE<\/a><\/p>\n","protected":false},"excerpt":{"rendered":"<p>Jerkmate ist eine 2019 gegr\u00fcndete Plattform, die den Zugriff auf Webcams von weibischen, m\u00e4nnlichen, Trans- und Paarmodels erm\u00f6glicht, um mit ihnen zu interagieren und private \u00f6ffentliche Shows anzusehen. Die Seite hat mit ihren und ihren Modellen einen hervorragenden Ruf. Die Website verf\u00fcgt \u00fcber Tausende von Modellen, von denen zahlreiche zu einem bestimmten Zeitpunkt aktiv sind. [&hellip;]<\/p>\n","protected":false},"author":1,"featured_media":0,"parent":0,"menu_order":0,"comment_status":"closed","ping_status":"closed","template":"","meta":{"footnotes":""},"class_list":["post-14246","page","type-page","status-publish","hentry"],"yoast_head":"<!-- This site is optimized with the Yoast SEO plugin v27.2 - https:\/\/yoast.com\/product\/yoast-seo-wordpress\/ -->\n<title>JerkMate und Liste der besten Pornoseiten | PornMate<\/title>\n<meta name=\"description\" content=\"Jerkmate ist eine 2019 gegr\u00fcndete Plattform, die den Zugriff auf Webcams von weibischen, m\u00e4nnlichen, Trans- und Paarmodels erm\u00f6glicht, um mit ihnen zu interagieren und private \u00f6ffentliche Shows anzusehen.Die Seite hat mit ihren und ihren Modellen einen hervorragenden Ruf.\" \/>\n<meta name=\"robots\" content=\"index, follow, max-snippet:-1, max-image-preview:large, max-video-preview:-1\" \/>\n<link rel=\"canonical\" href=\"https:\/\/pornmate.com\/de\/jerkmate\" \/>\n<meta property=\"og:locale\" content=\"de_DE\" \/>\n<meta property=\"og:type\" content=\"article\" \/>\n<meta property=\"og:title\" content=\"JerkMate und Liste der besten Pornoseiten | PornMate\" \/>\n<meta property=\"og:description\" content=\"Jerkmate ist eine 2019 gegr\u00fcndete Plattform, die den Zugriff auf Webcams von weibischen, m\u00e4nnlichen, Trans- und Paarmodels erm\u00f6glicht, um mit ihnen zu interagieren und private \u00f6ffentliche Shows anzusehen.Die Seite hat mit ihren und ihren Modellen einen hervorragenden Ruf.\" \/>\n<meta property=\"og:url\" content=\"https:\/\/pornmate.com\/de\/jerkmate\" \/>\n<meta property=\"og:site_name\" content=\"Besten Pornoseiten - Kostenlose Deutsche Pornos | PornMate.com\" \/>\n<meta property=\"article:modified_time\" content=\"2022-12-01T14:01:45+00:00\" \/>\n<meta property=\"og:image\" content=\"https:\/\/pornmate.com\/de\/wp-content\/uploads\/2022\/10\/jerkmate-1-1-1024x559.jpg\" \/>\n<meta name=\"twitter:card\" content=\"summary_large_image\" \/>\n<meta name=\"twitter:label1\" content=\"Gesch\u00e4tzte Lesezeit\" \/>\n\t<meta name=\"twitter:data1\" content=\"2\u00a0Minuten\" \/>\n<script type=\"application\/ld+json\" class=\"yoast-schema-graph\">{\"@context\":\"https:\/\/schema.org\",\"@graph\":[{\"@type\":\"WebPage\",\"@id\":\"https:\/\/pornmate.com\/de\/jerkmate\",\"url\":\"https:\/\/pornmate.com\/de\/jerkmate\",\"name\":\"JerkMate und Liste der besten Pornoseiten | PornMate\",\"isPartOf\":{\"@id\":\"https:\/\/pornmate.com\/de\/#website\"},\"primaryImageOfPage\":{\"@id\":\"https:\/\/pornmate.com\/de\/jerkmate#primaryimage\"},\"image\":{\"@id\":\"https:\/\/pornmate.com\/de\/jerkmate#primaryimage\"},\"thumbnailUrl\":\"https:\/\/pornmate.com\/de\/wp-content\/uploads\/2022\/10\/jerkmate-1-1-1024x559.jpg\",\"datePublished\":\"2022-10-12T17:15:01+00:00\",\"dateModified\":\"2022-12-01T14:01:45+00:00\",\"description\":\"Jerkmate ist eine 2019 gegr\u00fcndete Plattform, die den Zugriff auf Webcams von weibischen, m\u00e4nnlichen, Trans- und Paarmodels erm\u00f6glicht, um mit ihnen zu interagieren und private \u00f6ffentliche Shows anzusehen.Die Seite hat mit ihren und ihren Modellen einen hervorragenden Ruf.\",\"breadcrumb\":{\"@id\":\"https:\/\/pornmate.com\/de\/jerkmate#breadcrumb\"},\"inLanguage\":\"de\",\"potentialAction\":[{\"@type\":\"ReadAction\",\"target\":[\"https:\/\/pornmate.com\/de\/jerkmate\"]}]},{\"@type\":\"ImageObject\",\"inLanguage\":\"de\",\"@id\":\"https:\/\/pornmate.com\/de\/jerkmate#primaryimage\",\"url\":\"https:\/\/pornmate.com\/de\/wp-content\/uploads\/2022\/10\/jerkmate-1-1.jpg\",\"contentUrl\":\"https:\/\/pornmate.com\/de\/wp-content\/uploads\/2022\/10\/jerkmate-1-1.jpg\",\"width\":2492,\"height\":1360},{\"@type\":\"BreadcrumbList\",\"@id\":\"https:\/\/pornmate.com\/de\/jerkmate#breadcrumb\",\"itemListElement\":[{\"@type\":\"ListItem\",\"position\":1,\"name\":\"Startseite\",\"item\":\"https:\/\/pornmate.com\/de\"},{\"@type\":\"ListItem\",\"position\":2,\"name\":\"JerkMate\"}]},{\"@type\":\"WebSite\",\"@id\":\"https:\/\/pornmate.com\/de\/#website\",\"url\":\"https:\/\/pornmate.com\/de\/\",\"name\":\"Besten Pornoseiten - Kostenlose Deutsche Pornos | PornMate.com\",\"description\":\"Kostenlose Pornos, ist Ihr Combo-Verzeichnis der besten gratis Pornoseiten, die Sie finden k\u00f6nnen, und das fantastische Seitenbewertungen, Kostenlose Deutsche sex Biografien von Pornostars und ihre xxx Freie Porno videos unter einem Dach pr\u00e4sentiert.\",\"publisher\":{\"@id\":\"https:\/\/pornmate.com\/de\/#organization\"},\"potentialAction\":[{\"@type\":\"SearchAction\",\"target\":{\"@type\":\"EntryPoint\",\"urlTemplate\":\"https:\/\/pornmate.com\/de\/?s={search_term_string}\"},\"query-input\":{\"@type\":\"PropertyValueSpecification\",\"valueRequired\":true,\"valueName\":\"search_term_string\"}}],\"inLanguage\":\"de\"},{\"@type\":\"Organization\",\"@id\":\"https:\/\/pornmate.com\/de\/#organization\",\"name\":\"Besten Pornoseiten - Kostenlose Deutsche Pornos | PornMate.com\",\"url\":\"https:\/\/pornmate.com\/de\/\",\"logo\":{\"@type\":\"ImageObject\",\"inLanguage\":\"de\",\"@id\":\"https:\/\/pornmate.com\/de\/#\/schema\/logo\/image\/\",\"url\":\"https:\/\/pornmate.com\/de\/wp-content\/uploads\/2022\/11\/pornmate-1.png\",\"contentUrl\":\"https:\/\/pornmate.com\/de\/wp-content\/uploads\/2022\/11\/pornmate-1.png\",\"width\":203,\"height\":200,\"caption\":\"Besten Pornoseiten - Kostenlose Deutsche Pornos | PornMate.com\"},\"image\":{\"@id\":\"https:\/\/pornmate.com\/de\/#\/schema\/logo\/image\/\"}}]}<\/script>\n<!-- \/ Yoast SEO plugin. -->","yoast_head_json":{"title":"JerkMate und Liste der besten Pornoseiten | PornMate","description":"Jerkmate ist eine 2019 gegr\u00fcndete Plattform, die den Zugriff auf Webcams von weibischen, m\u00e4nnlichen, Trans- und Paarmodels erm\u00f6glicht, um mit ihnen zu interagieren und private \u00f6ffentliche Shows anzusehen.Die Seite hat mit ihren und ihren Modellen einen hervorragenden Ruf.","robots":{"index":"index","follow":"follow","max-snippet":"max-snippet:-1","max-image-preview":"max-image-preview:large","max-video-preview":"max-video-preview:-1"},"canonical":"https:\/\/pornmate.com\/de\/jerkmate","og_locale":"de_DE","og_type":"article","og_title":"JerkMate und Liste der besten Pornoseiten | PornMate","og_description":"Jerkmate ist eine 2019 gegr\u00fcndete Plattform, die den Zugriff auf Webcams von weibischen, m\u00e4nnlichen, Trans- und Paarmodels erm\u00f6glicht, um mit ihnen zu interagieren und private \u00f6ffentliche Shows anzusehen.Die Seite hat mit ihren und ihren Modellen einen hervorragenden Ruf.","og_url":"https:\/\/pornmate.com\/de\/jerkmate","og_site_name":"Besten Pornoseiten - Kostenlose Deutsche Pornos | PornMate.com","article_modified_time":"2022-12-01T14:01:45+00:00","og_image":[{"url":"https:\/\/pornmate.com\/de\/wp-content\/uploads\/2022\/10\/jerkmate-1-1-1024x559.jpg","type":"","width":"","height":""}],"twitter_card":"summary_large_image","twitter_misc":{"Gesch\u00e4tzte Lesezeit":"2\u00a0Minuten"},"schema":{"@context":"https:\/\/schema.org","@graph":[{"@type":"WebPage","@id":"https:\/\/pornmate.com\/de\/jerkmate","url":"https:\/\/pornmate.com\/de\/jerkmate","name":"JerkMate und Liste der besten Pornoseiten | PornMate","isPartOf":{"@id":"https:\/\/pornmate.com\/de\/#website"},"primaryImageOfPage":{"@id":"https:\/\/pornmate.com\/de\/jerkmate#primaryimage"},"image":{"@id":"https:\/\/pornmate.com\/de\/jerkmate#primaryimage"},"thumbnailUrl":"https:\/\/pornmate.com\/de\/wp-content\/uploads\/2022\/10\/jerkmate-1-1-1024x559.jpg","datePublished":"2022-10-12T17:15:01+00:00","dateModified":"2022-12-01T14:01:45+00:00","description":"Jerkmate ist eine 2019 gegr\u00fcndete Plattform, die den Zugriff auf Webcams von weibischen, m\u00e4nnlichen, Trans- und Paarmodels erm\u00f6glicht, um mit ihnen zu interagieren und private \u00f6ffentliche Shows anzusehen.Die Seite hat mit ihren und ihren Modellen einen hervorragenden Ruf.","breadcrumb":{"@id":"https:\/\/pornmate.com\/de\/jerkmate#breadcrumb"},"inLanguage":"de","potentialAction":[{"@type":"ReadAction","target":["https:\/\/pornmate.com\/de\/jerkmate"]}]},{"@type":"ImageObject","inLanguage":"de","@id":"https:\/\/pornmate.com\/de\/jerkmate#primaryimage","url":"https:\/\/pornmate.com\/de\/wp-content\/uploads\/2022\/10\/jerkmate-1-1.jpg","contentUrl":"https:\/\/pornmate.com\/de\/wp-content\/uploads\/2022\/10\/jerkmate-1-1.jpg","width":2492,"height":1360},{"@type":"BreadcrumbList","@id":"https:\/\/pornmate.com\/de\/jerkmate#breadcrumb","itemListElement":[{"@type":"ListItem","position":1,"name":"Startseite","item":"https:\/\/pornmate.com\/de"},{"@type":"ListItem","position":2,"name":"JerkMate"}]},{"@type":"WebSite","@id":"https:\/\/pornmate.com\/de\/#website","url":"https:\/\/pornmate.com\/de\/","name":"Besten Pornoseiten - Kostenlose Deutsche Pornos | PornMate.com","description":"Kostenlose Pornos, ist Ihr Combo-Verzeichnis der besten gratis Pornoseiten, die Sie finden k\u00f6nnen, und das fantastische Seitenbewertungen, Kostenlose Deutsche sex Biografien von Pornostars und ihre xxx Freie Porno videos unter einem Dach pr\u00e4sentiert.","publisher":{"@id":"https:\/\/pornmate.com\/de\/#organization"},"potentialAction":[{"@type":"SearchAction","target":{"@type":"EntryPoint","urlTemplate":"https:\/\/pornmate.com\/de\/?s={search_term_string}"},"query-input":{"@type":"PropertyValueSpecification","valueRequired":true,"valueName":"search_term_string"}}],"inLanguage":"de"},{"@type":"Organization","@id":"https:\/\/pornmate.com\/de\/#organization","name":"Besten Pornoseiten - Kostenlose Deutsche Pornos | PornMate.com","url":"https:\/\/pornmate.com\/de\/","logo":{"@type":"ImageObject","inLanguage":"de","@id":"https:\/\/pornmate.com\/de\/#\/schema\/logo\/image\/","url":"https:\/\/pornmate.com\/de\/wp-content\/uploads\/2022\/11\/pornmate-1.png","contentUrl":"https:\/\/pornmate.com\/de\/wp-content\/uploads\/2022\/11\/pornmate-1.png","width":203,"height":200,"caption":"Besten Pornoseiten - Kostenlose Deutsche Pornos | PornMate.com"},"image":{"@id":"https:\/\/pornmate.com\/de\/#\/schema\/logo\/image\/"}}]}},"_links":{"self":[{"href":"https:\/\/pornmate.com\/de\/wp-json\/wp\/v2\/pages\/14246","targetHints":{"allow":["GET"]}}],"collection":[{"href":"https:\/\/pornmate.com\/de\/wp-json\/wp\/v2\/pages"}],"about":[{"href":"https:\/\/pornmate.com\/de\/wp-json\/wp\/v2\/types\/page"}],"author":[{"embeddable":true,"href":"https:\/\/pornmate.com\/de\/wp-json\/wp\/v2\/users\/1"}],"replies":[{"embeddable":true,"href":"https:\/\/pornmate.com\/de\/wp-json\/wp\/v2\/comments?post=14246"}],"version-history":[{"count":0,"href":"https:\/\/pornmate.com\/de\/wp-json\/wp\/v2\/pages\/14246\/revisions"}],"wp:attachment":[{"href":"https:\/\/pornmate.com\/de\/wp-json\/wp\/v2\/media?parent=14246"}],"curies":[{"name":"wp","href":"https:\/\/api.w.org\/{rel}","templated":true}]}}