{"id":14252,"date":"2022-10-12T17:18:22","date_gmt":"2022-10-12T17:18:22","guid":{"rendered":"https:\/\/pornmate.com\/?page_id=14252"},"modified":"2022-10-12T17:18:22","modified_gmt":"2022-10-12T17:18:22","slug":"slutroulette","status":"publish","type":"page","link":"https:\/\/pornmate.com\/de\/slutroulette","title":{"rendered":"SlutRoulette"},"content":{"rendered":"<p><img loading=\"lazy\" decoding=\"async\" class=\"aligncenter size-large wp-image-14253\" src=\"https:\/\/pornmate.com\/de\/wp-content\/uploads\/2022\/10\/SlutRoulette-1-1-1024x497.jpg\" alt=\"\" width=\"1024\" height=\"497\" srcset=\"https:\/\/pornmate.com\/de\/wp-content\/uploads\/2022\/10\/SlutRoulette-1-1-1024x497.jpg 1024w, https:\/\/pornmate.com\/de\/wp-content\/uploads\/2022\/10\/SlutRoulette-1-1-300x146.jpg 300w, https:\/\/pornmate.com\/de\/wp-content\/uploads\/2022\/10\/SlutRoulette-1-1-768x373.jpg 768w, https:\/\/pornmate.com\/de\/wp-content\/uploads\/2022\/10\/SlutRoulette-1-1-1536x746.jpg 1536w, https:\/\/pornmate.com\/de\/wp-content\/uploads\/2022\/10\/SlutRoulette-1-1.jpg 2048w\" sizes=\"auto, (max-width: 1024px) 100vw, 1024px\" \/><\/p>\n<p><u><a href=\"https:\/\/www.slutroulette.com\/\">Slutroulette <\/a><\/u>ist eine beliebte Sex-Chat-Site f\u00fcr Erwachsene, die seit vielen Jahren auf dem Markt ist. Sie k\u00f6nnen jederzeit eintreten und sicher sein, dass SlutRoulette voller ungezogener M\u00e4dchen ist, die bereit sind, alle Ihre Bed\u00fcrfnisse zu erf\u00fcllen. Sie werden immer sicher sein, M\u00e4dchen zu finden, deren Webcam Sie einschalten. Dar\u00fcber hinaus treffen Sie auf SlutRoulette.com andere Perverse aus der ganzen Welt mit einer breiten Palette von Absichten und Aufregung, die bereit sind zu explodieren. Sehen wir uns einige seiner Vor- und Nachteile an. SlutRoulette.com ist f\u00fcr M\u00e4nner gedacht, um haupts\u00e4chlich sehr hei\u00dfe M\u00e4dchen zu sehen. Ihr Name ist &#8222;Slut&#8220; und &#8222;Roulette&#8220; bedeutet &#8222;Storch&#8220; von &#8222;Slut&#8220;, was bedeutet, egal wie die Dinge laufen: Sie werden immer echte Schlampen treffen.<\/p>\n<p>Also auch wenn du im echten Leben Pech hast, hier wird es dir nicht schwer fallen, eine hei\u00dfe Frau zu finden, die dich mit Sex zu einem guten Preis unterh\u00e4lt. Besucher k\u00f6nnen zwischen Titeln w\u00e4hlen: MILF, Lesben, Transgender, gro\u00dfe Br\u00fcste&#8230;<br \/>\nHier findest du mehr als 130.000 weibliche Models, zudem sind die Features von Slut Roulette vielf\u00e4ltig und du wirst mit Models ganz sicher wundersch\u00f6ne Abende in privaten Chats verbringen. Die Preise f\u00fcr private Chats variieren jedoch je nach Modell. Au\u00dferdem sch\u00e4tze ich die kostenlose Registrierung, die ein Muss ist. Die Webcam-\u00dcbertragungen sind mindestens in HQ (hohe Qualit\u00e4t) und erm\u00f6glichen es Ihnen, die Modelle im Detail zu sehen.<\/p>\n<p>Auf den ersten Blick ist die Benutzeroberfl\u00e4che sch\u00f6n, weil sie einfach und leicht zu bedienen ist. Sie werden nicht verwirrt sein, wenn Sie nach M\u00e4dchen suchen, die vor der Kamera Sex haben. Dar\u00fcber hinaus navigieren Sie m\u00fchelos durch die Benutzeroberfl\u00e4che und haben Zugriff auf verschiedene Live-Kameras, mit denen Sie die M\u00e4dchen auf einen Blick sehen k\u00f6nnen.<br \/>\nDar\u00fcber hinaus kann der Besucher auch seine Webcam verwenden, um Zwei-Wege-Sex oder Cam 2 zu genie\u00dfen. Die folgende Funktion ist sehr schnell, sodass Sie in Sekundenschnelle zwischen den M\u00e4dchen wechseln k\u00f6nnen. . Dank der schnellen und angenehmen Benutzeroberfl\u00e4che ben\u00f6tigen Besucher weniger Zeit, um auf der Website zu navigieren. Es erm\u00f6glicht den Besuchern jedoch auch, schneller zu surfen und Videos ohne Unterbrechung anzusehen, wenn die Verbindung dies zul\u00e4sst.<\/p>\n","protected":false},"excerpt":{"rendered":"<p>Slutroulette ist eine beliebte Sex-Chat-Site f\u00fcr Erwachsene, die seit vielen Jahren auf dem Markt ist. Sie k\u00f6nnen jederzeit eintreten und sicher sein, dass SlutRoulette voller ungezogener M\u00e4dchen ist, die bereit sind, alle Ihre Bed\u00fcrfnisse zu erf\u00fcllen. Sie werden immer sicher sein, M\u00e4dchen zu finden, deren Webcam Sie einschalten. Dar\u00fcber hinaus treffen Sie auf SlutRoulette.com andere [&hellip;]<\/p>\n","protected":false},"author":1,"featured_media":0,"parent":0,"menu_order":0,"comment_status":"closed","ping_status":"closed","template":"","meta":{"footnotes":""},"class_list":["post-14252","page","type-page","status-publish","hentry"],"yoast_head":"<!-- This site is optimized with the Yoast SEO plugin v27.5 - https:\/\/yoast.com\/product\/yoast-seo-wordpress\/ -->\n<title>SlutRoulette und Liste der besten Pornoseiten | PornMate<\/title>\n<meta name=\"robots\" content=\"index, follow, max-snippet:-1, max-image-preview:large, max-video-preview:-1\" \/>\n<link rel=\"canonical\" href=\"https:\/\/pornmate.com\/de\/slutroulette\" \/>\n<meta property=\"og:locale\" content=\"de_DE\" \/>\n<meta property=\"og:type\" content=\"article\" \/>\n<meta property=\"og:title\" content=\"SlutRoulette und Liste der besten Pornoseiten | PornMate\" \/>\n<meta property=\"og:description\" content=\"Slutroulette ist eine beliebte Sex-Chat-Site f\u00fcr Erwachsene, die seit vielen Jahren auf dem Markt ist. Sie k\u00f6nnen jederzeit eintreten und sicher sein, dass SlutRoulette voller ungezogener M\u00e4dchen ist, die bereit sind, alle Ihre Bed\u00fcrfnisse zu erf\u00fcllen. Sie werden immer sicher sein, M\u00e4dchen zu finden, deren Webcam Sie einschalten. Dar\u00fcber hinaus treffen Sie auf SlutRoulette.com andere [&hellip;]\" \/>\n<meta property=\"og:url\" content=\"https:\/\/pornmate.com\/de\/slutroulette\" \/>\n<meta property=\"og:site_name\" content=\"Besten Pornoseiten - Kostenlose Deutsche Pornos | PornMate.com\" \/>\n<meta property=\"og:image\" content=\"https:\/\/bbbx.net\/wp-content\/uploads\/2022\/10\/SlutRoulette-1-1024x497.jpg\" \/>\n<meta name=\"twitter:card\" content=\"summary_large_image\" \/>\n<meta name=\"twitter:label1\" content=\"Gesch\u00e4tzte Lesezeit\" \/>\n\t<meta name=\"twitter:data1\" content=\"3\u00a0Minuten\" \/>\n<script type=\"application\/ld+json\" class=\"yoast-schema-graph\">{\"@context\":\"https:\\\/\\\/schema.org\",\"@graph\":[{\"@type\":\"WebPage\",\"@id\":\"https:\\\/\\\/pornmate.com\\\/de\\\/slutroulette\",\"url\":\"https:\\\/\\\/pornmate.com\\\/de\\\/slutroulette\",\"name\":\"SlutRoulette und Liste der besten Pornoseiten | PornMate\",\"isPartOf\":{\"@id\":\"https:\\\/\\\/pornmate.com\\\/de\\\/#website\"},\"primaryImageOfPage\":{\"@id\":\"https:\\\/\\\/pornmate.com\\\/de\\\/slutroulette#primaryimage\"},\"image\":{\"@id\":\"https:\\\/\\\/pornmate.com\\\/de\\\/slutroulette#primaryimage\"},\"thumbnailUrl\":\"https:\\\/\\\/pornmate.com\\\/de\\\/wp-content\\\/uploads\\\/2022\\\/10\\\/SlutRoulette-1-1-1024x497.jpg\",\"datePublished\":\"2022-10-12T17:18:22+00:00\",\"breadcrumb\":{\"@id\":\"https:\\\/\\\/pornmate.com\\\/de\\\/slutroulette#breadcrumb\"},\"inLanguage\":\"de\",\"potentialAction\":[{\"@type\":\"ReadAction\",\"target\":[\"https:\\\/\\\/pornmate.com\\\/de\\\/slutroulette\"]}]},{\"@type\":\"ImageObject\",\"inLanguage\":\"de\",\"@id\":\"https:\\\/\\\/pornmate.com\\\/de\\\/slutroulette#primaryimage\",\"url\":\"https:\\\/\\\/pornmate.com\\\/de\\\/wp-content\\\/uploads\\\/2022\\\/10\\\/SlutRoulette-1-1.jpg\",\"contentUrl\":\"https:\\\/\\\/pornmate.com\\\/de\\\/wp-content\\\/uploads\\\/2022\\\/10\\\/SlutRoulette-1-1.jpg\",\"width\":2048,\"height\":994},{\"@type\":\"BreadcrumbList\",\"@id\":\"https:\\\/\\\/pornmate.com\\\/de\\\/slutroulette#breadcrumb\",\"itemListElement\":[{\"@type\":\"ListItem\",\"position\":1,\"name\":\"Startseite\",\"item\":\"https:\\\/\\\/pornmate.com\\\/de\"},{\"@type\":\"ListItem\",\"position\":2,\"name\":\"SlutRoulette\"}]},{\"@type\":\"WebSite\",\"@id\":\"https:\\\/\\\/pornmate.com\\\/de\\\/#website\",\"url\":\"https:\\\/\\\/pornmate.com\\\/de\\\/\",\"name\":\"Besten Pornoseiten - Kostenlose Deutsche Pornos | PornMate.com\",\"description\":\"Kostenlose Pornos, ist Ihr Combo-Verzeichnis der besten gratis Pornoseiten, die Sie finden k\u00f6nnen, und das fantastische Seitenbewertungen, Kostenlose Deutsche sex Biografien von Pornostars und ihre xxx Freie Porno videos unter einem Dach pr\u00e4sentiert.\",\"publisher\":{\"@id\":\"https:\\\/\\\/pornmate.com\\\/de\\\/#organization\"},\"potentialAction\":[{\"@type\":\"SearchAction\",\"target\":{\"@type\":\"EntryPoint\",\"urlTemplate\":\"https:\\\/\\\/pornmate.com\\\/de\\\/?s={search_term_string}\"},\"query-input\":{\"@type\":\"PropertyValueSpecification\",\"valueRequired\":true,\"valueName\":\"search_term_string\"}}],\"inLanguage\":\"de\"},{\"@type\":\"Organization\",\"@id\":\"https:\\\/\\\/pornmate.com\\\/de\\\/#organization\",\"name\":\"Besten Pornoseiten - Kostenlose Deutsche Pornos | PornMate.com\",\"url\":\"https:\\\/\\\/pornmate.com\\\/de\\\/\",\"logo\":{\"@type\":\"ImageObject\",\"inLanguage\":\"de\",\"@id\":\"https:\\\/\\\/pornmate.com\\\/de\\\/#\\\/schema\\\/logo\\\/image\\\/\",\"url\":\"https:\\\/\\\/pornmate.com\\\/de\\\/wp-content\\\/uploads\\\/2022\\\/11\\\/pornmate-1.png\",\"contentUrl\":\"https:\\\/\\\/pornmate.com\\\/de\\\/wp-content\\\/uploads\\\/2022\\\/11\\\/pornmate-1.png\",\"width\":203,\"height\":200,\"caption\":\"Besten Pornoseiten - Kostenlose Deutsche Pornos | PornMate.com\"},\"image\":{\"@id\":\"https:\\\/\\\/pornmate.com\\\/de\\\/#\\\/schema\\\/logo\\\/image\\\/\"}}]}<\/script>\n<!-- \/ Yoast SEO plugin. -->","yoast_head_json":{"title":"SlutRoulette und Liste der besten Pornoseiten | PornMate","robots":{"index":"index","follow":"follow","max-snippet":"max-snippet:-1","max-image-preview":"max-image-preview:large","max-video-preview":"max-video-preview:-1"},"canonical":"https:\/\/pornmate.com\/de\/slutroulette","og_locale":"de_DE","og_type":"article","og_title":"SlutRoulette und Liste der besten Pornoseiten | PornMate","og_description":"Slutroulette ist eine beliebte Sex-Chat-Site f\u00fcr Erwachsene, die seit vielen Jahren auf dem Markt ist. Sie k\u00f6nnen jederzeit eintreten und sicher sein, dass SlutRoulette voller ungezogener M\u00e4dchen ist, die bereit sind, alle Ihre Bed\u00fcrfnisse zu erf\u00fcllen. Sie werden immer sicher sein, M\u00e4dchen zu finden, deren Webcam Sie einschalten. Dar\u00fcber hinaus treffen Sie auf SlutRoulette.com andere [&hellip;]","og_url":"https:\/\/pornmate.com\/de\/slutroulette","og_site_name":"Besten Pornoseiten - Kostenlose Deutsche Pornos | PornMate.com","og_image":[{"url":"https:\/\/bbbx.net\/wp-content\/uploads\/2022\/10\/SlutRoulette-1-1024x497.jpg","type":"","width":"","height":""}],"twitter_card":"summary_large_image","twitter_misc":{"Gesch\u00e4tzte Lesezeit":"3\u00a0Minuten"},"schema":{"@context":"https:\/\/schema.org","@graph":[{"@type":"WebPage","@id":"https:\/\/pornmate.com\/de\/slutroulette","url":"https:\/\/pornmate.com\/de\/slutroulette","name":"SlutRoulette und Liste der besten Pornoseiten | PornMate","isPartOf":{"@id":"https:\/\/pornmate.com\/de\/#website"},"primaryImageOfPage":{"@id":"https:\/\/pornmate.com\/de\/slutroulette#primaryimage"},"image":{"@id":"https:\/\/pornmate.com\/de\/slutroulette#primaryimage"},"thumbnailUrl":"https:\/\/pornmate.com\/de\/wp-content\/uploads\/2022\/10\/SlutRoulette-1-1-1024x497.jpg","datePublished":"2022-10-12T17:18:22+00:00","breadcrumb":{"@id":"https:\/\/pornmate.com\/de\/slutroulette#breadcrumb"},"inLanguage":"de","potentialAction":[{"@type":"ReadAction","target":["https:\/\/pornmate.com\/de\/slutroulette"]}]},{"@type":"ImageObject","inLanguage":"de","@id":"https:\/\/pornmate.com\/de\/slutroulette#primaryimage","url":"https:\/\/pornmate.com\/de\/wp-content\/uploads\/2022\/10\/SlutRoulette-1-1.jpg","contentUrl":"https:\/\/pornmate.com\/de\/wp-content\/uploads\/2022\/10\/SlutRoulette-1-1.jpg","width":2048,"height":994},{"@type":"BreadcrumbList","@id":"https:\/\/pornmate.com\/de\/slutroulette#breadcrumb","itemListElement":[{"@type":"ListItem","position":1,"name":"Startseite","item":"https:\/\/pornmate.com\/de"},{"@type":"ListItem","position":2,"name":"SlutRoulette"}]},{"@type":"WebSite","@id":"https:\/\/pornmate.com\/de\/#website","url":"https:\/\/pornmate.com\/de\/","name":"Besten Pornoseiten - Kostenlose Deutsche Pornos | PornMate.com","description":"Kostenlose Pornos, ist Ihr Combo-Verzeichnis der besten gratis Pornoseiten, die Sie finden k\u00f6nnen, und das fantastische Seitenbewertungen, Kostenlose Deutsche sex Biografien von Pornostars und ihre xxx Freie Porno videos unter einem Dach pr\u00e4sentiert.","publisher":{"@id":"https:\/\/pornmate.com\/de\/#organization"},"potentialAction":[{"@type":"SearchAction","target":{"@type":"EntryPoint","urlTemplate":"https:\/\/pornmate.com\/de\/?s={search_term_string}"},"query-input":{"@type":"PropertyValueSpecification","valueRequired":true,"valueName":"search_term_string"}}],"inLanguage":"de"},{"@type":"Organization","@id":"https:\/\/pornmate.com\/de\/#organization","name":"Besten Pornoseiten - Kostenlose Deutsche Pornos | PornMate.com","url":"https:\/\/pornmate.com\/de\/","logo":{"@type":"ImageObject","inLanguage":"de","@id":"https:\/\/pornmate.com\/de\/#\/schema\/logo\/image\/","url":"https:\/\/pornmate.com\/de\/wp-content\/uploads\/2022\/11\/pornmate-1.png","contentUrl":"https:\/\/pornmate.com\/de\/wp-content\/uploads\/2022\/11\/pornmate-1.png","width":203,"height":200,"caption":"Besten Pornoseiten - Kostenlose Deutsche Pornos | PornMate.com"},"image":{"@id":"https:\/\/pornmate.com\/de\/#\/schema\/logo\/image\/"}}]}},"_links":{"self":[{"href":"https:\/\/pornmate.com\/de\/wp-json\/wp\/v2\/pages\/14252","targetHints":{"allow":["GET"]}}],"collection":[{"href":"https:\/\/pornmate.com\/de\/wp-json\/wp\/v2\/pages"}],"about":[{"href":"https:\/\/pornmate.com\/de\/wp-json\/wp\/v2\/types\/page"}],"author":[{"embeddable":true,"href":"https:\/\/pornmate.com\/de\/wp-json\/wp\/v2\/users\/1"}],"replies":[{"embeddable":true,"href":"https:\/\/pornmate.com\/de\/wp-json\/wp\/v2\/comments?post=14252"}],"version-history":[{"count":0,"href":"https:\/\/pornmate.com\/de\/wp-json\/wp\/v2\/pages\/14252\/revisions"}],"wp:attachment":[{"href":"https:\/\/pornmate.com\/de\/wp-json\/wp\/v2\/media?parent=14252"}],"curies":[{"name":"wp","href":"https:\/\/api.w.org\/{rel}","templated":true}]}}