{"id":4675,"date":"2019-07-24T15:04:04","date_gmt":"2019-07-24T13:04:04","guid":{"rendered":"https:\/\/pornmate.com\/?page_id=4675"},"modified":"2022-11-23T16:59:24","modified_gmt":"2022-11-23T15:59:24","slug":"realitykings","status":"publish","type":"page","link":"https:\/\/pornmate.com\/de\/realitykings","title":{"rendered":"Realitykings.com"},"content":{"rendered":"<p>Realitykings.com ist eine Premium-Pornoseite mit \u00fcber 12.000 Pornovideos mit Pornomodels, die an der Spitze ihres Spiels stehen. Um ihre F\u00e4higkeiten zu rechtfertigen, werden sie auf einer Website beworben, die sie seit \u00fcber zehn Jahren hinter sich gelassen hat. Mit Realitykings kann man nichts falsch machen. Wenn Sie sich die besten Pornoseiten der Welt ansehen m\u00f6chten, k\u00f6nnen Sie sich auch ansehen, was Reality Kings auf Lager hat. Sie gibt es schon sehr lange und sie sind eine der bekanntesten Marken im Premium-Porno. Dar\u00fcber hinaus kostet ein Jahresabonnement 120 US-Dollar und gibt Ihnen Zugriff auf alle exklusiven Inhalte. Das ist tats\u00e4chlich viel wertvoller, als sie verlangen. Wieso den? Weil Sie die aufregendsten Pornos mit den ber\u00fchmtesten Pornostars bekommen. Zu viele? Nun, Sie versuchen uns ins Gesicht zu sagen, dass wir uns geirrt haben. Du liegst definitiv falsch. Das Wichtigste, was Reality King auszeichnet, ist die Art und Weise, wie sie sich pr\u00e4sentieren und brandmarken. sie sind k\u00f6nige! Auf den ersten Blick mag es wie ein Marketing-Winkel erscheinen, der einige Benutzer hasst, aber das ist es wirklich. Alle HD-Videos werden mit 4K-Technologie geliefert und sind so scharf wie m\u00f6glich. Dann aktualisieren wir es regelm\u00e4\u00dfig und liefern Inhalte von h\u00f6chster Qualit\u00e4t. Sie haben eine Produktion, die wei\u00df, wie man die richtigen Kn\u00f6pfe dr\u00fcckt, und sie stellen nur die Besten der Besten der Branche ein. Es zeigt Kraft und Finesse. Ich kann nicht genug gute Dinge \u00fcber dieses Kraftpaket sagen. Schauen Sie sich Realityking an und werden Sie Teil des Verm\u00e4chtnisses, das den Weg f\u00fcr so viele andere geebnet hat.<\/p>\n","protected":false},"excerpt":{"rendered":"<p>Realitykings.com ist eine Premium-Pornoseite mit \u00fcber 12.000 Pornovideos mit Pornomodels, die an der Spitze ihres Spiels stehen. Um ihre F\u00e4higkeiten zu rechtfertigen, werden sie auf einer Website beworben, die sie seit \u00fcber zehn Jahren hinter sich gelassen hat. Mit Realitykings kann man nichts falsch machen. Wenn Sie sich die besten Pornoseiten der Welt ansehen m\u00f6chten, [&hellip;]<\/p>\n","protected":false},"author":1,"featured_media":0,"parent":0,"menu_order":0,"comment_status":"closed","ping_status":"closed","template":"page-star-stil.php","meta":{"footnotes":""},"class_list":["post-4675","page","type-page","status-publish","hentry"],"yoast_head":"<!-- This site is optimized with the Yoast SEO plugin v27.4 - https:\/\/yoast.com\/product\/yoast-seo-wordpress\/ -->\n<title>Realitykings.com und Liste der besten Pornoseiten | PornMate<\/title>\n<meta name=\"description\" content=\"RealityKings.com is a premium porn site featuring over 12,000 + porn videos featuring porn models who are at the top of their game.\" \/>\n<meta name=\"robots\" content=\"index, follow, max-snippet:-1, max-image-preview:large, max-video-preview:-1\" \/>\n<link rel=\"canonical\" href=\"https:\/\/pornmate.com\/de\/realitykings\" \/>\n<meta property=\"og:locale\" content=\"de_DE\" \/>\n<meta property=\"og:type\" content=\"article\" \/>\n<meta property=\"og:title\" content=\"Realitykings.com und Liste der besten Pornoseiten | PornMate\" \/>\n<meta property=\"og:description\" content=\"RealityKings.com is a premium porn site featuring over 12,000 + porn videos featuring porn models who are at the top of their game.\" \/>\n<meta property=\"og:url\" content=\"https:\/\/pornmate.com\/de\/realitykings\" \/>\n<meta property=\"og:site_name\" content=\"Besten Pornoseiten - Kostenlose Deutsche Pornos | PornMate.com\" \/>\n<meta property=\"article:modified_time\" content=\"2022-11-23T15:59:24+00:00\" \/>\n<meta name=\"twitter:card\" content=\"summary_large_image\" \/>\n<meta name=\"twitter:label1\" content=\"Gesch\u00e4tzte Lesezeit\" \/>\n\t<meta name=\"twitter:data1\" content=\"2\u00a0Minuten\" \/>\n<script type=\"application\/ld+json\" class=\"yoast-schema-graph\">{\"@context\":\"https:\\\/\\\/schema.org\",\"@graph\":[{\"@type\":\"WebPage\",\"@id\":\"https:\\\/\\\/pornmate.com\\\/de\\\/realitykings\",\"url\":\"https:\\\/\\\/pornmate.com\\\/de\\\/realitykings\",\"name\":\"Realitykings.com und Liste der besten Pornoseiten | PornMate\",\"isPartOf\":{\"@id\":\"https:\\\/\\\/pornmate.com\\\/de\\\/#website\"},\"datePublished\":\"2019-07-24T13:04:04+00:00\",\"dateModified\":\"2022-11-23T15:59:24+00:00\",\"description\":\"RealityKings.com is a premium porn site featuring over 12,000 + porn videos featuring porn models who are at the top of their game.\",\"breadcrumb\":{\"@id\":\"https:\\\/\\\/pornmate.com\\\/de\\\/realitykings#breadcrumb\"},\"inLanguage\":\"de\",\"potentialAction\":[{\"@type\":\"ReadAction\",\"target\":[\"https:\\\/\\\/pornmate.com\\\/de\\\/realitykings\"]}]},{\"@type\":\"BreadcrumbList\",\"@id\":\"https:\\\/\\\/pornmate.com\\\/de\\\/realitykings#breadcrumb\",\"itemListElement\":[{\"@type\":\"ListItem\",\"position\":1,\"name\":\"Startseite\",\"item\":\"https:\\\/\\\/pornmate.com\\\/de\"},{\"@type\":\"ListItem\",\"position\":2,\"name\":\"Realitykings.com\"}]},{\"@type\":\"WebSite\",\"@id\":\"https:\\\/\\\/pornmate.com\\\/de\\\/#website\",\"url\":\"https:\\\/\\\/pornmate.com\\\/de\\\/\",\"name\":\"Besten Pornoseiten - Kostenlose Deutsche Pornos | PornMate.com\",\"description\":\"Kostenlose Pornos, ist Ihr Combo-Verzeichnis der besten gratis Pornoseiten, die Sie finden k\u00f6nnen, und das fantastische Seitenbewertungen, Kostenlose Deutsche sex Biografien von Pornostars und ihre xxx Freie Porno videos unter einem Dach pr\u00e4sentiert.\",\"publisher\":{\"@id\":\"https:\\\/\\\/pornmate.com\\\/de\\\/#organization\"},\"potentialAction\":[{\"@type\":\"SearchAction\",\"target\":{\"@type\":\"EntryPoint\",\"urlTemplate\":\"https:\\\/\\\/pornmate.com\\\/de\\\/?s={search_term_string}\"},\"query-input\":{\"@type\":\"PropertyValueSpecification\",\"valueRequired\":true,\"valueName\":\"search_term_string\"}}],\"inLanguage\":\"de\"},{\"@type\":\"Organization\",\"@id\":\"https:\\\/\\\/pornmate.com\\\/de\\\/#organization\",\"name\":\"Besten Pornoseiten - Kostenlose Deutsche Pornos | PornMate.com\",\"url\":\"https:\\\/\\\/pornmate.com\\\/de\\\/\",\"logo\":{\"@type\":\"ImageObject\",\"inLanguage\":\"de\",\"@id\":\"https:\\\/\\\/pornmate.com\\\/de\\\/#\\\/schema\\\/logo\\\/image\\\/\",\"url\":\"https:\\\/\\\/pornmate.com\\\/de\\\/wp-content\\\/uploads\\\/2022\\\/11\\\/pornmate-1.png\",\"contentUrl\":\"https:\\\/\\\/pornmate.com\\\/de\\\/wp-content\\\/uploads\\\/2022\\\/11\\\/pornmate-1.png\",\"width\":203,\"height\":200,\"caption\":\"Besten Pornoseiten - Kostenlose Deutsche Pornos | PornMate.com\"},\"image\":{\"@id\":\"https:\\\/\\\/pornmate.com\\\/de\\\/#\\\/schema\\\/logo\\\/image\\\/\"}}]}<\/script>\n<!-- \/ Yoast SEO plugin. -->","yoast_head_json":{"title":"Realitykings.com und Liste der besten Pornoseiten | PornMate","description":"RealityKings.com is a premium porn site featuring over 12,000 + porn videos featuring porn models who are at the top of their game.","robots":{"index":"index","follow":"follow","max-snippet":"max-snippet:-1","max-image-preview":"max-image-preview:large","max-video-preview":"max-video-preview:-1"},"canonical":"https:\/\/pornmate.com\/de\/realitykings","og_locale":"de_DE","og_type":"article","og_title":"Realitykings.com und Liste der besten Pornoseiten | PornMate","og_description":"RealityKings.com is a premium porn site featuring over 12,000 + porn videos featuring porn models who are at the top of their game.","og_url":"https:\/\/pornmate.com\/de\/realitykings","og_site_name":"Besten Pornoseiten - Kostenlose Deutsche Pornos | PornMate.com","article_modified_time":"2022-11-23T15:59:24+00:00","twitter_card":"summary_large_image","twitter_misc":{"Gesch\u00e4tzte Lesezeit":"2\u00a0Minuten"},"schema":{"@context":"https:\/\/schema.org","@graph":[{"@type":"WebPage","@id":"https:\/\/pornmate.com\/de\/realitykings","url":"https:\/\/pornmate.com\/de\/realitykings","name":"Realitykings.com und Liste der besten Pornoseiten | PornMate","isPartOf":{"@id":"https:\/\/pornmate.com\/de\/#website"},"datePublished":"2019-07-24T13:04:04+00:00","dateModified":"2022-11-23T15:59:24+00:00","description":"RealityKings.com is a premium porn site featuring over 12,000 + porn videos featuring porn models who are at the top of their game.","breadcrumb":{"@id":"https:\/\/pornmate.com\/de\/realitykings#breadcrumb"},"inLanguage":"de","potentialAction":[{"@type":"ReadAction","target":["https:\/\/pornmate.com\/de\/realitykings"]}]},{"@type":"BreadcrumbList","@id":"https:\/\/pornmate.com\/de\/realitykings#breadcrumb","itemListElement":[{"@type":"ListItem","position":1,"name":"Startseite","item":"https:\/\/pornmate.com\/de"},{"@type":"ListItem","position":2,"name":"Realitykings.com"}]},{"@type":"WebSite","@id":"https:\/\/pornmate.com\/de\/#website","url":"https:\/\/pornmate.com\/de\/","name":"Besten Pornoseiten - Kostenlose Deutsche Pornos | PornMate.com","description":"Kostenlose Pornos, ist Ihr Combo-Verzeichnis der besten gratis Pornoseiten, die Sie finden k\u00f6nnen, und das fantastische Seitenbewertungen, Kostenlose Deutsche sex Biografien von Pornostars und ihre xxx Freie Porno videos unter einem Dach pr\u00e4sentiert.","publisher":{"@id":"https:\/\/pornmate.com\/de\/#organization"},"potentialAction":[{"@type":"SearchAction","target":{"@type":"EntryPoint","urlTemplate":"https:\/\/pornmate.com\/de\/?s={search_term_string}"},"query-input":{"@type":"PropertyValueSpecification","valueRequired":true,"valueName":"search_term_string"}}],"inLanguage":"de"},{"@type":"Organization","@id":"https:\/\/pornmate.com\/de\/#organization","name":"Besten Pornoseiten - Kostenlose Deutsche Pornos | PornMate.com","url":"https:\/\/pornmate.com\/de\/","logo":{"@type":"ImageObject","inLanguage":"de","@id":"https:\/\/pornmate.com\/de\/#\/schema\/logo\/image\/","url":"https:\/\/pornmate.com\/de\/wp-content\/uploads\/2022\/11\/pornmate-1.png","contentUrl":"https:\/\/pornmate.com\/de\/wp-content\/uploads\/2022\/11\/pornmate-1.png","width":203,"height":200,"caption":"Besten Pornoseiten - Kostenlose Deutsche Pornos | PornMate.com"},"image":{"@id":"https:\/\/pornmate.com\/de\/#\/schema\/logo\/image\/"}}]}},"_links":{"self":[{"href":"https:\/\/pornmate.com\/de\/wp-json\/wp\/v2\/pages\/4675","targetHints":{"allow":["GET"]}}],"collection":[{"href":"https:\/\/pornmate.com\/de\/wp-json\/wp\/v2\/pages"}],"about":[{"href":"https:\/\/pornmate.com\/de\/wp-json\/wp\/v2\/types\/page"}],"author":[{"embeddable":true,"href":"https:\/\/pornmate.com\/de\/wp-json\/wp\/v2\/users\/1"}],"replies":[{"embeddable":true,"href":"https:\/\/pornmate.com\/de\/wp-json\/wp\/v2\/comments?post=4675"}],"version-history":[{"count":0,"href":"https:\/\/pornmate.com\/de\/wp-json\/wp\/v2\/pages\/4675\/revisions"}],"wp:attachment":[{"href":"https:\/\/pornmate.com\/de\/wp-json\/wp\/v2\/media?parent=4675"}],"curies":[{"name":"wp","href":"https:\/\/api.w.org\/{rel}","templated":true}]}}