{"id":4702,"date":"2019-07-25T12:05:56","date_gmt":"2019-07-25T12:05:56","guid":{"rendered":"https:\/\/pornmate.com\/?page_id=4702"},"modified":"2019-07-25T12:05:56","modified_gmt":"2019-07-25T12:05:56","slug":"pornhubpremium","status":"publish","type":"page","link":"https:\/\/pornmate.com\/de\/pornhubpremium","title":{"rendered":"PornHubPremium.com"},"content":{"rendered":"<p>Sicher haben Sie schon einmal von PornHub geh\u00f6rt;<br \/>\nes gibt keinen Zweifel.<br \/>\nImmerhin ist es die bei weitem ber\u00fcchtigtste Porno-Website, gef\u00fcllt mit Unmengen von Inhalten, die von Benutzern auf der ganzen Welt hochgeladen wurden.<br \/>\nNun, was Sie auf dieser Seite entdecken, kann relativ verr\u00fcckt sein, oder vorzugsweise, vorzugsweise h\u00e4uslich. wenn Sie sehen, wie man sondiert.<br \/>\nAlles in allem ist dann f\u00fcr jeden etwas dabei, aber Sie bleiben nicht an der blo\u00dfen Oberfl\u00e4che des<br \/>\nWie denkst du sollst du zu den richtigen kommen, wenn du die Kruste nicht knackst?<br \/>\nExakt!<br \/>\nEs gibt keine Schnellstra\u00dfe f\u00fcr Sie, um auf die zierlichsten und saftigsten Pornos zuzugreifen, es sei denn, Sie erhalten eine extrem teure Mitgliedschaft daf\u00fcr<br \/>\nNat\u00fcrlich haben Sie keine Schnellstra\u00dfe, um dies zu bedienen, es sei denn, Sie fangen an, sich unaufh\u00f6rlich von Ihrer Brieftasche abzuheben.<br \/>\nWissen Sie, obwohl die Seite ein einw\u00f6chiges Abonnement anbietet, das Sie sich ansehen k\u00f6nnen, erhalten Sie am Ende mindestens acht Dollar im Monat, wenn Sie sich f\u00fcr ein Jahresabonnement entscheiden. Wenn Sie sich jedoch nicht sicher sind, ob Ihnen die Website gef\u00e4llt oder nicht, k\u00f6nnen Sie sich auch f\u00fcr die Option $ pro Monat entscheiden.<br \/>\nDie Premium-Version der Trap-Site bietet \u00fcber tausend Filme, schnelleres Streaming und absolut keine Werbung, was gro\u00dfartig ist. Au\u00dferdem haben Sie die M\u00f6glichkeit, jeden beliebigen Film mit hoher Geschwindigkeit herunterzuladen.<br \/>\nAu\u00dferdem sollte auch ber\u00fccksichtigt werden, dass Sie Ihr Abonnement jederzeit beenden k\u00f6nnen.<br \/>\nZu guter Letzt m\u00fcssen Sie bestimmte Filme in Full HD ansehen, wenn Sie das erhalten<br \/>\nWorauf warten Sie also?<br \/>\nBesuchen Sie jetzt diese Seite.<\/p>\n","protected":false},"excerpt":{"rendered":"<p>Sicher haben Sie schon einmal von PornHub geh\u00f6rt; es gibt keinen Zweifel. Immerhin ist es die bei weitem ber\u00fcchtigtste Porno-Website, gef\u00fcllt mit Unmengen von Inhalten, die von Benutzern auf der ganzen Welt hochgeladen wurden. Nun, was Sie auf dieser Seite entdecken, kann relativ verr\u00fcckt sein, oder vorzugsweise, vorzugsweise h\u00e4uslich. wenn Sie sehen, wie man sondiert. [&hellip;]<\/p>\n","protected":false},"author":1,"featured_media":0,"parent":0,"menu_order":0,"comment_status":"closed","ping_status":"closed","template":"page-star-stil.php","meta":{"footnotes":""},"class_list":["post-4702","page","type-page","status-publish","hentry"],"yoast_head":"<!-- This site is optimized with the Yoast SEO plugin v27.2 - https:\/\/yoast.com\/product\/yoast-seo-wordpress\/ -->\n<title>PornHubPremium.com und Liste der besten Pornoseiten | PornMate<\/title>\n<meta name=\"description\" content=\"Sicher haben Sie schon einmal von PornHub geh\u00f6rt;es gibt keinen Zweifel.Immerhin ist es die bei weitem ber\u00fcchtigtste Porno-Website, gef\u00fcllt mit Unmengen von Inhalten, die von Benutzern auf der ganzen Welt hochgeladen wurden.Nun, was Sie auf dieser Seite entdecken, kann relativ verr\u00fcckt sein, oder vorzugsweise, vorzugsweise h\u00e4uslich.\" \/>\n<meta name=\"robots\" content=\"index, follow, max-snippet:-1, max-image-preview:large, max-video-preview:-1\" \/>\n<link rel=\"canonical\" href=\"https:\/\/pornmate.com\/de\/pornhubpremium\" \/>\n<meta property=\"og:locale\" content=\"de_DE\" \/>\n<meta property=\"og:type\" content=\"article\" \/>\n<meta property=\"og:title\" content=\"PornHubPremium.com und Liste der besten Pornoseiten | PornMate\" \/>\n<meta property=\"og:description\" content=\"Sicher haben Sie schon einmal von PornHub geh\u00f6rt;es gibt keinen Zweifel.Immerhin ist es die bei weitem ber\u00fcchtigtste Porno-Website, gef\u00fcllt mit Unmengen von Inhalten, die von Benutzern auf der ganzen Welt hochgeladen wurden.Nun, was Sie auf dieser Seite entdecken, kann relativ verr\u00fcckt sein, oder vorzugsweise, vorzugsweise h\u00e4uslich.\" \/>\n<meta property=\"og:url\" content=\"https:\/\/pornmate.com\/de\/pornhubpremium\" \/>\n<meta property=\"og:site_name\" content=\"Besten Pornoseiten - Kostenlose Deutsche Pornos | PornMate.com\" \/>\n<meta name=\"twitter:card\" content=\"summary_large_image\" \/>\n<meta name=\"twitter:label1\" content=\"Gesch\u00e4tzte Lesezeit\" \/>\n\t<meta name=\"twitter:data1\" content=\"2\u00a0Minuten\" \/>\n<script type=\"application\/ld+json\" class=\"yoast-schema-graph\">{\"@context\":\"https:\/\/schema.org\",\"@graph\":[{\"@type\":\"WebPage\",\"@id\":\"https:\/\/pornmate.com\/de\/pornhubpremium\",\"url\":\"https:\/\/pornmate.com\/de\/pornhubpremium\",\"name\":\"PornHubPremium.com und Liste der besten Pornoseiten | PornMate\",\"isPartOf\":{\"@id\":\"https:\/\/pornmate.com\/de\/#website\"},\"datePublished\":\"2019-07-25T12:05:56+00:00\",\"description\":\"Sicher haben Sie schon einmal von PornHub geh\u00f6rt;es gibt keinen Zweifel.Immerhin ist es die bei weitem ber\u00fcchtigtste Porno-Website, gef\u00fcllt mit Unmengen von Inhalten, die von Benutzern auf der ganzen Welt hochgeladen wurden.Nun, was Sie auf dieser Seite entdecken, kann relativ verr\u00fcckt sein, oder vorzugsweise, vorzugsweise h\u00e4uslich.\",\"breadcrumb\":{\"@id\":\"https:\/\/pornmate.com\/de\/pornhubpremium#breadcrumb\"},\"inLanguage\":\"de\",\"potentialAction\":[{\"@type\":\"ReadAction\",\"target\":[\"https:\/\/pornmate.com\/de\/pornhubpremium\"]}]},{\"@type\":\"BreadcrumbList\",\"@id\":\"https:\/\/pornmate.com\/de\/pornhubpremium#breadcrumb\",\"itemListElement\":[{\"@type\":\"ListItem\",\"position\":1,\"name\":\"Startseite\",\"item\":\"https:\/\/pornmate.com\/de\"},{\"@type\":\"ListItem\",\"position\":2,\"name\":\"PornHubPremium.com\"}]},{\"@type\":\"WebSite\",\"@id\":\"https:\/\/pornmate.com\/de\/#website\",\"url\":\"https:\/\/pornmate.com\/de\/\",\"name\":\"Besten Pornoseiten - Kostenlose Deutsche Pornos | PornMate.com\",\"description\":\"Kostenlose Pornos, ist Ihr Combo-Verzeichnis der besten gratis Pornoseiten, die Sie finden k\u00f6nnen, und das fantastische Seitenbewertungen, Kostenlose Deutsche sex Biografien von Pornostars und ihre xxx Freie Porno videos unter einem Dach pr\u00e4sentiert.\",\"publisher\":{\"@id\":\"https:\/\/pornmate.com\/de\/#organization\"},\"potentialAction\":[{\"@type\":\"SearchAction\",\"target\":{\"@type\":\"EntryPoint\",\"urlTemplate\":\"https:\/\/pornmate.com\/de\/?s={search_term_string}\"},\"query-input\":{\"@type\":\"PropertyValueSpecification\",\"valueRequired\":true,\"valueName\":\"search_term_string\"}}],\"inLanguage\":\"de\"},{\"@type\":\"Organization\",\"@id\":\"https:\/\/pornmate.com\/de\/#organization\",\"name\":\"Besten Pornoseiten - Kostenlose Deutsche Pornos | PornMate.com\",\"url\":\"https:\/\/pornmate.com\/de\/\",\"logo\":{\"@type\":\"ImageObject\",\"inLanguage\":\"de\",\"@id\":\"https:\/\/pornmate.com\/de\/#\/schema\/logo\/image\/\",\"url\":\"https:\/\/pornmate.com\/de\/wp-content\/uploads\/2022\/11\/pornmate-1.png\",\"contentUrl\":\"https:\/\/pornmate.com\/de\/wp-content\/uploads\/2022\/11\/pornmate-1.png\",\"width\":203,\"height\":200,\"caption\":\"Besten Pornoseiten - Kostenlose Deutsche Pornos | PornMate.com\"},\"image\":{\"@id\":\"https:\/\/pornmate.com\/de\/#\/schema\/logo\/image\/\"}}]}<\/script>\n<!-- \/ Yoast SEO plugin. -->","yoast_head_json":{"title":"PornHubPremium.com und Liste der besten Pornoseiten | PornMate","description":"Sicher haben Sie schon einmal von PornHub geh\u00f6rt;es gibt keinen Zweifel.Immerhin ist es die bei weitem ber\u00fcchtigtste Porno-Website, gef\u00fcllt mit Unmengen von Inhalten, die von Benutzern auf der ganzen Welt hochgeladen wurden.Nun, was Sie auf dieser Seite entdecken, kann relativ verr\u00fcckt sein, oder vorzugsweise, vorzugsweise h\u00e4uslich.","robots":{"index":"index","follow":"follow","max-snippet":"max-snippet:-1","max-image-preview":"max-image-preview:large","max-video-preview":"max-video-preview:-1"},"canonical":"https:\/\/pornmate.com\/de\/pornhubpremium","og_locale":"de_DE","og_type":"article","og_title":"PornHubPremium.com und Liste der besten Pornoseiten | PornMate","og_description":"Sicher haben Sie schon einmal von PornHub geh\u00f6rt;es gibt keinen Zweifel.Immerhin ist es die bei weitem ber\u00fcchtigtste Porno-Website, gef\u00fcllt mit Unmengen von Inhalten, die von Benutzern auf der ganzen Welt hochgeladen wurden.Nun, was Sie auf dieser Seite entdecken, kann relativ verr\u00fcckt sein, oder vorzugsweise, vorzugsweise h\u00e4uslich.","og_url":"https:\/\/pornmate.com\/de\/pornhubpremium","og_site_name":"Besten Pornoseiten - Kostenlose Deutsche Pornos | PornMate.com","twitter_card":"summary_large_image","twitter_misc":{"Gesch\u00e4tzte Lesezeit":"2\u00a0Minuten"},"schema":{"@context":"https:\/\/schema.org","@graph":[{"@type":"WebPage","@id":"https:\/\/pornmate.com\/de\/pornhubpremium","url":"https:\/\/pornmate.com\/de\/pornhubpremium","name":"PornHubPremium.com und Liste der besten Pornoseiten | PornMate","isPartOf":{"@id":"https:\/\/pornmate.com\/de\/#website"},"datePublished":"2019-07-25T12:05:56+00:00","description":"Sicher haben Sie schon einmal von PornHub geh\u00f6rt;es gibt keinen Zweifel.Immerhin ist es die bei weitem ber\u00fcchtigtste Porno-Website, gef\u00fcllt mit Unmengen von Inhalten, die von Benutzern auf der ganzen Welt hochgeladen wurden.Nun, was Sie auf dieser Seite entdecken, kann relativ verr\u00fcckt sein, oder vorzugsweise, vorzugsweise h\u00e4uslich.","breadcrumb":{"@id":"https:\/\/pornmate.com\/de\/pornhubpremium#breadcrumb"},"inLanguage":"de","potentialAction":[{"@type":"ReadAction","target":["https:\/\/pornmate.com\/de\/pornhubpremium"]}]},{"@type":"BreadcrumbList","@id":"https:\/\/pornmate.com\/de\/pornhubpremium#breadcrumb","itemListElement":[{"@type":"ListItem","position":1,"name":"Startseite","item":"https:\/\/pornmate.com\/de"},{"@type":"ListItem","position":2,"name":"PornHubPremium.com"}]},{"@type":"WebSite","@id":"https:\/\/pornmate.com\/de\/#website","url":"https:\/\/pornmate.com\/de\/","name":"Besten Pornoseiten - Kostenlose Deutsche Pornos | PornMate.com","description":"Kostenlose Pornos, ist Ihr Combo-Verzeichnis der besten gratis Pornoseiten, die Sie finden k\u00f6nnen, und das fantastische Seitenbewertungen, Kostenlose Deutsche sex Biografien von Pornostars und ihre xxx Freie Porno videos unter einem Dach pr\u00e4sentiert.","publisher":{"@id":"https:\/\/pornmate.com\/de\/#organization"},"potentialAction":[{"@type":"SearchAction","target":{"@type":"EntryPoint","urlTemplate":"https:\/\/pornmate.com\/de\/?s={search_term_string}"},"query-input":{"@type":"PropertyValueSpecification","valueRequired":true,"valueName":"search_term_string"}}],"inLanguage":"de"},{"@type":"Organization","@id":"https:\/\/pornmate.com\/de\/#organization","name":"Besten Pornoseiten - Kostenlose Deutsche Pornos | PornMate.com","url":"https:\/\/pornmate.com\/de\/","logo":{"@type":"ImageObject","inLanguage":"de","@id":"https:\/\/pornmate.com\/de\/#\/schema\/logo\/image\/","url":"https:\/\/pornmate.com\/de\/wp-content\/uploads\/2022\/11\/pornmate-1.png","contentUrl":"https:\/\/pornmate.com\/de\/wp-content\/uploads\/2022\/11\/pornmate-1.png","width":203,"height":200,"caption":"Besten Pornoseiten - Kostenlose Deutsche Pornos | PornMate.com"},"image":{"@id":"https:\/\/pornmate.com\/de\/#\/schema\/logo\/image\/"}}]}},"_links":{"self":[{"href":"https:\/\/pornmate.com\/de\/wp-json\/wp\/v2\/pages\/4702","targetHints":{"allow":["GET"]}}],"collection":[{"href":"https:\/\/pornmate.com\/de\/wp-json\/wp\/v2\/pages"}],"about":[{"href":"https:\/\/pornmate.com\/de\/wp-json\/wp\/v2\/types\/page"}],"author":[{"embeddable":true,"href":"https:\/\/pornmate.com\/de\/wp-json\/wp\/v2\/users\/1"}],"replies":[{"embeddable":true,"href":"https:\/\/pornmate.com\/de\/wp-json\/wp\/v2\/comments?post=4702"}],"version-history":[{"count":0,"href":"https:\/\/pornmate.com\/de\/wp-json\/wp\/v2\/pages\/4702\/revisions"}],"wp:attachment":[{"href":"https:\/\/pornmate.com\/de\/wp-json\/wp\/v2\/media?parent=4702"}],"curies":[{"name":"wp","href":"https:\/\/api.w.org\/{rel}","templated":true}]}}