{"id":4710,"date":"2019-07-25T12:41:42","date_gmt":"2019-07-25T12:41:42","guid":{"rendered":"https:\/\/pornmate.com\/?page_id=4710"},"modified":"2022-11-23T16:59:15","modified_gmt":"2022-11-23T15:59:15","slug":"mofos","status":"publish","type":"page","link":"https:\/\/pornmate.com\/de\/mofos","title":{"rendered":"Mofos.com"},"content":{"rendered":"<p>Sobald Sie sich entschieden haben, in die herrliche Welt der kostenlosen Pornografie einzutauchen, gibt es wirklich keine M\u00f6glichkeit, den Kopf aus dem Wasser zu bekommen, weil es wirklich keinen Grund daf\u00fcr gibt. Wenn Sie sich jetzt die gro\u00dfartige Pornoseite Mofos ansehen, werden Sie sehen, was wir meinen. Dies liegt jedoch daran, dass Sie diese Seite bereits kennen und wahrscheinlich von den dortigen Inhalten \u00fcberrascht sind. Sie sollten jedoch auf jeden Fall nur kostenlose Inhalte sehen, die nicht so interessant sind wie Premium-Filme, da diese Art von Inhalten hier mehr Platz einnimmt als alle anderen Inhalte. Jetzt m\u00fcssen Sie definitiv nicht viel Mitgliedsbeitrag ausgeben. Ein Abonnement ist nicht wirklich teuer, besonders wenn man bedenkt, wie gut die Qualit\u00e4t der Pornografie hier ist. F\u00fcr den Anfang sollten Sie wissen, dass es auf dieser Seite aus gutem Grund keine kostenlose Testversion gibt. Die Seite bietet bereits Jahresmitgliedschaften zu einem ziemlich guten Preis an &#8230; also ist es definitiv nicht gut f\u00fcr sie, kostenlose Sachen zu verschenken. Stattdessen erhalten Sie eine Testversion von 2\u00a0$ und wenn Sie nicht k\u00fcndigen, verl\u00e4ngert sie sich am Ende des Monats um 35\u00a0$. Wenn Sie jedoch sofort ein monatliches Abonnement kaufen m\u00f6chten, k\u00f6nnen Sie nur drei\u00dfig Dollar bezahlen, um sich 30 Tage lang auf Mofos.com auszuruhen. Dann werden Sie feststellen, dass eine dreimonatige Mitgliedschaft sogar noch g\u00fcnstiger ist, da auf diese Weise nur 20 US-Dollar pro Monat berechnet werden. Wenn Sie noch einen Schritt weiter gehen m\u00f6chten, zahlen Sie nat\u00fcrlich 10 US-Dollar pro Monat. Diese Preise sind wirklich g\u00fcnstig f\u00fcr eine solche Seite.<\/p>\n","protected":false},"excerpt":{"rendered":"<p>Sobald Sie sich entschieden haben, in die herrliche Welt der kostenlosen Pornografie einzutauchen, gibt es wirklich keine M\u00f6glichkeit, den Kopf aus dem Wasser zu bekommen, weil es wirklich keinen Grund daf\u00fcr gibt. Wenn Sie sich jetzt die gro\u00dfartige Pornoseite Mofos ansehen, werden Sie sehen, was wir meinen. Dies liegt jedoch daran, dass Sie diese Seite [&hellip;]<\/p>\n","protected":false},"author":1,"featured_media":0,"parent":0,"menu_order":0,"comment_status":"closed","ping_status":"closed","template":"page-star-stil.php","meta":{"footnotes":""},"class_list":["post-4710","page","type-page","status-publish","hentry"],"yoast_head":"<!-- This site is optimized with the Yoast SEO plugin v27.2 - https:\/\/yoast.com\/product\/yoast-seo-wordpress\/ -->\n<title>Mofos.com und Liste der besten Pornoseiten | PornMate<\/title>\n<meta name=\"description\" content=\"Sobald Sie sich entschieden haben, in die herrliche Welt der kostenlosen Pornografie einzutauchen, gibt es wirklich keine M\u00f6glichkeit, den Kopf aus dem Wasser zu bekommen, weil es wirklich keinen Grund daf\u00fcr gibt. Wenn Sie sich jetzt die gro\u00dfartige Pornoseite Mofos ansehen, werden Sie sehen, was wir meinen.\" \/>\n<meta name=\"robots\" content=\"index, follow, max-snippet:-1, max-image-preview:large, max-video-preview:-1\" \/>\n<link rel=\"canonical\" href=\"https:\/\/pornmate.com\/de\/mofos\" \/>\n<meta property=\"og:locale\" content=\"de_DE\" \/>\n<meta property=\"og:type\" content=\"article\" \/>\n<meta property=\"og:title\" content=\"Mofos.com und Liste der besten Pornoseiten | PornMate\" \/>\n<meta property=\"og:description\" content=\"Sobald Sie sich entschieden haben, in die herrliche Welt der kostenlosen Pornografie einzutauchen, gibt es wirklich keine M\u00f6glichkeit, den Kopf aus dem Wasser zu bekommen, weil es wirklich keinen Grund daf\u00fcr gibt. Wenn Sie sich jetzt die gro\u00dfartige Pornoseite Mofos ansehen, werden Sie sehen, was wir meinen.\" \/>\n<meta property=\"og:url\" content=\"https:\/\/pornmate.com\/de\/mofos\" \/>\n<meta property=\"og:site_name\" content=\"Besten Pornoseiten - Kostenlose Deutsche Pornos | PornMate.com\" \/>\n<meta property=\"article:modified_time\" content=\"2022-11-23T15:59:15+00:00\" \/>\n<meta name=\"twitter:card\" content=\"summary_large_image\" \/>\n<meta name=\"twitter:label1\" content=\"Gesch\u00e4tzte Lesezeit\" \/>\n\t<meta name=\"twitter:data1\" content=\"2\u00a0Minuten\" \/>\n<script type=\"application\/ld+json\" class=\"yoast-schema-graph\">{\"@context\":\"https:\/\/schema.org\",\"@graph\":[{\"@type\":\"WebPage\",\"@id\":\"https:\/\/pornmate.com\/de\/mofos\",\"url\":\"https:\/\/pornmate.com\/de\/mofos\",\"name\":\"Mofos.com und Liste der besten Pornoseiten | PornMate\",\"isPartOf\":{\"@id\":\"https:\/\/pornmate.com\/de\/#website\"},\"datePublished\":\"2019-07-25T12:41:42+00:00\",\"dateModified\":\"2022-11-23T15:59:15+00:00\",\"description\":\"Sobald Sie sich entschieden haben, in die herrliche Welt der kostenlosen Pornografie einzutauchen, gibt es wirklich keine M\u00f6glichkeit, den Kopf aus dem Wasser zu bekommen, weil es wirklich keinen Grund daf\u00fcr gibt. Wenn Sie sich jetzt die gro\u00dfartige Pornoseite Mofos ansehen, werden Sie sehen, was wir meinen.\",\"breadcrumb\":{\"@id\":\"https:\/\/pornmate.com\/de\/mofos#breadcrumb\"},\"inLanguage\":\"de\",\"potentialAction\":[{\"@type\":\"ReadAction\",\"target\":[\"https:\/\/pornmate.com\/de\/mofos\"]}]},{\"@type\":\"BreadcrumbList\",\"@id\":\"https:\/\/pornmate.com\/de\/mofos#breadcrumb\",\"itemListElement\":[{\"@type\":\"ListItem\",\"position\":1,\"name\":\"Startseite\",\"item\":\"https:\/\/pornmate.com\/de\"},{\"@type\":\"ListItem\",\"position\":2,\"name\":\"Mofos.com\"}]},{\"@type\":\"WebSite\",\"@id\":\"https:\/\/pornmate.com\/de\/#website\",\"url\":\"https:\/\/pornmate.com\/de\/\",\"name\":\"Besten Pornoseiten - Kostenlose Deutsche Pornos | PornMate.com\",\"description\":\"Kostenlose Pornos, ist Ihr Combo-Verzeichnis der besten gratis Pornoseiten, die Sie finden k\u00f6nnen, und das fantastische Seitenbewertungen, Kostenlose Deutsche sex Biografien von Pornostars und ihre xxx Freie Porno videos unter einem Dach pr\u00e4sentiert.\",\"publisher\":{\"@id\":\"https:\/\/pornmate.com\/de\/#organization\"},\"potentialAction\":[{\"@type\":\"SearchAction\",\"target\":{\"@type\":\"EntryPoint\",\"urlTemplate\":\"https:\/\/pornmate.com\/de\/?s={search_term_string}\"},\"query-input\":{\"@type\":\"PropertyValueSpecification\",\"valueRequired\":true,\"valueName\":\"search_term_string\"}}],\"inLanguage\":\"de\"},{\"@type\":\"Organization\",\"@id\":\"https:\/\/pornmate.com\/de\/#organization\",\"name\":\"Besten Pornoseiten - Kostenlose Deutsche Pornos | PornMate.com\",\"url\":\"https:\/\/pornmate.com\/de\/\",\"logo\":{\"@type\":\"ImageObject\",\"inLanguage\":\"de\",\"@id\":\"https:\/\/pornmate.com\/de\/#\/schema\/logo\/image\/\",\"url\":\"https:\/\/pornmate.com\/de\/wp-content\/uploads\/2022\/11\/pornmate-1.png\",\"contentUrl\":\"https:\/\/pornmate.com\/de\/wp-content\/uploads\/2022\/11\/pornmate-1.png\",\"width\":203,\"height\":200,\"caption\":\"Besten Pornoseiten - Kostenlose Deutsche Pornos | PornMate.com\"},\"image\":{\"@id\":\"https:\/\/pornmate.com\/de\/#\/schema\/logo\/image\/\"}}]}<\/script>\n<!-- \/ Yoast SEO plugin. -->","yoast_head_json":{"title":"Mofos.com und Liste der besten Pornoseiten | PornMate","description":"Sobald Sie sich entschieden haben, in die herrliche Welt der kostenlosen Pornografie einzutauchen, gibt es wirklich keine M\u00f6glichkeit, den Kopf aus dem Wasser zu bekommen, weil es wirklich keinen Grund daf\u00fcr gibt. Wenn Sie sich jetzt die gro\u00dfartige Pornoseite Mofos ansehen, werden Sie sehen, was wir meinen.","robots":{"index":"index","follow":"follow","max-snippet":"max-snippet:-1","max-image-preview":"max-image-preview:large","max-video-preview":"max-video-preview:-1"},"canonical":"https:\/\/pornmate.com\/de\/mofos","og_locale":"de_DE","og_type":"article","og_title":"Mofos.com und Liste der besten Pornoseiten | PornMate","og_description":"Sobald Sie sich entschieden haben, in die herrliche Welt der kostenlosen Pornografie einzutauchen, gibt es wirklich keine M\u00f6glichkeit, den Kopf aus dem Wasser zu bekommen, weil es wirklich keinen Grund daf\u00fcr gibt. Wenn Sie sich jetzt die gro\u00dfartige Pornoseite Mofos ansehen, werden Sie sehen, was wir meinen.","og_url":"https:\/\/pornmate.com\/de\/mofos","og_site_name":"Besten Pornoseiten - Kostenlose Deutsche Pornos | PornMate.com","article_modified_time":"2022-11-23T15:59:15+00:00","twitter_card":"summary_large_image","twitter_misc":{"Gesch\u00e4tzte Lesezeit":"2\u00a0Minuten"},"schema":{"@context":"https:\/\/schema.org","@graph":[{"@type":"WebPage","@id":"https:\/\/pornmate.com\/de\/mofos","url":"https:\/\/pornmate.com\/de\/mofos","name":"Mofos.com und Liste der besten Pornoseiten | PornMate","isPartOf":{"@id":"https:\/\/pornmate.com\/de\/#website"},"datePublished":"2019-07-25T12:41:42+00:00","dateModified":"2022-11-23T15:59:15+00:00","description":"Sobald Sie sich entschieden haben, in die herrliche Welt der kostenlosen Pornografie einzutauchen, gibt es wirklich keine M\u00f6glichkeit, den Kopf aus dem Wasser zu bekommen, weil es wirklich keinen Grund daf\u00fcr gibt. Wenn Sie sich jetzt die gro\u00dfartige Pornoseite Mofos ansehen, werden Sie sehen, was wir meinen.","breadcrumb":{"@id":"https:\/\/pornmate.com\/de\/mofos#breadcrumb"},"inLanguage":"de","potentialAction":[{"@type":"ReadAction","target":["https:\/\/pornmate.com\/de\/mofos"]}]},{"@type":"BreadcrumbList","@id":"https:\/\/pornmate.com\/de\/mofos#breadcrumb","itemListElement":[{"@type":"ListItem","position":1,"name":"Startseite","item":"https:\/\/pornmate.com\/de"},{"@type":"ListItem","position":2,"name":"Mofos.com"}]},{"@type":"WebSite","@id":"https:\/\/pornmate.com\/de\/#website","url":"https:\/\/pornmate.com\/de\/","name":"Besten Pornoseiten - Kostenlose Deutsche Pornos | PornMate.com","description":"Kostenlose Pornos, ist Ihr Combo-Verzeichnis der besten gratis Pornoseiten, die Sie finden k\u00f6nnen, und das fantastische Seitenbewertungen, Kostenlose Deutsche sex Biografien von Pornostars und ihre xxx Freie Porno videos unter einem Dach pr\u00e4sentiert.","publisher":{"@id":"https:\/\/pornmate.com\/de\/#organization"},"potentialAction":[{"@type":"SearchAction","target":{"@type":"EntryPoint","urlTemplate":"https:\/\/pornmate.com\/de\/?s={search_term_string}"},"query-input":{"@type":"PropertyValueSpecification","valueRequired":true,"valueName":"search_term_string"}}],"inLanguage":"de"},{"@type":"Organization","@id":"https:\/\/pornmate.com\/de\/#organization","name":"Besten Pornoseiten - Kostenlose Deutsche Pornos | PornMate.com","url":"https:\/\/pornmate.com\/de\/","logo":{"@type":"ImageObject","inLanguage":"de","@id":"https:\/\/pornmate.com\/de\/#\/schema\/logo\/image\/","url":"https:\/\/pornmate.com\/de\/wp-content\/uploads\/2022\/11\/pornmate-1.png","contentUrl":"https:\/\/pornmate.com\/de\/wp-content\/uploads\/2022\/11\/pornmate-1.png","width":203,"height":200,"caption":"Besten Pornoseiten - Kostenlose Deutsche Pornos | PornMate.com"},"image":{"@id":"https:\/\/pornmate.com\/de\/#\/schema\/logo\/image\/"}}]}},"_links":{"self":[{"href":"https:\/\/pornmate.com\/de\/wp-json\/wp\/v2\/pages\/4710","targetHints":{"allow":["GET"]}}],"collection":[{"href":"https:\/\/pornmate.com\/de\/wp-json\/wp\/v2\/pages"}],"about":[{"href":"https:\/\/pornmate.com\/de\/wp-json\/wp\/v2\/types\/page"}],"author":[{"embeddable":true,"href":"https:\/\/pornmate.com\/de\/wp-json\/wp\/v2\/users\/1"}],"replies":[{"embeddable":true,"href":"https:\/\/pornmate.com\/de\/wp-json\/wp\/v2\/comments?post=4710"}],"version-history":[{"count":0,"href":"https:\/\/pornmate.com\/de\/wp-json\/wp\/v2\/pages\/4710\/revisions"}],"wp:attachment":[{"href":"https:\/\/pornmate.com\/de\/wp-json\/wp\/v2\/media?parent=4710"}],"curies":[{"name":"wp","href":"https:\/\/api.w.org\/{rel}","templated":true}]}}