{"id":4718,"date":"2019-07-25T13:44:52","date_gmt":"2019-07-25T13:44:52","guid":{"rendered":"https:\/\/pornmate.com\/?page_id=4718"},"modified":"2022-11-23T17:07:40","modified_gmt":"2022-11-23T16:07:40","slug":"familystrokes","status":"publish","type":"page","link":"https:\/\/pornmate.com\/de\/familystrokes","title":{"rendered":"Familystrokes.com"},"content":{"rendered":"<p>Wenn Sie schon immer einmal sehen wollten, wie es sich anf\u00fchlt, eine sexy Stiefschwester zu haben, die Sie ihre enge, feuchte Fotze benutzen l\u00e4sst, wann immer Sie wollen, sind Sie hier genau richtig, denn genau daf\u00fcr ist diese Seite da. Nun, Sie wissen vielleicht schon, von welcher Seite wir gerade sprechen, aber selbst wenn Sie es nicht wissen, sollten Sie hier bleiben und sehen, was aus diesem Text am Ende wird. Jetzt werden Sie feststellen, dass es auf dieser Seite nicht nur rund 200 Szenen gibt, sondern jede mindestens 30 Minuten lang ist. Das bedeutet, dass Sie Stunden an Inhalten zum Auschecken haben. Dann sollten Sie wissen, dass die Filme direkt dort als MP4 gestreamt werden k\u00f6nnen, aber wenn Sie m\u00f6chten, k\u00f6nnen Sie die Filme in hoher Qualit\u00e4t auf Ihr Ger\u00e4t herunterladen. Nun, es ist auch erw\u00e4hnenswert, dass es auf dieser Seite kein Limit f\u00fcr Downloads gibt, also f\u00fchlen Sie sich frei, so viel zu verr\u00fcckt zu werden, wie Sie wollen. Alle Inhalte auf der Seite sind urheberrechtlich gesch\u00fctzt und es gibt keinen Modellmangel auf FamilyStrokes.com. Sie haben dieses Konzept entfernt. Das ist also definitiv eine gro\u00dfe Familie. Derzeit sind mehr als 186 Models auf dieser Seite zu sehen und dies ist wahrscheinlich die Anzahl der Models, die nur weiblich sind. Die Seite wird auch regelm\u00e4\u00dfig aktualisiert, sodass Sie davon ausgehen k\u00f6nnen, dass in absehbarer Zeit nichts Neues zu Ende geht. Dann werden Sie feststellen, dass die Website jede Menge Rabatte und einen netten kleinen Modelverzeichnis-Job bietet, der das Auffinden der richtigen Art von Film viel einfacher macht. Die meisten Leute sind mit den Family-Hits ziemlich zufrieden, und Sie auch.<\/p>\n","protected":false},"excerpt":{"rendered":"<p>Wenn Sie schon immer einmal sehen wollten, wie es sich anf\u00fchlt, eine sexy Stiefschwester zu haben, die Sie ihre enge, feuchte Fotze benutzen l\u00e4sst, wann immer Sie wollen, sind Sie hier genau richtig, denn genau daf\u00fcr ist diese Seite da. Nun, Sie wissen vielleicht schon, von welcher Seite wir gerade sprechen, aber selbst wenn Sie [&hellip;]<\/p>\n","protected":false},"author":1,"featured_media":0,"parent":0,"menu_order":0,"comment_status":"closed","ping_status":"closed","template":"page-star-stil.php","meta":{"footnotes":""},"class_list":["post-4718","page","type-page","status-publish","hentry"],"yoast_head":"<!-- This site is optimized with the Yoast SEO plugin v27.2 - https:\/\/yoast.com\/product\/yoast-seo-wordpress\/ -->\n<title>Familystrokes.com und Liste der besten Pornoseiten | PornMate<\/title>\n<meta name=\"description\" content=\"Wenn Sie schon immer einmal sehen wollten, wie es sich anf\u00fchlt, eine sexy Stiefschwester zu haben, die Sie ihre enge, feuchte Fotze benutzen l\u00e4sst, wann immer Sie wollen, sind Sie hier genau richtig, denn genau daf\u00fcr ist diese Seite da.\" \/>\n<meta name=\"robots\" content=\"index, follow, max-snippet:-1, max-image-preview:large, max-video-preview:-1\" \/>\n<link rel=\"canonical\" href=\"https:\/\/pornmate.com\/de\/familystrokes\" \/>\n<meta property=\"og:locale\" content=\"de_DE\" \/>\n<meta property=\"og:type\" content=\"article\" \/>\n<meta property=\"og:title\" content=\"Familystrokes.com und Liste der besten Pornoseiten | PornMate\" \/>\n<meta property=\"og:description\" content=\"Wenn Sie schon immer einmal sehen wollten, wie es sich anf\u00fchlt, eine sexy Stiefschwester zu haben, die Sie ihre enge, feuchte Fotze benutzen l\u00e4sst, wann immer Sie wollen, sind Sie hier genau richtig, denn genau daf\u00fcr ist diese Seite da.\" \/>\n<meta property=\"og:url\" content=\"https:\/\/pornmate.com\/de\/familystrokes\" \/>\n<meta property=\"og:site_name\" content=\"Besten Pornoseiten - Kostenlose Deutsche Pornos | PornMate.com\" \/>\n<meta property=\"article:modified_time\" content=\"2022-11-23T16:07:40+00:00\" \/>\n<meta name=\"twitter:card\" content=\"summary_large_image\" \/>\n<meta name=\"twitter:label1\" content=\"Gesch\u00e4tzte Lesezeit\" \/>\n\t<meta name=\"twitter:data1\" content=\"2\u00a0Minuten\" \/>\n<script type=\"application\/ld+json\" class=\"yoast-schema-graph\">{\"@context\":\"https:\/\/schema.org\",\"@graph\":[{\"@type\":\"WebPage\",\"@id\":\"https:\/\/pornmate.com\/de\/familystrokes\",\"url\":\"https:\/\/pornmate.com\/de\/familystrokes\",\"name\":\"Familystrokes.com und Liste der besten Pornoseiten | PornMate\",\"isPartOf\":{\"@id\":\"https:\/\/pornmate.com\/de\/#website\"},\"datePublished\":\"2019-07-25T13:44:52+00:00\",\"dateModified\":\"2022-11-23T16:07:40+00:00\",\"description\":\"Wenn Sie schon immer einmal sehen wollten, wie es sich anf\u00fchlt, eine sexy Stiefschwester zu haben, die Sie ihre enge, feuchte Fotze benutzen l\u00e4sst, wann immer Sie wollen, sind Sie hier genau richtig, denn genau daf\u00fcr ist diese Seite da.\",\"breadcrumb\":{\"@id\":\"https:\/\/pornmate.com\/de\/familystrokes#breadcrumb\"},\"inLanguage\":\"de\",\"potentialAction\":[{\"@type\":\"ReadAction\",\"target\":[\"https:\/\/pornmate.com\/de\/familystrokes\"]}]},{\"@type\":\"BreadcrumbList\",\"@id\":\"https:\/\/pornmate.com\/de\/familystrokes#breadcrumb\",\"itemListElement\":[{\"@type\":\"ListItem\",\"position\":1,\"name\":\"Startseite\",\"item\":\"https:\/\/pornmate.com\/de\"},{\"@type\":\"ListItem\",\"position\":2,\"name\":\"Familystrokes.com\"}]},{\"@type\":\"WebSite\",\"@id\":\"https:\/\/pornmate.com\/de\/#website\",\"url\":\"https:\/\/pornmate.com\/de\/\",\"name\":\"Besten Pornoseiten - Kostenlose Deutsche Pornos | PornMate.com\",\"description\":\"Kostenlose Pornos, ist Ihr Combo-Verzeichnis der besten gratis Pornoseiten, die Sie finden k\u00f6nnen, und das fantastische Seitenbewertungen, Kostenlose Deutsche sex Biografien von Pornostars und ihre xxx Freie Porno videos unter einem Dach pr\u00e4sentiert.\",\"publisher\":{\"@id\":\"https:\/\/pornmate.com\/de\/#organization\"},\"potentialAction\":[{\"@type\":\"SearchAction\",\"target\":{\"@type\":\"EntryPoint\",\"urlTemplate\":\"https:\/\/pornmate.com\/de\/?s={search_term_string}\"},\"query-input\":{\"@type\":\"PropertyValueSpecification\",\"valueRequired\":true,\"valueName\":\"search_term_string\"}}],\"inLanguage\":\"de\"},{\"@type\":\"Organization\",\"@id\":\"https:\/\/pornmate.com\/de\/#organization\",\"name\":\"Besten Pornoseiten - Kostenlose Deutsche Pornos | PornMate.com\",\"url\":\"https:\/\/pornmate.com\/de\/\",\"logo\":{\"@type\":\"ImageObject\",\"inLanguage\":\"de\",\"@id\":\"https:\/\/pornmate.com\/de\/#\/schema\/logo\/image\/\",\"url\":\"https:\/\/pornmate.com\/de\/wp-content\/uploads\/2022\/11\/pornmate-1.png\",\"contentUrl\":\"https:\/\/pornmate.com\/de\/wp-content\/uploads\/2022\/11\/pornmate-1.png\",\"width\":203,\"height\":200,\"caption\":\"Besten Pornoseiten - Kostenlose Deutsche Pornos | PornMate.com\"},\"image\":{\"@id\":\"https:\/\/pornmate.com\/de\/#\/schema\/logo\/image\/\"}}]}<\/script>\n<!-- \/ Yoast SEO plugin. -->","yoast_head_json":{"title":"Familystrokes.com und Liste der besten Pornoseiten | PornMate","description":"Wenn Sie schon immer einmal sehen wollten, wie es sich anf\u00fchlt, eine sexy Stiefschwester zu haben, die Sie ihre enge, feuchte Fotze benutzen l\u00e4sst, wann immer Sie wollen, sind Sie hier genau richtig, denn genau daf\u00fcr ist diese Seite da.","robots":{"index":"index","follow":"follow","max-snippet":"max-snippet:-1","max-image-preview":"max-image-preview:large","max-video-preview":"max-video-preview:-1"},"canonical":"https:\/\/pornmate.com\/de\/familystrokes","og_locale":"de_DE","og_type":"article","og_title":"Familystrokes.com und Liste der besten Pornoseiten | PornMate","og_description":"Wenn Sie schon immer einmal sehen wollten, wie es sich anf\u00fchlt, eine sexy Stiefschwester zu haben, die Sie ihre enge, feuchte Fotze benutzen l\u00e4sst, wann immer Sie wollen, sind Sie hier genau richtig, denn genau daf\u00fcr ist diese Seite da.","og_url":"https:\/\/pornmate.com\/de\/familystrokes","og_site_name":"Besten Pornoseiten - Kostenlose Deutsche Pornos | PornMate.com","article_modified_time":"2022-11-23T16:07:40+00:00","twitter_card":"summary_large_image","twitter_misc":{"Gesch\u00e4tzte Lesezeit":"2\u00a0Minuten"},"schema":{"@context":"https:\/\/schema.org","@graph":[{"@type":"WebPage","@id":"https:\/\/pornmate.com\/de\/familystrokes","url":"https:\/\/pornmate.com\/de\/familystrokes","name":"Familystrokes.com und Liste der besten Pornoseiten | PornMate","isPartOf":{"@id":"https:\/\/pornmate.com\/de\/#website"},"datePublished":"2019-07-25T13:44:52+00:00","dateModified":"2022-11-23T16:07:40+00:00","description":"Wenn Sie schon immer einmal sehen wollten, wie es sich anf\u00fchlt, eine sexy Stiefschwester zu haben, die Sie ihre enge, feuchte Fotze benutzen l\u00e4sst, wann immer Sie wollen, sind Sie hier genau richtig, denn genau daf\u00fcr ist diese Seite da.","breadcrumb":{"@id":"https:\/\/pornmate.com\/de\/familystrokes#breadcrumb"},"inLanguage":"de","potentialAction":[{"@type":"ReadAction","target":["https:\/\/pornmate.com\/de\/familystrokes"]}]},{"@type":"BreadcrumbList","@id":"https:\/\/pornmate.com\/de\/familystrokes#breadcrumb","itemListElement":[{"@type":"ListItem","position":1,"name":"Startseite","item":"https:\/\/pornmate.com\/de"},{"@type":"ListItem","position":2,"name":"Familystrokes.com"}]},{"@type":"WebSite","@id":"https:\/\/pornmate.com\/de\/#website","url":"https:\/\/pornmate.com\/de\/","name":"Besten Pornoseiten - Kostenlose Deutsche Pornos | PornMate.com","description":"Kostenlose Pornos, ist Ihr Combo-Verzeichnis der besten gratis Pornoseiten, die Sie finden k\u00f6nnen, und das fantastische Seitenbewertungen, Kostenlose Deutsche sex Biografien von Pornostars und ihre xxx Freie Porno videos unter einem Dach pr\u00e4sentiert.","publisher":{"@id":"https:\/\/pornmate.com\/de\/#organization"},"potentialAction":[{"@type":"SearchAction","target":{"@type":"EntryPoint","urlTemplate":"https:\/\/pornmate.com\/de\/?s={search_term_string}"},"query-input":{"@type":"PropertyValueSpecification","valueRequired":true,"valueName":"search_term_string"}}],"inLanguage":"de"},{"@type":"Organization","@id":"https:\/\/pornmate.com\/de\/#organization","name":"Besten Pornoseiten - Kostenlose Deutsche Pornos | PornMate.com","url":"https:\/\/pornmate.com\/de\/","logo":{"@type":"ImageObject","inLanguage":"de","@id":"https:\/\/pornmate.com\/de\/#\/schema\/logo\/image\/","url":"https:\/\/pornmate.com\/de\/wp-content\/uploads\/2022\/11\/pornmate-1.png","contentUrl":"https:\/\/pornmate.com\/de\/wp-content\/uploads\/2022\/11\/pornmate-1.png","width":203,"height":200,"caption":"Besten Pornoseiten - Kostenlose Deutsche Pornos | PornMate.com"},"image":{"@id":"https:\/\/pornmate.com\/de\/#\/schema\/logo\/image\/"}}]}},"_links":{"self":[{"href":"https:\/\/pornmate.com\/de\/wp-json\/wp\/v2\/pages\/4718","targetHints":{"allow":["GET"]}}],"collection":[{"href":"https:\/\/pornmate.com\/de\/wp-json\/wp\/v2\/pages"}],"about":[{"href":"https:\/\/pornmate.com\/de\/wp-json\/wp\/v2\/types\/page"}],"author":[{"embeddable":true,"href":"https:\/\/pornmate.com\/de\/wp-json\/wp\/v2\/users\/1"}],"replies":[{"embeddable":true,"href":"https:\/\/pornmate.com\/de\/wp-json\/wp\/v2\/comments?post=4718"}],"version-history":[{"count":0,"href":"https:\/\/pornmate.com\/de\/wp-json\/wp\/v2\/pages\/4718\/revisions"}],"wp:attachment":[{"href":"https:\/\/pornmate.com\/de\/wp-json\/wp\/v2\/media?parent=4718"}],"curies":[{"name":"wp","href":"https:\/\/api.w.org\/{rel}","templated":true}]}}