{"id":4721,"date":"2019-07-25T14:35:51","date_gmt":"2019-07-25T14:35:51","guid":{"rendered":"https:\/\/pornmate.com\/?page_id=4721"},"modified":"2022-11-23T17:07:49","modified_gmt":"2022-11-23T16:07:49","slug":"exxxtrasmall","status":"publish","type":"page","link":"https:\/\/pornmate.com\/de\/exxxtrasmall","title":{"rendered":"Exxxtrasmall.com"},"content":{"rendered":"<p>Heutzutage entscheiden sich die meisten Jungs f\u00fcr M\u00e4dchen, die sehr klein sind (manchmal unter 5 Fu\u00df) und auch d\u00fcnne K\u00f6rper haben. Aber es gibt auch solche mit sch\u00f6nen Booties, in die Sie gerne gro\u00dfe und sch\u00f6ne Br\u00fcste quetschen werden. Wenn Sie einer dieser Typen sind, sollten Sie auch wissen, dass es nicht viele Behandlungen f\u00fcr Ihre Erkrankung gibt &#8230; ExxxtraSmall.com kann sich als eine gro\u00dfartige Sache erweisen. W\u00e4hrend diese Seite deine Pornosucht definitiv nicht heilen wird, wird sie dir definitiv helfen, den Schmerz zu \u00fcberwinden, kein d\u00fcnnes K\u00fcken mit einem gro\u00dfen Arsch in deinem Schwanz zu haben. Alles in allem ist diese Seite definitiv nicht sehr teuer.Um Ihre Exxxtra Small-Mitgliedschaft aufrechtzuerhalten, m\u00fcssen Sie nur zehn Dollar pro Monat bezahlen. So einfach ist das. Dies erfordert jedoch den Erwerb einer einj\u00e4hrigen Mitgliedschaft. Es ist nicht ungew\u00f6hnlich, sich vorzustellen, dass alle M\u00e4nner gerade ihre Hosen herunterziehen und versuchen, ihre Kreditkarten zu finden, um diese Art von Pornografie anzusehen. Verdammt, die Seite wird h\u00e4ufig aktualisiert, sodass Sie mit einem einj\u00e4hrigen Abonnement jede Menge neuer Inhalte sehen k\u00f6nnen. Sie sollten auch wissen, dass die Filme auf dieser Seite in Aufl\u00f6sungen von bis zu 1920 x 1080 verf\u00fcgbar sind, was absolut fantastisch ist. Derzeit gibt es 240 Szenen und Fotogalerien auf der Seite. Nun, die Art von Video, die Sie hier finden, ist genau das, was Sie erwarten w\u00fcrden. Das Hemd wird von den wei\u00dfen M\u00e4nnern so hart gedem\u00fctigt, dass die kleinen M\u00e4dchen nacheinander aufgeh\u00e4ngt werden. Es gibt keine Begrenzung f\u00fcr das Herunterladen von Filmen.<\/p>\n","protected":false},"excerpt":{"rendered":"<p>Heutzutage entscheiden sich die meisten Jungs f\u00fcr M\u00e4dchen, die sehr klein sind (manchmal unter 5 Fu\u00df) und auch d\u00fcnne K\u00f6rper haben. Aber es gibt auch solche mit sch\u00f6nen Booties, in die Sie gerne gro\u00dfe und sch\u00f6ne Br\u00fcste quetschen werden. Wenn Sie einer dieser Typen sind, sollten Sie auch wissen, dass es nicht viele Behandlungen f\u00fcr [&hellip;]<\/p>\n","protected":false},"author":1,"featured_media":0,"parent":0,"menu_order":0,"comment_status":"closed","ping_status":"closed","template":"page-star-stil.php","meta":{"footnotes":""},"class_list":["post-4721","page","type-page","status-publish","hentry"],"yoast_head":"<!-- This site is optimized with the Yoast SEO plugin v27.2 - https:\/\/yoast.com\/product\/yoast-seo-wordpress\/ -->\n<title>Exxxtrasmall.com und Liste der besten Pornoseiten | PornMate<\/title>\n<meta name=\"description\" content=\"Heutzutage entscheiden sich die meisten Jungs f\u00fcr M\u00e4dchen, die sehr klein sind (manchmal unter 5 Fu\u00df) und auch d\u00fcnne K\u00f6rper haben. Aber es gibt auch solche mit sch\u00f6nen Booties, in die Sie gerne gro\u00dfe und sch\u00f6ne Br\u00fcste quetschen werden. Wenn Sie einer dieser Typen sind, sollten Sie auch wissen, dass es nicht viele Behandlungen f\u00fcr Ihre Erkrankung gibt ...\" \/>\n<meta name=\"robots\" content=\"index, follow, max-snippet:-1, max-image-preview:large, max-video-preview:-1\" \/>\n<link rel=\"canonical\" href=\"https:\/\/pornmate.com\/de\/exxxtrasmall\" \/>\n<meta property=\"og:locale\" content=\"de_DE\" \/>\n<meta property=\"og:type\" content=\"article\" \/>\n<meta property=\"og:title\" content=\"Exxxtrasmall.com und Liste der besten Pornoseiten | PornMate\" \/>\n<meta property=\"og:description\" content=\"Heutzutage entscheiden sich die meisten Jungs f\u00fcr M\u00e4dchen, die sehr klein sind (manchmal unter 5 Fu\u00df) und auch d\u00fcnne K\u00f6rper haben. Aber es gibt auch solche mit sch\u00f6nen Booties, in die Sie gerne gro\u00dfe und sch\u00f6ne Br\u00fcste quetschen werden. Wenn Sie einer dieser Typen sind, sollten Sie auch wissen, dass es nicht viele Behandlungen f\u00fcr Ihre Erkrankung gibt ...\" \/>\n<meta property=\"og:url\" content=\"https:\/\/pornmate.com\/de\/exxxtrasmall\" \/>\n<meta property=\"og:site_name\" content=\"Besten Pornoseiten - Kostenlose Deutsche Pornos | PornMate.com\" \/>\n<meta property=\"article:modified_time\" content=\"2022-11-23T16:07:49+00:00\" \/>\n<meta name=\"twitter:card\" content=\"summary_large_image\" \/>\n<meta name=\"twitter:label1\" content=\"Gesch\u00e4tzte Lesezeit\" \/>\n\t<meta name=\"twitter:data1\" content=\"2\u00a0Minuten\" \/>\n<script type=\"application\/ld+json\" class=\"yoast-schema-graph\">{\"@context\":\"https:\/\/schema.org\",\"@graph\":[{\"@type\":\"WebPage\",\"@id\":\"https:\/\/pornmate.com\/de\/exxxtrasmall\",\"url\":\"https:\/\/pornmate.com\/de\/exxxtrasmall\",\"name\":\"Exxxtrasmall.com und Liste der besten Pornoseiten | PornMate\",\"isPartOf\":{\"@id\":\"https:\/\/pornmate.com\/de\/#website\"},\"datePublished\":\"2019-07-25T14:35:51+00:00\",\"dateModified\":\"2022-11-23T16:07:49+00:00\",\"description\":\"Heutzutage entscheiden sich die meisten Jungs f\u00fcr M\u00e4dchen, die sehr klein sind (manchmal unter 5 Fu\u00df) und auch d\u00fcnne K\u00f6rper haben. Aber es gibt auch solche mit sch\u00f6nen Booties, in die Sie gerne gro\u00dfe und sch\u00f6ne Br\u00fcste quetschen werden. Wenn Sie einer dieser Typen sind, sollten Sie auch wissen, dass es nicht viele Behandlungen f\u00fcr Ihre Erkrankung gibt ...\",\"breadcrumb\":{\"@id\":\"https:\/\/pornmate.com\/de\/exxxtrasmall#breadcrumb\"},\"inLanguage\":\"de\",\"potentialAction\":[{\"@type\":\"ReadAction\",\"target\":[\"https:\/\/pornmate.com\/de\/exxxtrasmall\"]}]},{\"@type\":\"BreadcrumbList\",\"@id\":\"https:\/\/pornmate.com\/de\/exxxtrasmall#breadcrumb\",\"itemListElement\":[{\"@type\":\"ListItem\",\"position\":1,\"name\":\"Startseite\",\"item\":\"https:\/\/pornmate.com\/de\"},{\"@type\":\"ListItem\",\"position\":2,\"name\":\"Exxxtrasmall.com\"}]},{\"@type\":\"WebSite\",\"@id\":\"https:\/\/pornmate.com\/de\/#website\",\"url\":\"https:\/\/pornmate.com\/de\/\",\"name\":\"Besten Pornoseiten - Kostenlose Deutsche Pornos | PornMate.com\",\"description\":\"Kostenlose Pornos, ist Ihr Combo-Verzeichnis der besten gratis Pornoseiten, die Sie finden k\u00f6nnen, und das fantastische Seitenbewertungen, Kostenlose Deutsche sex Biografien von Pornostars und ihre xxx Freie Porno videos unter einem Dach pr\u00e4sentiert.\",\"publisher\":{\"@id\":\"https:\/\/pornmate.com\/de\/#organization\"},\"potentialAction\":[{\"@type\":\"SearchAction\",\"target\":{\"@type\":\"EntryPoint\",\"urlTemplate\":\"https:\/\/pornmate.com\/de\/?s={search_term_string}\"},\"query-input\":{\"@type\":\"PropertyValueSpecification\",\"valueRequired\":true,\"valueName\":\"search_term_string\"}}],\"inLanguage\":\"de\"},{\"@type\":\"Organization\",\"@id\":\"https:\/\/pornmate.com\/de\/#organization\",\"name\":\"Besten Pornoseiten - Kostenlose Deutsche Pornos | PornMate.com\",\"url\":\"https:\/\/pornmate.com\/de\/\",\"logo\":{\"@type\":\"ImageObject\",\"inLanguage\":\"de\",\"@id\":\"https:\/\/pornmate.com\/de\/#\/schema\/logo\/image\/\",\"url\":\"https:\/\/pornmate.com\/de\/wp-content\/uploads\/2022\/11\/pornmate-1.png\",\"contentUrl\":\"https:\/\/pornmate.com\/de\/wp-content\/uploads\/2022\/11\/pornmate-1.png\",\"width\":203,\"height\":200,\"caption\":\"Besten Pornoseiten - Kostenlose Deutsche Pornos | PornMate.com\"},\"image\":{\"@id\":\"https:\/\/pornmate.com\/de\/#\/schema\/logo\/image\/\"}}]}<\/script>\n<!-- \/ Yoast SEO plugin. -->","yoast_head_json":{"title":"Exxxtrasmall.com und Liste der besten Pornoseiten | PornMate","description":"Heutzutage entscheiden sich die meisten Jungs f\u00fcr M\u00e4dchen, die sehr klein sind (manchmal unter 5 Fu\u00df) und auch d\u00fcnne K\u00f6rper haben. Aber es gibt auch solche mit sch\u00f6nen Booties, in die Sie gerne gro\u00dfe und sch\u00f6ne Br\u00fcste quetschen werden. Wenn Sie einer dieser Typen sind, sollten Sie auch wissen, dass es nicht viele Behandlungen f\u00fcr Ihre Erkrankung gibt ...","robots":{"index":"index","follow":"follow","max-snippet":"max-snippet:-1","max-image-preview":"max-image-preview:large","max-video-preview":"max-video-preview:-1"},"canonical":"https:\/\/pornmate.com\/de\/exxxtrasmall","og_locale":"de_DE","og_type":"article","og_title":"Exxxtrasmall.com und Liste der besten Pornoseiten | PornMate","og_description":"Heutzutage entscheiden sich die meisten Jungs f\u00fcr M\u00e4dchen, die sehr klein sind (manchmal unter 5 Fu\u00df) und auch d\u00fcnne K\u00f6rper haben. Aber es gibt auch solche mit sch\u00f6nen Booties, in die Sie gerne gro\u00dfe und sch\u00f6ne Br\u00fcste quetschen werden. Wenn Sie einer dieser Typen sind, sollten Sie auch wissen, dass es nicht viele Behandlungen f\u00fcr Ihre Erkrankung gibt ...","og_url":"https:\/\/pornmate.com\/de\/exxxtrasmall","og_site_name":"Besten Pornoseiten - Kostenlose Deutsche Pornos | PornMate.com","article_modified_time":"2022-11-23T16:07:49+00:00","twitter_card":"summary_large_image","twitter_misc":{"Gesch\u00e4tzte Lesezeit":"2\u00a0Minuten"},"schema":{"@context":"https:\/\/schema.org","@graph":[{"@type":"WebPage","@id":"https:\/\/pornmate.com\/de\/exxxtrasmall","url":"https:\/\/pornmate.com\/de\/exxxtrasmall","name":"Exxxtrasmall.com und Liste der besten Pornoseiten | PornMate","isPartOf":{"@id":"https:\/\/pornmate.com\/de\/#website"},"datePublished":"2019-07-25T14:35:51+00:00","dateModified":"2022-11-23T16:07:49+00:00","description":"Heutzutage entscheiden sich die meisten Jungs f\u00fcr M\u00e4dchen, die sehr klein sind (manchmal unter 5 Fu\u00df) und auch d\u00fcnne K\u00f6rper haben. Aber es gibt auch solche mit sch\u00f6nen Booties, in die Sie gerne gro\u00dfe und sch\u00f6ne Br\u00fcste quetschen werden. Wenn Sie einer dieser Typen sind, sollten Sie auch wissen, dass es nicht viele Behandlungen f\u00fcr Ihre Erkrankung gibt ...","breadcrumb":{"@id":"https:\/\/pornmate.com\/de\/exxxtrasmall#breadcrumb"},"inLanguage":"de","potentialAction":[{"@type":"ReadAction","target":["https:\/\/pornmate.com\/de\/exxxtrasmall"]}]},{"@type":"BreadcrumbList","@id":"https:\/\/pornmate.com\/de\/exxxtrasmall#breadcrumb","itemListElement":[{"@type":"ListItem","position":1,"name":"Startseite","item":"https:\/\/pornmate.com\/de"},{"@type":"ListItem","position":2,"name":"Exxxtrasmall.com"}]},{"@type":"WebSite","@id":"https:\/\/pornmate.com\/de\/#website","url":"https:\/\/pornmate.com\/de\/","name":"Besten Pornoseiten - Kostenlose Deutsche Pornos | PornMate.com","description":"Kostenlose Pornos, ist Ihr Combo-Verzeichnis der besten gratis Pornoseiten, die Sie finden k\u00f6nnen, und das fantastische Seitenbewertungen, Kostenlose Deutsche sex Biografien von Pornostars und ihre xxx Freie Porno videos unter einem Dach pr\u00e4sentiert.","publisher":{"@id":"https:\/\/pornmate.com\/de\/#organization"},"potentialAction":[{"@type":"SearchAction","target":{"@type":"EntryPoint","urlTemplate":"https:\/\/pornmate.com\/de\/?s={search_term_string}"},"query-input":{"@type":"PropertyValueSpecification","valueRequired":true,"valueName":"search_term_string"}}],"inLanguage":"de"},{"@type":"Organization","@id":"https:\/\/pornmate.com\/de\/#organization","name":"Besten Pornoseiten - Kostenlose Deutsche Pornos | PornMate.com","url":"https:\/\/pornmate.com\/de\/","logo":{"@type":"ImageObject","inLanguage":"de","@id":"https:\/\/pornmate.com\/de\/#\/schema\/logo\/image\/","url":"https:\/\/pornmate.com\/de\/wp-content\/uploads\/2022\/11\/pornmate-1.png","contentUrl":"https:\/\/pornmate.com\/de\/wp-content\/uploads\/2022\/11\/pornmate-1.png","width":203,"height":200,"caption":"Besten Pornoseiten - Kostenlose Deutsche Pornos | PornMate.com"},"image":{"@id":"https:\/\/pornmate.com\/de\/#\/schema\/logo\/image\/"}}]}},"_links":{"self":[{"href":"https:\/\/pornmate.com\/de\/wp-json\/wp\/v2\/pages\/4721","targetHints":{"allow":["GET"]}}],"collection":[{"href":"https:\/\/pornmate.com\/de\/wp-json\/wp\/v2\/pages"}],"about":[{"href":"https:\/\/pornmate.com\/de\/wp-json\/wp\/v2\/types\/page"}],"author":[{"embeddable":true,"href":"https:\/\/pornmate.com\/de\/wp-json\/wp\/v2\/users\/1"}],"replies":[{"embeddable":true,"href":"https:\/\/pornmate.com\/de\/wp-json\/wp\/v2\/comments?post=4721"}],"version-history":[{"count":0,"href":"https:\/\/pornmate.com\/de\/wp-json\/wp\/v2\/pages\/4721\/revisions"}],"wp:attachment":[{"href":"https:\/\/pornmate.com\/de\/wp-json\/wp\/v2\/media?parent=4721"}],"curies":[{"name":"wp","href":"https:\/\/api.w.org\/{rel}","templated":true}]}}