{"id":4740,"date":"2019-07-27T12:17:15","date_gmt":"2019-07-27T12:17:15","guid":{"rendered":"https:\/\/pornmate.com\/?page_id=4740"},"modified":"2022-11-24T11:37:00","modified_gmt":"2022-11-24T10:37:00","slug":"fakehub","status":"publish","type":"page","link":"https:\/\/pornmate.com\/de\/fakehub","title":{"rendered":"Fakehub.com"},"content":{"rendered":"<p>Wenn Sie sich Pornos ansehen und nach realistischeren Szenen suchen, haben Sie eine gro\u00dfartige Seite. Hier finden Sie die besten Reality-Porno-Videos in vollem HQ und voller hei\u00dfer Action. Fakehub, wie ich bereits sagte, hier sind die realistischen Videos. Es dreht sich also um ein Szenario, das das Thema sein k\u00f6nnte. Schauen Sie sich das ernsthaft an, wenn Sie diese Art von &#8222;realistischem&#8220; Ansatz m\u00f6gen. Es spielt keine Rolle, ob eine fette Braut vor ihrer Hochzeit einen Schwanz isst oder ein hei\u00dfes M\u00e4dchen den Schwanz ihres Nachbarn bl\u00e4st. Hier finden Sie alles. Das ist auch gro\u00dfartig, denn die Qualit\u00e4t ist ebenso beeindruckend. Und es gibt verschiedene Szenen. Es spielt also buchst\u00e4blich keine Rolle, ob Sie in einem W\u00f6rterbuch st\u00f6bern oder andere L\u00fccken ausgef\u00fcllt sehen. Au\u00dferdem ist es einfach zu navigieren, da es nicht viele zus\u00e4tzliche Optionen gibt. So macht das St\u00f6bern auf der Seite Spa\u00df. Und mit \u00fcber 3.000 Inhalten auf der Website wird es Ihnen nie langweilig, geduldig auf etwas Neues zu warten. Wenn Sie dies n\u00fctzlich finden, empfehlen wir Ihnen, sich auch bei FakeHub.com anzumelden. Sie k\u00f6nnen es testen oder echtes Vollmitglied werden. Je nach Nutzungsdauer gibt es 3 Arten der Mitgliedschaft. Beispielsweise kostet ein 1-Monats-Abonnement 29 $ und ein 3-Monats-Abonnement 59 $. Ziemlich g\u00fcnstig, oder? Au\u00dferdem kostet das Jahresabonnement 110 US-Dollar, was gro\u00dfartig ist.<\/p>\n","protected":false},"excerpt":{"rendered":"<p>Wenn Sie sich Pornos ansehen und nach realistischeren Szenen suchen, haben Sie eine gro\u00dfartige Seite. Hier finden Sie die besten Reality-Porno-Videos in vollem HQ und voller hei\u00dfer Action. Fakehub, wie ich bereits sagte, hier sind die realistischen Videos. Es dreht sich also um ein Szenario, das das Thema sein k\u00f6nnte. Schauen Sie sich das ernsthaft [&hellip;]<\/p>\n","protected":false},"author":1,"featured_media":0,"parent":0,"menu_order":0,"comment_status":"closed","ping_status":"closed","template":"page-star-stil.php","meta":{"footnotes":""},"class_list":["post-4740","page","type-page","status-publish","hentry"],"yoast_head":"<!-- This site is optimized with the Yoast SEO plugin v27.4 - https:\/\/yoast.com\/product\/yoast-seo-wordpress\/ -->\n<title>Fakehub.com und Liste der besten Pornoseiten | PornMate<\/title>\n<meta name=\"description\" content=\"If you are watching porn and looking for more realistic scenes, we have come to you with a great site. Here you will see the best reality porn videos full of hot action in full HQ. Fakehub, As we said before, there are realistic videos here, meaning it revolves around scenarios that could potentially be the theme.\" \/>\n<meta name=\"robots\" content=\"index, follow, max-snippet:-1, max-image-preview:large, max-video-preview:-1\" \/>\n<link rel=\"canonical\" href=\"https:\/\/pornmate.com\/de\/fakehub\" \/>\n<meta property=\"og:locale\" content=\"de_DE\" \/>\n<meta property=\"og:type\" content=\"article\" \/>\n<meta property=\"og:title\" content=\"Fakehub.com und Liste der besten Pornoseiten | PornMate\" \/>\n<meta property=\"og:description\" content=\"If you are watching porn and looking for more realistic scenes, we have come to you with a great site. Here you will see the best reality porn videos full of hot action in full HQ. Fakehub, As we said before, there are realistic videos here, meaning it revolves around scenarios that could potentially be the theme.\" \/>\n<meta property=\"og:url\" content=\"https:\/\/pornmate.com\/de\/fakehub\" \/>\n<meta property=\"og:site_name\" content=\"Besten Pornoseiten - Kostenlose Deutsche Pornos | PornMate.com\" \/>\n<meta property=\"article:modified_time\" content=\"2022-11-24T10:37:00+00:00\" \/>\n<meta name=\"twitter:card\" content=\"summary_large_image\" \/>\n<meta name=\"twitter:label1\" content=\"Gesch\u00e4tzte Lesezeit\" \/>\n\t<meta name=\"twitter:data1\" content=\"2\u00a0Minuten\" \/>\n<script type=\"application\/ld+json\" class=\"yoast-schema-graph\">{\"@context\":\"https:\\\/\\\/schema.org\",\"@graph\":[{\"@type\":\"WebPage\",\"@id\":\"https:\\\/\\\/pornmate.com\\\/de\\\/fakehub\",\"url\":\"https:\\\/\\\/pornmate.com\\\/de\\\/fakehub\",\"name\":\"Fakehub.com und Liste der besten Pornoseiten | PornMate\",\"isPartOf\":{\"@id\":\"https:\\\/\\\/pornmate.com\\\/de\\\/#website\"},\"datePublished\":\"2019-07-27T12:17:15+00:00\",\"dateModified\":\"2022-11-24T10:37:00+00:00\",\"description\":\"If you are watching porn and looking for more realistic scenes, we have come to you with a great site. Here you will see the best reality porn videos full of hot action in full HQ. Fakehub, As we said before, there are realistic videos here, meaning it revolves around scenarios that could potentially be the theme.\",\"breadcrumb\":{\"@id\":\"https:\\\/\\\/pornmate.com\\\/de\\\/fakehub#breadcrumb\"},\"inLanguage\":\"de\",\"potentialAction\":[{\"@type\":\"ReadAction\",\"target\":[\"https:\\\/\\\/pornmate.com\\\/de\\\/fakehub\"]}]},{\"@type\":\"BreadcrumbList\",\"@id\":\"https:\\\/\\\/pornmate.com\\\/de\\\/fakehub#breadcrumb\",\"itemListElement\":[{\"@type\":\"ListItem\",\"position\":1,\"name\":\"Startseite\",\"item\":\"https:\\\/\\\/pornmate.com\\\/de\"},{\"@type\":\"ListItem\",\"position\":2,\"name\":\"Fakehub.com\"}]},{\"@type\":\"WebSite\",\"@id\":\"https:\\\/\\\/pornmate.com\\\/de\\\/#website\",\"url\":\"https:\\\/\\\/pornmate.com\\\/de\\\/\",\"name\":\"Besten Pornoseiten - Kostenlose Deutsche Pornos | PornMate.com\",\"description\":\"Kostenlose Pornos, ist Ihr Combo-Verzeichnis der besten gratis Pornoseiten, die Sie finden k\u00f6nnen, und das fantastische Seitenbewertungen, Kostenlose Deutsche sex Biografien von Pornostars und ihre xxx Freie Porno videos unter einem Dach pr\u00e4sentiert.\",\"publisher\":{\"@id\":\"https:\\\/\\\/pornmate.com\\\/de\\\/#organization\"},\"potentialAction\":[{\"@type\":\"SearchAction\",\"target\":{\"@type\":\"EntryPoint\",\"urlTemplate\":\"https:\\\/\\\/pornmate.com\\\/de\\\/?s={search_term_string}\"},\"query-input\":{\"@type\":\"PropertyValueSpecification\",\"valueRequired\":true,\"valueName\":\"search_term_string\"}}],\"inLanguage\":\"de\"},{\"@type\":\"Organization\",\"@id\":\"https:\\\/\\\/pornmate.com\\\/de\\\/#organization\",\"name\":\"Besten Pornoseiten - Kostenlose Deutsche Pornos | PornMate.com\",\"url\":\"https:\\\/\\\/pornmate.com\\\/de\\\/\",\"logo\":{\"@type\":\"ImageObject\",\"inLanguage\":\"de\",\"@id\":\"https:\\\/\\\/pornmate.com\\\/de\\\/#\\\/schema\\\/logo\\\/image\\\/\",\"url\":\"https:\\\/\\\/pornmate.com\\\/de\\\/wp-content\\\/uploads\\\/2022\\\/11\\\/pornmate-1.png\",\"contentUrl\":\"https:\\\/\\\/pornmate.com\\\/de\\\/wp-content\\\/uploads\\\/2022\\\/11\\\/pornmate-1.png\",\"width\":203,\"height\":200,\"caption\":\"Besten Pornoseiten - Kostenlose Deutsche Pornos | PornMate.com\"},\"image\":{\"@id\":\"https:\\\/\\\/pornmate.com\\\/de\\\/#\\\/schema\\\/logo\\\/image\\\/\"}}]}<\/script>\n<!-- \/ Yoast SEO plugin. -->","yoast_head_json":{"title":"Fakehub.com und Liste der besten Pornoseiten | PornMate","description":"If you are watching porn and looking for more realistic scenes, we have come to you with a great site. Here you will see the best reality porn videos full of hot action in full HQ. Fakehub, As we said before, there are realistic videos here, meaning it revolves around scenarios that could potentially be the theme.","robots":{"index":"index","follow":"follow","max-snippet":"max-snippet:-1","max-image-preview":"max-image-preview:large","max-video-preview":"max-video-preview:-1"},"canonical":"https:\/\/pornmate.com\/de\/fakehub","og_locale":"de_DE","og_type":"article","og_title":"Fakehub.com und Liste der besten Pornoseiten | PornMate","og_description":"If you are watching porn and looking for more realistic scenes, we have come to you with a great site. Here you will see the best reality porn videos full of hot action in full HQ. Fakehub, As we said before, there are realistic videos here, meaning it revolves around scenarios that could potentially be the theme.","og_url":"https:\/\/pornmate.com\/de\/fakehub","og_site_name":"Besten Pornoseiten - Kostenlose Deutsche Pornos | PornMate.com","article_modified_time":"2022-11-24T10:37:00+00:00","twitter_card":"summary_large_image","twitter_misc":{"Gesch\u00e4tzte Lesezeit":"2\u00a0Minuten"},"schema":{"@context":"https:\/\/schema.org","@graph":[{"@type":"WebPage","@id":"https:\/\/pornmate.com\/de\/fakehub","url":"https:\/\/pornmate.com\/de\/fakehub","name":"Fakehub.com und Liste der besten Pornoseiten | PornMate","isPartOf":{"@id":"https:\/\/pornmate.com\/de\/#website"},"datePublished":"2019-07-27T12:17:15+00:00","dateModified":"2022-11-24T10:37:00+00:00","description":"If you are watching porn and looking for more realistic scenes, we have come to you with a great site. Here you will see the best reality porn videos full of hot action in full HQ. Fakehub, As we said before, there are realistic videos here, meaning it revolves around scenarios that could potentially be the theme.","breadcrumb":{"@id":"https:\/\/pornmate.com\/de\/fakehub#breadcrumb"},"inLanguage":"de","potentialAction":[{"@type":"ReadAction","target":["https:\/\/pornmate.com\/de\/fakehub"]}]},{"@type":"BreadcrumbList","@id":"https:\/\/pornmate.com\/de\/fakehub#breadcrumb","itemListElement":[{"@type":"ListItem","position":1,"name":"Startseite","item":"https:\/\/pornmate.com\/de"},{"@type":"ListItem","position":2,"name":"Fakehub.com"}]},{"@type":"WebSite","@id":"https:\/\/pornmate.com\/de\/#website","url":"https:\/\/pornmate.com\/de\/","name":"Besten Pornoseiten - Kostenlose Deutsche Pornos | PornMate.com","description":"Kostenlose Pornos, ist Ihr Combo-Verzeichnis der besten gratis Pornoseiten, die Sie finden k\u00f6nnen, und das fantastische Seitenbewertungen, Kostenlose Deutsche sex Biografien von Pornostars und ihre xxx Freie Porno videos unter einem Dach pr\u00e4sentiert.","publisher":{"@id":"https:\/\/pornmate.com\/de\/#organization"},"potentialAction":[{"@type":"SearchAction","target":{"@type":"EntryPoint","urlTemplate":"https:\/\/pornmate.com\/de\/?s={search_term_string}"},"query-input":{"@type":"PropertyValueSpecification","valueRequired":true,"valueName":"search_term_string"}}],"inLanguage":"de"},{"@type":"Organization","@id":"https:\/\/pornmate.com\/de\/#organization","name":"Besten Pornoseiten - Kostenlose Deutsche Pornos | PornMate.com","url":"https:\/\/pornmate.com\/de\/","logo":{"@type":"ImageObject","inLanguage":"de","@id":"https:\/\/pornmate.com\/de\/#\/schema\/logo\/image\/","url":"https:\/\/pornmate.com\/de\/wp-content\/uploads\/2022\/11\/pornmate-1.png","contentUrl":"https:\/\/pornmate.com\/de\/wp-content\/uploads\/2022\/11\/pornmate-1.png","width":203,"height":200,"caption":"Besten Pornoseiten - Kostenlose Deutsche Pornos | PornMate.com"},"image":{"@id":"https:\/\/pornmate.com\/de\/#\/schema\/logo\/image\/"}}]}},"_links":{"self":[{"href":"https:\/\/pornmate.com\/de\/wp-json\/wp\/v2\/pages\/4740","targetHints":{"allow":["GET"]}}],"collection":[{"href":"https:\/\/pornmate.com\/de\/wp-json\/wp\/v2\/pages"}],"about":[{"href":"https:\/\/pornmate.com\/de\/wp-json\/wp\/v2\/types\/page"}],"author":[{"embeddable":true,"href":"https:\/\/pornmate.com\/de\/wp-json\/wp\/v2\/users\/1"}],"replies":[{"embeddable":true,"href":"https:\/\/pornmate.com\/de\/wp-json\/wp\/v2\/comments?post=4740"}],"version-history":[{"count":0,"href":"https:\/\/pornmate.com\/de\/wp-json\/wp\/v2\/pages\/4740\/revisions"}],"wp:attachment":[{"href":"https:\/\/pornmate.com\/de\/wp-json\/wp\/v2\/media?parent=4740"}],"curies":[{"name":"wp","href":"https:\/\/api.w.org\/{rel}","templated":true}]}}