{"id":4742,"date":"2019-07-27T12:21:08","date_gmt":"2019-07-27T12:21:08","guid":{"rendered":"https:\/\/pornmate.com\/?page_id=4742"},"modified":"2022-11-24T11:39:29","modified_gmt":"2022-11-24T10:39:29","slug":"twistys","status":"publish","type":"page","link":"https:\/\/pornmate.com\/de\/twistys","title":{"rendered":"Twistys.com"},"content":{"rendered":"<p>Trotzdem bist du vermutlich bei Lesbenpornos geblieben und cool, wenn du es hasst, Schw\u00e4nze in Pornos zu sehen.<br \/>\nTrotzdem haben wir eine freundliche \u00dcberraschung f\u00fcr Sie, falls dies der Fall ist. Genie\u00dfen Sie diese Rezension, denn Sie werden Twistys.com sicherlich lieben. Wir haben fr\u00fcher gesprochen, wenn du auch Sex magst, ist diese Seite sicherlich f\u00fcr dich. Hier kannst du nur die Knochen sehen und anstatt von einem Kerl, der deine ganze Routine ruiniert, kannst du zwei Dienstm\u00e4dchen dabei zusehen, wie sie Spa\u00df haben, und das ist &#8211; nur das stylische Zeug. Die Videos sind dann jeweils in hoher Qualit\u00e4t, sodass Sie nicht mehr mit schlechten zu k\u00e4mpfen haben Wenn Sie daran interessiert sind, wie das funktioniert, k\u00f6nnen wir Ihnen mehr erz\u00e4hlen. Sie k\u00f6nnen in der Video-Sektion st\u00f6bern, oder Sie k\u00f6nnen auch ein spezielles Modell mit dem gleichen Namen entdecken. Und von dort aus k\u00f6nnen Sie auch ganze M\u00e4dchen und ihre Videos genau erkennen. Sie k\u00f6nnen auch andere Websites kennen, die zu ihnen geh\u00f6ren, oder Sie k\u00f6nnen auch das Vergn\u00fcgen des Monats kennen, das dieses Jahr in diesem Monat m\u00f6glicherweise das stilvolle Video ist. Es gibt auch Kategorien, und sie sind so organisiert, dass Sie keine F\u00e4lle durchsuchen m\u00fcssen.<br \/>\nsehen Sie dennoch, dass es mehrere Mitgliedschaften gibt Wenn Ihnen gef\u00e4llt, was Sie geh\u00f6rt haben, und Sie Mitglied werden m\u00f6chten, k\u00f6nnen Sie es mit einer Probeversion ausprobieren und dann sehen, ob es Ihnen gef\u00e4llt oder nicht. Sobald Sie Ihre Entscheidung getroffen haben, w\u00e4hlen Sie zwischen einem Monatsabonnement, einem Monatsabonnement und einem Jahresabonnement .Die Preise unterscheiden sich auch, was Sinn macht. Der erste kostet 29 $, der zweite 60 $ und der letzte 120 $, das ist es<\/p>\n","protected":false},"excerpt":{"rendered":"<p>Trotzdem bist du vermutlich bei Lesbenpornos geblieben und cool, wenn du es hasst, Schw\u00e4nze in Pornos zu sehen. Trotzdem haben wir eine freundliche \u00dcberraschung f\u00fcr Sie, falls dies der Fall ist. Genie\u00dfen Sie diese Rezension, denn Sie werden Twistys.com sicherlich lieben. Wir haben fr\u00fcher gesprochen, wenn du auch Sex magst, ist diese Seite sicherlich f\u00fcr [&hellip;]<\/p>\n","protected":false},"author":1,"featured_media":0,"parent":0,"menu_order":0,"comment_status":"closed","ping_status":"closed","template":"page-star-stil.php","meta":{"footnotes":""},"class_list":["post-4742","page","type-page","status-publish","hentry"],"yoast_head":"<!-- This site is optimized with the Yoast SEO plugin v27.2 - https:\/\/yoast.com\/product\/yoast-seo-wordpress\/ -->\n<title>Twistys.com und Liste der besten Pornoseiten | PornMate<\/title>\n<meta name=\"description\" content=\"Trotzdem bist du vermutlich bei Lesbenpornos geblieben und cool, wenn du es hasst, Schw\u00e4nze in Pornos zu sehen.\" \/>\n<meta name=\"robots\" content=\"index, follow, max-snippet:-1, max-image-preview:large, max-video-preview:-1\" \/>\n<link rel=\"canonical\" href=\"https:\/\/pornmate.com\/de\/twistys\" \/>\n<meta property=\"og:locale\" content=\"de_DE\" \/>\n<meta property=\"og:type\" content=\"article\" \/>\n<meta property=\"og:title\" content=\"Twistys.com und Liste der besten Pornoseiten | PornMate\" \/>\n<meta property=\"og:description\" content=\"Trotzdem bist du vermutlich bei Lesbenpornos geblieben und cool, wenn du es hasst, Schw\u00e4nze in Pornos zu sehen.\" \/>\n<meta property=\"og:url\" content=\"https:\/\/pornmate.com\/de\/twistys\" \/>\n<meta property=\"og:site_name\" content=\"Besten Pornoseiten - Kostenlose Deutsche Pornos | PornMate.com\" \/>\n<meta property=\"article:modified_time\" content=\"2022-11-24T10:39:29+00:00\" \/>\n<meta name=\"twitter:card\" content=\"summary_large_image\" \/>\n<meta name=\"twitter:label1\" content=\"Gesch\u00e4tzte Lesezeit\" \/>\n\t<meta name=\"twitter:data1\" content=\"2\u00a0Minuten\" \/>\n<script type=\"application\/ld+json\" class=\"yoast-schema-graph\">{\"@context\":\"https:\/\/schema.org\",\"@graph\":[{\"@type\":\"WebPage\",\"@id\":\"https:\/\/pornmate.com\/de\/twistys\",\"url\":\"https:\/\/pornmate.com\/de\/twistys\",\"name\":\"Twistys.com und Liste der besten Pornoseiten | PornMate\",\"isPartOf\":{\"@id\":\"https:\/\/pornmate.com\/de\/#website\"},\"datePublished\":\"2019-07-27T12:21:08+00:00\",\"dateModified\":\"2022-11-24T10:39:29+00:00\",\"description\":\"Trotzdem bist du vermutlich bei Lesbenpornos geblieben und cool, wenn du es hasst, Schw\u00e4nze in Pornos zu sehen.\",\"breadcrumb\":{\"@id\":\"https:\/\/pornmate.com\/de\/twistys#breadcrumb\"},\"inLanguage\":\"de\",\"potentialAction\":[{\"@type\":\"ReadAction\",\"target\":[\"https:\/\/pornmate.com\/de\/twistys\"]}]},{\"@type\":\"BreadcrumbList\",\"@id\":\"https:\/\/pornmate.com\/de\/twistys#breadcrumb\",\"itemListElement\":[{\"@type\":\"ListItem\",\"position\":1,\"name\":\"Startseite\",\"item\":\"https:\/\/pornmate.com\/de\"},{\"@type\":\"ListItem\",\"position\":2,\"name\":\"Twistys.com\"}]},{\"@type\":\"WebSite\",\"@id\":\"https:\/\/pornmate.com\/de\/#website\",\"url\":\"https:\/\/pornmate.com\/de\/\",\"name\":\"Besten Pornoseiten - Kostenlose Deutsche Pornos | PornMate.com\",\"description\":\"Kostenlose Pornos, ist Ihr Combo-Verzeichnis der besten gratis Pornoseiten, die Sie finden k\u00f6nnen, und das fantastische Seitenbewertungen, Kostenlose Deutsche sex Biografien von Pornostars und ihre xxx Freie Porno videos unter einem Dach pr\u00e4sentiert.\",\"publisher\":{\"@id\":\"https:\/\/pornmate.com\/de\/#organization\"},\"potentialAction\":[{\"@type\":\"SearchAction\",\"target\":{\"@type\":\"EntryPoint\",\"urlTemplate\":\"https:\/\/pornmate.com\/de\/?s={search_term_string}\"},\"query-input\":{\"@type\":\"PropertyValueSpecification\",\"valueRequired\":true,\"valueName\":\"search_term_string\"}}],\"inLanguage\":\"de\"},{\"@type\":\"Organization\",\"@id\":\"https:\/\/pornmate.com\/de\/#organization\",\"name\":\"Besten Pornoseiten - Kostenlose Deutsche Pornos | PornMate.com\",\"url\":\"https:\/\/pornmate.com\/de\/\",\"logo\":{\"@type\":\"ImageObject\",\"inLanguage\":\"de\",\"@id\":\"https:\/\/pornmate.com\/de\/#\/schema\/logo\/image\/\",\"url\":\"https:\/\/pornmate.com\/de\/wp-content\/uploads\/2022\/11\/pornmate-1.png\",\"contentUrl\":\"https:\/\/pornmate.com\/de\/wp-content\/uploads\/2022\/11\/pornmate-1.png\",\"width\":203,\"height\":200,\"caption\":\"Besten Pornoseiten - Kostenlose Deutsche Pornos | PornMate.com\"},\"image\":{\"@id\":\"https:\/\/pornmate.com\/de\/#\/schema\/logo\/image\/\"}}]}<\/script>\n<!-- \/ Yoast SEO plugin. -->","yoast_head_json":{"title":"Twistys.com und Liste der besten Pornoseiten | PornMate","description":"Trotzdem bist du vermutlich bei Lesbenpornos geblieben und cool, wenn du es hasst, Schw\u00e4nze in Pornos zu sehen.","robots":{"index":"index","follow":"follow","max-snippet":"max-snippet:-1","max-image-preview":"max-image-preview:large","max-video-preview":"max-video-preview:-1"},"canonical":"https:\/\/pornmate.com\/de\/twistys","og_locale":"de_DE","og_type":"article","og_title":"Twistys.com und Liste der besten Pornoseiten | PornMate","og_description":"Trotzdem bist du vermutlich bei Lesbenpornos geblieben und cool, wenn du es hasst, Schw\u00e4nze in Pornos zu sehen.","og_url":"https:\/\/pornmate.com\/de\/twistys","og_site_name":"Besten Pornoseiten - Kostenlose Deutsche Pornos | PornMate.com","article_modified_time":"2022-11-24T10:39:29+00:00","twitter_card":"summary_large_image","twitter_misc":{"Gesch\u00e4tzte Lesezeit":"2\u00a0Minuten"},"schema":{"@context":"https:\/\/schema.org","@graph":[{"@type":"WebPage","@id":"https:\/\/pornmate.com\/de\/twistys","url":"https:\/\/pornmate.com\/de\/twistys","name":"Twistys.com und Liste der besten Pornoseiten | PornMate","isPartOf":{"@id":"https:\/\/pornmate.com\/de\/#website"},"datePublished":"2019-07-27T12:21:08+00:00","dateModified":"2022-11-24T10:39:29+00:00","description":"Trotzdem bist du vermutlich bei Lesbenpornos geblieben und cool, wenn du es hasst, Schw\u00e4nze in Pornos zu sehen.","breadcrumb":{"@id":"https:\/\/pornmate.com\/de\/twistys#breadcrumb"},"inLanguage":"de","potentialAction":[{"@type":"ReadAction","target":["https:\/\/pornmate.com\/de\/twistys"]}]},{"@type":"BreadcrumbList","@id":"https:\/\/pornmate.com\/de\/twistys#breadcrumb","itemListElement":[{"@type":"ListItem","position":1,"name":"Startseite","item":"https:\/\/pornmate.com\/de"},{"@type":"ListItem","position":2,"name":"Twistys.com"}]},{"@type":"WebSite","@id":"https:\/\/pornmate.com\/de\/#website","url":"https:\/\/pornmate.com\/de\/","name":"Besten Pornoseiten - Kostenlose Deutsche Pornos | PornMate.com","description":"Kostenlose Pornos, ist Ihr Combo-Verzeichnis der besten gratis Pornoseiten, die Sie finden k\u00f6nnen, und das fantastische Seitenbewertungen, Kostenlose Deutsche sex Biografien von Pornostars und ihre xxx Freie Porno videos unter einem Dach pr\u00e4sentiert.","publisher":{"@id":"https:\/\/pornmate.com\/de\/#organization"},"potentialAction":[{"@type":"SearchAction","target":{"@type":"EntryPoint","urlTemplate":"https:\/\/pornmate.com\/de\/?s={search_term_string}"},"query-input":{"@type":"PropertyValueSpecification","valueRequired":true,"valueName":"search_term_string"}}],"inLanguage":"de"},{"@type":"Organization","@id":"https:\/\/pornmate.com\/de\/#organization","name":"Besten Pornoseiten - Kostenlose Deutsche Pornos | PornMate.com","url":"https:\/\/pornmate.com\/de\/","logo":{"@type":"ImageObject","inLanguage":"de","@id":"https:\/\/pornmate.com\/de\/#\/schema\/logo\/image\/","url":"https:\/\/pornmate.com\/de\/wp-content\/uploads\/2022\/11\/pornmate-1.png","contentUrl":"https:\/\/pornmate.com\/de\/wp-content\/uploads\/2022\/11\/pornmate-1.png","width":203,"height":200,"caption":"Besten Pornoseiten - Kostenlose Deutsche Pornos | PornMate.com"},"image":{"@id":"https:\/\/pornmate.com\/de\/#\/schema\/logo\/image\/"}}]}},"_links":{"self":[{"href":"https:\/\/pornmate.com\/de\/wp-json\/wp\/v2\/pages\/4742","targetHints":{"allow":["GET"]}}],"collection":[{"href":"https:\/\/pornmate.com\/de\/wp-json\/wp\/v2\/pages"}],"about":[{"href":"https:\/\/pornmate.com\/de\/wp-json\/wp\/v2\/types\/page"}],"author":[{"embeddable":true,"href":"https:\/\/pornmate.com\/de\/wp-json\/wp\/v2\/users\/1"}],"replies":[{"embeddable":true,"href":"https:\/\/pornmate.com\/de\/wp-json\/wp\/v2\/comments?post=4742"}],"version-history":[{"count":0,"href":"https:\/\/pornmate.com\/de\/wp-json\/wp\/v2\/pages\/4742\/revisions"}],"wp:attachment":[{"href":"https:\/\/pornmate.com\/de\/wp-json\/wp\/v2\/media?parent=4742"}],"curies":[{"name":"wp","href":"https:\/\/api.w.org\/{rel}","templated":true}]}}