{"id":4746,"date":"2019-07-27T12:30:09","date_gmt":"2019-07-27T12:30:09","guid":{"rendered":"https:\/\/pornmate.com\/?page_id=4746"},"modified":"2022-11-28T10:07:19","modified_gmt":"2022-11-28T09:07:19","slug":"vrporn","status":"publish","type":"page","link":"https:\/\/pornmate.com\/de\/vrporn","title":{"rendered":"Vrporn.com"},"content":{"rendered":"\r\n<p>Wenn Sie davon tr\u00e4umen, ein Pornospiel zu entwickeln, sind Sie hier genau richtig.<\/p>\r\n<center><a href=\"https:\/\/pornmate.com\/de\/sites\/pornone-vr\/\" target=\"_blank\" rel=\"nofollow noopener noreferrer\"><img decoding=\"async\" class=\"aligncenter\" title=\"vrporn\" src=\"https:\/\/cam-sex.net\/assets\/img\/vrporn.jpg\" alt=\"vrporn.com\" width=\"320\" height=\"70\" border=\"0\" \/><\/a>\r\n<p>&nbsp;<\/p>\r\n<h3 style=\"text-align: center;\">VRPORN FREE PORN VIDEOS<\/h3>\r\n<p><iframe src=\"https:\/\/www.xvideos.com\/embedframe\/32363401\" width=\"320\" height=\"200\" frameborder=\"0\" scrolling=\"no\" allowfullscreen=\"allowfullscreen\"><\/iframe> <iframe src=\"https:\/\/www.xvideos.com\/embedframe\/39463422\" width=\"320\" height=\"200\" frameborder=\"0\" scrolling=\"no\" allowfullscreen=\"allowfullscreen\"><\/iframe> <iframe src=\"https:\/\/www.xvideos.com\/embedframe\/20236843\" width=\"320\" height=\"200\" frameborder=\"0\" scrolling=\"no\" allowfullscreen=\"allowfullscreen\"><\/iframe> <iframe src=\"https:\/\/www.xvideos.com\/embedframe\/29690759\" width=\"320\" height=\"200\" frameborder=\"0\" scrolling=\"no\" allowfullscreen=\"allowfullscreen\"><\/iframe> <iframe src=\"https:\/\/www.xvideos.com\/embedframe\/32376347\" width=\"320\" height=\"200\" frameborder=\"0\" scrolling=\"no\" allowfullscreen=\"allowfullscreen\"><\/iframe> <iframe src=\"https:\/\/www.xvideos.com\/embedframe\/20827433\" width=\"320\" height=\"200\" frameborder=\"0\" scrolling=\"no\" allowfullscreen=\"allowfullscreen\"><\/iframe> <iframe src=\"https:\/\/www.xvideos.com\/embedframe\/16278133\" width=\"320\" height=\"200\" frameborder=\"0\" scrolling=\"no\" allowfullscreen=\"allowfullscreen\"><\/iframe> <iframe src=\"https:\/\/www.xvideos.com\/embedframe\/27280857\" width=\"320\" height=\"200\" frameborder=\"0\" scrolling=\"no\" allowfullscreen=\"allowfullscreen\"><\/iframe> <iframe src=\"https:\/\/www.xvideos.com\/embedframe\/27025533\" width=\"320\" height=\"200\" frameborder=\"0\" scrolling=\"no\" allowfullscreen=\"allowfullscreen\"><\/iframe> <iframe src=\"https:\/\/www.xvideos.com\/embedframe\/31848745\" width=\"320\" height=\"200\" frameborder=\"0\" scrolling=\"no\" allowfullscreen=\"allowfullscreen\"><\/iframe><\/p>\r\n<\/center>\r\n<p>Wenn Sie VR-Pornos m\u00f6gen und m\u00f6chten, dass sie realistischer aussehen, haben Sie wahrscheinlich ein VR-Headset. Wenn Sie dies tun, suchen Sie wahrscheinlich nach einem guten VR-Porno. Es ist nicht schwer, sie zu schlie\u00dfen, und das ist nur Logik. Nun, wenn wir von Logik sprechen, dann kann ich ernsthaft und logisch erkl\u00e4ren, dass dies die beste VR-Site im Spiel ist. Sie haben gro\u00dfartige Videos von hei\u00dfen und perfekt aussehenden Frauen und ihr einziger Zweck ist es, dich zu ersch\u00f6pfen und zu erfreuen! Es ist auch einfach, die Website zu durchsuchen, da sie nicht chaotisch und langweilig ist, sodass Sie sich nur auf den Inhalt konzentrieren k\u00f6nnen. Wenn das gro\u00dfartig klingt, sollten Sie sich wahrscheinlich auch anmelden.Sie k\u00f6nnen auch kostenlos surfen und es gibt Ihnen die M\u00f6glichkeit, in 4K zu streamen und Ihre Lieblingsvideos aufzunehmen, oder Sie k\u00f6nnen Premium w\u00e4hlen. Nun, wir haben gute Nachrichten f\u00fcr Sie. Sie haben gerade einen bedeutenden Ausverkauf und die Preise f\u00fcr die Mitgliedschaft f\u00fcr das ganze Jahr sind von 300 $ auf nur 95 $ gefallen, also stellen Sie sicher, dass Sie diese gro\u00dfartig aussehende Gelegenheit nicht verpassen. Sie k\u00f6nnen auch nur eine einmonatige Mitgliedschaft erhalten, die Sie normalerweise 25 US-Dollar kostet. Aber sie bieten auch Rabatte f\u00fcr diese Mitgliedschaft an, so dass es eine g\u00fcnstige Geb\u00fchr von 20 $ ist. Das ist ein toller Preis. Grunds\u00e4tzlich sind die Preise im Vergleich zur Qualit\u00e4t des Inhalts ausgezeichnet.<\/p>\r\n","protected":false},"excerpt":{"rendered":"<p>Wenn Sie davon tr\u00e4umen, ein Pornospiel zu entwickeln, sind Sie hier genau richtig. &nbsp; VRPORN FREE PORN VIDEOS Wenn Sie VR-Pornos m\u00f6gen und m\u00f6chten, dass sie realistischer aussehen, haben Sie wahrscheinlich ein VR-Headset. Wenn Sie dies tun, suchen Sie wahrscheinlich nach einem guten VR-Porno. Es ist nicht schwer, sie zu schlie\u00dfen, und das ist nur [&hellip;]<\/p>\n","protected":false},"author":1,"featured_media":0,"parent":0,"menu_order":0,"comment_status":"closed","ping_status":"closed","template":"","meta":{"footnotes":""},"class_list":["post-4746","page","type-page","status-publish","hentry"],"yoast_head":"<!-- This site is optimized with the Yoast SEO plugin v27.2 - https:\/\/yoast.com\/product\/yoast-seo-wordpress\/ -->\n<title>Vrporn.com und Liste der besten Pornoseiten | PornMate<\/title>\n<meta name=\"description\" content=\"Wenn Sie davon tr\u00e4umen, ein Pornospiel zu entwickeln, sind Sie hier genau richtig. Wenn Sie VR-Pornos m\u00f6gen und m\u00f6chten, dass sie realistischer aussehen, haben Sie wahrscheinlich ein VR-Headset.\" \/>\n<meta name=\"robots\" content=\"index, follow, max-snippet:-1, max-image-preview:large, max-video-preview:-1\" \/>\n<link rel=\"canonical\" href=\"https:\/\/pornmate.com\/de\/vrporn\" \/>\n<meta property=\"og:locale\" content=\"de_DE\" \/>\n<meta property=\"og:type\" content=\"article\" \/>\n<meta property=\"og:title\" content=\"Vrporn.com und Liste der besten Pornoseiten | PornMate\" \/>\n<meta property=\"og:description\" content=\"Wenn Sie davon tr\u00e4umen, ein Pornospiel zu entwickeln, sind Sie hier genau richtig. Wenn Sie VR-Pornos m\u00f6gen und m\u00f6chten, dass sie realistischer aussehen, haben Sie wahrscheinlich ein VR-Headset.\" \/>\n<meta property=\"og:url\" content=\"https:\/\/pornmate.com\/de\/vrporn\" \/>\n<meta property=\"og:site_name\" content=\"Besten Pornoseiten - Kostenlose Deutsche Pornos | PornMate.com\" \/>\n<meta property=\"article:modified_time\" content=\"2022-11-28T09:07:19+00:00\" \/>\n<meta property=\"og:image\" content=\"https:\/\/cam-sex.net\/assets\/img\/vrporn.jpg\" \/>\n<meta name=\"twitter:card\" content=\"summary_large_image\" \/>\n<meta name=\"twitter:label1\" content=\"Gesch\u00e4tzte Lesezeit\" \/>\n\t<meta name=\"twitter:data1\" content=\"2\u00a0Minuten\" \/>\n<script type=\"application\/ld+json\" class=\"yoast-schema-graph\">{\"@context\":\"https:\/\/schema.org\",\"@graph\":[{\"@type\":\"WebPage\",\"@id\":\"https:\/\/pornmate.com\/de\/vrporn\",\"url\":\"https:\/\/pornmate.com\/de\/vrporn\",\"name\":\"Vrporn.com und Liste der besten Pornoseiten | PornMate\",\"isPartOf\":{\"@id\":\"https:\/\/pornmate.com\/de\/#website\"},\"primaryImageOfPage\":{\"@id\":\"https:\/\/pornmate.com\/de\/vrporn#primaryimage\"},\"image\":{\"@id\":\"https:\/\/pornmate.com\/de\/vrporn#primaryimage\"},\"thumbnailUrl\":\"https:\/\/cam-sex.net\/assets\/img\/vrporn.jpg\",\"datePublished\":\"2019-07-27T12:30:09+00:00\",\"dateModified\":\"2022-11-28T09:07:19+00:00\",\"description\":\"Wenn Sie davon tr\u00e4umen, ein Pornospiel zu entwickeln, sind Sie hier genau richtig. Wenn Sie VR-Pornos m\u00f6gen und m\u00f6chten, dass sie realistischer aussehen, haben Sie wahrscheinlich ein VR-Headset.\",\"breadcrumb\":{\"@id\":\"https:\/\/pornmate.com\/de\/vrporn#breadcrumb\"},\"inLanguage\":\"de\",\"potentialAction\":[{\"@type\":\"ReadAction\",\"target\":[\"https:\/\/pornmate.com\/de\/vrporn\"]}]},{\"@type\":\"ImageObject\",\"inLanguage\":\"de\",\"@id\":\"https:\/\/pornmate.com\/de\/vrporn#primaryimage\",\"url\":\"https:\/\/cam-sex.net\/assets\/img\/vrporn.jpg\",\"contentUrl\":\"https:\/\/cam-sex.net\/assets\/img\/vrporn.jpg\"},{\"@type\":\"BreadcrumbList\",\"@id\":\"https:\/\/pornmate.com\/de\/vrporn#breadcrumb\",\"itemListElement\":[{\"@type\":\"ListItem\",\"position\":1,\"name\":\"Startseite\",\"item\":\"https:\/\/pornmate.com\/de\"},{\"@type\":\"ListItem\",\"position\":2,\"name\":\"Vrporn.com\"}]},{\"@type\":\"WebSite\",\"@id\":\"https:\/\/pornmate.com\/de\/#website\",\"url\":\"https:\/\/pornmate.com\/de\/\",\"name\":\"Besten Pornoseiten - Kostenlose Deutsche Pornos | PornMate.com\",\"description\":\"Kostenlose Pornos, ist Ihr Combo-Verzeichnis der besten gratis Pornoseiten, die Sie finden k\u00f6nnen, und das fantastische Seitenbewertungen, Kostenlose Deutsche sex Biografien von Pornostars und ihre xxx Freie Porno videos unter einem Dach pr\u00e4sentiert.\",\"publisher\":{\"@id\":\"https:\/\/pornmate.com\/de\/#organization\"},\"potentialAction\":[{\"@type\":\"SearchAction\",\"target\":{\"@type\":\"EntryPoint\",\"urlTemplate\":\"https:\/\/pornmate.com\/de\/?s={search_term_string}\"},\"query-input\":{\"@type\":\"PropertyValueSpecification\",\"valueRequired\":true,\"valueName\":\"search_term_string\"}}],\"inLanguage\":\"de\"},{\"@type\":\"Organization\",\"@id\":\"https:\/\/pornmate.com\/de\/#organization\",\"name\":\"Besten Pornoseiten - Kostenlose Deutsche Pornos | PornMate.com\",\"url\":\"https:\/\/pornmate.com\/de\/\",\"logo\":{\"@type\":\"ImageObject\",\"inLanguage\":\"de\",\"@id\":\"https:\/\/pornmate.com\/de\/#\/schema\/logo\/image\/\",\"url\":\"https:\/\/pornmate.com\/de\/wp-content\/uploads\/2022\/11\/pornmate-1.png\",\"contentUrl\":\"https:\/\/pornmate.com\/de\/wp-content\/uploads\/2022\/11\/pornmate-1.png\",\"width\":203,\"height\":200,\"caption\":\"Besten Pornoseiten - Kostenlose Deutsche Pornos | PornMate.com\"},\"image\":{\"@id\":\"https:\/\/pornmate.com\/de\/#\/schema\/logo\/image\/\"}}]}<\/script>\n<!-- \/ Yoast SEO plugin. -->","yoast_head_json":{"title":"Vrporn.com und Liste der besten Pornoseiten | PornMate","description":"Wenn Sie davon tr\u00e4umen, ein Pornospiel zu entwickeln, sind Sie hier genau richtig. Wenn Sie VR-Pornos m\u00f6gen und m\u00f6chten, dass sie realistischer aussehen, haben Sie wahrscheinlich ein VR-Headset.","robots":{"index":"index","follow":"follow","max-snippet":"max-snippet:-1","max-image-preview":"max-image-preview:large","max-video-preview":"max-video-preview:-1"},"canonical":"https:\/\/pornmate.com\/de\/vrporn","og_locale":"de_DE","og_type":"article","og_title":"Vrporn.com und Liste der besten Pornoseiten | PornMate","og_description":"Wenn Sie davon tr\u00e4umen, ein Pornospiel zu entwickeln, sind Sie hier genau richtig. Wenn Sie VR-Pornos m\u00f6gen und m\u00f6chten, dass sie realistischer aussehen, haben Sie wahrscheinlich ein VR-Headset.","og_url":"https:\/\/pornmate.com\/de\/vrporn","og_site_name":"Besten Pornoseiten - Kostenlose Deutsche Pornos | PornMate.com","article_modified_time":"2022-11-28T09:07:19+00:00","og_image":[{"url":"https:\/\/cam-sex.net\/assets\/img\/vrporn.jpg","type":"","width":"","height":""}],"twitter_card":"summary_large_image","twitter_misc":{"Gesch\u00e4tzte Lesezeit":"2\u00a0Minuten"},"schema":{"@context":"https:\/\/schema.org","@graph":[{"@type":"WebPage","@id":"https:\/\/pornmate.com\/de\/vrporn","url":"https:\/\/pornmate.com\/de\/vrporn","name":"Vrporn.com und Liste der besten Pornoseiten | PornMate","isPartOf":{"@id":"https:\/\/pornmate.com\/de\/#website"},"primaryImageOfPage":{"@id":"https:\/\/pornmate.com\/de\/vrporn#primaryimage"},"image":{"@id":"https:\/\/pornmate.com\/de\/vrporn#primaryimage"},"thumbnailUrl":"https:\/\/cam-sex.net\/assets\/img\/vrporn.jpg","datePublished":"2019-07-27T12:30:09+00:00","dateModified":"2022-11-28T09:07:19+00:00","description":"Wenn Sie davon tr\u00e4umen, ein Pornospiel zu entwickeln, sind Sie hier genau richtig. Wenn Sie VR-Pornos m\u00f6gen und m\u00f6chten, dass sie realistischer aussehen, haben Sie wahrscheinlich ein VR-Headset.","breadcrumb":{"@id":"https:\/\/pornmate.com\/de\/vrporn#breadcrumb"},"inLanguage":"de","potentialAction":[{"@type":"ReadAction","target":["https:\/\/pornmate.com\/de\/vrporn"]}]},{"@type":"ImageObject","inLanguage":"de","@id":"https:\/\/pornmate.com\/de\/vrporn#primaryimage","url":"https:\/\/cam-sex.net\/assets\/img\/vrporn.jpg","contentUrl":"https:\/\/cam-sex.net\/assets\/img\/vrporn.jpg"},{"@type":"BreadcrumbList","@id":"https:\/\/pornmate.com\/de\/vrporn#breadcrumb","itemListElement":[{"@type":"ListItem","position":1,"name":"Startseite","item":"https:\/\/pornmate.com\/de"},{"@type":"ListItem","position":2,"name":"Vrporn.com"}]},{"@type":"WebSite","@id":"https:\/\/pornmate.com\/de\/#website","url":"https:\/\/pornmate.com\/de\/","name":"Besten Pornoseiten - Kostenlose Deutsche Pornos | PornMate.com","description":"Kostenlose Pornos, ist Ihr Combo-Verzeichnis der besten gratis Pornoseiten, die Sie finden k\u00f6nnen, und das fantastische Seitenbewertungen, Kostenlose Deutsche sex Biografien von Pornostars und ihre xxx Freie Porno videos unter einem Dach pr\u00e4sentiert.","publisher":{"@id":"https:\/\/pornmate.com\/de\/#organization"},"potentialAction":[{"@type":"SearchAction","target":{"@type":"EntryPoint","urlTemplate":"https:\/\/pornmate.com\/de\/?s={search_term_string}"},"query-input":{"@type":"PropertyValueSpecification","valueRequired":true,"valueName":"search_term_string"}}],"inLanguage":"de"},{"@type":"Organization","@id":"https:\/\/pornmate.com\/de\/#organization","name":"Besten Pornoseiten - Kostenlose Deutsche Pornos | PornMate.com","url":"https:\/\/pornmate.com\/de\/","logo":{"@type":"ImageObject","inLanguage":"de","@id":"https:\/\/pornmate.com\/de\/#\/schema\/logo\/image\/","url":"https:\/\/pornmate.com\/de\/wp-content\/uploads\/2022\/11\/pornmate-1.png","contentUrl":"https:\/\/pornmate.com\/de\/wp-content\/uploads\/2022\/11\/pornmate-1.png","width":203,"height":200,"caption":"Besten Pornoseiten - Kostenlose Deutsche Pornos | PornMate.com"},"image":{"@id":"https:\/\/pornmate.com\/de\/#\/schema\/logo\/image\/"}}]}},"_links":{"self":[{"href":"https:\/\/pornmate.com\/de\/wp-json\/wp\/v2\/pages\/4746","targetHints":{"allow":["GET"]}}],"collection":[{"href":"https:\/\/pornmate.com\/de\/wp-json\/wp\/v2\/pages"}],"about":[{"href":"https:\/\/pornmate.com\/de\/wp-json\/wp\/v2\/types\/page"}],"author":[{"embeddable":true,"href":"https:\/\/pornmate.com\/de\/wp-json\/wp\/v2\/users\/1"}],"replies":[{"embeddable":true,"href":"https:\/\/pornmate.com\/de\/wp-json\/wp\/v2\/comments?post=4746"}],"version-history":[{"count":0,"href":"https:\/\/pornmate.com\/de\/wp-json\/wp\/v2\/pages\/4746\/revisions"}],"wp:attachment":[{"href":"https:\/\/pornmate.com\/de\/wp-json\/wp\/v2\/media?parent=4746"}],"curies":[{"name":"wp","href":"https:\/\/api.w.org\/{rel}","templated":true}]}}