{"id":4783,"date":"2019-08-07T10:31:51","date_gmt":"2019-08-07T10:31:51","guid":{"rendered":"https:\/\/pornmate.com\/?page_id=4783"},"modified":"2019-08-07T10:31:51","modified_gmt":"2019-08-07T10:31:51","slug":"pervert-tube","status":"publish","type":"page","link":"https:\/\/pornmate.com\/de\/pervert-tube","title":{"rendered":"Perverttube.com"},"content":{"rendered":"\n<p>Diese Seite wird Sie dazu bringen, oooh und ahhh zu gehen !! F\u00fcr alle Pornofans wird das Schei\u00dfe! Perverttube.com ist eine Schockseite, die alle Scat-Pornos zum Sterben anbietet!<\/p>\n<center><a href=\"https:\/\/www.perverttube.com\/\" target=\"_blank\" rel=\"dofollow noopener noreferrer\"><img decoding=\"async\" class=\"aligncenter\" title=\"perverttube\" src=\"https:\/\/cam-sex.net\/assets\/img\/pervert-tube.png\" alt=\"perverttube.com\" width=\"250\" height=\"250\" border=\"0\" \/><\/a>\n<p>&nbsp;<\/p>\n<h3 style=\"text-align: center;\">PERVERSE TUBE-KOSTENLOSE PORNO-VIDEOS<\/h3>\n<p><iframe src=\"https:\/\/www.xvideos.com\/embedframe\/42027947\" width=\"320\" height=\"200\" frameborder=\"0\" scrolling=\"no\" allowfullscreen=\"allowfullscreen\"><\/iframe> <iframe src=\"https:\/\/www.xvideos.com\/embedframe\/23786278\" width=\"320\" height=\"200\" frameborder=\"0\" scrolling=\"no\" allowfullscreen=\"allowfullscreen\"><\/iframe> <iframe src=\"https:\/\/www.xvideos.com\/embedframe\/48821311\" width=\"320\" height=\"200\" frameborder=\"0\" scrolling=\"no\" allowfullscreen=\"allowfullscreen\"><\/iframe> <iframe src=\"https:\/\/www.xvideos.com\/embedframe\/48294506\" width=\"320\" height=\"200\" frameborder=\"0\" scrolling=\"no\" allowfullscreen=\"allowfullscreen\"><\/iframe> <iframe src=\"https:\/\/www.xvideos.com\/embedframe\/47279633\" width=\"320\" height=\"200\" frameborder=\"0\" scrolling=\"no\" allowfullscreen=\"allowfullscreen\"><\/iframe> <iframe src=\"https:\/\/www.xvideos.com\/embedframe\/30409285\" width=\"320\" height=\"200\" frameborder=\"0\" scrolling=\"no\" allowfullscreen=\"allowfullscreen\"><\/iframe> <iframe src=\"https:\/\/www.xvideos.com\/embedframe\/48076571\" width=\"320\" height=\"200\" frameborder=\"0\" scrolling=\"no\" allowfullscreen=\"allowfullscreen\"><\/iframe> <iframe src=\"https:\/\/www.xvideos.com\/embedframe\/47930007\" width=\"320\" height=\"200\" frameborder=\"0\" scrolling=\"no\" allowfullscreen=\"allowfullscreen\"><\/iframe> <iframe src=\"https:\/\/www.xvideos.com\/embedframe\/47887187\" width=\"320\" height=\"200\" frameborder=\"0\" scrolling=\"no\" allowfullscreen=\"allowfullscreen\"><\/iframe> <iframe src=\"https:\/\/www.xvideos.com\/embedframe\/47868607\" width=\"320\" height=\"200\" frameborder=\"0\" scrolling=\"no\" allowfullscreen=\"allowfullscreen\"><\/iframe><\/p>\n<\/center>\n<p>PervertTube.com ist eine kostenlose Pornoseite, die sich auf Hardcore-Sex konzentriert. Diese Position ist nichts f\u00fcr schwache Nerven, da sie Bukkake, Deep Throat, doppell\u00e4ufige Penetration und in der Tat die h\u00e4rtesten mit Pissen, Kotzen und kotzendem Kot bietet. Sie werden jugendliche Dienstm\u00e4dchen kennen, die Kot servieren und Schei\u00dfe essen, 75-j\u00e4hrige Oma, die von einem jugendlichen Mann gefickt wird, sch\u00f6ne Dienstm\u00e4dchen, die beim Gangbang schreien, oder Dienstm\u00e4dchen, die ihren Arsch ficken. Es gibt also keine Einschr\u00e4nkungen, was auch immer Ihr perverser Traum ist, Sie werden ihn in einem erkennen Gl\u00fccklicherweise unterst\u00fctzt Sie die Navigation, da Sie anhand von Kategorien, Tags oder sogar Spielernamen nachforschen k\u00f6nnen. Leider sind die Thumbnails station\u00e4r, aber Sie kennen die Szene, bevor Sie sich darauf beziehen. Sie k\u00f6nnen die Videos auch nach Dauer auflisten, da einige von ihnen l\u00e4nger als drei dauern F\u00fcr den Reader l\u00e4uft es gut, allerdings wenn es nicht regelrecht eingeschr\u00e4nkt wird. Wir haben keine Pufferung festgestellt, obwohl nicht viele Optionen verf\u00fcgbar sind. Sie k\u00f6nnen den Abschluss nicht \u00fcberarbeiten, aber Sie k\u00f6nnen den Clip beschleunigen oder verlangsamen. Gl\u00fccklicherweise ist die Qualit\u00e4t anst\u00e4ndig, mit nur vielen Videos zum Ansehen. Sie k\u00f6nnen Szenen auch bewerten und eine kostenlose Beitragsanmeldung hinterlassen. Da es dann entsprechend wichtige Sonderinhalte gibt, verzeiht man sich die zahlreichen Anzeigen und Popups eher. Gelegentlich m\u00fcssen Sie sich vor dem Clip ein Werbevideo ansehen. Trotzdem empfehlen wir Ihnen, den Inhaltsblocker zu verst\u00fcmmeln, da Sie sonst den Inhalt nicht kennen. PervertTube.com ist eine der stilvollen kostenlosen Seiten, die Sie entdecken werden, und wenn Sie das harte Zeug m\u00f6gen, werden Sie ausnahmslos herkommen. T\u00e4glich kommen neue Inhalte hinzu, es gibt immer wieder Neues zu entdecken. Backslider-Porno-Videos<\/p>\n","protected":false},"excerpt":{"rendered":"<p>Diese Seite wird Sie dazu bringen, oooh und ahhh zu gehen !! F\u00fcr alle Pornofans wird das Schei\u00dfe! Perverttube.com ist eine Schockseite, die alle Scat-Pornos zum Sterben anbietet! &nbsp; PERVERSE TUBE-KOSTENLOSE PORNO-VIDEOS PervertTube.com ist eine kostenlose Pornoseite, die sich auf Hardcore-Sex konzentriert. Diese Position ist nichts f\u00fcr schwache Nerven, da sie Bukkake, Deep Throat, doppell\u00e4ufige [&hellip;]<\/p>\n","protected":false},"author":1,"featured_media":0,"parent":0,"menu_order":0,"comment_status":"closed","ping_status":"closed","template":"","meta":{"footnotes":""},"class_list":["post-4783","page","type-page","status-publish","hentry"],"yoast_head":"<!-- This site is optimized with the Yoast SEO plugin v27.2 - https:\/\/yoast.com\/product\/yoast-seo-wordpress\/ -->\n<title>Perverttube.com und Liste der besten Pornoseiten | PornMate<\/title>\n<meta name=\"description\" content=\"Diese Seite wird Sie dazu bringen, oooh und ahhh zu gehen !! F\u00fcr alle Pornofans wird das Schei\u00dfe! Perverttube.com ist eine Schockseite, die alle Scat-Pornos zum Sterben anbietet!\" \/>\n<meta name=\"robots\" content=\"index, follow, max-snippet:-1, max-image-preview:large, max-video-preview:-1\" \/>\n<link rel=\"canonical\" href=\"https:\/\/pornmate.com\/de\/pervert-tube\" \/>\n<meta property=\"og:locale\" content=\"de_DE\" \/>\n<meta property=\"og:type\" content=\"article\" \/>\n<meta property=\"og:title\" content=\"Perverttube.com und Liste der besten Pornoseiten | PornMate\" \/>\n<meta property=\"og:description\" content=\"Diese Seite wird Sie dazu bringen, oooh und ahhh zu gehen !! F\u00fcr alle Pornofans wird das Schei\u00dfe! Perverttube.com ist eine Schockseite, die alle Scat-Pornos zum Sterben anbietet!\" \/>\n<meta property=\"og:url\" content=\"https:\/\/pornmate.com\/de\/pervert-tube\" \/>\n<meta property=\"og:site_name\" content=\"Besten Pornoseiten - Kostenlose Deutsche Pornos | PornMate.com\" \/>\n<meta property=\"og:image\" content=\"https:\/\/cam-sex.net\/assets\/img\/pervert-tube.png\" \/>\n<meta name=\"twitter:card\" content=\"summary_large_image\" \/>\n<meta name=\"twitter:label1\" content=\"Gesch\u00e4tzte Lesezeit\" \/>\n\t<meta name=\"twitter:data1\" content=\"2\u00a0Minuten\" \/>\n<script type=\"application\/ld+json\" class=\"yoast-schema-graph\">{\"@context\":\"https:\/\/schema.org\",\"@graph\":[{\"@type\":\"WebPage\",\"@id\":\"https:\/\/pornmate.com\/de\/pervert-tube\",\"url\":\"https:\/\/pornmate.com\/de\/pervert-tube\",\"name\":\"Perverttube.com und Liste der besten Pornoseiten | PornMate\",\"isPartOf\":{\"@id\":\"https:\/\/pornmate.com\/de\/#website\"},\"primaryImageOfPage\":{\"@id\":\"https:\/\/pornmate.com\/de\/pervert-tube#primaryimage\"},\"image\":{\"@id\":\"https:\/\/pornmate.com\/de\/pervert-tube#primaryimage\"},\"thumbnailUrl\":\"https:\/\/cam-sex.net\/assets\/img\/pervert-tube.png\",\"datePublished\":\"2019-08-07T10:31:51+00:00\",\"description\":\"Diese Seite wird Sie dazu bringen, oooh und ahhh zu gehen !! F\u00fcr alle Pornofans wird das Schei\u00dfe! Perverttube.com ist eine Schockseite, die alle Scat-Pornos zum Sterben anbietet!\",\"breadcrumb\":{\"@id\":\"https:\/\/pornmate.com\/de\/pervert-tube#breadcrumb\"},\"inLanguage\":\"de\",\"potentialAction\":[{\"@type\":\"ReadAction\",\"target\":[\"https:\/\/pornmate.com\/de\/pervert-tube\"]}]},{\"@type\":\"ImageObject\",\"inLanguage\":\"de\",\"@id\":\"https:\/\/pornmate.com\/de\/pervert-tube#primaryimage\",\"url\":\"https:\/\/cam-sex.net\/assets\/img\/pervert-tube.png\",\"contentUrl\":\"https:\/\/cam-sex.net\/assets\/img\/pervert-tube.png\"},{\"@type\":\"BreadcrumbList\",\"@id\":\"https:\/\/pornmate.com\/de\/pervert-tube#breadcrumb\",\"itemListElement\":[{\"@type\":\"ListItem\",\"position\":1,\"name\":\"Startseite\",\"item\":\"https:\/\/pornmate.com\/de\"},{\"@type\":\"ListItem\",\"position\":2,\"name\":\"Perverttube.com\"}]},{\"@type\":\"WebSite\",\"@id\":\"https:\/\/pornmate.com\/de\/#website\",\"url\":\"https:\/\/pornmate.com\/de\/\",\"name\":\"Besten Pornoseiten - Kostenlose Deutsche Pornos | PornMate.com\",\"description\":\"Kostenlose Pornos, ist Ihr Combo-Verzeichnis der besten gratis Pornoseiten, die Sie finden k\u00f6nnen, und das fantastische Seitenbewertungen, Kostenlose Deutsche sex Biografien von Pornostars und ihre xxx Freie Porno videos unter einem Dach pr\u00e4sentiert.\",\"publisher\":{\"@id\":\"https:\/\/pornmate.com\/de\/#organization\"},\"potentialAction\":[{\"@type\":\"SearchAction\",\"target\":{\"@type\":\"EntryPoint\",\"urlTemplate\":\"https:\/\/pornmate.com\/de\/?s={search_term_string}\"},\"query-input\":{\"@type\":\"PropertyValueSpecification\",\"valueRequired\":true,\"valueName\":\"search_term_string\"}}],\"inLanguage\":\"de\"},{\"@type\":\"Organization\",\"@id\":\"https:\/\/pornmate.com\/de\/#organization\",\"name\":\"Besten Pornoseiten - Kostenlose Deutsche Pornos | PornMate.com\",\"url\":\"https:\/\/pornmate.com\/de\/\",\"logo\":{\"@type\":\"ImageObject\",\"inLanguage\":\"de\",\"@id\":\"https:\/\/pornmate.com\/de\/#\/schema\/logo\/image\/\",\"url\":\"https:\/\/pornmate.com\/de\/wp-content\/uploads\/2022\/11\/pornmate-1.png\",\"contentUrl\":\"https:\/\/pornmate.com\/de\/wp-content\/uploads\/2022\/11\/pornmate-1.png\",\"width\":203,\"height\":200,\"caption\":\"Besten Pornoseiten - Kostenlose Deutsche Pornos | PornMate.com\"},\"image\":{\"@id\":\"https:\/\/pornmate.com\/de\/#\/schema\/logo\/image\/\"}}]}<\/script>\n<!-- \/ Yoast SEO plugin. -->","yoast_head_json":{"title":"Perverttube.com und Liste der besten Pornoseiten | PornMate","description":"Diese Seite wird Sie dazu bringen, oooh und ahhh zu gehen !! F\u00fcr alle Pornofans wird das Schei\u00dfe! Perverttube.com ist eine Schockseite, die alle Scat-Pornos zum Sterben anbietet!","robots":{"index":"index","follow":"follow","max-snippet":"max-snippet:-1","max-image-preview":"max-image-preview:large","max-video-preview":"max-video-preview:-1"},"canonical":"https:\/\/pornmate.com\/de\/pervert-tube","og_locale":"de_DE","og_type":"article","og_title":"Perverttube.com und Liste der besten Pornoseiten | PornMate","og_description":"Diese Seite wird Sie dazu bringen, oooh und ahhh zu gehen !! F\u00fcr alle Pornofans wird das Schei\u00dfe! Perverttube.com ist eine Schockseite, die alle Scat-Pornos zum Sterben anbietet!","og_url":"https:\/\/pornmate.com\/de\/pervert-tube","og_site_name":"Besten Pornoseiten - Kostenlose Deutsche Pornos | PornMate.com","og_image":[{"url":"https:\/\/cam-sex.net\/assets\/img\/pervert-tube.png","type":"","width":"","height":""}],"twitter_card":"summary_large_image","twitter_misc":{"Gesch\u00e4tzte Lesezeit":"2\u00a0Minuten"},"schema":{"@context":"https:\/\/schema.org","@graph":[{"@type":"WebPage","@id":"https:\/\/pornmate.com\/de\/pervert-tube","url":"https:\/\/pornmate.com\/de\/pervert-tube","name":"Perverttube.com und Liste der besten Pornoseiten | PornMate","isPartOf":{"@id":"https:\/\/pornmate.com\/de\/#website"},"primaryImageOfPage":{"@id":"https:\/\/pornmate.com\/de\/pervert-tube#primaryimage"},"image":{"@id":"https:\/\/pornmate.com\/de\/pervert-tube#primaryimage"},"thumbnailUrl":"https:\/\/cam-sex.net\/assets\/img\/pervert-tube.png","datePublished":"2019-08-07T10:31:51+00:00","description":"Diese Seite wird Sie dazu bringen, oooh und ahhh zu gehen !! F\u00fcr alle Pornofans wird das Schei\u00dfe! Perverttube.com ist eine Schockseite, die alle Scat-Pornos zum Sterben anbietet!","breadcrumb":{"@id":"https:\/\/pornmate.com\/de\/pervert-tube#breadcrumb"},"inLanguage":"de","potentialAction":[{"@type":"ReadAction","target":["https:\/\/pornmate.com\/de\/pervert-tube"]}]},{"@type":"ImageObject","inLanguage":"de","@id":"https:\/\/pornmate.com\/de\/pervert-tube#primaryimage","url":"https:\/\/cam-sex.net\/assets\/img\/pervert-tube.png","contentUrl":"https:\/\/cam-sex.net\/assets\/img\/pervert-tube.png"},{"@type":"BreadcrumbList","@id":"https:\/\/pornmate.com\/de\/pervert-tube#breadcrumb","itemListElement":[{"@type":"ListItem","position":1,"name":"Startseite","item":"https:\/\/pornmate.com\/de"},{"@type":"ListItem","position":2,"name":"Perverttube.com"}]},{"@type":"WebSite","@id":"https:\/\/pornmate.com\/de\/#website","url":"https:\/\/pornmate.com\/de\/","name":"Besten Pornoseiten - Kostenlose Deutsche Pornos | PornMate.com","description":"Kostenlose Pornos, ist Ihr Combo-Verzeichnis der besten gratis Pornoseiten, die Sie finden k\u00f6nnen, und das fantastische Seitenbewertungen, Kostenlose Deutsche sex Biografien von Pornostars und ihre xxx Freie Porno videos unter einem Dach pr\u00e4sentiert.","publisher":{"@id":"https:\/\/pornmate.com\/de\/#organization"},"potentialAction":[{"@type":"SearchAction","target":{"@type":"EntryPoint","urlTemplate":"https:\/\/pornmate.com\/de\/?s={search_term_string}"},"query-input":{"@type":"PropertyValueSpecification","valueRequired":true,"valueName":"search_term_string"}}],"inLanguage":"de"},{"@type":"Organization","@id":"https:\/\/pornmate.com\/de\/#organization","name":"Besten Pornoseiten - Kostenlose Deutsche Pornos | PornMate.com","url":"https:\/\/pornmate.com\/de\/","logo":{"@type":"ImageObject","inLanguage":"de","@id":"https:\/\/pornmate.com\/de\/#\/schema\/logo\/image\/","url":"https:\/\/pornmate.com\/de\/wp-content\/uploads\/2022\/11\/pornmate-1.png","contentUrl":"https:\/\/pornmate.com\/de\/wp-content\/uploads\/2022\/11\/pornmate-1.png","width":203,"height":200,"caption":"Besten Pornoseiten - Kostenlose Deutsche Pornos | PornMate.com"},"image":{"@id":"https:\/\/pornmate.com\/de\/#\/schema\/logo\/image\/"}}]}},"_links":{"self":[{"href":"https:\/\/pornmate.com\/de\/wp-json\/wp\/v2\/pages\/4783","targetHints":{"allow":["GET"]}}],"collection":[{"href":"https:\/\/pornmate.com\/de\/wp-json\/wp\/v2\/pages"}],"about":[{"href":"https:\/\/pornmate.com\/de\/wp-json\/wp\/v2\/types\/page"}],"author":[{"embeddable":true,"href":"https:\/\/pornmate.com\/de\/wp-json\/wp\/v2\/users\/1"}],"replies":[{"embeddable":true,"href":"https:\/\/pornmate.com\/de\/wp-json\/wp\/v2\/comments?post=4783"}],"version-history":[{"count":0,"href":"https:\/\/pornmate.com\/de\/wp-json\/wp\/v2\/pages\/4783\/revisions"}],"wp:attachment":[{"href":"https:\/\/pornmate.com\/de\/wp-json\/wp\/v2\/media?parent=4783"}],"curies":[{"name":"wp","href":"https:\/\/api.w.org\/{rel}","templated":true}]}}