{"id":4839,"date":"2019-08-29T11:29:26","date_gmt":"2019-08-29T11:29:26","guid":{"rendered":"https:\/\/pornmate.com\/?page_id=4839"},"modified":"2022-11-25T18:47:32","modified_gmt":"2022-11-25T17:47:32","slug":"mature-nl","status":"publish","type":"page","link":"https:\/\/pornmate.com\/de\/mature-nl","title":{"rendered":"Mature-nl"},"content":{"rendered":"<center><a href=\"https:\/\/pornmate.com\/de\/sites\/mature-nl\" target=\"_blank\" rel=\"dofollow noopener noreferrer\"><img decoding=\"async\" class=\"aligncenter\" title=\"mature-nl\" src=\"https:\/\/pornmate.com\/wp-content\/uploads\/2019\/08\/mature-nl.png\" alt=\"perverttube.com\" width=\"300\" height=\"41\" border=\"0\" \/><\/a>\r\n\r\n<p>Willkommen bei Mature-nl.eu, der besten Pornoseite f\u00fcr Erwachsene mit den neuesten und anspruchsvollsten Pornovideos f\u00fcr Erwachsene. Wir w\u00e4hlen unsere Inhalte sorgf\u00e4ltig aus, um unseren Zuschauern die besten Inhalte bereitzustellen. Auf Maturenl k\u00f6nnen Sie sich die neusten und interessantesten Amateur-, Milf-, Oma- und Alt- und Jung-Pornovideos ansehen und sie ganz einfach auf Ihr Ger\u00e4t herunterladen. Wenn Ihr Favorit die reife Milf ist, die tiefe Analpenetrationen und schlampige Blowjobs liebt, ist alles auf Maturenl verf\u00fcgbar. Auch f\u00fcr Ihr t\u00e4gliches Vergn\u00fcgen, Bondage, Stanzen usw. Wir haben jede Menge perverser Fetisch-Pornos und sie werden dich dazu bringen, deinen Tag zu genie\u00dfen. Wir haben eine riesige Datenbank mit kostenlosen reifen Pornos mit t\u00e4glichen Updates und \u00fcber 4800 Modellen im Internet.<\/p>\r\n","protected":false},"excerpt":{"rendered":"<p>Willkommen bei Mature-nl.eu, der besten Pornoseite f\u00fcr Erwachsene mit den neuesten und anspruchsvollsten Pornovideos f\u00fcr Erwachsene. Wir w\u00e4hlen unsere Inhalte sorgf\u00e4ltig aus, um unseren Zuschauern die besten Inhalte bereitzustellen. Auf Maturenl k\u00f6nnen Sie sich die neusten und interessantesten Amateur-, Milf-, Oma- und Alt- und Jung-Pornovideos ansehen und sie ganz einfach auf Ihr Ger\u00e4t herunterladen. Wenn [&hellip;]<\/p>\n","protected":false},"author":1,"featured_media":0,"parent":0,"menu_order":0,"comment_status":"closed","ping_status":"closed","template":"","meta":{"footnotes":""},"class_list":["post-4839","page","type-page","status-publish","hentry"],"yoast_head":"<!-- This site is optimized with the Yoast SEO plugin v27.2 - https:\/\/yoast.com\/product\/yoast-seo-wordpress\/ -->\n<title>Mature-nl und Liste der besten Pornoseiten | PornMate<\/title>\n<meta name=\"description\" content=\"Willkommen bei Mature-nl.eu, der besten Pornoseite f\u00fcr Erwachsene mit den neuesten und anspruchsvollsten Pornovideos f\u00fcr Erwachsene. Wir w\u00e4hlen unsere Inhalte sorgf\u00e4ltig aus, um unseren Zuschauern die besten Inhalte bereitzustellen.\" \/>\n<meta name=\"robots\" content=\"index, follow, max-snippet:-1, max-image-preview:large, max-video-preview:-1\" \/>\n<link rel=\"canonical\" href=\"https:\/\/pornmate.com\/de\/mature-nl\" \/>\n<meta property=\"og:locale\" content=\"de_DE\" \/>\n<meta property=\"og:type\" content=\"article\" \/>\n<meta property=\"og:title\" content=\"Mature-nl und Liste der besten Pornoseiten | PornMate\" \/>\n<meta property=\"og:description\" content=\"Willkommen bei Mature-nl.eu, der besten Pornoseite f\u00fcr Erwachsene mit den neuesten und anspruchsvollsten Pornovideos f\u00fcr Erwachsene. Wir w\u00e4hlen unsere Inhalte sorgf\u00e4ltig aus, um unseren Zuschauern die besten Inhalte bereitzustellen.\" \/>\n<meta property=\"og:url\" content=\"https:\/\/pornmate.com\/de\/mature-nl\" \/>\n<meta property=\"og:site_name\" content=\"Besten Pornoseiten - Kostenlose Deutsche Pornos | PornMate.com\" \/>\n<meta property=\"article:modified_time\" content=\"2022-11-25T17:47:32+00:00\" \/>\n<meta property=\"og:image\" content=\"https:\/\/pornmate.com\/wp-content\/uploads\/2019\/08\/mature-nl.png\" \/>\n<meta name=\"twitter:card\" content=\"summary_large_image\" \/>\n<meta name=\"twitter:label1\" content=\"Gesch\u00e4tzte Lesezeit\" \/>\n\t<meta name=\"twitter:data1\" content=\"1\u00a0Minute\" \/>\n<script type=\"application\/ld+json\" class=\"yoast-schema-graph\">{\"@context\":\"https:\/\/schema.org\",\"@graph\":[{\"@type\":\"WebPage\",\"@id\":\"https:\/\/pornmate.com\/de\/mature-nl\",\"url\":\"https:\/\/pornmate.com\/de\/mature-nl\",\"name\":\"Mature-nl und Liste der besten Pornoseiten | PornMate\",\"isPartOf\":{\"@id\":\"https:\/\/pornmate.com\/de\/#website\"},\"primaryImageOfPage\":{\"@id\":\"https:\/\/pornmate.com\/de\/mature-nl#primaryimage\"},\"image\":{\"@id\":\"https:\/\/pornmate.com\/de\/mature-nl#primaryimage\"},\"thumbnailUrl\":\"https:\/\/pornmate.com\/wp-content\/uploads\/2019\/08\/mature-nl.png\",\"datePublished\":\"2019-08-29T11:29:26+00:00\",\"dateModified\":\"2022-11-25T17:47:32+00:00\",\"description\":\"Willkommen bei Mature-nl.eu, der besten Pornoseite f\u00fcr Erwachsene mit den neuesten und anspruchsvollsten Pornovideos f\u00fcr Erwachsene. Wir w\u00e4hlen unsere Inhalte sorgf\u00e4ltig aus, um unseren Zuschauern die besten Inhalte bereitzustellen.\",\"breadcrumb\":{\"@id\":\"https:\/\/pornmate.com\/de\/mature-nl#breadcrumb\"},\"inLanguage\":\"de\",\"potentialAction\":[{\"@type\":\"ReadAction\",\"target\":[\"https:\/\/pornmate.com\/de\/mature-nl\"]}]},{\"@type\":\"ImageObject\",\"inLanguage\":\"de\",\"@id\":\"https:\/\/pornmate.com\/de\/mature-nl#primaryimage\",\"url\":\"https:\/\/pornmate.com\/wp-content\/uploads\/2019\/08\/mature-nl.png\",\"contentUrl\":\"https:\/\/pornmate.com\/wp-content\/uploads\/2019\/08\/mature-nl.png\"},{\"@type\":\"BreadcrumbList\",\"@id\":\"https:\/\/pornmate.com\/de\/mature-nl#breadcrumb\",\"itemListElement\":[{\"@type\":\"ListItem\",\"position\":1,\"name\":\"Startseite\",\"item\":\"https:\/\/pornmate.com\/de\"},{\"@type\":\"ListItem\",\"position\":2,\"name\":\"Mature-nl\"}]},{\"@type\":\"WebSite\",\"@id\":\"https:\/\/pornmate.com\/de\/#website\",\"url\":\"https:\/\/pornmate.com\/de\/\",\"name\":\"Besten Pornoseiten - Kostenlose Deutsche Pornos | PornMate.com\",\"description\":\"Kostenlose Pornos, ist Ihr Combo-Verzeichnis der besten gratis Pornoseiten, die Sie finden k\u00f6nnen, und das fantastische Seitenbewertungen, Kostenlose Deutsche sex Biografien von Pornostars und ihre xxx Freie Porno videos unter einem Dach pr\u00e4sentiert.\",\"publisher\":{\"@id\":\"https:\/\/pornmate.com\/de\/#organization\"},\"potentialAction\":[{\"@type\":\"SearchAction\",\"target\":{\"@type\":\"EntryPoint\",\"urlTemplate\":\"https:\/\/pornmate.com\/de\/?s={search_term_string}\"},\"query-input\":{\"@type\":\"PropertyValueSpecification\",\"valueRequired\":true,\"valueName\":\"search_term_string\"}}],\"inLanguage\":\"de\"},{\"@type\":\"Organization\",\"@id\":\"https:\/\/pornmate.com\/de\/#organization\",\"name\":\"Besten Pornoseiten - Kostenlose Deutsche Pornos | PornMate.com\",\"url\":\"https:\/\/pornmate.com\/de\/\",\"logo\":{\"@type\":\"ImageObject\",\"inLanguage\":\"de\",\"@id\":\"https:\/\/pornmate.com\/de\/#\/schema\/logo\/image\/\",\"url\":\"https:\/\/pornmate.com\/de\/wp-content\/uploads\/2022\/11\/pornmate-1.png\",\"contentUrl\":\"https:\/\/pornmate.com\/de\/wp-content\/uploads\/2022\/11\/pornmate-1.png\",\"width\":203,\"height\":200,\"caption\":\"Besten Pornoseiten - Kostenlose Deutsche Pornos | PornMate.com\"},\"image\":{\"@id\":\"https:\/\/pornmate.com\/de\/#\/schema\/logo\/image\/\"}}]}<\/script>\n<!-- \/ Yoast SEO plugin. -->","yoast_head_json":{"title":"Mature-nl und Liste der besten Pornoseiten | PornMate","description":"Willkommen bei Mature-nl.eu, der besten Pornoseite f\u00fcr Erwachsene mit den neuesten und anspruchsvollsten Pornovideos f\u00fcr Erwachsene. Wir w\u00e4hlen unsere Inhalte sorgf\u00e4ltig aus, um unseren Zuschauern die besten Inhalte bereitzustellen.","robots":{"index":"index","follow":"follow","max-snippet":"max-snippet:-1","max-image-preview":"max-image-preview:large","max-video-preview":"max-video-preview:-1"},"canonical":"https:\/\/pornmate.com\/de\/mature-nl","og_locale":"de_DE","og_type":"article","og_title":"Mature-nl und Liste der besten Pornoseiten | PornMate","og_description":"Willkommen bei Mature-nl.eu, der besten Pornoseite f\u00fcr Erwachsene mit den neuesten und anspruchsvollsten Pornovideos f\u00fcr Erwachsene. Wir w\u00e4hlen unsere Inhalte sorgf\u00e4ltig aus, um unseren Zuschauern die besten Inhalte bereitzustellen.","og_url":"https:\/\/pornmate.com\/de\/mature-nl","og_site_name":"Besten Pornoseiten - Kostenlose Deutsche Pornos | PornMate.com","article_modified_time":"2022-11-25T17:47:32+00:00","og_image":[{"url":"https:\/\/pornmate.com\/wp-content\/uploads\/2019\/08\/mature-nl.png","type":"","width":"","height":""}],"twitter_card":"summary_large_image","twitter_misc":{"Gesch\u00e4tzte Lesezeit":"1\u00a0Minute"},"schema":{"@context":"https:\/\/schema.org","@graph":[{"@type":"WebPage","@id":"https:\/\/pornmate.com\/de\/mature-nl","url":"https:\/\/pornmate.com\/de\/mature-nl","name":"Mature-nl und Liste der besten Pornoseiten | PornMate","isPartOf":{"@id":"https:\/\/pornmate.com\/de\/#website"},"primaryImageOfPage":{"@id":"https:\/\/pornmate.com\/de\/mature-nl#primaryimage"},"image":{"@id":"https:\/\/pornmate.com\/de\/mature-nl#primaryimage"},"thumbnailUrl":"https:\/\/pornmate.com\/wp-content\/uploads\/2019\/08\/mature-nl.png","datePublished":"2019-08-29T11:29:26+00:00","dateModified":"2022-11-25T17:47:32+00:00","description":"Willkommen bei Mature-nl.eu, der besten Pornoseite f\u00fcr Erwachsene mit den neuesten und anspruchsvollsten Pornovideos f\u00fcr Erwachsene. Wir w\u00e4hlen unsere Inhalte sorgf\u00e4ltig aus, um unseren Zuschauern die besten Inhalte bereitzustellen.","breadcrumb":{"@id":"https:\/\/pornmate.com\/de\/mature-nl#breadcrumb"},"inLanguage":"de","potentialAction":[{"@type":"ReadAction","target":["https:\/\/pornmate.com\/de\/mature-nl"]}]},{"@type":"ImageObject","inLanguage":"de","@id":"https:\/\/pornmate.com\/de\/mature-nl#primaryimage","url":"https:\/\/pornmate.com\/wp-content\/uploads\/2019\/08\/mature-nl.png","contentUrl":"https:\/\/pornmate.com\/wp-content\/uploads\/2019\/08\/mature-nl.png"},{"@type":"BreadcrumbList","@id":"https:\/\/pornmate.com\/de\/mature-nl#breadcrumb","itemListElement":[{"@type":"ListItem","position":1,"name":"Startseite","item":"https:\/\/pornmate.com\/de"},{"@type":"ListItem","position":2,"name":"Mature-nl"}]},{"@type":"WebSite","@id":"https:\/\/pornmate.com\/de\/#website","url":"https:\/\/pornmate.com\/de\/","name":"Besten Pornoseiten - Kostenlose Deutsche Pornos | PornMate.com","description":"Kostenlose Pornos, ist Ihr Combo-Verzeichnis der besten gratis Pornoseiten, die Sie finden k\u00f6nnen, und das fantastische Seitenbewertungen, Kostenlose Deutsche sex Biografien von Pornostars und ihre xxx Freie Porno videos unter einem Dach pr\u00e4sentiert.","publisher":{"@id":"https:\/\/pornmate.com\/de\/#organization"},"potentialAction":[{"@type":"SearchAction","target":{"@type":"EntryPoint","urlTemplate":"https:\/\/pornmate.com\/de\/?s={search_term_string}"},"query-input":{"@type":"PropertyValueSpecification","valueRequired":true,"valueName":"search_term_string"}}],"inLanguage":"de"},{"@type":"Organization","@id":"https:\/\/pornmate.com\/de\/#organization","name":"Besten Pornoseiten - Kostenlose Deutsche Pornos | PornMate.com","url":"https:\/\/pornmate.com\/de\/","logo":{"@type":"ImageObject","inLanguage":"de","@id":"https:\/\/pornmate.com\/de\/#\/schema\/logo\/image\/","url":"https:\/\/pornmate.com\/de\/wp-content\/uploads\/2022\/11\/pornmate-1.png","contentUrl":"https:\/\/pornmate.com\/de\/wp-content\/uploads\/2022\/11\/pornmate-1.png","width":203,"height":200,"caption":"Besten Pornoseiten - Kostenlose Deutsche Pornos | PornMate.com"},"image":{"@id":"https:\/\/pornmate.com\/de\/#\/schema\/logo\/image\/"}}]}},"_links":{"self":[{"href":"https:\/\/pornmate.com\/de\/wp-json\/wp\/v2\/pages\/4839","targetHints":{"allow":["GET"]}}],"collection":[{"href":"https:\/\/pornmate.com\/de\/wp-json\/wp\/v2\/pages"}],"about":[{"href":"https:\/\/pornmate.com\/de\/wp-json\/wp\/v2\/types\/page"}],"author":[{"embeddable":true,"href":"https:\/\/pornmate.com\/de\/wp-json\/wp\/v2\/users\/1"}],"replies":[{"embeddable":true,"href":"https:\/\/pornmate.com\/de\/wp-json\/wp\/v2\/comments?post=4839"}],"version-history":[{"count":0,"href":"https:\/\/pornmate.com\/de\/wp-json\/wp\/v2\/pages\/4839\/revisions"}],"wp:attachment":[{"href":"https:\/\/pornmate.com\/de\/wp-json\/wp\/v2\/media?parent=4839"}],"curies":[{"name":"wp","href":"https:\/\/api.w.org\/{rel}","templated":true}]}}