{"id":4858,"date":"2019-09-02T11:15:55","date_gmt":"2019-09-02T11:15:55","guid":{"rendered":"https:\/\/pornmate.com\/?page_id=4858"},"modified":"2022-11-26T11:04:33","modified_gmt":"2022-11-26T10:04:33","slug":"watch-my-gf","status":"publish","type":"page","link":"https:\/\/pornmate.com\/de\/watch-my-gf","title":{"rendered":"WATCH MY GF"},"content":{"rendered":"<p>Die Watch My GF-Site bietet Ihnen eine Mischung aus allen m\u00f6glichen Hardcore-Pornos. Wie Sie schnell feststellen werden, gibt es aufregende Sexvideos, die sich beispielsweise auf Anal-, Interracial-, Outdoor-Sex oder Stiefschwester-Bumsen konzentrieren, aber es gibt auch sinnliche Masturbationsvideos sowie von Benutzern eingereichte Videos. Nicht im Geringsten besitzergreifend usw. Die gr\u00f6\u00dfte St\u00e4rke von WatchMyGF ist, dass es f\u00fcr fast jeden ein Video gibt. Was auch immer Ihr Geschmack und Ihre Vorlieben sind, hier gibt es definitiv Inhalte f\u00fcr Sie. Neben all dieser Vielfalt kann Watch My Gf auch eine beispiellose Menge bieten. Jeden Tag werden neue Videos hochgeladen, sodass jeder Besucher von WatchMyGF.com definitiv wei\u00df, dass es niemals einen langsamen Tag, einen langweiligen Moment oder einen Mangel an Hardcore-Pornovideos geben wird, die in gro\u00dfartiger Qualit\u00e4t online gestreamt werden k\u00f6nnen. Das macht es bequem.<br \/>\nDie Website ist wundersch\u00f6n gestaltet, Sie k\u00f6nnen von der Startseite aus ganz einfach auf die neuesten, meistgesehenen und am besten bewerteten Clips zugreifen. Dieses Design sieht auf Android-Handys, iOS-basierten Tablets oder anderen mobilen Ger\u00e4ten, die Sie sich vorstellen k\u00f6nnen, ziemlich gut aus. Wenn Sie mobile Pornos online ohne Qualit\u00e4tsverlust ansehen m\u00f6chten, ist dies die perfekte Website f\u00fcr Sie. Dar\u00fcber hinaus ist es erw\u00e4hnenswert, dass Sie auch Pornokategorien und Pornotags durchsuchen k\u00f6nnen. Es gibt eine Liste mit Modellen und Inhaltsanbietern. So finden Sie ganz einfach Ihr Wunschmodell.<br \/>\nMit anderen Worten, diese Website ist so gut wie es nur geht. Sie k\u00f6nnen eine Ewigkeit damit verbringen, Ihre Lieblingspornogenres zu entdecken oder nacheinander neue Lieblingspornostars zu finden. Beginnen Sie sofort damit, diese Premium-Sammlung kostenloser Online-Pornos zu durchsuchen. Sie werden f\u00fcr Ihre Neugier belohnt. Gro\u00dfe Zeit.<\/p>\n","protected":false},"excerpt":{"rendered":"<p>Die Watch My GF-Site bietet Ihnen eine Mischung aus allen m\u00f6glichen Hardcore-Pornos. Wie Sie schnell feststellen werden, gibt es aufregende Sexvideos, die sich beispielsweise auf Anal-, Interracial-, Outdoor-Sex oder Stiefschwester-Bumsen konzentrieren, aber es gibt auch sinnliche Masturbationsvideos sowie von Benutzern eingereichte Videos. Nicht im Geringsten besitzergreifend usw. Die gr\u00f6\u00dfte St\u00e4rke von WatchMyGF ist, dass es [&hellip;]<\/p>\n","protected":false},"author":1,"featured_media":0,"parent":0,"menu_order":0,"comment_status":"closed","ping_status":"closed","template":"page-star-stil.php","meta":{"footnotes":""},"class_list":["post-4858","page","type-page","status-publish","hentry"],"yoast_head":"<!-- This site is optimized with the Yoast SEO plugin v27.2 - https:\/\/yoast.com\/product\/yoast-seo-wordpress\/ -->\n<title>WATCH MY GF und Liste der besten Pornoseiten | PornMate<\/title>\n<meta name=\"description\" content=\"Die Watch My GF-Site bietet Ihnen eine Mischung aus allen m\u00f6glichen Hardcore-Pornos. Wie Sie schnell feststellen werden, gibt es aufregende Sexvideos, die sich beispielsweise auf Anal-, Interracial-, Outdoor-Sex oder Stiefschwester-Bumsen konzentrieren, aber es gibt auch sinnliche Masturbationsvideos sowie von Benutzern eingereichte Videos.\" \/>\n<meta name=\"robots\" content=\"index, follow, max-snippet:-1, max-image-preview:large, max-video-preview:-1\" \/>\n<link rel=\"canonical\" href=\"https:\/\/pornmate.com\/de\/watch-my-gf\" \/>\n<meta property=\"og:locale\" content=\"de_DE\" \/>\n<meta property=\"og:type\" content=\"article\" \/>\n<meta property=\"og:title\" content=\"WATCH MY GF und Liste der besten Pornoseiten | PornMate\" \/>\n<meta property=\"og:description\" content=\"Die Watch My GF-Site bietet Ihnen eine Mischung aus allen m\u00f6glichen Hardcore-Pornos. Wie Sie schnell feststellen werden, gibt es aufregende Sexvideos, die sich beispielsweise auf Anal-, Interracial-, Outdoor-Sex oder Stiefschwester-Bumsen konzentrieren, aber es gibt auch sinnliche Masturbationsvideos sowie von Benutzern eingereichte Videos.\" \/>\n<meta property=\"og:url\" content=\"https:\/\/pornmate.com\/de\/watch-my-gf\" \/>\n<meta property=\"og:site_name\" content=\"Besten Pornoseiten - Kostenlose Deutsche Pornos | PornMate.com\" \/>\n<meta property=\"article:modified_time\" content=\"2022-11-26T10:04:33+00:00\" \/>\n<meta name=\"twitter:card\" content=\"summary_large_image\" \/>\n<meta name=\"twitter:label1\" content=\"Gesch\u00e4tzte Lesezeit\" \/>\n\t<meta name=\"twitter:data1\" content=\"2\u00a0Minuten\" \/>\n<script type=\"application\/ld+json\" class=\"yoast-schema-graph\">{\"@context\":\"https:\/\/schema.org\",\"@graph\":[{\"@type\":\"WebPage\",\"@id\":\"https:\/\/pornmate.com\/de\/watch-my-gf\",\"url\":\"https:\/\/pornmate.com\/de\/watch-my-gf\",\"name\":\"WATCH MY GF und Liste der besten Pornoseiten | PornMate\",\"isPartOf\":{\"@id\":\"https:\/\/pornmate.com\/de\/#website\"},\"datePublished\":\"2019-09-02T11:15:55+00:00\",\"dateModified\":\"2022-11-26T10:04:33+00:00\",\"description\":\"Die Watch My GF-Site bietet Ihnen eine Mischung aus allen m\u00f6glichen Hardcore-Pornos. Wie Sie schnell feststellen werden, gibt es aufregende Sexvideos, die sich beispielsweise auf Anal-, Interracial-, Outdoor-Sex oder Stiefschwester-Bumsen konzentrieren, aber es gibt auch sinnliche Masturbationsvideos sowie von Benutzern eingereichte Videos.\",\"breadcrumb\":{\"@id\":\"https:\/\/pornmate.com\/de\/watch-my-gf#breadcrumb\"},\"inLanguage\":\"de\",\"potentialAction\":[{\"@type\":\"ReadAction\",\"target\":[\"https:\/\/pornmate.com\/de\/watch-my-gf\"]}]},{\"@type\":\"BreadcrumbList\",\"@id\":\"https:\/\/pornmate.com\/de\/watch-my-gf#breadcrumb\",\"itemListElement\":[{\"@type\":\"ListItem\",\"position\":1,\"name\":\"Startseite\",\"item\":\"https:\/\/pornmate.com\/de\"},{\"@type\":\"ListItem\",\"position\":2,\"name\":\"WATCH MY GF\"}]},{\"@type\":\"WebSite\",\"@id\":\"https:\/\/pornmate.com\/de\/#website\",\"url\":\"https:\/\/pornmate.com\/de\/\",\"name\":\"Besten Pornoseiten - Kostenlose Deutsche Pornos | PornMate.com\",\"description\":\"Kostenlose Pornos, ist Ihr Combo-Verzeichnis der besten gratis Pornoseiten, die Sie finden k\u00f6nnen, und das fantastische Seitenbewertungen, Kostenlose Deutsche sex Biografien von Pornostars und ihre xxx Freie Porno videos unter einem Dach pr\u00e4sentiert.\",\"publisher\":{\"@id\":\"https:\/\/pornmate.com\/de\/#organization\"},\"potentialAction\":[{\"@type\":\"SearchAction\",\"target\":{\"@type\":\"EntryPoint\",\"urlTemplate\":\"https:\/\/pornmate.com\/de\/?s={search_term_string}\"},\"query-input\":{\"@type\":\"PropertyValueSpecification\",\"valueRequired\":true,\"valueName\":\"search_term_string\"}}],\"inLanguage\":\"de\"},{\"@type\":\"Organization\",\"@id\":\"https:\/\/pornmate.com\/de\/#organization\",\"name\":\"Besten Pornoseiten - Kostenlose Deutsche Pornos | PornMate.com\",\"url\":\"https:\/\/pornmate.com\/de\/\",\"logo\":{\"@type\":\"ImageObject\",\"inLanguage\":\"de\",\"@id\":\"https:\/\/pornmate.com\/de\/#\/schema\/logo\/image\/\",\"url\":\"https:\/\/pornmate.com\/de\/wp-content\/uploads\/2022\/11\/pornmate-1.png\",\"contentUrl\":\"https:\/\/pornmate.com\/de\/wp-content\/uploads\/2022\/11\/pornmate-1.png\",\"width\":203,\"height\":200,\"caption\":\"Besten Pornoseiten - Kostenlose Deutsche Pornos | PornMate.com\"},\"image\":{\"@id\":\"https:\/\/pornmate.com\/de\/#\/schema\/logo\/image\/\"}}]}<\/script>\n<!-- \/ Yoast SEO plugin. -->","yoast_head_json":{"title":"WATCH MY GF und Liste der besten Pornoseiten | PornMate","description":"Die Watch My GF-Site bietet Ihnen eine Mischung aus allen m\u00f6glichen Hardcore-Pornos. Wie Sie schnell feststellen werden, gibt es aufregende Sexvideos, die sich beispielsweise auf Anal-, Interracial-, Outdoor-Sex oder Stiefschwester-Bumsen konzentrieren, aber es gibt auch sinnliche Masturbationsvideos sowie von Benutzern eingereichte Videos.","robots":{"index":"index","follow":"follow","max-snippet":"max-snippet:-1","max-image-preview":"max-image-preview:large","max-video-preview":"max-video-preview:-1"},"canonical":"https:\/\/pornmate.com\/de\/watch-my-gf","og_locale":"de_DE","og_type":"article","og_title":"WATCH MY GF und Liste der besten Pornoseiten | PornMate","og_description":"Die Watch My GF-Site bietet Ihnen eine Mischung aus allen m\u00f6glichen Hardcore-Pornos. Wie Sie schnell feststellen werden, gibt es aufregende Sexvideos, die sich beispielsweise auf Anal-, Interracial-, Outdoor-Sex oder Stiefschwester-Bumsen konzentrieren, aber es gibt auch sinnliche Masturbationsvideos sowie von Benutzern eingereichte Videos.","og_url":"https:\/\/pornmate.com\/de\/watch-my-gf","og_site_name":"Besten Pornoseiten - Kostenlose Deutsche Pornos | PornMate.com","article_modified_time":"2022-11-26T10:04:33+00:00","twitter_card":"summary_large_image","twitter_misc":{"Gesch\u00e4tzte Lesezeit":"2\u00a0Minuten"},"schema":{"@context":"https:\/\/schema.org","@graph":[{"@type":"WebPage","@id":"https:\/\/pornmate.com\/de\/watch-my-gf","url":"https:\/\/pornmate.com\/de\/watch-my-gf","name":"WATCH MY GF und Liste der besten Pornoseiten | PornMate","isPartOf":{"@id":"https:\/\/pornmate.com\/de\/#website"},"datePublished":"2019-09-02T11:15:55+00:00","dateModified":"2022-11-26T10:04:33+00:00","description":"Die Watch My GF-Site bietet Ihnen eine Mischung aus allen m\u00f6glichen Hardcore-Pornos. Wie Sie schnell feststellen werden, gibt es aufregende Sexvideos, die sich beispielsweise auf Anal-, Interracial-, Outdoor-Sex oder Stiefschwester-Bumsen konzentrieren, aber es gibt auch sinnliche Masturbationsvideos sowie von Benutzern eingereichte Videos.","breadcrumb":{"@id":"https:\/\/pornmate.com\/de\/watch-my-gf#breadcrumb"},"inLanguage":"de","potentialAction":[{"@type":"ReadAction","target":["https:\/\/pornmate.com\/de\/watch-my-gf"]}]},{"@type":"BreadcrumbList","@id":"https:\/\/pornmate.com\/de\/watch-my-gf#breadcrumb","itemListElement":[{"@type":"ListItem","position":1,"name":"Startseite","item":"https:\/\/pornmate.com\/de"},{"@type":"ListItem","position":2,"name":"WATCH MY GF"}]},{"@type":"WebSite","@id":"https:\/\/pornmate.com\/de\/#website","url":"https:\/\/pornmate.com\/de\/","name":"Besten Pornoseiten - Kostenlose Deutsche Pornos | PornMate.com","description":"Kostenlose Pornos, ist Ihr Combo-Verzeichnis der besten gratis Pornoseiten, die Sie finden k\u00f6nnen, und das fantastische Seitenbewertungen, Kostenlose Deutsche sex Biografien von Pornostars und ihre xxx Freie Porno videos unter einem Dach pr\u00e4sentiert.","publisher":{"@id":"https:\/\/pornmate.com\/de\/#organization"},"potentialAction":[{"@type":"SearchAction","target":{"@type":"EntryPoint","urlTemplate":"https:\/\/pornmate.com\/de\/?s={search_term_string}"},"query-input":{"@type":"PropertyValueSpecification","valueRequired":true,"valueName":"search_term_string"}}],"inLanguage":"de"},{"@type":"Organization","@id":"https:\/\/pornmate.com\/de\/#organization","name":"Besten Pornoseiten - Kostenlose Deutsche Pornos | PornMate.com","url":"https:\/\/pornmate.com\/de\/","logo":{"@type":"ImageObject","inLanguage":"de","@id":"https:\/\/pornmate.com\/de\/#\/schema\/logo\/image\/","url":"https:\/\/pornmate.com\/de\/wp-content\/uploads\/2022\/11\/pornmate-1.png","contentUrl":"https:\/\/pornmate.com\/de\/wp-content\/uploads\/2022\/11\/pornmate-1.png","width":203,"height":200,"caption":"Besten Pornoseiten - Kostenlose Deutsche Pornos | PornMate.com"},"image":{"@id":"https:\/\/pornmate.com\/de\/#\/schema\/logo\/image\/"}}]}},"_links":{"self":[{"href":"https:\/\/pornmate.com\/de\/wp-json\/wp\/v2\/pages\/4858","targetHints":{"allow":["GET"]}}],"collection":[{"href":"https:\/\/pornmate.com\/de\/wp-json\/wp\/v2\/pages"}],"about":[{"href":"https:\/\/pornmate.com\/de\/wp-json\/wp\/v2\/types\/page"}],"author":[{"embeddable":true,"href":"https:\/\/pornmate.com\/de\/wp-json\/wp\/v2\/users\/1"}],"replies":[{"embeddable":true,"href":"https:\/\/pornmate.com\/de\/wp-json\/wp\/v2\/comments?post=4858"}],"version-history":[{"count":0,"href":"https:\/\/pornmate.com\/de\/wp-json\/wp\/v2\/pages\/4858\/revisions"}],"wp:attachment":[{"href":"https:\/\/pornmate.com\/de\/wp-json\/wp\/v2\/media?parent=4858"}],"curies":[{"name":"wp","href":"https:\/\/api.w.org\/{rel}","templated":true}]}}