{"id":4868,"date":"2019-09-02T11:48:51","date_gmt":"2019-09-02T11:48:51","guid":{"rendered":"https:\/\/pornmate.com\/?page_id=4868"},"modified":"2019-09-02T11:48:51","modified_gmt":"2019-09-02T11:48:51","slug":"cartoon-sex","status":"publish","type":"page","link":"https:\/\/pornmate.com\/de\/cartoon-sex","title":{"rendered":"Cartoon Sex"},"content":{"rendered":"<p>Cartoon Sex TV ist die am schnellsten wachsende XXX-Tube der Welt. 3D-Porno, Hentai-Sex, Sie k\u00f6nnen es nennen, wie Sie wollen. Die Nachfrage nach dieser Art von Inhalten ist hoch und Cartoon Sex TV ist gekommen, um diese Nachfrage zu befriedigen. Auf der Homepage finden Sie die neuesten Erg\u00e4nzungen der st\u00e4ndig wachsenden Hentai-Pornosammlung. Das erste, was Ihnen sagt, wie gro\u00dfartig diese XXX-Website ist \u2013 t\u00e4gliche Updates. Unabh\u00e4ngig davon werden t\u00e4glich neue XXX-Clips hinzugef\u00fcgt. Offensichtlich werden st\u00fcndlich neue Cartoon-Sex-Clips hinzugef\u00fcgt, aber \u201et\u00e4gliche Updates\u201c klingt besser. Was die neuesten Clips betrifft, gibt es eine sch\u00f6ne Mischung aus Anime-Pornos von Amateur-Animatoren, gro\u00dfen Studios, erstklassigen Sch\u00f6pfern und allen dazwischen. Tats\u00e4chlich ist die Anzahl der von dieser Seite angebotenen Pornoinhalte ziemlich hoch. Wenn Sie oben auf der Seite auf die Schaltfl\u00e4che Kategorien klicken, sehen Sie, wie viele Inhalte auf der Website vorhanden sind. Es gibt beliebte Genres wie Jungfrau, Dreier, Teenager, Lehrerin, Schulm\u00e4dchen, Futanari, Muschi lecken, Krankenschwester, Fortnite, Cartoon-Held und Petite. Es gibt auch XXX-Genres, die von der Hentai-Community offen gesagt als tabu angesehen werden, darunter Zombie, Teenager, D\u00e4mon, Fisting, Schwanger, Roboterroboter, Monster, Familie, Zwangs, Drache und verschiedene andere. Keine Sorge, wenn Sie nach etwas WIRKLICH WIRKLICH Seltsamem suchen, suchen Sie nicht weiter, Sie finden es hier. Neben t\u00e4glichen Updates und verr\u00fcckter Vielfalt hat diese Cartoon-Pornoseite viel zu bieten. Zum Beispiel gibt es kostenlose Cartoon-Pornobilder, es gibt einen ganzen Abschnitt f\u00fcr unzensiertes Hentai, es gibt eine spezielle Seite f\u00fcr Hentai-Spiele usw. Ehrlich gesagt, Sie werden sich in diese Hardcore-Hentai-Pornosammlung verlieben. Mach einfach weiter &#8211; lass es geschehen.<\/p>\n","protected":false},"excerpt":{"rendered":"<p>Cartoon Sex TV ist die am schnellsten wachsende XXX-Tube der Welt. 3D-Porno, Hentai-Sex, Sie k\u00f6nnen es nennen, wie Sie wollen. Die Nachfrage nach dieser Art von Inhalten ist hoch und Cartoon Sex TV ist gekommen, um diese Nachfrage zu befriedigen. Auf der Homepage finden Sie die neuesten Erg\u00e4nzungen der st\u00e4ndig wachsenden Hentai-Pornosammlung. Das erste, was [&hellip;]<\/p>\n","protected":false},"author":1,"featured_media":0,"parent":0,"menu_order":0,"comment_status":"closed","ping_status":"closed","template":"page-star-stil.php","meta":{"footnotes":""},"class_list":["post-4868","page","type-page","status-publish","hentry"],"yoast_head":"<!-- This site is optimized with the Yoast SEO plugin v27.2 - https:\/\/yoast.com\/product\/yoast-seo-wordpress\/ -->\n<title>Cartoon Sex und Liste der besten Pornoseiten | PornMate<\/title>\n<meta name=\"description\" content=\"Cartoon Sex TV ist die am schnellsten wachsende XXX-Tube der Welt. 3D-Porno, Hentai-Sex, Sie k\u00f6nnen es nennen, wie Sie wollen. Die Nachfrage nach dieser Art von Inhalten ist hoch und Cartoon Sex TV ist gekommen, um diese Nachfrage zu befriedigen.\" \/>\n<meta name=\"robots\" content=\"index, follow, max-snippet:-1, max-image-preview:large, max-video-preview:-1\" \/>\n<link rel=\"canonical\" href=\"https:\/\/pornmate.com\/de\/cartoon-sex\" \/>\n<meta property=\"og:locale\" content=\"de_DE\" \/>\n<meta property=\"og:type\" content=\"article\" \/>\n<meta property=\"og:title\" content=\"Cartoon Sex und Liste der besten Pornoseiten | PornMate\" \/>\n<meta property=\"og:description\" content=\"Cartoon Sex TV ist die am schnellsten wachsende XXX-Tube der Welt. 3D-Porno, Hentai-Sex, Sie k\u00f6nnen es nennen, wie Sie wollen. Die Nachfrage nach dieser Art von Inhalten ist hoch und Cartoon Sex TV ist gekommen, um diese Nachfrage zu befriedigen.\" \/>\n<meta property=\"og:url\" content=\"https:\/\/pornmate.com\/de\/cartoon-sex\" \/>\n<meta property=\"og:site_name\" content=\"Besten Pornoseiten - Kostenlose Deutsche Pornos | PornMate.com\" \/>\n<meta name=\"twitter:card\" content=\"summary_large_image\" \/>\n<meta name=\"twitter:label1\" content=\"Gesch\u00e4tzte Lesezeit\" \/>\n\t<meta name=\"twitter:data1\" content=\"2\u00a0Minuten\" \/>\n<script type=\"application\/ld+json\" class=\"yoast-schema-graph\">{\"@context\":\"https:\/\/schema.org\",\"@graph\":[{\"@type\":\"WebPage\",\"@id\":\"https:\/\/pornmate.com\/de\/cartoon-sex\",\"url\":\"https:\/\/pornmate.com\/de\/cartoon-sex\",\"name\":\"Cartoon Sex und Liste der besten Pornoseiten | PornMate\",\"isPartOf\":{\"@id\":\"https:\/\/pornmate.com\/de\/#website\"},\"datePublished\":\"2019-09-02T11:48:51+00:00\",\"description\":\"Cartoon Sex TV ist die am schnellsten wachsende XXX-Tube der Welt. 3D-Porno, Hentai-Sex, Sie k\u00f6nnen es nennen, wie Sie wollen. Die Nachfrage nach dieser Art von Inhalten ist hoch und Cartoon Sex TV ist gekommen, um diese Nachfrage zu befriedigen.\",\"breadcrumb\":{\"@id\":\"https:\/\/pornmate.com\/de\/cartoon-sex#breadcrumb\"},\"inLanguage\":\"de\",\"potentialAction\":[{\"@type\":\"ReadAction\",\"target\":[\"https:\/\/pornmate.com\/de\/cartoon-sex\"]}]},{\"@type\":\"BreadcrumbList\",\"@id\":\"https:\/\/pornmate.com\/de\/cartoon-sex#breadcrumb\",\"itemListElement\":[{\"@type\":\"ListItem\",\"position\":1,\"name\":\"Startseite\",\"item\":\"https:\/\/pornmate.com\/de\"},{\"@type\":\"ListItem\",\"position\":2,\"name\":\"Cartoon Sex\"}]},{\"@type\":\"WebSite\",\"@id\":\"https:\/\/pornmate.com\/de\/#website\",\"url\":\"https:\/\/pornmate.com\/de\/\",\"name\":\"Besten Pornoseiten - Kostenlose Deutsche Pornos | PornMate.com\",\"description\":\"Kostenlose Pornos, ist Ihr Combo-Verzeichnis der besten gratis Pornoseiten, die Sie finden k\u00f6nnen, und das fantastische Seitenbewertungen, Kostenlose Deutsche sex Biografien von Pornostars und ihre xxx Freie Porno videos unter einem Dach pr\u00e4sentiert.\",\"publisher\":{\"@id\":\"https:\/\/pornmate.com\/de\/#organization\"},\"potentialAction\":[{\"@type\":\"SearchAction\",\"target\":{\"@type\":\"EntryPoint\",\"urlTemplate\":\"https:\/\/pornmate.com\/de\/?s={search_term_string}\"},\"query-input\":{\"@type\":\"PropertyValueSpecification\",\"valueRequired\":true,\"valueName\":\"search_term_string\"}}],\"inLanguage\":\"de\"},{\"@type\":\"Organization\",\"@id\":\"https:\/\/pornmate.com\/de\/#organization\",\"name\":\"Besten Pornoseiten - Kostenlose Deutsche Pornos | PornMate.com\",\"url\":\"https:\/\/pornmate.com\/de\/\",\"logo\":{\"@type\":\"ImageObject\",\"inLanguage\":\"de\",\"@id\":\"https:\/\/pornmate.com\/de\/#\/schema\/logo\/image\/\",\"url\":\"https:\/\/pornmate.com\/de\/wp-content\/uploads\/2022\/11\/pornmate-1.png\",\"contentUrl\":\"https:\/\/pornmate.com\/de\/wp-content\/uploads\/2022\/11\/pornmate-1.png\",\"width\":203,\"height\":200,\"caption\":\"Besten Pornoseiten - Kostenlose Deutsche Pornos | PornMate.com\"},\"image\":{\"@id\":\"https:\/\/pornmate.com\/de\/#\/schema\/logo\/image\/\"}}]}<\/script>\n<!-- \/ Yoast SEO plugin. -->","yoast_head_json":{"title":"Cartoon Sex und Liste der besten Pornoseiten | PornMate","description":"Cartoon Sex TV ist die am schnellsten wachsende XXX-Tube der Welt. 3D-Porno, Hentai-Sex, Sie k\u00f6nnen es nennen, wie Sie wollen. Die Nachfrage nach dieser Art von Inhalten ist hoch und Cartoon Sex TV ist gekommen, um diese Nachfrage zu befriedigen.","robots":{"index":"index","follow":"follow","max-snippet":"max-snippet:-1","max-image-preview":"max-image-preview:large","max-video-preview":"max-video-preview:-1"},"canonical":"https:\/\/pornmate.com\/de\/cartoon-sex","og_locale":"de_DE","og_type":"article","og_title":"Cartoon Sex und Liste der besten Pornoseiten | PornMate","og_description":"Cartoon Sex TV ist die am schnellsten wachsende XXX-Tube der Welt. 3D-Porno, Hentai-Sex, Sie k\u00f6nnen es nennen, wie Sie wollen. Die Nachfrage nach dieser Art von Inhalten ist hoch und Cartoon Sex TV ist gekommen, um diese Nachfrage zu befriedigen.","og_url":"https:\/\/pornmate.com\/de\/cartoon-sex","og_site_name":"Besten Pornoseiten - Kostenlose Deutsche Pornos | PornMate.com","twitter_card":"summary_large_image","twitter_misc":{"Gesch\u00e4tzte Lesezeit":"2\u00a0Minuten"},"schema":{"@context":"https:\/\/schema.org","@graph":[{"@type":"WebPage","@id":"https:\/\/pornmate.com\/de\/cartoon-sex","url":"https:\/\/pornmate.com\/de\/cartoon-sex","name":"Cartoon Sex und Liste der besten Pornoseiten | PornMate","isPartOf":{"@id":"https:\/\/pornmate.com\/de\/#website"},"datePublished":"2019-09-02T11:48:51+00:00","description":"Cartoon Sex TV ist die am schnellsten wachsende XXX-Tube der Welt. 3D-Porno, Hentai-Sex, Sie k\u00f6nnen es nennen, wie Sie wollen. Die Nachfrage nach dieser Art von Inhalten ist hoch und Cartoon Sex TV ist gekommen, um diese Nachfrage zu befriedigen.","breadcrumb":{"@id":"https:\/\/pornmate.com\/de\/cartoon-sex#breadcrumb"},"inLanguage":"de","potentialAction":[{"@type":"ReadAction","target":["https:\/\/pornmate.com\/de\/cartoon-sex"]}]},{"@type":"BreadcrumbList","@id":"https:\/\/pornmate.com\/de\/cartoon-sex#breadcrumb","itemListElement":[{"@type":"ListItem","position":1,"name":"Startseite","item":"https:\/\/pornmate.com\/de"},{"@type":"ListItem","position":2,"name":"Cartoon Sex"}]},{"@type":"WebSite","@id":"https:\/\/pornmate.com\/de\/#website","url":"https:\/\/pornmate.com\/de\/","name":"Besten Pornoseiten - Kostenlose Deutsche Pornos | PornMate.com","description":"Kostenlose Pornos, ist Ihr Combo-Verzeichnis der besten gratis Pornoseiten, die Sie finden k\u00f6nnen, und das fantastische Seitenbewertungen, Kostenlose Deutsche sex Biografien von Pornostars und ihre xxx Freie Porno videos unter einem Dach pr\u00e4sentiert.","publisher":{"@id":"https:\/\/pornmate.com\/de\/#organization"},"potentialAction":[{"@type":"SearchAction","target":{"@type":"EntryPoint","urlTemplate":"https:\/\/pornmate.com\/de\/?s={search_term_string}"},"query-input":{"@type":"PropertyValueSpecification","valueRequired":true,"valueName":"search_term_string"}}],"inLanguage":"de"},{"@type":"Organization","@id":"https:\/\/pornmate.com\/de\/#organization","name":"Besten Pornoseiten - Kostenlose Deutsche Pornos | PornMate.com","url":"https:\/\/pornmate.com\/de\/","logo":{"@type":"ImageObject","inLanguage":"de","@id":"https:\/\/pornmate.com\/de\/#\/schema\/logo\/image\/","url":"https:\/\/pornmate.com\/de\/wp-content\/uploads\/2022\/11\/pornmate-1.png","contentUrl":"https:\/\/pornmate.com\/de\/wp-content\/uploads\/2022\/11\/pornmate-1.png","width":203,"height":200,"caption":"Besten Pornoseiten - Kostenlose Deutsche Pornos | PornMate.com"},"image":{"@id":"https:\/\/pornmate.com\/de\/#\/schema\/logo\/image\/"}}]}},"_links":{"self":[{"href":"https:\/\/pornmate.com\/de\/wp-json\/wp\/v2\/pages\/4868","targetHints":{"allow":["GET"]}}],"collection":[{"href":"https:\/\/pornmate.com\/de\/wp-json\/wp\/v2\/pages"}],"about":[{"href":"https:\/\/pornmate.com\/de\/wp-json\/wp\/v2\/types\/page"}],"author":[{"embeddable":true,"href":"https:\/\/pornmate.com\/de\/wp-json\/wp\/v2\/users\/1"}],"replies":[{"embeddable":true,"href":"https:\/\/pornmate.com\/de\/wp-json\/wp\/v2\/comments?post=4868"}],"version-history":[{"count":0,"href":"https:\/\/pornmate.com\/de\/wp-json\/wp\/v2\/pages\/4868\/revisions"}],"wp:attachment":[{"href":"https:\/\/pornmate.com\/de\/wp-json\/wp\/v2\/media?parent=4868"}],"curies":[{"name":"wp","href":"https:\/\/api.w.org\/{rel}","templated":true}]}}