{"id":4892,"date":"2019-09-07T08:52:51","date_gmt":"2019-09-07T08:52:51","guid":{"rendered":"https:\/\/pornmate.com\/?page_id=4892"},"modified":"2019-09-07T08:52:51","modified_gmt":"2019-09-07T08:52:51","slug":"snapchat-nudes","status":"publish","type":"page","link":"https:\/\/pornmate.com\/de\/snapchat-nudes","title":{"rendered":"Snapchat Nudes"},"content":{"rendered":"<center><a href=\"https:\/\/kikdirty.com\/\" target=\"_blank\" rel=\"dofollow noopener noreferrer\"><img loading=\"lazy\" decoding=\"async\" class=\"aligncenter\" title=\"snapchat nudes\" src=\"https:\/\/pornmate.com\/wp-content\/uploads\/2019\/09\/kikdirty.png\" alt=\"kikdirty.com\" width=\"218\" height=\"172\" border=\"0\" \/><\/a>\n<p>&nbsp;<\/p>\n<\/center>\n<p>Wir alle wissen, was Kik ist, oder? Wenn ja, hoffen wir, dass Sie von KikDirty erfahren haben. Ein Forum voller der hei\u00dfesten <a href=\"https:\/\/kikdirty.com\/\">Snapchat-Act<\/a> im Internet! Viele M\u00e4nner werden sauer, nachdem sie mit ihren Freundinnen Schluss gemacht haben und am Ende all ihre <a href=\"https:\/\/www.snap.college\/\">Snapchat-Pornos<\/a> ins Internet lecken. Kein Wunder, dass es viele Inhalte gibt. Diese sehr einfache Seite hat mehrere Abschnitte. F\u00fcr den Anfang gibt es ein Mitgliederforum. Dies ist der richtige Ort, nachdem Sie sich auf der Website angemeldet haben, wenn Sie sich mit Gleichgesinnten treffen m\u00f6chten.<br \/>Wir sind hier, um Ihnen von einer der beliebtesten mobilen Messaging-Apps der Welt zu erz\u00e4hlen. Die App hei\u00dft Kik und es gibt eine spezielle Dating-Site, die Ihnen dabei zu helfen scheint, sich mit einem M\u00e4dchen zu verbinden, das diese App verwendet. Diese Site hei\u00dft Kikdirty.com, und bevor Sie mit der Verwendung von Kik beginnen, m\u00fcssen Sie eine Site kennen.<br \/>Egal, ob Sie Leute \u00fcber viele nackte M\u00e4dchen auf ihrem Kik sprechen geh\u00f6rt haben oder einfach nur \u00fcber diese App gestolpert sind und neugierig sind, was sie zu bieten hat, wissen Sie alles, bevor Sie es ausprobieren. bitte gib mir. Finden Sie alles heraus, was ich \u00fcber Kik Dirty gelernt habe.<br \/>Das Treffen von M\u00e4dchen auf Kik ist eine gro\u00dfartige M\u00f6glichkeit, Kontakte zu kn\u00fcpfen. Obwohl es keine offizielle Dating-App ist, eignet es sich hervorragend f\u00fcr diese Art von Aktivit\u00e4t. Wir empfehlen dringend, dieser Website und den vielen anderen Dating-Sites beizutreten, die versprechen, Ihren Benutzernamen zu teilen.<\/p>\n<p>&nbsp;<\/p>\n<center><a href=\"https:\/\/kikdirty.com\/\" target=\"_blank\" rel=\"dofollow noopener noreferrer\"><img loading=\"lazy\" decoding=\"async\" class=\"aligncenter\" title=\"snap chat nudes\" src=\"https:\/\/pornmate.com\/wp-content\/uploads\/2019\/09\/kik-dirty.png\" alt=\"kik-dirty.com\" width=\"600\" height=\"302\" border=\"0\" \/><\/a> <\/center>","protected":false},"excerpt":{"rendered":"<p>&nbsp; Wir alle wissen, was Kik ist, oder? Wenn ja, hoffen wir, dass Sie von KikDirty erfahren haben. Ein Forum voller der hei\u00dfesten Snapchat-Act im Internet! Viele M\u00e4nner werden sauer, nachdem sie mit ihren Freundinnen Schluss gemacht haben und am Ende all ihre Snapchat-Pornos ins Internet lecken. Kein Wunder, dass es viele Inhalte gibt. Diese [&hellip;]<\/p>\n","protected":false},"author":1,"featured_media":0,"parent":0,"menu_order":0,"comment_status":"closed","ping_status":"closed","template":"","meta":{"footnotes":""},"class_list":["post-4892","page","type-page","status-publish","hentry"],"yoast_head":"<!-- This site is optimized with the Yoast SEO plugin v27.5 - https:\/\/yoast.com\/product\/yoast-seo-wordpress\/ -->\n<title>Snapchat Nudes und Liste der besten Pornoseiten | PornMate<\/title>\n<meta name=\"robots\" content=\"index, follow, max-snippet:-1, max-image-preview:large, max-video-preview:-1\" \/>\n<link rel=\"canonical\" href=\"https:\/\/pornmate.com\/de\/snapchat-nudes\" \/>\n<meta property=\"og:locale\" content=\"de_DE\" \/>\n<meta property=\"og:type\" content=\"article\" \/>\n<meta property=\"og:title\" content=\"Snapchat Nudes und Liste der besten Pornoseiten | PornMate\" \/>\n<meta property=\"og:description\" content=\"&nbsp; Wir alle wissen, was Kik ist, oder? Wenn ja, hoffen wir, dass Sie von KikDirty erfahren haben. Ein Forum voller der hei\u00dfesten Snapchat-Act im Internet! Viele M\u00e4nner werden sauer, nachdem sie mit ihren Freundinnen Schluss gemacht haben und am Ende all ihre Snapchat-Pornos ins Internet lecken. Kein Wunder, dass es viele Inhalte gibt. Diese [&hellip;]\" \/>\n<meta property=\"og:url\" content=\"https:\/\/pornmate.com\/de\/snapchat-nudes\" \/>\n<meta property=\"og:site_name\" content=\"Besten Pornoseiten - Kostenlose Deutsche Pornos | PornMate.com\" \/>\n<meta property=\"og:image\" content=\"https:\/\/pornmate.com\/wp-content\/uploads\/2019\/09\/kikdirty.png\" \/>\n<meta name=\"twitter:card\" content=\"summary_large_image\" \/>\n<meta name=\"twitter:label1\" content=\"Gesch\u00e4tzte Lesezeit\" \/>\n\t<meta name=\"twitter:data1\" content=\"2\u00a0Minuten\" \/>\n<script type=\"application\/ld+json\" class=\"yoast-schema-graph\">{\"@context\":\"https:\\\/\\\/schema.org\",\"@graph\":[{\"@type\":\"WebPage\",\"@id\":\"https:\\\/\\\/pornmate.com\\\/de\\\/snapchat-nudes\",\"url\":\"https:\\\/\\\/pornmate.com\\\/de\\\/snapchat-nudes\",\"name\":\"Snapchat Nudes und Liste der besten Pornoseiten | PornMate\",\"isPartOf\":{\"@id\":\"https:\\\/\\\/pornmate.com\\\/de\\\/#website\"},\"primaryImageOfPage\":{\"@id\":\"https:\\\/\\\/pornmate.com\\\/de\\\/snapchat-nudes#primaryimage\"},\"image\":{\"@id\":\"https:\\\/\\\/pornmate.com\\\/de\\\/snapchat-nudes#primaryimage\"},\"thumbnailUrl\":\"https:\\\/\\\/pornmate.com\\\/wp-content\\\/uploads\\\/2019\\\/09\\\/kikdirty.png\",\"datePublished\":\"2019-09-07T08:52:51+00:00\",\"breadcrumb\":{\"@id\":\"https:\\\/\\\/pornmate.com\\\/de\\\/snapchat-nudes#breadcrumb\"},\"inLanguage\":\"de\",\"potentialAction\":[{\"@type\":\"ReadAction\",\"target\":[\"https:\\\/\\\/pornmate.com\\\/de\\\/snapchat-nudes\"]}]},{\"@type\":\"ImageObject\",\"inLanguage\":\"de\",\"@id\":\"https:\\\/\\\/pornmate.com\\\/de\\\/snapchat-nudes#primaryimage\",\"url\":\"https:\\\/\\\/pornmate.com\\\/wp-content\\\/uploads\\\/2019\\\/09\\\/kikdirty.png\",\"contentUrl\":\"https:\\\/\\\/pornmate.com\\\/wp-content\\\/uploads\\\/2019\\\/09\\\/kikdirty.png\"},{\"@type\":\"BreadcrumbList\",\"@id\":\"https:\\\/\\\/pornmate.com\\\/de\\\/snapchat-nudes#breadcrumb\",\"itemListElement\":[{\"@type\":\"ListItem\",\"position\":1,\"name\":\"Startseite\",\"item\":\"https:\\\/\\\/pornmate.com\\\/de\"},{\"@type\":\"ListItem\",\"position\":2,\"name\":\"Snapchat Nudes\"}]},{\"@type\":\"WebSite\",\"@id\":\"https:\\\/\\\/pornmate.com\\\/de\\\/#website\",\"url\":\"https:\\\/\\\/pornmate.com\\\/de\\\/\",\"name\":\"Besten Pornoseiten - Kostenlose Deutsche Pornos | PornMate.com\",\"description\":\"Kostenlose Pornos, ist Ihr Combo-Verzeichnis der besten gratis Pornoseiten, die Sie finden k\u00f6nnen, und das fantastische Seitenbewertungen, Kostenlose Deutsche sex Biografien von Pornostars und ihre xxx Freie Porno videos unter einem Dach pr\u00e4sentiert.\",\"publisher\":{\"@id\":\"https:\\\/\\\/pornmate.com\\\/de\\\/#organization\"},\"potentialAction\":[{\"@type\":\"SearchAction\",\"target\":{\"@type\":\"EntryPoint\",\"urlTemplate\":\"https:\\\/\\\/pornmate.com\\\/de\\\/?s={search_term_string}\"},\"query-input\":{\"@type\":\"PropertyValueSpecification\",\"valueRequired\":true,\"valueName\":\"search_term_string\"}}],\"inLanguage\":\"de\"},{\"@type\":\"Organization\",\"@id\":\"https:\\\/\\\/pornmate.com\\\/de\\\/#organization\",\"name\":\"Besten Pornoseiten - Kostenlose Deutsche Pornos | PornMate.com\",\"url\":\"https:\\\/\\\/pornmate.com\\\/de\\\/\",\"logo\":{\"@type\":\"ImageObject\",\"inLanguage\":\"de\",\"@id\":\"https:\\\/\\\/pornmate.com\\\/de\\\/#\\\/schema\\\/logo\\\/image\\\/\",\"url\":\"https:\\\/\\\/pornmate.com\\\/de\\\/wp-content\\\/uploads\\\/2022\\\/11\\\/pornmate-1.png\",\"contentUrl\":\"https:\\\/\\\/pornmate.com\\\/de\\\/wp-content\\\/uploads\\\/2022\\\/11\\\/pornmate-1.png\",\"width\":203,\"height\":200,\"caption\":\"Besten Pornoseiten - Kostenlose Deutsche Pornos | PornMate.com\"},\"image\":{\"@id\":\"https:\\\/\\\/pornmate.com\\\/de\\\/#\\\/schema\\\/logo\\\/image\\\/\"}}]}<\/script>\n<!-- \/ Yoast SEO plugin. -->","yoast_head_json":{"title":"Snapchat Nudes und Liste der besten Pornoseiten | PornMate","robots":{"index":"index","follow":"follow","max-snippet":"max-snippet:-1","max-image-preview":"max-image-preview:large","max-video-preview":"max-video-preview:-1"},"canonical":"https:\/\/pornmate.com\/de\/snapchat-nudes","og_locale":"de_DE","og_type":"article","og_title":"Snapchat Nudes und Liste der besten Pornoseiten | PornMate","og_description":"&nbsp; Wir alle wissen, was Kik ist, oder? Wenn ja, hoffen wir, dass Sie von KikDirty erfahren haben. Ein Forum voller der hei\u00dfesten Snapchat-Act im Internet! Viele M\u00e4nner werden sauer, nachdem sie mit ihren Freundinnen Schluss gemacht haben und am Ende all ihre Snapchat-Pornos ins Internet lecken. Kein Wunder, dass es viele Inhalte gibt. Diese [&hellip;]","og_url":"https:\/\/pornmate.com\/de\/snapchat-nudes","og_site_name":"Besten Pornoseiten - Kostenlose Deutsche Pornos | PornMate.com","og_image":[{"url":"https:\/\/pornmate.com\/wp-content\/uploads\/2019\/09\/kikdirty.png","type":"","width":"","height":""}],"twitter_card":"summary_large_image","twitter_misc":{"Gesch\u00e4tzte Lesezeit":"2\u00a0Minuten"},"schema":{"@context":"https:\/\/schema.org","@graph":[{"@type":"WebPage","@id":"https:\/\/pornmate.com\/de\/snapchat-nudes","url":"https:\/\/pornmate.com\/de\/snapchat-nudes","name":"Snapchat Nudes und Liste der besten Pornoseiten | PornMate","isPartOf":{"@id":"https:\/\/pornmate.com\/de\/#website"},"primaryImageOfPage":{"@id":"https:\/\/pornmate.com\/de\/snapchat-nudes#primaryimage"},"image":{"@id":"https:\/\/pornmate.com\/de\/snapchat-nudes#primaryimage"},"thumbnailUrl":"https:\/\/pornmate.com\/wp-content\/uploads\/2019\/09\/kikdirty.png","datePublished":"2019-09-07T08:52:51+00:00","breadcrumb":{"@id":"https:\/\/pornmate.com\/de\/snapchat-nudes#breadcrumb"},"inLanguage":"de","potentialAction":[{"@type":"ReadAction","target":["https:\/\/pornmate.com\/de\/snapchat-nudes"]}]},{"@type":"ImageObject","inLanguage":"de","@id":"https:\/\/pornmate.com\/de\/snapchat-nudes#primaryimage","url":"https:\/\/pornmate.com\/wp-content\/uploads\/2019\/09\/kikdirty.png","contentUrl":"https:\/\/pornmate.com\/wp-content\/uploads\/2019\/09\/kikdirty.png"},{"@type":"BreadcrumbList","@id":"https:\/\/pornmate.com\/de\/snapchat-nudes#breadcrumb","itemListElement":[{"@type":"ListItem","position":1,"name":"Startseite","item":"https:\/\/pornmate.com\/de"},{"@type":"ListItem","position":2,"name":"Snapchat Nudes"}]},{"@type":"WebSite","@id":"https:\/\/pornmate.com\/de\/#website","url":"https:\/\/pornmate.com\/de\/","name":"Besten Pornoseiten - Kostenlose Deutsche Pornos | PornMate.com","description":"Kostenlose Pornos, ist Ihr Combo-Verzeichnis der besten gratis Pornoseiten, die Sie finden k\u00f6nnen, und das fantastische Seitenbewertungen, Kostenlose Deutsche sex Biografien von Pornostars und ihre xxx Freie Porno videos unter einem Dach pr\u00e4sentiert.","publisher":{"@id":"https:\/\/pornmate.com\/de\/#organization"},"potentialAction":[{"@type":"SearchAction","target":{"@type":"EntryPoint","urlTemplate":"https:\/\/pornmate.com\/de\/?s={search_term_string}"},"query-input":{"@type":"PropertyValueSpecification","valueRequired":true,"valueName":"search_term_string"}}],"inLanguage":"de"},{"@type":"Organization","@id":"https:\/\/pornmate.com\/de\/#organization","name":"Besten Pornoseiten - Kostenlose Deutsche Pornos | PornMate.com","url":"https:\/\/pornmate.com\/de\/","logo":{"@type":"ImageObject","inLanguage":"de","@id":"https:\/\/pornmate.com\/de\/#\/schema\/logo\/image\/","url":"https:\/\/pornmate.com\/de\/wp-content\/uploads\/2022\/11\/pornmate-1.png","contentUrl":"https:\/\/pornmate.com\/de\/wp-content\/uploads\/2022\/11\/pornmate-1.png","width":203,"height":200,"caption":"Besten Pornoseiten - Kostenlose Deutsche Pornos | PornMate.com"},"image":{"@id":"https:\/\/pornmate.com\/de\/#\/schema\/logo\/image\/"}}]}},"_links":{"self":[{"href":"https:\/\/pornmate.com\/de\/wp-json\/wp\/v2\/pages\/4892","targetHints":{"allow":["GET"]}}],"collection":[{"href":"https:\/\/pornmate.com\/de\/wp-json\/wp\/v2\/pages"}],"about":[{"href":"https:\/\/pornmate.com\/de\/wp-json\/wp\/v2\/types\/page"}],"author":[{"embeddable":true,"href":"https:\/\/pornmate.com\/de\/wp-json\/wp\/v2\/users\/1"}],"replies":[{"embeddable":true,"href":"https:\/\/pornmate.com\/de\/wp-json\/wp\/v2\/comments?post=4892"}],"version-history":[{"count":0,"href":"https:\/\/pornmate.com\/de\/wp-json\/wp\/v2\/pages\/4892\/revisions"}],"wp:attachment":[{"href":"https:\/\/pornmate.com\/de\/wp-json\/wp\/v2\/media?parent=4892"}],"curies":[{"name":"wp","href":"https:\/\/api.w.org\/{rel}","templated":true}]}}