{"id":4927,"date":"2019-10-02T12:08:31","date_gmt":"2019-10-02T12:08:31","guid":{"rendered":"https:\/\/pornmate.com\/?page_id=4927"},"modified":"2019-10-02T12:08:31","modified_gmt":"2019-10-02T12:08:31","slug":"amateurporn-me","status":"publish","type":"page","link":"https:\/\/pornmate.com\/de\/amateurporn-me","title":{"rendered":"Amateurporn.me"},"content":{"rendered":"<center><a href=\"https:\/\/pornmate.com\/\" target=\"_blank\" rel=\"dofollow noopener noreferrer\"><img decoding=\"async\" class=\"aligncenter\" title=\"amateurporn\" src=\"https:\/\/pornmate.com\/de\/wp-content\/uploads\/2019\/10\/amateurporn.me_-1-1.png\" alt=\"amateur porn\" width=\"300\" height=\"300\" border=\"0\" \/><\/a><\/center>\n<p>&nbsp;<\/p>\n<p>Hier ist die Adresse von hausgemachten kostenlosen Ponos von hervorragender Qualit\u00e4t! Die gr\u00f6\u00dften Archive von xxx f\u00fcr Erwachsene sind hier, wo Sie echten Amateursex, hausgemachte Fickvideos und Amateurfreundinnen-Alben entdecken werden, alle von Benutzern eingereichten Sexvideos und Fotos sind alle hier !!!<\/p>\n","protected":false},"excerpt":{"rendered":"<p>&nbsp; Hier ist die Adresse von hausgemachten kostenlosen Ponos von hervorragender Qualit\u00e4t! Die gr\u00f6\u00dften Archive von xxx f\u00fcr Erwachsene sind hier, wo Sie echten Amateursex, hausgemachte Fickvideos und Amateurfreundinnen-Alben entdecken werden, alle von Benutzern eingereichten Sexvideos und Fotos sind alle hier !!!<\/p>\n","protected":false},"author":1,"featured_media":0,"parent":0,"menu_order":0,"comment_status":"closed","ping_status":"closed","template":"","meta":{"footnotes":""},"class_list":["post-4927","page","type-page","status-publish","hentry"],"yoast_head":"<!-- This site is optimized with the Yoast SEO plugin v27.2 - https:\/\/yoast.com\/product\/yoast-seo-wordpress\/ -->\n<title>Amateurporn.me und Liste der besten Pornoseiten | PornMate<\/title>\n<meta name=\"description\" content=\"Hier ist die Adresse von hausgemachten kostenlosen Ponos von hervorragender Qualit\u00e4t!\" \/>\n<meta name=\"robots\" content=\"index, follow, max-snippet:-1, max-image-preview:large, max-video-preview:-1\" \/>\n<link rel=\"canonical\" href=\"https:\/\/pornmate.com\/de\/amateurporn-me\" \/>\n<meta property=\"og:locale\" content=\"de_DE\" \/>\n<meta property=\"og:type\" content=\"article\" \/>\n<meta property=\"og:title\" content=\"Amateurporn.me und Liste der besten Pornoseiten | PornMate\" \/>\n<meta property=\"og:description\" content=\"Hier ist die Adresse von hausgemachten kostenlosen Ponos von hervorragender Qualit\u00e4t!\" \/>\n<meta property=\"og:url\" content=\"https:\/\/pornmate.com\/de\/amateurporn-me\" \/>\n<meta property=\"og:site_name\" content=\"Besten Pornoseiten - Kostenlose Deutsche Pornos | PornMate.com\" \/>\n<meta property=\"og:image\" content=\"https:\/\/bbbx.net\/wp-content\/uploads\/2019\/10\/amateurporn.me_-1.png\" \/>\n<meta name=\"twitter:card\" content=\"summary_large_image\" \/>\n<meta name=\"twitter:label1\" content=\"Gesch\u00e4tzte Lesezeit\" \/>\n\t<meta name=\"twitter:data1\" content=\"1\u00a0Minute\" \/>\n<script type=\"application\/ld+json\" class=\"yoast-schema-graph\">{\"@context\":\"https:\/\/schema.org\",\"@graph\":[{\"@type\":\"WebPage\",\"@id\":\"https:\/\/pornmate.com\/de\/amateurporn-me\",\"url\":\"https:\/\/pornmate.com\/de\/amateurporn-me\",\"name\":\"Amateurporn.me und Liste der besten Pornoseiten | PornMate\",\"isPartOf\":{\"@id\":\"https:\/\/pornmate.com\/de\/#website\"},\"primaryImageOfPage\":{\"@id\":\"https:\/\/pornmate.com\/de\/amateurporn-me#primaryimage\"},\"image\":{\"@id\":\"https:\/\/pornmate.com\/de\/amateurporn-me#primaryimage\"},\"thumbnailUrl\":\"https:\/\/pornmate.com\/de\/wp-content\/uploads\/2019\/10\/amateurporn.me_-1-1.png\",\"datePublished\":\"2019-10-02T12:08:31+00:00\",\"description\":\"Hier ist die Adresse von hausgemachten kostenlosen Ponos von hervorragender Qualit\u00e4t!\",\"breadcrumb\":{\"@id\":\"https:\/\/pornmate.com\/de\/amateurporn-me#breadcrumb\"},\"inLanguage\":\"de\",\"potentialAction\":[{\"@type\":\"ReadAction\",\"target\":[\"https:\/\/pornmate.com\/de\/amateurporn-me\"]}]},{\"@type\":\"ImageObject\",\"inLanguage\":\"de\",\"@id\":\"https:\/\/pornmate.com\/de\/amateurporn-me#primaryimage\",\"url\":\"https:\/\/pornmate.com\/de\/wp-content\/uploads\/2019\/10\/amateurporn.me_-1-1.png\",\"contentUrl\":\"https:\/\/pornmate.com\/de\/wp-content\/uploads\/2019\/10\/amateurporn.me_-1-1.png\",\"width\":300,\"height\":300},{\"@type\":\"BreadcrumbList\",\"@id\":\"https:\/\/pornmate.com\/de\/amateurporn-me#breadcrumb\",\"itemListElement\":[{\"@type\":\"ListItem\",\"position\":1,\"name\":\"Startseite\",\"item\":\"https:\/\/pornmate.com\/de\"},{\"@type\":\"ListItem\",\"position\":2,\"name\":\"Amateurporn.me\"}]},{\"@type\":\"WebSite\",\"@id\":\"https:\/\/pornmate.com\/de\/#website\",\"url\":\"https:\/\/pornmate.com\/de\/\",\"name\":\"Besten Pornoseiten - Kostenlose Deutsche Pornos | PornMate.com\",\"description\":\"Kostenlose Pornos, ist Ihr Combo-Verzeichnis der besten gratis Pornoseiten, die Sie finden k\u00f6nnen, und das fantastische Seitenbewertungen, Kostenlose Deutsche sex Biografien von Pornostars und ihre xxx Freie Porno videos unter einem Dach pr\u00e4sentiert.\",\"publisher\":{\"@id\":\"https:\/\/pornmate.com\/de\/#organization\"},\"potentialAction\":[{\"@type\":\"SearchAction\",\"target\":{\"@type\":\"EntryPoint\",\"urlTemplate\":\"https:\/\/pornmate.com\/de\/?s={search_term_string}\"},\"query-input\":{\"@type\":\"PropertyValueSpecification\",\"valueRequired\":true,\"valueName\":\"search_term_string\"}}],\"inLanguage\":\"de\"},{\"@type\":\"Organization\",\"@id\":\"https:\/\/pornmate.com\/de\/#organization\",\"name\":\"Besten Pornoseiten - Kostenlose Deutsche Pornos | PornMate.com\",\"url\":\"https:\/\/pornmate.com\/de\/\",\"logo\":{\"@type\":\"ImageObject\",\"inLanguage\":\"de\",\"@id\":\"https:\/\/pornmate.com\/de\/#\/schema\/logo\/image\/\",\"url\":\"https:\/\/pornmate.com\/de\/wp-content\/uploads\/2022\/11\/pornmate-1.png\",\"contentUrl\":\"https:\/\/pornmate.com\/de\/wp-content\/uploads\/2022\/11\/pornmate-1.png\",\"width\":203,\"height\":200,\"caption\":\"Besten Pornoseiten - Kostenlose Deutsche Pornos | PornMate.com\"},\"image\":{\"@id\":\"https:\/\/pornmate.com\/de\/#\/schema\/logo\/image\/\"}}]}<\/script>\n<!-- \/ Yoast SEO plugin. -->","yoast_head_json":{"title":"Amateurporn.me und Liste der besten Pornoseiten | PornMate","description":"Hier ist die Adresse von hausgemachten kostenlosen Ponos von hervorragender Qualit\u00e4t!","robots":{"index":"index","follow":"follow","max-snippet":"max-snippet:-1","max-image-preview":"max-image-preview:large","max-video-preview":"max-video-preview:-1"},"canonical":"https:\/\/pornmate.com\/de\/amateurporn-me","og_locale":"de_DE","og_type":"article","og_title":"Amateurporn.me und Liste der besten Pornoseiten | PornMate","og_description":"Hier ist die Adresse von hausgemachten kostenlosen Ponos von hervorragender Qualit\u00e4t!","og_url":"https:\/\/pornmate.com\/de\/amateurporn-me","og_site_name":"Besten Pornoseiten - Kostenlose Deutsche Pornos | PornMate.com","og_image":[{"url":"https:\/\/bbbx.net\/wp-content\/uploads\/2019\/10\/amateurporn.me_-1.png","type":"","width":"","height":""}],"twitter_card":"summary_large_image","twitter_misc":{"Gesch\u00e4tzte Lesezeit":"1\u00a0Minute"},"schema":{"@context":"https:\/\/schema.org","@graph":[{"@type":"WebPage","@id":"https:\/\/pornmate.com\/de\/amateurporn-me","url":"https:\/\/pornmate.com\/de\/amateurporn-me","name":"Amateurporn.me und Liste der besten Pornoseiten | PornMate","isPartOf":{"@id":"https:\/\/pornmate.com\/de\/#website"},"primaryImageOfPage":{"@id":"https:\/\/pornmate.com\/de\/amateurporn-me#primaryimage"},"image":{"@id":"https:\/\/pornmate.com\/de\/amateurporn-me#primaryimage"},"thumbnailUrl":"https:\/\/pornmate.com\/de\/wp-content\/uploads\/2019\/10\/amateurporn.me_-1-1.png","datePublished":"2019-10-02T12:08:31+00:00","description":"Hier ist die Adresse von hausgemachten kostenlosen Ponos von hervorragender Qualit\u00e4t!","breadcrumb":{"@id":"https:\/\/pornmate.com\/de\/amateurporn-me#breadcrumb"},"inLanguage":"de","potentialAction":[{"@type":"ReadAction","target":["https:\/\/pornmate.com\/de\/amateurporn-me"]}]},{"@type":"ImageObject","inLanguage":"de","@id":"https:\/\/pornmate.com\/de\/amateurporn-me#primaryimage","url":"https:\/\/pornmate.com\/de\/wp-content\/uploads\/2019\/10\/amateurporn.me_-1-1.png","contentUrl":"https:\/\/pornmate.com\/de\/wp-content\/uploads\/2019\/10\/amateurporn.me_-1-1.png","width":300,"height":300},{"@type":"BreadcrumbList","@id":"https:\/\/pornmate.com\/de\/amateurporn-me#breadcrumb","itemListElement":[{"@type":"ListItem","position":1,"name":"Startseite","item":"https:\/\/pornmate.com\/de"},{"@type":"ListItem","position":2,"name":"Amateurporn.me"}]},{"@type":"WebSite","@id":"https:\/\/pornmate.com\/de\/#website","url":"https:\/\/pornmate.com\/de\/","name":"Besten Pornoseiten - Kostenlose Deutsche Pornos | PornMate.com","description":"Kostenlose Pornos, ist Ihr Combo-Verzeichnis der besten gratis Pornoseiten, die Sie finden k\u00f6nnen, und das fantastische Seitenbewertungen, Kostenlose Deutsche sex Biografien von Pornostars und ihre xxx Freie Porno videos unter einem Dach pr\u00e4sentiert.","publisher":{"@id":"https:\/\/pornmate.com\/de\/#organization"},"potentialAction":[{"@type":"SearchAction","target":{"@type":"EntryPoint","urlTemplate":"https:\/\/pornmate.com\/de\/?s={search_term_string}"},"query-input":{"@type":"PropertyValueSpecification","valueRequired":true,"valueName":"search_term_string"}}],"inLanguage":"de"},{"@type":"Organization","@id":"https:\/\/pornmate.com\/de\/#organization","name":"Besten Pornoseiten - Kostenlose Deutsche Pornos | PornMate.com","url":"https:\/\/pornmate.com\/de\/","logo":{"@type":"ImageObject","inLanguage":"de","@id":"https:\/\/pornmate.com\/de\/#\/schema\/logo\/image\/","url":"https:\/\/pornmate.com\/de\/wp-content\/uploads\/2022\/11\/pornmate-1.png","contentUrl":"https:\/\/pornmate.com\/de\/wp-content\/uploads\/2022\/11\/pornmate-1.png","width":203,"height":200,"caption":"Besten Pornoseiten - Kostenlose Deutsche Pornos | PornMate.com"},"image":{"@id":"https:\/\/pornmate.com\/de\/#\/schema\/logo\/image\/"}}]}},"_links":{"self":[{"href":"https:\/\/pornmate.com\/de\/wp-json\/wp\/v2\/pages\/4927","targetHints":{"allow":["GET"]}}],"collection":[{"href":"https:\/\/pornmate.com\/de\/wp-json\/wp\/v2\/pages"}],"about":[{"href":"https:\/\/pornmate.com\/de\/wp-json\/wp\/v2\/types\/page"}],"author":[{"embeddable":true,"href":"https:\/\/pornmate.com\/de\/wp-json\/wp\/v2\/users\/1"}],"replies":[{"embeddable":true,"href":"https:\/\/pornmate.com\/de\/wp-json\/wp\/v2\/comments?post=4927"}],"version-history":[{"count":0,"href":"https:\/\/pornmate.com\/de\/wp-json\/wp\/v2\/pages\/4927\/revisions"}],"wp:attachment":[{"href":"https:\/\/pornmate.com\/de\/wp-json\/wp\/v2\/media?parent=4927"}],"curies":[{"name":"wp","href":"https:\/\/api.w.org\/{rel}","templated":true}]}}