{"id":6427,"date":"2020-01-03T14:47:52","date_gmt":"2020-01-03T14:47:52","guid":{"rendered":"https:\/\/pornmate.com\/?page_id=6427"},"modified":"2020-01-03T14:47:52","modified_gmt":"2020-01-03T14:47:52","slug":"avgle","status":"publish","type":"page","link":"https:\/\/pornmate.com\/de\/avgle","title":{"rendered":"Avgle.com"},"content":{"rendered":"<p>Wann immer Sie sich alle Arten von asiatischen Pornos ansehen m\u00f6chten, k\u00f6nnen Sie ganz einfach die kostenlose Tube-Site Avgle besuchen. Die Seite ist absolut originell und alle ihre Videos, ob Profi-, Produktions- oder Amateurclips, sind vollst\u00e4ndig asiatisch. Die meisten Titel sind auf Japanisch und die meisten Clips sind auf Japanisch, also hat die Seite viele Sprachen zur Auswahl, Japanisch zu k\u00f6nnen ist ein Plus, aber kein Minus. Auch wenn Sie mit der Sprache nicht vertraut sind, werden Sie das Gef\u00fchl haben, dass alles authentisch ist, und es gibt immer Miniaturansichten dessen, was in diesen Videos passiert. Die Zielseite sieht sehr sauber und auch einfach aus. Die Seite ist ziemlich einfach zu navigieren, die meisten Titel sind nicht auf Englisch, aber das macht \u00fcberhaupt nichts, weil alles, was z\u00e4hlt, auf Englisch ist. Jeder Abschnitt der Website ist so definiert, dass jeder ihn verstehen kann, und die Kategorien sind zweisprachig, um ein nahtloses Erlebnis f\u00fcr alle zu gew\u00e4hrleisten. Die Zielseite von Avgle.com beginnt mit der Anzeige von Videos, die von anderen gerade angesehen werden, sodass Sie schnell sehen k\u00f6nnen, was andere interessant finden, und sofort mitmachen k\u00f6nnen. Danach gibt es einen Abschnitt mit einer Reihe von Aufklebern, die f\u00fcr die Zeiten gedacht sind, in denen Sie schnell auf den Punkt kommen m\u00f6chten. Auch wenn die meisten von ihnen auf Japanisch sind, sind einige auf Englisch, und es kann Spa\u00df machen, auf zuf\u00e4llige Labels zu klicken und herumzuwandern, ohne zu wissen, was einen erwartet. Danach kommen die vorgestellten Videos und dann f\u00e4ngt man an, sich selbst kennenzulernen. Mit \u00fcber 18000 Videos und DVDs in unserer Sammlung sind unsere Inhalte grenzenlos. Es hilft auch, dass es st\u00e4ndige Updates gibt. Bei den Zutaten gibt es viel Abwechslung. M\u00e4dchen aus China, Japan, Korea, Taiwan und vielen asiatischen L\u00e4ndern sind in Amateurclips und sogar professionell gedrehten DVDs zu sehen. Au\u00dferdem hat Avgle, genau wie auf asiatischen Pornoseiten, Videos zensiert, aber sie sind genauso hei\u00df wie jede Menge unzensierte Clips.<\/p>\n","protected":false},"excerpt":{"rendered":"<p>Wann immer Sie sich alle Arten von asiatischen Pornos ansehen m\u00f6chten, k\u00f6nnen Sie ganz einfach die kostenlose Tube-Site Avgle besuchen. Die Seite ist absolut originell und alle ihre Videos, ob Profi-, Produktions- oder Amateurclips, sind vollst\u00e4ndig asiatisch. Die meisten Titel sind auf Japanisch und die meisten Clips sind auf Japanisch, also hat die Seite viele [&hellip;]<\/p>\n","protected":false},"author":1,"featured_media":0,"parent":0,"menu_order":0,"comment_status":"closed","ping_status":"closed","template":"page-star-stil.php","meta":{"footnotes":""},"class_list":["post-6427","page","type-page","status-publish","hentry"],"yoast_head":"<!-- This site is optimized with the Yoast SEO plugin v27.2 - https:\/\/yoast.com\/product\/yoast-seo-wordpress\/ -->\n<title>Avgle.com und Similer Porn Tube Sites | PORNMATE.com<\/title>\n<meta name=\"description\" content=\"Wann immer Sie sich alle Arten von asiatischen Pornos ansehen m\u00f6chten, k\u00f6nnen Sie ganz einfach die kostenlose Tube-Site Avgle besuchen. Die Seite ist absolut originell und alle ihre Videos, ob Profi-, Produktions- oder Amateurclips, sind vollst\u00e4ndig asiatisch.\" \/>\n<meta name=\"robots\" content=\"index, follow, max-snippet:-1, max-image-preview:large, max-video-preview:-1\" \/>\n<link rel=\"canonical\" href=\"https:\/\/pornmate.com\/de\/avgle\" \/>\n<meta property=\"og:locale\" content=\"de_DE\" \/>\n<meta property=\"og:type\" content=\"article\" \/>\n<meta property=\"og:title\" content=\"Avgle.com und Similer Porn Tube Sites | PORNMATE.com\" \/>\n<meta property=\"og:description\" content=\"Wann immer Sie sich alle Arten von asiatischen Pornos ansehen m\u00f6chten, k\u00f6nnen Sie ganz einfach die kostenlose Tube-Site Avgle besuchen. Die Seite ist absolut originell und alle ihre Videos, ob Profi-, Produktions- oder Amateurclips, sind vollst\u00e4ndig asiatisch.\" \/>\n<meta property=\"og:url\" content=\"https:\/\/pornmate.com\/de\/avgle\" \/>\n<meta property=\"og:site_name\" content=\"Besten Pornoseiten - Kostenlose Deutsche Pornos | PornMate.com\" \/>\n<meta name=\"twitter:card\" content=\"summary_large_image\" \/>\n<meta name=\"twitter:label1\" content=\"Gesch\u00e4tzte Lesezeit\" \/>\n\t<meta name=\"twitter:data1\" content=\"2\u00a0Minuten\" \/>\n<script type=\"application\/ld+json\" class=\"yoast-schema-graph\">{\"@context\":\"https:\/\/schema.org\",\"@graph\":[{\"@type\":\"WebPage\",\"@id\":\"https:\/\/pornmate.com\/de\/avgle\",\"url\":\"https:\/\/pornmate.com\/de\/avgle\",\"name\":\"Avgle.com und Similer Porn Tube Sites | PORNMATE.com\",\"isPartOf\":{\"@id\":\"https:\/\/pornmate.com\/de\/#website\"},\"datePublished\":\"2020-01-03T14:47:52+00:00\",\"description\":\"Wann immer Sie sich alle Arten von asiatischen Pornos ansehen m\u00f6chten, k\u00f6nnen Sie ganz einfach die kostenlose Tube-Site Avgle besuchen. Die Seite ist absolut originell und alle ihre Videos, ob Profi-, Produktions- oder Amateurclips, sind vollst\u00e4ndig asiatisch.\",\"breadcrumb\":{\"@id\":\"https:\/\/pornmate.com\/de\/avgle#breadcrumb\"},\"inLanguage\":\"de\",\"potentialAction\":[{\"@type\":\"ReadAction\",\"target\":[\"https:\/\/pornmate.com\/de\/avgle\"]}]},{\"@type\":\"BreadcrumbList\",\"@id\":\"https:\/\/pornmate.com\/de\/avgle#breadcrumb\",\"itemListElement\":[{\"@type\":\"ListItem\",\"position\":1,\"name\":\"Startseite\",\"item\":\"https:\/\/pornmate.com\/de\"},{\"@type\":\"ListItem\",\"position\":2,\"name\":\"Avgle.com\"}]},{\"@type\":\"WebSite\",\"@id\":\"https:\/\/pornmate.com\/de\/#website\",\"url\":\"https:\/\/pornmate.com\/de\/\",\"name\":\"Besten Pornoseiten - Kostenlose Deutsche Pornos | PornMate.com\",\"description\":\"Kostenlose Pornos, ist Ihr Combo-Verzeichnis der besten gratis Pornoseiten, die Sie finden k\u00f6nnen, und das fantastische Seitenbewertungen, Kostenlose Deutsche sex Biografien von Pornostars und ihre xxx Freie Porno videos unter einem Dach pr\u00e4sentiert.\",\"publisher\":{\"@id\":\"https:\/\/pornmate.com\/de\/#organization\"},\"potentialAction\":[{\"@type\":\"SearchAction\",\"target\":{\"@type\":\"EntryPoint\",\"urlTemplate\":\"https:\/\/pornmate.com\/de\/?s={search_term_string}\"},\"query-input\":{\"@type\":\"PropertyValueSpecification\",\"valueRequired\":true,\"valueName\":\"search_term_string\"}}],\"inLanguage\":\"de\"},{\"@type\":\"Organization\",\"@id\":\"https:\/\/pornmate.com\/de\/#organization\",\"name\":\"Besten Pornoseiten - Kostenlose Deutsche Pornos | PornMate.com\",\"url\":\"https:\/\/pornmate.com\/de\/\",\"logo\":{\"@type\":\"ImageObject\",\"inLanguage\":\"de\",\"@id\":\"https:\/\/pornmate.com\/de\/#\/schema\/logo\/image\/\",\"url\":\"https:\/\/pornmate.com\/de\/wp-content\/uploads\/2022\/11\/pornmate-1.png\",\"contentUrl\":\"https:\/\/pornmate.com\/de\/wp-content\/uploads\/2022\/11\/pornmate-1.png\",\"width\":203,\"height\":200,\"caption\":\"Besten Pornoseiten - Kostenlose Deutsche Pornos | PornMate.com\"},\"image\":{\"@id\":\"https:\/\/pornmate.com\/de\/#\/schema\/logo\/image\/\"}}]}<\/script>\n<!-- \/ Yoast SEO plugin. -->","yoast_head_json":{"title":"Avgle.com und Similer Porn Tube Sites | PORNMATE.com","description":"Wann immer Sie sich alle Arten von asiatischen Pornos ansehen m\u00f6chten, k\u00f6nnen Sie ganz einfach die kostenlose Tube-Site Avgle besuchen. Die Seite ist absolut originell und alle ihre Videos, ob Profi-, Produktions- oder Amateurclips, sind vollst\u00e4ndig asiatisch.","robots":{"index":"index","follow":"follow","max-snippet":"max-snippet:-1","max-image-preview":"max-image-preview:large","max-video-preview":"max-video-preview:-1"},"canonical":"https:\/\/pornmate.com\/de\/avgle","og_locale":"de_DE","og_type":"article","og_title":"Avgle.com und Similer Porn Tube Sites | PORNMATE.com","og_description":"Wann immer Sie sich alle Arten von asiatischen Pornos ansehen m\u00f6chten, k\u00f6nnen Sie ganz einfach die kostenlose Tube-Site Avgle besuchen. Die Seite ist absolut originell und alle ihre Videos, ob Profi-, Produktions- oder Amateurclips, sind vollst\u00e4ndig asiatisch.","og_url":"https:\/\/pornmate.com\/de\/avgle","og_site_name":"Besten Pornoseiten - Kostenlose Deutsche Pornos | PornMate.com","twitter_card":"summary_large_image","twitter_misc":{"Gesch\u00e4tzte Lesezeit":"2\u00a0Minuten"},"schema":{"@context":"https:\/\/schema.org","@graph":[{"@type":"WebPage","@id":"https:\/\/pornmate.com\/de\/avgle","url":"https:\/\/pornmate.com\/de\/avgle","name":"Avgle.com und Similer Porn Tube Sites | PORNMATE.com","isPartOf":{"@id":"https:\/\/pornmate.com\/de\/#website"},"datePublished":"2020-01-03T14:47:52+00:00","description":"Wann immer Sie sich alle Arten von asiatischen Pornos ansehen m\u00f6chten, k\u00f6nnen Sie ganz einfach die kostenlose Tube-Site Avgle besuchen. Die Seite ist absolut originell und alle ihre Videos, ob Profi-, Produktions- oder Amateurclips, sind vollst\u00e4ndig asiatisch.","breadcrumb":{"@id":"https:\/\/pornmate.com\/de\/avgle#breadcrumb"},"inLanguage":"de","potentialAction":[{"@type":"ReadAction","target":["https:\/\/pornmate.com\/de\/avgle"]}]},{"@type":"BreadcrumbList","@id":"https:\/\/pornmate.com\/de\/avgle#breadcrumb","itemListElement":[{"@type":"ListItem","position":1,"name":"Startseite","item":"https:\/\/pornmate.com\/de"},{"@type":"ListItem","position":2,"name":"Avgle.com"}]},{"@type":"WebSite","@id":"https:\/\/pornmate.com\/de\/#website","url":"https:\/\/pornmate.com\/de\/","name":"Besten Pornoseiten - Kostenlose Deutsche Pornos | PornMate.com","description":"Kostenlose Pornos, ist Ihr Combo-Verzeichnis der besten gratis Pornoseiten, die Sie finden k\u00f6nnen, und das fantastische Seitenbewertungen, Kostenlose Deutsche sex Biografien von Pornostars und ihre xxx Freie Porno videos unter einem Dach pr\u00e4sentiert.","publisher":{"@id":"https:\/\/pornmate.com\/de\/#organization"},"potentialAction":[{"@type":"SearchAction","target":{"@type":"EntryPoint","urlTemplate":"https:\/\/pornmate.com\/de\/?s={search_term_string}"},"query-input":{"@type":"PropertyValueSpecification","valueRequired":true,"valueName":"search_term_string"}}],"inLanguage":"de"},{"@type":"Organization","@id":"https:\/\/pornmate.com\/de\/#organization","name":"Besten Pornoseiten - Kostenlose Deutsche Pornos | PornMate.com","url":"https:\/\/pornmate.com\/de\/","logo":{"@type":"ImageObject","inLanguage":"de","@id":"https:\/\/pornmate.com\/de\/#\/schema\/logo\/image\/","url":"https:\/\/pornmate.com\/de\/wp-content\/uploads\/2022\/11\/pornmate-1.png","contentUrl":"https:\/\/pornmate.com\/de\/wp-content\/uploads\/2022\/11\/pornmate-1.png","width":203,"height":200,"caption":"Besten Pornoseiten - Kostenlose Deutsche Pornos | PornMate.com"},"image":{"@id":"https:\/\/pornmate.com\/de\/#\/schema\/logo\/image\/"}}]}},"_links":{"self":[{"href":"https:\/\/pornmate.com\/de\/wp-json\/wp\/v2\/pages\/6427","targetHints":{"allow":["GET"]}}],"collection":[{"href":"https:\/\/pornmate.com\/de\/wp-json\/wp\/v2\/pages"}],"about":[{"href":"https:\/\/pornmate.com\/de\/wp-json\/wp\/v2\/types\/page"}],"author":[{"embeddable":true,"href":"https:\/\/pornmate.com\/de\/wp-json\/wp\/v2\/users\/1"}],"replies":[{"embeddable":true,"href":"https:\/\/pornmate.com\/de\/wp-json\/wp\/v2\/comments?post=6427"}],"version-history":[{"count":0,"href":"https:\/\/pornmate.com\/de\/wp-json\/wp\/v2\/pages\/6427\/revisions"}],"wp:attachment":[{"href":"https:\/\/pornmate.com\/de\/wp-json\/wp\/v2\/media?parent=6427"}],"curies":[{"name":"wp","href":"https:\/\/api.w.org\/{rel}","templated":true}]}}