{"id":6459,"date":"2020-01-09T15:50:39","date_gmt":"2020-01-09T15:50:39","guid":{"rendered":"https:\/\/pornmate.com\/?page_id=6459"},"modified":"2020-01-09T15:50:39","modified_gmt":"2020-01-09T15:50:39","slug":"yespornplease","status":"publish","type":"page","link":"https:\/\/pornmate.com\/de\/yespornplease","title":{"rendered":"YesPornPlease.com"},"content":{"rendered":"<p>YespornPlease.com bietet Ihnen das Beste aus beiden Welten; Eine davon ist eine kostenlose Tube-Site, die Sie besuchen k\u00f6nnen, wann immer Sie m\u00f6chten, und sich alle Inhalte so oft ansehen k\u00f6nnen, wie Sie m\u00f6chten. Auf der anderen Seite sind die meisten Inhalte professionell erstellt und erstklassig. Es wird schwierig sein, es zu finden, ohne Geld auszugeben. Ja, das macht Pornos zu einer Anlaufstelle f\u00fcr einen Pornofan. Selbst wenn Sie Mitglied in einem gro\u00dfen Pornonetzwerk sind, haben Sie vermutlich keinen Zugriff auf all diese plus Hunderte von Premiumseiten. Nat\u00fcrlich haben sie nicht jedes Video von jeder bezahlten Seite, aber das macht YespornPlease.com noch besser. Die Tausenden von Clips, die in ihren Galerien verf\u00fcgbar sind, sind nur die besten und beliebtesten, die diese Netzwerke zu bieten haben. Sie verbringen also tats\u00e4chlich weniger Zeit mit der Suche nach einem besseren Porno-Video. Du verbringst wirklich mehr Zeit damit, Pornos anzuschauen und Spa\u00df zu haben. Abgesehen von unz\u00e4hligen faszinierenden Thumbnails ist das Wichtigste und Auff\u00e4lligste, was Ihnen auffallen wird, wenn Sie zum ersten Mal auf die Landingpage von YespornPlease kommen, der spezielle Abschnitt direkt unter der Suchleiste mit einer Liste der gr\u00f6\u00dften und bekanntesten Pornoseiten. Bei Titeln wie Brazzers, Bangbros, Realitykings, Clips4Sale, Naughtyamerica und mehr w\u00e4re es schwer, sich nicht durchzuklicken. \u00dcberraschend ist, dass dies keine Links sind, die Sie zu diesen Seiten f\u00fchren und Geld bezahlen und sich anmelden, es gibt also keinen monet\u00e4ren Zweck. Ihr Zweck sind Kategorien innerhalb der Website, die Sie zu diesen Inhalten f\u00fchren. Die erstaunlichsten Videos in voller L\u00e4nge aus diesen Netzwerken sind nur ein paar Klicks entfernt. Schlie\u00dflich hilft es zu wissen, dass es auch andere Tags und Kategorien gibt.<\/p>\n","protected":false},"excerpt":{"rendered":"<p>YespornPlease.com bietet Ihnen das Beste aus beiden Welten; Eine davon ist eine kostenlose Tube-Site, die Sie besuchen k\u00f6nnen, wann immer Sie m\u00f6chten, und sich alle Inhalte so oft ansehen k\u00f6nnen, wie Sie m\u00f6chten. Auf der anderen Seite sind die meisten Inhalte professionell erstellt und erstklassig. Es wird schwierig sein, es zu finden, ohne Geld auszugeben. [&hellip;]<\/p>\n","protected":false},"author":1,"featured_media":0,"parent":0,"menu_order":0,"comment_status":"closed","ping_status":"closed","template":"page-star-stil.php","meta":{"footnotes":""},"class_list":["post-6459","page","type-page","status-publish","hentry"],"yoast_head":"<!-- This site is optimized with the Yoast SEO plugin v27.4 - https:\/\/yoast.com\/product\/yoast-seo-wordpress\/ -->\n<title>YesPornPlease.com review and Similer Porn Tube Sites - PORNMATE<\/title>\n<meta name=\"description\" content=\"Yespornplease brings you the best of two worlds. On the one hand, it is a free tube site that you can go to whenever you want and watch all of its contentYespornPlease.com bietet Ihnen das Beste aus beiden Welten; Eine davon ist eine kostenlose Tube-Site, die Sie besuchen k\u00f6nnen, wann immer Sie m\u00f6chten, und sich alle Inhalte so oft ansehen k\u00f6nnen, wie Sie m\u00f6chten.\" \/>\n<meta name=\"robots\" content=\"index, follow, max-snippet:-1, max-image-preview:large, max-video-preview:-1\" \/>\n<link rel=\"canonical\" href=\"https:\/\/pornmate.com\/de\/yespornplease\" \/>\n<meta property=\"og:locale\" content=\"de_DE\" \/>\n<meta property=\"og:type\" content=\"article\" \/>\n<meta property=\"og:title\" content=\"YesPornPlease.com review and Similer Porn Tube Sites - PORNMATE\" \/>\n<meta property=\"og:description\" content=\"Yespornplease brings you the best of two worlds. On the one hand, it is a free tube site that you can go to whenever you want and watch all of its contentYespornPlease.com bietet Ihnen das Beste aus beiden Welten; Eine davon ist eine kostenlose Tube-Site, die Sie besuchen k\u00f6nnen, wann immer Sie m\u00f6chten, und sich alle Inhalte so oft ansehen k\u00f6nnen, wie Sie m\u00f6chten.\" \/>\n<meta property=\"og:url\" content=\"https:\/\/pornmate.com\/de\/yespornplease\" \/>\n<meta property=\"og:site_name\" content=\"Besten Pornoseiten - Kostenlose Deutsche Pornos | PornMate.com\" \/>\n<meta name=\"twitter:card\" content=\"summary_large_image\" \/>\n<meta name=\"twitter:label1\" content=\"Gesch\u00e4tzte Lesezeit\" \/>\n\t<meta name=\"twitter:data1\" content=\"2\u00a0Minuten\" \/>\n<script type=\"application\/ld+json\" class=\"yoast-schema-graph\">{\"@context\":\"https:\\\/\\\/schema.org\",\"@graph\":[{\"@type\":\"WebPage\",\"@id\":\"https:\\\/\\\/pornmate.com\\\/de\\\/yespornplease\",\"url\":\"https:\\\/\\\/pornmate.com\\\/de\\\/yespornplease\",\"name\":\"YesPornPlease.com review and Similer Porn Tube Sites - PORNMATE\",\"isPartOf\":{\"@id\":\"https:\\\/\\\/pornmate.com\\\/de\\\/#website\"},\"datePublished\":\"2020-01-09T15:50:39+00:00\",\"description\":\"Yespornplease brings you the best of two worlds. On the one hand, it is a free tube site that you can go to whenever you want and watch all of its contentYespornPlease.com bietet Ihnen das Beste aus beiden Welten; Eine davon ist eine kostenlose Tube-Site, die Sie besuchen k\u00f6nnen, wann immer Sie m\u00f6chten, und sich alle Inhalte so oft ansehen k\u00f6nnen, wie Sie m\u00f6chten.\",\"breadcrumb\":{\"@id\":\"https:\\\/\\\/pornmate.com\\\/de\\\/yespornplease#breadcrumb\"},\"inLanguage\":\"de\",\"potentialAction\":[{\"@type\":\"ReadAction\",\"target\":[\"https:\\\/\\\/pornmate.com\\\/de\\\/yespornplease\"]}]},{\"@type\":\"BreadcrumbList\",\"@id\":\"https:\\\/\\\/pornmate.com\\\/de\\\/yespornplease#breadcrumb\",\"itemListElement\":[{\"@type\":\"ListItem\",\"position\":1,\"name\":\"Startseite\",\"item\":\"https:\\\/\\\/pornmate.com\\\/de\"},{\"@type\":\"ListItem\",\"position\":2,\"name\":\"YesPornPlease.com\"}]},{\"@type\":\"WebSite\",\"@id\":\"https:\\\/\\\/pornmate.com\\\/de\\\/#website\",\"url\":\"https:\\\/\\\/pornmate.com\\\/de\\\/\",\"name\":\"Besten Pornoseiten - Kostenlose Deutsche Pornos | PornMate.com\",\"description\":\"Kostenlose Pornos, ist Ihr Combo-Verzeichnis der besten gratis Pornoseiten, die Sie finden k\u00f6nnen, und das fantastische Seitenbewertungen, Kostenlose Deutsche sex Biografien von Pornostars und ihre xxx Freie Porno videos unter einem Dach pr\u00e4sentiert.\",\"publisher\":{\"@id\":\"https:\\\/\\\/pornmate.com\\\/de\\\/#organization\"},\"potentialAction\":[{\"@type\":\"SearchAction\",\"target\":{\"@type\":\"EntryPoint\",\"urlTemplate\":\"https:\\\/\\\/pornmate.com\\\/de\\\/?s={search_term_string}\"},\"query-input\":{\"@type\":\"PropertyValueSpecification\",\"valueRequired\":true,\"valueName\":\"search_term_string\"}}],\"inLanguage\":\"de\"},{\"@type\":\"Organization\",\"@id\":\"https:\\\/\\\/pornmate.com\\\/de\\\/#organization\",\"name\":\"Besten Pornoseiten - Kostenlose Deutsche Pornos | PornMate.com\",\"url\":\"https:\\\/\\\/pornmate.com\\\/de\\\/\",\"logo\":{\"@type\":\"ImageObject\",\"inLanguage\":\"de\",\"@id\":\"https:\\\/\\\/pornmate.com\\\/de\\\/#\\\/schema\\\/logo\\\/image\\\/\",\"url\":\"https:\\\/\\\/pornmate.com\\\/de\\\/wp-content\\\/uploads\\\/2022\\\/11\\\/pornmate-1.png\",\"contentUrl\":\"https:\\\/\\\/pornmate.com\\\/de\\\/wp-content\\\/uploads\\\/2022\\\/11\\\/pornmate-1.png\",\"width\":203,\"height\":200,\"caption\":\"Besten Pornoseiten - Kostenlose Deutsche Pornos | PornMate.com\"},\"image\":{\"@id\":\"https:\\\/\\\/pornmate.com\\\/de\\\/#\\\/schema\\\/logo\\\/image\\\/\"}}]}<\/script>\n<!-- \/ Yoast SEO plugin. -->","yoast_head_json":{"title":"YesPornPlease.com review and Similer Porn Tube Sites - PORNMATE","description":"Yespornplease brings you the best of two worlds. On the one hand, it is a free tube site that you can go to whenever you want and watch all of its contentYespornPlease.com bietet Ihnen das Beste aus beiden Welten; Eine davon ist eine kostenlose Tube-Site, die Sie besuchen k\u00f6nnen, wann immer Sie m\u00f6chten, und sich alle Inhalte so oft ansehen k\u00f6nnen, wie Sie m\u00f6chten.","robots":{"index":"index","follow":"follow","max-snippet":"max-snippet:-1","max-image-preview":"max-image-preview:large","max-video-preview":"max-video-preview:-1"},"canonical":"https:\/\/pornmate.com\/de\/yespornplease","og_locale":"de_DE","og_type":"article","og_title":"YesPornPlease.com review and Similer Porn Tube Sites - PORNMATE","og_description":"Yespornplease brings you the best of two worlds. On the one hand, it is a free tube site that you can go to whenever you want and watch all of its contentYespornPlease.com bietet Ihnen das Beste aus beiden Welten; Eine davon ist eine kostenlose Tube-Site, die Sie besuchen k\u00f6nnen, wann immer Sie m\u00f6chten, und sich alle Inhalte so oft ansehen k\u00f6nnen, wie Sie m\u00f6chten.","og_url":"https:\/\/pornmate.com\/de\/yespornplease","og_site_name":"Besten Pornoseiten - Kostenlose Deutsche Pornos | PornMate.com","twitter_card":"summary_large_image","twitter_misc":{"Gesch\u00e4tzte Lesezeit":"2\u00a0Minuten"},"schema":{"@context":"https:\/\/schema.org","@graph":[{"@type":"WebPage","@id":"https:\/\/pornmate.com\/de\/yespornplease","url":"https:\/\/pornmate.com\/de\/yespornplease","name":"YesPornPlease.com review and Similer Porn Tube Sites - PORNMATE","isPartOf":{"@id":"https:\/\/pornmate.com\/de\/#website"},"datePublished":"2020-01-09T15:50:39+00:00","description":"Yespornplease brings you the best of two worlds. On the one hand, it is a free tube site that you can go to whenever you want and watch all of its contentYespornPlease.com bietet Ihnen das Beste aus beiden Welten; Eine davon ist eine kostenlose Tube-Site, die Sie besuchen k\u00f6nnen, wann immer Sie m\u00f6chten, und sich alle Inhalte so oft ansehen k\u00f6nnen, wie Sie m\u00f6chten.","breadcrumb":{"@id":"https:\/\/pornmate.com\/de\/yespornplease#breadcrumb"},"inLanguage":"de","potentialAction":[{"@type":"ReadAction","target":["https:\/\/pornmate.com\/de\/yespornplease"]}]},{"@type":"BreadcrumbList","@id":"https:\/\/pornmate.com\/de\/yespornplease#breadcrumb","itemListElement":[{"@type":"ListItem","position":1,"name":"Startseite","item":"https:\/\/pornmate.com\/de"},{"@type":"ListItem","position":2,"name":"YesPornPlease.com"}]},{"@type":"WebSite","@id":"https:\/\/pornmate.com\/de\/#website","url":"https:\/\/pornmate.com\/de\/","name":"Besten Pornoseiten - Kostenlose Deutsche Pornos | PornMate.com","description":"Kostenlose Pornos, ist Ihr Combo-Verzeichnis der besten gratis Pornoseiten, die Sie finden k\u00f6nnen, und das fantastische Seitenbewertungen, Kostenlose Deutsche sex Biografien von Pornostars und ihre xxx Freie Porno videos unter einem Dach pr\u00e4sentiert.","publisher":{"@id":"https:\/\/pornmate.com\/de\/#organization"},"potentialAction":[{"@type":"SearchAction","target":{"@type":"EntryPoint","urlTemplate":"https:\/\/pornmate.com\/de\/?s={search_term_string}"},"query-input":{"@type":"PropertyValueSpecification","valueRequired":true,"valueName":"search_term_string"}}],"inLanguage":"de"},{"@type":"Organization","@id":"https:\/\/pornmate.com\/de\/#organization","name":"Besten Pornoseiten - Kostenlose Deutsche Pornos | PornMate.com","url":"https:\/\/pornmate.com\/de\/","logo":{"@type":"ImageObject","inLanguage":"de","@id":"https:\/\/pornmate.com\/de\/#\/schema\/logo\/image\/","url":"https:\/\/pornmate.com\/de\/wp-content\/uploads\/2022\/11\/pornmate-1.png","contentUrl":"https:\/\/pornmate.com\/de\/wp-content\/uploads\/2022\/11\/pornmate-1.png","width":203,"height":200,"caption":"Besten Pornoseiten - Kostenlose Deutsche Pornos | PornMate.com"},"image":{"@id":"https:\/\/pornmate.com\/de\/#\/schema\/logo\/image\/"}}]}},"_links":{"self":[{"href":"https:\/\/pornmate.com\/de\/wp-json\/wp\/v2\/pages\/6459","targetHints":{"allow":["GET"]}}],"collection":[{"href":"https:\/\/pornmate.com\/de\/wp-json\/wp\/v2\/pages"}],"about":[{"href":"https:\/\/pornmate.com\/de\/wp-json\/wp\/v2\/types\/page"}],"author":[{"embeddable":true,"href":"https:\/\/pornmate.com\/de\/wp-json\/wp\/v2\/users\/1"}],"replies":[{"embeddable":true,"href":"https:\/\/pornmate.com\/de\/wp-json\/wp\/v2\/comments?post=6459"}],"version-history":[{"count":0,"href":"https:\/\/pornmate.com\/de\/wp-json\/wp\/v2\/pages\/6459\/revisions"}],"wp:attachment":[{"href":"https:\/\/pornmate.com\/de\/wp-json\/wp\/v2\/media?parent=6459"}],"curies":[{"name":"wp","href":"https:\/\/api.w.org\/{rel}","templated":true}]}}