{"id":6468,"date":"2020-01-09T16:06:54","date_gmt":"2020-01-09T16:06:54","guid":{"rendered":"https:\/\/pornmate.com\/?page_id=6468"},"modified":"2022-11-23T16:33:52","modified_gmt":"2022-11-23T15:33:52","slug":"sxyprn","status":"publish","type":"page","link":"https:\/\/pornmate.com\/de\/sxyprn","title":{"rendered":"Sxyprn.com"},"content":{"rendered":"<p>Sxyprn repr\u00e4sentiert eine neue Version eines alten Konzepts und kostenlose Porno-Pipe-Sites.<br \/>\nWenn Sie den L\u00e4ufer betreten, wissen Sie, dass etwas nicht identisch ist.<br \/>\nWie bei allen anderen Websites sind noch zahlreiche entscheidende Konzepte vorhanden.<br \/>\nDie Zielseite ist mit zahlreichen atemberaubenden Miniaturansichten gef\u00fcllt, \u00fcber die Sie den Mauszeiger bewegen k\u00f6nnen, um eine pr\u00e4gnante Vorschau ihres Inhalts zu erhalten.<br \/>\nOben befindet sich eine Suchleiste, in der Sie schnell nach etwas Besonderem suchen k\u00f6nnen, unabh\u00e4ngig davon, ob es sich um Inhalte handelt, die auf Tags, Pornostar-Namen oder was auch immer basieren<br \/>\nUnter dieser Bar befindet sich ein weiteres Men\u00fc, das alles zu bieten hat, was es zu erweitern gilt.<br \/>\nSxyprn bietet nicht nur Videos an.<br \/>\nSie haben auch jede Menge Galerien mit befriedigenden Pornos, Live-Cams und Streams, Torrents f\u00fcr farbenfrohe Arten von Pornoinhalten sowie M\u00f6glichkeiten, Ihr Seherlebnis zu systematisieren und zu nutzen. Sie k\u00f6nnen Ihre eigenen Wiedergabelisten und einige Clips erstellen und sie in letzter Zeit ansehen, wissen, was derzeit angesagt ist, oder wissen, was besserer Inhalt in Touren mit Ansichten und Vorlieben ist.<br \/>\nAu\u00dferdem k\u00f6nnen Sie mit Sxyprn.com Teil ihrer Community werden.<br \/>\nDies ist ihr Hauptmerkmal und was sie st\u00fcckweise von anderen Tube-Sites unterscheidet.<br \/>\nJeder kann sich registrieren, eigene Inhalte und mit denen anderer hochladen.<br \/>\nJedes Video hat alle Streifen mit nicht identischen Bewertungen.<br \/>\nDie Hauptkategorien werden mit ihren eigenen Emojis beschrieben, nachdem Sie das Videoband angesehen haben. Sie k\u00f6nnen sich entscheiden, ein Like zu geben, das Video als \u201eOrgasmus\u201c auszuw\u00e4hlen, von ihm die gew\u00fcnschten Emojis zu geben und ungeborene Zuschauer sehen zu lassen, ob ein Video versaut ist. schlampige Blowjobs oder etwas anderes.<br \/>\nAlles in allem eine fesselnde Mischung aus Netzwerkfunktionen, gepaart mit purem, erogenem Spa\u00df f\u00fcr Erwachsene.<\/p>\n","protected":false},"excerpt":{"rendered":"<p>Sxyprn repr\u00e4sentiert eine neue Version eines alten Konzepts und kostenlose Porno-Pipe-Sites. Wenn Sie den L\u00e4ufer betreten, wissen Sie, dass etwas nicht identisch ist. Wie bei allen anderen Websites sind noch zahlreiche entscheidende Konzepte vorhanden. Die Zielseite ist mit zahlreichen atemberaubenden Miniaturansichten gef\u00fcllt, \u00fcber die Sie den Mauszeiger bewegen k\u00f6nnen, um eine pr\u00e4gnante Vorschau ihres Inhalts [&hellip;]<\/p>\n","protected":false},"author":1,"featured_media":0,"parent":0,"menu_order":0,"comment_status":"closed","ping_status":"closed","template":"page-star-stil.php","meta":{"footnotes":""},"class_list":["post-6468","page","type-page","status-publish","hentry"],"yoast_head":"<!-- This site is optimized with the Yoast SEO plugin v27.4 - https:\/\/yoast.com\/product\/yoast-seo-wordpress\/ -->\n<title>Sxyprn.com Sex Videos and Similer Best Porn Sites on PORNMATE.com<\/title>\n<meta name=\"description\" content=\"Sxyprn repr\u00e4sentiert eine neue Version eines alten Konzepts und kostenlose Porno-Pipe-Sites.\" \/>\n<meta name=\"robots\" content=\"index, follow, max-snippet:-1, max-image-preview:large, max-video-preview:-1\" \/>\n<link rel=\"canonical\" href=\"https:\/\/pornmate.com\/de\/sxyprn\" \/>\n<meta property=\"og:locale\" content=\"de_DE\" \/>\n<meta property=\"og:type\" content=\"article\" \/>\n<meta property=\"og:title\" content=\"Sxyprn.com Sex Videos and Similer Best Porn Sites on PORNMATE.com\" \/>\n<meta property=\"og:description\" content=\"Sxyprn repr\u00e4sentiert eine neue Version eines alten Konzepts und kostenlose Porno-Pipe-Sites.\" \/>\n<meta property=\"og:url\" content=\"https:\/\/pornmate.com\/de\/sxyprn\" \/>\n<meta property=\"og:site_name\" content=\"Besten Pornoseiten - Kostenlose Deutsche Pornos | PornMate.com\" \/>\n<meta property=\"article:modified_time\" content=\"2022-11-23T15:33:52+00:00\" \/>\n<meta name=\"twitter:card\" content=\"summary_large_image\" \/>\n<meta name=\"twitter:label1\" content=\"Gesch\u00e4tzte Lesezeit\" \/>\n\t<meta name=\"twitter:data1\" content=\"2\u00a0Minuten\" \/>\n<script type=\"application\/ld+json\" class=\"yoast-schema-graph\">{\"@context\":\"https:\\\/\\\/schema.org\",\"@graph\":[{\"@type\":\"WebPage\",\"@id\":\"https:\\\/\\\/pornmate.com\\\/de\\\/sxyprn\",\"url\":\"https:\\\/\\\/pornmate.com\\\/de\\\/sxyprn\",\"name\":\"Sxyprn.com Sex Videos and Similer Best Porn Sites on PORNMATE.com\",\"isPartOf\":{\"@id\":\"https:\\\/\\\/pornmate.com\\\/de\\\/#website\"},\"datePublished\":\"2020-01-09T16:06:54+00:00\",\"dateModified\":\"2022-11-23T15:33:52+00:00\",\"description\":\"Sxyprn repr\u00e4sentiert eine neue Version eines alten Konzepts und kostenlose Porno-Pipe-Sites.\",\"breadcrumb\":{\"@id\":\"https:\\\/\\\/pornmate.com\\\/de\\\/sxyprn#breadcrumb\"},\"inLanguage\":\"de\",\"potentialAction\":[{\"@type\":\"ReadAction\",\"target\":[\"https:\\\/\\\/pornmate.com\\\/de\\\/sxyprn\"]}]},{\"@type\":\"BreadcrumbList\",\"@id\":\"https:\\\/\\\/pornmate.com\\\/de\\\/sxyprn#breadcrumb\",\"itemListElement\":[{\"@type\":\"ListItem\",\"position\":1,\"name\":\"Startseite\",\"item\":\"https:\\\/\\\/pornmate.com\\\/de\"},{\"@type\":\"ListItem\",\"position\":2,\"name\":\"Sxyprn.com\"}]},{\"@type\":\"WebSite\",\"@id\":\"https:\\\/\\\/pornmate.com\\\/de\\\/#website\",\"url\":\"https:\\\/\\\/pornmate.com\\\/de\\\/\",\"name\":\"Besten Pornoseiten - Kostenlose Deutsche Pornos | PornMate.com\",\"description\":\"Kostenlose Pornos, ist Ihr Combo-Verzeichnis der besten gratis Pornoseiten, die Sie finden k\u00f6nnen, und das fantastische Seitenbewertungen, Kostenlose Deutsche sex Biografien von Pornostars und ihre xxx Freie Porno videos unter einem Dach pr\u00e4sentiert.\",\"publisher\":{\"@id\":\"https:\\\/\\\/pornmate.com\\\/de\\\/#organization\"},\"potentialAction\":[{\"@type\":\"SearchAction\",\"target\":{\"@type\":\"EntryPoint\",\"urlTemplate\":\"https:\\\/\\\/pornmate.com\\\/de\\\/?s={search_term_string}\"},\"query-input\":{\"@type\":\"PropertyValueSpecification\",\"valueRequired\":true,\"valueName\":\"search_term_string\"}}],\"inLanguage\":\"de\"},{\"@type\":\"Organization\",\"@id\":\"https:\\\/\\\/pornmate.com\\\/de\\\/#organization\",\"name\":\"Besten Pornoseiten - Kostenlose Deutsche Pornos | PornMate.com\",\"url\":\"https:\\\/\\\/pornmate.com\\\/de\\\/\",\"logo\":{\"@type\":\"ImageObject\",\"inLanguage\":\"de\",\"@id\":\"https:\\\/\\\/pornmate.com\\\/de\\\/#\\\/schema\\\/logo\\\/image\\\/\",\"url\":\"https:\\\/\\\/pornmate.com\\\/de\\\/wp-content\\\/uploads\\\/2022\\\/11\\\/pornmate-1.png\",\"contentUrl\":\"https:\\\/\\\/pornmate.com\\\/de\\\/wp-content\\\/uploads\\\/2022\\\/11\\\/pornmate-1.png\",\"width\":203,\"height\":200,\"caption\":\"Besten Pornoseiten - Kostenlose Deutsche Pornos | PornMate.com\"},\"image\":{\"@id\":\"https:\\\/\\\/pornmate.com\\\/de\\\/#\\\/schema\\\/logo\\\/image\\\/\"}}]}<\/script>\n<!-- \/ Yoast SEO plugin. -->","yoast_head_json":{"title":"Sxyprn.com Sex Videos and Similer Best Porn Sites on PORNMATE.com","description":"Sxyprn repr\u00e4sentiert eine neue Version eines alten Konzepts und kostenlose Porno-Pipe-Sites.","robots":{"index":"index","follow":"follow","max-snippet":"max-snippet:-1","max-image-preview":"max-image-preview:large","max-video-preview":"max-video-preview:-1"},"canonical":"https:\/\/pornmate.com\/de\/sxyprn","og_locale":"de_DE","og_type":"article","og_title":"Sxyprn.com Sex Videos and Similer Best Porn Sites on PORNMATE.com","og_description":"Sxyprn repr\u00e4sentiert eine neue Version eines alten Konzepts und kostenlose Porno-Pipe-Sites.","og_url":"https:\/\/pornmate.com\/de\/sxyprn","og_site_name":"Besten Pornoseiten - Kostenlose Deutsche Pornos | PornMate.com","article_modified_time":"2022-11-23T15:33:52+00:00","twitter_card":"summary_large_image","twitter_misc":{"Gesch\u00e4tzte Lesezeit":"2\u00a0Minuten"},"schema":{"@context":"https:\/\/schema.org","@graph":[{"@type":"WebPage","@id":"https:\/\/pornmate.com\/de\/sxyprn","url":"https:\/\/pornmate.com\/de\/sxyprn","name":"Sxyprn.com Sex Videos and Similer Best Porn Sites on PORNMATE.com","isPartOf":{"@id":"https:\/\/pornmate.com\/de\/#website"},"datePublished":"2020-01-09T16:06:54+00:00","dateModified":"2022-11-23T15:33:52+00:00","description":"Sxyprn repr\u00e4sentiert eine neue Version eines alten Konzepts und kostenlose Porno-Pipe-Sites.","breadcrumb":{"@id":"https:\/\/pornmate.com\/de\/sxyprn#breadcrumb"},"inLanguage":"de","potentialAction":[{"@type":"ReadAction","target":["https:\/\/pornmate.com\/de\/sxyprn"]}]},{"@type":"BreadcrumbList","@id":"https:\/\/pornmate.com\/de\/sxyprn#breadcrumb","itemListElement":[{"@type":"ListItem","position":1,"name":"Startseite","item":"https:\/\/pornmate.com\/de"},{"@type":"ListItem","position":2,"name":"Sxyprn.com"}]},{"@type":"WebSite","@id":"https:\/\/pornmate.com\/de\/#website","url":"https:\/\/pornmate.com\/de\/","name":"Besten Pornoseiten - Kostenlose Deutsche Pornos | PornMate.com","description":"Kostenlose Pornos, ist Ihr Combo-Verzeichnis der besten gratis Pornoseiten, die Sie finden k\u00f6nnen, und das fantastische Seitenbewertungen, Kostenlose Deutsche sex Biografien von Pornostars und ihre xxx Freie Porno videos unter einem Dach pr\u00e4sentiert.","publisher":{"@id":"https:\/\/pornmate.com\/de\/#organization"},"potentialAction":[{"@type":"SearchAction","target":{"@type":"EntryPoint","urlTemplate":"https:\/\/pornmate.com\/de\/?s={search_term_string}"},"query-input":{"@type":"PropertyValueSpecification","valueRequired":true,"valueName":"search_term_string"}}],"inLanguage":"de"},{"@type":"Organization","@id":"https:\/\/pornmate.com\/de\/#organization","name":"Besten Pornoseiten - Kostenlose Deutsche Pornos | PornMate.com","url":"https:\/\/pornmate.com\/de\/","logo":{"@type":"ImageObject","inLanguage":"de","@id":"https:\/\/pornmate.com\/de\/#\/schema\/logo\/image\/","url":"https:\/\/pornmate.com\/de\/wp-content\/uploads\/2022\/11\/pornmate-1.png","contentUrl":"https:\/\/pornmate.com\/de\/wp-content\/uploads\/2022\/11\/pornmate-1.png","width":203,"height":200,"caption":"Besten Pornoseiten - Kostenlose Deutsche Pornos | PornMate.com"},"image":{"@id":"https:\/\/pornmate.com\/de\/#\/schema\/logo\/image\/"}}]}},"_links":{"self":[{"href":"https:\/\/pornmate.com\/de\/wp-json\/wp\/v2\/pages\/6468","targetHints":{"allow":["GET"]}}],"collection":[{"href":"https:\/\/pornmate.com\/de\/wp-json\/wp\/v2\/pages"}],"about":[{"href":"https:\/\/pornmate.com\/de\/wp-json\/wp\/v2\/types\/page"}],"author":[{"embeddable":true,"href":"https:\/\/pornmate.com\/de\/wp-json\/wp\/v2\/users\/1"}],"replies":[{"embeddable":true,"href":"https:\/\/pornmate.com\/de\/wp-json\/wp\/v2\/comments?post=6468"}],"version-history":[{"count":0,"href":"https:\/\/pornmate.com\/de\/wp-json\/wp\/v2\/pages\/6468\/revisions"}],"wp:attachment":[{"href":"https:\/\/pornmate.com\/de\/wp-json\/wp\/v2\/media?parent=6468"}],"curies":[{"name":"wp","href":"https:\/\/api.w.org\/{rel}","templated":true}]}}