{"id":6470,"date":"2020-01-09T16:14:04","date_gmt":"2020-01-09T16:14:04","guid":{"rendered":"https:\/\/pornmate.com\/?page_id=6470"},"modified":"2022-11-23T13:35:19","modified_gmt":"2022-11-23T12:35:19","slug":"youporn","status":"publish","type":"page","link":"https:\/\/pornmate.com\/de\/youporn","title":{"rendered":"Yourporn"},"content":{"rendered":"<p>Yourporn ist eine der faszinierendsten Pornoseiten im Internet.<br \/>\nEr geh\u00f6rt zu einem riesigen Pornhub-Netzwerk, in dem er Websites wie nat\u00fcrlich Pornhub hat, au\u00dferdem hat er Redtube, Tube8, PornMD und zahlreiche weitere. Das allein sollte Ihnen sagen, dass Sie sowohl die Menge als auch die erreichen k\u00f6nnen<br \/>\nDie Seite allein sieht einfach aus, seidig hat ein erstklassiges Gef\u00fchl. Sie k\u00f6nnen sagen, dass sie Kiffer-Erfahrung im Sinn hatten, Sie erhalten Tonnen von \u00fcberzeugenden Inhalten, sobald Sie ihre Zielseite betreten. Der obere Teil der Zielseite ist f\u00fcr weitergegebene Videos reserviert.<br \/>\nDer Algorithmus w\u00e4hlt viele Clips aus, die f\u00fcr Sie am faszinierendsten sind. Auf den Abschnitt mit den bestandenen Videos folgen Kategorien, die Sie ununterbrochen aus\u00fcben k\u00f6nnen, wenn Sie mehr umrissene Inhalte w\u00fcnschen. Unten gehen Sie einkaufen, weil es Tausende und Abertausende von Videos gibt, die Sie in Ihrer Freizeit kostenlos durchsuchen und genie\u00dfen k\u00f6nnen. Yourporn.com hat jedoch noch viel mehr zu bieten als eine Tube-Site. Diese Pipe-Site ist nicht nur immer ein Verwandter von allen anderen Sites im vorgenannten Netzwerk, sondern bietet auch zahlreiche gro\u00dfartige neue Funktionen. Wie immer bei diesen Seiten k\u00f6nnen Sie eine erstellen und unz\u00e4hlige Optionen freischalten, einschlie\u00dflich des Hochladens Ihres Pornos, aber Sie k\u00f6nnen all dies auch tun, indem Sie sich anmelden, indem Sie einfach einen Code erhalten, den Sie sich merken und wiederverwenden k\u00f6nnen. Neben unz\u00e4hligen kostenlosen Inhalten und st\u00e4ndigen Updates hat dieser Ort auch eine Funktion<br \/>\nTrotzdem, das w\u00e4re es, wenn Sie jemals dar\u00fcber nachgedacht haben, ein Dekorationskonto auf einer Tube-Site zu er\u00f6ffnen. Full-HD-Videos, 4K-Aufl\u00f6sung, VR, DVD und mehr auf youporn.com<\/p>\n","protected":false},"excerpt":{"rendered":"<p>Yourporn ist eine der faszinierendsten Pornoseiten im Internet. Er geh\u00f6rt zu einem riesigen Pornhub-Netzwerk, in dem er Websites wie nat\u00fcrlich Pornhub hat, au\u00dferdem hat er Redtube, Tube8, PornMD und zahlreiche weitere. Das allein sollte Ihnen sagen, dass Sie sowohl die Menge als auch die erreichen k\u00f6nnen Die Seite allein sieht einfach aus, seidig hat ein [&hellip;]<\/p>\n","protected":false},"author":1,"featured_media":0,"parent":0,"menu_order":0,"comment_status":"closed","ping_status":"closed","template":"page-star-stil.php","meta":{"footnotes":""},"class_list":["post-6470","page","type-page","status-publish","hentry"],"yoast_head":"<!-- This site is optimized with the Yoast SEO plugin v27.2 - https:\/\/yoast.com\/product\/yoast-seo-wordpress\/ -->\n<title>Yourporn Sex Videos and Similer Porn Sites | PORNMATE.com<\/title>\n<meta name=\"description\" content=\"Yourporn ist eine der faszinierendsten Pornoseiten im Internet.Er geh\u00f6rt zu einem riesigen Pornhub-Netzwerk, in dem er Websites wie nat\u00fcrlich Pornhub hat, au\u00dferdem hat er Redtube, Tube8, PornMD und zahlreiche weitere.\" \/>\n<meta name=\"robots\" content=\"index, follow, max-snippet:-1, max-image-preview:large, max-video-preview:-1\" \/>\n<link rel=\"canonical\" href=\"https:\/\/pornmate.com\/de\/youporn\" \/>\n<meta property=\"og:locale\" content=\"de_DE\" \/>\n<meta property=\"og:type\" content=\"article\" \/>\n<meta property=\"og:title\" content=\"Yourporn Sex Videos and Similer Porn Sites | PORNMATE.com\" \/>\n<meta property=\"og:description\" content=\"Yourporn ist eine der faszinierendsten Pornoseiten im Internet.Er geh\u00f6rt zu einem riesigen Pornhub-Netzwerk, in dem er Websites wie nat\u00fcrlich Pornhub hat, au\u00dferdem hat er Redtube, Tube8, PornMD und zahlreiche weitere.\" \/>\n<meta property=\"og:url\" content=\"https:\/\/pornmate.com\/de\/youporn\" \/>\n<meta property=\"og:site_name\" content=\"Besten Pornoseiten - Kostenlose Deutsche Pornos | PornMate.com\" \/>\n<meta property=\"article:modified_time\" content=\"2022-11-23T12:35:19+00:00\" \/>\n<meta name=\"twitter:card\" content=\"summary_large_image\" \/>\n<meta name=\"twitter:label1\" content=\"Gesch\u00e4tzte Lesezeit\" \/>\n\t<meta name=\"twitter:data1\" content=\"2\u00a0Minuten\" \/>\n<script type=\"application\/ld+json\" class=\"yoast-schema-graph\">{\"@context\":\"https:\/\/schema.org\",\"@graph\":[{\"@type\":\"WebPage\",\"@id\":\"https:\/\/pornmate.com\/de\/youporn\",\"url\":\"https:\/\/pornmate.com\/de\/youporn\",\"name\":\"Yourporn Sex Videos and Similer Porn Sites | PORNMATE.com\",\"isPartOf\":{\"@id\":\"https:\/\/pornmate.com\/de\/#website\"},\"datePublished\":\"2020-01-09T16:14:04+00:00\",\"dateModified\":\"2022-11-23T12:35:19+00:00\",\"description\":\"Yourporn ist eine der faszinierendsten Pornoseiten im Internet.Er geh\u00f6rt zu einem riesigen Pornhub-Netzwerk, in dem er Websites wie nat\u00fcrlich Pornhub hat, au\u00dferdem hat er Redtube, Tube8, PornMD und zahlreiche weitere.\",\"breadcrumb\":{\"@id\":\"https:\/\/pornmate.com\/de\/youporn#breadcrumb\"},\"inLanguage\":\"de\",\"potentialAction\":[{\"@type\":\"ReadAction\",\"target\":[\"https:\/\/pornmate.com\/de\/youporn\"]}]},{\"@type\":\"BreadcrumbList\",\"@id\":\"https:\/\/pornmate.com\/de\/youporn#breadcrumb\",\"itemListElement\":[{\"@type\":\"ListItem\",\"position\":1,\"name\":\"Startseite\",\"item\":\"https:\/\/pornmate.com\/de\"},{\"@type\":\"ListItem\",\"position\":2,\"name\":\"Yourporn\"}]},{\"@type\":\"WebSite\",\"@id\":\"https:\/\/pornmate.com\/de\/#website\",\"url\":\"https:\/\/pornmate.com\/de\/\",\"name\":\"Besten Pornoseiten - Kostenlose Deutsche Pornos | PornMate.com\",\"description\":\"Kostenlose Pornos, ist Ihr Combo-Verzeichnis der besten gratis Pornoseiten, die Sie finden k\u00f6nnen, und das fantastische Seitenbewertungen, Kostenlose Deutsche sex Biografien von Pornostars und ihre xxx Freie Porno videos unter einem Dach pr\u00e4sentiert.\",\"publisher\":{\"@id\":\"https:\/\/pornmate.com\/de\/#organization\"},\"potentialAction\":[{\"@type\":\"SearchAction\",\"target\":{\"@type\":\"EntryPoint\",\"urlTemplate\":\"https:\/\/pornmate.com\/de\/?s={search_term_string}\"},\"query-input\":{\"@type\":\"PropertyValueSpecification\",\"valueRequired\":true,\"valueName\":\"search_term_string\"}}],\"inLanguage\":\"de\"},{\"@type\":\"Organization\",\"@id\":\"https:\/\/pornmate.com\/de\/#organization\",\"name\":\"Besten Pornoseiten - Kostenlose Deutsche Pornos | PornMate.com\",\"url\":\"https:\/\/pornmate.com\/de\/\",\"logo\":{\"@type\":\"ImageObject\",\"inLanguage\":\"de\",\"@id\":\"https:\/\/pornmate.com\/de\/#\/schema\/logo\/image\/\",\"url\":\"https:\/\/pornmate.com\/de\/wp-content\/uploads\/2022\/11\/pornmate-1.png\",\"contentUrl\":\"https:\/\/pornmate.com\/de\/wp-content\/uploads\/2022\/11\/pornmate-1.png\",\"width\":203,\"height\":200,\"caption\":\"Besten Pornoseiten - Kostenlose Deutsche Pornos | PornMate.com\"},\"image\":{\"@id\":\"https:\/\/pornmate.com\/de\/#\/schema\/logo\/image\/\"}}]}<\/script>\n<!-- \/ Yoast SEO plugin. -->","yoast_head_json":{"title":"Yourporn Sex Videos and Similer Porn Sites | PORNMATE.com","description":"Yourporn ist eine der faszinierendsten Pornoseiten im Internet.Er geh\u00f6rt zu einem riesigen Pornhub-Netzwerk, in dem er Websites wie nat\u00fcrlich Pornhub hat, au\u00dferdem hat er Redtube, Tube8, PornMD und zahlreiche weitere.","robots":{"index":"index","follow":"follow","max-snippet":"max-snippet:-1","max-image-preview":"max-image-preview:large","max-video-preview":"max-video-preview:-1"},"canonical":"https:\/\/pornmate.com\/de\/youporn","og_locale":"de_DE","og_type":"article","og_title":"Yourporn Sex Videos and Similer Porn Sites | PORNMATE.com","og_description":"Yourporn ist eine der faszinierendsten Pornoseiten im Internet.Er geh\u00f6rt zu einem riesigen Pornhub-Netzwerk, in dem er Websites wie nat\u00fcrlich Pornhub hat, au\u00dferdem hat er Redtube, Tube8, PornMD und zahlreiche weitere.","og_url":"https:\/\/pornmate.com\/de\/youporn","og_site_name":"Besten Pornoseiten - Kostenlose Deutsche Pornos | PornMate.com","article_modified_time":"2022-11-23T12:35:19+00:00","twitter_card":"summary_large_image","twitter_misc":{"Gesch\u00e4tzte Lesezeit":"2\u00a0Minuten"},"schema":{"@context":"https:\/\/schema.org","@graph":[{"@type":"WebPage","@id":"https:\/\/pornmate.com\/de\/youporn","url":"https:\/\/pornmate.com\/de\/youporn","name":"Yourporn Sex Videos and Similer Porn Sites | PORNMATE.com","isPartOf":{"@id":"https:\/\/pornmate.com\/de\/#website"},"datePublished":"2020-01-09T16:14:04+00:00","dateModified":"2022-11-23T12:35:19+00:00","description":"Yourporn ist eine der faszinierendsten Pornoseiten im Internet.Er geh\u00f6rt zu einem riesigen Pornhub-Netzwerk, in dem er Websites wie nat\u00fcrlich Pornhub hat, au\u00dferdem hat er Redtube, Tube8, PornMD und zahlreiche weitere.","breadcrumb":{"@id":"https:\/\/pornmate.com\/de\/youporn#breadcrumb"},"inLanguage":"de","potentialAction":[{"@type":"ReadAction","target":["https:\/\/pornmate.com\/de\/youporn"]}]},{"@type":"BreadcrumbList","@id":"https:\/\/pornmate.com\/de\/youporn#breadcrumb","itemListElement":[{"@type":"ListItem","position":1,"name":"Startseite","item":"https:\/\/pornmate.com\/de"},{"@type":"ListItem","position":2,"name":"Yourporn"}]},{"@type":"WebSite","@id":"https:\/\/pornmate.com\/de\/#website","url":"https:\/\/pornmate.com\/de\/","name":"Besten Pornoseiten - Kostenlose Deutsche Pornos | PornMate.com","description":"Kostenlose Pornos, ist Ihr Combo-Verzeichnis der besten gratis Pornoseiten, die Sie finden k\u00f6nnen, und das fantastische Seitenbewertungen, Kostenlose Deutsche sex Biografien von Pornostars und ihre xxx Freie Porno videos unter einem Dach pr\u00e4sentiert.","publisher":{"@id":"https:\/\/pornmate.com\/de\/#organization"},"potentialAction":[{"@type":"SearchAction","target":{"@type":"EntryPoint","urlTemplate":"https:\/\/pornmate.com\/de\/?s={search_term_string}"},"query-input":{"@type":"PropertyValueSpecification","valueRequired":true,"valueName":"search_term_string"}}],"inLanguage":"de"},{"@type":"Organization","@id":"https:\/\/pornmate.com\/de\/#organization","name":"Besten Pornoseiten - Kostenlose Deutsche Pornos | PornMate.com","url":"https:\/\/pornmate.com\/de\/","logo":{"@type":"ImageObject","inLanguage":"de","@id":"https:\/\/pornmate.com\/de\/#\/schema\/logo\/image\/","url":"https:\/\/pornmate.com\/de\/wp-content\/uploads\/2022\/11\/pornmate-1.png","contentUrl":"https:\/\/pornmate.com\/de\/wp-content\/uploads\/2022\/11\/pornmate-1.png","width":203,"height":200,"caption":"Besten Pornoseiten - Kostenlose Deutsche Pornos | PornMate.com"},"image":{"@id":"https:\/\/pornmate.com\/de\/#\/schema\/logo\/image\/"}}]}},"_links":{"self":[{"href":"https:\/\/pornmate.com\/de\/wp-json\/wp\/v2\/pages\/6470","targetHints":{"allow":["GET"]}}],"collection":[{"href":"https:\/\/pornmate.com\/de\/wp-json\/wp\/v2\/pages"}],"about":[{"href":"https:\/\/pornmate.com\/de\/wp-json\/wp\/v2\/types\/page"}],"author":[{"embeddable":true,"href":"https:\/\/pornmate.com\/de\/wp-json\/wp\/v2\/users\/1"}],"replies":[{"embeddable":true,"href":"https:\/\/pornmate.com\/de\/wp-json\/wp\/v2\/comments?post=6470"}],"version-history":[{"count":0,"href":"https:\/\/pornmate.com\/de\/wp-json\/wp\/v2\/pages\/6470\/revisions"}],"wp:attachment":[{"href":"https:\/\/pornmate.com\/de\/wp-json\/wp\/v2\/media?parent=6470"}],"curies":[{"name":"wp","href":"https:\/\/api.w.org\/{rel}","templated":true}]}}