{"id":6495,"date":"2020-01-17T16:26:27","date_gmt":"2020-01-17T16:26:27","guid":{"rendered":"https:\/\/pornmate.com\/?page_id=6495"},"modified":"2020-01-17T16:26:27","modified_gmt":"2020-01-17T16:26:27","slug":"imagefap","status":"publish","type":"page","link":"https:\/\/pornmate.com\/de\/imagefap","title":{"rendered":"imagefap.com"},"content":{"rendered":"\n<p>F\u00fcr Imagefap ist der Name selbsterkl\u00e4rend. Sie machen viele Effekte, aber eine ihrer St\u00e4rken ist es, eine Galerie mit farbenfrohen Porno-Schnappseiten zu haben. Das Website-Projekt sieht etwas veraltet aus, aber es zeigt, dass sie schon lange im Gesch\u00e4ft sind und immer noch stark sind. Sie brauchen keine ausgefallenen Animationen oder teuer aussehenden Zielseiten, weil sie sehen, dass der Inhalt K\u00f6nig ist, und deshalb gehen die Leute zu ihnen. Eine weitere gro\u00dfartige Sache an Imagefap.com ist, dass es ein einfaches, antikes und minimalistisches Design hat, das Presto l\u00e4dt und \u00fcberall funktioniert. Egal, ob Sie einen alten PC, ein billiges Telefon, ein Tablet oder ein beliebiges Ger\u00e4t verwenden, das eine Verbindung zum Internet herstellen kann, Sie werden den Inhalt garantiert vollst\u00e4ndig genie\u00dfen. Au\u00dferdem bedeutet Einfachheit, dass das Projekt stonerzentriert ist. Es gibt einige Anzeigen, aber nicht so viele, dass sie nicht auf die Schnellstra\u00dfe zum Anzeigen der Inhalte gelangen. Alles, was Sie auf Image genie\u00dfen m\u00f6chten, erhalten Sie mit ein oder zwei Klicks. Wie bereits erw\u00e4hnt, geh\u00f6ren Image-Lobbys ihnen<br \/>Sie sind fast unbegrenzt und werden t\u00e4glich aktualisiert, es gibt viele mehr und mehr. Es gibt Tonnen von Pornovideos, die alle auf einigen der Tube-Sites im Internet zu sehen sind. Sie haben auch eine bestimmte und zuf\u00e4llige Option, wenn Sie sich abgestumpft f\u00fchlen. experimentell oder eben sportlich.<br \/>Es ist k\u00f6stlich, es zu versuchen, und Sie k\u00f6nnen es in einem bewirken, indem Sie st\u00e4ndig darauf klicken und das Feintuning einstellen. Als ob das alles nicht genug w\u00e4re, gibt es auch einen Zutatenbereich, der seine Vorteile hat, sie haben einen Blog und sogar einen Tipp.<\/p>\n","protected":false},"excerpt":{"rendered":"<p>F\u00fcr Imagefap ist der Name selbsterkl\u00e4rend. Sie machen viele Effekte, aber eine ihrer St\u00e4rken ist es, eine Galerie mit farbenfrohen Porno-Schnappseiten zu haben. Das Website-Projekt sieht etwas veraltet aus, aber es zeigt, dass sie schon lange im Gesch\u00e4ft sind und immer noch stark sind. Sie brauchen keine ausgefallenen Animationen oder teuer aussehenden Zielseiten, weil sie [&hellip;]<\/p>\n","protected":false},"author":1,"featured_media":0,"parent":0,"menu_order":0,"comment_status":"closed","ping_status":"closed","template":"page-star-stil.php","meta":{"footnotes":""},"class_list":["post-6495","page","type-page","status-publish","hentry"],"yoast_head":"<!-- This site is optimized with the Yoast SEO plugin v27.2 - https:\/\/yoast.com\/product\/yoast-seo-wordpress\/ -->\n<title>Imagefap.com and Similer Porn Picture Sites | PORNMATE.com<\/title>\n<meta name=\"description\" content=\"F\u00fcr Imagefap ist der Name selbsterkl\u00e4rend. Sie machen viele Effekte, aber eine ihrer St\u00e4rken ist es, eine Galerie mit farbenfrohen Porno-Schnappseiten zu haben. Das Website-Projekt sieht etwas veraltet aus, aber es zeigt, dass sie schon lange im Gesch\u00e4ft sind und immer noch stark sind. Sie brauchen keine ausgefallenen Animationen oder teuer aussehenden Zielseiten, weil sie sehen, dass der Inhalt K\u00f6nig ist, und deshalb gehen die Leute zu ihnen.\" \/>\n<meta name=\"robots\" content=\"index, follow, max-snippet:-1, max-image-preview:large, max-video-preview:-1\" \/>\n<link rel=\"canonical\" href=\"https:\/\/pornmate.com\/de\/imagefap\" \/>\n<meta property=\"og:locale\" content=\"de_DE\" \/>\n<meta property=\"og:type\" content=\"article\" \/>\n<meta property=\"og:title\" content=\"Imagefap.com and Similer Porn Picture Sites | PORNMATE.com\" \/>\n<meta property=\"og:description\" content=\"F\u00fcr Imagefap ist der Name selbsterkl\u00e4rend. Sie machen viele Effekte, aber eine ihrer St\u00e4rken ist es, eine Galerie mit farbenfrohen Porno-Schnappseiten zu haben. Das Website-Projekt sieht etwas veraltet aus, aber es zeigt, dass sie schon lange im Gesch\u00e4ft sind und immer noch stark sind. Sie brauchen keine ausgefallenen Animationen oder teuer aussehenden Zielseiten, weil sie sehen, dass der Inhalt K\u00f6nig ist, und deshalb gehen die Leute zu ihnen.\" \/>\n<meta property=\"og:url\" content=\"https:\/\/pornmate.com\/de\/imagefap\" \/>\n<meta property=\"og:site_name\" content=\"Besten Pornoseiten - Kostenlose Deutsche Pornos | PornMate.com\" \/>\n<meta name=\"twitter:card\" content=\"summary_large_image\" \/>\n<meta name=\"twitter:label1\" content=\"Gesch\u00e4tzte Lesezeit\" \/>\n\t<meta name=\"twitter:data1\" content=\"2\u00a0Minuten\" \/>\n<script type=\"application\/ld+json\" class=\"yoast-schema-graph\">{\"@context\":\"https:\/\/schema.org\",\"@graph\":[{\"@type\":\"WebPage\",\"@id\":\"https:\/\/pornmate.com\/de\/imagefap\",\"url\":\"https:\/\/pornmate.com\/de\/imagefap\",\"name\":\"Imagefap.com and Similer Porn Picture Sites | PORNMATE.com\",\"isPartOf\":{\"@id\":\"https:\/\/pornmate.com\/de\/#website\"},\"datePublished\":\"2020-01-17T16:26:27+00:00\",\"description\":\"F\u00fcr Imagefap ist der Name selbsterkl\u00e4rend. Sie machen viele Effekte, aber eine ihrer St\u00e4rken ist es, eine Galerie mit farbenfrohen Porno-Schnappseiten zu haben. Das Website-Projekt sieht etwas veraltet aus, aber es zeigt, dass sie schon lange im Gesch\u00e4ft sind und immer noch stark sind. Sie brauchen keine ausgefallenen Animationen oder teuer aussehenden Zielseiten, weil sie sehen, dass der Inhalt K\u00f6nig ist, und deshalb gehen die Leute zu ihnen.\",\"breadcrumb\":{\"@id\":\"https:\/\/pornmate.com\/de\/imagefap#breadcrumb\"},\"inLanguage\":\"de\",\"potentialAction\":[{\"@type\":\"ReadAction\",\"target\":[\"https:\/\/pornmate.com\/de\/imagefap\"]}]},{\"@type\":\"BreadcrumbList\",\"@id\":\"https:\/\/pornmate.com\/de\/imagefap#breadcrumb\",\"itemListElement\":[{\"@type\":\"ListItem\",\"position\":1,\"name\":\"Startseite\",\"item\":\"https:\/\/pornmate.com\/de\"},{\"@type\":\"ListItem\",\"position\":2,\"name\":\"imagefap.com\"}]},{\"@type\":\"WebSite\",\"@id\":\"https:\/\/pornmate.com\/de\/#website\",\"url\":\"https:\/\/pornmate.com\/de\/\",\"name\":\"Besten Pornoseiten - Kostenlose Deutsche Pornos | PornMate.com\",\"description\":\"Kostenlose Pornos, ist Ihr Combo-Verzeichnis der besten gratis Pornoseiten, die Sie finden k\u00f6nnen, und das fantastische Seitenbewertungen, Kostenlose Deutsche sex Biografien von Pornostars und ihre xxx Freie Porno videos unter einem Dach pr\u00e4sentiert.\",\"publisher\":{\"@id\":\"https:\/\/pornmate.com\/de\/#organization\"},\"potentialAction\":[{\"@type\":\"SearchAction\",\"target\":{\"@type\":\"EntryPoint\",\"urlTemplate\":\"https:\/\/pornmate.com\/de\/?s={search_term_string}\"},\"query-input\":{\"@type\":\"PropertyValueSpecification\",\"valueRequired\":true,\"valueName\":\"search_term_string\"}}],\"inLanguage\":\"de\"},{\"@type\":\"Organization\",\"@id\":\"https:\/\/pornmate.com\/de\/#organization\",\"name\":\"Besten Pornoseiten - Kostenlose Deutsche Pornos | PornMate.com\",\"url\":\"https:\/\/pornmate.com\/de\/\",\"logo\":{\"@type\":\"ImageObject\",\"inLanguage\":\"de\",\"@id\":\"https:\/\/pornmate.com\/de\/#\/schema\/logo\/image\/\",\"url\":\"https:\/\/pornmate.com\/de\/wp-content\/uploads\/2022\/11\/pornmate-1.png\",\"contentUrl\":\"https:\/\/pornmate.com\/de\/wp-content\/uploads\/2022\/11\/pornmate-1.png\",\"width\":203,\"height\":200,\"caption\":\"Besten Pornoseiten - Kostenlose Deutsche Pornos | PornMate.com\"},\"image\":{\"@id\":\"https:\/\/pornmate.com\/de\/#\/schema\/logo\/image\/\"}}]}<\/script>\n<!-- \/ Yoast SEO plugin. -->","yoast_head_json":{"title":"Imagefap.com and Similer Porn Picture Sites | PORNMATE.com","description":"F\u00fcr Imagefap ist der Name selbsterkl\u00e4rend. Sie machen viele Effekte, aber eine ihrer St\u00e4rken ist es, eine Galerie mit farbenfrohen Porno-Schnappseiten zu haben. Das Website-Projekt sieht etwas veraltet aus, aber es zeigt, dass sie schon lange im Gesch\u00e4ft sind und immer noch stark sind. Sie brauchen keine ausgefallenen Animationen oder teuer aussehenden Zielseiten, weil sie sehen, dass der Inhalt K\u00f6nig ist, und deshalb gehen die Leute zu ihnen.","robots":{"index":"index","follow":"follow","max-snippet":"max-snippet:-1","max-image-preview":"max-image-preview:large","max-video-preview":"max-video-preview:-1"},"canonical":"https:\/\/pornmate.com\/de\/imagefap","og_locale":"de_DE","og_type":"article","og_title":"Imagefap.com and Similer Porn Picture Sites | PORNMATE.com","og_description":"F\u00fcr Imagefap ist der Name selbsterkl\u00e4rend. Sie machen viele Effekte, aber eine ihrer St\u00e4rken ist es, eine Galerie mit farbenfrohen Porno-Schnappseiten zu haben. Das Website-Projekt sieht etwas veraltet aus, aber es zeigt, dass sie schon lange im Gesch\u00e4ft sind und immer noch stark sind. Sie brauchen keine ausgefallenen Animationen oder teuer aussehenden Zielseiten, weil sie sehen, dass der Inhalt K\u00f6nig ist, und deshalb gehen die Leute zu ihnen.","og_url":"https:\/\/pornmate.com\/de\/imagefap","og_site_name":"Besten Pornoseiten - Kostenlose Deutsche Pornos | PornMate.com","twitter_card":"summary_large_image","twitter_misc":{"Gesch\u00e4tzte Lesezeit":"2\u00a0Minuten"},"schema":{"@context":"https:\/\/schema.org","@graph":[{"@type":"WebPage","@id":"https:\/\/pornmate.com\/de\/imagefap","url":"https:\/\/pornmate.com\/de\/imagefap","name":"Imagefap.com and Similer Porn Picture Sites | PORNMATE.com","isPartOf":{"@id":"https:\/\/pornmate.com\/de\/#website"},"datePublished":"2020-01-17T16:26:27+00:00","description":"F\u00fcr Imagefap ist der Name selbsterkl\u00e4rend. Sie machen viele Effekte, aber eine ihrer St\u00e4rken ist es, eine Galerie mit farbenfrohen Porno-Schnappseiten zu haben. Das Website-Projekt sieht etwas veraltet aus, aber es zeigt, dass sie schon lange im Gesch\u00e4ft sind und immer noch stark sind. Sie brauchen keine ausgefallenen Animationen oder teuer aussehenden Zielseiten, weil sie sehen, dass der Inhalt K\u00f6nig ist, und deshalb gehen die Leute zu ihnen.","breadcrumb":{"@id":"https:\/\/pornmate.com\/de\/imagefap#breadcrumb"},"inLanguage":"de","potentialAction":[{"@type":"ReadAction","target":["https:\/\/pornmate.com\/de\/imagefap"]}]},{"@type":"BreadcrumbList","@id":"https:\/\/pornmate.com\/de\/imagefap#breadcrumb","itemListElement":[{"@type":"ListItem","position":1,"name":"Startseite","item":"https:\/\/pornmate.com\/de"},{"@type":"ListItem","position":2,"name":"imagefap.com"}]},{"@type":"WebSite","@id":"https:\/\/pornmate.com\/de\/#website","url":"https:\/\/pornmate.com\/de\/","name":"Besten Pornoseiten - Kostenlose Deutsche Pornos | PornMate.com","description":"Kostenlose Pornos, ist Ihr Combo-Verzeichnis der besten gratis Pornoseiten, die Sie finden k\u00f6nnen, und das fantastische Seitenbewertungen, Kostenlose Deutsche sex Biografien von Pornostars und ihre xxx Freie Porno videos unter einem Dach pr\u00e4sentiert.","publisher":{"@id":"https:\/\/pornmate.com\/de\/#organization"},"potentialAction":[{"@type":"SearchAction","target":{"@type":"EntryPoint","urlTemplate":"https:\/\/pornmate.com\/de\/?s={search_term_string}"},"query-input":{"@type":"PropertyValueSpecification","valueRequired":true,"valueName":"search_term_string"}}],"inLanguage":"de"},{"@type":"Organization","@id":"https:\/\/pornmate.com\/de\/#organization","name":"Besten Pornoseiten - Kostenlose Deutsche Pornos | PornMate.com","url":"https:\/\/pornmate.com\/de\/","logo":{"@type":"ImageObject","inLanguage":"de","@id":"https:\/\/pornmate.com\/de\/#\/schema\/logo\/image\/","url":"https:\/\/pornmate.com\/de\/wp-content\/uploads\/2022\/11\/pornmate-1.png","contentUrl":"https:\/\/pornmate.com\/de\/wp-content\/uploads\/2022\/11\/pornmate-1.png","width":203,"height":200,"caption":"Besten Pornoseiten - Kostenlose Deutsche Pornos | PornMate.com"},"image":{"@id":"https:\/\/pornmate.com\/de\/#\/schema\/logo\/image\/"}}]}},"_links":{"self":[{"href":"https:\/\/pornmate.com\/de\/wp-json\/wp\/v2\/pages\/6495","targetHints":{"allow":["GET"]}}],"collection":[{"href":"https:\/\/pornmate.com\/de\/wp-json\/wp\/v2\/pages"}],"about":[{"href":"https:\/\/pornmate.com\/de\/wp-json\/wp\/v2\/types\/page"}],"author":[{"embeddable":true,"href":"https:\/\/pornmate.com\/de\/wp-json\/wp\/v2\/users\/1"}],"replies":[{"embeddable":true,"href":"https:\/\/pornmate.com\/de\/wp-json\/wp\/v2\/comments?post=6495"}],"version-history":[{"count":0,"href":"https:\/\/pornmate.com\/de\/wp-json\/wp\/v2\/pages\/6495\/revisions"}],"wp:attachment":[{"href":"https:\/\/pornmate.com\/de\/wp-json\/wp\/v2\/media?parent=6495"}],"curies":[{"name":"wp","href":"https:\/\/api.w.org\/{rel}","templated":true}]}}