{"id":6509,"date":"2020-01-22T15:23:01","date_gmt":"2020-01-22T15:23:01","guid":{"rendered":"https:\/\/pornmate.com\/?page_id=6509"},"modified":"2022-11-25T16:09:29","modified_gmt":"2022-11-25T15:09:29","slug":"pornbb","status":"publish","type":"page","link":"https:\/\/pornmate.com\/de\/pornbb","title":{"rendered":"Pornbb.org"},"content":{"rendered":"<p>Pornbb.org ist ein exklusives Forum zur Diskussion von Pornos und genau so vermarktet es sich.<br \/>\nDiese faszinierende Seite ist im Wesentlichen ein riesiger Online-Rat f\u00fcr Erwachsene, wo Sie alles entdecken k\u00f6nnen, was Ihr Herz begehrt. Aufgrund der Natur von Foren \u00e4ndert sich der Inhalt st\u00e4ndig und daher, wenn es eine pers\u00f6nliche Sache gibt, f\u00fcr die Sie auf einer ihrer Seiten erscheinen, k\u00f6nnen Sie immer herumfragen oder speziell fragen, und eine gute Seele wird kommen, um zu helfen was du brauchst. So breit es auch geht, weg von Pornbb, das eine gro\u00dfe Vielfalt im richtigen Genre bietet, gibt es frische Hauptabschnitte, die dazu passen. Es gibt einen Fetishbb f\u00fcr all die obskuren popul\u00e4ren Fetische, mit denen Sie wirklich vertraut sind oder von denen Sie noch nie geh\u00f6rt haben. Au\u00dferdem haben sie Hentaibb, das ist wie die urspr\u00fcngliche Seite, die \u00fcber Hentai, Anime, Manga usw. spricht. Es gibt Videos, Bilder, Comedians, 3D-Inhalte und vieles mehr. Und schlie\u00dflich haben wir eine Gaybb-Sektion, die genauso ist wie die anderen, aber auf diese Vorliebe ausgerichtet ist Folglich hat Porn BB, wie Sie wissen, alles. In der Tat ist das Projekt des Rates klar und einfach befriedigend und fesselnd. Die zartrosa Farbe des Hauptabschnitts deutet auf erogene Inhalte hin, die Sie entdecken und inkontinent genie\u00dfen werden. Es gibt zahlreiche Hauptkategorien und jede von ihnen kann Tausende von Seiten enthalten. Einige Posts und Threads sind schon lange her und das ist vorbei, aber es gibt immer etwas Neues und Frisches, egal ob es sich um Fotos, Clips, Videospiele, bekannte Pornos usw. handelt. Und vor allem m\u00fcssen Sie sich nicht anmelden, um auf das Beste zugreifen zu k\u00f6nnen<\/p>\n","protected":false},"excerpt":{"rendered":"<p>Pornbb.org ist ein exklusives Forum zur Diskussion von Pornos und genau so vermarktet es sich. Diese faszinierende Seite ist im Wesentlichen ein riesiger Online-Rat f\u00fcr Erwachsene, wo Sie alles entdecken k\u00f6nnen, was Ihr Herz begehrt. Aufgrund der Natur von Foren \u00e4ndert sich der Inhalt st\u00e4ndig und daher, wenn es eine pers\u00f6nliche Sache gibt, f\u00fcr die [&hellip;]<\/p>\n","protected":false},"author":1,"featured_media":0,"parent":0,"menu_order":0,"comment_status":"closed","ping_status":"closed","template":"page-star-stil.php","meta":{"footnotes":""},"class_list":["post-6509","page","type-page","status-publish","hentry"],"yoast_head":"<!-- This site is optimized with the Yoast SEO plugin v27.4 - https:\/\/yoast.com\/product\/yoast-seo-wordpress\/ -->\n<title>Pornbb.org Porno Foren | PORNMATE.com<\/title>\n<meta name=\"description\" content=\"Pornbb.org ist ein exklusives Foren zur Diskussion von Pornos und genau so vermarktet es sich.Diese faszinierende Seite ist im Wesentlichen ein riesiger Online-Rat f\u00fcr Erwachsene, wo Sie alles entdecken k\u00f6nnen, was Ihr Herz begehrt.\" \/>\n<meta name=\"robots\" content=\"index, follow, max-snippet:-1, max-image-preview:large, max-video-preview:-1\" \/>\n<link rel=\"canonical\" href=\"https:\/\/pornmate.com\/de\/pornbb\" \/>\n<meta property=\"og:locale\" content=\"de_DE\" \/>\n<meta property=\"og:type\" content=\"article\" \/>\n<meta property=\"og:title\" content=\"Pornbb.org Porno Foren | PORNMATE.com\" \/>\n<meta property=\"og:description\" content=\"Pornbb.org ist ein exklusives Foren zur Diskussion von Pornos und genau so vermarktet es sich.Diese faszinierende Seite ist im Wesentlichen ein riesiger Online-Rat f\u00fcr Erwachsene, wo Sie alles entdecken k\u00f6nnen, was Ihr Herz begehrt.\" \/>\n<meta property=\"og:url\" content=\"https:\/\/pornmate.com\/de\/pornbb\" \/>\n<meta property=\"og:site_name\" content=\"Besten Pornoseiten - Kostenlose Deutsche Pornos | PornMate.com\" \/>\n<meta property=\"article:modified_time\" content=\"2022-11-25T15:09:29+00:00\" \/>\n<meta name=\"twitter:card\" content=\"summary_large_image\" \/>\n<meta name=\"twitter:label1\" content=\"Gesch\u00e4tzte Lesezeit\" \/>\n\t<meta name=\"twitter:data1\" content=\"2\u00a0Minuten\" \/>\n<script type=\"application\/ld+json\" class=\"yoast-schema-graph\">{\"@context\":\"https:\\\/\\\/schema.org\",\"@graph\":[{\"@type\":\"WebPage\",\"@id\":\"https:\\\/\\\/pornmate.com\\\/de\\\/pornbb\",\"url\":\"https:\\\/\\\/pornmate.com\\\/de\\\/pornbb\",\"name\":\"Pornbb.org Porno Foren | PORNMATE.com\",\"isPartOf\":{\"@id\":\"https:\\\/\\\/pornmate.com\\\/de\\\/#website\"},\"datePublished\":\"2020-01-22T15:23:01+00:00\",\"dateModified\":\"2022-11-25T15:09:29+00:00\",\"description\":\"Pornbb.org ist ein exklusives Foren zur Diskussion von Pornos und genau so vermarktet es sich.Diese faszinierende Seite ist im Wesentlichen ein riesiger Online-Rat f\u00fcr Erwachsene, wo Sie alles entdecken k\u00f6nnen, was Ihr Herz begehrt.\",\"breadcrumb\":{\"@id\":\"https:\\\/\\\/pornmate.com\\\/de\\\/pornbb#breadcrumb\"},\"inLanguage\":\"de\",\"potentialAction\":[{\"@type\":\"ReadAction\",\"target\":[\"https:\\\/\\\/pornmate.com\\\/de\\\/pornbb\"]}]},{\"@type\":\"BreadcrumbList\",\"@id\":\"https:\\\/\\\/pornmate.com\\\/de\\\/pornbb#breadcrumb\",\"itemListElement\":[{\"@type\":\"ListItem\",\"position\":1,\"name\":\"Startseite\",\"item\":\"https:\\\/\\\/pornmate.com\\\/de\"},{\"@type\":\"ListItem\",\"position\":2,\"name\":\"Pornbb.org\"}]},{\"@type\":\"WebSite\",\"@id\":\"https:\\\/\\\/pornmate.com\\\/de\\\/#website\",\"url\":\"https:\\\/\\\/pornmate.com\\\/de\\\/\",\"name\":\"Besten Pornoseiten - Kostenlose Deutsche Pornos | PornMate.com\",\"description\":\"Kostenlose Pornos, ist Ihr Combo-Verzeichnis der besten gratis Pornoseiten, die Sie finden k\u00f6nnen, und das fantastische Seitenbewertungen, Kostenlose Deutsche sex Biografien von Pornostars und ihre xxx Freie Porno videos unter einem Dach pr\u00e4sentiert.\",\"publisher\":{\"@id\":\"https:\\\/\\\/pornmate.com\\\/de\\\/#organization\"},\"potentialAction\":[{\"@type\":\"SearchAction\",\"target\":{\"@type\":\"EntryPoint\",\"urlTemplate\":\"https:\\\/\\\/pornmate.com\\\/de\\\/?s={search_term_string}\"},\"query-input\":{\"@type\":\"PropertyValueSpecification\",\"valueRequired\":true,\"valueName\":\"search_term_string\"}}],\"inLanguage\":\"de\"},{\"@type\":\"Organization\",\"@id\":\"https:\\\/\\\/pornmate.com\\\/de\\\/#organization\",\"name\":\"Besten Pornoseiten - Kostenlose Deutsche Pornos | PornMate.com\",\"url\":\"https:\\\/\\\/pornmate.com\\\/de\\\/\",\"logo\":{\"@type\":\"ImageObject\",\"inLanguage\":\"de\",\"@id\":\"https:\\\/\\\/pornmate.com\\\/de\\\/#\\\/schema\\\/logo\\\/image\\\/\",\"url\":\"https:\\\/\\\/pornmate.com\\\/de\\\/wp-content\\\/uploads\\\/2022\\\/11\\\/pornmate-1.png\",\"contentUrl\":\"https:\\\/\\\/pornmate.com\\\/de\\\/wp-content\\\/uploads\\\/2022\\\/11\\\/pornmate-1.png\",\"width\":203,\"height\":200,\"caption\":\"Besten Pornoseiten - Kostenlose Deutsche Pornos | PornMate.com\"},\"image\":{\"@id\":\"https:\\\/\\\/pornmate.com\\\/de\\\/#\\\/schema\\\/logo\\\/image\\\/\"}}]}<\/script>\n<!-- \/ Yoast SEO plugin. -->","yoast_head_json":{"title":"Pornbb.org Porno Foren | PORNMATE.com","description":"Pornbb.org ist ein exklusives Foren zur Diskussion von Pornos und genau so vermarktet es sich.Diese faszinierende Seite ist im Wesentlichen ein riesiger Online-Rat f\u00fcr Erwachsene, wo Sie alles entdecken k\u00f6nnen, was Ihr Herz begehrt.","robots":{"index":"index","follow":"follow","max-snippet":"max-snippet:-1","max-image-preview":"max-image-preview:large","max-video-preview":"max-video-preview:-1"},"canonical":"https:\/\/pornmate.com\/de\/pornbb","og_locale":"de_DE","og_type":"article","og_title":"Pornbb.org Porno Foren | PORNMATE.com","og_description":"Pornbb.org ist ein exklusives Foren zur Diskussion von Pornos und genau so vermarktet es sich.Diese faszinierende Seite ist im Wesentlichen ein riesiger Online-Rat f\u00fcr Erwachsene, wo Sie alles entdecken k\u00f6nnen, was Ihr Herz begehrt.","og_url":"https:\/\/pornmate.com\/de\/pornbb","og_site_name":"Besten Pornoseiten - Kostenlose Deutsche Pornos | PornMate.com","article_modified_time":"2022-11-25T15:09:29+00:00","twitter_card":"summary_large_image","twitter_misc":{"Gesch\u00e4tzte Lesezeit":"2\u00a0Minuten"},"schema":{"@context":"https:\/\/schema.org","@graph":[{"@type":"WebPage","@id":"https:\/\/pornmate.com\/de\/pornbb","url":"https:\/\/pornmate.com\/de\/pornbb","name":"Pornbb.org Porno Foren | PORNMATE.com","isPartOf":{"@id":"https:\/\/pornmate.com\/de\/#website"},"datePublished":"2020-01-22T15:23:01+00:00","dateModified":"2022-11-25T15:09:29+00:00","description":"Pornbb.org ist ein exklusives Foren zur Diskussion von Pornos und genau so vermarktet es sich.Diese faszinierende Seite ist im Wesentlichen ein riesiger Online-Rat f\u00fcr Erwachsene, wo Sie alles entdecken k\u00f6nnen, was Ihr Herz begehrt.","breadcrumb":{"@id":"https:\/\/pornmate.com\/de\/pornbb#breadcrumb"},"inLanguage":"de","potentialAction":[{"@type":"ReadAction","target":["https:\/\/pornmate.com\/de\/pornbb"]}]},{"@type":"BreadcrumbList","@id":"https:\/\/pornmate.com\/de\/pornbb#breadcrumb","itemListElement":[{"@type":"ListItem","position":1,"name":"Startseite","item":"https:\/\/pornmate.com\/de"},{"@type":"ListItem","position":2,"name":"Pornbb.org"}]},{"@type":"WebSite","@id":"https:\/\/pornmate.com\/de\/#website","url":"https:\/\/pornmate.com\/de\/","name":"Besten Pornoseiten - Kostenlose Deutsche Pornos | PornMate.com","description":"Kostenlose Pornos, ist Ihr Combo-Verzeichnis der besten gratis Pornoseiten, die Sie finden k\u00f6nnen, und das fantastische Seitenbewertungen, Kostenlose Deutsche sex Biografien von Pornostars und ihre xxx Freie Porno videos unter einem Dach pr\u00e4sentiert.","publisher":{"@id":"https:\/\/pornmate.com\/de\/#organization"},"potentialAction":[{"@type":"SearchAction","target":{"@type":"EntryPoint","urlTemplate":"https:\/\/pornmate.com\/de\/?s={search_term_string}"},"query-input":{"@type":"PropertyValueSpecification","valueRequired":true,"valueName":"search_term_string"}}],"inLanguage":"de"},{"@type":"Organization","@id":"https:\/\/pornmate.com\/de\/#organization","name":"Besten Pornoseiten - Kostenlose Deutsche Pornos | PornMate.com","url":"https:\/\/pornmate.com\/de\/","logo":{"@type":"ImageObject","inLanguage":"de","@id":"https:\/\/pornmate.com\/de\/#\/schema\/logo\/image\/","url":"https:\/\/pornmate.com\/de\/wp-content\/uploads\/2022\/11\/pornmate-1.png","contentUrl":"https:\/\/pornmate.com\/de\/wp-content\/uploads\/2022\/11\/pornmate-1.png","width":203,"height":200,"caption":"Besten Pornoseiten - Kostenlose Deutsche Pornos | PornMate.com"},"image":{"@id":"https:\/\/pornmate.com\/de\/#\/schema\/logo\/image\/"}}]}},"_links":{"self":[{"href":"https:\/\/pornmate.com\/de\/wp-json\/wp\/v2\/pages\/6509","targetHints":{"allow":["GET"]}}],"collection":[{"href":"https:\/\/pornmate.com\/de\/wp-json\/wp\/v2\/pages"}],"about":[{"href":"https:\/\/pornmate.com\/de\/wp-json\/wp\/v2\/types\/page"}],"author":[{"embeddable":true,"href":"https:\/\/pornmate.com\/de\/wp-json\/wp\/v2\/users\/1"}],"replies":[{"embeddable":true,"href":"https:\/\/pornmate.com\/de\/wp-json\/wp\/v2\/comments?post=6509"}],"version-history":[{"count":0,"href":"https:\/\/pornmate.com\/de\/wp-json\/wp\/v2\/pages\/6509\/revisions"}],"wp:attachment":[{"href":"https:\/\/pornmate.com\/de\/wp-json\/wp\/v2\/media?parent=6509"}],"curies":[{"name":"wp","href":"https:\/\/api.w.org\/{rel}","templated":true}]}}