{"id":6516,"date":"2020-01-25T12:23:52","date_gmt":"2020-01-25T12:23:52","guid":{"rendered":"https:\/\/pornmate.com\/?page_id=6516"},"modified":"2022-11-23T14:51:53","modified_gmt":"2022-11-23T13:51:53","slug":"tubegalore","status":"publish","type":"page","link":"https:\/\/pornmate.com\/de\/tubegalore","title":{"rendered":"Tubegalore.com"},"content":{"rendered":"<p>TubeGalore ist eine spezielle Art von Tube-Site.<br \/>\nDiese Position bietet keine eigenen Videos an, sondern verlinkt direkt auf den Clip, der auf einer Seite gehostet wird.<br \/>\nObwohl es verworren erscheinen mag, funktioniert die Seite gut, wie jede andere Tube-Seite, und ist, dass die Menge an Inhalten verr\u00fcckt ist.<br \/>\nGenau wie bei anderen kostenlosen Pipe-Sites ist die Homepage von Tube Galore mit verlockenden Thumbnails gef\u00fcllt, die dazu auffordern, sich darauf zu beziehen.<br \/>\nDer kleine Unterschied besteht jedoch darin, dass diese Miniaturansichten zu den einzelnen Kategorien f\u00fchren, sodass Sie Ihre Suche schnell eingrenzen und erkennen k\u00f6nnen, was Sie m\u00f6chten<br \/>\nDie Anzahl der Bestellungen ist folglich so riesig, dass sie nicht jeweils in Thumbnails passen k\u00f6nnen, sonst w\u00fcrde die Zielseite ewig weitergehen, und aus diesem Grund hat sie eine vollst\u00e4ndige Liste genau daneben, die in breite Nischen \u00e4hnlich wie 18 Jahre alt geht. 4K oder zu extrem speziellen Videos wie Japanese &amp; Black oder Amateurpornos. Mit \u00fcber 40 Millionen Videos ist es keine \u00dcberraschung, dass die Anzahl der Kategorien ebenfalls hoch ist. Sobald Sie das gew\u00fcnschte Genre ausgew\u00e4hlt haben, navigieren Sie zu den Videos, wo Sie sie filtern und mit Hilfe von Colourful Tools systematisieren k\u00f6nnen. Sie k\u00f6nnen die beliebtesten oder verfolgten Clips ausw\u00e4hlen Inhalte k\u00fcrzer, l\u00e4nger, alt oder ersetzend sortieren. Wie immer gibt es oben auch eine umfangreiche Suchleiste, auf die immer zugegriffen werden kann. Und als ob diese 40 Millionen nicht genug w\u00e4ren, ist TubeGalore.com Teil eines Netzwerks mit anderen wie FUQ, iXXX, ForHerTube und mehr. Die Website selbst enth\u00e4lt keine Werbung, aber sobald Sie \u00fcber eine Zusammenfassung kommuniziert haben, sind Sie auf der Tube-Website, auf der das Video gehostet wird, und k\u00f6nnen auf einige von ihnen sto\u00dfen.<\/p>\n","protected":false},"excerpt":{"rendered":"<p>TubeGalore ist eine spezielle Art von Tube-Site. Diese Position bietet keine eigenen Videos an, sondern verlinkt direkt auf den Clip, der auf einer Seite gehostet wird. Obwohl es verworren erscheinen mag, funktioniert die Seite gut, wie jede andere Tube-Seite, und ist, dass die Menge an Inhalten verr\u00fcckt ist. Genau wie bei anderen kostenlosen Pipe-Sites ist [&hellip;]<\/p>\n","protected":false},"author":1,"featured_media":0,"parent":0,"menu_order":0,"comment_status":"closed","ping_status":"closed","template":"page-star-stil.php","meta":{"footnotes":""},"class_list":["post-6516","page","type-page","status-publish","hentry"],"yoast_head":"<!-- This site is optimized with the Yoast SEO plugin v27.4 - https:\/\/yoast.com\/product\/yoast-seo-wordpress\/ -->\n<title>Tubegalore.com and Similer Porn Tube Sites | PORNMATE.com<\/title>\n<meta name=\"description\" content=\"TubeGalore ist eine spezielle Art von Tube-Site.\" \/>\n<meta name=\"robots\" content=\"index, follow, max-snippet:-1, max-image-preview:large, max-video-preview:-1\" \/>\n<link rel=\"canonical\" href=\"https:\/\/pornmate.com\/de\/tubegalore\" \/>\n<meta property=\"og:locale\" content=\"de_DE\" \/>\n<meta property=\"og:type\" content=\"article\" \/>\n<meta property=\"og:title\" content=\"Tubegalore.com and Similer Porn Tube Sites | PORNMATE.com\" \/>\n<meta property=\"og:description\" content=\"TubeGalore ist eine spezielle Art von Tube-Site.\" \/>\n<meta property=\"og:url\" content=\"https:\/\/pornmate.com\/de\/tubegalore\" \/>\n<meta property=\"og:site_name\" content=\"Besten Pornoseiten - Kostenlose Deutsche Pornos | PornMate.com\" \/>\n<meta property=\"article:modified_time\" content=\"2022-11-23T13:51:53+00:00\" \/>\n<meta name=\"twitter:card\" content=\"summary_large_image\" \/>\n<meta name=\"twitter:label1\" content=\"Gesch\u00e4tzte Lesezeit\" \/>\n\t<meta name=\"twitter:data1\" content=\"2\u00a0Minuten\" \/>\n<script type=\"application\/ld+json\" class=\"yoast-schema-graph\">{\"@context\":\"https:\\\/\\\/schema.org\",\"@graph\":[{\"@type\":\"WebPage\",\"@id\":\"https:\\\/\\\/pornmate.com\\\/de\\\/tubegalore\",\"url\":\"https:\\\/\\\/pornmate.com\\\/de\\\/tubegalore\",\"name\":\"Tubegalore.com and Similer Porn Tube Sites | PORNMATE.com\",\"isPartOf\":{\"@id\":\"https:\\\/\\\/pornmate.com\\\/de\\\/#website\"},\"datePublished\":\"2020-01-25T12:23:52+00:00\",\"dateModified\":\"2022-11-23T13:51:53+00:00\",\"description\":\"TubeGalore ist eine spezielle Art von Tube-Site.\",\"breadcrumb\":{\"@id\":\"https:\\\/\\\/pornmate.com\\\/de\\\/tubegalore#breadcrumb\"},\"inLanguage\":\"de\",\"potentialAction\":[{\"@type\":\"ReadAction\",\"target\":[\"https:\\\/\\\/pornmate.com\\\/de\\\/tubegalore\"]}]},{\"@type\":\"BreadcrumbList\",\"@id\":\"https:\\\/\\\/pornmate.com\\\/de\\\/tubegalore#breadcrumb\",\"itemListElement\":[{\"@type\":\"ListItem\",\"position\":1,\"name\":\"Startseite\",\"item\":\"https:\\\/\\\/pornmate.com\\\/de\"},{\"@type\":\"ListItem\",\"position\":2,\"name\":\"Tubegalore.com\"}]},{\"@type\":\"WebSite\",\"@id\":\"https:\\\/\\\/pornmate.com\\\/de\\\/#website\",\"url\":\"https:\\\/\\\/pornmate.com\\\/de\\\/\",\"name\":\"Besten Pornoseiten - Kostenlose Deutsche Pornos | PornMate.com\",\"description\":\"Kostenlose Pornos, ist Ihr Combo-Verzeichnis der besten gratis Pornoseiten, die Sie finden k\u00f6nnen, und das fantastische Seitenbewertungen, Kostenlose Deutsche sex Biografien von Pornostars und ihre xxx Freie Porno videos unter einem Dach pr\u00e4sentiert.\",\"publisher\":{\"@id\":\"https:\\\/\\\/pornmate.com\\\/de\\\/#organization\"},\"potentialAction\":[{\"@type\":\"SearchAction\",\"target\":{\"@type\":\"EntryPoint\",\"urlTemplate\":\"https:\\\/\\\/pornmate.com\\\/de\\\/?s={search_term_string}\"},\"query-input\":{\"@type\":\"PropertyValueSpecification\",\"valueRequired\":true,\"valueName\":\"search_term_string\"}}],\"inLanguage\":\"de\"},{\"@type\":\"Organization\",\"@id\":\"https:\\\/\\\/pornmate.com\\\/de\\\/#organization\",\"name\":\"Besten Pornoseiten - Kostenlose Deutsche Pornos | PornMate.com\",\"url\":\"https:\\\/\\\/pornmate.com\\\/de\\\/\",\"logo\":{\"@type\":\"ImageObject\",\"inLanguage\":\"de\",\"@id\":\"https:\\\/\\\/pornmate.com\\\/de\\\/#\\\/schema\\\/logo\\\/image\\\/\",\"url\":\"https:\\\/\\\/pornmate.com\\\/de\\\/wp-content\\\/uploads\\\/2022\\\/11\\\/pornmate-1.png\",\"contentUrl\":\"https:\\\/\\\/pornmate.com\\\/de\\\/wp-content\\\/uploads\\\/2022\\\/11\\\/pornmate-1.png\",\"width\":203,\"height\":200,\"caption\":\"Besten Pornoseiten - Kostenlose Deutsche Pornos | PornMate.com\"},\"image\":{\"@id\":\"https:\\\/\\\/pornmate.com\\\/de\\\/#\\\/schema\\\/logo\\\/image\\\/\"}}]}<\/script>\n<!-- \/ Yoast SEO plugin. -->","yoast_head_json":{"title":"Tubegalore.com and Similer Porn Tube Sites | PORNMATE.com","description":"TubeGalore ist eine spezielle Art von Tube-Site.","robots":{"index":"index","follow":"follow","max-snippet":"max-snippet:-1","max-image-preview":"max-image-preview:large","max-video-preview":"max-video-preview:-1"},"canonical":"https:\/\/pornmate.com\/de\/tubegalore","og_locale":"de_DE","og_type":"article","og_title":"Tubegalore.com and Similer Porn Tube Sites | PORNMATE.com","og_description":"TubeGalore ist eine spezielle Art von Tube-Site.","og_url":"https:\/\/pornmate.com\/de\/tubegalore","og_site_name":"Besten Pornoseiten - Kostenlose Deutsche Pornos | PornMate.com","article_modified_time":"2022-11-23T13:51:53+00:00","twitter_card":"summary_large_image","twitter_misc":{"Gesch\u00e4tzte Lesezeit":"2\u00a0Minuten"},"schema":{"@context":"https:\/\/schema.org","@graph":[{"@type":"WebPage","@id":"https:\/\/pornmate.com\/de\/tubegalore","url":"https:\/\/pornmate.com\/de\/tubegalore","name":"Tubegalore.com and Similer Porn Tube Sites | PORNMATE.com","isPartOf":{"@id":"https:\/\/pornmate.com\/de\/#website"},"datePublished":"2020-01-25T12:23:52+00:00","dateModified":"2022-11-23T13:51:53+00:00","description":"TubeGalore ist eine spezielle Art von Tube-Site.","breadcrumb":{"@id":"https:\/\/pornmate.com\/de\/tubegalore#breadcrumb"},"inLanguage":"de","potentialAction":[{"@type":"ReadAction","target":["https:\/\/pornmate.com\/de\/tubegalore"]}]},{"@type":"BreadcrumbList","@id":"https:\/\/pornmate.com\/de\/tubegalore#breadcrumb","itemListElement":[{"@type":"ListItem","position":1,"name":"Startseite","item":"https:\/\/pornmate.com\/de"},{"@type":"ListItem","position":2,"name":"Tubegalore.com"}]},{"@type":"WebSite","@id":"https:\/\/pornmate.com\/de\/#website","url":"https:\/\/pornmate.com\/de\/","name":"Besten Pornoseiten - Kostenlose Deutsche Pornos | PornMate.com","description":"Kostenlose Pornos, ist Ihr Combo-Verzeichnis der besten gratis Pornoseiten, die Sie finden k\u00f6nnen, und das fantastische Seitenbewertungen, Kostenlose Deutsche sex Biografien von Pornostars und ihre xxx Freie Porno videos unter einem Dach pr\u00e4sentiert.","publisher":{"@id":"https:\/\/pornmate.com\/de\/#organization"},"potentialAction":[{"@type":"SearchAction","target":{"@type":"EntryPoint","urlTemplate":"https:\/\/pornmate.com\/de\/?s={search_term_string}"},"query-input":{"@type":"PropertyValueSpecification","valueRequired":true,"valueName":"search_term_string"}}],"inLanguage":"de"},{"@type":"Organization","@id":"https:\/\/pornmate.com\/de\/#organization","name":"Besten Pornoseiten - Kostenlose Deutsche Pornos | PornMate.com","url":"https:\/\/pornmate.com\/de\/","logo":{"@type":"ImageObject","inLanguage":"de","@id":"https:\/\/pornmate.com\/de\/#\/schema\/logo\/image\/","url":"https:\/\/pornmate.com\/de\/wp-content\/uploads\/2022\/11\/pornmate-1.png","contentUrl":"https:\/\/pornmate.com\/de\/wp-content\/uploads\/2022\/11\/pornmate-1.png","width":203,"height":200,"caption":"Besten Pornoseiten - Kostenlose Deutsche Pornos | PornMate.com"},"image":{"@id":"https:\/\/pornmate.com\/de\/#\/schema\/logo\/image\/"}}]}},"_links":{"self":[{"href":"https:\/\/pornmate.com\/de\/wp-json\/wp\/v2\/pages\/6516","targetHints":{"allow":["GET"]}}],"collection":[{"href":"https:\/\/pornmate.com\/de\/wp-json\/wp\/v2\/pages"}],"about":[{"href":"https:\/\/pornmate.com\/de\/wp-json\/wp\/v2\/types\/page"}],"author":[{"embeddable":true,"href":"https:\/\/pornmate.com\/de\/wp-json\/wp\/v2\/users\/1"}],"replies":[{"embeddable":true,"href":"https:\/\/pornmate.com\/de\/wp-json\/wp\/v2\/comments?post=6516"}],"version-history":[{"count":0,"href":"https:\/\/pornmate.com\/de\/wp-json\/wp\/v2\/pages\/6516\/revisions"}],"wp:attachment":[{"href":"https:\/\/pornmate.com\/de\/wp-json\/wp\/v2\/media?parent=6516"}],"curies":[{"name":"wp","href":"https:\/\/api.w.org\/{rel}","templated":true}]}}