{"id":6523,"date":"2020-01-25T12:39:00","date_gmt":"2020-01-25T12:39:00","guid":{"rendered":"https:\/\/pornmate.com\/?page_id=6523"},"modified":"2022-11-25T10:18:45","modified_gmt":"2022-11-25T09:18:45","slug":"eroprofile","status":"publish","type":"page","link":"https:\/\/pornmate.com\/de\/eroprofile","title":{"rendered":"Eroprofile.com"},"content":{"rendered":"\r\n<p>Eroprofile bietet Erwachsenen eine Erfahrung in ihrem sozialen Leben. Sie nehmen das Beste aus beiden Welten und vereinen sie in einer. Wenn es viele Einschr\u00e4nkungen und Bedingungen gibt, was Sie tun, teilen und auf jedem beliebten Online-Treffpunkt oder sozialen Netzwerk sehen k\u00f6nnen, ist dies definitiv ein Ort f\u00fcr Erwachsene, und daher ist alles erlaubt. Die Zielseite ist gef\u00fcllt mit sch\u00f6n gro\u00dfen Erdn\u00fcssen in allen Formen und Gr\u00f6\u00dfen, in allen m\u00f6glichen kompromittierenden Positionen. Es gibt geile Omas mit K\u00f6rpern, die viel j\u00fcngere K\u00fcken begehren w\u00fcrden, \u00fcppige Hausfrauen, die ihre Ehem\u00e4nner reiten, versaute Babes, die sich sehr am\u00fcsieren, schwarze gro\u00dfe Schw\u00e4nze, MILFs, Teenager, Voyeure und Exhibitionisten. Nat\u00fcrlich gibt es auf der Homepage von Eroprofile.com mehr als nur eine einfache Pornogalerie. Abgesehen davon, dass sie eine andere Art von sozialem Netzwerk sind, haben sie alles, was eine normale Porno-Tube-Site braucht, um richtig zu funktionieren. Oben auf der Seite befindet sich ein Men\u00fc-Button. Mit dieser Schaltfl\u00e4che gelangen Sie zu den entsprechenden Seiten. Abgesehen von der zuvor erw\u00e4hnten Homepage gibt es unz\u00e4hlige Videos, die Sie durchsuchen und auf verschiedene Arten suchen k\u00f6nnen. Es gibt eine normale Suchleiste und Tags, aber Sie k\u00f6nnen auch direkt zu beliebten oder sogar lustigen Videos springen. Gleiches gilt f\u00fcr ihre Fotogalerie. Es gibt auch einen Gaming-Bereich und sogar einen Live-Cams-Bereich, der Sie zu einer anderen gro\u00dfartigen Cam-Site f\u00fchrt. Nat\u00fcrlich sind dies die H\u00e4lfte der Erfahrungen. Wenn Sie an einem echten Online-Dating interessiert sind, bei dem es direkt zur Sache geht, sollten Sie ein Konto auf dem Ero-Profil er\u00f6ffnen. Premium-Mitglieder sind kostenlos, obwohl sie einige Optionen haben, z. B. zu w\u00e4hlen, was sie wollen, und dem Algorithmus zu helfen, ihnen einen besseren Partner zu bieten. Danach ist es aus, ob Sie chatten, Inhalte austauschen oder sich treffen m\u00f6chten.<\/p>\r\n","protected":false},"excerpt":{"rendered":"<p>Eroprofile bietet Erwachsenen eine Erfahrung in ihrem sozialen Leben. Sie nehmen das Beste aus beiden Welten und vereinen sie in einer. Wenn es viele Einschr\u00e4nkungen und Bedingungen gibt, was Sie tun, teilen und auf jedem beliebten Online-Treffpunkt oder sozialen Netzwerk sehen k\u00f6nnen, ist dies definitiv ein Ort f\u00fcr Erwachsene, und daher ist alles erlaubt. Die [&hellip;]<\/p>\n","protected":false},"author":1,"featured_media":0,"parent":0,"menu_order":0,"comment_status":"closed","ping_status":"closed","template":"page-star-stil.php","meta":{"footnotes":""},"class_list":["post-6523","page","type-page","status-publish","hentry"],"yoast_head":"<!-- This site is optimized with the Yoast SEO plugin v27.2 - https:\/\/yoast.com\/product\/yoast-seo-wordpress\/ -->\n<title>Eroprofile.com and Similer Amateur Porn Sites | PORNMATE.com<\/title>\n<meta name=\"description\" content=\"Eroprofile bietet Erwachsenen eine Erfahrung in ihrem sozialen Leben. Sie nehmen das Beste aus beiden Welten und vereinen sie in einer. Wenn es viele Einschr\u00e4nkungen und Bedingungen gibt, was Sie tun, teilen und auf jedem beliebten Online-Treffpunkt oder sozialen Netzwerk sehen k\u00f6nnen, ist dies definitiv ein Ort f\u00fcr Erwachsene,\" \/>\n<meta name=\"robots\" content=\"index, follow, max-snippet:-1, max-image-preview:large, max-video-preview:-1\" \/>\n<link rel=\"canonical\" href=\"https:\/\/pornmate.com\/de\/eroprofile\" \/>\n<meta property=\"og:locale\" content=\"de_DE\" \/>\n<meta property=\"og:type\" content=\"article\" \/>\n<meta property=\"og:title\" content=\"Eroprofile.com and Similer Amateur Porn Sites | PORNMATE.com\" \/>\n<meta property=\"og:description\" content=\"Eroprofile bietet Erwachsenen eine Erfahrung in ihrem sozialen Leben. Sie nehmen das Beste aus beiden Welten und vereinen sie in einer. Wenn es viele Einschr\u00e4nkungen und Bedingungen gibt, was Sie tun, teilen und auf jedem beliebten Online-Treffpunkt oder sozialen Netzwerk sehen k\u00f6nnen, ist dies definitiv ein Ort f\u00fcr Erwachsene,\" \/>\n<meta property=\"og:url\" content=\"https:\/\/pornmate.com\/de\/eroprofile\" \/>\n<meta property=\"og:site_name\" content=\"Besten Pornoseiten - Kostenlose Deutsche Pornos | PornMate.com\" \/>\n<meta property=\"article:modified_time\" content=\"2022-11-25T09:18:45+00:00\" \/>\n<meta name=\"twitter:card\" content=\"summary_large_image\" \/>\n<meta name=\"twitter:label1\" content=\"Gesch\u00e4tzte Lesezeit\" \/>\n\t<meta name=\"twitter:data1\" content=\"2\u00a0Minuten\" \/>\n<script type=\"application\/ld+json\" class=\"yoast-schema-graph\">{\"@context\":\"https:\/\/schema.org\",\"@graph\":[{\"@type\":\"WebPage\",\"@id\":\"https:\/\/pornmate.com\/de\/eroprofile\",\"url\":\"https:\/\/pornmate.com\/de\/eroprofile\",\"name\":\"Eroprofile.com and Similer Amateur Porn Sites | PORNMATE.com\",\"isPartOf\":{\"@id\":\"https:\/\/pornmate.com\/de\/#website\"},\"datePublished\":\"2020-01-25T12:39:00+00:00\",\"dateModified\":\"2022-11-25T09:18:45+00:00\",\"description\":\"Eroprofile bietet Erwachsenen eine Erfahrung in ihrem sozialen Leben. Sie nehmen das Beste aus beiden Welten und vereinen sie in einer. Wenn es viele Einschr\u00e4nkungen und Bedingungen gibt, was Sie tun, teilen und auf jedem beliebten Online-Treffpunkt oder sozialen Netzwerk sehen k\u00f6nnen, ist dies definitiv ein Ort f\u00fcr Erwachsene,\",\"breadcrumb\":{\"@id\":\"https:\/\/pornmate.com\/de\/eroprofile#breadcrumb\"},\"inLanguage\":\"de\",\"potentialAction\":[{\"@type\":\"ReadAction\",\"target\":[\"https:\/\/pornmate.com\/de\/eroprofile\"]}]},{\"@type\":\"BreadcrumbList\",\"@id\":\"https:\/\/pornmate.com\/de\/eroprofile#breadcrumb\",\"itemListElement\":[{\"@type\":\"ListItem\",\"position\":1,\"name\":\"Startseite\",\"item\":\"https:\/\/pornmate.com\/de\"},{\"@type\":\"ListItem\",\"position\":2,\"name\":\"Eroprofile.com\"}]},{\"@type\":\"WebSite\",\"@id\":\"https:\/\/pornmate.com\/de\/#website\",\"url\":\"https:\/\/pornmate.com\/de\/\",\"name\":\"Besten Pornoseiten - Kostenlose Deutsche Pornos | PornMate.com\",\"description\":\"Kostenlose Pornos, ist Ihr Combo-Verzeichnis der besten gratis Pornoseiten, die Sie finden k\u00f6nnen, und das fantastische Seitenbewertungen, Kostenlose Deutsche sex Biografien von Pornostars und ihre xxx Freie Porno videos unter einem Dach pr\u00e4sentiert.\",\"publisher\":{\"@id\":\"https:\/\/pornmate.com\/de\/#organization\"},\"potentialAction\":[{\"@type\":\"SearchAction\",\"target\":{\"@type\":\"EntryPoint\",\"urlTemplate\":\"https:\/\/pornmate.com\/de\/?s={search_term_string}\"},\"query-input\":{\"@type\":\"PropertyValueSpecification\",\"valueRequired\":true,\"valueName\":\"search_term_string\"}}],\"inLanguage\":\"de\"},{\"@type\":\"Organization\",\"@id\":\"https:\/\/pornmate.com\/de\/#organization\",\"name\":\"Besten Pornoseiten - Kostenlose Deutsche Pornos | PornMate.com\",\"url\":\"https:\/\/pornmate.com\/de\/\",\"logo\":{\"@type\":\"ImageObject\",\"inLanguage\":\"de\",\"@id\":\"https:\/\/pornmate.com\/de\/#\/schema\/logo\/image\/\",\"url\":\"https:\/\/pornmate.com\/de\/wp-content\/uploads\/2022\/11\/pornmate-1.png\",\"contentUrl\":\"https:\/\/pornmate.com\/de\/wp-content\/uploads\/2022\/11\/pornmate-1.png\",\"width\":203,\"height\":200,\"caption\":\"Besten Pornoseiten - Kostenlose Deutsche Pornos | PornMate.com\"},\"image\":{\"@id\":\"https:\/\/pornmate.com\/de\/#\/schema\/logo\/image\/\"}}]}<\/script>\n<!-- \/ Yoast SEO plugin. -->","yoast_head_json":{"title":"Eroprofile.com and Similer Amateur Porn Sites | PORNMATE.com","description":"Eroprofile bietet Erwachsenen eine Erfahrung in ihrem sozialen Leben. Sie nehmen das Beste aus beiden Welten und vereinen sie in einer. Wenn es viele Einschr\u00e4nkungen und Bedingungen gibt, was Sie tun, teilen und auf jedem beliebten Online-Treffpunkt oder sozialen Netzwerk sehen k\u00f6nnen, ist dies definitiv ein Ort f\u00fcr Erwachsene,","robots":{"index":"index","follow":"follow","max-snippet":"max-snippet:-1","max-image-preview":"max-image-preview:large","max-video-preview":"max-video-preview:-1"},"canonical":"https:\/\/pornmate.com\/de\/eroprofile","og_locale":"de_DE","og_type":"article","og_title":"Eroprofile.com and Similer Amateur Porn Sites | PORNMATE.com","og_description":"Eroprofile bietet Erwachsenen eine Erfahrung in ihrem sozialen Leben. Sie nehmen das Beste aus beiden Welten und vereinen sie in einer. Wenn es viele Einschr\u00e4nkungen und Bedingungen gibt, was Sie tun, teilen und auf jedem beliebten Online-Treffpunkt oder sozialen Netzwerk sehen k\u00f6nnen, ist dies definitiv ein Ort f\u00fcr Erwachsene,","og_url":"https:\/\/pornmate.com\/de\/eroprofile","og_site_name":"Besten Pornoseiten - Kostenlose Deutsche Pornos | PornMate.com","article_modified_time":"2022-11-25T09:18:45+00:00","twitter_card":"summary_large_image","twitter_misc":{"Gesch\u00e4tzte Lesezeit":"2\u00a0Minuten"},"schema":{"@context":"https:\/\/schema.org","@graph":[{"@type":"WebPage","@id":"https:\/\/pornmate.com\/de\/eroprofile","url":"https:\/\/pornmate.com\/de\/eroprofile","name":"Eroprofile.com and Similer Amateur Porn Sites | PORNMATE.com","isPartOf":{"@id":"https:\/\/pornmate.com\/de\/#website"},"datePublished":"2020-01-25T12:39:00+00:00","dateModified":"2022-11-25T09:18:45+00:00","description":"Eroprofile bietet Erwachsenen eine Erfahrung in ihrem sozialen Leben. Sie nehmen das Beste aus beiden Welten und vereinen sie in einer. Wenn es viele Einschr\u00e4nkungen und Bedingungen gibt, was Sie tun, teilen und auf jedem beliebten Online-Treffpunkt oder sozialen Netzwerk sehen k\u00f6nnen, ist dies definitiv ein Ort f\u00fcr Erwachsene,","breadcrumb":{"@id":"https:\/\/pornmate.com\/de\/eroprofile#breadcrumb"},"inLanguage":"de","potentialAction":[{"@type":"ReadAction","target":["https:\/\/pornmate.com\/de\/eroprofile"]}]},{"@type":"BreadcrumbList","@id":"https:\/\/pornmate.com\/de\/eroprofile#breadcrumb","itemListElement":[{"@type":"ListItem","position":1,"name":"Startseite","item":"https:\/\/pornmate.com\/de"},{"@type":"ListItem","position":2,"name":"Eroprofile.com"}]},{"@type":"WebSite","@id":"https:\/\/pornmate.com\/de\/#website","url":"https:\/\/pornmate.com\/de\/","name":"Besten Pornoseiten - Kostenlose Deutsche Pornos | PornMate.com","description":"Kostenlose Pornos, ist Ihr Combo-Verzeichnis der besten gratis Pornoseiten, die Sie finden k\u00f6nnen, und das fantastische Seitenbewertungen, Kostenlose Deutsche sex Biografien von Pornostars und ihre xxx Freie Porno videos unter einem Dach pr\u00e4sentiert.","publisher":{"@id":"https:\/\/pornmate.com\/de\/#organization"},"potentialAction":[{"@type":"SearchAction","target":{"@type":"EntryPoint","urlTemplate":"https:\/\/pornmate.com\/de\/?s={search_term_string}"},"query-input":{"@type":"PropertyValueSpecification","valueRequired":true,"valueName":"search_term_string"}}],"inLanguage":"de"},{"@type":"Organization","@id":"https:\/\/pornmate.com\/de\/#organization","name":"Besten Pornoseiten - Kostenlose Deutsche Pornos | PornMate.com","url":"https:\/\/pornmate.com\/de\/","logo":{"@type":"ImageObject","inLanguage":"de","@id":"https:\/\/pornmate.com\/de\/#\/schema\/logo\/image\/","url":"https:\/\/pornmate.com\/de\/wp-content\/uploads\/2022\/11\/pornmate-1.png","contentUrl":"https:\/\/pornmate.com\/de\/wp-content\/uploads\/2022\/11\/pornmate-1.png","width":203,"height":200,"caption":"Besten Pornoseiten - Kostenlose Deutsche Pornos | PornMate.com"},"image":{"@id":"https:\/\/pornmate.com\/de\/#\/schema\/logo\/image\/"}}]}},"_links":{"self":[{"href":"https:\/\/pornmate.com\/de\/wp-json\/wp\/v2\/pages\/6523","targetHints":{"allow":["GET"]}}],"collection":[{"href":"https:\/\/pornmate.com\/de\/wp-json\/wp\/v2\/pages"}],"about":[{"href":"https:\/\/pornmate.com\/de\/wp-json\/wp\/v2\/types\/page"}],"author":[{"embeddable":true,"href":"https:\/\/pornmate.com\/de\/wp-json\/wp\/v2\/users\/1"}],"replies":[{"embeddable":true,"href":"https:\/\/pornmate.com\/de\/wp-json\/wp\/v2\/comments?post=6523"}],"version-history":[{"count":0,"href":"https:\/\/pornmate.com\/de\/wp-json\/wp\/v2\/pages\/6523\/revisions"}],"wp:attachment":[{"href":"https:\/\/pornmate.com\/de\/wp-json\/wp\/v2\/media?parent=6523"}],"curies":[{"name":"wp","href":"https:\/\/api.w.org\/{rel}","templated":true}]}}