{"id":6568,"date":"2020-01-31T15:19:17","date_gmt":"2020-01-31T15:19:17","guid":{"rendered":"https:\/\/pornmate.com\/?page_id=6568"},"modified":"2022-11-25T13:55:07","modified_gmt":"2022-11-25T12:55:07","slug":"celebjihad","status":"publish","type":"page","link":"https:\/\/pornmate.com\/de\/celebjihad","title":{"rendered":"Celebjihad.com"},"content":{"rendered":"\r\n<p>CelebJihad ist eine ausgezeichnete Pornoseite, auf der Sie alle Ihre Bed\u00fcrfnisse nach nackten Prominenten und beliebten Sch\u00f6nheiten erf\u00fcllen k\u00f6nnen, um in jeder Situation auf und ab zu gehen. Promis sind f\u00fcr die meisten Menschen immer etwas Besonderes, egal ob weil sie unglaublich sch\u00f6n und atemberaubend sind oder einfach nur wegen ihrer immensen Popularit\u00e4t, wir wollten diese Schauspielerinnen, S\u00e4ngerinnen, Musikerinnen und Models schon immer nackt und nackt sehen also k\u00f6nnen wir. Menschen haben sich seit Anbeginn der Zeit in Prominente verliebt, und Celeb Jihad ist eine ziemlich gute Seite, um zumindest einige dieser Fantasien zu erf\u00fcllen, die jeder hat. Das Design der Website ist einfach, es wird nur der Inhalt geladen. Die Zielseite \u00fcberrascht Sie sofort mit einer F\u00fclle atemberaubender Miniaturansichten, von denen jede der beliebtesten Girls von heute hei\u00dfer ist als die andere. Emma Watson, Taylor Swift, Rachel Cook und Dakota Fanning sind nur einige der Namen, die Sie definitiv interessieren werden, wenn Sie auf den Link klicken und weitermachen. Viele der Bilder und Videos, die erscheinen, k\u00f6nnen online mit einer umfangreichen Suche gefunden werden, aber warum sich die M\u00fche machen, wenn CelebJihad.com das tut und alles auf einem goldenen Tablett bringt? Au\u00dferdem erhalten Sie hier die beste Qualit\u00e4t und h\u00f6chste Aufl\u00f6sung, w\u00e4hrend Sie diese nackten Promis anderswo in geringerer Qualit\u00e4t finden. Posts hier kommen immer mit einer k\u00fcrzeren oder l\u00e4ngeren Beschreibung, also wenn Sie mehr daran interessiert sind, einen Hintergrund zu kennen, k\u00f6nnen Sie das auch tun. Es ist auch erw\u00e4hnenswert, dass nicht jedes Video vollst\u00e4ndige Nacktheit enth\u00e4lt und deshalb einige Bilder und Videos mit Photoshop bearbeitet wurden. aber sehr Die Menge an echtem Inhalt ist gut genug, und einige Montagen sind so gut, dass sie nicht als F\u00e4lschung erkannt werden k\u00f6nnen, es sei denn, sie werden sorgf\u00e4ltig betrachtet.<\/p>\r\n","protected":false},"excerpt":{"rendered":"<p>CelebJihad ist eine ausgezeichnete Pornoseite, auf der Sie alle Ihre Bed\u00fcrfnisse nach nackten Prominenten und beliebten Sch\u00f6nheiten erf\u00fcllen k\u00f6nnen, um in jeder Situation auf und ab zu gehen. Promis sind f\u00fcr die meisten Menschen immer etwas Besonderes, egal ob weil sie unglaublich sch\u00f6n und atemberaubend sind oder einfach nur wegen ihrer immensen Popularit\u00e4t, wir wollten [&hellip;]<\/p>\n","protected":false},"author":1,"featured_media":0,"parent":0,"menu_order":0,"comment_status":"closed","ping_status":"closed","template":"page-star-stil.php","meta":{"footnotes":""},"class_list":["post-6568","page","type-page","status-publish","hentry"],"yoast_head":"<!-- This site is optimized with the Yoast SEO plugin v27.2 - https:\/\/yoast.com\/product\/yoast-seo-wordpress\/ -->\n<title>Celebjihad.com and Similer Celebrity Porn Sites | PORNMATE.com<\/title>\n<meta name=\"description\" content=\"CelebJihad ist eine ausgezeichnete Pornoseite, auf der Sie alle Ihre Bed\u00fcrfnisse nach nackten Prominenten und beliebten Sch\u00f6nheiten erf\u00fcllen k\u00f6nnen, um in jeder Situation auf und ab zu gehen. Promis sind f\u00fcr die meisten Menschen immer etwas Besonderes, egal ob weil sie unglaublich sch\u00f6n und atemberaubend sind oder einfach nur wegen ihrer immensen Popularit\u00e4t, wir wollten diese Schauspielerinnen, S\u00e4ngerinne,\" \/>\n<meta name=\"robots\" content=\"index, follow, max-snippet:-1, max-image-preview:large, max-video-preview:-1\" \/>\n<link rel=\"canonical\" href=\"https:\/\/pornmate.com\/de\/celebjihad\" \/>\n<meta property=\"og:locale\" content=\"de_DE\" \/>\n<meta property=\"og:type\" content=\"article\" \/>\n<meta property=\"og:title\" content=\"Celebjihad.com and Similer Celebrity Porn Sites | PORNMATE.com\" \/>\n<meta property=\"og:description\" content=\"CelebJihad ist eine ausgezeichnete Pornoseite, auf der Sie alle Ihre Bed\u00fcrfnisse nach nackten Prominenten und beliebten Sch\u00f6nheiten erf\u00fcllen k\u00f6nnen, um in jeder Situation auf und ab zu gehen. Promis sind f\u00fcr die meisten Menschen immer etwas Besonderes, egal ob weil sie unglaublich sch\u00f6n und atemberaubend sind oder einfach nur wegen ihrer immensen Popularit\u00e4t, wir wollten diese Schauspielerinnen, S\u00e4ngerinne,\" \/>\n<meta property=\"og:url\" content=\"https:\/\/pornmate.com\/de\/celebjihad\" \/>\n<meta property=\"og:site_name\" content=\"Besten Pornoseiten - Kostenlose Deutsche Pornos | PornMate.com\" \/>\n<meta property=\"article:modified_time\" content=\"2022-11-25T12:55:07+00:00\" \/>\n<meta name=\"twitter:card\" content=\"summary_large_image\" \/>\n<meta name=\"twitter:label1\" content=\"Gesch\u00e4tzte Lesezeit\" \/>\n\t<meta name=\"twitter:data1\" content=\"2\u00a0Minuten\" \/>\n<script type=\"application\/ld+json\" class=\"yoast-schema-graph\">{\"@context\":\"https:\/\/schema.org\",\"@graph\":[{\"@type\":\"WebPage\",\"@id\":\"https:\/\/pornmate.com\/de\/celebjihad\",\"url\":\"https:\/\/pornmate.com\/de\/celebjihad\",\"name\":\"Celebjihad.com and Similer Celebrity Porn Sites | PORNMATE.com\",\"isPartOf\":{\"@id\":\"https:\/\/pornmate.com\/de\/#website\"},\"datePublished\":\"2020-01-31T15:19:17+00:00\",\"dateModified\":\"2022-11-25T12:55:07+00:00\",\"description\":\"CelebJihad ist eine ausgezeichnete Pornoseite, auf der Sie alle Ihre Bed\u00fcrfnisse nach nackten Prominenten und beliebten Sch\u00f6nheiten erf\u00fcllen k\u00f6nnen, um in jeder Situation auf und ab zu gehen. Promis sind f\u00fcr die meisten Menschen immer etwas Besonderes, egal ob weil sie unglaublich sch\u00f6n und atemberaubend sind oder einfach nur wegen ihrer immensen Popularit\u00e4t, wir wollten diese Schauspielerinnen, S\u00e4ngerinne,\",\"breadcrumb\":{\"@id\":\"https:\/\/pornmate.com\/de\/celebjihad#breadcrumb\"},\"inLanguage\":\"de\",\"potentialAction\":[{\"@type\":\"ReadAction\",\"target\":[\"https:\/\/pornmate.com\/de\/celebjihad\"]}]},{\"@type\":\"BreadcrumbList\",\"@id\":\"https:\/\/pornmate.com\/de\/celebjihad#breadcrumb\",\"itemListElement\":[{\"@type\":\"ListItem\",\"position\":1,\"name\":\"Startseite\",\"item\":\"https:\/\/pornmate.com\/de\"},{\"@type\":\"ListItem\",\"position\":2,\"name\":\"Celebjihad.com\"}]},{\"@type\":\"WebSite\",\"@id\":\"https:\/\/pornmate.com\/de\/#website\",\"url\":\"https:\/\/pornmate.com\/de\/\",\"name\":\"Besten Pornoseiten - Kostenlose Deutsche Pornos | PornMate.com\",\"description\":\"Kostenlose Pornos, ist Ihr Combo-Verzeichnis der besten gratis Pornoseiten, die Sie finden k\u00f6nnen, und das fantastische Seitenbewertungen, Kostenlose Deutsche sex Biografien von Pornostars und ihre xxx Freie Porno videos unter einem Dach pr\u00e4sentiert.\",\"publisher\":{\"@id\":\"https:\/\/pornmate.com\/de\/#organization\"},\"potentialAction\":[{\"@type\":\"SearchAction\",\"target\":{\"@type\":\"EntryPoint\",\"urlTemplate\":\"https:\/\/pornmate.com\/de\/?s={search_term_string}\"},\"query-input\":{\"@type\":\"PropertyValueSpecification\",\"valueRequired\":true,\"valueName\":\"search_term_string\"}}],\"inLanguage\":\"de\"},{\"@type\":\"Organization\",\"@id\":\"https:\/\/pornmate.com\/de\/#organization\",\"name\":\"Besten Pornoseiten - Kostenlose Deutsche Pornos | PornMate.com\",\"url\":\"https:\/\/pornmate.com\/de\/\",\"logo\":{\"@type\":\"ImageObject\",\"inLanguage\":\"de\",\"@id\":\"https:\/\/pornmate.com\/de\/#\/schema\/logo\/image\/\",\"url\":\"https:\/\/pornmate.com\/de\/wp-content\/uploads\/2022\/11\/pornmate-1.png\",\"contentUrl\":\"https:\/\/pornmate.com\/de\/wp-content\/uploads\/2022\/11\/pornmate-1.png\",\"width\":203,\"height\":200,\"caption\":\"Besten Pornoseiten - Kostenlose Deutsche Pornos | PornMate.com\"},\"image\":{\"@id\":\"https:\/\/pornmate.com\/de\/#\/schema\/logo\/image\/\"}}]}<\/script>\n<!-- \/ Yoast SEO plugin. -->","yoast_head_json":{"title":"Celebjihad.com and Similer Celebrity Porn Sites | PORNMATE.com","description":"CelebJihad ist eine ausgezeichnete Pornoseite, auf der Sie alle Ihre Bed\u00fcrfnisse nach nackten Prominenten und beliebten Sch\u00f6nheiten erf\u00fcllen k\u00f6nnen, um in jeder Situation auf und ab zu gehen. Promis sind f\u00fcr die meisten Menschen immer etwas Besonderes, egal ob weil sie unglaublich sch\u00f6n und atemberaubend sind oder einfach nur wegen ihrer immensen Popularit\u00e4t, wir wollten diese Schauspielerinnen, S\u00e4ngerinne,","robots":{"index":"index","follow":"follow","max-snippet":"max-snippet:-1","max-image-preview":"max-image-preview:large","max-video-preview":"max-video-preview:-1"},"canonical":"https:\/\/pornmate.com\/de\/celebjihad","og_locale":"de_DE","og_type":"article","og_title":"Celebjihad.com and Similer Celebrity Porn Sites | PORNMATE.com","og_description":"CelebJihad ist eine ausgezeichnete Pornoseite, auf der Sie alle Ihre Bed\u00fcrfnisse nach nackten Prominenten und beliebten Sch\u00f6nheiten erf\u00fcllen k\u00f6nnen, um in jeder Situation auf und ab zu gehen. Promis sind f\u00fcr die meisten Menschen immer etwas Besonderes, egal ob weil sie unglaublich sch\u00f6n und atemberaubend sind oder einfach nur wegen ihrer immensen Popularit\u00e4t, wir wollten diese Schauspielerinnen, S\u00e4ngerinne,","og_url":"https:\/\/pornmate.com\/de\/celebjihad","og_site_name":"Besten Pornoseiten - Kostenlose Deutsche Pornos | PornMate.com","article_modified_time":"2022-11-25T12:55:07+00:00","twitter_card":"summary_large_image","twitter_misc":{"Gesch\u00e4tzte Lesezeit":"2\u00a0Minuten"},"schema":{"@context":"https:\/\/schema.org","@graph":[{"@type":"WebPage","@id":"https:\/\/pornmate.com\/de\/celebjihad","url":"https:\/\/pornmate.com\/de\/celebjihad","name":"Celebjihad.com and Similer Celebrity Porn Sites | PORNMATE.com","isPartOf":{"@id":"https:\/\/pornmate.com\/de\/#website"},"datePublished":"2020-01-31T15:19:17+00:00","dateModified":"2022-11-25T12:55:07+00:00","description":"CelebJihad ist eine ausgezeichnete Pornoseite, auf der Sie alle Ihre Bed\u00fcrfnisse nach nackten Prominenten und beliebten Sch\u00f6nheiten erf\u00fcllen k\u00f6nnen, um in jeder Situation auf und ab zu gehen. Promis sind f\u00fcr die meisten Menschen immer etwas Besonderes, egal ob weil sie unglaublich sch\u00f6n und atemberaubend sind oder einfach nur wegen ihrer immensen Popularit\u00e4t, wir wollten diese Schauspielerinnen, S\u00e4ngerinne,","breadcrumb":{"@id":"https:\/\/pornmate.com\/de\/celebjihad#breadcrumb"},"inLanguage":"de","potentialAction":[{"@type":"ReadAction","target":["https:\/\/pornmate.com\/de\/celebjihad"]}]},{"@type":"BreadcrumbList","@id":"https:\/\/pornmate.com\/de\/celebjihad#breadcrumb","itemListElement":[{"@type":"ListItem","position":1,"name":"Startseite","item":"https:\/\/pornmate.com\/de"},{"@type":"ListItem","position":2,"name":"Celebjihad.com"}]},{"@type":"WebSite","@id":"https:\/\/pornmate.com\/de\/#website","url":"https:\/\/pornmate.com\/de\/","name":"Besten Pornoseiten - Kostenlose Deutsche Pornos | PornMate.com","description":"Kostenlose Pornos, ist Ihr Combo-Verzeichnis der besten gratis Pornoseiten, die Sie finden k\u00f6nnen, und das fantastische Seitenbewertungen, Kostenlose Deutsche sex Biografien von Pornostars und ihre xxx Freie Porno videos unter einem Dach pr\u00e4sentiert.","publisher":{"@id":"https:\/\/pornmate.com\/de\/#organization"},"potentialAction":[{"@type":"SearchAction","target":{"@type":"EntryPoint","urlTemplate":"https:\/\/pornmate.com\/de\/?s={search_term_string}"},"query-input":{"@type":"PropertyValueSpecification","valueRequired":true,"valueName":"search_term_string"}}],"inLanguage":"de"},{"@type":"Organization","@id":"https:\/\/pornmate.com\/de\/#organization","name":"Besten Pornoseiten - Kostenlose Deutsche Pornos | PornMate.com","url":"https:\/\/pornmate.com\/de\/","logo":{"@type":"ImageObject","inLanguage":"de","@id":"https:\/\/pornmate.com\/de\/#\/schema\/logo\/image\/","url":"https:\/\/pornmate.com\/de\/wp-content\/uploads\/2022\/11\/pornmate-1.png","contentUrl":"https:\/\/pornmate.com\/de\/wp-content\/uploads\/2022\/11\/pornmate-1.png","width":203,"height":200,"caption":"Besten Pornoseiten - Kostenlose Deutsche Pornos | PornMate.com"},"image":{"@id":"https:\/\/pornmate.com\/de\/#\/schema\/logo\/image\/"}}]}},"_links":{"self":[{"href":"https:\/\/pornmate.com\/de\/wp-json\/wp\/v2\/pages\/6568","targetHints":{"allow":["GET"]}}],"collection":[{"href":"https:\/\/pornmate.com\/de\/wp-json\/wp\/v2\/pages"}],"about":[{"href":"https:\/\/pornmate.com\/de\/wp-json\/wp\/v2\/types\/page"}],"author":[{"embeddable":true,"href":"https:\/\/pornmate.com\/de\/wp-json\/wp\/v2\/users\/1"}],"replies":[{"embeddable":true,"href":"https:\/\/pornmate.com\/de\/wp-json\/wp\/v2\/comments?post=6568"}],"version-history":[{"count":0,"href":"https:\/\/pornmate.com\/de\/wp-json\/wp\/v2\/pages\/6568\/revisions"}],"wp:attachment":[{"href":"https:\/\/pornmate.com\/de\/wp-json\/wp\/v2\/media?parent=6568"}],"curies":[{"name":"wp","href":"https:\/\/api.w.org\/{rel}","templated":true}]}}