{"id":6577,"date":"2020-01-31T15:40:07","date_gmt":"2020-01-31T15:40:07","guid":{"rendered":"https:\/\/pornmate.com\/?page_id=6577"},"modified":"2022-11-26T09:52:15","modified_gmt":"2022-11-26T08:52:15","slug":"javlibrary","status":"publish","type":"page","link":"https:\/\/pornmate.com\/de\/javlibrary","title":{"rendered":"Javlibrary.com"},"content":{"rendered":"<p>JavLibrary ist nicht nur eine erstaunliche Pornoseite, sondern auch ein sehr n\u00fctzliches Werkzeug f\u00fcr Liebhaber japanischer Videos f\u00fcr Erwachsene.<br \/>Diese riesige Online-Galerie japanischer Videos und Pornos bietet so viel mehr. Diejenigen, die sich diese Art von Inhalten gerne ansehen, wissen, wie viel es gibt. Egal wie vertraut Sie sind, die Namen von Filmen und Codes, die sie darstellen, k\u00f6nnen mit dem verwirrend werden, oder Sie finden sich m\u00f6glicherweise hilflos, wenn Sie nach einem bestimmten Film suchen und ihn nie finden. JavLib kann Ihnen helfen, alle Probleme zu l\u00f6sen, die Sie hatten, und f\u00fcr den durchschnittlichen Zuschauer bringt es Sie in die unglaublich hei\u00dfe Welt der japanischen Videos f\u00fcr Erwachsene. Jede Ver\u00f6ffentlichung auf dieser Website, mit Ausnahme der Ver\u00f6ffentlichung selbst, stellt eine vollst\u00e4ndige Sammlung von Informationen dar, die sie umgeben. Bevor Sie sich \u00fcberhaupt entscheiden, etwas Bestimmtes anzusehen, k\u00f6nnen Sie ihre Galerien nach zuletzt kommentierten Beitr\u00e4gen sortieren, Sie k\u00f6nnen sich die zuletzt kommentierten Ver\u00f6ffentlichungen, gesuchten Videos, am besten bewerteten, oder Sie k\u00f6nnen die erweiterte Suchoption und einen Videotitel, Pornostar, Regisseur, Hersteller oder Label verwenden. Vielleicht fangen Sie jetzt an zu begreifen, wie viel sie haben Wenn Sie einen Film ausw\u00e4hlen, k\u00f6nnen Sie das Erscheinungsdatum, die Dauer, den Regisseur und viele andere Informationen neben dem Betrachten des DVD-Covers \u00fcberpr\u00fcfen. Nachfolgend finden Sie eine Liste mit Torrent-Links. Jedes Video hat mehrere Links zu ihm und diese alle, sodass Sie sicher sein k\u00f6nnen, dass Sie alles herunterladen k\u00f6nnen, was Sie wollen.<br \/>Abgesehen von all dem k\u00f6nnen Sie als Mitglied von JavLibrary.com n\u00fctzliche Funktionen nutzen, um Ihre Galerien zu organisieren, eine Aufzeichnung dessen, was Sie gesehen haben oder bereits gesehen haben.<\/p>\n","protected":false},"excerpt":{"rendered":"<p>JavLibrary ist nicht nur eine erstaunliche Pornoseite, sondern auch ein sehr n\u00fctzliches Werkzeug f\u00fcr Liebhaber japanischer Videos f\u00fcr Erwachsene.Diese riesige Online-Galerie japanischer Videos und Pornos bietet so viel mehr. Diejenigen, die sich diese Art von Inhalten gerne ansehen, wissen, wie viel es gibt. Egal wie vertraut Sie sind, die Namen von Filmen und Codes, die [&hellip;]<\/p>\n","protected":false},"author":1,"featured_media":0,"parent":0,"menu_order":0,"comment_status":"closed","ping_status":"closed","template":"page-star-stil.php","meta":{"footnotes":""},"class_list":["post-6577","page","type-page","status-publish","hentry"],"yoast_head":"<!-- This site is optimized with the Yoast SEO plugin v27.2 - https:\/\/yoast.com\/product\/yoast-seo-wordpress\/ -->\n<title>Javlibrary.com and Similer Jav Porn Sites | PORNMATE.com<\/title>\n<meta name=\"description\" content=\"JavLibrary ist nicht nur eine erstaunliche Pornoseite, sondern auch ein sehr n\u00fctzliches Werkzeug f\u00fcr Liebhaber japanischer Videos f\u00fcr Erwachsene.Diese riesige Online-Galerie japanischer Videos und Pornos bietet so viel mehr.\" \/>\n<meta name=\"robots\" content=\"index, follow, max-snippet:-1, max-image-preview:large, max-video-preview:-1\" \/>\n<link rel=\"canonical\" href=\"https:\/\/pornmate.com\/de\/javlibrary\" \/>\n<meta property=\"og:locale\" content=\"de_DE\" \/>\n<meta property=\"og:type\" content=\"article\" \/>\n<meta property=\"og:title\" content=\"Javlibrary.com and Similer Jav Porn Sites | PORNMATE.com\" \/>\n<meta property=\"og:description\" content=\"JavLibrary ist nicht nur eine erstaunliche Pornoseite, sondern auch ein sehr n\u00fctzliches Werkzeug f\u00fcr Liebhaber japanischer Videos f\u00fcr Erwachsene.Diese riesige Online-Galerie japanischer Videos und Pornos bietet so viel mehr.\" \/>\n<meta property=\"og:url\" content=\"https:\/\/pornmate.com\/de\/javlibrary\" \/>\n<meta property=\"og:site_name\" content=\"Besten Pornoseiten - Kostenlose Deutsche Pornos | PornMate.com\" \/>\n<meta property=\"article:modified_time\" content=\"2022-11-26T08:52:15+00:00\" \/>\n<meta name=\"twitter:card\" content=\"summary_large_image\" \/>\n<meta name=\"twitter:label1\" content=\"Gesch\u00e4tzte Lesezeit\" \/>\n\t<meta name=\"twitter:data1\" content=\"2\u00a0Minuten\" \/>\n<script type=\"application\/ld+json\" class=\"yoast-schema-graph\">{\"@context\":\"https:\/\/schema.org\",\"@graph\":[{\"@type\":\"WebPage\",\"@id\":\"https:\/\/pornmate.com\/de\/javlibrary\",\"url\":\"https:\/\/pornmate.com\/de\/javlibrary\",\"name\":\"Javlibrary.com and Similer Jav Porn Sites | PORNMATE.com\",\"isPartOf\":{\"@id\":\"https:\/\/pornmate.com\/de\/#website\"},\"datePublished\":\"2020-01-31T15:40:07+00:00\",\"dateModified\":\"2022-11-26T08:52:15+00:00\",\"description\":\"JavLibrary ist nicht nur eine erstaunliche Pornoseite, sondern auch ein sehr n\u00fctzliches Werkzeug f\u00fcr Liebhaber japanischer Videos f\u00fcr Erwachsene.Diese riesige Online-Galerie japanischer Videos und Pornos bietet so viel mehr.\",\"breadcrumb\":{\"@id\":\"https:\/\/pornmate.com\/de\/javlibrary#breadcrumb\"},\"inLanguage\":\"de\",\"potentialAction\":[{\"@type\":\"ReadAction\",\"target\":[\"https:\/\/pornmate.com\/de\/javlibrary\"]}]},{\"@type\":\"BreadcrumbList\",\"@id\":\"https:\/\/pornmate.com\/de\/javlibrary#breadcrumb\",\"itemListElement\":[{\"@type\":\"ListItem\",\"position\":1,\"name\":\"Startseite\",\"item\":\"https:\/\/pornmate.com\/de\"},{\"@type\":\"ListItem\",\"position\":2,\"name\":\"Javlibrary.com\"}]},{\"@type\":\"WebSite\",\"@id\":\"https:\/\/pornmate.com\/de\/#website\",\"url\":\"https:\/\/pornmate.com\/de\/\",\"name\":\"Besten Pornoseiten - Kostenlose Deutsche Pornos | PornMate.com\",\"description\":\"Kostenlose Pornos, ist Ihr Combo-Verzeichnis der besten gratis Pornoseiten, die Sie finden k\u00f6nnen, und das fantastische Seitenbewertungen, Kostenlose Deutsche sex Biografien von Pornostars und ihre xxx Freie Porno videos unter einem Dach pr\u00e4sentiert.\",\"publisher\":{\"@id\":\"https:\/\/pornmate.com\/de\/#organization\"},\"potentialAction\":[{\"@type\":\"SearchAction\",\"target\":{\"@type\":\"EntryPoint\",\"urlTemplate\":\"https:\/\/pornmate.com\/de\/?s={search_term_string}\"},\"query-input\":{\"@type\":\"PropertyValueSpecification\",\"valueRequired\":true,\"valueName\":\"search_term_string\"}}],\"inLanguage\":\"de\"},{\"@type\":\"Organization\",\"@id\":\"https:\/\/pornmate.com\/de\/#organization\",\"name\":\"Besten Pornoseiten - Kostenlose Deutsche Pornos | PornMate.com\",\"url\":\"https:\/\/pornmate.com\/de\/\",\"logo\":{\"@type\":\"ImageObject\",\"inLanguage\":\"de\",\"@id\":\"https:\/\/pornmate.com\/de\/#\/schema\/logo\/image\/\",\"url\":\"https:\/\/pornmate.com\/de\/wp-content\/uploads\/2022\/11\/pornmate-1.png\",\"contentUrl\":\"https:\/\/pornmate.com\/de\/wp-content\/uploads\/2022\/11\/pornmate-1.png\",\"width\":203,\"height\":200,\"caption\":\"Besten Pornoseiten - Kostenlose Deutsche Pornos | PornMate.com\"},\"image\":{\"@id\":\"https:\/\/pornmate.com\/de\/#\/schema\/logo\/image\/\"}}]}<\/script>\n<!-- \/ Yoast SEO plugin. -->","yoast_head_json":{"title":"Javlibrary.com and Similer Jav Porn Sites | PORNMATE.com","description":"JavLibrary ist nicht nur eine erstaunliche Pornoseite, sondern auch ein sehr n\u00fctzliches Werkzeug f\u00fcr Liebhaber japanischer Videos f\u00fcr Erwachsene.Diese riesige Online-Galerie japanischer Videos und Pornos bietet so viel mehr.","robots":{"index":"index","follow":"follow","max-snippet":"max-snippet:-1","max-image-preview":"max-image-preview:large","max-video-preview":"max-video-preview:-1"},"canonical":"https:\/\/pornmate.com\/de\/javlibrary","og_locale":"de_DE","og_type":"article","og_title":"Javlibrary.com and Similer Jav Porn Sites | PORNMATE.com","og_description":"JavLibrary ist nicht nur eine erstaunliche Pornoseite, sondern auch ein sehr n\u00fctzliches Werkzeug f\u00fcr Liebhaber japanischer Videos f\u00fcr Erwachsene.Diese riesige Online-Galerie japanischer Videos und Pornos bietet so viel mehr.","og_url":"https:\/\/pornmate.com\/de\/javlibrary","og_site_name":"Besten Pornoseiten - Kostenlose Deutsche Pornos | PornMate.com","article_modified_time":"2022-11-26T08:52:15+00:00","twitter_card":"summary_large_image","twitter_misc":{"Gesch\u00e4tzte Lesezeit":"2\u00a0Minuten"},"schema":{"@context":"https:\/\/schema.org","@graph":[{"@type":"WebPage","@id":"https:\/\/pornmate.com\/de\/javlibrary","url":"https:\/\/pornmate.com\/de\/javlibrary","name":"Javlibrary.com and Similer Jav Porn Sites | PORNMATE.com","isPartOf":{"@id":"https:\/\/pornmate.com\/de\/#website"},"datePublished":"2020-01-31T15:40:07+00:00","dateModified":"2022-11-26T08:52:15+00:00","description":"JavLibrary ist nicht nur eine erstaunliche Pornoseite, sondern auch ein sehr n\u00fctzliches Werkzeug f\u00fcr Liebhaber japanischer Videos f\u00fcr Erwachsene.Diese riesige Online-Galerie japanischer Videos und Pornos bietet so viel mehr.","breadcrumb":{"@id":"https:\/\/pornmate.com\/de\/javlibrary#breadcrumb"},"inLanguage":"de","potentialAction":[{"@type":"ReadAction","target":["https:\/\/pornmate.com\/de\/javlibrary"]}]},{"@type":"BreadcrumbList","@id":"https:\/\/pornmate.com\/de\/javlibrary#breadcrumb","itemListElement":[{"@type":"ListItem","position":1,"name":"Startseite","item":"https:\/\/pornmate.com\/de"},{"@type":"ListItem","position":2,"name":"Javlibrary.com"}]},{"@type":"WebSite","@id":"https:\/\/pornmate.com\/de\/#website","url":"https:\/\/pornmate.com\/de\/","name":"Besten Pornoseiten - Kostenlose Deutsche Pornos | PornMate.com","description":"Kostenlose Pornos, ist Ihr Combo-Verzeichnis der besten gratis Pornoseiten, die Sie finden k\u00f6nnen, und das fantastische Seitenbewertungen, Kostenlose Deutsche sex Biografien von Pornostars und ihre xxx Freie Porno videos unter einem Dach pr\u00e4sentiert.","publisher":{"@id":"https:\/\/pornmate.com\/de\/#organization"},"potentialAction":[{"@type":"SearchAction","target":{"@type":"EntryPoint","urlTemplate":"https:\/\/pornmate.com\/de\/?s={search_term_string}"},"query-input":{"@type":"PropertyValueSpecification","valueRequired":true,"valueName":"search_term_string"}}],"inLanguage":"de"},{"@type":"Organization","@id":"https:\/\/pornmate.com\/de\/#organization","name":"Besten Pornoseiten - Kostenlose Deutsche Pornos | PornMate.com","url":"https:\/\/pornmate.com\/de\/","logo":{"@type":"ImageObject","inLanguage":"de","@id":"https:\/\/pornmate.com\/de\/#\/schema\/logo\/image\/","url":"https:\/\/pornmate.com\/de\/wp-content\/uploads\/2022\/11\/pornmate-1.png","contentUrl":"https:\/\/pornmate.com\/de\/wp-content\/uploads\/2022\/11\/pornmate-1.png","width":203,"height":200,"caption":"Besten Pornoseiten - Kostenlose Deutsche Pornos | PornMate.com"},"image":{"@id":"https:\/\/pornmate.com\/de\/#\/schema\/logo\/image\/"}}]}},"_links":{"self":[{"href":"https:\/\/pornmate.com\/de\/wp-json\/wp\/v2\/pages\/6577","targetHints":{"allow":["GET"]}}],"collection":[{"href":"https:\/\/pornmate.com\/de\/wp-json\/wp\/v2\/pages"}],"about":[{"href":"https:\/\/pornmate.com\/de\/wp-json\/wp\/v2\/types\/page"}],"author":[{"embeddable":true,"href":"https:\/\/pornmate.com\/de\/wp-json\/wp\/v2\/users\/1"}],"replies":[{"embeddable":true,"href":"https:\/\/pornmate.com\/de\/wp-json\/wp\/v2\/comments?post=6577"}],"version-history":[{"count":0,"href":"https:\/\/pornmate.com\/de\/wp-json\/wp\/v2\/pages\/6577\/revisions"}],"wp:attachment":[{"href":"https:\/\/pornmate.com\/de\/wp-json\/wp\/v2\/media?parent=6577"}],"curies":[{"name":"wp","href":"https:\/\/api.w.org\/{rel}","templated":true}]}}